{"id":9813,"date":"2022-08-08T11:50:10","date_gmt":"2022-08-08T11:50:10","guid":{"rendered":"https:\/\/visittossa.com\/?page_id=9813"},"modified":"2024-06-11T10:40:57","modified_gmt":"2024-06-11T10:40:57","slug":"ou-acheter","status":"publish","type":"page","link":"https:\/\/visittossa.com\/fr\/ou-acheter\/","title":{"rendered":"O\u00f9 acheter"},"content":{"rendered":"<section class=\"l-section wpb_row height_large innerHd with_img\" id=\"hdMd\"><div class=\"l-section-img\" style=\"background-image: url(https:\/\/visittossa.com\/wp-content\/uploads\/2021\/12\/Estiu-proposem.jpg);background-repeat: no-repeat;\" data-img-width=\"1398\" data-img-height=\"600\"><\/div><div class=\"l-section-h i-cf\"><div class=\"g-cols vc_row type_default valign_top\"><div class=\"vc_col-sm-12 wpb_column vc_column_container\"><div class=\"vc_column-inner\"><div class=\"wpb_wrapper\"><\/div><\/div><\/div><\/div><\/div><\/section><!-- Row Backgrounds --><section class=\"l-section wpb_row height_medium\" id=\"introTxt\"><div class=\"l-section-h i-cf\"><div class=\"g-cols vc_row type_default valign_top\"><div class=\"vc_col-sm-12 wpb_column vc_column_container\"><div class=\"vc_column-inner\"><div class=\"wpb_wrapper\"><div class=\"wpb_text_column ttlMd\" ><div class=\"wpb_wrapper\"><h2 style=\"text-align: center;\">O\u00f9 acheter \u00e0 Tossa de Mar<\/h2>\n<\/div><\/div><div class=\"wpb_text_column txtMd\" ><div class=\"wpb_wrapper\"><p style=\"text-align: center;\">La zone commerciale principale de Tossa commence aux avenues Ferr\u00e1n Agull\u00f3 et Costa Brava et continue par les rues Pou de la Vila, Socors, Portal et La Gu\u00e0rdia, situ\u00e9es presque toutes dans la zone pour pi\u00e9tons du centre ville.<\/p>\n<p style=\"text-align: center;\">Les commer\u00e7ants vous invitent \u00e0 faire la promenade par les rues de la ville et entrer dans ses boutiques o\u00f9 vous trouverez de bons produits et des personnes pour vous aider.<\/p>\n<p style=\"text-align: center;\"><a href=\"https:\/\/www.ubtossa.com\/fr\/index\" target=\"_blank\" rel=\"noopener\">D\u00e9couvrez l&#8217;offre commerciale de Tossa.<\/a><\/p>\n<p style=\"text-align: center;\"><a href=\"https:\/\/visittossa.com\/fr\/comercos-tossa\/\" target=\"_blank\" rel=\"noopener\">Autres commerces locaux.<\/a><\/p>\n<\/div><\/div><\/div><\/div><\/div><\/div><\/div><\/section>\n","protected":false},"excerpt":{"rendered":"O\u00f9 acheter \u00e0 Tossa de Mar La zone commerciale principale de Tossa commence aux avenues Ferr\u00e1n Agull\u00f3 et Costa Brava et continue par les rues Pou de la Vila, Socors, Portal et La Gu\u00e0rdia, situ\u00e9es presque toutes dans la zone pour pi\u00e9tons du centre ville. Les commer\u00e7ants vous invitent \u00e0 faire la promenade par les...","protected":false},"author":4,"featured_media":0,"parent":0,"menu_order":0,"comment_status":"closed","ping_status":"closed","template":"","meta":{"_monsterinsights_skip_tracking":false,"_monsterinsights_sitenote_active":false,"_monsterinsights_sitenote_note":"","_monsterinsights_sitenote_category":0,"footnotes":""},"class_list":["post-9813","page","type-page","status-publish","hentry"],"_links":{"self":[{"href":"https:\/\/visittossa.com\/fr\/wp-json\/wp\/v2\/pages\/9813","targetHints":{"allow":["GET"]}}],"collection":[{"href":"https:\/\/visittossa.com\/fr\/wp-json\/wp\/v2\/pages"}],"about":[{"href":"https:\/\/visittossa.com\/fr\/wp-json\/wp\/v2\/types\/page"}],"author":[{"embeddable":true,"href":"https:\/\/visittossa.com\/fr\/wp-json\/wp\/v2\/users\/4"}],"replies":[{"embeddable":true,"href":"https:\/\/visittossa.com\/fr\/wp-json\/wp\/v2\/comments?post=9813"}],"version-history":[{"count":7,"href":"https:\/\/visittossa.com\/fr\/wp-json\/wp\/v2\/pages\/9813\/revisions"}],"predecessor-version":[{"id":14583,"href":"https:\/\/visittossa.com\/fr\/wp-json\/wp\/v2\/pages\/9813\/revisions\/14583"}],"wp:attachment":[{"href":"https:\/\/visittossa.com\/fr\/wp-json\/wp\/v2\/media?parent=9813"}],"curies":[{"name":"wp","href":"https:\/\/api.w.org\/{rel}","templated":true}]}}