{"id":5645,"date":"2022-01-20T11:27:40","date_gmt":"2022-01-20T11:27:40","guid":{"rendered":"https:\/\/visittossa.com\/una-finestra-a-tossa\/"},"modified":"2023-05-25T11:57:20","modified_gmt":"2023-05-25T11:57:20","slug":"une-fenetre-a-tossa","status":"publish","type":"page","link":"https:\/\/visittossa.com\/fr\/une-fenetre-a-tossa\/","title":{"rendered":"Une fen\u00eatre \u00e0 Tossa"},"content":{"rendered":"<section class=\"l-section wpb_row us_custom_d67e6117 height_large width_full tossaHd\" id=\"hdMd\"><div class=\"l-section-h i-cf\"><div class=\"g-cols vc_row type_default valign_middle\"><div class=\"vc_col-sm-12 wpb_column vc_column_container\"><div class=\"vc_column-inner\"><div class=\"wpb_wrapper\"><\/div><\/div><\/div><\/div><\/div><\/section><section class=\"l-section wpb_row height_medium\" id=\"introTxt\"><div class=\"l-section-h i-cf\"><div class=\"g-cols vc_row type_default valign_top\"><div class=\"vc_col-sm-12 wpb_column vc_column_container\"><div class=\"vc_column-inner\"><div class=\"wpb_wrapper\"><div class=\"wpb_text_column ttlMd\" ><div class=\"wpb_wrapper\"><h2 style=\"text-align: center;\">Une fen\u00eatre virtuelle \u00e0 Tossa<\/h2>\n<\/div><\/div><div class=\"w-separator size_small\"><\/div><\/div><\/div><\/div><\/div><\/div><\/section><section class=\"l-section wpb_row height_medium new2021\" id=\"bnrMd\"><div class=\"l-section-h i-cf\"><div class=\"g-cols vc_row type_default valign_top\"><div class=\"vc_col-sm-12 wpb_column vc_column_container\"><div class=\"vc_column-inner\"><div class=\"wpb_wrapper\"><div class=\"g-cols wpb_row  type_default valign_top vc_inner\"><div class=\"vc_col-sm-4 wpb_column vc_column_container\"><div class=\"vc_column-inner\"><div class=\"wpb_wrapper\"><div class=\"w-ibanner animation_melete ratio_3x4 easing_ease\"><div class=\"w-ibanner-h\"><div class=\"w-ibanner-image\" style=\"background-image: url(https:\/\/visittossa.com\/wp-content\/uploads\/2022\/01\/TourVirtual.jpg)\"><\/div><div class=\"w-ibanner-content\"><div class=\"w-ibanner-content-h\"><h5 class=\"w-ibanner-title\">Tour virtuel<\/h5><div class=\"w-ibanner-desc\"><\/div><\/div><\/div><\/div><a title=\"Visita virtuel\" target=\"_blank\" href=\"http:\/\/airmedia.cat\/Tourtossa\/index.html\" rel=\"noopener\" aria-label=\"Tour virtuel\"><\/a><\/div><\/div><\/div><\/div><div class=\"vc_col-sm-4 wpb_column vc_column_container\"><div class=\"vc_column-inner\"><div class=\"wpb_wrapper\"><div class=\"w-ibanner animation_melete ratio_3x4 easing_ease\"><div class=\"w-ibanner-h\"><div class=\"w-ibanner-image\" style=\"background-image: url(https:\/\/visittossa.com\/wp-content\/uploads\/2022\/03\/BOMBOLLA-WEBCAM.jpg)\"><\/div><div class=\"w-ibanner-content\"><div class=\"w-ibanner-content-h\"><h5 class=\"w-ibanner-title\">Webcam<\/h5><div class=\"w-ibanner-desc\"><\/div><\/div><\/div><\/div><a title=\"Webcam\" target=\"_blank\" href=\"https:\/\/camstreamer.com\/embed\/w1XipkA5fHUsu1IQyGVvzaNdgGB78gIVonSg9SVL\" rel=\"noopener\" aria-label=\"Webcam\"><\/a><\/div><\/div><\/div><\/div><div class=\"vc_col-sm-4 wpb_column vc_column_container\"><div class=\"vc_column-inner\"><div class=\"wpb_wrapper\"><div class=\"w-ibanner animation_melete ratio_3x4 easing_ease\"><div class=\"w-ibanner-h\"><div class=\"w-ibanner-image\" style=\"background-image: url(https:\/\/visittossa.com\/wp-content\/uploads\/2022\/03\/BOMBOLLA-VIDEOS.jpg)\"><\/div><div class=\"w-ibanner-content\"><div class=\"w-ibanner-content-h\"><h5 class=\"w-ibanner-title\">Vid\u00e9os<\/h5><div class=\"w-ibanner-desc\"><\/div><\/div><\/div><\/div><a title=\"Vid\u00e9os\" href=\"https:\/\/visittossa.com\/fr\/une-fenetre-a-tossa\/videos\/\" aria-label=\"Vid\u00e9os\"><\/a><\/div><\/div><\/div><\/div><\/div><\/div><\/div><\/div><\/div><\/div><\/section>\n","protected":false},"excerpt":{"rendered":"Une fen\u00eatre virtuelle \u00e0 Tossa Tour virtuelWebcamVid\u00e9os","protected":false},"author":1,"featured_media":0,"parent":0,"menu_order":0,"comment_status":"closed","ping_status":"closed","template":"","meta":{"_monsterinsights_skip_tracking":false,"_monsterinsights_sitenote_active":false,"_monsterinsights_sitenote_note":"","_monsterinsights_sitenote_category":0,"footnotes":""},"class_list":["post-5645","page","type-page","status-publish","hentry"],"_links":{"self":[{"href":"https:\/\/visittossa.com\/fr\/wp-json\/wp\/v2\/pages\/5645","targetHints":{"allow":["GET"]}}],"collection":[{"href":"https:\/\/visittossa.com\/fr\/wp-json\/wp\/v2\/pages"}],"about":[{"href":"https:\/\/visittossa.com\/fr\/wp-json\/wp\/v2\/types\/page"}],"author":[{"embeddable":true,"href":"https:\/\/visittossa.com\/fr\/wp-json\/wp\/v2\/users\/1"}],"replies":[{"embeddable":true,"href":"https:\/\/visittossa.com\/fr\/wp-json\/wp\/v2\/comments?post=5645"}],"version-history":[{"count":22,"href":"https:\/\/visittossa.com\/fr\/wp-json\/wp\/v2\/pages\/5645\/revisions"}],"predecessor-version":[{"id":12619,"href":"https:\/\/visittossa.com\/fr\/wp-json\/wp\/v2\/pages\/5645\/revisions\/12619"}],"wp:attachment":[{"href":"https:\/\/visittossa.com\/fr\/wp-json\/wp\/v2\/media?parent=5645"}],"curies":[{"name":"wp","href":"https:\/\/api.w.org\/{rel}","templated":true}]}}