{"id":5527,"date":"2020-10-20T09:32:56","date_gmt":"2020-10-20T09:32:56","guid":{"rendered":"https:\/\/visittossa.com\/rutes-i-natura\/parcs\/"},"modified":"2022-09-06T08:23:15","modified_gmt":"2022-09-06T08:23:15","slug":"parcs","status":"publish","type":"page","link":"https:\/\/visittossa.com\/fr\/itineraires-et-nature\/parcs\/","title":{"rendered":"Parcs"},"content":{"rendered":"<section class=\"l-section wpb_row height_large width_full tossaHd with_img\" id=\"hdMd\"><div class=\"l-section-img\" style=\"background-image: url(https:\/\/visittossa.com\/wp-content\/uploads\/2021\/10\/parcs-hd.jpg);background-repeat: no-repeat;\" data-img-width=\"1500\" data-img-height=\"370\"><\/div><div class=\"l-section-h i-cf\"><div class=\"g-cols vc_row type_default valign_middle\"><div class=\"vc_col-sm-12 wpb_column vc_column_container\"><div class=\"vc_column-inner\"><div class=\"wpb_wrapper\"><\/div><\/div><\/div><\/div><\/div><\/section><section class=\"l-section wpb_row height_large\" id=\"dblMd\"><div class=\"l-section-h i-cf\"><div class=\"g-cols vc_row type_default valign_top\"><div class=\"vc_col-sm-6 wpb_column vc_column_container imgCol\"><div class=\"vc_column-inner\"><div class=\"wpb_wrapper\"><div class=\"wpb_text_column tltMd\" ><div class=\"wpb_wrapper\"><h2 style=\"text-align: left;\">Le parc de Sa Riera<\/h2>\n<\/div><\/div><div class=\"wpb_text_column txtMd\" ><div class=\"wpb_wrapper\"><p>Le parc de Sa Riera est un espace vert public, plat, situ\u00e9 \u00e0 c\u00f4t\u00e9 du fleuve de Tossa \u00e0 quelques 500 m\u00e8tres de la ville.<br \/>\nOn y trouve des ambiances diverses qui configurent un milieu de grande valeur naturelle, dans lequel vous aurez la possibilit\u00e9 de faire une promenade et jouir de la tranquillit\u00e9 ou des jeux avec votre famille.<br \/>\nLa v\u00e9g\u00e9tation que l&#8217;on trouve dans le parc est typiquement m\u00e9diterran\u00e9enne, avec des ch\u00eanes verts, des ch\u00eanes li\u00e8ges et des pins; mais on trouve aussi des arbres de rivi\u00e8re aux feuilles caduques comme les aulnes ou les peupliers noirs; la rivi\u00e8re est l\u2019axe vert\u00e9bral du parc et dans le petit bassin artificiel \u00e0 l\u2019eau r\u00e9g\u00e9n\u00e9r\u00e9e, on trouve des plantes, des petits animaux et des oies propres des marais. Des arbres monumentaux et centenaires comme le pin de Can Mart\u00ed ou le ch\u00eane du Bon Retir augmentent le charme de cet espace vert.<br \/>\nLe parc vous offre aussi divers services et installations : des bancs et des tables, une fontaine, des balan\u00e7oires et des jeux pour les enfants, une piste sportive, un circuit de sant\u00e9 en plein air, une aire de jeux pour les chiens, un centre de recyclage et un refuge d\u2019animaux. \u00c0 c\u00f4t\u00e9 du parc il y a la zone sportive municipale avec un champ de football, un pavillon sportif, une piscine couverte et deux pistes de padel.<\/p>\n<\/div><\/div><\/div><\/div><\/div><div class=\"vc_col-sm-6 wpb_column vc_column_container infoCol\"><div class=\"vc_column-inner\"><div class=\"wpb_wrapper\"><div class=\"w-image align_none\"><div class=\"w-image-h\"><img loading=\"lazy\" decoding=\"async\" width=\"611\" height=\"458\" src=\"https:\/\/visittossa.com\/wp-content\/uploads\/2021\/10\/Parc-de-sa-Riera-img.jpg\" class=\"attachment-full size-full\" alt=\"Parc de Sa Riera\" srcset=\"https:\/\/visittossa.com\/wp-content\/uploads\/2021\/10\/Parc-de-sa-Riera-img.jpg 611w, https:\/\/visittossa.com\/wp-content\/uploads\/2021\/10\/Parc-de-sa-Riera-img-300x225.jpg 300w\" sizes=\"auto, (max-width: 611px) 100vw, 611px\" \/><\/div><\/div><\/div><\/div><\/div><\/div><\/div><\/section><section class=\"l-section wpb_row height_large\" id=\"dblMd\"><div class=\"l-section-h i-cf\"><div class=\"g-cols vc_row type_default valign_top\"><div class=\"vc_col-sm-6 wpb_column vc_column_container imgCol\"><div class=\"vc_column-inner\"><div class=\"wpb_wrapper\"><div class=\"wpb_text_column tltMd\" ><div class=\"wpb_wrapper\"><h2 style=\"text-align: left;\">Le parc dels Terrassans<\/h2>\n<\/div><\/div><div class=\"wpb_text_column txtMd\" ><div class=\"wpb_wrapper\"><p>Cr\u00e9\u00e9 sur des anciennes terrasses agricoles, le parc est un espace vert situ\u00e9 entre l\u2019avenue Puerto Rico et la route qui m\u00e8ne \u00e0 Lloret de Mar, avec une superficie d\u2019environ un hectare.<\/p>\n<p>L\u2019all\u00e9e pav\u00e9e qui traverse le parc d\u00e9termine une zone de promenade et repos. Aux alentours de ce point central on a plant\u00e9 des s\u00e8ches, tamaris et micocoulier de Provence. Ces arbres constituent l\u2019attraction de la part central du parc. Au bord du chemin on y trouve de la v\u00e9g\u00e9tation caract\u00e9ristique m\u00e9diterran\u00e9enne, propre d\u2019une for\u00eat mixte de ch\u00eane-li\u00e8ge et pins accompagn\u00e9 des arbustes typiques comme le lentisque, l\u2019arbousier ou le laurustinus.<\/p>\n<p>L\u2019endroit offre une aire de jeux pour les enfants, une petite mare et une aire de jeux pour les chiens. Il y a aussi une fontaine d\u2019eau potable.<\/p>\n<p>Le parc est porte d\u2019entr\u00e9e \u00e0 la ferme Ca l\u2019Aromir, derni\u00e8re maison o\u00f9 le P\u00e8lerin s\u2019arr\u00eate avant d&#8217;entrer \u00e0 Tossa, ce fait est rem\u00e9mor\u00e9 sur place avec un frappant mural mosa\u00efque, r\u00e9alis\u00e9 par l\u2019artisan local Manel Brunet.<\/p>\n<\/div><\/div><\/div><\/div><\/div><div class=\"vc_col-sm-6 wpb_column vc_column_container infoCol\"><div class=\"vc_column-inner\"><div class=\"wpb_wrapper\"><div class=\"w-image align_none\"><div class=\"w-image-h\"><img loading=\"lazy\" decoding=\"async\" width=\"611\" height=\"458\" src=\"https:\/\/visittossa.com\/wp-content\/uploads\/2021\/10\/Parc-dels-Terrassans-img.jpg\" class=\"attachment-full size-full\" alt=\"\" srcset=\"https:\/\/visittossa.com\/wp-content\/uploads\/2021\/10\/Parc-dels-Terrassans-img.jpg 611w, https:\/\/visittossa.com\/wp-content\/uploads\/2021\/10\/Parc-dels-Terrassans-img-300x225.jpg 300w\" sizes=\"auto, (max-width: 611px) 100vw, 611px\" \/><\/div><\/div><\/div><\/div><\/div><\/div><\/div><\/section><section class=\"l-section wpb_row height_medium\" id=\"experienciasMd\"><div class=\"l-section-h i-cf\"><div class=\"g-cols vc_row type_default valign_top\"><div class=\"vc_col-sm-12 wpb_column vc_column_container\"><div class=\"vc_column-inner\"><div class=\"wpb_wrapper\"><div class=\"g-cols wpb_row  type_default valign_top vc_inner\"><div class=\"vc_col-sm-3 wpb_column vc_column_container\"><div class=\"vc_column-inner\"><div class=\"wpb_wrapper\">\n<div id=\"interactive-banner-1-wrap-3888\" class=\"ult-banner-block ult-adjust-bottom-margin ult-bb-box  banner-style01 \"   style=\"\">\n\t<img decoding=\"async\" src=\"https:\/\/visittossa.com\/wp-content\/uploads\/2021\/10\/BiosphereThumb.jpg\" alt=\"null\">\n\t<h3  data-ultimate-target='#interactive-banner-1-wrap-3888 .bb-top-title '  data-responsive-json-new='{\"font-size\":\"\",\"line-height\":\"\"}'  class=\"title-center bb-top-title ult-responsive\" style=\"font-weight:normal;background:#242424;color:#ffffff;\">Biosphere<\/h3>\n\t<div class=\"mask opaque-background\" style=\"background:rgba(35,35,35,0.41);\">\n\t\t<div  data-ultimate-target='#interactive-banner-1-wrap-3888 .bb-description'  data-responsive-json-new='{\"font-size\":\"\",\"line-height\":\"\"}'  class=\"bb-description ult-responsive\" style=\"font-weight:normal;color:#ffffff;\"><\/div>\n\t<\/div><a class=\"bb-link\" href=\"https:\/\/visittossa.com\/fr\/itineraires-et-nature\/biosphere\/\" title=\"Biosphere\" ><\/a>\n<\/div><\/div><\/div><\/div><div class=\"vc_col-sm-3 wpb_column vc_column_container\"><div class=\"vc_column-inner\"><div class=\"wpb_wrapper\">\n<div id=\"interactive-banner-1-wrap-4197\" class=\"ult-banner-block ult-adjust-bottom-margin ult-bb-box  banner-style01 \"   style=\"\">\n\t<img decoding=\"async\" src=\"https:\/\/visittossa.com\/wp-content\/uploads\/2021\/10\/Muntanya-thumb.jpg\" alt=\"null\">\n\t<h3  data-ultimate-target='#interactive-banner-1-wrap-4197 .bb-top-title '  data-responsive-json-new='{\"font-size\":\"\",\"line-height\":\"\"}'  class=\"title-center bb-top-title ult-responsive\" style=\"font-weight:normal;background:#242424;color:#ffffff;\">D\u00e9couvrez la montagne<\/h3>\n\t<div class=\"mask opaque-background\" style=\"background:rgba(35,35,35,0.41);\">\n\t\t<div  data-ultimate-target='#interactive-banner-1-wrap-4197 .bb-description'  data-responsive-json-new='{\"font-size\":\"\",\"line-height\":\"\"}'  class=\"bb-description ult-responsive\" style=\"font-weight:normal;color:#ffffff;\"><\/div>\n\t<\/div><a class=\"bb-link\" href=\"https:\/\/visittossa.com\/fr\/itineraires-et-nature\/decouvrez-la-montagne\/\" title=\"D\u00e9couvrez la montagne\" ><\/a>\n<\/div><\/div><\/div><\/div><div class=\"vc_col-sm-3 wpb_column vc_column_container\"><div class=\"vc_column-inner\"><div class=\"wpb_wrapper\">\n<div id=\"interactive-banner-1-wrap-4434\" class=\"ult-banner-block ult-adjust-bottom-margin ult-bb-box  banner-style01 \"   style=\"\">\n\t<img decoding=\"async\" src=\"https:\/\/visittossa.com\/wp-content\/uploads\/2021\/10\/Camins-de-Ronda-thumb.jpg\" alt=\"null\">\n\t<h3  data-ultimate-target='#interactive-banner-1-wrap-4434 .bb-top-title '  data-responsive-json-new='{\"font-size\":\"\",\"line-height\":\"\"}'  class=\"title-center bb-top-title ult-responsive\" style=\"font-weight:normal;background:#242424;color:#ffffff;\">Les chemins de ronde<\/h3>\n\t<div class=\"mask opaque-background\" style=\"background:rgba(35,35,35,0.41);\">\n\t\t<div  data-ultimate-target='#interactive-banner-1-wrap-4434 .bb-description'  data-responsive-json-new='{\"font-size\":\"\",\"line-height\":\"\"}'  class=\"bb-description ult-responsive\" style=\"font-weight:normal;color:#ffffff;\"><\/div>\n\t<\/div><a class=\"bb-link\" href=\"https:\/\/visittossa.com\/fr\/itineraires-et-nature\/les-chemins-de-ronde\/\" title=\"Les chemins de ronde\" ><\/a>\n<\/div><\/div><\/div><\/div><div class=\"vc_col-sm-3 wpb_column vc_column_container active\"><div class=\"vc_column-inner\"><div class=\"wpb_wrapper\">\n<div id=\"interactive-banner-1-wrap-4539\" class=\"ult-banner-block ult-adjust-bottom-margin ult-bb-box  banner-style01 \"   style=\"\">\n\t<img decoding=\"async\" src=\"https:\/\/visittossa.com\/wp-content\/uploads\/2021\/10\/parcs-thumb.jpg\" alt=\"null\">\n\t<h3  data-ultimate-target='#interactive-banner-1-wrap-4539 .bb-top-title '  data-responsive-json-new='{\"font-size\":\"\",\"line-height\":\"\"}'  class=\"title-center bb-top-title ult-responsive\" style=\"font-weight:normal;background:#242424;color:#ffffff;\">Parcs<\/h3>\n\t<div class=\"mask opaque-background\" style=\"background:rgba(35,35,35,0.41);\">\n\t\t<div  data-ultimate-target='#interactive-banner-1-wrap-4539 .bb-description'  data-responsive-json-new='{\"font-size\":\"\",\"line-height\":\"\"}'  class=\"bb-description ult-responsive\" style=\"font-weight:normal;color:#ffffff;\"><\/div>\n\t<\/div><a class=\"bb-link\" href=\"https:\/\/visittossa.com\/fr\/itineraires-et-nature\/parcs\/\" title=\"Parcs\" ><\/a>\n<\/div><\/div><\/div><\/div><\/div><\/div><\/div><\/div><\/div><\/div><\/section>\n","protected":false},"excerpt":{"rendered":"Le parc de Sa Riera Le parc de Sa Riera est un espace vert public, plat, situ\u00e9 \u00e0 c\u00f4t\u00e9 du fleuve de Tossa \u00e0 quelques 500 m\u00e8tres de la ville. On y trouve des ambiances diverses qui configurent un milieu de grande valeur naturelle, dans lequel vous aurez la possibilit\u00e9 de faire une promenade et...","protected":false},"author":1,"featured_media":0,"parent":5486,"menu_order":0,"comment_status":"closed","ping_status":"closed","template":"","meta":{"_monsterinsights_skip_tracking":false,"_monsterinsights_sitenote_active":false,"_monsterinsights_sitenote_note":"","_monsterinsights_sitenote_category":0,"footnotes":""},"class_list":["post-5527","page","type-page","status-publish","hentry"],"_links":{"self":[{"href":"https:\/\/visittossa.com\/fr\/wp-json\/wp\/v2\/pages\/5527","targetHints":{"allow":["GET"]}}],"collection":[{"href":"https:\/\/visittossa.com\/fr\/wp-json\/wp\/v2\/pages"}],"about":[{"href":"https:\/\/visittossa.com\/fr\/wp-json\/wp\/v2\/types\/page"}],"author":[{"embeddable":true,"href":"https:\/\/visittossa.com\/fr\/wp-json\/wp\/v2\/users\/1"}],"replies":[{"embeddable":true,"href":"https:\/\/visittossa.com\/fr\/wp-json\/wp\/v2\/comments?post=5527"}],"version-history":[{"count":6,"href":"https:\/\/visittossa.com\/fr\/wp-json\/wp\/v2\/pages\/5527\/revisions"}],"predecessor-version":[{"id":10736,"href":"https:\/\/visittossa.com\/fr\/wp-json\/wp\/v2\/pages\/5527\/revisions\/10736"}],"up":[{"embeddable":true,"href":"https:\/\/visittossa.com\/fr\/wp-json\/wp\/v2\/pages\/5486"}],"wp:attachment":[{"href":"https:\/\/visittossa.com\/fr\/wp-json\/wp\/v2\/media?parent=5527"}],"curies":[{"name":"wp","href":"https:\/\/api.w.org\/{rel}","templated":true}]}}