{"id":5521,"date":"2021-10-20T09:11:30","date_gmt":"2021-10-20T09:11:30","guid":{"rendered":"https:\/\/visittossa.com\/rutes-i-natura\/descobreix-la-muntanya\/rutes-de-senderisme\/"},"modified":"2022-09-06T09:29:55","modified_gmt":"2022-09-06T09:29:55","slug":"itineraires-de-randonnees","status":"publish","type":"page","link":"https:\/\/visittossa.com\/fr\/itineraires-et-nature\/decouvrez-la-montagne\/itineraires-de-randonnees\/","title":{"rendered":"Itin\u00e9raires de randonn\u00e9es"},"content":{"rendered":"<section class=\"l-section wpb_row height_large width_full tossaHd with_img\" id=\"hdMd\"><div class=\"l-section-img\" style=\"background-image: url(https:\/\/visittossa.com\/wp-content\/uploads\/2021\/10\/senderisme-hd.jpg);background-repeat: no-repeat;\" data-img-width=\"1500\" data-img-height=\"370\"><\/div><div class=\"l-section-h i-cf\"><div class=\"g-cols vc_row type_default valign_middle\"><div class=\"vc_col-sm-12 wpb_column vc_column_container\"><div class=\"vc_column-inner\"><div class=\"wpb_wrapper\"><\/div><\/div><\/div><\/div><\/div><\/section><section class=\"l-section wpb_row height_large\" id=\"dblMd\"><div class=\"l-section-h i-cf\"><div class=\"g-cols vc_row type_default valign_top\"><div class=\"vc_col-sm-6 wpb_column vc_column_container imgCol\"><div class=\"vc_column-inner\"><div class=\"wpb_wrapper\"><div class=\"wpb_text_column tltMd\" ><div class=\"wpb_wrapper\"><h2 style=\"text-align: left;\">Itin\u00e9raire de Cadiretes<\/h2>\n<\/div><\/div><div class=\"wpb_text_column txtMd\" ><div class=\"wpb_wrapper\"><p><strong>Degr\u00e9 de difficult\u00e9 :<\/strong> Facile<br \/>\n<strong>Distance du parcours :<\/strong> 15,1 km<br \/>\n<strong>Hauteur maximale :<\/strong> 519 m.<br \/>\n<strong>Temps estim\u00e9 :<\/strong> 4 h 10 m<br \/>\n<strong>Lieu de d\u00e9part :<\/strong> Office de tourisme \/ Parc Sa Riera<\/p>\n<\/div><\/div><div class=\"w-image us_custom_d9d2068f align_none\"><div class=\"w-image-h\"><img loading=\"lazy\" decoding=\"async\" width=\"1149\" height=\"538\" src=\"https:\/\/visittossa.com\/wp-content\/uploads\/2021\/10\/Ruta-Puig-de-Cadiretes-1.png\" class=\"attachment-full size-full\" alt=\"\" srcset=\"https:\/\/visittossa.com\/wp-content\/uploads\/2021\/10\/Ruta-Puig-de-Cadiretes-1.png 1149w, https:\/\/visittossa.com\/wp-content\/uploads\/2021\/10\/Ruta-Puig-de-Cadiretes-1-300x140.png 300w, https:\/\/visittossa.com\/wp-content\/uploads\/2021\/10\/Ruta-Puig-de-Cadiretes-1-1024x479.png 1024w\" sizes=\"auto, (max-width: 1149px) 100vw, 1149px\" \/><\/div><\/div><div class=\"wpb_text_column txtMd\" ><div class=\"wpb_wrapper\"><p>Itin\u00e9raire en boucle autour de la sierra de Montllor, pour finir au point le plus \u00e9lev\u00e9 du massif d\u2019Ardenya Cadiretes, situ\u00e9 au Puy de ses Cadiretes (519 m). Du sommet, on surplombe un impressionnant panorama comprenant une vaste masse de for\u00eat typiquement m\u00e9diterran\u00e9enne. Tout le parcours emprunte des pistes en parfait \u00e9tat, \u00e0 l\u2019exception d\u2019un court tron\u00e7on de sentier donnant acc\u00e8s au sommet, o\u00f9 une derni\u00e8re passe rocheuse exige de prendre d\u2019extr\u00eames pr\u00e9cautions. La pente y est consid\u00e9rable.<\/p>\n<\/div><\/div><\/div><\/div><\/div><div class=\"vc_col-sm-6 wpb_column vc_column_container infoCol\"><div class=\"vc_column-inner\"><div class=\"wpb_wrapper\"><div class=\"w-image align_none\"><a target=\"_blank\" href=\"https:\/\/visittossa.com\/wp-content\/uploads\/2022\/02\/Fulleto_CATALA.pdf\" rel=\"noopener\" aria-label=\"Lien\" class=\"w-image-h\"><img loading=\"lazy\" decoding=\"async\" width=\"611\" height=\"458\" src=\"https:\/\/visittossa.com\/wp-content\/uploads\/2021\/10\/Ruta-Puig-de-Cadiretes-img.jpg\" class=\"attachment-full size-full\" alt=\"\" srcset=\"https:\/\/visittossa.com\/wp-content\/uploads\/2021\/10\/Ruta-Puig-de-Cadiretes-img.jpg 611w, https:\/\/visittossa.com\/wp-content\/uploads\/2021\/10\/Ruta-Puig-de-Cadiretes-img-300x225.jpg 300w\" sizes=\"auto, (max-width: 611px) 100vw, 611px\" \/><\/a><\/div><\/div><\/div><\/div><\/div><\/div><\/section><section class=\"l-section wpb_row height_large\" id=\"dblMd\"><div class=\"l-section-h i-cf\"><div class=\"g-cols vc_row type_default valign_top\"><div class=\"vc_col-sm-6 wpb_column vc_column_container imgCol\"><div class=\"vc_column-inner\"><div class=\"wpb_wrapper\"><div class=\"wpb_text_column tltMd\" ><div class=\"wpb_wrapper\"><h2 style=\"text-align: left;\">Itin\u00e9raire de Sant Grau<\/h2>\n<\/div><\/div><div class=\"wpb_text_column txtMd\" ><div class=\"wpb_wrapper\"><p><strong>Degr\u00e9 de difficult\u00e9 :<\/strong> Faible.<br \/>\n<strong>Distance du parcours :<\/strong> 15,2 km<br \/>\n<strong>Hauteur maximale :<\/strong> 400 m.<br \/>\n<strong>Temps estim\u00e9 :<\/strong> 4 h (aller 2 h 15 min et retour 1 h 45 min)<br \/>\n<strong>Lieu de d\u00e9part :<\/strong> Office de tourisme \/ Parc Sa Riera<\/p>\n<\/div><\/div><div class=\"w-image us_custom_70facfb4 align_none\"><div class=\"w-image-h\"><img loading=\"lazy\" decoding=\"async\" width=\"1165\" height=\"541\" src=\"https:\/\/visittossa.com\/wp-content\/uploads\/2021\/10\/Ruta-de-St-Grau.png\" class=\"attachment-full size-full\" alt=\"\" srcset=\"https:\/\/visittossa.com\/wp-content\/uploads\/2021\/10\/Ruta-de-St-Grau.png 1165w, https:\/\/visittossa.com\/wp-content\/uploads\/2021\/10\/Ruta-de-St-Grau-300x139.png 300w, https:\/\/visittossa.com\/wp-content\/uploads\/2021\/10\/Ruta-de-St-Grau-1024x476.png 1024w\" sizes=\"auto, (max-width: 1165px) 100vw, 1165px\" \/><\/div><\/div><div class=\"wpb_text_column txtMd\" ><div class=\"wpb_wrapper\"><p>L\u2019itin\u00e9raire traverse des bois typiquement m\u00e9diterran\u00e9ens \u00e0 la v\u00e9g\u00e9tation tr\u00e8s dense et compacte, constitu\u00e9e essentiellement de ch\u00eanes li\u00e8ges mais aussi d\u2019yeuses et de pins, pour finir, pass\u00e9s les vestiges de l\u2019ermitage de Mare de D\u00e9u de Gr\u00e0cia, au sanctuaire de Sant Grau, nich\u00e9 au c\u0153ur du massif d\u2019Ardenya Cadiretes. Le sanctuaire de Sant Grau constitue un important h\u00e9ritage historique, de l\u00e9gendes et de traditions.<\/p>\n<\/div><\/div><\/div><\/div><\/div><div class=\"vc_col-sm-6 wpb_column vc_column_container infoCol\"><div class=\"vc_column-inner\"><div class=\"wpb_wrapper\"><div class=\"w-image align_none\"><div class=\"w-image-h\"><img loading=\"lazy\" decoding=\"async\" width=\"611\" height=\"458\" src=\"https:\/\/visittossa.com\/wp-content\/uploads\/2021\/10\/Ruta-st-Grau-img.jpg\" class=\"attachment-full size-full\" alt=\"\" srcset=\"https:\/\/visittossa.com\/wp-content\/uploads\/2021\/10\/Ruta-st-Grau-img.jpg 611w, https:\/\/visittossa.com\/wp-content\/uploads\/2021\/10\/Ruta-st-Grau-img-300x225.jpg 300w\" sizes=\"auto, (max-width: 611px) 100vw, 611px\" \/><\/div><\/div><\/div><\/div><\/div><\/div><\/div><\/section><section class=\"l-section wpb_row height_large\" id=\"dblMd\"><div class=\"l-section-h i-cf\"><div class=\"g-cols vc_row type_default valign_top\"><div class=\"vc_col-sm-6 wpb_column vc_column_container imgCol\"><div class=\"vc_column-inner\"><div class=\"wpb_wrapper\"><div class=\"wpb_text_column tltMd\" ><div class=\"wpb_wrapper\"><h2 style=\"text-align: left;\">Itin\u00e9raire de Ruixons<\/h2>\n<\/div><\/div><div class=\"wpb_text_column txtMd\" ><div class=\"wpb_wrapper\"><p><strong>Degr\u00e9 de difficult\u00e9 :<\/strong> Faible<br \/>\n<strong>Distance du parcours :<\/strong> 11 km<br \/>\n<strong>Hauteur maximale :<\/strong> 303 m.<br \/>\n<strong>Temps estim\u00e9 :<\/strong> 3 h<br \/>\n<strong>Lieu de d\u00e9part :<\/strong> Office de tourisme \/ Parc Sa Riera<\/p>\n<\/div><\/div><div class=\"w-image us_custom_70facfb4 align_none\"><div class=\"w-image-h\"><img loading=\"lazy\" decoding=\"async\" width=\"1156\" height=\"597\" src=\"https:\/\/visittossa.com\/wp-content\/uploads\/2021\/10\/Ruta-Ruixons-1.png\" class=\"attachment-full size-full\" alt=\"\" srcset=\"https:\/\/visittossa.com\/wp-content\/uploads\/2021\/10\/Ruta-Ruixons-1.png 1156w, https:\/\/visittossa.com\/wp-content\/uploads\/2021\/10\/Ruta-Ruixons-1-300x155.png 300w, https:\/\/visittossa.com\/wp-content\/uploads\/2021\/10\/Ruta-Ruixons-1-1024x529.png 1024w\" sizes=\"auto, (max-width: 1156px) 100vw, 1156px\" \/><\/div><\/div><div class=\"wpb_text_column txtMd\" ><div class=\"wpb_wrapper\"><p>Itin\u00e9raire conduisant aux torrents de Ruixons, arch\u00e9type des nombreux ruisseaux typiquement m\u00e9diterran\u00e9ens qui sillonnent les d\u00e9pressions du massif d\u2019Ardenya Cadiretes. La nature du terrain est propice aux r\u00e9surgences, qui donnent naissance \u00e0 des sources non trait\u00e9es coulant pratiquement toute l\u2019ann\u00e9e. Le parcours offre \u00e9galement des vues splendides sur la c\u00f4te nord de la commune.<\/p>\n<\/div><\/div><\/div><\/div><\/div><div class=\"vc_col-sm-6 wpb_column vc_column_container infoCol\"><div class=\"vc_column-inner\"><div class=\"wpb_wrapper\"><div class=\"w-image align_none\"><div class=\"w-image-h\"><img loading=\"lazy\" decoding=\"async\" width=\"611\" height=\"458\" src=\"https:\/\/visittossa.com\/wp-content\/uploads\/2021\/10\/Ruta-Ruixons.jpg\" class=\"attachment-full size-full\" alt=\"\" srcset=\"https:\/\/visittossa.com\/wp-content\/uploads\/2021\/10\/Ruta-Ruixons.jpg 611w, https:\/\/visittossa.com\/wp-content\/uploads\/2021\/10\/Ruta-Ruixons-300x225.jpg 300w\" sizes=\"auto, (max-width: 611px) 100vw, 611px\" \/><\/div><\/div><\/div><\/div><\/div><\/div><\/div><\/section><section class=\"l-section wpb_row height_large\" id=\"dblMd\"><div class=\"l-section-h i-cf\"><div class=\"g-cols vc_row type_default valign_top\"><div class=\"vc_col-sm-6 wpb_column vc_column_container imgCol\"><div class=\"vc_column-inner\"><div class=\"wpb_wrapper\"><div class=\"wpb_text_column tltMd\" ><div class=\"wpb_wrapper\"><h2 style=\"text-align: left;\">Itin\u00e9raire M\u00e9galithique<\/h2>\n<\/div><\/div><div class=\"wpb_text_column txtMd\" ><div class=\"wpb_wrapper\"><p><strong>Degr\u00e9 de difficult\u00e9 :<\/strong> Faible<br \/>\n<strong>Distance du parcours :<\/strong> 10,50 km<br \/>\n<strong>Hauteur maximale :<\/strong> 480 m.<br \/>\n<strong>Temps estim\u00e9 :<\/strong> 3 h<br \/>\n<strong>Lieu de d\u00e9part :<\/strong> Sanctuaire de Sant Grau.<\/p>\n<\/div><\/div><div class=\"wpb_text_column txtMd\" ><div class=\"wpb_wrapper\"><p>Cet itin\u00e9raire en boucle nous m\u00e8ne \u00e0 la d\u00e9couverte des hauteurs entourant les sommets de Montagut et de Cadiretes; partant du sanctuaire de Sant Grau, en passant par un ensemble de monuments m\u00e9galithiques conserv\u00e9s dans la zone prolifique comprenant le joyau de l\u2019itin\u00e9raire: la Pedra-sobre-altra (Pierre sur l\u2019autre).<\/p>\n<p>Cet itin\u00e9raire n\u2019est pas balis\u00e9e sur le terrain. Nous vous recommandons t\u00e9l\u00e9charger <a href=\"https:\/\/naturalocal.net\/fr\/itineraires-randonnee-catalunya\/itineraires-randonnee-girona\/itineraires-randonnee-tossa-de-mar\/itineraire-megalithique-par-ardenya-cadiretes\" target=\"_blank\" rel=\"noopener noreferrer\"><strong>l&#8217;App de Natura Local<\/strong><\/a> pour faire l&#8217;itin\u00e9raire guid\u00e9e et interpr\u00e9t\u00e9.<\/p>\n<\/div><\/div><div class=\"w-separator size_small\"><\/div><div class=\"w-btn-wrapper width_auto align_left\"><a class=\"w-btn us-btn-style_1\" target=\"_blank\" href=\"https:\/\/visittossa.com\/wp-content\/uploads\/2022\/08\/Fulleto_rutes_senderisme_FRANCES.pdf\" rel=\"noopener\"><span class=\"w-btn-label\">ITIN\u00c9RAIRES ET ROUTES<\/span><\/a><\/div><\/div><\/div><\/div><div class=\"vc_col-sm-6 wpb_column vc_column_container infoCol\"><div class=\"vc_column-inner\"><div class=\"wpb_wrapper\"><div class=\"w-image align_none\"><div class=\"w-image-h\"><img loading=\"lazy\" decoding=\"async\" width=\"611\" height=\"458\" src=\"https:\/\/visittossa.com\/wp-content\/uploads\/2021\/10\/Ruta-Megalitica.jpg\" class=\"attachment-full size-full\" alt=\"\" srcset=\"https:\/\/visittossa.com\/wp-content\/uploads\/2021\/10\/Ruta-Megalitica.jpg 611w, https:\/\/visittossa.com\/wp-content\/uploads\/2021\/10\/Ruta-Megalitica-300x225.jpg 300w\" sizes=\"auto, (max-width: 611px) 100vw, 611px\" \/><\/div><\/div><\/div><\/div><\/div><\/div><\/div><\/section><section class=\"l-section wpb_row height_medium innerexp with_overlay\" id=\"experienciasMd\"><div class=\"l-section-overlay\" style=\"background: #ffffff\"><\/div><div class=\"l-section-h i-cf\"><div class=\"g-cols vc_row type_default valign_top\"><div class=\"vc_col-sm-12 wpb_column vc_column_container\"><div class=\"vc_column-inner\"><div class=\"wpb_wrapper\"><div class=\"g-cols wpb_row  type_default valign_top vc_inner\"><div class=\"vc_col-sm-1\/5 wpb_column vc_column_container\"><div class=\"vc_column-inner\"><div class=\"wpb_wrapper\"><\/div><\/div><\/div><div class=\"vc_col-sm-1\/5 wpb_column vc_column_container\"><div class=\"vc_column-inner\"><div class=\"wpb_wrapper\">\n<div id=\"interactive-banner-1-wrap-5312\" class=\"ult-banner-block ult-adjust-bottom-margin ult-bb-box  banner-style01 \"   style=\"\">\n\t<img decoding=\"async\" src=\"https:\/\/visittossa.com\/wp-content\/uploads\/2021\/10\/BOMBOLLA-MASSIS-CADIRETES.jpg\" alt=\"null\">\n\t<h3  data-ultimate-target='#interactive-banner-1-wrap-5312 .bb-top-title '  data-responsive-json-new='{\"font-size\":\"\",\"line-height\":\"\"}'  class=\"title-center bb-top-title ult-responsive\" style=\"font-weight:normal;background:#242424;color:#ffffff;\">Le massif de Cadiretes<\/h3>\n\t<div class=\"mask opaque-background\" style=\"background:rgba(35,35,35,0.41);\">\n\t\t<div  data-ultimate-target='#interactive-banner-1-wrap-5312 .bb-description'  data-responsive-json-new='{\"font-size\":\"\",\"line-height\":\"\"}'  class=\"bb-description ult-responsive\" style=\"font-weight:normal;color:#ffffff;\"><\/div>\n\t<\/div><a class=\"bb-link\" href=\"https:\/\/visittossa.com\/fr\/itineraires-et-nature\/decouvrez-la-montagne\/le-massif-de-cadiretes\/\" title=\"Le massif de Cadiretes\" ><\/a>\n<\/div><\/div><\/div><\/div><div class=\"vc_col-sm-1\/5 wpb_column vc_column_container active\"><div class=\"vc_column-inner\"><div class=\"wpb_wrapper\">\n<div id=\"interactive-banner-1-wrap-8398\" class=\"ult-banner-block ult-adjust-bottom-margin ult-bb-box  banner-style01 \"   style=\"\">\n\t<img decoding=\"async\" src=\"https:\/\/visittossa.com\/wp-content\/uploads\/2021\/10\/BOMBOLLA-RUTES-SENDERISME.jpg\" alt=\"null\">\n\t<h3  data-ultimate-target='#interactive-banner-1-wrap-8398 .bb-top-title '  data-responsive-json-new='{\"font-size\":\"\",\"line-height\":\"\"}'  class=\"title-center bb-top-title ult-responsive\" style=\"font-weight:normal;background:#242424;color:#ffffff;\">Itin\u00e9raires de randonn\u00e9es<\/h3>\n\t<div class=\"mask opaque-background\" style=\"background:rgba(35,35,35,0.41);\">\n\t\t<div  data-ultimate-target='#interactive-banner-1-wrap-8398 .bb-description'  data-responsive-json-new='{\"font-size\":\"\",\"line-height\":\"\"}'  class=\"bb-description ult-responsive\" style=\"font-weight:normal;color:#ffffff;\"><\/div>\n\t<\/div><a class=\"bb-link\" href=\"https:\/\/visittossa.com\/fr\/itineraires-et-nature\/decouvrez-la-montagne\/itineraires-de-randonnees\/\" title=\"Itin\u00e9raires de randonn\u00e9es\" ><\/a>\n<\/div><\/div><\/div><\/div><div class=\"vc_col-sm-1\/5 wpb_column vc_column_container\"><div class=\"vc_column-inner\"><div class=\"wpb_wrapper\">\n<div id=\"interactive-banner-1-wrap-8341\" class=\"ult-banner-block ult-adjust-bottom-margin ult-bb-box  banner-style01 \"   style=\"\">\n\t<img decoding=\"async\" src=\"https:\/\/visittossa.com\/wp-content\/uploads\/2021\/10\/Rutes-BTT.png\" alt=\"null\">\n\t<h3  data-ultimate-target='#interactive-banner-1-wrap-8341 .bb-top-title '  data-responsive-json-new='{\"font-size\":\"\",\"line-height\":\"\"}'  class=\"title-center bb-top-title ult-responsive\" style=\"font-weight:normal;background:#242424;color:#ffffff;\">Itin\u00e9raires en VTT<\/h3>\n\t<div class=\"mask opaque-background\" style=\"background:rgba(35,35,35,0.41);\">\n\t\t<div  data-ultimate-target='#interactive-banner-1-wrap-8341 .bb-description'  data-responsive-json-new='{\"font-size\":\"\",\"line-height\":\"\"}'  class=\"bb-description ult-responsive\" style=\"font-weight:normal;color:#ffffff;\"><\/div>\n\t<\/div><a class=\"bb-link\" href=\"https:\/\/visittossa.com\/fr\/itineraires-et-nature\/decouvrez-la-montagne\/itineraires-en-vtt\/\" title=\"Itin\u00e9raires en VTT\" ><\/a>\n<\/div><\/div><\/div><\/div><div class=\"vc_col-sm-1\/5 wpb_column vc_column_container\"><div class=\"vc_column-inner\"><div class=\"wpb_wrapper\"><\/div><\/div><\/div><\/div><\/div><\/div><\/div><\/div><\/div><\/section><section class=\"l-section wpb_row height_medium\" id=\"experienciasMd\"><div class=\"l-section-h i-cf\"><div class=\"g-cols vc_row type_default valign_top\"><div class=\"vc_col-sm-12 wpb_column vc_column_container\"><div class=\"vc_column-inner\"><div class=\"wpb_wrapper\"><div class=\"g-cols wpb_row  type_default valign_top vc_inner\"><div class=\"vc_col-sm-3 wpb_column vc_column_container\"><div class=\"vc_column-inner\"><div class=\"wpb_wrapper\">\n<div id=\"interactive-banner-1-wrap-1769\" class=\"ult-banner-block ult-adjust-bottom-margin ult-bb-box  banner-style01 \"   style=\"\">\n\t<img decoding=\"async\" src=\"https:\/\/visittossa.com\/wp-content\/uploads\/2021\/10\/BiosphereThumb.jpg\" alt=\"null\">\n\t<h3  data-ultimate-target='#interactive-banner-1-wrap-1769 .bb-top-title '  data-responsive-json-new='{\"font-size\":\"\",\"line-height\":\"\"}'  class=\"title-center bb-top-title ult-responsive\" style=\"font-weight:normal;background:#242424;color:#ffffff;\">Biosphere<\/h3>\n\t<div class=\"mask opaque-background\" style=\"background:rgba(35,35,35,0.41);\">\n\t\t<div  data-ultimate-target='#interactive-banner-1-wrap-1769 .bb-description'  data-responsive-json-new='{\"font-size\":\"\",\"line-height\":\"\"}'  class=\"bb-description ult-responsive\" style=\"font-weight:normal;color:#ffffff;\"><\/div>\n\t<\/div><a class=\"bb-link\" href=\"https:\/\/visittossa.com\/fr\/itineraires-et-nature\/biosphere\/\" title=\"Biosphere\" ><\/a>\n<\/div><\/div><\/div><\/div><div class=\"vc_col-sm-3 wpb_column vc_column_container\"><div class=\"vc_column-inner\"><div class=\"wpb_wrapper\">\n<div id=\"interactive-banner-1-wrap-8201\" class=\"ult-banner-block ult-adjust-bottom-margin ult-bb-box  banner-style01 \"   style=\"\">\n\t<img decoding=\"async\" src=\"https:\/\/visittossa.com\/wp-content\/uploads\/2021\/10\/Muntanya-thumb.jpg\" alt=\"null\">\n\t<h3  data-ultimate-target='#interactive-banner-1-wrap-8201 .bb-top-title '  data-responsive-json-new='{\"font-size\":\"\",\"line-height\":\"\"}'  class=\"title-center bb-top-title ult-responsive\" style=\"font-weight:normal;background:#242424;color:#ffffff;\">D\u00e9couvrez la montagne<\/h3>\n\t<div class=\"mask opaque-background\" style=\"background:rgba(35,35,35,0.41);\">\n\t\t<div  data-ultimate-target='#interactive-banner-1-wrap-8201 .bb-description'  data-responsive-json-new='{\"font-size\":\"\",\"line-height\":\"\"}'  class=\"bb-description ult-responsive\" style=\"font-weight:normal;color:#ffffff;\"><\/div>\n\t<\/div><a class=\"bb-link\" href=\"https:\/\/visittossa.com\/fr\/itineraires-et-nature\/decouvrez-la-montagne\/\" title=\"D\u00e9couvrez la montagne\" ><\/a>\n<\/div><\/div><\/div><\/div><div class=\"vc_col-sm-3 wpb_column vc_column_container\"><div class=\"vc_column-inner\"><div class=\"wpb_wrapper\">\n<div id=\"interactive-banner-1-wrap-6151\" class=\"ult-banner-block ult-adjust-bottom-margin ult-bb-box  banner-style01 \"   style=\"\">\n\t<img decoding=\"async\" src=\"https:\/\/visittossa.com\/wp-content\/uploads\/2021\/10\/Camins-de-Ronda-thumb.jpg\" alt=\"null\">\n\t<h3  data-ultimate-target='#interactive-banner-1-wrap-6151 .bb-top-title '  data-responsive-json-new='{\"font-size\":\"\",\"line-height\":\"\"}'  class=\"title-center bb-top-title ult-responsive\" style=\"font-weight:normal;background:#242424;color:#ffffff;\">Les chemins de ronde<\/h3>\n\t<div class=\"mask opaque-background\" style=\"background:rgba(35,35,35,0.41);\">\n\t\t<div  data-ultimate-target='#interactive-banner-1-wrap-6151 .bb-description'  data-responsive-json-new='{\"font-size\":\"\",\"line-height\":\"\"}'  class=\"bb-description ult-responsive\" style=\"font-weight:normal;color:#ffffff;\"><\/div>\n\t<\/div><a class=\"bb-link\" href=\"https:\/\/visittossa.com\/fr\/itineraires-et-nature\/les-chemins-de-ronde\/\" title=\"Les chemins de ronde\" ><\/a>\n<\/div><\/div><\/div><\/div><div class=\"vc_col-sm-3 wpb_column vc_column_container\"><div class=\"vc_column-inner\"><div class=\"wpb_wrapper\">\n<div id=\"interactive-banner-1-wrap-3234\" class=\"ult-banner-block ult-adjust-bottom-margin ult-bb-box  banner-style01 \"   style=\"\">\n\t<img decoding=\"async\" src=\"https:\/\/visittossa.com\/wp-content\/uploads\/2021\/10\/parcs-thumb.jpg\" alt=\"null\">\n\t<h3  data-ultimate-target='#interactive-banner-1-wrap-3234 .bb-top-title '  data-responsive-json-new='{\"font-size\":\"\",\"line-height\":\"\"}'  class=\"title-center bb-top-title ult-responsive\" style=\"font-weight:normal;background:#242424;color:#ffffff;\">Parcs<\/h3>\n\t<div class=\"mask opaque-background\" style=\"background:rgba(35,35,35,0.41);\">\n\t\t<div  data-ultimate-target='#interactive-banner-1-wrap-3234 .bb-description'  data-responsive-json-new='{\"font-size\":\"\",\"line-height\":\"\"}'  class=\"bb-description ult-responsive\" style=\"font-weight:normal;color:#ffffff;\"><\/div>\n\t<\/div><a class=\"bb-link\" href=\"https:\/\/visittossa.com\/fr\/itineraires-et-nature\/parcs\/\" title=\"Parcs\" ><\/a>\n<\/div><\/div><\/div><\/div><\/div><\/div><\/div><\/div><\/div><\/div><\/section>\n","protected":false},"excerpt":{"rendered":"Itin\u00e9raire de Cadiretes Degr\u00e9 de difficult\u00e9 : Facile Distance du parcours : 15,1 km Hauteur maximale : 519 m. Temps estim\u00e9 : 4 h 10 m Lieu de d\u00e9part : Office de tourisme \/ Parc Sa Riera Itin\u00e9raire en boucle autour de la sierra de Montllor, pour finir au point le plus \u00e9lev\u00e9 du massif...","protected":false},"author":4,"featured_media":0,"parent":5504,"menu_order":0,"comment_status":"closed","ping_status":"closed","template":"","meta":{"_monsterinsights_skip_tracking":false,"_monsterinsights_sitenote_active":false,"_monsterinsights_sitenote_note":"","_monsterinsights_sitenote_category":0,"footnotes":""},"class_list":["post-5521","page","type-page","status-publish","hentry"],"_links":{"self":[{"href":"https:\/\/visittossa.com\/fr\/wp-json\/wp\/v2\/pages\/5521","targetHints":{"allow":["GET"]}}],"collection":[{"href":"https:\/\/visittossa.com\/fr\/wp-json\/wp\/v2\/pages"}],"about":[{"href":"https:\/\/visittossa.com\/fr\/wp-json\/wp\/v2\/types\/page"}],"author":[{"embeddable":true,"href":"https:\/\/visittossa.com\/fr\/wp-json\/wp\/v2\/users\/4"}],"replies":[{"embeddable":true,"href":"https:\/\/visittossa.com\/fr\/wp-json\/wp\/v2\/comments?post=5521"}],"version-history":[{"count":15,"href":"https:\/\/visittossa.com\/fr\/wp-json\/wp\/v2\/pages\/5521\/revisions"}],"predecessor-version":[{"id":10739,"href":"https:\/\/visittossa.com\/fr\/wp-json\/wp\/v2\/pages\/5521\/revisions\/10739"}],"up":[{"embeddable":true,"href":"https:\/\/visittossa.com\/fr\/wp-json\/wp\/v2\/pages\/5504"}],"wp:attachment":[{"href":"https:\/\/visittossa.com\/fr\/wp-json\/wp\/v2\/media?parent=5521"}],"curies":[{"name":"wp","href":"https:\/\/api.w.org\/{rel}","templated":true}]}}