{"id":5516,"date":"2021-10-21T09:54:37","date_gmt":"2021-10-21T09:54:37","guid":{"rendered":"https:\/\/visittossa.com\/rutes-i-natura\/descobreix-la-muntanya\/rutes-de-btt\/"},"modified":"2022-09-12T10:08:27","modified_gmt":"2022-09-12T10:08:27","slug":"itineraires-en-vtt","status":"publish","type":"page","link":"https:\/\/visittossa.com\/fr\/itineraires-et-nature\/decouvrez-la-montagne\/itineraires-en-vtt\/","title":{"rendered":"Itin\u00e9raires en VTT"},"content":{"rendered":"<section class=\"l-section wpb_row height_large width_full tossaHd with_img\" id=\"hdMd\"><div class=\"l-section-img\" style=\"background-image: url(https:\/\/visittossa.com\/wp-content\/uploads\/2022\/03\/BTT_rutes_tossa_de_mar.jpg);background-repeat: no-repeat;\" data-img-width=\"1400\" data-img-height=\"270\"><\/div><div class=\"l-section-h i-cf\"><div class=\"g-cols vc_row type_default valign_middle\"><div class=\"vc_col-sm-12 wpb_column vc_column_container\"><div class=\"vc_column-inner\"><div class=\"wpb_wrapper\"><\/div><\/div><\/div><\/div><\/div><\/section><section class=\"l-section wpb_row height_large\" id=\"dblMd\"><div class=\"l-section-h i-cf\"><div class=\"g-cols vc_row type_default valign_top\"><div class=\"vc_col-sm-6 wpb_column vc_column_container imgCol\"><div class=\"vc_column-inner\"><div class=\"wpb_wrapper\"><div class=\"wpb_text_column tltMd\" ><div class=\"wpb_wrapper\"><h2 style=\"text-align: left;\">Itin\u00e9raire de Cadiretes<\/h2>\n<\/div><\/div><div class=\"wpb_text_column txtMd\" ><div class=\"wpb_wrapper\"><p><strong>D\u00e9part :<\/strong> point d&#8217;accueil de Tossa de Mar (\u00e0 c\u00f4t\u00e9 du pavillon sportif)<br \/>\n<strong>Distance de l\u2019itin\u00e9raire :<\/strong> 10,98 km<br \/>\n<strong>D\u00e9nivellation :<\/strong> 460 m<br \/>\n<strong>Temps estim\u00e9 :<\/strong> 1 h<br \/>\n<strong>Degr\u00e9 de difficult\u00e9 :<\/strong> Tr\u00e8s difficile.<\/p>\n<\/div><\/div><div class=\"w-image us_custom_fb1528c0 align_none\"><div class=\"w-image-h\"><img loading=\"lazy\" decoding=\"async\" width=\"611\" height=\"178\" src=\"https:\/\/visittossa.com\/wp-content\/uploads\/2021\/10\/Puig-de-Cadiretes.png\" class=\"attachment-full size-full\" alt=\"\" srcset=\"https:\/\/visittossa.com\/wp-content\/uploads\/2021\/10\/Puig-de-Cadiretes.png 611w, https:\/\/visittossa.com\/wp-content\/uploads\/2021\/10\/Puig-de-Cadiretes-300x87.png 300w\" sizes=\"auto, (max-width: 611px) 100vw, 611px\" \/><\/div><\/div><div class=\"wpb_text_column txtMd\" ><div class=\"wpb_wrapper\"><p>Cet itin\u00e9raire traverse les reliefs montagneux du massif de Cadiretes (PEIN), il permet aux participants d\u2019appr\u00e9cier des paysages m\u00e9diterran\u00e9ens et offre des vues merveilleuses de la c\u00f4te et de l&#8217;int\u00e9rieur. Il vaut la peine d\u2019atteindre le sommet de Cadiretes (hors d&#8217;itin\u00e9raire) duquel on peut voir une bonne partie de la r\u00e9gion et de ses alentours.<br \/>\nItin\u00e9raire dur, avec fortes pentes. Tr\u00e8s recommand\u00e9 pour les plus intr\u00e9pides. La descente peut \u00eatre dangereuse. Il partage une partie de l\u2019itin\u00e9raire de Les planes de l\u2019Aromir.<\/p>\n<p><a href=\"https:\/\/www.laselvaturisme.com\/wp-content\/uploads\/2016\/12\/BTT-1-Puig-de-Cadiretes.pdf\" target=\"_blank\" rel=\"noopener\"><strong>+ info<\/strong><\/a><\/p>\n<\/div><\/div><\/div><\/div><\/div><div class=\"vc_col-sm-6 wpb_column vc_column_container infoCol\"><div class=\"vc_column-inner\"><div class=\"wpb_wrapper\"><div class=\"w-image align_none\"><div class=\"w-image-h\"><img loading=\"lazy\" decoding=\"async\" width=\"1651\" height=\"2560\" src=\"https:\/\/visittossa.com\/wp-content\/uploads\/2022\/09\/Rutes_BTT_Tossa-scaled.jpg\" class=\"attachment-full size-full\" alt=\"Rutes_BTT_Tossa\" srcset=\"https:\/\/visittossa.com\/wp-content\/uploads\/2022\/09\/Rutes_BTT_Tossa-scaled.jpg 1651w, https:\/\/visittossa.com\/wp-content\/uploads\/2022\/09\/Rutes_BTT_Tossa-193x300.jpg 193w, https:\/\/visittossa.com\/wp-content\/uploads\/2022\/09\/Rutes_BTT_Tossa-660x1024.jpg 660w\" sizes=\"auto, (max-width: 1651px) 100vw, 1651px\" \/><\/div><\/div><\/div><\/div><\/div><\/div><\/div><\/section><section class=\"l-section wpb_row height_large\" id=\"dblMd\"><div class=\"l-section-h i-cf\"><div class=\"g-cols vc_row type_default valign_top\"><div class=\"vc_col-sm-6 wpb_column vc_column_container imgCol\"><div class=\"vc_column-inner\"><div class=\"wpb_wrapper\"><div class=\"wpb_text_column tltMd\" ><div class=\"wpb_wrapper\"><h2 style=\"text-align: left;\">Itin\u00e9raire de Les Planes de l\u2019Aromir<\/h2>\n<\/div><\/div><div class=\"wpb_text_column txtMd\" ><div class=\"wpb_wrapper\"><p><strong>D\u00e9part :<\/strong> point d&#8217;accueil de Tossa de Mar (\u00e0 c\u00f4t\u00e9 du pavillon sportif)<br \/>\n<strong>Distance de l\u2019itin\u00e9raire :<\/strong> 14,86 km<br \/>\n<strong>D\u00e9nivellation :<\/strong> 200 m<br \/>\n<strong>Temps estim\u00e9 :<\/strong> 1 h<br \/>\n<strong>Degr\u00e9 de difficult\u00e9 :<\/strong> Difficile<\/p>\n<\/div><\/div><div class=\"w-image us_custom_fb1528c0 align_none\"><div class=\"w-image-h\"><img loading=\"lazy\" decoding=\"async\" width=\"611\" height=\"178\" src=\"https:\/\/visittossa.com\/wp-content\/uploads\/2021\/10\/Planes-de-Aromir.png\" class=\"attachment-full size-full\" alt=\"\" srcset=\"https:\/\/visittossa.com\/wp-content\/uploads\/2021\/10\/Planes-de-Aromir.png 611w, https:\/\/visittossa.com\/wp-content\/uploads\/2021\/10\/Planes-de-Aromir-300x87.png 300w\" sizes=\"auto, (max-width: 611px) 100vw, 611px\" \/><\/div><\/div><div class=\"wpb_text_column txtMd\" ><div class=\"wpb_wrapper\"><p>Comme dans l&#8217;itin\u00e9raire de Cadiretes avec lequel il partage une partie de son parcours, ce chemin traverse le massif de Cadiretes. N\u00e9anmoins, ce dernier est moins exigeant, il alterne des passages qui comportent des c\u00f4tes et des pentes avec un d\u00e9nivel\u00e9 important et d&#8217;autres presque plats, faciles pour p\u00e9daler et qui permettent aux cyclistes de reprendre leurs forces. De temps en temps les chemins sont compl\u00e8tement recouverts par la v\u00e9g\u00e9tation de la montagne du littoral et d\u00e9bouchent sur des clairi\u00e8res qui offrent une vue de la c\u00f4te exceptionnelle.<\/p>\n<p><a href=\"https:\/\/www.laselvaturisme.com\/wp-content\/uploads\/2017\/01\/BTT-2-Les-planes-de-Aromir.pdf\" target=\"_blank\" rel=\"noopener\"><strong>+ info<\/strong><\/a><\/p>\n<\/div><\/div><\/div><\/div><\/div><div class=\"vc_col-sm-6 wpb_column vc_column_container infoCol\"><div class=\"vc_column-inner\"><div class=\"wpb_wrapper\"><div class=\"w-separator size_huge\"><\/div><div class=\"w-image align_none\"><div class=\"w-image-h\"><img loading=\"lazy\" decoding=\"async\" width=\"720\" height=\"481\" src=\"https:\/\/visittossa.com\/wp-content\/uploads\/2022\/04\/FB_IMG_1647526055083.jpg\" class=\"attachment-large size-large\" alt=\"Bicicleta Tossa\" srcset=\"https:\/\/visittossa.com\/wp-content\/uploads\/2022\/04\/FB_IMG_1647526055083.jpg 720w, https:\/\/visittossa.com\/wp-content\/uploads\/2022\/04\/FB_IMG_1647526055083-300x200.jpg 300w\" sizes=\"auto, (max-width: 720px) 100vw, 720px\" \/><\/div><\/div><\/div><\/div><\/div><\/div><\/div><\/section><section class=\"l-section wpb_row height_large\" id=\"dblMd\"><div class=\"l-section-h i-cf\"><div class=\"g-cols vc_row type_default valign_top\"><div class=\"vc_col-sm-6 wpb_column vc_column_container imgCol\"><div class=\"vc_column-inner\"><div class=\"wpb_wrapper\"><div class=\"wpb_text_column tltMd\" ><div class=\"wpb_wrapper\"><h2 style=\"text-align: left;\">Itin\u00e9raire d\u2019Aiguafina<\/h2>\n<\/div><\/div><div class=\"wpb_text_column txtMd\" ><div class=\"wpb_wrapper\"><p><strong>D\u00e9part :<\/strong> point d&#8217;accueil de Tossa de Mar (\u00e0 c\u00f4t\u00e9 du pavillon sportif)<br \/>\n<strong>Distance de l\u2019itin\u00e9raire :<\/strong> 18,41 km<br \/>\n<strong>D\u00e9nivellation :<\/strong> 185 m<br \/>\n<strong>Temps estim\u00e9 :<\/strong> 1 h 15 min<br \/>\n<strong>Degr\u00e9 de difficult\u00e9 :<\/strong> Difficile<\/p>\n<\/div><\/div><div class=\"w-image us_custom_fb1528c0 align_none\"><div class=\"w-image-h\"><img loading=\"lazy\" decoding=\"async\" width=\"611\" height=\"178\" src=\"https:\/\/visittossa.com\/wp-content\/uploads\/2021\/10\/Aiguafina.png\" class=\"attachment-full size-full\" alt=\"\" srcset=\"https:\/\/visittossa.com\/wp-content\/uploads\/2021\/10\/Aiguafina.png 611w, https:\/\/visittossa.com\/wp-content\/uploads\/2021\/10\/Aiguafina-300x87.png 300w\" sizes=\"auto, (max-width: 611px) 100vw, 611px\" \/><\/div><\/div><div class=\"wpb_text_column txtMd\" ><div class=\"wpb_wrapper\"><p>Un itin\u00e9raire qui est \u00e0 la port\u00e9e de tous, \u00e0 part quelques endroits un peu plus ardus. C&#8217;est le parcours le plus facile de Tossa de Mar, il pr\u00e9sente un faible d\u00e9nivel\u00e9 et des paysages tr\u00e8s vari\u00e9s: champs cultiv\u00e9s, for\u00eat m\u00e9diterran\u00e9enne, bois longeant la rivi\u00e8re, ruisseaux&#8230;<\/p>\n<p><a href=\"https:\/\/www.laselvaturisme.com\/wp-content\/uploads\/2016\/12\/BTT-3-Aiguafina.pdf\" target=\"_blank\" rel=\"noopener\"><strong>+ info<\/strong><\/a><\/p>\n<\/div><\/div><\/div><\/div><\/div><div class=\"vc_col-sm-6 wpb_column vc_column_container infoCol\"><div class=\"vc_column-inner\"><div class=\"wpb_wrapper\"><div class=\"w-separator size_huge\"><\/div><div class=\"w-image align_none\"><div class=\"w-image-h\"><img loading=\"lazy\" decoding=\"async\" width=\"1024\" height=\"768\" src=\"https:\/\/visittossa.com\/wp-content\/uploads\/2022\/04\/image00004-1024x768.jpeg\" class=\"attachment-large size-large\" alt=\"Tossa bicicleta monta\u00f1a\" srcset=\"https:\/\/visittossa.com\/wp-content\/uploads\/2022\/04\/image00004-1024x768.jpeg 1024w, https:\/\/visittossa.com\/wp-content\/uploads\/2022\/04\/image00004-300x225.jpeg 300w\" sizes=\"auto, (max-width: 1024px) 100vw, 1024px\" \/><\/div><\/div><\/div><\/div><\/div><\/div><\/div><\/section><section class=\"l-section wpb_row height_medium innerexp with_overlay\" id=\"experienciasMd\"><div class=\"l-section-overlay\" style=\"background: #ffffff\"><\/div><div class=\"l-section-h i-cf\"><div class=\"g-cols vc_row type_default valign_top\"><div class=\"vc_col-sm-12 wpb_column vc_column_container\"><div class=\"vc_column-inner\"><div class=\"wpb_wrapper\"><div class=\"g-cols wpb_row  type_default valign_top vc_inner\"><div class=\"vc_col-sm-1\/5 wpb_column vc_column_container\"><div class=\"vc_column-inner\"><div class=\"wpb_wrapper\"><\/div><\/div><\/div><div class=\"vc_col-sm-1\/5 wpb_column vc_column_container\"><div class=\"vc_column-inner\"><div class=\"wpb_wrapper\">\n<div id=\"interactive-banner-1-wrap-1482\" class=\"ult-banner-block ult-adjust-bottom-margin ult-bb-box  banner-style01 \"   style=\"\">\n\t<img decoding=\"async\" src=\"https:\/\/visittossa.com\/wp-content\/uploads\/2021\/10\/BOMBOLLA-MASSIS-CADIRETES.jpg\" alt=\"null\">\n\t<h3  data-ultimate-target='#interactive-banner-1-wrap-1482 .bb-top-title '  data-responsive-json-new='{\"font-size\":\"\",\"line-height\":\"\"}'  class=\"title-center bb-top-title ult-responsive\" style=\"font-weight:normal;background:#242424;color:#ffffff;\">Le massif de Cadiretes<\/h3>\n\t<div class=\"mask opaque-background\" style=\"background:rgba(35,35,35,0.41);\">\n\t\t<div  data-ultimate-target='#interactive-banner-1-wrap-1482 .bb-description'  data-responsive-json-new='{\"font-size\":\"\",\"line-height\":\"\"}'  class=\"bb-description ult-responsive\" style=\"font-weight:normal;color:#ffffff;\"><\/div>\n\t<\/div><a class=\"bb-link\" href=\"https:\/\/visittossa.com\/fr\/itineraires-et-nature\/decouvrez-la-montagne\/le-massif-de-cadiretes\/\" title=\"Le massif de Cadiretes\" ><\/a>\n<\/div><\/div><\/div><\/div><div class=\"vc_col-sm-1\/5 wpb_column vc_column_container\"><div class=\"vc_column-inner\"><div class=\"wpb_wrapper\">\n<div id=\"interactive-banner-1-wrap-3220\" class=\"ult-banner-block ult-adjust-bottom-margin ult-bb-box  banner-style01 \"   style=\"\">\n\t<img decoding=\"async\" src=\"https:\/\/visittossa.com\/wp-content\/uploads\/2021\/10\/BOMBOLLA-RUTES-SENDERISME.jpg\" alt=\"null\">\n\t<h3  data-ultimate-target='#interactive-banner-1-wrap-3220 .bb-top-title '  data-responsive-json-new='{\"font-size\":\"\",\"line-height\":\"\"}'  class=\"title-center bb-top-title ult-responsive\" style=\"font-weight:normal;background:#242424;color:#ffffff;\">Itin\u00e9raires de randonn\u00e9es<\/h3>\n\t<div class=\"mask opaque-background\" style=\"background:rgba(35,35,35,0.41);\">\n\t\t<div  data-ultimate-target='#interactive-banner-1-wrap-3220 .bb-description'  data-responsive-json-new='{\"font-size\":\"\",\"line-height\":\"\"}'  class=\"bb-description ult-responsive\" style=\"font-weight:normal;color:#ffffff;\"><\/div>\n\t<\/div><a class=\"bb-link\" href=\"https:\/\/visittossa.com\/fr\/itineraires-et-nature\/decouvrez-la-montagne\/itineraires-de-randonnees\/\" title=\"Itin\u00e9raires de randonn\u00e9es\" ><\/a>\n<\/div><\/div><\/div><\/div><div class=\"vc_col-sm-1\/5 wpb_column vc_column_container active\"><div class=\"vc_column-inner\"><div class=\"wpb_wrapper\">\n<div id=\"interactive-banner-1-wrap-9604\" class=\"ult-banner-block ult-adjust-bottom-margin ult-bb-box  banner-style01 \"   style=\"\">\n\t<img decoding=\"async\" src=\"https:\/\/visittossa.com\/wp-content\/uploads\/2021\/10\/Rutes-BTT.png\" alt=\"null\">\n\t<h3  data-ultimate-target='#interactive-banner-1-wrap-9604 .bb-top-title '  data-responsive-json-new='{\"font-size\":\"\",\"line-height\":\"\"}'  class=\"title-center bb-top-title ult-responsive\" style=\"font-weight:normal;background:#242424;color:#ffffff;\">Itin\u00e9raires en VTT<\/h3>\n\t<div class=\"mask opaque-background\" style=\"background:rgba(35,35,35,0.41);\">\n\t\t<div  data-ultimate-target='#interactive-banner-1-wrap-9604 .bb-description'  data-responsive-json-new='{\"font-size\":\"\",\"line-height\":\"\"}'  class=\"bb-description ult-responsive\" style=\"font-weight:normal;color:#ffffff;\"><\/div>\n\t<\/div><a class=\"bb-link\" href=\"https:\/\/visittossa.com\/fr\/itineraires-et-nature\/decouvrez-la-montagne\/itineraires-en-vtt\/\" title=\"Itin\u00e9raires en VTT\" ><\/a>\n<\/div><\/div><\/div><\/div><div class=\"vc_col-sm-1\/5 wpb_column vc_column_container\"><div class=\"vc_column-inner\"><div class=\"wpb_wrapper\"><\/div><\/div><\/div><\/div><\/div><\/div><\/div><\/div><\/div><\/section><section class=\"l-section wpb_row height_medium\" id=\"experienciasMd\"><div class=\"l-section-h i-cf\"><div class=\"g-cols vc_row type_default valign_top\"><div class=\"vc_col-sm-12 wpb_column vc_column_container\"><div class=\"vc_column-inner\"><div class=\"wpb_wrapper\"><div class=\"g-cols wpb_row  type_default valign_top vc_inner\"><div class=\"vc_col-sm-3 wpb_column vc_column_container\"><div class=\"vc_column-inner\"><div class=\"wpb_wrapper\">\n<div id=\"interactive-banner-1-wrap-1224\" class=\"ult-banner-block ult-adjust-bottom-margin ult-bb-box  banner-style01 \"   style=\"\">\n\t<img decoding=\"async\" src=\"https:\/\/visittossa.com\/wp-content\/uploads\/2021\/10\/BiosphereThumb.jpg\" alt=\"null\">\n\t<h3  data-ultimate-target='#interactive-banner-1-wrap-1224 .bb-top-title '  data-responsive-json-new='{\"font-size\":\"\",\"line-height\":\"\"}'  class=\"title-center bb-top-title ult-responsive\" style=\"font-weight:normal;background:#242424;color:#ffffff;\">Biosphere<\/h3>\n\t<div class=\"mask opaque-background\" style=\"background:rgba(35,35,35,0.41);\">\n\t\t<div  data-ultimate-target='#interactive-banner-1-wrap-1224 .bb-description'  data-responsive-json-new='{\"font-size\":\"\",\"line-height\":\"\"}'  class=\"bb-description ult-responsive\" style=\"font-weight:normal;color:#ffffff;\"><\/div>\n\t<\/div><a class=\"bb-link\" href=\"https:\/\/visittossa.com\/fr\/itineraires-et-nature\/biosphere\/\" title=\"Biosphere\" ><\/a>\n<\/div><\/div><\/div><\/div><div class=\"vc_col-sm-3 wpb_column vc_column_container\"><div class=\"vc_column-inner\"><div class=\"wpb_wrapper\">\n<div id=\"interactive-banner-1-wrap-8713\" class=\"ult-banner-block ult-adjust-bottom-margin ult-bb-box  banner-style01 \"   style=\"\">\n\t<img decoding=\"async\" src=\"https:\/\/visittossa.com\/wp-content\/uploads\/2021\/10\/Muntanya-thumb.jpg\" alt=\"null\">\n\t<h3  data-ultimate-target='#interactive-banner-1-wrap-8713 .bb-top-title '  data-responsive-json-new='{\"font-size\":\"\",\"line-height\":\"\"}'  class=\"title-center bb-top-title ult-responsive\" style=\"font-weight:normal;background:#242424;color:#ffffff;\">D\u00e9couvrez la montagne<\/h3>\n\t<div class=\"mask opaque-background\" style=\"background:rgba(35,35,35,0.41);\">\n\t\t<div  data-ultimate-target='#interactive-banner-1-wrap-8713 .bb-description'  data-responsive-json-new='{\"font-size\":\"\",\"line-height\":\"\"}'  class=\"bb-description ult-responsive\" style=\"font-weight:normal;color:#ffffff;\"><\/div>\n\t<\/div><a class=\"bb-link\" href=\"https:\/\/visittossa.com\/fr\/itineraires-et-nature\/decouvrez-la-montagne\/\" title=\"D\u00e9couvrez la montagne\" ><\/a>\n<\/div><\/div><\/div><\/div><div class=\"vc_col-sm-3 wpb_column vc_column_container\"><div class=\"vc_column-inner\"><div class=\"wpb_wrapper\">\n<div id=\"interactive-banner-1-wrap-8995\" class=\"ult-banner-block ult-adjust-bottom-margin ult-bb-box  banner-style01 \"   style=\"\">\n\t<img decoding=\"async\" src=\"https:\/\/visittossa.com\/wp-content\/uploads\/2021\/10\/Camins-de-Ronda-thumb.jpg\" alt=\"null\">\n\t<h3  data-ultimate-target='#interactive-banner-1-wrap-8995 .bb-top-title '  data-responsive-json-new='{\"font-size\":\"\",\"line-height\":\"\"}'  class=\"title-center bb-top-title ult-responsive\" style=\"font-weight:normal;background:#242424;color:#ffffff;\">Les chemins de ronde<\/h3>\n\t<div class=\"mask opaque-background\" style=\"background:rgba(35,35,35,0.41);\">\n\t\t<div  data-ultimate-target='#interactive-banner-1-wrap-8995 .bb-description'  data-responsive-json-new='{\"font-size\":\"\",\"line-height\":\"\"}'  class=\"bb-description ult-responsive\" style=\"font-weight:normal;color:#ffffff;\"><\/div>\n\t<\/div><a class=\"bb-link\" href=\"https:\/\/visittossa.com\/fr\/itineraires-et-nature\/les-chemins-de-ronde\/\" title=\"Les chemins de ronde\" ><\/a>\n<\/div><\/div><\/div><\/div><div class=\"vc_col-sm-3 wpb_column vc_column_container\"><div class=\"vc_column-inner\"><div class=\"wpb_wrapper\">\n<div id=\"interactive-banner-1-wrap-7440\" class=\"ult-banner-block ult-adjust-bottom-margin ult-bb-box  banner-style01 \"   style=\"\">\n\t<img decoding=\"async\" src=\"https:\/\/visittossa.com\/wp-content\/uploads\/2021\/10\/parcs-thumb.jpg\" alt=\"null\">\n\t<h3  data-ultimate-target='#interactive-banner-1-wrap-7440 .bb-top-title '  data-responsive-json-new='{\"font-size\":\"\",\"line-height\":\"\"}'  class=\"title-center bb-top-title ult-responsive\" style=\"font-weight:normal;background:#242424;color:#ffffff;\">Parcs<\/h3>\n\t<div class=\"mask opaque-background\" style=\"background:rgba(35,35,35,0.41);\">\n\t\t<div  data-ultimate-target='#interactive-banner-1-wrap-7440 .bb-description'  data-responsive-json-new='{\"font-size\":\"\",\"line-height\":\"\"}'  class=\"bb-description ult-responsive\" style=\"font-weight:normal;color:#ffffff;\"><\/div>\n\t<\/div><a class=\"bb-link\" href=\"https:\/\/visittossa.com\/fr\/itineraires-et-nature\/parcs\/\" title=\"Parcs\" ><\/a>\n<\/div><\/div><\/div><\/div><\/div><\/div><\/div><\/div><\/div><\/div><\/section>\n","protected":false},"excerpt":{"rendered":"Itin\u00e9raire de Cadiretes D\u00e9part : point d&#8217;accueil de Tossa de Mar (\u00e0 c\u00f4t\u00e9 du pavillon sportif) Distance de l\u2019itin\u00e9raire : 10,98 km D\u00e9nivellation : 460 m Temps estim\u00e9 : 1 h Degr\u00e9 de difficult\u00e9 : Tr\u00e8s difficile. Cet itin\u00e9raire traverse les reliefs montagneux du massif de Cadiretes (PEIN), il permet aux participants d\u2019appr\u00e9cier des paysages...","protected":false},"author":1,"featured_media":0,"parent":5504,"menu_order":0,"comment_status":"closed","ping_status":"closed","template":"","meta":{"_monsterinsights_skip_tracking":false,"_monsterinsights_sitenote_active":false,"_monsterinsights_sitenote_note":"","_monsterinsights_sitenote_category":0,"footnotes":""},"class_list":["post-5516","page","type-page","status-publish","hentry"],"_links":{"self":[{"href":"https:\/\/visittossa.com\/fr\/wp-json\/wp\/v2\/pages\/5516","targetHints":{"allow":["GET"]}}],"collection":[{"href":"https:\/\/visittossa.com\/fr\/wp-json\/wp\/v2\/pages"}],"about":[{"href":"https:\/\/visittossa.com\/fr\/wp-json\/wp\/v2\/types\/page"}],"author":[{"embeddable":true,"href":"https:\/\/visittossa.com\/fr\/wp-json\/wp\/v2\/users\/1"}],"replies":[{"embeddable":true,"href":"https:\/\/visittossa.com\/fr\/wp-json\/wp\/v2\/comments?post=5516"}],"version-history":[{"count":9,"href":"https:\/\/visittossa.com\/fr\/wp-json\/wp\/v2\/pages\/5516\/revisions"}],"predecessor-version":[{"id":11089,"href":"https:\/\/visittossa.com\/fr\/wp-json\/wp\/v2\/pages\/5516\/revisions\/11089"}],"up":[{"embeddable":true,"href":"https:\/\/visittossa.com\/fr\/wp-json\/wp\/v2\/pages\/5504"}],"wp:attachment":[{"href":"https:\/\/visittossa.com\/fr\/wp-json\/wp\/v2\/media?parent=5516"}],"curies":[{"name":"wp","href":"https:\/\/api.w.org\/{rel}","templated":true}]}}