{"id":5486,"date":"2020-10-20T09:30:55","date_gmt":"2020-10-20T09:30:55","guid":{"rendered":"https:\/\/visittossa.com\/rutes-i-natura\/"},"modified":"2022-09-05T12:25:59","modified_gmt":"2022-09-05T12:25:59","slug":"itineraires-et-nature","status":"publish","type":"page","link":"https:\/\/visittossa.com\/fr\/itineraires-et-nature\/","title":{"rendered":"Itin\u00e9raires et nature"},"content":{"rendered":"<section class=\"l-section wpb_row height_large width_full tossaHd with_img\" id=\"hdMd\"><div class=\"l-section-img\" style=\"background-image: url(https:\/\/visittossa.com\/wp-content\/uploads\/2021\/10\/Rutes-i-natura-hd.jpg);background-repeat: no-repeat;\" data-img-width=\"1500\" data-img-height=\"370\"><\/div><div class=\"l-section-h i-cf\"><div class=\"g-cols vc_row type_default valign_middle\"><div class=\"vc_col-sm-12 wpb_column vc_column_container\"><div class=\"vc_column-inner\"><div class=\"wpb_wrapper\"><\/div><\/div><\/div><\/div><\/div><\/section><section class=\"l-section wpb_row height_medium\" id=\"introTxt\"><div class=\"l-section-h i-cf\"><div class=\"g-cols vc_row type_default valign_top\"><div class=\"vc_col-sm-12 wpb_column vc_column_container\"><div class=\"vc_column-inner\"><div class=\"wpb_wrapper\"><div class=\"wpb_text_column tltMd\" ><div class=\"wpb_wrapper\"><h2 style=\"text-align: center;\">Itin\u00e9raires et nature<\/h2>\n<\/div><\/div><div class=\"wpb_text_column txtMd\" ><div class=\"wpb_wrapper\"><p style=\"text-align: center;\">Imaginez-vous en pleine nature, profitant du silence, vous connaitrez des endroits de Tossa dont vous n\u2019auriez pas soup\u00e7onn\u00e9 l\u2019existence, des espaces d&#8217;une grande beaut\u00e9 tous impr\u00e9gn\u00e9s de l\u2019odeur de la nature: celle des pins, du romarin, du thym\u2026<\/p>\n<\/div><\/div><\/div><\/div><\/div><\/div><\/div><\/section><section class=\"l-section wpb_row height_medium new2021\" id=\"bnrMd\"><div class=\"l-section-h i-cf\"><div class=\"g-cols vc_row type_default valign_top\"><div class=\"vc_col-sm-12 wpb_column vc_column_container\"><div class=\"vc_column-inner\"><div class=\"wpb_wrapper\"><div class=\"g-cols wpb_row  type_default valign_top vc_inner\"><div class=\"vc_col-sm-3 wpb_column vc_column_container\"><div class=\"vc_column-inner\"><div class=\"wpb_wrapper\"><div class=\"w-ibanner animation_melete ratio_3x4 easing_ease\"><div class=\"w-ibanner-h\"><div class=\"w-ibanner-image\" style=\"background-image: url(https:\/\/visittossa.com\/wp-content\/uploads\/2021\/10\/Biosphere-thumb.jpg)\"><\/div><div class=\"w-ibanner-content\"><div class=\"w-ibanner-content-h\"><h5 class=\"w-ibanner-title\">Biosphere<\/h5><div class=\"w-ibanner-desc\"><\/div><\/div><\/div><\/div><a title=\"Biosphere\" href=\"https:\/\/visittossa.com\/fr\/itineraires-et-nature\/biosphere\/\" aria-label=\"Biosphere\"><\/a><\/div><\/div><\/div><\/div><div class=\"vc_col-sm-3 wpb_column vc_column_container\"><div class=\"vc_column-inner\"><div class=\"wpb_wrapper\"><div class=\"w-ibanner animation_melete ratio_3x4 easing_ease\"><div class=\"w-ibanner-h\"><div class=\"w-ibanner-image\" style=\"background-image: url(https:\/\/visittossa.com\/wp-content\/uploads\/2021\/10\/descobreix-muntanya-thumb.jpg)\"><\/div><div class=\"w-ibanner-content\"><div class=\"w-ibanner-content-h\"><h5 class=\"w-ibanner-title\">D\u00e9couvrez la montagne<\/h5><div class=\"w-ibanner-desc\"><\/div><\/div><\/div><\/div><a title=\"D\u00e9couvrez la montagne\" href=\"https:\/\/visittossa.com\/fr\/itineraires-et-nature\/decouvrez-la-montagne\/\" aria-label=\"D\u00e9couvrez la montagne\"><\/a><\/div><\/div><\/div><\/div><div class=\"vc_col-sm-3 wpb_column vc_column_container\"><div class=\"vc_column-inner\"><div class=\"wpb_wrapper\"><div class=\"w-ibanner animation_melete ratio_3x4 easing_ease\"><div class=\"w-ibanner-h\"><div class=\"w-ibanner-image\" style=\"background-image: url(https:\/\/visittossa.com\/wp-content\/uploads\/2021\/10\/Camins-de-Ronda-thumb.jpg)\"><\/div><div class=\"w-ibanner-content\"><div class=\"w-ibanner-content-h\"><h5 class=\"w-ibanner-title\">Les chemins de ronde<\/h5><div class=\"w-ibanner-desc\"><\/div><\/div><\/div><\/div><a title=\"Les chemins de ronde\" href=\"https:\/\/visittossa.com\/fr\/itineraires-et-nature\/les-chemins-de-ronde\/\" aria-label=\"Les chemins de ronde\"><\/a><\/div><\/div><\/div><\/div><div class=\"vc_col-sm-3 wpb_column vc_column_container\"><div class=\"vc_column-inner\"><div class=\"wpb_wrapper\"><div class=\"w-ibanner animation_melete ratio_3x4 easing_ease\"><div class=\"w-ibanner-h\"><div class=\"w-ibanner-image\" style=\"background-image: url(https:\/\/visittossa.com\/wp-content\/uploads\/2021\/10\/parcs-thumb.jpg)\"><\/div><div class=\"w-ibanner-content\"><div class=\"w-ibanner-content-h\"><h5 class=\"w-ibanner-title\">Parcs<\/h5><div class=\"w-ibanner-desc\"><\/div><\/div><\/div><\/div><a title=\"Parcs\" href=\"https:\/\/visittossa.com\/fr\/itineraires-et-nature\/parcs\/\" aria-label=\"Parcs\"><\/a><\/div><\/div><\/div><\/div><\/div><\/div><\/div><\/div><\/div><\/div><\/section>\n","protected":false},"excerpt":{"rendered":"Itin\u00e9raires et nature Imaginez-vous en pleine nature, profitant du silence, vous connaitrez des endroits de Tossa dont vous n\u2019auriez pas soup\u00e7onn\u00e9 l\u2019existence, des espaces d&#8217;une grande beaut\u00e9 tous impr\u00e9gn\u00e9s de l\u2019odeur de la nature: celle des pins, du romarin, du thym\u2026 BiosphereD\u00e9couvrez la montagneLes chemins de rondeParcs","protected":false},"author":1,"featured_media":0,"parent":0,"menu_order":0,"comment_status":"closed","ping_status":"closed","template":"","meta":{"_monsterinsights_skip_tracking":false,"_monsterinsights_sitenote_active":false,"_monsterinsights_sitenote_note":"","_monsterinsights_sitenote_category":0,"footnotes":""},"class_list":["post-5486","page","type-page","status-publish","hentry"],"_links":{"self":[{"href":"https:\/\/visittossa.com\/fr\/wp-json\/wp\/v2\/pages\/5486","targetHints":{"allow":["GET"]}}],"collection":[{"href":"https:\/\/visittossa.com\/fr\/wp-json\/wp\/v2\/pages"}],"about":[{"href":"https:\/\/visittossa.com\/fr\/wp-json\/wp\/v2\/types\/page"}],"author":[{"embeddable":true,"href":"https:\/\/visittossa.com\/fr\/wp-json\/wp\/v2\/users\/1"}],"replies":[{"embeddable":true,"href":"https:\/\/visittossa.com\/fr\/wp-json\/wp\/v2\/comments?post=5486"}],"version-history":[{"count":11,"href":"https:\/\/visittossa.com\/fr\/wp-json\/wp\/v2\/pages\/5486\/revisions"}],"predecessor-version":[{"id":9722,"href":"https:\/\/visittossa.com\/fr\/wp-json\/wp\/v2\/pages\/5486\/revisions\/9722"}],"wp:attachment":[{"href":"https:\/\/visittossa.com\/fr\/wp-json\/wp\/v2\/media?parent=5486"}],"curies":[{"name":"wp","href":"https:\/\/api.w.org\/{rel}","templated":true}]}}