{"id":5322,"date":"2021-12-13T10:40:05","date_gmt":"2021-12-13T10:40:05","guid":{"rendered":"https:\/\/visittossa.com\/activitats-esportives\/"},"modified":"2024-02-12T13:31:48","modified_gmt":"2024-02-12T13:31:48","slug":"activites-sportives","status":"publish","type":"page","link":"https:\/\/visittossa.com\/fr\/activites-sportives\/","title":{"rendered":"Activit\u00e9s sportives"},"content":{"rendered":"<section class=\"l-section wpb_row height_large innerHd with_img\" id=\"hdMd\"><div class=\"l-section-img\" style=\"background-image: url(https:\/\/visittossa.com\/wp-content\/uploads\/2022\/03\/Kayak-Tossa-scaled.jpg);background-repeat: no-repeat;\" data-img-width=\"2560\" data-img-height=\"1165\"><\/div><div class=\"l-section-h i-cf\"><div class=\"g-cols vc_row type_default valign_top\"><div class=\"vc_col-sm-12 wpb_column vc_column_container\"><div class=\"vc_column-inner\"><div class=\"wpb_wrapper\"><\/div><\/div><\/div><\/div><\/div><\/section><section class=\"l-section wpb_row height_medium\" id=\"introTxt\"><div class=\"l-section-h i-cf\"><div class=\"g-cols vc_row type_default valign_top\"><div class=\"vc_col-sm-12 wpb_column vc_column_container\"><div class=\"vc_column-inner\"><div class=\"wpb_wrapper\"><div class=\"wpb_text_column ttlMd\" ><div class=\"wpb_wrapper\"><h2 style=\"text-align: center;\">Activit\u00e9s sportives \u00e0 Tossa de mar<\/h2>\n<\/div><\/div><div class=\"wpb_text_column txtMd\" ><div class=\"wpb_wrapper\"><p style=\"text-align: center;\">D\u00e9couvrez une ville de Tossa active et ludique, dot\u00e9e des installations et des services n\u00e9cessaires pour vous proposer une grande vari\u00e9t\u00e9 d\u2019activit\u00e9s sportives.<\/p>\n<\/div><\/div><\/div><\/div><\/div><\/div><\/div><\/section><section class=\"l-section wpb_row height_auto\" id=\"srchMd\"><div class=\"l-section-h i-cf\"><div class=\"g-cols vc_row type_default valign_top\"><div class=\"vc_col-sm-12 wpb_column vc_column_container\"><div class=\"vc_column-inner\"><div class=\"wpb_wrapper\"><div class=\"wpb_text_column\" ><div class=\"wpb_wrapper\"><form data-sf-form-id='8813' data-is-rtl='0' data-maintain-state='' data-results-url='https:\/\/visittossa.com\/fr\/activites-sportives\/' data-ajax-url='https:\/\/visittossa.com\/fr\/?sfid=8813&amp;sf_action=get_data&amp;sf_data=results' data-ajax-form-url='https:\/\/visittossa.com\/fr\/?sfid=8813&amp;sf_action=get_data&amp;sf_data=form' data-display-result-method='shortcode' data-use-history-api='1' data-template-loaded='0' data-lang-code='fr' data-ajax='1' data-ajax-data-type='json' data-ajax-links-selector='.pagination a' data-ajax-target='#search-filter-results-8813' data-ajax-pagination-type='infinite_scroll' data-show-scroll-loader='1' data-infinite-scroll-trigger='-100' data-update-ajax-url='1' data-only-results-ajax='1' data-scroll-to-pos='0' data-init-paged='1' data-auto-update='' action='https:\/\/visittossa.com\/fr\/activites-sportives\/' method='post' class='searchandfilter' id='search-filter-form-8813' autocomplete='off' data-instance-count='1'><ul><li class=\"sf-field-search\" data-sf-field-name=\"search\" data-sf-field-type=\"search\" data-sf-field-input-type=\"\">\t\t<label><input placeholder=\"Trouver activit\u00e9s\u2026\" name=\"_sf_search[]\" class=\"sf-input-text\" type=\"text\" value=\"\" title=\"\"><\/label>\t\t<\/li><li class=\"sf-field-taxonomy-categories_activitats\" data-sf-field-name=\"_sft_categories_activitats\" data-sf-field-type=\"taxonomy\" data-sf-field-input-type=\"select\">\t\t<label>\n\t\t\t\t<select name=\"_sft_categories_activitats[]\" class=\"sf-input-select\" title=\"\">\n\t\t\t\n\t\t\t\t\t\t<option class=\"sf-level-0 sf-item-0 sf-option-active\" selected=\"selected\" data-sf-count=\"0\" data-sf-depth=\"0\" value=\"\">Types d&#039;activit\u00e9s\u2026<\/option>\n\t\t\t\t\t\t<option class=\"sf-level-0 sf-item-466\" data-sf-count=\"1\" data-sf-depth=\"0\" value=\"basquet-i-voleibol-fr\">Basket-ball et volley-ball<\/option>\n\t\t\t\t\t\t<option class=\"sf-level-0 sf-item-472\" data-sf-count=\"6\" data-sf-depth=\"0\" value=\"canoa-caiac-fr\">Cano\u00eb \/ kayak<\/option>\n\t\t\t\t\t\t<option class=\"sf-level-0 sf-item-487\" data-sf-count=\"1\" data-sf-depth=\"0\" value=\"futbol-i-rugbi-fr\">Football et rugby<\/option>\n\t\t\t\t\t\t<option class=\"sf-level-0 sf-item-490\" data-sf-count=\"4\" data-sf-depth=\"0\" value=\"gimnas-fr\">Gymnase<\/option>\n\t\t\t\t\t\t<option class=\"sf-level-0 sf-item-493\" data-sf-count=\"1\" data-sf-depth=\"0\" value=\"natacio-fr\">Natation<\/option>\n\t\t\t\t\t\t<option class=\"sf-level-0 sf-item-499\" data-sf-count=\"5\" data-sf-depth=\"0\" value=\"paddle-surf-fr\">Paddle surf<\/option>\n\t\t\t\t\t\t<option class=\"sf-level-0 sf-item-496\" data-sf-count=\"3\" data-sf-depth=\"0\" value=\"padel-fr\">Padel<\/option>\n\t\t\t\t\t\t<option class=\"sf-level-0 sf-item-587\" data-sf-count=\"1\" data-sf-depth=\"0\" value=\"pilates\">Pilates<\/option>\n\t\t\t\t\t\t<option class=\"sf-level-0 sf-item-505\" data-sf-count=\"9\" data-sf-depth=\"0\" value=\"submarinisme-fr\">Plong\u00e9e sous-marine<\/option>\n\t\t\t\t\t\t<option class=\"sf-level-0 sf-item-502\" data-sf-count=\"1\" data-sf-depth=\"0\" value=\"skatepark-fr\">Skatepark<\/option>\n\t\t\t\t\t\t<option class=\"sf-level-0 sf-item-511\" data-sf-count=\"1\" data-sf-depth=\"0\" value=\"tennis-fr\">Tennis<\/option>\n\t\t\t\t\t\t<option class=\"sf-level-0 sf-item-469\" data-sf-count=\"2\" data-sf-depth=\"0\" value=\"btt-fr\">VTT<\/option>\n\t\t\t\t\t\t<option class=\"sf-level-0 sf-item-586\" data-sf-count=\"2\" data-sf-depth=\"0\" value=\"yoga-fr\">Yoga<\/option>\n\t\t\t\t\t<\/select>\n\t\t<\/label>\t\t<\/li><li class=\"sf-field-submit\" data-sf-field-name=\"submit\" data-sf-field-type=\"submit\" data-sf-field-input-type=\"\"><input type=\"submit\" name=\"_sf_submit\" value=\"filtrer les r\u00e9sultats\"><\/li><\/ul><\/form>\n<\/div><\/div><\/div><\/div><\/div><\/div><\/div><\/section><section class=\"l-section wpb_row height_medium\" id=\"rsltMd\"><div class=\"l-section-h i-cf\"><div class=\"g-cols vc_row type_default valign_top\"><div class=\"vc_col-sm-12 wpb_column vc_column_container\"><div class=\"vc_column-inner\"><div class=\"wpb_wrapper\"><div class=\"wpb_text_column\" ><div class=\"wpb_wrapper\"><div class=\"search-filter-results\" id=\"search-filter-results-8813\">\t\n\t\t\t<div class=\"itemRslt\">\n\t\t\t\t\t\t<h6 class=\"ttlRslt\">Andreas Diving<\/h6>\n\t\t\t<p><p style=\"text-align: center;\"><strong>Av. Sant Raimon de Penyafort, 11<\/strong><\/p>\n<p style=\"text-align: center;\">Tel.\u00a0<a href=\"tel:0034972342026\">+34 972 342 026<\/a><br \/>\nTel. <a href=\"tel:0034666531136\">+34 666 531 136<\/a><br \/>\n<a href=\"https:\/\/www.andreasdiving.com\/\" target=\"_blank\" rel=\"noopener noreferrer\">www.andreasdiving.com<\/a><\/p>\n<\/p>\n\t\t<\/div>\n\t\t\t\t<div class=\"itemRslt\">\n\t\t\t\t\t\t<h6 class=\"ttlRslt\">Brava Aventura<\/h6>\n\t\t\t<p><p style=\"text-align: center;\"><strong>Platja de Llorell (Llevant)<\/strong><br \/>\nTel. +34 872 723 924<br \/>\n<a href=\"https:\/\/www.bravaaventura.com\/\" target=\"_blank\" rel=\"noopener noreferrer\">www.bravaaventura.com<\/a><\/p>\n<\/p>\n\t\t<\/div>\n\t\t\t\t<div class=\"itemRslt\">\n\t\t\t\t\t\t<h6 class=\"ttlRslt\">Cala Pola<\/h6>\n\t\t\t<p><p style=\"text-align: center;\"><strong>Ctra. St. Feliu, Km. 5<\/strong><\/p>\n<p style=\"text-align: center;\">Tel.\u00a0<a href=\"tel:+34 972 340 000\">+34 972 341 050<\/a><br \/>\n<a href=\"https:\/\/www.polagiverola.com\/\" target=\"_blank\" rel=\"noopener noreferrer\">www.campingcalapola.com<\/a><br \/>\n<a href=\"mailto:info@campingcalapola.com\" target=\"_blank\" rel=\"noopener\">info@campingcalapola.com<\/a><\/p>\n<\/p>\n\t\t<\/div>\n\t\t\t\t<div class=\"itemRslt\">\n\t\t\t\t\t\t<h6 class=\"ttlRslt\">Courts de padel municipals<\/h6>\n\t\t\t<p><p style=\"text-align: center;\"><strong>Zone sportive Anna Esteve-Llach\u00a0<\/strong><br \/>\n(devant la piscine municipale couverte)<\/p>\n<p style=\"text-align: center;\">Tel. <a href=\"http:\/\/+34 972 621 329\">+34 972 621 329<\/a><br \/>\nTel. +34 630 012 975<br \/>\n<a href=\"https:\/\/www.instagram.com\/fitsana_sportstossa?igsh=MXN6aDF2dzBmb3BhMg==\" target=\"_blank\" rel=\"noopener noreferrer\">Instagram Fitsana<\/a><\/p>\n<p style=\"text-align: center;\"><a href=\"mailto:recepcio.fitsana@gmail.com\" target=\"_blank\" rel=\"noopener\">recepcio.fitsana@gmail.com<\/a><\/p>\n<\/p>\n\t\t<\/div>\n\t\t\t\t<div class=\"itemRslt\">\n\t\t\t\t\t\t<h6 class=\"ttlRslt\">Diving &#038; Combat<\/h6>\n\t\t\t<p><p style=\"text-align: center;\"><strong>Av. Catalunya, 84<\/strong><\/p>\n<p style=\"text-align: center;\">Tel.\u00a0<a href=\"tel:0034972342303\">+34 972 342 303<br \/>\n<\/a><a href=\"https:\/\/www.divingandcombat.com\/\" target=\"_blank\" rel=\"noopener noreferrer\">www.divingandcombat.com<\/a><br \/>\n<a href=\"mailto:info@divingandcombat.com\" target=\"_blank\" rel=\"noopener noreferrer\">info@divingandcombat.com<\/a><\/p>\n<\/p>\n\t\t<\/div>\n\t\t\t\t<div class=\"itemRslt\">\n\t\t\t\t\t\t<h6 class=\"ttlRslt\">Diving Center l\u2019\u00c0mfora<\/h6>\n\t\t\t<p><p style=\"text-align: center;\"><strong>C\/ Puig Gros, 9<\/strong><\/p>\n<p style=\"text-align: center;\">Tel.\u00a0<a href=\"tel:+34 618 626 533\">+34 618 626 533<\/a><br \/>\n<a href=\"http:\/\/www.lamfora.com\/\" target=\"_blank\" rel=\"noopener noreferrer\">http:\/\/www.lamfora.com\/<\/a><br \/>\n<a href=\"mailto:info@lamfora.com\" target=\"_blank\" rel=\"noopener noreferrer\">info@lamfora.com<\/a><\/p>\n<\/p>\n\t\t<\/div>\n\t\t\t\t<div class=\"itemRslt\">\n\t\t\t\t\t\t<h6 class=\"ttlRslt\">Dream Dive<\/h6>\n\t\t\t<p><p style=\"text-align: center;\"><strong>C\/ Enric Granados, 5<\/strong><\/p>\n<p style=\"text-align: center;\">Tel. +34 653 932 323<br \/>\n<a href=\"https:\/\/www.dreamdive.es\/\" target=\"_blank\" rel=\"noopener noreferrer\">www.dreamdive.es<\/a><br \/>\n<a href=\"mailto:info@dreamdive.es\" target=\"_blank\" rel=\"noopener noreferrer\">info@dreamdive.es<\/a><\/p>\n<\/p>\n\t\t<\/div>\n\t\t\t\t<div class=\"itemRslt\">\n\t\t\t\t\t\t<h6 class=\"ttlRslt\">Get Active<\/h6>\n\t\t\t<p><p style=\"text-align: center;\"><strong>Platja de Llorell &#8211; Garb\u00ed<\/strong><\/p>\n<p style=\"text-align: center;\">Tel.\u00a0<a href=\"tel:+34 625 343 690\">+34 625 343 690<\/a><br \/>\n<a href=\"http:\/\/getactivetossa.com\/ca\/\" target=\"_blank\" rel=\"noopener noreferrer\">http:\/\/getactivetossa.com\/<\/a><br \/>\n<a href=\"mailto:gruposorganizados@gruposorganizados.com\" target=\"_blank\" rel=\"noopener\">gruposorganizados@gruposorganizados.com<\/a><\/p>\n<\/p>\n\t\t<\/div>\n\t\t\t\t<div class=\"itemRslt\">\n\t\t\t\t\t\t<h6 class=\"ttlRslt\">Go tour Tossa!<\/h6>\n\t\t\t<p><p style=\"text-align: center;\"><strong>Platja de la Mar Menuda<\/strong><\/p>\n<p style=\"text-align: center;\">Tel.\u00a0<a href=\"tel:+34 600 007 570\">+34 600 007 570<\/a><br \/>\n<a href=\"http:\/\/www.gotourtossa.com\" target=\"_blank\" rel=\"noopener noreferrer\">www.gotourtossa.com<\/a><br \/>\n<a href=\"mailto:gotourtossa@gmail.com\" target=\"_blank\" rel=\"noopener noreferrer\">gotourtossa@gmail.com<\/a><\/p>\n<\/p>\n\t\t<\/div>\n\t\t\t\t<div class=\"itemRslt\">\n\t\t\t\t\t\t<h6 class=\"ttlRslt\">Gran Hotel Reymar<\/h6>\n\t\t\t<p><p style=\"text-align: center;\"><strong>C\/ Joaquim Esteve Llach, s\/n<\/strong><\/p>\n<p style=\"text-align: center;\">Tel. <a href=\"http:\/\/+34 972 340 312\">+34 972 340 312<\/a><br \/>\n<a href=\"https:\/\/www.ghreymar.com\/\" target=\"_blank\" rel=\"noopener noreferrer\">www.ghreymar.com<\/a><br \/>\n<a href=\"mailto:mail@ghreymar.com\" target=\"_blank\" rel=\"noopener noreferrer\">mail@ghreymar.com<\/a><\/p>\n<\/p>\n\t\t<\/div>\n\t\t\t\t<div class=\"itemRslt\">\n\t\t\t\t\t\t<h6 class=\"ttlRslt\">Gymnase municipal<\/h6>\n\t\t\t<p><p style=\"text-align: center;\"><strong>Piscine municipale \u2013 Zone Sportive Anna Esteve-Llach<\/strong><\/p>\n<p style=\"text-align: center;\">Tel.\u00a0<a href=\"http:\/\/+34%20972%20621%20329\/\">+34 972 621 329<\/a><br \/>\nTel.\u00a0+34 630 012 975<br \/>\n<a href=\"http:\/\/www.instagram.com\/fitsana_piscina_municipal_tossa\" target=\"_blank\" rel=\"noopener\">Instagra<\/a>m Fitsana<\/p>\n<p style=\"text-align: center;\"><a href=\"mailto:recepcio.fitsana@gmail.com\" target=\"_blank\" rel=\"noopener\">recepcio.fitsana@gmail.com<\/a><\/p>\n<p>&nbsp;<\/p>\n<\/p>\n\t\t<\/div>\n\t\t\t\t<div class=\"itemRslt\">\n\t\t\t\t\t\t<h6 class=\"ttlRslt\">Hotel Marina Tossa<\/h6>\n\t\t\t<p><p style=\"text-align: center;\"><strong>Av. Catalunya, 27<\/strong><\/p>\n<p style=\"text-align: center;\">Tel. +34 972 340 221<br \/>\n<a href=\"https:\/\/www.hotemarinatossa.es\/\" target=\"_blank\" rel=\"noopener noreferrer\">www.hotemarinatossa.es<\/a><br \/>\n<a href=\"mailto:info@hotelmarinatossa.es\" target=\"_blank\" rel=\"noopener noreferrer\">info@hotelmarinatossa.es<\/a><\/p>\n<\/p>\n\t\t<\/div>\n\t\t\t\t<div class=\"itemRslt\">\n\t\t\t\t\t\t<h6 class=\"ttlRslt\">Jimbo Bikes<\/h6>\n\t\t\t<p><p style=\"text-align: center;\"><strong>Rambla Pau Casals, 12, local 4<\/strong><\/p>\n<p style=\"text-align: center;\">Tel.\u00a0<a href=\"tel:+34 972 343 044\">+34 972 343 044<\/a><br \/>\n<a href=\"https:\/\/www.jimbobikes.com\/\" target=\"_blank\" rel=\"noopener noreferrer\">www.jimbobikes.com<\/a><br \/>\n<a href=\"mailto:info@jimbobikes.com\" target=\"_blank\" rel=\"noopener noreferrer\">info@jimbobikes.com<\/a><\/p>\n<\/p>\n\t\t<\/div>\n\t\t\t\t<div class=\"itemRslt\">\n\t\t\t\t\t\t<h6 class=\"ttlRslt\">Kayaks Nicolau<\/h6>\n\t\t\t<p><p style=\"text-align: center;\"><strong>Platja de la Mar Menuda<\/strong><\/p>\n<p style=\"text-align: center;\">Tel.\u00a0<a href=\"tel:0034972342646\">+34 972 342 646<\/a><br \/>\nTel. <a href=\"tel:0034608802485\">+34 608 802 485<\/a><br \/>\n<a href=\"http:\/\/www.kayaksnicolau.cat\/\" target=\"_blank\" rel=\"noopener noreferrer\">http:\/\/www.kayaksnicolau.cat\/<\/a><br \/>\n<a href=\"mailto:info@kayaksnicolau.cat\">info@kayaksnicolau.cat<\/a><\/p>\n<\/p>\n\t\t<\/div>\n\t\t\t\t<div class=\"itemRslt\">\n\t\t\t\t\t\t<h6 class=\"ttlRslt\">Krakendive<\/h6>\n\t\t\t<p><p style=\"text-align: center;\"><strong>Platja de Mar Menuda s\/n<\/strong><\/p>\n<p style=\"text-align: center;\">Tel.\u00a0<a href=\"tel:+34 668 837 388\">+34 668 837 388<\/a><br \/>\n<a href=\"http:\/\/krakendive.com\/\" target=\"_blank\" rel=\"noopener noreferrer\">http:\/\/krakendive.com\/<\/a><br \/>\n<a href=\"mailto:krakendive@krakendive.com\" target=\"_blank\" rel=\"noopener noreferrer\">krakendive@krakendive.com<\/a><\/p>\n<\/p>\n\t\t<\/div>\n\t\t\t\t<div class=\"itemRslt\">\n\t\t\t\t\t\t<h6 class=\"ttlRslt\">La Sala<\/h6>\n\t\t\t<p><p style=\"text-align: center;\"><strong>C\/ M\u00aa Auxiliadora, 17<\/strong><\/p>\n<p style=\"text-align: center;\">Tel. +34 652 840 063<\/p>\n<\/p>\n\t\t<\/div>\n\t\t\t\t<div class=\"itemRslt\">\n\t\t\t\t\t\t<h6 class=\"ttlRslt\">Lioness gym<\/h6>\n\t\t\t<p><p style=\"text-align: center;\"><strong>C\/ Dr. Fleming, 6 Local 1<\/strong><\/p>\n<p style=\"text-align: center;\">Tel. +34 \u00a0603 606 242<\/p>\n<\/p>\n\t\t<\/div>\n\t\t\t\t<div class=\"itemRslt\">\n\t\t\t\t\t\t<h6 class=\"ttlRslt\">Parc de callisth\u00e9nie<\/h6>\n\t\t\t<p><p style=\"text-align: center;\"><strong>Platja Mar Menuda<br \/>\n<\/strong>(\u00e0 c\u00f4t\u00e9 de la plage)<\/p>\n<p style=\"text-align: center;\">Tel.\u00a0<a href=\"tel:+34 608 223 555\">+34 608 223 555<\/a><br \/>\n<a href=\"mailto:esports@tossademar.org\" target=\"_blank\" rel=\"noopener noreferrer\">esports@tossademar.org<\/a><\/p>\n<\/p>\n\t\t<\/div>\n\t\t\t\t<div class=\"itemRslt\">\n\t\t\t\t\t\t<h6 class=\"ttlRslt\">Parc urbain de sant\u00e9<\/h6>\n\t\t\t<p><p style=\"text-align: center;\"><strong>Zone Sportive Anna Esteve-Llach s\/n<\/strong><\/p>\n<\/p>\n\t\t<\/div>\n\t\t\t\t<div class=\"itemRslt\">\n\t\t\t\t\t\t<h6 class=\"ttlRslt\">Pavillon Sportif Municipal<\/h6>\n\t\t\t<p><p style=\"text-align: center;\"><strong>Zone sportive Anna Esteve-Llach<\/strong><\/p>\n<p style=\"text-align: center;\">Tel.\u00a0<a href=\"tel:+34 608 223 555\">+34 608 223 555<\/a><br \/>\n<a href=\"mailto:esports@tossademar.org\" target=\"_blank\" rel=\"noopener noreferrer\">esports@tossademar.org<\/a><\/p>\n<\/p>\n\t\t<\/div>\n\t\t\t\t<div class=\"itemRslt\">\n\t\t\t\t\t\t<h6 class=\"ttlRslt\">Piscine municipale couverte<\/h6>\n\t\t\t<p><p style=\"text-align: center;\"><strong>Zone sportive Anna Esteve Llach<\/strong><\/p>\n<p style=\"text-align: center;\">Tel. <a href=\"http:\/\/+34 972 621 329\">+34 972 621 329<\/a><br \/>\nTel. +34 630 012 975<br \/>\n<a href=\"http:\/\/www.instagram.com\/fitsana_piscina_municipal_tossa\" target=\"_blank\" rel=\"noopener\">Instagram Fitsana<\/a><\/p>\n<p style=\"text-align: center;\"><a href=\"mailto:recepcio.fitsana@gmail.com\" target=\"_blank\" rel=\"noopener\">recepcio.fitsana@gmail.com<\/a><\/p>\n<p>&nbsp;<\/p>\n<\/p>\n\t\t<\/div>\n\t\t\t\t<div class=\"itemRslt\">\n\t\t\t\t\t\t<h6 class=\"ttlRslt\">Point d&#8217;accueil VTT<\/h6>\n\t\t\t<p><p style=\"text-align: center;\"><strong>Zone sportive Anna Esteve-Llach<\/strong><\/p>\n<p style=\"text-align: center;\">Tel.\u00a0<a href=\"tel:+34 608 223 555\">+34 608 223 555<\/a><br \/>\n<a href=\"mailto:esports@tossademar.org\" target=\"_blank\" rel=\"noopener noreferrer\">esports@tossademar.org<\/a><\/p>\n<\/p>\n\t\t<\/div>\n\t\t\t\t<div class=\"itemRslt\">\n\t\t\t\t\t\t<h6 class=\"ttlRslt\">Raya&#8217;s Diving<\/h6>\n\t\t\t<p><p style=\"text-align: center;\"><strong>Av. Catalunya, 23<\/strong><\/p>\n<p style=\"text-align: center;\">Tel. <a href=\"http:\/\/+34 972 341 147\">+34 972 341 147<\/a><br \/>\nTel. +34 630 123 739<br \/>\n<a href=\"http:\/\/www.rayasdiving.com\/\" target=\"_blank\" rel=\"noopener noreferrer\">http:\/\/www.rayasdiving.com\/<\/a><br \/>\n<a href=\"mailto:info@rayasdiving.com\" target=\"_blank\" rel=\"noopener noreferrer\">info@rayasdiving.com<\/a><\/p>\n<\/p>\n\t\t<\/div>\n\t\t\t\t<div class=\"itemRslt\">\n\t\t\t\t\t\t<h6 class=\"ttlRslt\">Skatepark<\/h6>\n\t\t\t<p><p style=\"text-align: center;\"><strong>C\/ Llu\u00eds Companys, s\/n<\/strong><\/p>\n<p style=\"text-align: center;\">Tel. <a href=\"http:\/\/+34 608 22 35 55\">+34 608 22 35 55<\/a><br \/>\n<a href=\"mailto:esports@tossademar.org\" target=\"_blank\" rel=\"noopener noreferrer\">esports@tossademar.org<\/a><\/p>\n<\/p>\n\t\t<\/div>\n\t\t\t\t<div class=\"itemRslt\">\n\t\t\t\t\t\t<h6 class=\"ttlRslt\">SuperDive Tossa<\/h6>\n\t\t\t<p><p style=\"text-align: center;\"><strong>C\/ Lope Mateo, 1<\/strong><\/p>\n<p style=\"text-align: center;\">Tel. <a href=\"http:\/\/+34 972 341 741\">+34 972 341 741<\/a><br \/>\nTel. <a href=\"http:\/\/+34 630 029 296\">+34 630 029 296<\/a><br \/>\n<a href=\"https:\/\/www.superdivetossa.com\/\" target=\"_blank\" rel=\"noopener noreferrer\">www.superdivetossa.com<\/a><br \/>\n<a href=\"mailto:hola@superdivetossa.com\" target=\"_blank\" rel=\"noopener noreferrer\">hola@superdivetossa.com<\/a><\/p>\n<\/p>\n\t\t<\/div>\n\t\t\t\t<div class=\"itemRslt\">\n\t\t\t\t\t\t<h6 class=\"ttlRslt\">Terrain de football (en gazon synth\u00e9tique)<\/h6>\n\t\t\t<p><p style=\"text-align: center;\"><strong>Zone sportive Anna Esteve Llach<\/strong><\/p>\n<p style=\"text-align: center;\">Tel.\u00a0<a href=\"tel:+34 608 223 555\">+34 608 223 555<\/a><br \/>\n<a href=\"mailto:esports@tossademar.org\" target=\"_blank\" rel=\"noopener noreferrer\">esports@tossademar.org<\/a><\/p>\n<\/p>\n\t\t<\/div>\n\t\t\t\t<div class=\"itemRslt\">\n\t\t\t\t\t\t<h6 class=\"ttlRslt\">Tossa Divers Center<\/h6>\n\t\t\t<p><p style=\"text-align: center;\"><strong>Av. Mar Menuda, 4<\/strong><\/p>\n<p style=\"text-align: center;\">Tel. <a href=\"http:\/\/+34 621 279 470\">+34 621 279 470<\/a><br \/>\n<a href=\"https:\/\/tossadivers.com\/?lang=en\" target=\"_blank\" rel=\"noopener\">www.tossadivers.com<br \/>\n<\/a><a href=\"mailto:info@tossadivers.com\" target=\"_blank\" rel=\"noopener\">info@tossadivers.com<\/a><\/p>\n<\/p>\n\t\t<\/div>\n\t\t\t\t<div class=\"itemRslt\">\n\t\t\t\t\t\t<h6 class=\"ttlRslt\">Tossasub<\/h6>\n\t\t\t<p><p style=\"text-align: center;\"><strong>Av. de la Palma, 17<\/strong><\/p>\n<p style=\"text-align: center;\">Tel.\u00a0<a href=\"tel:972343095\">972 343 095<\/a><br \/>\nTel. <a href=\"tel:629729856\">629 729 856<\/a><br \/>\n<a href=\"https:\/\/www.tossasub.com\/\" target=\"_blank\" rel=\"noopener noreferrer\">www.tossasub.com<\/a><br \/>\n<a href=\"mailto:info@tossasub.com\" target=\"_blank\" rel=\"noopener noreferrer\">info@tossasub.com<\/a><\/p>\n<\/p>\n\t\t<\/div>\n\t\t\t\n\n\t<\/div>\n<\/div><\/div><\/div><\/div><\/div><\/div><\/div><\/section>\n","protected":false},"excerpt":{"rendered":"Av. de la Palma, 17 Tel.\u00a0972 343 095 Tel. 629 729 856 www.tossasub.com info@tossasub.com","protected":false},"author":1,"featured_media":0,"parent":0,"menu_order":0,"comment_status":"closed","ping_status":"closed","template":"","meta":{"_monsterinsights_skip_tracking":false,"_monsterinsights_sitenote_active":false,"_monsterinsights_sitenote_note":"","_monsterinsights_sitenote_category":0,"footnotes":""},"class_list":["post-5322","page","type-page","status-publish","hentry"],"_links":{"self":[{"href":"https:\/\/visittossa.com\/fr\/wp-json\/wp\/v2\/pages\/5322","targetHints":{"allow":["GET"]}}],"collection":[{"href":"https:\/\/visittossa.com\/fr\/wp-json\/wp\/v2\/pages"}],"about":[{"href":"https:\/\/visittossa.com\/fr\/wp-json\/wp\/v2\/types\/page"}],"author":[{"embeddable":true,"href":"https:\/\/visittossa.com\/fr\/wp-json\/wp\/v2\/users\/1"}],"replies":[{"embeddable":true,"href":"https:\/\/visittossa.com\/fr\/wp-json\/wp\/v2\/comments?post=5322"}],"version-history":[{"count":6,"href":"https:\/\/visittossa.com\/fr\/wp-json\/wp\/v2\/pages\/5322\/revisions"}],"predecessor-version":[{"id":14044,"href":"https:\/\/visittossa.com\/fr\/wp-json\/wp\/v2\/pages\/5322\/revisions\/14044"}],"wp:attachment":[{"href":"https:\/\/visittossa.com\/fr\/wp-json\/wp\/v2\/media?parent=5322"}],"curies":[{"name":"wp","href":"https:\/\/api.w.org\/{rel}","templated":true}]}}