{"id":5313,"date":"2021-12-10T09:50:02","date_gmt":"2021-12-10T09:50:02","guid":{"rendered":"https:\/\/visittossa.com\/politica-de-cookies\/"},"modified":"2022-05-24T10:21:37","modified_gmt":"2022-05-24T10:21:37","slug":"politique-de-cookies","status":"publish","type":"page","link":"https:\/\/visittossa.com\/fr\/politique-de-cookies\/","title":{"rendered":"Pol\u00edtica de cookies"},"content":{"rendered":"<section class=\"l-section wpb_row height_medium\"><div class=\"l-section-h i-cf\"><div class=\"g-cols vc_row type_default valign_top\"><div class=\"vc_col-sm-12 wpb_column vc_column_container\"><div class=\"vc_column-inner\"><div class=\"wpb_wrapper\"><div class=\"wpb_text_column\" ><div class=\"wpb_wrapper\"><h2>Politique de cookies<\/h2>\n<\/div><\/div><div class=\"wpb_text_column\" ><div class=\"wpb_wrapper\"><p>On utilise des cookies afin de vous proposer un meilleur service et de vous faire vivre une meilleure exp\u00e9rience de navigation sur le site. \u00c0 cet effet, nous tenons \u00e0 vous expliquer de mani\u00e8re claire et pr\u00e9cise ce que sont les cookies, leur utilit\u00e9, leur finalit\u00e9 et la fa\u00e7on dont ils doivent \u00eatre configur\u00e9s ou d\u00e9sactiv\u00e9s si vous le souhaitez.<\/p>\n<h3><strong>1.- QU&#8217;EST-CE QU&#8217;UN COOKIE?<\/strong><\/h3>\n<p>Un cookie (\u00e9galement appel\u00e9 t\u00e9moin de connexion) est un fichier qui est enregistr\u00e9 dans l&#8217;ordinateur de l&#8217;utilisateur, sur son t\u00e9l\u00e9phone intelligent (smartphone) ou sur tout autre dispositif et qui fournit des informations sur la navigation. L&#8217;ensemble des cookies am\u00e9liore la qualit\u00e9 du site Web, car il permet de contr\u00f4ler la pertinence des pages et de d\u00e9finir celles qui sont susceptibles d&#8217;\u00eatre am\u00e9lior\u00e9es. Les cookies rev\u00eatent une grande importance pour le fonctionnement d&#8217;Internet et apportent un grand nombre d&#8217;avantages dans la prestation de services interactifs, tout en facilitant la navigation et l&#8217;ergonomie de notre site Web. Les cookies ne nuisent en aucun cas au bon fonctionnement des \u00e9quipements et permettent, entre autres, d&#8217;identifier et de r\u00e9soudre les erreurs.<\/p>\n<h3><strong>2.- QUELS SONT LES DIFFERENTS TYPES DE COOKIES?<\/strong><\/h3>\n<p><strong>Cookies d\u00e9finis en fonction de leur gestionnaire:<\/strong><\/p>\n<ul>\n<li><strong>Cookies sp\u00e9cifiques:<\/strong>\u00a0il s&#8217;agit des cookies envoy\u00e9s \u00e0 l&#8217;\u00e9quipement terminal de l&#8217;utilisateur depuis un \u00e9quipement ou notre domaine et depuis lequel le service est pr\u00eat\u00e9 ou les informations demand\u00e9es par l&#8217;utilisateur sont fournies.<\/li>\n<li><strong>Cookies tiers :<\/strong>\u00a0il s&#8217;agit des cookies envoy\u00e9s \u00e0 l&#8217;\u00e9quipement terminal de l&#8217;utilisateur depuis un \u00e9quipement ou un domaine qui n&#8217;est pas g\u00e9r\u00e9 par nous, mais par un autre organisme qui traite les donn\u00e9es obtenues par le biais des cookies (r\u00e9seaux sociaux, navigateurs, etc.). Lorsque les cookies sont install\u00e9s depuis un \u00e9quipement ou un domaine g\u00e9r\u00e9 par nous mais que les informations collect\u00e9es \u00e0 travers ces derniers sont g\u00e9r\u00e9es par une tierce partie, ces t\u00e9moins ne sont pas consid\u00e9r\u00e9s comme des cookies sp\u00e9cifiques \u00e0 nous.<\/li>\n<\/ul>\n<p><strong>Cookies d\u00e9finis en fonction de leur dur\u00e9e d&#8217;activation :<\/strong><\/p>\n<ul>\n<li><strong>Cookies de session :<\/strong>\u00a0il s&#8217;agit des cookies con\u00e7us pour collecter et stocker des donn\u00e9es lorsqu&#8217;un utilisateur acc\u00e8de \u00e0 une page Web. Ils sont g\u00e9n\u00e9ralement utilis\u00e9s pour stocker des informations que l&#8217;on ne souhaite conserver que pour la prestation du service demand\u00e9 par l&#8217;utilisateur \u00e0 une seule occasion. \u00c0 la longue, ils permettent de faire vivre une meilleure exp\u00e9rience de navigation en am\u00e9liorant le contenu de la page et en simplifiant l&#8217;utilisation.<\/li>\n<li><strong>Cookies permanents :<\/strong>\u00a0il s&#8217;agit de cookies dans lesquels les donn\u00e9es restent stock\u00e9es sur le terminal. Leur responsable peut y avoir acc\u00e8s et peut les traiter pendant une dur\u00e9e d\u00e9termin\u00e9e.<\/li>\n<\/ul>\n<p><strong>Cookies d\u00e9finis en fonction de leur finalit\u00e9 :<\/strong><\/p>\n<ul>\n<li><strong>Cookies techniques :<\/strong>\u00a0il s&#8217;agit des cookies qui permettent \u00e0 l&#8217;utilisateur de naviguer sur une page Web, une plateforme ou une application, et d&#8217;utiliser les diff\u00e9rentes options ou services qui s&#8217;y trouvent tels que le contr\u00f4le du trafic et la communication des donn\u00e9es, l&#8217;identification de la session, l&#8217;acc\u00e8s aux espaces r\u00e9serv\u00e9s, etc.<\/li>\n<li><strong>Cookies de personnalisation :<\/strong>\u00a0il s&#8217;agit des cookies qui permettent \u00e0 l&#8217;utilisateur d&#8217;acc\u00e9der au service avec certaines caract\u00e9ristiques \u00e0 caract\u00e8re g\u00e9n\u00e9ral pr\u00e9d\u00e9finies en fonction d&#8217;une s\u00e9rie de crit\u00e8res du terminal d&#8217;utilisation (langue, type de navigateur utilis\u00e9 pour acc\u00e9der au service, configuration r\u00e9gionale d&#8217;o\u00f9 l&#8217;on acc\u00e8de au service, etc.).<\/li>\n<li><strong>Cookies d&#8217;analyse :<\/strong>\u00a0il s&#8217;agit des cookies qui permettent \u00e0 leur responsable de suivre et d&#8217;analyser le comportement des utilisateurs des sites Web auxquels ils sont rattach\u00e9s. Les informations collect\u00e9es \u00e0 travers ces cookies sont utilis\u00e9es pour mesurer l&#8217;activit\u00e9 des sites Web, des applications ou des plateformes et pour \u00e9laborer des profils de navigation des utilisateurs de ces sites, applications et plateformes afin d&#8217;y mettre en \u0153uvre des am\u00e9liorations en fonction de l&#8217;analyse des donn\u00e9es quant \u00e0 l&#8217;emploi du service par les utilisateurs.<\/li>\n<li><strong>Cookies publicitaires :<\/strong>\u00a0il s&#8217;agit des cookies qui permettent de g\u00e9rer le plus efficacement possible les espaces publicitaires ajout\u00e9s par DENTAID sur sa page Web, application ou plateforme, et \u00e0 travers laquelle le service demand\u00e9 est propos\u00e9 sur la base de crit\u00e8res tels que le contenu \u00e9dit\u00e9 ou la fr\u00e9quence d&#8217;affichage des publicit\u00e9s.<\/li>\n<li><strong>Cookies de publicit\u00e9 comportementale :<\/strong>\u00a0il s&#8217;agit des cookies qui permettent de g\u00e9rer le plus efficacement possible les espaces publicitaires ajout\u00e9s par DENTAID sur sa page Web, application ou plateforme, et \u00e0 travers laquelle le service demand\u00e9 est propos\u00e9. Ces cookies enregistrent des informations sur le comportement des utilisateurs, ces derni\u00e8res \u00e9tant obtenues \u00e0 partir de l&#8217;observation continue de leurs habitudes de navigation, ce qui permet de concevoir un profil sp\u00e9cifique et de proposer une publicit\u00e9 en fonction de celui-ci.<\/li>\n<\/ul>\n<h3><strong>3.- COMMENT CONFIGURER OU DESACTIVER LES COOKIES?<\/strong><\/h3>\n<p>Vous avez la possibilit\u00e9 d&#8217;autoriser, bloquer ou supprimer les cookies install\u00e9s sur votre \u00e9quipement \u00e0 travers la configuration des options de votre navigateur sur Internet. Si vous n&#8217;autorisez pas l&#8217;installation de cookies sur votre navigateur, il est possible que certains services peuvent ne pas \u00eatre accessibles et que votre exp\u00e9rience sur notre site Web soit moins satisfaisante.<\/p>\n<p>La marche \u00e0 suivre pour configurer ou d\u00e9sactiver les cookies en fonction du navigateur utilis\u00e9 est fournie ci-dessous :<\/p>\n<ul>\n<li><a href=\"https:\/\/support.microsoft.com\/fr-fr\/hub\/4338813\/windows-help?os=windows-10\"><strong>Internet Explorer<\/strong><\/a><\/li>\n<li><a href=\"https:\/\/support.mozilla.org\/fr\/kb\/cookies-informations-sites-enregistrent\"><strong>Firefox<\/strong><\/a><\/li>\n<li><a href=\"https:\/\/support.google.com\/chrome\/answer\/95647?hl=fr\"><strong>Chrome<\/strong><\/a><\/li>\n<li><a href=\"https:\/\/support.apple.com\/fr-fr\/guide\/safari\/manage-cookies-and-website-data-sfri11471\/mac\"><strong>Safari<\/strong><\/a><\/li>\n<li><a href=\"https:\/\/support.apple.com\/fr-fr\/HT201265\"><strong>Safari &#8211; IOS<\/strong><\/a><\/li>\n<li><a href=\"https:\/\/www.opera.com\/help\/tutorials\/security\/cookies\/\"><strong>Opera<\/strong><\/a><\/li>\n<\/ul>\n<p>En continuant \u00e0 naviguer sur notre site Web, vous donnez votre consentement \u00e0 l&#8217;utilisation des cookies susmentionn\u00e9s selon les conditions stipul\u00e9es dans cette politique sur les cookies.<\/p>\n<\/div><\/div><\/div><\/div><\/div><\/div><\/div><\/section>\n","protected":false},"excerpt":{"rendered":"Politique de cookies On utilise des cookies afin de vous proposer un meilleur service et de vous faire vivre une meilleure exp\u00e9rience de navigation sur le site. \u00c0 cet effet, nous tenons \u00e0 vous expliquer de mani\u00e8re claire et pr\u00e9cise ce que sont les cookies, leur utilit\u00e9, leur finalit\u00e9 et la fa\u00e7on dont ils doivent...","protected":false},"author":1,"featured_media":0,"parent":0,"menu_order":0,"comment_status":"closed","ping_status":"closed","template":"","meta":{"_monsterinsights_skip_tracking":false,"_monsterinsights_sitenote_active":false,"_monsterinsights_sitenote_note":"","_monsterinsights_sitenote_category":0,"footnotes":""},"class_list":["post-5313","page","type-page","status-publish","hentry"],"_links":{"self":[{"href":"https:\/\/visittossa.com\/fr\/wp-json\/wp\/v2\/pages\/5313","targetHints":{"allow":["GET"]}}],"collection":[{"href":"https:\/\/visittossa.com\/fr\/wp-json\/wp\/v2\/pages"}],"about":[{"href":"https:\/\/visittossa.com\/fr\/wp-json\/wp\/v2\/types\/page"}],"author":[{"embeddable":true,"href":"https:\/\/visittossa.com\/fr\/wp-json\/wp\/v2\/users\/1"}],"replies":[{"embeddable":true,"href":"https:\/\/visittossa.com\/fr\/wp-json\/wp\/v2\/comments?post=5313"}],"version-history":[{"count":3,"href":"https:\/\/visittossa.com\/fr\/wp-json\/wp\/v2\/pages\/5313\/revisions"}],"predecessor-version":[{"id":9240,"href":"https:\/\/visittossa.com\/fr\/wp-json\/wp\/v2\/pages\/5313\/revisions\/9240"}],"wp:attachment":[{"href":"https:\/\/visittossa.com\/fr\/wp-json\/wp\/v2\/media?parent=5313"}],"curies":[{"name":"wp","href":"https:\/\/api.w.org\/{rel}","templated":true}]}}