{"id":5298,"date":"2020-10-21T17:24:08","date_gmt":"2020-10-21T17:24:08","guid":{"rendered":"https:\/\/visittossa.com\/patrimoni-cultural\/tossa-a-traves-dels-temps\/epoca-romana\/"},"modified":"2022-09-06T10:48:09","modified_gmt":"2022-09-06T10:48:09","slug":"epoque-romaine","status":"publish","type":"page","link":"https:\/\/visittossa.com\/fr\/patrimoine-culturel\/tossa-a-travers-le-temps\/epoque-romaine\/","title":{"rendered":"\u00c9poque romaine"},"content":{"rendered":"<section class=\"l-section wpb_row height_large width_full tossaHd with_img\" id=\"hdMd\"><div class=\"l-section-img\" style=\"background-image: url(https:\/\/visittossa.com\/wp-content\/uploads\/2021\/06\/VilaRomanaTossa.jpg);background-repeat: no-repeat;\" data-img-width=\"1400\" data-img-height=\"819\"><\/div><div class=\"l-section-h i-cf\"><div class=\"g-cols vc_row type_default valign_middle\"><div class=\"vc_col-sm-12 wpb_column vc_column_container\"><div class=\"vc_column-inner\"><div class=\"wpb_wrapper\"><\/div><\/div><\/div><\/div><\/div><\/section><section class=\"l-section wpb_row height_large\" id=\"dblMd\"><div class=\"l-section-h i-cf\"><div class=\"g-cols vc_row type_default valign_top\"><div class=\"vc_col-sm-6 wpb_column vc_column_container imgCol\"><div class=\"vc_column-inner\"><div class=\"wpb_wrapper\"><div class=\"wpb_text_column tltMd\" ><div class=\"wpb_wrapper\"><h2 style=\"text-align: left;\">\u00c9poque romaine<\/h2>\n<\/div><\/div><div class=\"wpb_text_column txtMd\" ><div class=\"wpb_wrapper\"><p style=\"text-align: left;\"><strong>Av. del Pelegr\u00ed, 5-13<\/strong><\/p>\n<p style=\"text-align: left;\">Consultez les horaires de visite aupr\u00e8s du centre.<br \/>\n+34 972 340 905 (Casa de Cultura &#8211; Maison de la culture)<\/p>\n<p style=\"text-align: left;\">De l\u2019\u00e9poque romaine, il reste la villa des Ametllers, ainsi que d\u2019autres petites villas de moindre importance.<\/p>\n<p style=\"text-align: left;\">D\u00e9couverte en 1914 par le Dr Ignasi Mel\u00e9, la villa romaine des Ametllers (Ier si\u00e8cle av. J.-C. &#8211; VIe si\u00e8cle ap. J.-C.) est l\u2019une des plus importantes de l\u2019ancienne province de Tarraco. Consacr\u00e9e en particulier \u00e0 la culture de la vigne et \u00e0 l\u2019exportation de vin destin\u00e9 \u00e0 la grande consommation, elle constitue un exemple classique d\u2019exploitation agricole en M\u00e9diterran\u00e9e romaine. Du point de vue architectural, cette villa pr\u00e9sente deux espaces bien diff\u00e9renci\u00e9s : la pars urbana et la pars fructuaria.<\/p>\n<p style=\"text-align: left;\">La pars urbana, ou espace noble de l\u2019ensemble, situ\u00e9e au niveau sup\u00e9rieur, refl\u00e8te l\u2019ampleur de la villa \u00e0 tous les niveaux, en particulier au cours du IIe si\u00e8cle ap. J.-C. Le magnifique ensemble thermal, les mosa\u00efques, les stucs, l\u2019insolite r\u00e9fectoire d\u2019hiver, la grande fontaine ou la piscine avec l\u2019imposant ensemble de sculpture en marbre de Carrare conserv\u00e9 au Mus\u00e9e municipal, confirment le caract\u00e8re exceptionnel de la villa.<\/p>\n<p style=\"text-align: left;\">La pars fructuaria, situ\u00e9e au niveau inf\u00e9rieur, \u00e9tait la partie industrielle. On y trouvait les entrep\u00f4ts et les salles de traitement des produits agricoles. C\u2019est l\u00e0 o\u00f9 on faisait le vin, l\u2019huile, les salaisons et o\u00f9 l\u2019on conservait les c\u00e9r\u00e9ales.<\/p>\n<p style=\"text-align: left;\">Les stylets en os et ivoire, les c\u00e9ramiques, les pi\u00e8ces de monnaie ou les fibules expos\u00e9s au mus\u00e9e t\u00e9moignent de la vie quotidienne de la villa.<\/p>\n<\/div><\/div><\/div><\/div><\/div><div class=\"vc_col-sm-6 wpb_column vc_column_container infoCol\"><div class=\"vc_column-inner\"><div class=\"wpb_wrapper\"><div class=\"w-image align_none\"><div class=\"w-image-h\"><img loading=\"lazy\" decoding=\"async\" width=\"611\" height=\"407\" src=\"https:\/\/visittossa.com\/wp-content\/uploads\/2021\/10\/Epoca-romana-img.jpg\" class=\"attachment-full size-full\" alt=\"\" srcset=\"https:\/\/visittossa.com\/wp-content\/uploads\/2021\/10\/Epoca-romana-img.jpg 611w, https:\/\/visittossa.com\/wp-content\/uploads\/2021\/10\/Epoca-romana-img-300x200.jpg 300w\" sizes=\"auto, (max-width: 611px) 100vw, 611px\" \/><\/div><\/div><\/div><\/div><\/div><\/div><\/div><\/section><section class=\"l-section wpb_row height_medium platjaMd\" id=\"expMd\"><div class=\"l-section-h i-cf\"><div class=\"g-cols vc_row type_default valign_top\"><div class=\"vc_col-sm-12 wpb_column vc_column_container\"><div class=\"vc_column-inner\"><div class=\"wpb_wrapper\"><div class=\"w-grid type_grid layout_323 cols_4\" id=\"us_grid_1\" data-grid-filter=\"false\"><style id=\"us_grid_1_css\">#us_grid_1 .w-grid-item{padding:0.5rem}#us_grid_1 .w-grid-list{margin:-0.5rem}.w-grid + #us_grid_1 .w-grid-list{margin-top:0.5rem}@media (max-width:1199px){#us_grid_1 .w-grid-item{width:33.333333333333%}}@media (max-width:899px){#us_grid_1 .w-grid-item{width:50%}}@media (max-width:599px){#us_grid_1 .w-grid-list{margin:0}#us_grid_1 .w-grid-item{width:100%;padding:0;margin-bottom:0.5rem}}<\/style><style>.layout_323 .w-grid-item-h{}<\/style><div class=\"w-grid-list\" ><article class=\"w-grid-item size_1x1 post-5307 page type-page status-publish has-post-thumbnail hentry\" data-id=\"5307\">\r\n\t<div class=\"w-grid-item-h\">\r\n\t\t\t\t<div class=\"w-post-elm post_image usg_post_image_1 stretched\"><a href=\"https:\/\/visittossa.com\/fr\/patrimoine-culturel\/tossa-a-travers-le-temps\/prehistoire\/\" aria-label=\"Pr\u00e9histoire\"><img loading=\"lazy\" decoding=\"async\" width=\"2048\" height=\"1365\" src=\"https:\/\/visittossa.com\/wp-content\/uploads\/2021\/10\/Prehistoria-thumb.jpg\" class=\"attachment-full size-full wp-post-image\" alt=\"\" srcset=\"https:\/\/visittossa.com\/wp-content\/uploads\/2021\/10\/Prehistoria-thumb.jpg 2048w, https:\/\/visittossa.com\/wp-content\/uploads\/2021\/10\/Prehistoria-thumb-300x200.jpg 300w, https:\/\/visittossa.com\/wp-content\/uploads\/2021\/10\/Prehistoria-thumb-1024x683.jpg 1024w\" sizes=\"auto, (max-width: 2048px) 100vw, 2048px\" \/><\/a><\/div><div class=\"w-vwrapper usg_vwrapper_1 align_left valign_top\"><h4 class=\"w-post-elm post_title usg_post_title_1 entry-title color_link_inherit\"><a href=\"https:\/\/visittossa.com\/fr\/patrimoine-culturel\/tossa-a-travers-le-temps\/prehistoire\/\">Pr\u00e9histoire<\/a><\/h4><\/div>\t<\/div>\r\n<\/article>\r\n<article class=\"w-grid-item size_1x1 post-5298 page type-page status-publish has-post-thumbnail hentry\" data-id=\"5298\">\r\n\t<div class=\"w-grid-item-h\">\r\n\t\t\t\t<div class=\"w-post-elm post_image usg_post_image_1 stretched\"><a href=\"https:\/\/visittossa.com\/fr\/patrimoine-culturel\/tossa-a-travers-le-temps\/epoque-romaine\/\" aria-label=\"\u00c9poque romaine\"><img loading=\"lazy\" decoding=\"async\" width=\"2048\" height=\"1365\" src=\"https:\/\/visittossa.com\/wp-content\/uploads\/2021\/10\/Epoca-Romana-thumb.jpg\" class=\"attachment-full size-full wp-post-image\" alt=\"\" srcset=\"https:\/\/visittossa.com\/wp-content\/uploads\/2021\/10\/Epoca-Romana-thumb.jpg 2048w, https:\/\/visittossa.com\/wp-content\/uploads\/2021\/10\/Epoca-Romana-thumb-300x200.jpg 300w, https:\/\/visittossa.com\/wp-content\/uploads\/2021\/10\/Epoca-Romana-thumb-1024x683.jpg 1024w\" sizes=\"auto, (max-width: 2048px) 100vw, 2048px\" \/><\/a><\/div><div class=\"w-vwrapper usg_vwrapper_1 align_left valign_top\"><h4 class=\"w-post-elm post_title usg_post_title_1 entry-title color_link_inherit\"><a href=\"https:\/\/visittossa.com\/fr\/patrimoine-culturel\/tossa-a-travers-le-temps\/epoque-romaine\/\">\u00c9poque romaine<\/a><\/h4><\/div>\t<\/div>\r\n<\/article>\r\n<article class=\"w-grid-item size_1x1 post-5295 page type-page status-publish has-post-thumbnail hentry\" data-id=\"5295\">\r\n\t<div class=\"w-grid-item-h\">\r\n\t\t\t\t<div class=\"w-post-elm post_image usg_post_image_1 stretched\"><a href=\"https:\/\/visittossa.com\/fr\/patrimoine-culturel\/tossa-a-travers-le-temps\/la-muraille-de-la-vieille-ville\/\" aria-label=\"La muraille de la vieille ville\"><img loading=\"lazy\" decoding=\"async\" width=\"2048\" height=\"1365\" src=\"https:\/\/visittossa.com\/wp-content\/uploads\/2021\/10\/recinte-enmurallat-thumb.jpg\" class=\"attachment-full size-full wp-post-image\" alt=\"\" srcset=\"https:\/\/visittossa.com\/wp-content\/uploads\/2021\/10\/recinte-enmurallat-thumb.jpg 2048w, https:\/\/visittossa.com\/wp-content\/uploads\/2021\/10\/recinte-enmurallat-thumb-300x200.jpg 300w, https:\/\/visittossa.com\/wp-content\/uploads\/2021\/10\/recinte-enmurallat-thumb-1024x683.jpg 1024w\" sizes=\"auto, (max-width: 2048px) 100vw, 2048px\" \/><\/a><\/div><div class=\"w-vwrapper usg_vwrapper_1 align_left valign_top\"><h4 class=\"w-post-elm post_title usg_post_title_1 entry-title color_link_inherit\"><a href=\"https:\/\/visittossa.com\/fr\/patrimoine-culturel\/tossa-a-travers-le-temps\/la-muraille-de-la-vieille-ville\/\">La muraille de la vieille ville<\/a><\/h4><\/div>\t<\/div>\r\n<\/article>\r\n<article class=\"w-grid-item size_1x1 post-5283 page type-page status-publish has-post-thumbnail hentry\" data-id=\"5283\">\r\n\t<div class=\"w-grid-item-h\">\r\n\t\t\t\t<div class=\"w-post-elm post_image usg_post_image_1 stretched\"><a href=\"https:\/\/visittossa.com\/fr\/patrimoine-culturel\/tossa-a-travers-le-temps\/le-quartier-de-sa-roqueta\/\" aria-label=\"Le quartier de Sa Roqueta\"><img loading=\"lazy\" decoding=\"async\" width=\"2048\" height=\"1365\" src=\"https:\/\/visittossa.com\/wp-content\/uploads\/2021\/10\/Sa-Roqueta-thumb.jpg\" class=\"attachment-full size-full wp-post-image\" alt=\"\" srcset=\"https:\/\/visittossa.com\/wp-content\/uploads\/2021\/10\/Sa-Roqueta-thumb.jpg 2048w, https:\/\/visittossa.com\/wp-content\/uploads\/2021\/10\/Sa-Roqueta-thumb-300x200.jpg 300w, https:\/\/visittossa.com\/wp-content\/uploads\/2021\/10\/Sa-Roqueta-thumb-1024x683.jpg 1024w\" sizes=\"auto, (max-width: 2048px) 100vw, 2048px\" \/><\/a><\/div><div class=\"w-vwrapper usg_vwrapper_1 align_left valign_top\"><h4 class=\"w-post-elm post_title usg_post_title_1 entry-title color_link_inherit\"><a href=\"https:\/\/visittossa.com\/fr\/patrimoine-culturel\/tossa-a-travers-le-temps\/le-quartier-de-sa-roqueta\/\">Le quartier de Sa Roqueta<\/a><\/h4><\/div>\t<\/div>\r\n<\/article>\r\n<article class=\"w-grid-item size_1x1 post-5286 page type-page status-publish has-post-thumbnail hentry\" data-id=\"5286\">\r\n\t<div class=\"w-grid-item-h\">\r\n\t\t\t\t<div class=\"w-post-elm post_image usg_post_image_1 stretched\"><a href=\"https:\/\/visittossa.com\/fr\/patrimoine-culturel\/tossa-a-travers-le-temps\/chapelle-des-secours\/\" aria-label=\"Chapelle des Secours\"><img loading=\"lazy\" decoding=\"async\" width=\"2048\" height=\"1365\" src=\"https:\/\/visittossa.com\/wp-content\/uploads\/2021\/10\/Capella-del-Socors-thumb.jpg\" class=\"attachment-full size-full wp-post-image\" alt=\"\" srcset=\"https:\/\/visittossa.com\/wp-content\/uploads\/2021\/10\/Capella-del-Socors-thumb.jpg 2048w, https:\/\/visittossa.com\/wp-content\/uploads\/2021\/10\/Capella-del-Socors-thumb-300x200.jpg 300w, https:\/\/visittossa.com\/wp-content\/uploads\/2021\/10\/Capella-del-Socors-thumb-1024x683.jpg 1024w\" sizes=\"auto, (max-width: 2048px) 100vw, 2048px\" \/><\/a><\/div><div class=\"w-vwrapper usg_vwrapper_1 align_left valign_top\"><h4 class=\"w-post-elm post_title usg_post_title_1 entry-title color_link_inherit\"><a href=\"https:\/\/visittossa.com\/fr\/patrimoine-culturel\/tossa-a-travers-le-temps\/chapelle-des-secours\/\">Chapelle des Secours<\/a><\/h4><\/div>\t<\/div>\r\n<\/article>\r\n<article class=\"w-grid-item size_1x1 post-5301 page type-page status-publish has-post-thumbnail hentry\" data-id=\"5301\">\r\n\t<div class=\"w-grid-item-h\">\r\n\t\t\t\t<div class=\"w-post-elm post_image usg_post_image_1 stretched\"><a href=\"https:\/\/visittossa.com\/fr\/patrimoine-culturel\/tossa-a-travers-le-temps\/eglise-paroissiale\/\" aria-label=\"\u00c9glise paroissiale\"><img loading=\"lazy\" decoding=\"async\" width=\"2048\" height=\"1365\" src=\"https:\/\/visittossa.com\/wp-content\/uploads\/2021\/10\/esglesia-parroquial-thumb.jpg\" class=\"attachment-full size-full wp-post-image\" alt=\"\" srcset=\"https:\/\/visittossa.com\/wp-content\/uploads\/2021\/10\/esglesia-parroquial-thumb.jpg 2048w, https:\/\/visittossa.com\/wp-content\/uploads\/2021\/10\/esglesia-parroquial-thumb-300x200.jpg 300w, https:\/\/visittossa.com\/wp-content\/uploads\/2021\/10\/esglesia-parroquial-thumb-1024x683.jpg 1024w\" sizes=\"auto, (max-width: 2048px) 100vw, 2048px\" \/><\/a><\/div><div class=\"w-vwrapper usg_vwrapper_1 align_left valign_top\"><h4 class=\"w-post-elm post_title usg_post_title_1 entry-title color_link_inherit\"><a href=\"https:\/\/visittossa.com\/fr\/patrimoine-culturel\/tossa-a-travers-le-temps\/eglise-paroissiale\/\">\u00c9glise paroissiale<\/a><\/h4><\/div>\t<\/div>\r\n<\/article>\r\n<article class=\"w-grid-item size_1x1 post-5289 page type-page status-publish has-post-thumbnail hentry\" data-id=\"5289\">\r\n\t<div class=\"w-grid-item-h\">\r\n\t\t\t\t<div class=\"w-post-elm post_image usg_post_image_1 stretched\"><a href=\"https:\/\/visittossa.com\/fr\/patrimoine-culturel\/tossa-a-travers-le-temps\/maison-de-la-culture\/\" aria-label=\"Maison de la Culture\"><img loading=\"lazy\" decoding=\"async\" width=\"2048\" height=\"1365\" src=\"https:\/\/visittossa.com\/wp-content\/uploads\/2021\/10\/Casa-Cultura-thumb.jpg\" class=\"attachment-full size-full wp-post-image\" alt=\"Casa de Cultura\" srcset=\"https:\/\/visittossa.com\/wp-content\/uploads\/2021\/10\/Casa-Cultura-thumb.jpg 2048w, https:\/\/visittossa.com\/wp-content\/uploads\/2021\/10\/Casa-Cultura-thumb-300x200.jpg 300w, https:\/\/visittossa.com\/wp-content\/uploads\/2021\/10\/Casa-Cultura-thumb-1024x683.jpg 1024w\" sizes=\"auto, (max-width: 2048px) 100vw, 2048px\" \/><\/a><\/div><div class=\"w-vwrapper usg_vwrapper_1 align_left valign_top\"><h4 class=\"w-post-elm post_title usg_post_title_1 entry-title color_link_inherit\"><a href=\"https:\/\/visittossa.com\/fr\/patrimoine-culturel\/tossa-a-travers-le-temps\/maison-de-la-culture\/\">Maison de la Culture<\/a><\/h4><\/div>\t<\/div>\r\n<\/article>\r\n<article class=\"w-grid-item size_1x1 post-5292 page type-page status-publish has-post-thumbnail hentry\" data-id=\"5292\">\r\n\t<div class=\"w-grid-item-h\">\r\n\t\t\t\t<div class=\"w-post-elm post_image usg_post_image_1 stretched\"><a href=\"https:\/\/visittossa.com\/fr\/patrimoine-culturel\/tossa-a-travers-le-temps\/casa-sans\/\" aria-label=\"Casa Sans\"><img loading=\"lazy\" decoding=\"async\" width=\"2048\" height=\"1365\" src=\"https:\/\/visittossa.com\/wp-content\/uploads\/2021\/10\/Casa-Sans-thumb.jpg\" class=\"attachment-full size-full wp-post-image\" alt=\"\" srcset=\"https:\/\/visittossa.com\/wp-content\/uploads\/2021\/10\/Casa-Sans-thumb.jpg 2048w, https:\/\/visittossa.com\/wp-content\/uploads\/2021\/10\/Casa-Sans-thumb-300x200.jpg 300w, https:\/\/visittossa.com\/wp-content\/uploads\/2021\/10\/Casa-Sans-thumb-1024x683.jpg 1024w\" sizes=\"auto, (max-width: 2048px) 100vw, 2048px\" \/><\/a><\/div><div class=\"w-vwrapper usg_vwrapper_1 align_left valign_top\"><h4 class=\"w-post-elm post_title usg_post_title_1 entry-title color_link_inherit\"><a href=\"https:\/\/visittossa.com\/fr\/patrimoine-culturel\/tossa-a-travers-le-temps\/casa-sans\/\">Casa Sans<\/a><\/h4><\/div>\t<\/div>\r\n<\/article>\r\n<article class=\"w-grid-item size_1x1 post-5310 page type-page status-publish has-post-thumbnail hentry\" data-id=\"5310\">\r\n\t<div class=\"w-grid-item-h\">\r\n\t\t\t\t<div class=\"w-post-elm post_image usg_post_image_1 stretched\"><a href=\"https:\/\/visittossa.com\/fr\/patrimoine-culturel\/tossa-a-travers-le-temps\/sanctuaire-de-sant-grau\/\" aria-label=\"Sanctuaire de Sant Grau\"><img loading=\"lazy\" decoding=\"async\" width=\"2048\" height=\"1365\" src=\"https:\/\/visittossa.com\/wp-content\/uploads\/2021\/10\/santuari-de-Sant-Grau-thumb.jpg\" class=\"attachment-full size-full wp-post-image\" alt=\"\" srcset=\"https:\/\/visittossa.com\/wp-content\/uploads\/2021\/10\/santuari-de-Sant-Grau-thumb.jpg 2048w, https:\/\/visittossa.com\/wp-content\/uploads\/2021\/10\/santuari-de-Sant-Grau-thumb-300x200.jpg 300w, https:\/\/visittossa.com\/wp-content\/uploads\/2021\/10\/santuari-de-Sant-Grau-thumb-1024x683.jpg 1024w\" sizes=\"auto, (max-width: 2048px) 100vw, 2048px\" \/><\/a><\/div><div class=\"w-vwrapper usg_vwrapper_1 align_left valign_top\"><h4 class=\"w-post-elm post_title usg_post_title_1 entry-title color_link_inherit\"><a href=\"https:\/\/visittossa.com\/fr\/patrimoine-culturel\/tossa-a-travers-le-temps\/sanctuaire-de-sant-grau\/\">Sanctuaire de Sant Grau<\/a><\/h4><\/div>\t<\/div>\r\n<\/article>\r\n<article class=\"w-grid-item size_1x1 post-8790 page type-page status-publish has-post-thumbnail hentry\" data-id=\"8790\">\r\n\t<div class=\"w-grid-item-h\">\r\n\t\t\t\t<div class=\"w-post-elm post_image usg_post_image_1 stretched\"><a href=\"https:\/\/visittossa.com\/fr\/patrimoine-culturel\/tossa-a-travers-le-temps\/tossa-ville-marine\/\" aria-label=\"Tossa, ville marine\"><img loading=\"lazy\" decoding=\"async\" width=\"2560\" height=\"1707\" src=\"https:\/\/visittossa.com\/wp-content\/uploads\/2022\/05\/Diada-des-Peix-a-Terra-040-min-scaled.jpg\" class=\"attachment-full size-full wp-post-image\" alt=\"\" srcset=\"https:\/\/visittossa.com\/wp-content\/uploads\/2022\/05\/Diada-des-Peix-a-Terra-040-min-scaled.jpg 2560w, https:\/\/visittossa.com\/wp-content\/uploads\/2022\/05\/Diada-des-Peix-a-Terra-040-min-300x200.jpg 300w, https:\/\/visittossa.com\/wp-content\/uploads\/2022\/05\/Diada-des-Peix-a-Terra-040-min-1024x683.jpg 1024w\" sizes=\"auto, (max-width: 2560px) 100vw, 2560px\" \/><\/a><\/div><div class=\"w-vwrapper usg_vwrapper_1 align_left valign_top\"><h4 class=\"w-post-elm post_title usg_post_title_1 entry-title color_link_inherit\"><a href=\"https:\/\/visittossa.com\/fr\/patrimoine-culturel\/tossa-a-travers-le-temps\/tossa-ville-marine\/\">Tossa, ville marine<\/a><\/h4><\/div>\t<\/div>\r\n<\/article>\r\n<\/div><div class=\"w-grid-preloader\"><div class=\"g-preloader type_1\">\r\n\t<div><\/div>\r\n<\/div>\r\n<\/div>\t<div class=\"w-grid-json hidden\" onclick='return {&quot;action&quot;:&quot;us_ajax_grid&quot;,&quot;ajax_url&quot;:&quot;https:\\\/\\\/visittossa.com\\\/wp-admin\\\/admin-ajax.php&quot;,&quot;infinite_scroll&quot;:0,&quot;max_num_pages&quot;:1,&quot;pagination&quot;:&quot;none&quot;,&quot;permalink_url&quot;:&quot;https:\\\/\\\/visittossa.com\\\/fr\\\/wp-json\\\/wp\\\/v2\\\/pages\\\/5298\\\/&quot;,&quot;template_vars&quot;:{&quot;columns&quot;:&quot;4&quot;,&quot;exclude_items&quot;:&quot;none&quot;,&quot;img_size&quot;:&quot;default&quot;,&quot;ignore_items_size&quot;:false,&quot;items_layout&quot;:&quot;323&quot;,&quot;items_offset&quot;:&quot;1&quot;,&quot;overriding_link&quot;:&quot;none&quot;,&quot;post_id&quot;:5298,&quot;query_args&quot;:{&quot;ignore_sticky_posts&quot;:1,&quot;post_type&quot;:&quot;any&quot;,&quot;post__in&quot;:[&quot;129&quot;,&quot;127&quot;,&quot;895&quot;,&quot;354&quot;,&quot;809&quot;,&quot;811&quot;,&quot;813&quot;,&quot;889&quot;,&quot;815&quot;,&quot;8790&quot;],&quot;orderby&quot;:{&quot;post__in&quot;:&quot;ASC&quot;},&quot;posts_per_page&quot;:999},&quot;type&quot;:&quot;grid&quot;,&quot;us_grid_ajax_index&quot;:1,&quot;us_grid_filter_params&quot;:null,&quot;us_grid_index&quot;:1,&quot;_us_grid_post_type&quot;:&quot;ids&quot;,&quot;lang&quot;:&quot;fr&quot;}}'><\/div>\r\n<\/div><\/div><\/div><\/div><\/div><\/div><\/section><section class=\"l-section wpb_row height_medium\" id=\"experienciasMd\"><div class=\"l-section-h i-cf\"><div class=\"g-cols vc_row type_default valign_top\"><div class=\"vc_col-sm-12 wpb_column vc_column_container\"><div class=\"vc_column-inner\"><div class=\"wpb_wrapper\"><div class=\"g-cols wpb_row  type_default valign_top vc_inner\"><div class=\"vc_col-sm-4 wpb_column vc_column_container\"><div class=\"vc_column-inner\"><div class=\"wpb_wrapper\">\n<div id=\"interactive-banner-1-wrap-6473\" class=\"ult-banner-block ult-adjust-bottom-margin ult-bb-box  banner-style01 \"   style=\"\">\n\t<img decoding=\"async\" src=\"https:\/\/visittossa.com\/wp-content\/uploads\/2022\/02\/Tossa-a-traves-dels-temps_BOMBOLLA.jpg\" alt=\"La Torre dels moros\">\n\t<h3  data-ultimate-target='#interactive-banner-1-wrap-6473 .bb-top-title '  data-responsive-json-new='{\"font-size\":\"\",\"line-height\":\"\"}'  class=\"title-center bb-top-title ult-responsive\" style=\"font-weight:normal;background:#242424;color:#ffffff;\">Tossa \u00e0 travers le temps<\/h3>\n\t<div class=\"mask opaque-background\" style=\"background:rgba(35,35,35,0.41);\">\n\t\t<div  data-ultimate-target='#interactive-banner-1-wrap-6473 .bb-description'  data-responsive-json-new='{\"font-size\":\"\",\"line-height\":\"\"}'  class=\"bb-description ult-responsive\" style=\"font-weight:normal;color:#ffffff;\"><\/div>\n\t<\/div><a class=\"bb-link\" href=\"https:\/\/visittossa.com\/fr\/patrimoine-culturel\/tossa-a-travers-le-temps\/\" title=\"Tossa \u00e0 travers le temps\" ><\/a>\n<\/div><\/div><\/div><\/div><div class=\"vc_col-sm-4 wpb_column vc_column_container\"><div class=\"vc_column-inner\"><div class=\"wpb_wrapper\">\n<div id=\"interactive-banner-1-wrap-1473\" class=\"ult-banner-block ult-adjust-bottom-margin ult-bb-box  banner-style01 \"   style=\"\">\n\t<img decoding=\"async\" src=\"https:\/\/visittossa.com\/wp-content\/uploads\/2022\/02\/art-i-cultura_BOMBOLLA.jpg\" alt=\"art i cultura Tossa\">\n\t<h3  data-ultimate-target='#interactive-banner-1-wrap-1473 .bb-top-title '  data-responsive-json-new='{\"font-size\":\"\",\"line-height\":\"\"}'  class=\"title-center bb-top-title ult-responsive\" style=\"font-weight:normal;background:#242424;color:#ffffff;\">Art et culture<\/h3>\n\t<div class=\"mask opaque-background\" style=\"background:rgba(35,35,35,0.41);\">\n\t\t<div  data-ultimate-target='#interactive-banner-1-wrap-1473 .bb-description'  data-responsive-json-new='{\"font-size\":\"\",\"line-height\":\"\"}'  class=\"bb-description ult-responsive\" style=\"font-weight:normal;color:#ffffff;\"><\/div>\n\t<\/div><a class=\"bb-link\" href=\"https:\/\/visittossa.com\/fr\/patrimoine-culturel\/art-et-culture\/\" title=\"Art et Culture\" ><\/a>\n<\/div><\/div><\/div><\/div><div class=\"vc_col-sm-4 wpb_column vc_column_container\"><div class=\"vc_column-inner\"><div class=\"wpb_wrapper\">\n<div id=\"interactive-banner-1-wrap-4515\" class=\"ult-banner-block ult-adjust-bottom-margin ult-bb-box  banner-style01 \"   style=\"\">\n\t<img decoding=\"async\" src=\"https:\/\/visittossa.com\/wp-content\/uploads\/2022\/03\/Festes-Tossa-BOMBOLLA.jpg\" alt=\"Festes Tossa de Mar\">\n\t<h3  data-ultimate-target='#interactive-banner-1-wrap-4515 .bb-top-title '  data-responsive-json-new='{\"font-size\":\"\",\"line-height\":\"\"}'  class=\"title-center bb-top-title ult-responsive\" style=\"font-weight:normal;background:#242424;color:#ffffff;\">F\u00eates, traditions et l\u00e9gendes<\/h3>\n\t<div class=\"mask opaque-background\" style=\"background:rgba(35,35,35,0.41);\">\n\t\t<div  data-ultimate-target='#interactive-banner-1-wrap-4515 .bb-description'  data-responsive-json-new='{\"font-size\":\"\",\"line-height\":\"\"}'  class=\"bb-description ult-responsive\" style=\"font-weight:normal;color:#ffffff;\"><\/div>\n\t<\/div><a class=\"bb-link\" href=\"https:\/\/visittossa.com\/fr\/patrimoine-culturel\/fetes-traditions-et-legendes\/\" title=\"F\u00eates, traditions et l\u00e9gendes\" ><\/a>\n<\/div><\/div><\/div><\/div><\/div><\/div><\/div><\/div><\/div><\/div><\/section>\n","protected":false},"excerpt":{"rendered":"Tossa, ville marine Les villes marines sont des villes c\u00f4ti\u00e8res qui ont su conserver vivantes la culture et les activit\u00e9s li\u00e9es \u00e0 la mer et qui, en outre, ont su trouver les propositions les plus attirantes pour transmettre leur caract\u00e8re maritime aux visiteurs. Dans le cas de Tossa, cette identit\u00e9 maritime se per\u00e7oit dans les...","protected":false},"author":1,"featured_media":4487,"parent":5280,"menu_order":0,"comment_status":"closed","ping_status":"closed","template":"","meta":{"_monsterinsights_skip_tracking":false,"_monsterinsights_sitenote_active":false,"_monsterinsights_sitenote_note":"","_monsterinsights_sitenote_category":0,"footnotes":""},"class_list":["post-5298","page","type-page","status-publish","has-post-thumbnail","hentry"],"_links":{"self":[{"href":"https:\/\/visittossa.com\/fr\/wp-json\/wp\/v2\/pages\/5298","targetHints":{"allow":["GET"]}}],"collection":[{"href":"https:\/\/visittossa.com\/fr\/wp-json\/wp\/v2\/pages"}],"about":[{"href":"https:\/\/visittossa.com\/fr\/wp-json\/wp\/v2\/types\/page"}],"author":[{"embeddable":true,"href":"https:\/\/visittossa.com\/fr\/wp-json\/wp\/v2\/users\/1"}],"replies":[{"embeddable":true,"href":"https:\/\/visittossa.com\/fr\/wp-json\/wp\/v2\/comments?post=5298"}],"version-history":[{"count":9,"href":"https:\/\/visittossa.com\/fr\/wp-json\/wp\/v2\/pages\/5298\/revisions"}],"predecessor-version":[{"id":10755,"href":"https:\/\/visittossa.com\/fr\/wp-json\/wp\/v2\/pages\/5298\/revisions\/10755"}],"up":[{"embeddable":true,"href":"https:\/\/visittossa.com\/fr\/wp-json\/wp\/v2\/pages\/5280"}],"wp:featuredmedia":[{"embeddable":true,"href":"https:\/\/visittossa.com\/fr\/wp-json\/wp\/v2\/media\/4487"}],"wp:attachment":[{"href":"https:\/\/visittossa.com\/fr\/wp-json\/wp\/v2\/media?parent=5298"}],"curies":[{"name":"wp","href":"https:\/\/api.w.org\/{rel}","templated":true}]}}