{"id":5286,"date":"2021-09-07T09:00:23","date_gmt":"2021-09-07T09:00:23","guid":{"rendered":"https:\/\/visittossa.com\/patrimoni-cultural\/tossa-a-traves-dels-temps\/capella-dels-socors\/"},"modified":"2022-09-06T11:10:53","modified_gmt":"2022-09-06T11:10:53","slug":"chapelle-des-secours","status":"publish","type":"page","link":"https:\/\/visittossa.com\/fr\/patrimoine-culturel\/tossa-a-travers-le-temps\/chapelle-des-secours\/","title":{"rendered":"Chapelle des Secours"},"content":{"rendered":"<section class=\"l-section wpb_row height_large width_full tossaHd with_img\" id=\"hdMd\"><div class=\"l-section-img\" style=\"background-image: url(https:\/\/visittossa.com\/wp-content\/uploads\/2022\/02\/Capella_Socors_CAPCALERA.jpg);background-repeat: no-repeat;\" data-img-width=\"1900\" data-img-height=\"370\"><\/div><div class=\"l-section-h i-cf\"><div class=\"g-cols vc_row type_default valign_middle\"><div class=\"vc_col-sm-12 wpb_column vc_column_container\"><div class=\"vc_column-inner\"><div class=\"wpb_wrapper\"><\/div><\/div><\/div><\/div><\/div><\/section><section class=\"l-section wpb_row height_large\" id=\"dblMd\"><div class=\"l-section-h i-cf\"><div class=\"g-cols vc_row type_default valign_top\"><div class=\"vc_col-sm-6 wpb_column vc_column_container imgCol\"><div class=\"vc_column-inner\"><div class=\"wpb_wrapper\"><div class=\"wpb_text_column tltMd\" ><div class=\"wpb_wrapper\"><h2 style=\"text-align: left;\">Chapelle des Secours<\/h2>\n<\/div><\/div><div class=\"wpb_text_column txtMd\" ><div class=\"wpb_wrapper\"><p><strong>Carrer Socors<\/strong><\/p>\n<p>Cette chapelle a une origine maritime. On dit qu\u2019Antoni Caixa, patron de p\u00eache, marchand et n\u00e9gociant, la fit construire en 1593 pour honorer la promesse faite \u00e0 Notre Dame de Bon Secours, qui l\u2019avait sauv\u00e9 d\u2019un naufrage. Son emplacement original, sur le Champ de la Croix, juste \u00e0 l\u2019endroit o\u00f9 le chemin royal bifurquait vers sa Carbonera et vers Lloret, \u00e9tait un lieu solitaire, entour\u00e9 de potagers et relativement \u00e9loign\u00e9 de la porte de la vieille ville. Il devint ensuite peu \u00e0 peu l\u2019un des lieux d\u2019expansion de la ville.<\/p>\n<p>La chapelle a subi plusieurs r\u00e9formes et restaurations au fil des ann\u00e9es, la plus importante ayant \u00e9t\u00e9 r\u00e9alis\u00e9e au XVIIIe si\u00e8cle.<\/p>\n<p>Des nombreuses f\u00eates et traditions sont en lien avec cette chapelle : celle du 2 juillet, festivit\u00e9 de la Mare de D\u00e9u del Socors (Notre Dame de Bon Secours), o\u00f9 l\u2019on danse le traditionnel &#8220;<a href=\"https:\/\/visittossa.com\/fr\/patrimoine-culturel\/fetes-traditions-et-legendes\/traditions-de-tossa\/\">toquen a c\u00f3rrer<\/a>&#8220;, ou des l\u00e9gendes comme celle de &#8220;<a href=\"https:\/\/visittossa.com\/fr\/patrimoine-culturel\/fetes-traditions-et-legendes\/legendes-de-tossa\/\">Xixanet i sa Mitja Cana<\/a>&#8220;, qui raconte le miracle de la Vierge ayant sauv\u00e9 un enfant des griffes du d\u00e9mon en r\u00e9ponse aux suppliques de sa m\u00e8re.<\/p>\n<p><a href=\"https:\/\/visittossa.com\/fr\/patrimoine-culturel\/fetes-traditions-et-legendes\/traditions-de-tossa\/\">El Pelegr\u00ed de Tossa<\/a> (Le p\u00e8lerin de Tossa), principale figure d\u2019une tradition civique et religieuse locale qui remonte au XVe si\u00e8cle, part en p\u00e8lerinage de cette chapelle le 20 janvier de chaque ann\u00e9e pour se rendre \u00e0 Santa Coloma de Farners, dans le but d\u2019honorer le v\u0153u fait par le village \u00e0 saint S\u00e9bastien pour l\u2019avoir sauv\u00e9 de la peste. Le lendemain, le p\u00e8lerin revient avec la satisfaction d\u2019avoir honor\u00e9 cette promesse ancestrale.<\/p>\n<\/div><\/div><\/div><\/div><\/div><div class=\"vc_col-sm-6 wpb_column vc_column_container infoCol\"><div class=\"vc_column-inner\"><div class=\"wpb_wrapper\"><div class=\"w-image align_none\"><div class=\"w-image-h\"><img loading=\"lazy\" decoding=\"async\" width=\"611\" height=\"869\" src=\"https:\/\/visittossa.com\/wp-content\/uploads\/2021\/10\/Capella-dels-Socors-img.jpg\" class=\"attachment-full size-full\" alt=\"\" srcset=\"https:\/\/visittossa.com\/wp-content\/uploads\/2021\/10\/Capella-dels-Socors-img.jpg 611w, https:\/\/visittossa.com\/wp-content\/uploads\/2021\/10\/Capella-dels-Socors-img-211x300.jpg 211w\" sizes=\"auto, (max-width: 611px) 100vw, 611px\" \/><\/div><\/div><\/div><\/div><\/div><\/div><\/div><\/section><section class=\"l-section wpb_row height_medium platjaMd\" id=\"expMd\"><div class=\"l-section-h i-cf\"><div class=\"g-cols vc_row type_default valign_top\"><div class=\"vc_col-sm-12 wpb_column vc_column_container\"><div class=\"vc_column-inner\"><div class=\"wpb_wrapper\"><div class=\"w-grid type_grid layout_323 cols_4\" id=\"us_grid_1\" data-grid-filter=\"false\"><style id=\"us_grid_1_css\">#us_grid_1 .w-grid-item{padding:0.5rem}#us_grid_1 .w-grid-list{margin:-0.5rem}.w-grid + #us_grid_1 .w-grid-list{margin-top:0.5rem}@media (max-width:1199px){#us_grid_1 .w-grid-item{width:33.333333333333%}}@media (max-width:899px){#us_grid_1 .w-grid-item{width:50%}}@media (max-width:599px){#us_grid_1 .w-grid-list{margin:0}#us_grid_1 .w-grid-item{width:100%;padding:0;margin-bottom:0.5rem}}<\/style><style>.layout_323 .w-grid-item-h{}<\/style><div class=\"w-grid-list\" ><article class=\"w-grid-item size_1x1 post-5307 page type-page status-publish has-post-thumbnail hentry\" data-id=\"5307\">\r\n\t<div class=\"w-grid-item-h\">\r\n\t\t\t\t<div class=\"w-post-elm post_image usg_post_image_1 stretched\"><a href=\"https:\/\/visittossa.com\/fr\/patrimoine-culturel\/tossa-a-travers-le-temps\/prehistoire\/\" aria-label=\"Pr\u00e9histoire\"><img loading=\"lazy\" decoding=\"async\" width=\"2048\" height=\"1365\" src=\"https:\/\/visittossa.com\/wp-content\/uploads\/2021\/10\/Prehistoria-thumb.jpg\" class=\"attachment-full size-full wp-post-image\" alt=\"\" srcset=\"https:\/\/visittossa.com\/wp-content\/uploads\/2021\/10\/Prehistoria-thumb.jpg 2048w, https:\/\/visittossa.com\/wp-content\/uploads\/2021\/10\/Prehistoria-thumb-300x200.jpg 300w, https:\/\/visittossa.com\/wp-content\/uploads\/2021\/10\/Prehistoria-thumb-1024x683.jpg 1024w\" sizes=\"auto, (max-width: 2048px) 100vw, 2048px\" \/><\/a><\/div><div class=\"w-vwrapper usg_vwrapper_1 align_left valign_top\"><h4 class=\"w-post-elm post_title usg_post_title_1 entry-title color_link_inherit\"><a href=\"https:\/\/visittossa.com\/fr\/patrimoine-culturel\/tossa-a-travers-le-temps\/prehistoire\/\">Pr\u00e9histoire<\/a><\/h4><\/div>\t<\/div>\r\n<\/article>\r\n<article class=\"w-grid-item size_1x1 post-5298 page type-page status-publish has-post-thumbnail hentry\" data-id=\"5298\">\r\n\t<div class=\"w-grid-item-h\">\r\n\t\t\t\t<div class=\"w-post-elm post_image usg_post_image_1 stretched\"><a href=\"https:\/\/visittossa.com\/fr\/patrimoine-culturel\/tossa-a-travers-le-temps\/epoque-romaine\/\" aria-label=\"\u00c9poque romaine\"><img loading=\"lazy\" decoding=\"async\" width=\"2048\" height=\"1365\" src=\"https:\/\/visittossa.com\/wp-content\/uploads\/2021\/10\/Epoca-Romana-thumb.jpg\" class=\"attachment-full size-full wp-post-image\" alt=\"\" srcset=\"https:\/\/visittossa.com\/wp-content\/uploads\/2021\/10\/Epoca-Romana-thumb.jpg 2048w, https:\/\/visittossa.com\/wp-content\/uploads\/2021\/10\/Epoca-Romana-thumb-300x200.jpg 300w, https:\/\/visittossa.com\/wp-content\/uploads\/2021\/10\/Epoca-Romana-thumb-1024x683.jpg 1024w\" sizes=\"auto, (max-width: 2048px) 100vw, 2048px\" \/><\/a><\/div><div class=\"w-vwrapper usg_vwrapper_1 align_left valign_top\"><h4 class=\"w-post-elm post_title usg_post_title_1 entry-title color_link_inherit\"><a href=\"https:\/\/visittossa.com\/fr\/patrimoine-culturel\/tossa-a-travers-le-temps\/epoque-romaine\/\">\u00c9poque romaine<\/a><\/h4><\/div>\t<\/div>\r\n<\/article>\r\n<article class=\"w-grid-item size_1x1 post-5295 page type-page status-publish has-post-thumbnail hentry\" data-id=\"5295\">\r\n\t<div class=\"w-grid-item-h\">\r\n\t\t\t\t<div class=\"w-post-elm post_image usg_post_image_1 stretched\"><a href=\"https:\/\/visittossa.com\/fr\/patrimoine-culturel\/tossa-a-travers-le-temps\/la-muraille-de-la-vieille-ville\/\" aria-label=\"La muraille de la vieille ville\"><img loading=\"lazy\" decoding=\"async\" width=\"2048\" height=\"1365\" src=\"https:\/\/visittossa.com\/wp-content\/uploads\/2021\/10\/recinte-enmurallat-thumb.jpg\" class=\"attachment-full size-full wp-post-image\" alt=\"\" srcset=\"https:\/\/visittossa.com\/wp-content\/uploads\/2021\/10\/recinte-enmurallat-thumb.jpg 2048w, https:\/\/visittossa.com\/wp-content\/uploads\/2021\/10\/recinte-enmurallat-thumb-300x200.jpg 300w, https:\/\/visittossa.com\/wp-content\/uploads\/2021\/10\/recinte-enmurallat-thumb-1024x683.jpg 1024w\" sizes=\"auto, (max-width: 2048px) 100vw, 2048px\" \/><\/a><\/div><div class=\"w-vwrapper usg_vwrapper_1 align_left valign_top\"><h4 class=\"w-post-elm post_title usg_post_title_1 entry-title color_link_inherit\"><a href=\"https:\/\/visittossa.com\/fr\/patrimoine-culturel\/tossa-a-travers-le-temps\/la-muraille-de-la-vieille-ville\/\">La muraille de la vieille ville<\/a><\/h4><\/div>\t<\/div>\r\n<\/article>\r\n<article class=\"w-grid-item size_1x1 post-5283 page type-page status-publish has-post-thumbnail hentry\" data-id=\"5283\">\r\n\t<div class=\"w-grid-item-h\">\r\n\t\t\t\t<div class=\"w-post-elm post_image usg_post_image_1 stretched\"><a href=\"https:\/\/visittossa.com\/fr\/patrimoine-culturel\/tossa-a-travers-le-temps\/le-quartier-de-sa-roqueta\/\" aria-label=\"Le quartier de Sa Roqueta\"><img loading=\"lazy\" decoding=\"async\" width=\"2048\" height=\"1365\" src=\"https:\/\/visittossa.com\/wp-content\/uploads\/2021\/10\/Sa-Roqueta-thumb.jpg\" class=\"attachment-full size-full wp-post-image\" alt=\"\" srcset=\"https:\/\/visittossa.com\/wp-content\/uploads\/2021\/10\/Sa-Roqueta-thumb.jpg 2048w, https:\/\/visittossa.com\/wp-content\/uploads\/2021\/10\/Sa-Roqueta-thumb-300x200.jpg 300w, https:\/\/visittossa.com\/wp-content\/uploads\/2021\/10\/Sa-Roqueta-thumb-1024x683.jpg 1024w\" sizes=\"auto, (max-width: 2048px) 100vw, 2048px\" \/><\/a><\/div><div class=\"w-vwrapper usg_vwrapper_1 align_left valign_top\"><h4 class=\"w-post-elm post_title usg_post_title_1 entry-title color_link_inherit\"><a href=\"https:\/\/visittossa.com\/fr\/patrimoine-culturel\/tossa-a-travers-le-temps\/le-quartier-de-sa-roqueta\/\">Le quartier de Sa Roqueta<\/a><\/h4><\/div>\t<\/div>\r\n<\/article>\r\n<article class=\"w-grid-item size_1x1 post-5286 page type-page status-publish has-post-thumbnail hentry\" data-id=\"5286\">\r\n\t<div class=\"w-grid-item-h\">\r\n\t\t\t\t<div class=\"w-post-elm post_image usg_post_image_1 stretched\"><a href=\"https:\/\/visittossa.com\/fr\/patrimoine-culturel\/tossa-a-travers-le-temps\/chapelle-des-secours\/\" aria-label=\"Chapelle des Secours\"><img loading=\"lazy\" decoding=\"async\" width=\"2048\" height=\"1365\" src=\"https:\/\/visittossa.com\/wp-content\/uploads\/2021\/10\/Capella-del-Socors-thumb.jpg\" class=\"attachment-full size-full wp-post-image\" alt=\"\" srcset=\"https:\/\/visittossa.com\/wp-content\/uploads\/2021\/10\/Capella-del-Socors-thumb.jpg 2048w, https:\/\/visittossa.com\/wp-content\/uploads\/2021\/10\/Capella-del-Socors-thumb-300x200.jpg 300w, https:\/\/visittossa.com\/wp-content\/uploads\/2021\/10\/Capella-del-Socors-thumb-1024x683.jpg 1024w\" sizes=\"auto, (max-width: 2048px) 100vw, 2048px\" \/><\/a><\/div><div class=\"w-vwrapper usg_vwrapper_1 align_left valign_top\"><h4 class=\"w-post-elm post_title usg_post_title_1 entry-title color_link_inherit\"><a href=\"https:\/\/visittossa.com\/fr\/patrimoine-culturel\/tossa-a-travers-le-temps\/chapelle-des-secours\/\">Chapelle des Secours<\/a><\/h4><\/div>\t<\/div>\r\n<\/article>\r\n<article class=\"w-grid-item size_1x1 post-5301 page type-page status-publish has-post-thumbnail hentry\" data-id=\"5301\">\r\n\t<div class=\"w-grid-item-h\">\r\n\t\t\t\t<div class=\"w-post-elm post_image usg_post_image_1 stretched\"><a href=\"https:\/\/visittossa.com\/fr\/patrimoine-culturel\/tossa-a-travers-le-temps\/eglise-paroissiale\/\" aria-label=\"\u00c9glise paroissiale\"><img loading=\"lazy\" decoding=\"async\" width=\"2048\" height=\"1365\" src=\"https:\/\/visittossa.com\/wp-content\/uploads\/2021\/10\/esglesia-parroquial-thumb.jpg\" class=\"attachment-full size-full wp-post-image\" alt=\"\" srcset=\"https:\/\/visittossa.com\/wp-content\/uploads\/2021\/10\/esglesia-parroquial-thumb.jpg 2048w, https:\/\/visittossa.com\/wp-content\/uploads\/2021\/10\/esglesia-parroquial-thumb-300x200.jpg 300w, https:\/\/visittossa.com\/wp-content\/uploads\/2021\/10\/esglesia-parroquial-thumb-1024x683.jpg 1024w\" sizes=\"auto, (max-width: 2048px) 100vw, 2048px\" \/><\/a><\/div><div class=\"w-vwrapper usg_vwrapper_1 align_left valign_top\"><h4 class=\"w-post-elm post_title usg_post_title_1 entry-title color_link_inherit\"><a href=\"https:\/\/visittossa.com\/fr\/patrimoine-culturel\/tossa-a-travers-le-temps\/eglise-paroissiale\/\">\u00c9glise paroissiale<\/a><\/h4><\/div>\t<\/div>\r\n<\/article>\r\n<article class=\"w-grid-item size_1x1 post-5289 page type-page status-publish has-post-thumbnail hentry\" data-id=\"5289\">\r\n\t<div class=\"w-grid-item-h\">\r\n\t\t\t\t<div class=\"w-post-elm post_image usg_post_image_1 stretched\"><a href=\"https:\/\/visittossa.com\/fr\/patrimoine-culturel\/tossa-a-travers-le-temps\/maison-de-la-culture\/\" aria-label=\"Maison de la Culture\"><img loading=\"lazy\" decoding=\"async\" width=\"2048\" height=\"1365\" src=\"https:\/\/visittossa.com\/wp-content\/uploads\/2021\/10\/Casa-Cultura-thumb.jpg\" class=\"attachment-full size-full wp-post-image\" alt=\"Casa de Cultura\" srcset=\"https:\/\/visittossa.com\/wp-content\/uploads\/2021\/10\/Casa-Cultura-thumb.jpg 2048w, https:\/\/visittossa.com\/wp-content\/uploads\/2021\/10\/Casa-Cultura-thumb-300x200.jpg 300w, https:\/\/visittossa.com\/wp-content\/uploads\/2021\/10\/Casa-Cultura-thumb-1024x683.jpg 1024w\" sizes=\"auto, (max-width: 2048px) 100vw, 2048px\" \/><\/a><\/div><div class=\"w-vwrapper usg_vwrapper_1 align_left valign_top\"><h4 class=\"w-post-elm post_title usg_post_title_1 entry-title color_link_inherit\"><a href=\"https:\/\/visittossa.com\/fr\/patrimoine-culturel\/tossa-a-travers-le-temps\/maison-de-la-culture\/\">Maison de la Culture<\/a><\/h4><\/div>\t<\/div>\r\n<\/article>\r\n<article class=\"w-grid-item size_1x1 post-5292 page type-page status-publish has-post-thumbnail hentry\" data-id=\"5292\">\r\n\t<div class=\"w-grid-item-h\">\r\n\t\t\t\t<div class=\"w-post-elm post_image usg_post_image_1 stretched\"><a href=\"https:\/\/visittossa.com\/fr\/patrimoine-culturel\/tossa-a-travers-le-temps\/casa-sans\/\" aria-label=\"Casa Sans\"><img loading=\"lazy\" decoding=\"async\" width=\"2048\" height=\"1365\" src=\"https:\/\/visittossa.com\/wp-content\/uploads\/2021\/10\/Casa-Sans-thumb.jpg\" class=\"attachment-full size-full wp-post-image\" alt=\"\" srcset=\"https:\/\/visittossa.com\/wp-content\/uploads\/2021\/10\/Casa-Sans-thumb.jpg 2048w, https:\/\/visittossa.com\/wp-content\/uploads\/2021\/10\/Casa-Sans-thumb-300x200.jpg 300w, https:\/\/visittossa.com\/wp-content\/uploads\/2021\/10\/Casa-Sans-thumb-1024x683.jpg 1024w\" sizes=\"auto, (max-width: 2048px) 100vw, 2048px\" \/><\/a><\/div><div class=\"w-vwrapper usg_vwrapper_1 align_left valign_top\"><h4 class=\"w-post-elm post_title usg_post_title_1 entry-title color_link_inherit\"><a href=\"https:\/\/visittossa.com\/fr\/patrimoine-culturel\/tossa-a-travers-le-temps\/casa-sans\/\">Casa Sans<\/a><\/h4><\/div>\t<\/div>\r\n<\/article>\r\n<article class=\"w-grid-item size_1x1 post-5310 page type-page status-publish has-post-thumbnail hentry\" data-id=\"5310\">\r\n\t<div class=\"w-grid-item-h\">\r\n\t\t\t\t<div class=\"w-post-elm post_image usg_post_image_1 stretched\"><a href=\"https:\/\/visittossa.com\/fr\/patrimoine-culturel\/tossa-a-travers-le-temps\/sanctuaire-de-sant-grau\/\" aria-label=\"Sanctuaire de Sant Grau\"><img loading=\"lazy\" decoding=\"async\" width=\"2048\" height=\"1365\" src=\"https:\/\/visittossa.com\/wp-content\/uploads\/2021\/10\/santuari-de-Sant-Grau-thumb.jpg\" class=\"attachment-full size-full wp-post-image\" alt=\"\" srcset=\"https:\/\/visittossa.com\/wp-content\/uploads\/2021\/10\/santuari-de-Sant-Grau-thumb.jpg 2048w, https:\/\/visittossa.com\/wp-content\/uploads\/2021\/10\/santuari-de-Sant-Grau-thumb-300x200.jpg 300w, https:\/\/visittossa.com\/wp-content\/uploads\/2021\/10\/santuari-de-Sant-Grau-thumb-1024x683.jpg 1024w\" sizes=\"auto, (max-width: 2048px) 100vw, 2048px\" \/><\/a><\/div><div class=\"w-vwrapper usg_vwrapper_1 align_left valign_top\"><h4 class=\"w-post-elm post_title usg_post_title_1 entry-title color_link_inherit\"><a href=\"https:\/\/visittossa.com\/fr\/patrimoine-culturel\/tossa-a-travers-le-temps\/sanctuaire-de-sant-grau\/\">Sanctuaire de Sant Grau<\/a><\/h4><\/div>\t<\/div>\r\n<\/article>\r\n<article class=\"w-grid-item size_1x1 post-8790 page type-page status-publish has-post-thumbnail hentry\" data-id=\"8790\">\r\n\t<div class=\"w-grid-item-h\">\r\n\t\t\t\t<div class=\"w-post-elm post_image usg_post_image_1 stretched\"><a href=\"https:\/\/visittossa.com\/fr\/patrimoine-culturel\/tossa-a-travers-le-temps\/tossa-ville-marine\/\" aria-label=\"Tossa, ville marine\"><img loading=\"lazy\" decoding=\"async\" width=\"2560\" height=\"1707\" src=\"https:\/\/visittossa.com\/wp-content\/uploads\/2022\/05\/Diada-des-Peix-a-Terra-040-min-scaled.jpg\" class=\"attachment-full size-full wp-post-image\" alt=\"\" srcset=\"https:\/\/visittossa.com\/wp-content\/uploads\/2022\/05\/Diada-des-Peix-a-Terra-040-min-scaled.jpg 2560w, https:\/\/visittossa.com\/wp-content\/uploads\/2022\/05\/Diada-des-Peix-a-Terra-040-min-300x200.jpg 300w, https:\/\/visittossa.com\/wp-content\/uploads\/2022\/05\/Diada-des-Peix-a-Terra-040-min-1024x683.jpg 1024w\" sizes=\"auto, (max-width: 2560px) 100vw, 2560px\" \/><\/a><\/div><div class=\"w-vwrapper usg_vwrapper_1 align_left valign_top\"><h4 class=\"w-post-elm post_title usg_post_title_1 entry-title color_link_inherit\"><a href=\"https:\/\/visittossa.com\/fr\/patrimoine-culturel\/tossa-a-travers-le-temps\/tossa-ville-marine\/\">Tossa, ville marine<\/a><\/h4><\/div>\t<\/div>\r\n<\/article>\r\n<\/div><div class=\"w-grid-preloader\"><div class=\"g-preloader type_1\">\r\n\t<div><\/div>\r\n<\/div>\r\n<\/div>\t<div class=\"w-grid-json hidden\" onclick='return {&quot;action&quot;:&quot;us_ajax_grid&quot;,&quot;ajax_url&quot;:&quot;https:\\\/\\\/visittossa.com\\\/wp-admin\\\/admin-ajax.php&quot;,&quot;infinite_scroll&quot;:0,&quot;max_num_pages&quot;:1,&quot;pagination&quot;:&quot;none&quot;,&quot;permalink_url&quot;:&quot;https:\\\/\\\/visittossa.com\\\/fr\\\/wp-json\\\/wp\\\/v2\\\/pages\\\/5286\\\/&quot;,&quot;template_vars&quot;:{&quot;columns&quot;:&quot;4&quot;,&quot;exclude_items&quot;:&quot;none&quot;,&quot;img_size&quot;:&quot;default&quot;,&quot;ignore_items_size&quot;:false,&quot;items_layout&quot;:&quot;323&quot;,&quot;items_offset&quot;:&quot;1&quot;,&quot;overriding_link&quot;:&quot;none&quot;,&quot;post_id&quot;:5286,&quot;query_args&quot;:{&quot;ignore_sticky_posts&quot;:1,&quot;post_type&quot;:&quot;any&quot;,&quot;post__in&quot;:[&quot;129&quot;,&quot;127&quot;,&quot;895&quot;,&quot;354&quot;,&quot;809&quot;,&quot;811&quot;,&quot;813&quot;,&quot;889&quot;,&quot;815&quot;,&quot;8790&quot;],&quot;orderby&quot;:{&quot;post__in&quot;:&quot;ASC&quot;},&quot;posts_per_page&quot;:999},&quot;type&quot;:&quot;grid&quot;,&quot;us_grid_ajax_index&quot;:1,&quot;us_grid_filter_params&quot;:null,&quot;us_grid_index&quot;:1,&quot;_us_grid_post_type&quot;:&quot;ids&quot;,&quot;lang&quot;:&quot;fr&quot;}}'><\/div>\r\n<\/div><\/div><\/div><\/div><\/div><\/div><\/section><section class=\"l-section wpb_row height_medium\" id=\"experienciasMd\"><div class=\"l-section-h i-cf\"><div class=\"g-cols vc_row type_default valign_top\"><div class=\"vc_col-sm-12 wpb_column vc_column_container\"><div class=\"vc_column-inner\"><div class=\"wpb_wrapper\"><div class=\"g-cols wpb_row  type_default valign_top vc_inner\"><div class=\"vc_col-sm-4 wpb_column vc_column_container\"><div class=\"vc_column-inner\"><div class=\"wpb_wrapper\">\n<div id=\"interactive-banner-1-wrap-6668\" class=\"ult-banner-block ult-adjust-bottom-margin ult-bb-box  banner-style01 \"   style=\"\">\n\t<img decoding=\"async\" src=\"https:\/\/visittossa.com\/wp-content\/uploads\/2022\/02\/Tossa-a-traves-dels-temps_BOMBOLLA.jpg\" alt=\"La Torre dels moros\">\n\t<h3  data-ultimate-target='#interactive-banner-1-wrap-6668 .bb-top-title '  data-responsive-json-new='{\"font-size\":\"\",\"line-height\":\"\"}'  class=\"title-center bb-top-title ult-responsive\" style=\"font-weight:normal;background:#242424;color:#ffffff;\">Tossa \u00e0 travers le temps<\/h3>\n\t<div class=\"mask opaque-background\" style=\"background:rgba(35,35,35,0.41);\">\n\t\t<div  data-ultimate-target='#interactive-banner-1-wrap-6668 .bb-description'  data-responsive-json-new='{\"font-size\":\"\",\"line-height\":\"\"}'  class=\"bb-description ult-responsive\" style=\"font-weight:normal;color:#ffffff;\"><\/div>\n\t<\/div><a class=\"bb-link\" href=\"https:\/\/visittossa.com\/patrimoni-cultural\/tossa-a-traves-dels-temps\/\" title=\"Tossa a trav\u00e9s dels temps\" ><\/a>\n<\/div><\/div><\/div><\/div><div class=\"vc_col-sm-4 wpb_column vc_column_container\"><div class=\"vc_column-inner\"><div class=\"wpb_wrapper\">\n<div id=\"interactive-banner-1-wrap-8172\" class=\"ult-banner-block ult-adjust-bottom-margin ult-bb-box  banner-style01 \"   style=\"\">\n\t<img decoding=\"async\" src=\"https:\/\/visittossa.com\/wp-content\/uploads\/2022\/02\/art-i-cultura_BOMBOLLA.jpg\" alt=\"art i cultura Tossa\">\n\t<h3  data-ultimate-target='#interactive-banner-1-wrap-8172 .bb-top-title '  data-responsive-json-new='{\"font-size\":\"\",\"line-height\":\"\"}'  class=\"title-center bb-top-title ult-responsive\" style=\"font-weight:normal;background:#242424;color:#ffffff;\">Art et culture<\/h3>\n\t<div class=\"mask opaque-background\" style=\"background:rgba(35,35,35,0.41);\">\n\t\t<div  data-ultimate-target='#interactive-banner-1-wrap-8172 .bb-description'  data-responsive-json-new='{\"font-size\":\"\",\"line-height\":\"\"}'  class=\"bb-description ult-responsive\" style=\"font-weight:normal;color:#ffffff;\"><\/div>\n\t<\/div><a class=\"bb-link\" href=\"https:\/\/visittossa.com\/fr\/patrimoine-culturel\/art-et-culture\/\" title=\"Art et Culture\" ><\/a>\n<\/div><\/div><\/div><\/div><div class=\"vc_col-sm-4 wpb_column vc_column_container\"><div class=\"vc_column-inner\"><div class=\"wpb_wrapper\">\n<div id=\"interactive-banner-1-wrap-9051\" class=\"ult-banner-block ult-adjust-bottom-margin ult-bb-box  banner-style01 \"   style=\"\">\n\t<img decoding=\"async\" src=\"https:\/\/visittossa.com\/wp-content\/uploads\/2022\/03\/Festes-Tossa-BOMBOLLA.jpg\" alt=\"Festes Tossa de Mar\">\n\t<h3  data-ultimate-target='#interactive-banner-1-wrap-9051 .bb-top-title '  data-responsive-json-new='{\"font-size\":\"\",\"line-height\":\"\"}'  class=\"title-center bb-top-title ult-responsive\" style=\"font-weight:normal;background:#242424;color:#ffffff;\">F\u00eates, traditions et l\u00e9gendes<\/h3>\n\t<div class=\"mask opaque-background\" style=\"background:rgba(35,35,35,0.41);\">\n\t\t<div  data-ultimate-target='#interactive-banner-1-wrap-9051 .bb-description'  data-responsive-json-new='{\"font-size\":\"\",\"line-height\":\"\"}'  class=\"bb-description ult-responsive\" style=\"font-weight:normal;color:#ffffff;\"><\/div>\n\t<\/div><a class=\"bb-link\" href=\"https:\/\/visittossa.com\/fr\/patrimoine-culturel\/fetes-traditions-et-legendes\/\" title=\"F\u00eates, traditions et l\u00e9gendes\" ><\/a>\n<\/div><\/div><\/div><\/div><\/div><\/div><\/div><\/div><\/div><\/div><\/section>\n","protected":false},"excerpt":{"rendered":"Tossa, ville marine Les villes marines sont des villes c\u00f4ti\u00e8res qui ont su conserver vivantes la culture et les activit\u00e9s li\u00e9es \u00e0 la mer et qui, en outre, ont su trouver les propositions les plus attirantes pour transmettre leur caract\u00e8re maritime aux visiteurs. Dans le cas de Tossa, cette identit\u00e9 maritime se per\u00e7oit dans les...","protected":false},"author":1,"featured_media":4480,"parent":5280,"menu_order":0,"comment_status":"closed","ping_status":"closed","template":"","meta":{"_monsterinsights_skip_tracking":false,"_monsterinsights_sitenote_active":false,"_monsterinsights_sitenote_note":"","_monsterinsights_sitenote_category":0,"footnotes":""},"class_list":["post-5286","page","type-page","status-publish","has-post-thumbnail","hentry"],"_links":{"self":[{"href":"https:\/\/visittossa.com\/fr\/wp-json\/wp\/v2\/pages\/5286","targetHints":{"allow":["GET"]}}],"collection":[{"href":"https:\/\/visittossa.com\/fr\/wp-json\/wp\/v2\/pages"}],"about":[{"href":"https:\/\/visittossa.com\/fr\/wp-json\/wp\/v2\/types\/page"}],"author":[{"embeddable":true,"href":"https:\/\/visittossa.com\/fr\/wp-json\/wp\/v2\/users\/1"}],"replies":[{"embeddable":true,"href":"https:\/\/visittossa.com\/fr\/wp-json\/wp\/v2\/comments?post=5286"}],"version-history":[{"count":8,"href":"https:\/\/visittossa.com\/fr\/wp-json\/wp\/v2\/pages\/5286\/revisions"}],"predecessor-version":[{"id":10758,"href":"https:\/\/visittossa.com\/fr\/wp-json\/wp\/v2\/pages\/5286\/revisions\/10758"}],"up":[{"embeddable":true,"href":"https:\/\/visittossa.com\/fr\/wp-json\/wp\/v2\/pages\/5280"}],"wp:featuredmedia":[{"embeddable":true,"href":"https:\/\/visittossa.com\/fr\/wp-json\/wp\/v2\/media\/4480"}],"wp:attachment":[{"href":"https:\/\/visittossa.com\/fr\/wp-json\/wp\/v2\/media?parent=5286"}],"curies":[{"name":"wp","href":"https:\/\/api.w.org\/{rel}","templated":true}]}}