{"id":5271,"date":"2021-09-22T15:42:44","date_gmt":"2021-09-22T15:42:44","guid":{"rendered":"https:\/\/visittossa.com\/patrimoni-cultural\/festes-tradicions-i-llegendes\/festes-de-tossa\/"},"modified":"2024-11-19T12:48:50","modified_gmt":"2024-11-19T12:48:50","slug":"fetes-de-tossa","status":"publish","type":"page","link":"https:\/\/visittossa.com\/fr\/patrimoine-culturel\/fetes-traditions-et-legendes\/fetes-de-tossa\/","title":{"rendered":"F\u00eates de Tossa de Mar"},"content":{"rendered":"<section class=\"l-section wpb_row height_large width_full tossaHd with_img\" id=\"hdMd\"><div class=\"l-section-img\" style=\"background-image: url(https:\/\/visittossa.com\/wp-content\/uploads\/2024\/11\/aplecsardanes_72pp_040.jpg);background-repeat: no-repeat;\" data-img-width=\"2048\" data-img-height=\"1365\"><\/div><div class=\"l-section-h i-cf\"><div class=\"g-cols vc_row type_default valign_middle\"><div class=\"vc_col-sm-12 wpb_column vc_column_container\"><div class=\"vc_column-inner\"><div class=\"wpb_wrapper\"><\/div><\/div><\/div><\/div><\/div><\/section><section class=\"l-section wpb_row height_large\" id=\"dblMd\"><div class=\"l-section-h i-cf\"><div class=\"g-cols vc_row type_default valign_top\"><div class=\"vc_col-sm-6 wpb_column vc_column_container imgCol\"><div class=\"vc_column-inner\"><div class=\"wpb_wrapper\"><div class=\"wpb_text_column tltMd\" ><div class=\"wpb_wrapper\"><h2 style=\"text-align: left;\">F\u00eates Patronales<\/h2>\n<\/div><\/div><div class=\"wpb_text_column txtMd\" ><div class=\"wpb_wrapper\"><p>La f\u00eate patronale est la f\u00eate la plus importante du village. En Catalogne cette c\u00e9l\u00e9bration date au moins du XIIIe &#8211; XIVe si\u00e8cle et servait traditionnellement de point de rencontre des communaut\u00e9s locales, qui se r\u00e9unissaient dans un espace commun, par exemple une place ou une \u00e9glise.<\/p>\n<p>Tossa c\u00e9l\u00e8bre deux f\u00eates patronales : la f\u00eate patronale d\u2019hiver, le 22 janvier, en l\u2019honneur de St Vincent patron de la paroisse, et la f\u00eate patronale d\u2019\u00e9t\u00e9 en l\u2019honneur de St Pierre, patron des p\u00eacheurs, le 29 juin.<\/p>\n<\/div><\/div><\/div><\/div><\/div><div class=\"vc_col-sm-6 wpb_column vc_column_container infoCol\"><div class=\"vc_column-inner\"><div class=\"wpb_wrapper\"><div class=\"w-image align_none\"><div class=\"w-image-h\"><img loading=\"lazy\" decoding=\"async\" width=\"2048\" height=\"1365\" src=\"https:\/\/visittossa.com\/wp-content\/uploads\/2024\/11\/vergedelcarme_low_241.jpg\" class=\"attachment-full size-full\" alt=\"\" srcset=\"https:\/\/visittossa.com\/wp-content\/uploads\/2024\/11\/vergedelcarme_low_241.jpg 2048w, https:\/\/visittossa.com\/wp-content\/uploads\/2024\/11\/vergedelcarme_low_241-300x200.jpg 300w, https:\/\/visittossa.com\/wp-content\/uploads\/2024\/11\/vergedelcarme_low_241-1024x683.jpg 1024w\" sizes=\"auto, (max-width: 2048px) 100vw, 2048px\" \/><\/div><\/div><\/div><\/div><\/div><\/div><\/div><\/section><section class=\"l-section wpb_row height_large\" id=\"dblMd\"><div class=\"l-section-h i-cf\"><div class=\"g-cols vc_row type_default valign_top\"><div class=\"vc_col-sm-6 wpb_column vc_column_container imgCol\"><div class=\"vc_column-inner\"><div class=\"wpb_wrapper\"><div class=\"wpb_text_column tltMd\" ><div class=\"wpb_wrapper\"><h2 style=\"text-align: left;\">Corpus Christi<\/h2>\n<\/div><\/div><div class=\"wpb_text_column txtMd\" ><div class=\"wpb_wrapper\"><p>Le Corpus Christi (en latin \u00ab le corps du Christ \u00bb) est une f\u00eate de l\u2019\u00e9glise catholique destin\u00e9e \u00e0 v\u00e9n\u00e9rer l\u2019Eucharistie. C\u2019est une f\u00eate mobile dans le calendrier liturgique qui la situe le jeudi suivant au huiti\u00e8me de Pentec\u00f4te.<\/p>\n<p>Cette f\u00eate, d\u2019origine m\u00e9di\u00e9vale, servait \u00e0 l\u2019\u00e9glise \u00e0 v\u00e9n\u00e9rer publiquement le sacrement de l\u2019Eucharistie en exaltant la doctrine du corps du Christ face \u00e0 ceux qui la niaient. C\u2019est pourquoi on lui otorga un caract\u00e8re d\u2019ostentation plus appropri\u00e9 des f\u00eates pa\u00efennes que des f\u00eates catholiques.<\/p>\n<p>La c\u00e9l\u00e9bration du Corpus Christi \u00e0 Tossa co\u00efncide chaque ann\u00e9e le m\u00eame jeudi (et non pas dimanche comme d\u2019autres villes) et les rues du centre ville sont d\u00e9cor\u00e9es de tapis de fleurs et d\u2019autels. L\u2019apr\u00e8s midi on c\u00e9l\u00e8bre la messe du Corpus, suivie d\u2019une procession qui d\u00e9filera sur les tapis des fleurs.<\/p>\n<\/div><\/div><\/div><\/div><\/div><div class=\"vc_col-sm-6 wpb_column vc_column_container infoCol\"><div class=\"vc_column-inner\"><div class=\"wpb_wrapper\"><div class=\"w-image align_none\"><div class=\"w-image-h\"><img loading=\"lazy\" decoding=\"async\" width=\"2048\" height=\"1365\" src=\"https:\/\/visittossa.com\/wp-content\/uploads\/2024\/11\/CorpusChristi_low_094.jpg\" class=\"attachment-full size-full\" alt=\"\" srcset=\"https:\/\/visittossa.com\/wp-content\/uploads\/2024\/11\/CorpusChristi_low_094.jpg 2048w, https:\/\/visittossa.com\/wp-content\/uploads\/2024\/11\/CorpusChristi_low_094-300x200.jpg 300w, https:\/\/visittossa.com\/wp-content\/uploads\/2024\/11\/CorpusChristi_low_094-1024x683.jpg 1024w\" sizes=\"auto, (max-width: 2048px) 100vw, 2048px\" \/><\/div><\/div><\/div><\/div><\/div><\/div><\/div><\/section><section class=\"l-section wpb_row height_large\" id=\"dblMd\"><div class=\"l-section-h i-cf\"><div class=\"g-cols vc_row type_default valign_top\"><div class=\"vc_col-sm-6 wpb_column vc_column_container imgCol\"><div class=\"vc_column-inner\"><div class=\"wpb_wrapper\"><div class=\"wpb_text_column tltMd\" ><div class=\"wpb_wrapper\"><h2 style=\"text-align: left;\">Aplecs<\/h2>\n<\/div><\/div><div class=\"wpb_text_column txtMd\" ><div class=\"wpb_wrapper\"><p>Les \u201caplecs\u201d sont des rassemblements de longue tradition en m\u00e9diterran\u00e9e, qui se font souvent \u00e0 l\u2019air libre et sont d\u2019origine religieuse.<\/p>\n<p>\u00c0 Tossa il y a eu dans le temps jusqu\u2019\u00e0 4 aplecs dans les chapelles et sanctuaires proches de la ville : St. Beno\u00eet, St. Grau, St. Baldiri et la M\u00e8re (de Dieu) de Gr\u00e2ce. Ces aplecs permettaient aux familles et amis de se retrouver et de participer aux actes religieux et folkloriques.<\/p>\n<p>De ceux-ci, seuls ceux de St. Beno\u00eet en \u00e9t\u00e9 et de St. Grau en automne se c\u00e9l\u00e8brent encore. L\u2019aplec de St. Grau, le 13 octobre, est le plus populaire. Il a \u00e9volu\u00e9 avec le temps. Autrefois il \u00e9tait coutume que les villageois rejoignent \u00e0 pied, au matin le sanctuaire. On y c\u00e9l\u00e9brait une messe accompagn\u00e9e d\u2019un orchestre, on y chantait les goigs (cantiques en l\u2019honneur de la Vierge ou saint) et il y avait une procession. Ensuite on dansait deux sardanes et apr\u00e8s le repas on dansait \u00e0 nouveaux des sardanes. L\u2019apr\u00e8s-midi on priait le rosaire et l\u2019on chantait les goigs et d\u2019autres chansons.<\/p>\n<p>Actuellement il y a encore des personnes qui montent \u00e0 pied bien que la majorit\u00e9 utilise les voitures, mais beaucoup d\u2019activit\u00e9s religieuses n\u2019ont plus lieu.<\/p>\n<\/div><\/div><\/div><\/div><\/div><div class=\"vc_col-sm-6 wpb_column vc_column_container infoCol\"><div class=\"vc_column-inner\"><div class=\"wpb_wrapper\"><div class=\"w-image align_none\"><div class=\"w-image-h\"><img loading=\"lazy\" decoding=\"async\" width=\"611\" height=\"423\" src=\"https:\/\/visittossa.com\/wp-content\/uploads\/2021\/09\/Aplecs.jpg\" class=\"attachment-full size-full\" alt=\"\" srcset=\"https:\/\/visittossa.com\/wp-content\/uploads\/2021\/09\/Aplecs.jpg 611w, https:\/\/visittossa.com\/wp-content\/uploads\/2021\/09\/Aplecs-300x208.jpg 300w\" sizes=\"auto, (max-width: 611px) 100vw, 611px\" \/><\/div><\/div><\/div><\/div><\/div><\/div><\/div><\/section><section class=\"l-section wpb_row us_custom_887a049b height_medium with_overlay\" id=\"experienciasMd\"><div class=\"l-section-overlay\" style=\"background: #ffffff\"><\/div><div class=\"l-section-h i-cf\"><div class=\"g-cols vc_row type_default valign_top\"><div class=\"vc_col-sm-12 wpb_column vc_column_container\"><div class=\"vc_column-inner\"><div class=\"wpb_wrapper\"><div class=\"g-cols wpb_row  type_default valign_top vc_inner\"><div class=\"vc_col-sm-4 wpb_column vc_column_container active\"><div class=\"vc_column-inner\"><div class=\"wpb_wrapper\">\n<div id=\"interactive-banner-1-wrap-6575\" class=\"ult-banner-block ult-adjust-bottom-margin ult-bb-box  banner-style01 \"   style=\"\">\n\t<img decoding=\"async\" src=\"https:\/\/visittossa.com\/wp-content\/uploads\/2022\/02\/festes_BOMBOLLA.jpeg\" alt=\"festes tossa\">\n\t<h3  data-ultimate-target='#interactive-banner-1-wrap-6575 .bb-top-title '  data-responsive-json-new='{\"font-size\":\"\",\"line-height\":\"\"}'  class=\"title-center bb-top-title ult-responsive\" style=\"font-weight:normal;background:#242424;color:#ffffff;\">F\u00eates<\/h3>\n\t<div class=\"mask opaque-background\" style=\"background:rgba(35,35,35,0.41);\">\n\t\t<div  data-ultimate-target='#interactive-banner-1-wrap-6575 .bb-description'  data-responsive-json-new='{\"font-size\":\"\",\"line-height\":\"\"}'  class=\"bb-description ult-responsive\" style=\"font-weight:normal;color:#ffffff;\"><\/div>\n\t<\/div><a class=\"bb-link\" href=\"https:\/\/visittossa.com\/fr\/patrimoine-culturel\/fetes-traditions-et-legendes\/fetes-de-tossa\/\" title=\"F\u00eates\" ><\/a>\n<\/div><\/div><\/div><\/div><div class=\"vc_col-sm-4 wpb_column vc_column_container\"><div class=\"vc_column-inner\"><div class=\"wpb_wrapper\">\n<div id=\"interactive-banner-1-wrap-5113\" class=\"ult-banner-block ult-adjust-bottom-margin ult-bb-box  banner-style01 \"   style=\"\">\n\t<img decoding=\"async\" src=\"https:\/\/visittossa.com\/wp-content\/uploads\/2021\/09\/Tradicions-thumb.jpg\" alt=\"null\">\n\t<h3  data-ultimate-target='#interactive-banner-1-wrap-5113 .bb-top-title '  data-responsive-json-new='{\"font-size\":\"\",\"line-height\":\"\"}'  class=\"title-center bb-top-title ult-responsive\" style=\"font-weight:normal;background:#242424;color:#ffffff;\">Traditions<\/h3>\n\t<div class=\"mask opaque-background\" style=\"background:rgba(35,35,35,0.41);\">\n\t\t<div  data-ultimate-target='#interactive-banner-1-wrap-5113 .bb-description'  data-responsive-json-new='{\"font-size\":\"\",\"line-height\":\"\"}'  class=\"bb-description ult-responsive\" style=\"font-weight:normal;color:#ffffff;\"><\/div>\n\t<\/div><a class=\"bb-link\" href=\"https:\/\/visittossa.com\/fr\/patrimoine-culturel\/fetes-traditions-et-legendes\/traditions-de-tossa\/\" title=\"Traditions de Tossa de Mar\" ><\/a>\n<\/div><\/div><\/div><\/div><div class=\"vc_col-sm-4 wpb_column vc_column_container\"><div class=\"vc_column-inner\"><div class=\"wpb_wrapper\">\n<div id=\"interactive-banner-1-wrap-7091\" class=\"ult-banner-block ult-adjust-bottom-margin ult-bb-box  banner-style01 \"   style=\"\">\n\t<img decoding=\"async\" src=\"https:\/\/visittossa.com\/wp-content\/uploads\/2021\/09\/llegendes-thumb.jpg\" alt=\"null\">\n\t<h3  data-ultimate-target='#interactive-banner-1-wrap-7091 .bb-top-title '  data-responsive-json-new='{\"font-size\":\"\",\"line-height\":\"\"}'  class=\"title-center bb-top-title ult-responsive\" style=\"font-weight:normal;background:#242424;color:#ffffff;\">L\u00e9gendes<\/h3>\n\t<div class=\"mask opaque-background\" style=\"background:rgba(35,35,35,0.41);\">\n\t\t<div  data-ultimate-target='#interactive-banner-1-wrap-7091 .bb-description'  data-responsive-json-new='{\"font-size\":\"\",\"line-height\":\"\"}'  class=\"bb-description ult-responsive\" style=\"font-weight:normal;color:#ffffff;\"><\/div>\n\t<\/div><a class=\"bb-link\" href=\"https:\/\/visittossa.com\/fr\/patrimoine-culturel\/fetes-traditions-et-legendes\/legendes-de-tossa\/\" title=\"L\u00e9gendes de Tossa de Mar\" ><\/a>\n<\/div><\/div><\/div><\/div><\/div><\/div><\/div><\/div><\/div><\/div><\/section><section class=\"l-section wpb_row height_medium\" id=\"experienciasMd\"><div class=\"l-section-h i-cf\"><div class=\"g-cols vc_row type_default valign_top\"><div class=\"vc_col-sm-12 wpb_column vc_column_container\"><div class=\"vc_column-inner\"><div class=\"wpb_wrapper\"><div class=\"g-cols wpb_row  type_default valign_top vc_inner\"><div class=\"vc_col-sm-4 wpb_column vc_column_container\"><div class=\"vc_column-inner\"><div class=\"wpb_wrapper\">\n<div id=\"interactive-banner-1-wrap-7830\" class=\"ult-banner-block ult-adjust-bottom-margin ult-bb-box ult-banner-block-custom-height banner-style01 \"   style=\"height:409px;\">\n\t<img decoding=\"async\" src=\"https:\/\/visittossa.com\/wp-content\/uploads\/2024\/10\/day_002_014.jpg\" alt=\"null\">\n\t<h3  data-ultimate-target='#interactive-banner-1-wrap-7830 .bb-top-title '  data-responsive-json-new='{\"font-size\":\"\",\"line-height\":\"\"}'  class=\"title-center bb-top-title ult-responsive\" style=\"font-weight:normal;background:#242424;color:#ffffff;\">Tossa \u00e0 travers le temps<\/h3>\n\t<div class=\"mask opaque-background\" style=\"background:rgba(35,35,35,0.41);\">\n\t\t<div  data-ultimate-target='#interactive-banner-1-wrap-7830 .bb-description'  data-responsive-json-new='{\"font-size\":\"\",\"line-height\":\"\"}'  class=\"bb-description ult-responsive\" style=\"font-weight:normal;color:#ffffff;\"><\/div>\n\t<\/div><a class=\"bb-link\" href=\"https:\/\/visittossa.com\/fr\/patrimoine-culturel\/tossa-a-travers-le-temps\/\" title=\"Tossa \u00e0 travers le temps\" ><\/a>\n<\/div><\/div><\/div><\/div><div class=\"vc_col-sm-4 wpb_column vc_column_container\"><div class=\"vc_column-inner\"><div class=\"wpb_wrapper\">\n<div id=\"interactive-banner-1-wrap-7971\" class=\"ult-banner-block ult-adjust-bottom-margin ult-bb-box  banner-style01 \"   style=\"\">\n\t<img decoding=\"async\" src=\"https:\/\/visittossa.com\/wp-content\/uploads\/2022\/02\/art-i-cultura_BOMBOLLA.jpg\" alt=\"art i cultura Tossa\">\n\t<h3  data-ultimate-target='#interactive-banner-1-wrap-7971 .bb-top-title '  data-responsive-json-new='{\"font-size\":\"\",\"line-height\":\"\"}'  class=\"title-center bb-top-title ult-responsive\" style=\"font-weight:normal;background:#242424;color:#ffffff;\">Art et culture<\/h3>\n\t<div class=\"mask opaque-background\" style=\"background:rgba(35,35,35,0.41);\">\n\t\t<div  data-ultimate-target='#interactive-banner-1-wrap-7971 .bb-description'  data-responsive-json-new='{\"font-size\":\"\",\"line-height\":\"\"}'  class=\"bb-description ult-responsive\" style=\"font-weight:normal;color:#ffffff;\"><\/div>\n\t<\/div><a class=\"bb-link\" href=\"https:\/\/visittossa.com\/fr\/patrimoine-culturel\/art-et-culture\/\" title=\"Art et culture\" ><\/a>\n<\/div><\/div><\/div><\/div><div class=\"vc_col-sm-4 wpb_column vc_column_container\"><div class=\"vc_column-inner\"><div class=\"wpb_wrapper\">\n<div id=\"interactive-banner-1-wrap-2649\" class=\"ult-banner-block ult-adjust-bottom-margin ult-bb-box  banner-style01 \"   style=\"\">\n\t<img decoding=\"async\" src=\"https:\/\/visittossa.com\/wp-content\/uploads\/2022\/03\/Festes-Tossa-BOMBOLLA.jpg\" alt=\"Festes Tossa de Mar\">\n\t<h3  data-ultimate-target='#interactive-banner-1-wrap-2649 .bb-top-title '  data-responsive-json-new='{\"font-size\":\"\",\"line-height\":\"\"}'  class=\"title-center bb-top-title ult-responsive\" style=\"font-weight:normal;background:#242424;color:#ffffff;\">F\u00eates, traditions et l\u00e9gendes<\/h3>\n\t<div class=\"mask opaque-background\" style=\"background:rgba(35,35,35,0.41);\">\n\t\t<div  data-ultimate-target='#interactive-banner-1-wrap-2649 .bb-description'  data-responsive-json-new='{\"font-size\":\"\",\"line-height\":\"\"}'  class=\"bb-description ult-responsive\" style=\"font-weight:normal;color:#ffffff;\"><\/div>\n\t<\/div><a class=\"bb-link\" href=\"https:\/\/visittossa.com\/fr\/patrimoine-culturel\/fetes-traditions-et-legendes\/\" title=\"F\u00eates, traditions et l\u00e9gendes\" ><\/a>\n<\/div><\/div><\/div><\/div><\/div><\/div><\/div><\/div><\/div><\/div><\/section>\n","protected":false},"excerpt":{"rendered":"F\u00eates Patronales La f\u00eate patronale est la f\u00eate la plus importante du village. En Catalogne cette c\u00e9l\u00e9bration date au moins du XIIIe &#8211; XIVe si\u00e8cle et servait traditionnellement de point de rencontre des communaut\u00e9s locales, qui se r\u00e9unissaient dans un espace commun, par exemple une place ou une \u00e9glise. Tossa c\u00e9l\u00e8bre deux f\u00eates patronales :...","protected":false},"author":1,"featured_media":0,"parent":5268,"menu_order":0,"comment_status":"closed","ping_status":"closed","template":"","meta":{"_monsterinsights_skip_tracking":false,"_monsterinsights_sitenote_active":false,"_monsterinsights_sitenote_note":"","_monsterinsights_sitenote_category":0,"footnotes":""},"class_list":["post-5271","page","type-page","status-publish","hentry"],"_links":{"self":[{"href":"https:\/\/visittossa.com\/fr\/wp-json\/wp\/v2\/pages\/5271","targetHints":{"allow":["GET"]}}],"collection":[{"href":"https:\/\/visittossa.com\/fr\/wp-json\/wp\/v2\/pages"}],"about":[{"href":"https:\/\/visittossa.com\/fr\/wp-json\/wp\/v2\/types\/page"}],"author":[{"embeddable":true,"href":"https:\/\/visittossa.com\/fr\/wp-json\/wp\/v2\/users\/1"}],"replies":[{"embeddable":true,"href":"https:\/\/visittossa.com\/fr\/wp-json\/wp\/v2\/comments?post=5271"}],"version-history":[{"count":10,"href":"https:\/\/visittossa.com\/fr\/wp-json\/wp\/v2\/pages\/5271\/revisions"}],"predecessor-version":[{"id":15632,"href":"https:\/\/visittossa.com\/fr\/wp-json\/wp\/v2\/pages\/5271\/revisions\/15632"}],"up":[{"embeddable":true,"href":"https:\/\/visittossa.com\/fr\/wp-json\/wp\/v2\/pages\/5268"}],"wp:attachment":[{"href":"https:\/\/visittossa.com\/fr\/wp-json\/wp\/v2\/media?parent=5271"}],"curies":[{"name":"wp","href":"https:\/\/api.w.org\/{rel}","templated":true}]}}