{"id":5268,"date":"2020-10-20T09:29:09","date_gmt":"2020-10-20T09:29:09","guid":{"rendered":"https:\/\/visittossa.com\/patrimoni-cultural\/festes-tradicions-i-llegendes\/"},"modified":"2024-11-19T11:45:21","modified_gmt":"2024-11-19T11:45:21","slug":"fetes-traditions-et-legendes","status":"publish","type":"page","link":"https:\/\/visittossa.com\/fr\/patrimoine-culturel\/fetes-traditions-et-legendes\/","title":{"rendered":"F\u00eates, traditions et l\u00e9gendes"},"content":{"rendered":"<section class=\"l-section wpb_row height_large tossaHd with_img\" id=\"hdMd\"><div class=\"l-section-img\" style=\"background-image: url(https:\/\/visittossa.com\/wp-content\/uploads\/2021\/09\/Festes-tradicions-i-llegendes.jpg);\" data-img-width=\"1500\" data-img-height=\"370\"><\/div><div class=\"l-section-h i-cf\"><div class=\"g-cols vc_row type_default valign_top\"><div class=\"vc_col-sm-12 wpb_column vc_column_container\"><div class=\"vc_column-inner\"><div class=\"wpb_wrapper\"><\/div><\/div><\/div><\/div><\/div><\/section><section class=\"l-section wpb_row height_medium txtArea\"><div class=\"l-section-h i-cf\"><div class=\"g-cols vc_row type_default valign_top\"><div class=\"vc_col-sm-12 wpb_column vc_column_container\"><div class=\"vc_column-inner\"><div class=\"wpb_wrapper\"><div class=\"wpb_text_column\" ><div class=\"wpb_wrapper\"><h2 style=\"text-align: center;\">F\u00eates, traditions et l\u00e9gendes<\/h2>\n<\/div><\/div><div class=\"wpb_text_column txtMd\" ><div class=\"wpb_wrapper\"><p style=\"text-align: center;\">Tossa a su pr\u00e9server son pass\u00e9. Aujourd&#8217;hui encore, elle c\u00e9l\u00e8bre certains de ses f\u00eates et traditions les plus chers et garde vivantes certaines l\u00e9gendes anciennes. Nous allons expliquer qui est le P\u00e8re P\u00e9r\u00e9grin et ce qui est arriv\u00e9 \u00e0 un gar\u00e7on appel\u00e9 Xixanet&#8230;<\/p>\n<\/div><\/div><\/div><\/div><\/div><\/div><\/div><\/section><section class=\"l-section wpb_row us_custom_887a049b height_medium with_overlay\" id=\"experienciasMd\"><div class=\"l-section-overlay\" style=\"background: #ffffff\"><\/div><div class=\"l-section-h i-cf\"><div class=\"g-cols vc_row type_default valign_top\"><div class=\"vc_col-sm-12 wpb_column vc_column_container\"><div class=\"vc_column-inner\"><div class=\"wpb_wrapper\"><div class=\"g-cols wpb_row  type_default valign_top vc_inner\"><div class=\"vc_col-sm-4 wpb_column vc_column_container\"><div class=\"vc_column-inner\"><div class=\"wpb_wrapper\">\n<div id=\"interactive-banner-1-wrap-2357\" class=\"ult-banner-block ult-adjust-bottom-margin ult-bb-box  banner-style01 \"   style=\"\">\n\t<img decoding=\"async\" src=\"https:\/\/visittossa.com\/wp-content\/uploads\/2022\/02\/festes_BOMBOLLA.jpeg\" alt=\"festes tossa\">\n\t<h3  data-ultimate-target='#interactive-banner-1-wrap-2357 .bb-top-title '  data-responsive-json-new='{\"font-size\":\"\",\"line-height\":\"\"}'  class=\"title-center bb-top-title ult-responsive\" style=\"font-weight:normal;background:#242424;color:#ffffff;\">F\u00eates<\/h3>\n\t<div class=\"mask opaque-background\" style=\"background:rgba(35,35,35,0.41);\">\n\t\t<div  data-ultimate-target='#interactive-banner-1-wrap-2357 .bb-description'  data-responsive-json-new='{\"font-size\":\"\",\"line-height\":\"\"}'  class=\"bb-description ult-responsive\" style=\"font-weight:normal;color:#ffffff;\"><\/div>\n\t<\/div><a class=\"bb-link\" href=\"https:\/\/visittossa.com\/fr\/patrimoine-culturel\/fetes-traditions-et-legendes\/fetes-de-tossa\/\" title=\"F\u00eates de Tossa de Mar\" ><\/a>\n<\/div><\/div><\/div><\/div><div class=\"vc_col-sm-4 wpb_column vc_column_container\"><div class=\"vc_column-inner\"><div class=\"wpb_wrapper\">\n<div id=\"interactive-banner-1-wrap-8285\" class=\"ult-banner-block ult-adjust-bottom-margin ult-bb-box  banner-style01 \"   style=\"\">\n\t<img decoding=\"async\" src=\"https:\/\/visittossa.com\/wp-content\/uploads\/2021\/09\/Tradicions-thumb.jpg\" alt=\"null\">\n\t<h3  data-ultimate-target='#interactive-banner-1-wrap-8285 .bb-top-title '  data-responsive-json-new='{\"font-size\":\"\",\"line-height\":\"\"}'  class=\"title-center bb-top-title ult-responsive\" style=\"font-weight:normal;background:#242424;color:#ffffff;\">Traditions<\/h3>\n\t<div class=\"mask opaque-background\" style=\"background:rgba(35,35,35,0.41);\">\n\t\t<div  data-ultimate-target='#interactive-banner-1-wrap-8285 .bb-description'  data-responsive-json-new='{\"font-size\":\"\",\"line-height\":\"\"}'  class=\"bb-description ult-responsive\" style=\"font-weight:normal;color:#ffffff;\"><\/div>\n\t<\/div><a class=\"bb-link\" href=\"https:\/\/visittossa.com\/fr\/patrimoine-culturel\/fetes-traditions-et-legendes\/traditions-de-tossa\/\" title=\"Traditions de Tossa de Mar\" ><\/a>\n<\/div><\/div><\/div><\/div><div class=\"vc_col-sm-4 wpb_column vc_column_container\"><div class=\"vc_column-inner\"><div class=\"wpb_wrapper\">\n<div id=\"interactive-banner-1-wrap-5424\" class=\"ult-banner-block ult-adjust-bottom-margin ult-bb-box  banner-style01 \"   style=\"\">\n\t<img decoding=\"async\" src=\"https:\/\/visittossa.com\/wp-content\/uploads\/2021\/09\/llegendes-thumb.jpg\" alt=\"null\">\n\t<h3  data-ultimate-target='#interactive-banner-1-wrap-5424 .bb-top-title '  data-responsive-json-new='{\"font-size\":\"\",\"line-height\":\"\"}'  class=\"title-center bb-top-title ult-responsive\" style=\"font-weight:normal;background:#242424;color:#ffffff;\">L\u00e9gendes<\/h3>\n\t<div class=\"mask opaque-background\" style=\"background:rgba(35,35,35,0.41);\">\n\t\t<div  data-ultimate-target='#interactive-banner-1-wrap-5424 .bb-description'  data-responsive-json-new='{\"font-size\":\"\",\"line-height\":\"\"}'  class=\"bb-description ult-responsive\" style=\"font-weight:normal;color:#ffffff;\"><\/div>\n\t<\/div><a class=\"bb-link\" href=\"https:\/\/visittossa.com\/fr\/patrimoine-culturel\/fetes-traditions-et-legendes\/legendes-de-tossa\/\" title=\"L\u00e9gendes de Tossa de Mar\" ><\/a>\n<\/div><\/div><\/div><\/div><\/div><\/div><\/div><\/div><\/div><\/div><\/section><section class=\"l-section wpb_row height_medium\" id=\"experienciasMd\"><div class=\"l-section-h i-cf\"><div class=\"g-cols vc_row type_default valign_top\"><div class=\"vc_col-sm-12 wpb_column vc_column_container\"><div class=\"vc_column-inner\"><div class=\"wpb_wrapper\"><div class=\"g-cols wpb_row  type_default valign_top vc_inner\"><div class=\"vc_col-sm-4 wpb_column vc_column_container\"><div class=\"vc_column-inner\"><div class=\"wpb_wrapper\">\n<div id=\"interactive-banner-1-wrap-2250\" class=\"ult-banner-block ult-adjust-bottom-margin ult-bb-box ult-banner-block-custom-height banner-style01 \"   style=\"height:409px;\">\n\t<img decoding=\"async\" src=\"https:\/\/visittossa.com\/wp-content\/uploads\/2024\/10\/day_002_014.jpg\" alt=\"null\">\n\t<h3  data-ultimate-target='#interactive-banner-1-wrap-2250 .bb-top-title '  data-responsive-json-new='{\"font-size\":\"\",\"line-height\":\"\"}'  class=\"title-center bb-top-title ult-responsive\" style=\"font-weight:normal;background:#242424;color:#ffffff;\">Tossa \u00e0 travers le temps<\/h3>\n\t<div class=\"mask opaque-background\" style=\"background:rgba(35,35,35,0.41);\">\n\t\t<div  data-ultimate-target='#interactive-banner-1-wrap-2250 .bb-description'  data-responsive-json-new='{\"font-size\":\"\",\"line-height\":\"\"}'  class=\"bb-description ult-responsive\" style=\"font-weight:normal;color:#ffffff;\"><\/div>\n\t<\/div><a class=\"bb-link\" href=\"https:\/\/visittossa.com\/fr\/patrimoine-culturel\/tossa-a-travers-le-temps\/\" title=\"Tossa \u00e0 travers le temps\" ><\/a>\n<\/div><\/div><\/div><\/div><div class=\"vc_col-sm-4 wpb_column vc_column_container\"><div class=\"vc_column-inner\"><div class=\"wpb_wrapper\">\n<div id=\"interactive-banner-1-wrap-3653\" class=\"ult-banner-block ult-adjust-bottom-margin ult-bb-box  banner-style01 \"   style=\"\">\n\t<img decoding=\"async\" src=\"https:\/\/visittossa.com\/wp-content\/uploads\/2022\/02\/art-i-cultura_BOMBOLLA.jpg\" alt=\"art i cultura Tossa\">\n\t<h3  data-ultimate-target='#interactive-banner-1-wrap-3653 .bb-top-title '  data-responsive-json-new='{\"font-size\":\"\",\"line-height\":\"\"}'  class=\"title-center bb-top-title ult-responsive\" style=\"font-weight:normal;background:#242424;color:#ffffff;\">Art et culture<\/h3>\n\t<div class=\"mask opaque-background\" style=\"background:rgba(35,35,35,0.41);\">\n\t\t<div  data-ultimate-target='#interactive-banner-1-wrap-3653 .bb-description'  data-responsive-json-new='{\"font-size\":\"\",\"line-height\":\"\"}'  class=\"bb-description ult-responsive\" style=\"font-weight:normal;color:#ffffff;\"><\/div>\n\t<\/div><a class=\"bb-link\" href=\"https:\/\/visittossa.com\/fr\/patrimoine-culturel\/art-et-culture\/\" title=\"Art et culture\" ><\/a>\n<\/div><\/div><\/div><\/div><div class=\"vc_col-sm-4 wpb_column vc_column_container active\"><div class=\"vc_column-inner\"><div class=\"wpb_wrapper\">\n<div id=\"interactive-banner-1-wrap-2337\" class=\"ult-banner-block ult-adjust-bottom-margin ult-bb-box  banner-style01 \"   style=\"\">\n\t<img decoding=\"async\" src=\"https:\/\/visittossa.com\/wp-content\/uploads\/2022\/03\/Festes-Tossa-BOMBOLLA.jpg\" alt=\"Festes Tossa de Mar\">\n\t<h3  data-ultimate-target='#interactive-banner-1-wrap-2337 .bb-top-title '  data-responsive-json-new='{\"font-size\":\"\",\"line-height\":\"\"}'  class=\"title-center bb-top-title ult-responsive\" style=\"font-weight:normal;background:#242424;color:#ffffff;\">F\u00eates, traditions et l\u00e9gendes<\/h3>\n\t<div class=\"mask opaque-background\" style=\"background:rgba(35,35,35,0.41);\">\n\t\t<div  data-ultimate-target='#interactive-banner-1-wrap-2337 .bb-description'  data-responsive-json-new='{\"font-size\":\"\",\"line-height\":\"\"}'  class=\"bb-description ult-responsive\" style=\"font-weight:normal;color:#ffffff;\"><\/div>\n\t<\/div><a class=\"bb-link\" href=\"https:\/\/visittossa.com\/fr\/patrimoine-culturel\/fetes-traditions-et-legendes\/\" title=\"F\u00eates, traditions et l\u00e9gendes\" ><\/a>\n<\/div><\/div><\/div><\/div><\/div><\/div><\/div><\/div><\/div><\/div><\/section>\n","protected":false},"excerpt":{"rendered":"F\u00eates, traditions et l\u00e9gendes Tossa a su pr\u00e9server son pass\u00e9. Aujourd&#8217;hui encore, elle c\u00e9l\u00e8bre certains de ses f\u00eates et traditions les plus chers et garde vivantes certaines l\u00e9gendes anciennes. Nous allons expliquer qui est le P\u00e8re P\u00e9r\u00e9grin et ce qui est arriv\u00e9 \u00e0 un gar\u00e7on appel\u00e9 Xixanet&#8230; F\u00eates Traditions L\u00e9gendes Tossa \u00e0 travers le temps...","protected":false},"author":1,"featured_media":0,"parent":5250,"menu_order":0,"comment_status":"closed","ping_status":"closed","template":"","meta":{"_monsterinsights_skip_tracking":false,"_monsterinsights_sitenote_active":false,"_monsterinsights_sitenote_note":"","_monsterinsights_sitenote_category":0,"footnotes":""},"class_list":["post-5268","page","type-page","status-publish","hentry"],"_links":{"self":[{"href":"https:\/\/visittossa.com\/fr\/wp-json\/wp\/v2\/pages\/5268","targetHints":{"allow":["GET"]}}],"collection":[{"href":"https:\/\/visittossa.com\/fr\/wp-json\/wp\/v2\/pages"}],"about":[{"href":"https:\/\/visittossa.com\/fr\/wp-json\/wp\/v2\/types\/page"}],"author":[{"embeddable":true,"href":"https:\/\/visittossa.com\/fr\/wp-json\/wp\/v2\/users\/1"}],"replies":[{"embeddable":true,"href":"https:\/\/visittossa.com\/fr\/wp-json\/wp\/v2\/comments?post=5268"}],"version-history":[{"count":12,"href":"https:\/\/visittossa.com\/fr\/wp-json\/wp\/v2\/pages\/5268\/revisions"}],"predecessor-version":[{"id":15602,"href":"https:\/\/visittossa.com\/fr\/wp-json\/wp\/v2\/pages\/5268\/revisions\/15602"}],"up":[{"embeddable":true,"href":"https:\/\/visittossa.com\/fr\/wp-json\/wp\/v2\/pages\/5250"}],"wp:attachment":[{"href":"https:\/\/visittossa.com\/fr\/wp-json\/wp\/v2\/media?parent=5268"}],"curies":[{"name":"wp","href":"https:\/\/api.w.org\/{rel}","templated":true}]}}