{"id":5250,"date":"2020-10-20T09:28:36","date_gmt":"2020-10-20T09:28:36","guid":{"rendered":"https:\/\/visittossa.com\/patrimoni-cultural\/"},"modified":"2024-11-19T07:47:03","modified_gmt":"2024-11-19T07:47:03","slug":"patrimoine-culturel","status":"publish","type":"page","link":"https:\/\/visittossa.com\/fr\/patrimoine-culturel\/","title":{"rendered":"Patrimoine culturel"},"content":{"rendered":"<section class=\"l-section wpb_row height_large width_full tossaHd with_img\" id=\"hdMd\"><div class=\"l-section-img\" style=\"background-image: url(https:\/\/visittossa.com\/wp-content\/uploads\/2024\/10\/BancImatges_2021_042-scaled.jpg);background-repeat: no-repeat;\" data-img-width=\"2560\" data-img-height=\"1707\"><\/div><div class=\"l-section-h i-cf\"><div class=\"g-cols vc_row type_default valign_middle\"><div class=\"vc_col-sm-12 wpb_column vc_column_container\"><div class=\"vc_column-inner\"><div class=\"wpb_wrapper\"><\/div><\/div><\/div><\/div><\/div><\/section><section class=\"l-section wpb_row height_medium\" id=\"introTxt\"><div class=\"l-section-h i-cf\"><div class=\"g-cols vc_row type_default valign_top\"><div class=\"vc_col-sm-12 wpb_column vc_column_container\"><div class=\"vc_column-inner\"><div class=\"wpb_wrapper\"><div class=\"wpb_text_column ttlMd\" ><div class=\"wpb_wrapper\"><h2 style=\"text-align: center;\">Patrimoine culturel<\/h2>\n<\/div><\/div><div class=\"wpb_text_column txtMd\" ><div class=\"wpb_wrapper\"><p style=\"text-align: center;\">Le patrimoine historique, culturel et artistique est l&#8217;un des plus grands tr\u00e9sors de Tossa.<\/p>\n<p style=\"text-align: center;\">Sa longue histoire a laiss\u00e9 une trace indiscutable dans le paysage de cette ville, qui a \u00e9t\u00e9 le Paradis bleu, la Babel des arts et la Fleur de la mer pour des peintres, litt\u00e9raires et po\u00e8tes de renom.<\/p>\n<\/div><\/div><\/div><\/div><\/div><\/div><\/div><\/section><section class=\"l-section wpb_row height_medium new2021\" id=\"bnrMd\"><div class=\"l-section-h i-cf\"><div class=\"g-cols vc_row type_default valign_top\"><div class=\"vc_col-sm-12 wpb_column vc_column_container\"><div class=\"vc_column-inner\"><div class=\"wpb_wrapper\"><div class=\"g-cols wpb_row  type_default valign_top vc_inner\"><div class=\"vc_col-sm-4 wpb_column vc_column_container\"><div class=\"vc_column-inner\"><div class=\"wpb_wrapper\"><div class=\"w-ibanner animation_melete ratio_3x4 easing_ease\"><div class=\"w-ibanner-h\"><div class=\"w-ibanner-image\" style=\"background-image: url(https:\/\/visittossa.com\/wp-content\/uploads\/2024\/10\/day_002_014.jpg)\"><\/div><div class=\"w-ibanner-content\"><div class=\"w-ibanner-content-h\"><h5 class=\"w-ibanner-title\">Tossa \u00e0 travers le temps<\/h5><div class=\"w-ibanner-desc\"><\/div><\/div><\/div><\/div><a title=\"Tossa a trav\u00e9s dels temps\" href=\"https:\/\/visittossa.com\/fr\/patrimoine-culturel\/tossa-a-travers-le-temps\/\" aria-label=\"Tossa \u00e0 travers le temps\"><\/a><\/div><\/div><\/div><\/div><div class=\"vc_col-sm-4 wpb_column vc_column_container\"><div class=\"vc_column-inner\"><div class=\"wpb_wrapper\"><div class=\"w-ibanner animation_melete ratio_3x4 easing_ease\"><div class=\"w-ibanner-h\"><div class=\"w-ibanner-image\" style=\"background-image: url(https:\/\/visittossa.com\/wp-content\/uploads\/2022\/02\/art-i-cultura_BOMBOLLA.jpg)\"><\/div><div class=\"w-ibanner-content\"><div class=\"w-ibanner-content-h\"><h5 class=\"w-ibanner-title\">Art et culture<\/h5><div class=\"w-ibanner-desc\"><\/div><\/div><\/div><\/div><a title=\"Art et culture\" href=\"https:\/\/visittossa.com\/fr\/patrimoine-culturel\/art-et-culture\" aria-label=\"Art et culture\"><\/a><\/div><\/div><\/div><\/div><div class=\"vc_col-sm-4 wpb_column vc_column_container\"><div class=\"vc_column-inner\"><div class=\"wpb_wrapper\"><div class=\"w-ibanner animation_melete ratio_3x4 easing_ease\"><div class=\"w-ibanner-h\"><div class=\"w-ibanner-image\" style=\"background-image: url(https:\/\/visittossa.com\/wp-content\/uploads\/2022\/03\/Festes-Tossa-BOMBOLLA.jpg)\"><\/div><div class=\"w-ibanner-content\"><div class=\"w-ibanner-content-h\"><h5 class=\"w-ibanner-title\">F\u00eates, traditions et l\u00e9gendes<\/h5><div class=\"w-ibanner-desc\"><\/div><\/div><\/div><\/div><a title=\"F\u00eates, traditions et l\u00e9gendes\" href=\"https:\/\/visittossa.com\/fr\/patrimoine-culturel\/fetes-traditions-et-legendes\/\" aria-label=\"F\u00eates, traditions et l\u00e9gendes\"><\/a><\/div><\/div><\/div><\/div><\/div><\/div><\/div><\/div><\/div><\/div><\/section>\n","protected":false},"excerpt":{"rendered":"Patrimoine culturel Le patrimoine historique, culturel et artistique est l&#8217;un des plus grands tr\u00e9sors de Tossa. Sa longue histoire a laiss\u00e9 une trace indiscutable dans le paysage de cette ville, qui a \u00e9t\u00e9 le Paradis bleu, la Babel des arts et la Fleur de la mer pour des peintres, litt\u00e9raires et po\u00e8tes de renom. Tossa...","protected":false},"author":1,"featured_media":0,"parent":0,"menu_order":0,"comment_status":"closed","ping_status":"closed","template":"","meta":{"_monsterinsights_skip_tracking":false,"_monsterinsights_sitenote_active":false,"_monsterinsights_sitenote_note":"","_monsterinsights_sitenote_category":0,"footnotes":""},"class_list":["post-5250","page","type-page","status-publish","hentry"],"_links":{"self":[{"href":"https:\/\/visittossa.com\/fr\/wp-json\/wp\/v2\/pages\/5250","targetHints":{"allow":["GET"]}}],"collection":[{"href":"https:\/\/visittossa.com\/fr\/wp-json\/wp\/v2\/pages"}],"about":[{"href":"https:\/\/visittossa.com\/fr\/wp-json\/wp\/v2\/types\/page"}],"author":[{"embeddable":true,"href":"https:\/\/visittossa.com\/fr\/wp-json\/wp\/v2\/users\/1"}],"replies":[{"embeddable":true,"href":"https:\/\/visittossa.com\/fr\/wp-json\/wp\/v2\/comments?post=5250"}],"version-history":[{"count":13,"href":"https:\/\/visittossa.com\/fr\/wp-json\/wp\/v2\/pages\/5250\/revisions"}],"predecessor-version":[{"id":15579,"href":"https:\/\/visittossa.com\/fr\/wp-json\/wp\/v2\/pages\/5250\/revisions\/15579"}],"wp:attachment":[{"href":"https:\/\/visittossa.com\/fr\/wp-json\/wp\/v2\/media?parent=5250"}],"curies":[{"name":"wp","href":"https:\/\/api.w.org\/{rel}","templated":true}]}}