{"id":5247,"date":"2020-10-20T09:37:12","date_gmt":"2020-10-20T09:37:12","guid":{"rendered":"https:\/\/visittossa.com\/on-menjar\/"},"modified":"2024-02-12T12:14:51","modified_gmt":"2024-02-12T12:14:51","slug":"ou-manger","status":"publish","type":"page","link":"https:\/\/visittossa.com\/fr\/ou-manger\/","title":{"rendered":"O\u00f9 manger"},"content":{"rendered":"<section class=\"l-section wpb_row height_large innerHd with_img\" id=\"hdMd\"><div class=\"l-section-img\" style=\"background-image: url(https:\/\/visittossa.com\/wp-content\/uploads\/2022\/03\/CAPCALERA-ON-MENJAR.jpg);background-repeat: no-repeat;\" data-img-width=\"1400\" data-img-height=\"270\"><\/div><div class=\"l-section-h i-cf\"><div class=\"g-cols vc_row type_default valign_top\"><div class=\"vc_col-sm-12 wpb_column vc_column_container\"><div class=\"vc_column-inner\"><div class=\"wpb_wrapper\"><\/div><\/div><\/div><\/div><\/div><\/section><!-- Row Backgrounds --><section class=\"l-section wpb_row height_medium\" id=\"introTxt\"><div class=\"l-section-h i-cf\"><div class=\"g-cols vc_row type_default valign_top\"><div class=\"vc_col-sm-12 wpb_column vc_column_container\"><div class=\"vc_column-inner\"><div class=\"wpb_wrapper\"><div class=\"wpb_text_column ttlMd\" ><div class=\"wpb_wrapper\"><h2 style=\"text-align: center;\">O\u00f9 manger \u00e0 Tossa de Mar<\/h2>\n<\/div><\/div><div class=\"wpb_text_column txtMd\" ><div class=\"wpb_wrapper\"><p style=\"text-align: center;\">Imaginez l&#8217;\u00e9veil de vos sens, devant une bonne table qui s\u00e9duit les yeux, enivre l&#8217;odorat et r\u00e9veille la passion du palais.<\/p>\n<p style=\"text-align: center;\">Des saveurs typiquement m\u00e9diterran\u00e9ennes, des plats pr\u00e9par\u00e9s \u00e0 l&#8217;ancienne, comme le faisaient les p\u00eacheurs lorsqu&#8217;ils partaient en mer et cuisinaient \u00e0 bord de leurs barques, le go\u00fbt pour la cuisine traditionnelle et la cuisine cr\u00e9ative et, surtout, la vraie rencontre entre elles sur la table.<\/p>\n<\/div><\/div><\/div><\/div><\/div><\/div><\/div><\/section><section class=\"l-section wpb_row height_auto\" id=\"srchMd\"><div class=\"l-section-h i-cf\"><div class=\"g-cols vc_row type_default valign_top\"><div class=\"vc_col-sm-12 wpb_column vc_column_container\"><div class=\"vc_column-inner\"><div class=\"wpb_wrapper\"><div class=\"wpb_text_column\" ><div class=\"wpb_wrapper\"><form data-sf-form-id='8815' data-is-rtl='0' data-maintain-state='' data-results-url='https:\/\/visittossa.com\/fr\/ou-manger\/' data-ajax-url='https:\/\/visittossa.com\/fr\/?sfid=8815&amp;sf_action=get_data&amp;sf_data=results' data-ajax-form-url='https:\/\/visittossa.com\/fr\/?sfid=8815&amp;sf_action=get_data&amp;sf_data=form' data-display-result-method='shortcode' data-use-history-api='1' data-template-loaded='0' data-lang-code='fr' data-ajax='1' data-ajax-data-type='json' data-ajax-links-selector='.pagination a' data-ajax-target='#search-filter-results-8815' data-ajax-pagination-type='infinite_scroll' data-show-scroll-loader='1' data-infinite-scroll-trigger='-100' data-update-ajax-url='1' data-only-results-ajax='1' data-scroll-to-pos='0' data-init-paged='1' data-auto-update='' action='https:\/\/visittossa.com\/fr\/ou-manger\/' method='post' class='searchandfilter' id='search-filter-form-8815' autocomplete='off' data-instance-count='1'><ul><li class=\"sf-field-search\" data-sf-field-name=\"search\" data-sf-field-type=\"search\" data-sf-field-input-type=\"\">\t\t<label><input placeholder=\"Trouver o\u00f9 manger\/boire\u2026\" name=\"_sf_search[]\" class=\"sf-input-text\" type=\"text\" value=\"\" title=\"\"><\/label>\t\t<\/li><li class=\"sf-field-taxonomy-categories_menjar\" data-sf-field-name=\"_sft_categories_menjar\" data-sf-field-type=\"taxonomy\" data-sf-field-input-type=\"select\">\t\t<label>\n\t\t\t\t<select name=\"_sft_categories_menjar[]\" class=\"sf-input-select\" title=\"\">\n\t\t\t\n\t\t\t\t\t\t<option class=\"sf-level-0 sf-item-0 sf-option-active\" selected=\"selected\" data-sf-count=\"0\" data-sf-depth=\"0\" value=\"\">Types de plats\/boisson\u2026<\/option>\n\t\t\t\t\t\t<option class=\"sf-level-0 sf-item-292\" data-sf-count=\"53\" data-sf-depth=\"0\" value=\"bars-fr\">Bars<\/option>\n\t\t\t\t\t\t<option class=\"sf-level-0 sf-item-289\" data-sf-count=\"7\" data-sf-depth=\"0\" value=\"pastisseries-cafeteria-fr\">P\u00e2tisseries \/ Caf\u00e9t\u00e9ria<\/option>\n\t\t\t\t\t\t<option class=\"sf-level-0 sf-item-286\" data-sf-count=\"87\" data-sf-depth=\"0\" value=\"restaurants-fr\">Restaurants<\/option>\n\t\t\t\t\t\t<option class=\"sf-level-1 sf-item-241\" data-sf-count=\"7\" data-sf-depth=\"1\" value=\"braseria-fr\">&nbsp;&nbsp;&nbsp;Brasserie<\/option>\n\t\t\t\t\t\t<option class=\"sf-level-1 sf-item-244\" data-sf-count=\"20\" data-sf-depth=\"1\" value=\"cuina-catalana-fr\">&nbsp;&nbsp;&nbsp;Cuisine Catalane<\/option>\n\t\t\t\t\t\t<option class=\"sf-level-1 sf-item-581\" data-sf-count=\"1\" data-sf-depth=\"1\" value=\"cuisine-chinoise\">&nbsp;&nbsp;&nbsp;Cuisine chinoise<\/option>\n\t\t\t\t\t\t<option class=\"sf-level-1 sf-item-247\" data-sf-count=\"2\" data-sf-depth=\"1\" value=\"cuina-dautor-fr\">&nbsp;&nbsp;&nbsp;Cuisine de Cr\u00e9ation<\/option>\n\t\t\t\t\t\t<option class=\"sf-level-1 sf-item-250\" data-sf-count=\"2\" data-sf-depth=\"1\" value=\"cuina-gallega-fr\">&nbsp;&nbsp;&nbsp;Cuisine Galicienne<\/option>\n\t\t\t\t\t\t<option class=\"sf-level-1 sf-item-253\" data-sf-count=\"1\" data-sf-depth=\"1\" value=\"cuina-india-fr\">&nbsp;&nbsp;&nbsp;Cuisine Indienne<\/option>\n\t\t\t\t\t\t<option class=\"sf-level-1 sf-item-256\" data-sf-count=\"11\" data-sf-depth=\"1\" value=\"cuina-internacional-fr\">&nbsp;&nbsp;&nbsp;Cuisine Internationale<\/option>\n\t\t\t\t\t\t<option class=\"sf-level-1 sf-item-259\" data-sf-count=\"24\" data-sf-depth=\"1\" value=\"cuina-italiana-i-pizzeria-fr\">&nbsp;&nbsp;&nbsp;Cuisine Italienne et Pizzeria<\/option>\n\t\t\t\t\t\t<option class=\"sf-level-1 sf-item-262\" data-sf-count=\"25\" data-sf-depth=\"1\" value=\"cuina-marinera-fr\">&nbsp;&nbsp;&nbsp;Cuisine Marini\u00e8re<\/option>\n\t\t\t\t\t\t<option class=\"sf-level-1 sf-item-265\" data-sf-count=\"41\" data-sf-depth=\"1\" value=\"cuina-mediterrania-fr\">&nbsp;&nbsp;&nbsp;Cuisine Mediterran\u00e9enne<\/option>\n\t\t\t\t\t\t<option class=\"sf-level-1 sf-item-268\" data-sf-count=\"1\" data-sf-depth=\"1\" value=\"cuina-peruana-fr\">&nbsp;&nbsp;&nbsp;Cuisine P\u00e9ruvienne<\/option>\n\t\t\t\t\t\t<option class=\"sf-level-1 sf-item-271\" data-sf-count=\"16\" data-sf-depth=\"1\" value=\"cuina-tradicional-tossenca-fr\">&nbsp;&nbsp;&nbsp;Cuisine Traditionnelle de Tossa<\/option>\n\t\t\t\t\t\t<option class=\"sf-level-1 sf-item-274\" data-sf-count=\"1\" data-sf-depth=\"1\" value=\"fondue-fr\">&nbsp;&nbsp;&nbsp;Fondue<\/option>\n\t\t\t\t\t\t<option class=\"sf-level-1 sf-item-277\" data-sf-count=\"3\" data-sf-depth=\"1\" value=\"kebab-fr\">&nbsp;&nbsp;&nbsp;Kebab<\/option>\n\t\t\t\t\t\t<option class=\"sf-level-1 sf-item-280\" data-sf-count=\"11\" data-sf-depth=\"1\" value=\"plats-combinats-fr\">&nbsp;&nbsp;&nbsp;Plats Combin\u00e9s<\/option>\n\t\t\t\t\t\t<option class=\"sf-level-1 sf-item-283\" data-sf-count=\"1\" data-sf-depth=\"1\" value=\"sushi-fr\">&nbsp;&nbsp;&nbsp;Sushi<\/option>\n\t\t\t\t\t<\/select>\n\t\t<\/label>\t\t<\/li><li class=\"sf-field-submit\" data-sf-field-name=\"submit\" data-sf-field-type=\"submit\" data-sf-field-input-type=\"\"><input type=\"submit\" name=\"_sf_submit\" value=\"Filtrer les r\u00e9sultats\"><\/li><\/ul><\/form>\n<\/div><\/div><\/div><\/div><\/div><\/div><\/div><\/section><section class=\"l-section wpb_row height_medium\" id=\"rsltMd\"><div class=\"l-section-h i-cf\"><div class=\"g-cols vc_row type_default valign_top\"><div class=\"vc_col-sm-12 wpb_column vc_column_container\"><div class=\"vc_column-inner\"><div class=\"wpb_wrapper\"><div class=\"wpb_text_column\" ><div class=\"wpb_wrapper\"><div class=\"search-filter-results\" id=\"search-filter-results-8815\">\t\n\t\t\t<div class=\"itemRslt\">\n\t\t\t\t\t\t<h6 class=\"ttlRslt\">Abell\u00e1n<\/h6>\n\t\t\t<p><p style=\"text-align: center;\"><strong>Av. Ferran Agull\u00f3,3<\/strong><\/p>\n<p style=\"text-align: center;\">Tel. 972 341 183<br \/>\n<a href=\"mailto:pasteabellan@gmail.com\" target=\"_blank\" rel=\"noopener noreferrer\">pasteabellan@gmail.com<\/a><\/p>\n<\/p>\n\t\t<\/div>\n\t\t\t\t<div class=\"itemRslt\">\n\t\t\t\t\t\t<h6 class=\"ttlRslt\">Alma<\/h6>\n\t\t\t<p><p style=\"text-align: center;\"><strong>Urb. Cala Salions, 102 (Route \u00e0 St. Feliu G.)<\/strong><\/p>\n<p style=\"text-align: center;\">Tel. +34 722 536 481<\/p>\n<p style=\"text-align: center;\"><a href=\"https:\/\/restaurantecasaalma.com\/\" target=\"_blank\" rel=\"noopener\">www.restaurantecasaalma.com<\/a><\/p>\n<\/p>\n\t\t<\/div>\n\t\t\t\t<div class=\"itemRslt\">\n\t\t\t\t\t\t<h6 class=\"ttlRslt\">Babek<\/h6>\n\t\t\t<p><p style=\"text-align: center;\"><strong>C\/ Enric Granados, 18<\/strong><\/p>\n<p style=\"text-align: center;\">Tel. +34 872 03 05 37<br \/>\nTel. +34 654 028 233<br \/>\n<a href=\"https:\/\/www.babek.es\/index-ca\" target=\"_blank\" rel=\"noopener\">www.babek.es<\/a><br \/>\ninfo@babek.es<\/p>\n<\/p>\n\t\t<\/div>\n\t\t\t\t<div class=\"itemRslt\">\n\t\t\t\t\t\t<h6 class=\"ttlRslt\">Bahia<\/h6>\n\t\t\t<p><p style=\"text-align: center;\"><strong>Passeig de Mar, 19<\/strong><\/p>\n<p style=\"text-align: center;\">Tel. +34 972 340 322<br \/>\n<a href=\"https:\/\/www.restaurantbahiatossa.com\/\" target=\"_blank\" rel=\"noopener noreferrer\">www.restaurantbahiatossa.com<\/a><br \/>\n<a href=\"mailto:restaurantbahiatossa@gmail.com\" target=\"_blank\" rel=\"noopener noreferrer\">bahitossa@hotmail.com<\/a><\/p>\n<\/p>\n\t\t<\/div>\n\t\t\t\t<div class=\"itemRslt\">\n\t\t\t\t\t\t<h6 class=\"ttlRslt\">Bar Marina<\/h6>\n\t\t\t<p><p style=\"text-align: center;\"><strong>C\/ Giverola, 13<\/strong><\/p>\n<\/p>\n\t\t<\/div>\n\t\t\t\t<div class=\"itemRslt\">\n\t\t\t\t\t\t<h6 class=\"ttlRslt\">Bayleaf<\/h6>\n\t\t\t<p><p style=\"text-align: center;\"><strong>C\/ Sant Pere, 5<\/strong><\/p>\n<p style=\"text-align: center;\">Tel. +34 972 341 100<br \/>\n<a href=\"mailto:bayleaf019@gmail.com\" target=\"_blank\" rel=\"noopener noreferrer\">bayleaf019@gmail.com<\/a><\/p>\n<p style=\"text-align: center;\">\n<\/p>\n\t\t<\/div>\n\t\t\t\t<div class=\"itemRslt\">\n\t\t\t\t\t\t<h6 class=\"ttlRslt\">Beach Club<\/h6>\n\t\t\t<p><p style=\"text-align: center;\"><strong>Platja Sta. M\u00aa de Llorell<\/strong><\/p>\n<p style=\"text-align: center;\">Tel. +34 972 341 926<\/p>\n<p style=\"text-align: center;\"><a href=\"mailto:beachclubeventos@gmail.com\" target=\"_blank\" rel=\"noopener noreferrer\">beachclubeventos@gmail.com<\/a><\/p>\n<\/p>\n\t\t<\/div>\n\t\t\t\t<div class=\"itemRslt\">\n\t\t\t\t\t\t<h6 class=\"ttlRslt\">Beerlin<\/h6>\n\t\t\t<p><p style=\"text-align: center;\"><strong>C\/ Sant Antoni, 8<\/strong><\/p>\n<\/p>\n\t\t<\/div>\n\t\t\t\t<div class=\"itemRslt\">\n\t\t\t\t\t\t<h6 class=\"ttlRslt\">Bello<\/h6>\n\t\t\t<p><p style=\"text-align: center;\"><strong>Av. S. Raimon de Penyafort, 9<\/strong><\/p>\n<p style=\"text-align: center;\">Tel. +34 972 340 865<br \/>\n<a href=\"https:\/\/www.pizzeriabello.com\/\" target=\"_blank\" rel=\"noopener noreferrer\">www.restaurantpizzeriabello.com<\/a><\/p>\n<\/p>\n\t\t<\/div>\n\t\t\t\t<div class=\"itemRslt\">\n\t\t\t\t\t\t<h6 class=\"ttlRslt\">Bocata&#8217;s<\/h6>\n\t\t\t<p><p style=\"text-align: center;\"><strong>C\/ Nou, 43<\/strong><\/p>\n<p style=\"text-align: center;\">Tel. +34 972 341 560<\/p>\n<p style=\"text-align: center;\"><a href=\"https:\/\/www.elbocatas.com\/\" target=\"_blank\" rel=\"noopener\">www.elbocatas.com<\/a><br \/>\n<a href=\"mailto:grupobocatas@gmail.com\" target=\"_blank\" rel=\"noopener noreferrer\">grupobocatas@gmail.com<\/a><\/p>\n<\/p>\n\t\t<\/div>\n\t\t\t\t<div class=\"itemRslt\">\n\t\t\t\t\t\t<h6 class=\"ttlRslt\">Bot\u00e0nic<\/h6>\n\t\t\t<p><p style=\"text-align: center;\"><strong>Nou, 35<\/strong><\/p>\n<p style=\"text-align: center;\">Tel. +34 972 340 433<\/p>\n<\/p>\n\t\t<\/div>\n\t\t\t\t<div class=\"itemRslt\">\n\t\t\t\t\t\t<h6 class=\"ttlRslt\">Bottles<\/h6>\n\t\t\t<p><p style=\"text-align: center;\"><strong>Sant Telm, 28<\/strong><\/p>\n<p style=\"text-align: center;\">Tel. 972 340 730<\/p>\n<\/p>\n\t\t<\/div>\n\t\t\t\t<div class=\"itemRslt\">\n\t\t\t\t\t\t<h6 class=\"ttlRslt\">Braseria Pini<\/h6>\n\t\t\t<p><p style=\"text-align: center;\"><strong>C\/ Pont Vell, 6<\/strong><\/p>\n<p style=\"text-align: center;\">Tel. +34 972 342 208<br \/>\n<a href=\"https:\/\/www.canpini.com\/\" target=\"_blank\" rel=\"noopener noreferrer\">www.canpini.com<\/a><br \/>\n<a href=\"mailto:hola@canpini.com\" target=\"_blank\" rel=\"noopener noreferrer\">hola@canpini.com<\/a><\/p>\n<\/p>\n\t\t<\/div>\n\t\t\t\t<div class=\"itemRslt\">\n\t\t\t\t\t\t<h6 class=\"ttlRslt\">Bus Bar<\/h6>\n\t\t\t<p><p style=\"text-align: center;\"><strong>Av. El Pelegr\u00ed, 25<\/strong><\/p>\n<p style=\"text-align: center;\">Tel. +34 972 341 515<\/p>\n<\/p>\n\t\t<\/div>\n\t\t\t\t<div class=\"itemRslt\">\n\t\t\t\t\t\t<h6 class=\"ttlRslt\">By Kalav<\/h6>\n\t\t\t<p><p style=\"text-align: center;\"><strong>Passeig del Mar, 7<\/strong><\/p>\n<p style=\"text-align: center;\">Tel. <a href=\"tel:609413036\">+34 609 413 036<\/a><br \/>\n<a href=\"mailto:restauranthosteleriabar@gmail.com\" target=\"_blank\" rel=\"noopener\">restauranthosteleriabar@gmail.com<\/a><\/p>\n<\/p>\n\t\t<\/div>\n\t\t\t\t<div class=\"itemRslt\">\n\t\t\t\t\t\t<h6 class=\"ttlRslt\">Ca l&#8217;Avi II<\/h6>\n\t\t\t<p><p style=\"text-align: center;\"><strong>Socors, 19<\/strong><\/p>\n<p style=\"text-align: center;\">Tel. +34 972 341 526<\/p>\n<\/p>\n\t\t<\/div>\n\t\t\t\t<div class=\"itemRslt\">\n\t\t\t\t\t\t<h6 class=\"ttlRslt\">Caf\u00e8 d&#8217;en Biel<\/h6>\n\t\t\t<p><p style=\"text-align: center;\"><strong>Passeig de Mar, 47<\/strong><\/p>\n<p style=\"text-align: center;\">Tel. +34 972 340 286<\/p>\n<\/p>\n\t\t<\/div>\n\t\t\t\t<div class=\"itemRslt\">\n\t\t\t\t\t\t<h6 class=\"ttlRslt\">Caf\u00e9 de la Rambla<\/h6>\n\t\t\t<p><p style=\"text-align: center;\"><strong>Rbla. Pau Casals, 12<\/strong><\/p>\n<\/p>\n\t\t<\/div>\n\t\t\t\t<div class=\"itemRslt\">\n\t\t\t\t\t\t<h6 class=\"ttlRslt\">Camping Cala Llevad\u00f3<\/h6>\n\t\t\t<p><p style=\"text-align: center;\"><strong>Cala Llevad\u00f3, Ctra. Lloret, Km. 3<\/strong><\/p>\n<p style=\"text-align: center;\">Tel. +34 972 340 314<br \/>\n<a href=\"https:\/\/www.calallevado.com\/\" target=\"_blank\" rel=\"noopener noreferrer\">www.calallevado.com<\/a><br \/>\n<a href=\"mailto:reservation@seagreen.fr\" target=\"_blank\" rel=\"noopener noreferrer\">reservation@seagreen.fr<\/a><\/p>\n<\/p>\n\t\t<\/div>\n\t\t\t\t<div class=\"itemRslt\">\n\t\t\t\t\t\t<h6 class=\"ttlRslt\">Can Baldiri<\/h6>\n\t\t\t<p><p style=\"text-align: center;\"><strong>Passeig de Mar, 37<\/strong><\/p>\n<p style=\"text-align: center;\">Tel. +34 972 342 646<\/p>\n<\/p>\n\t\t<\/div>\n\t\t\t\t<div class=\"itemRslt\">\n\t\t\t\t\t\t<h6 class=\"ttlRslt\">Can Bigotis<\/h6>\n\t\t\t<p><p style=\"text-align: center;\"><strong>Av. de la Palma, 30<\/strong><\/p>\n<p style=\"text-align: center;\">Tel. +34 972 342 962<br \/>\n<a href=\"mailto:pedrujen@hotmail.com\" target=\"_blank\" rel=\"noopener noreferrer\">pedrujen@hotmail.com<\/a><\/p>\n<\/p>\n\t\t<\/div>\n\t\t\t\t<div class=\"itemRslt\">\n\t\t\t\t\t\t<h6 class=\"ttlRslt\">Can Carlus<\/h6>\n\t\t\t<p><p style=\"text-align: center;\"><strong>Portal, 20<\/strong><\/p>\n<p style=\"text-align: center;\">Tel. +34 606 022 147 &#8211; 653 787 389<br \/>\n<a href=\"https:\/\/www.cancarlustossa.es\/\" target=\"_blank\" rel=\"noopener noreferrer\">www.cancarlustossa.es<\/a><br \/>\n<a href=\"mailto:cancarlus2021@gmail.com\" target=\"_blank\" rel=\"noopener noreferrer\">cancarlus2021@gmail.com<\/a><\/p>\n<\/p>\n\t\t<\/div>\n\t\t\t\t<div class=\"itemRslt\">\n\t\t\t\t\t\t<h6 class=\"ttlRslt\">Can d&#8217;Oru<\/h6>\n\t\t\t<p><p style=\"text-align: center;\"><strong>Av. St. Raimon de Penyafort, n\u00ba 7<\/strong><\/p>\n<p style=\"text-align: center;\">Tel. +34 622 837 078<br \/>\n<a href=\"https:\/\/www.candoru.net\/\" target=\"_blank\" rel=\"noopener noreferrer\">https:\/\/www.candoru.net\/<\/a><br \/>\n<a href=\"mailto:candoru94@gmail.com\" target=\"_blank\" rel=\"noopener noreferrer\">candoru94@gmail.com<\/a><\/p>\n<\/p>\n\t\t<\/div>\n\t\t\t\t<div class=\"itemRslt\">\n\t\t\t\t\t\t<h6 class=\"ttlRslt\">Can Gol<\/h6>\n\t\t\t<p><p style=\"text-align: center;\"><strong>C\/ Portal, 28<\/strong><\/p>\n<p style=\"text-align: center;\"><a href=\"tel:639785883\">+34 639 785 883<br \/>\n<\/a><\/p>\n<p style=\"text-align: center;\"><a href=\"https:\/\/www.cangoltossa.com\/\" target=\"_blank\" rel=\"noopener\">www.cangoltossa.com<\/a><\/p>\n<p style=\"text-align: center;\"><a href=\"mailto:cangol.tossa@gmail.com\" target=\"_blank\" rel=\"noopener\">cangol.tossa@gmail.com<\/a><\/p>\n<\/p>\n\t\t<\/div>\n\t\t\t\t<div class=\"itemRslt\">\n\t\t\t\t\t\t<h6 class=\"ttlRslt\">Can Kalav<\/h6>\n\t\t\t<p><p style=\"text-align: center;\"><strong>Passeig de Mar, 11<\/strong><\/p>\n<p style=\"text-align: center;\">Tel. +34 972 341 259<\/p>\n<p style=\"text-align: center;\"><a href=\"mailto:restauranthosteleriabar@gmail.com\" rel=\"noopener\">restauranthosteleriabar@gmail.com<\/a><\/p>\n<\/p>\n\t\t<\/div>\n\t\t\t\t<div class=\"itemRslt\">\n\t\t\t\t\t\t<h6 class=\"ttlRslt\">Can Paset<\/h6>\n\t\t\t<p><p style=\"text-align: center;\"><strong>C\/ Portal, 11<\/strong><\/p>\n<p style=\"text-align: center;\">Tel. +34 972 341 048<\/p>\n<\/p>\n\t\t<\/div>\n\t\t\t\t<div class=\"itemRslt\">\n\t\t\t\t\t\t<h6 class=\"ttlRslt\">Can Pini<\/h6>\n\t\t\t<p><p style=\"text-align: center;\"><strong>Portal, 12<\/strong><\/p>\n<p style=\"text-align: center;\">Tel. +34 972 340 297<br \/>\n<a href=\"https:\/\/www.canpini.com\/\" target=\"_blank\" rel=\"noopener noreferrer\">www.canpini.com<\/a><br \/>\n<a href=\"mailto:hola@canpini.com\" target=\"_blank\" rel=\"noopener noreferrer\">hola@canpini.com<\/a><\/p>\n<\/p>\n\t\t<\/div>\n\t\t\t\t<div class=\"itemRslt\">\n\t\t\t\t\t\t<h6 class=\"ttlRslt\">Can Sophia<\/h6>\n\t\t\t<p><p style=\"text-align: center;\"><strong>Roqueta, 10<\/strong><\/p>\n<p style=\"text-align: center;\">Tel. +34 972 343 536<br \/>\n<a href=\"https:\/\/www.hotelcasagranados.com\/fr\/restaurant-tossa-de-mar\/\" target=\"_blank\" rel=\"noopener\">www.hotelcasagranados.com<\/a><br \/>\n<a href=\"mailto:info@casagranados.com\" target=\"_blank\" rel=\"noopener\">info@casagranados.com<\/a><\/p>\n<\/p>\n\t\t<\/div>\n\t\t\t\n\n\t<\/div>\n<\/div><\/div><\/div><\/div><\/div><\/div><\/div><\/section>\n","protected":false},"excerpt":{"rendered":"Roqueta, 10 Tel. +34 972 343 536 www.hotelcasagranados.com info@casagranados.com","protected":false},"author":1,"featured_media":0,"parent":0,"menu_order":0,"comment_status":"closed","ping_status":"closed","template":"","meta":{"_monsterinsights_skip_tracking":false,"_monsterinsights_sitenote_active":false,"_monsterinsights_sitenote_note":"","_monsterinsights_sitenote_category":0,"footnotes":""},"class_list":["post-5247","page","type-page","status-publish","hentry"],"_links":{"self":[{"href":"https:\/\/visittossa.com\/fr\/wp-json\/wp\/v2\/pages\/5247","targetHints":{"allow":["GET"]}}],"collection":[{"href":"https:\/\/visittossa.com\/fr\/wp-json\/wp\/v2\/pages"}],"about":[{"href":"https:\/\/visittossa.com\/fr\/wp-json\/wp\/v2\/types\/page"}],"author":[{"embeddable":true,"href":"https:\/\/visittossa.com\/fr\/wp-json\/wp\/v2\/users\/1"}],"replies":[{"embeddable":true,"href":"https:\/\/visittossa.com\/fr\/wp-json\/wp\/v2\/comments?post=5247"}],"version-history":[{"count":7,"href":"https:\/\/visittossa.com\/fr\/wp-json\/wp\/v2\/pages\/5247\/revisions"}],"predecessor-version":[{"id":14024,"href":"https:\/\/visittossa.com\/fr\/wp-json\/wp\/v2\/pages\/5247\/revisions\/14024"}],"wp:attachment":[{"href":"https:\/\/visittossa.com\/fr\/wp-json\/wp\/v2\/media?parent=5247"}],"curies":[{"name":"wp","href":"https:\/\/api.w.org\/{rel}","templated":true}]}}