{"id":5241,"date":"2020-10-19T10:58:29","date_gmt":"2020-10-19T10:58:29","guid":{"rendered":"https:\/\/visittossa.com\/politica-privacidad\/"},"modified":"2022-05-24T10:15:50","modified_gmt":"2022-05-24T10:15:50","slug":"politica-privacidad","status":"publish","type":"page","link":"https:\/\/visittossa.com\/fr\/politica-privacidad\/","title":{"rendered":"Mention l\u00e9gale"},"content":{"rendered":"<section class=\"l-section wpb_row height_medium\"><div class=\"l-section-h i-cf\"><div class=\"g-cols vc_row type_default valign_top\"><div class=\"vc_col-sm-12 wpb_column vc_column_container\"><div class=\"vc_column-inner\"><div class=\"wpb_wrapper\"><div class=\"wpb_text_column\" ><div class=\"wpb_wrapper\"><h2>Mention l\u00e9gale<\/h2>\n<\/div><\/div><div class=\"wpb_text_column\" ><div class=\"wpb_wrapper\"><p>Ce site web et son domaine appartiennent \u00e0 la Mairie de Tossa de Mar (ci-apr\u00e8s la Mairie), titulaire du code d&#8217;identification fiscale P1721500E, adresse\u00a0: Carrer de l\u2019Esgl\u00e9sia 4, Tossa de Mar (CP 17320), t\u00e9l.\u00a0: +34 972 34 01 00 et adresse \u00e9lectronique\u00a0:\u00a0<span class=\"marker\"><a href=\"mailto:ajuntament@tossademar.org\">ajuntament@tossademar.org<\/a>.<\/span><\/p>\n<p>&#8212;<\/p>\n<p>Les informations fournies sur ce site web ne remplacent pas celles figurant sur le site officiel de la Mairie ou sur les canaux et plateformes du site officiel adopt\u00e9s par la Mairie, le seul ayant pleine validit\u00e9 juridique.<\/p>\n<p>La Mairie d\u00e9cline toute responsabilit\u00e9 concernant le contenu, l&#8217;exactitude et la mise \u00e0 jour des informations provenant d&#8217;autres personnes qui s&#8217;affichent sur le site web ou de celles obtenues par des liens ou d&#8217;autres syst\u00e8mes.<\/p>\n<p>&#8212;<\/p>\n<p>Le site web et son contenu, y compris les textes, images, graphiques, bases de donn\u00e9es et tout autre mat\u00e9riel, sont mis \u00e0 la disposition du public \u00e0 des fins d&#8217;information et pour offrir des services dans le cadre des comp\u00e9tences et des fonctions propres \u00e0 la Mairie. Il existe des droits de propri\u00e9t\u00e9 intellectuelle sur certains de ces contenus qui appartiennent soit \u00e0 la Mairie soit \u00e0 des tiers qui en ont autoris\u00e9 l&#8217;utilisation par ce moyen.<\/p>\n<p>En g\u00e9n\u00e9ral, et sauf indication expresse contraire pour des cas particuliers, la reproduction, la distribution et la communication publique du contenu de ce site web peuvent \u00eatre effectu\u00e9es dans la mesure o\u00f9 la provenance sera indiqu\u00e9e. Toutefois, le contenu ne peut \u00eatre utilis\u00e9 ni \u00e0 des fins commerciales, ni pour cr\u00e9er des \u0153uvres d\u00e9riv\u00e9es, sans l&#8217;autorisation expresse de la Mairie.<\/p>\n<p>Les pr\u00e9sentes conditions r\u00e9gissent le contenu du site web prot\u00e9g\u00e9 par le droit d&#8217;auteur et sont r\u00e9sum\u00e9es dans la licence Attribution\u00a0\u2013\u00a0Utilisation non commerciale\u00a0\u2013\u00a0Partage dans les m\u00eames conditions (<a href=\"https:\/\/creativecommons.org\/licenses\/by-nc-sa\/4.0\/deed.fr\"><span class=\"marker\">CC BY-NC-SA 4.0<\/span><\/a>) de\u00a0<a href=\"https:\/\/creativecommons.org\/\"><span class=\"marker\">Creative Commons<\/span><\/a>.<\/p>\n<p>Le blason officiel de la Mairie et les autres dessins et logos qui l&#8217;identifient ne peuvent \u00eatre reproduits et utilis\u00e9s que sur autorisation pr\u00e9alable de la Mairie, ou pour tenter d&#8217;identifier des activit\u00e9s ou des initiatives b\u00e9n\u00e9ficiant du soutien explicite de la Mairie. La Mairie en autorise \u00e9galement les utilisations non lucratives \u00e0 des fins d&#8217;enseignement, de recherche, d&#8217;\u00e9tude ou de diffusion culturelle.<\/p>\n<p>Les pr\u00e9sentations du contenu de ce site ne sont pas autoris\u00e9es dans une fen\u00eatre d&#8217;un site tiers (framing), sauf autorisation expresse et \u00e9crite de la Mairie.<\/p>\n<p>&#8212;<\/p>\n<p>La Mairie informe que ce site web utilise des cookies qui permettent d&#8217;\u00e9tablir une communication plus ais\u00e9e et plus rapide entre la Mairie et le site web. La dur\u00e9e de validit\u00e9 de ces cookies est limit\u00e9e \u00e0 celle n\u00e9cessaire pour atteindre ces objectifs. L&#8217;utilisateur a la possibilit\u00e9 de configurer son navigateur Internet pour obtenir une meilleure connaissance et un meilleur contr\u00f4le des cookies. Vous avez pr\u00e9alablement \u00e9t\u00e9 inform\u00e9 de leur installation. Vous trouverez plus d&#8217;informations sur la politique de cookies sur ce lien.<\/p>\n<p>&#8212;<\/p>\n<p>La Mairie n&#8217;assume aucune responsabilit\u00e9 envers les utilisateurs de son site web en cas de dommages ou pr\u00e9judices pouvant r\u00e9sulter d&#8217;interf\u00e9rences, d&#8217;omissions, d&#8217;interruptions, de virus informatiques, de surcharge des lignes, de pannes ou de d\u00e9connexions pour des causes qui seraient ind\u00e9pendantes de sa volont\u00e9, ni en cas de dommages pouvant \u00eatre caus\u00e9s par des tiers du fait d&#8217;ing\u00e9rences ill\u00e9gales hors du contr\u00f4le de la Mairie. Dans la mesure du possible, la Mairie avertira pr\u00e9alablement des interruptions dans le fonctionnement du site web et des services.<\/p>\n<\/div><\/div><\/div><\/div><\/div><\/div><\/div><\/section>\n","protected":false},"excerpt":{"rendered":"Mention l\u00e9gale Ce site web et son domaine appartiennent \u00e0 la Mairie de Tossa de Mar (ci-apr\u00e8s la Mairie), titulaire du code d&#8217;identification fiscale P1721500E, adresse\u00a0: Carrer de l\u2019Esgl\u00e9sia 4, Tossa de Mar (CP 17320), t\u00e9l.\u00a0: +34 972 34 01 00 et adresse \u00e9lectronique\u00a0:\u00a0ajuntament@tossademar.org. &#8212; Les informations fournies sur ce site web ne remplacent pas...","protected":false},"author":1,"featured_media":0,"parent":0,"menu_order":0,"comment_status":"closed","ping_status":"open","template":"","meta":{"_monsterinsights_skip_tracking":false,"_monsterinsights_sitenote_active":false,"_monsterinsights_sitenote_note":"","_monsterinsights_sitenote_category":0,"footnotes":""},"class_list":["post-5241","page","type-page","status-publish","hentry"],"_links":{"self":[{"href":"https:\/\/visittossa.com\/fr\/wp-json\/wp\/v2\/pages\/5241","targetHints":{"allow":["GET"]}}],"collection":[{"href":"https:\/\/visittossa.com\/fr\/wp-json\/wp\/v2\/pages"}],"about":[{"href":"https:\/\/visittossa.com\/fr\/wp-json\/wp\/v2\/types\/page"}],"author":[{"embeddable":true,"href":"https:\/\/visittossa.com\/fr\/wp-json\/wp\/v2\/users\/1"}],"replies":[{"embeddable":true,"href":"https:\/\/visittossa.com\/fr\/wp-json\/wp\/v2\/comments?post=5241"}],"version-history":[{"count":3,"href":"https:\/\/visittossa.com\/fr\/wp-json\/wp\/v2\/pages\/5241\/revisions"}],"predecessor-version":[{"id":9200,"href":"https:\/\/visittossa.com\/fr\/wp-json\/wp\/v2\/pages\/5241\/revisions\/9200"}],"wp:attachment":[{"href":"https:\/\/visittossa.com\/fr\/wp-json\/wp\/v2\/media?parent=5241"}],"curies":[{"name":"wp","href":"https:\/\/api.w.org\/{rel}","templated":true}]}}