{"id":5238,"date":"2020-10-20T09:39:25","date_gmt":"2020-10-20T09:39:25","guid":{"rendered":"https:\/\/visittossa.com\/moures-per-tossa\/"},"modified":"2024-05-27T11:37:18","modified_gmt":"2024-05-27T11:37:18","slug":"deplacer-dans-tossa","status":"publish","type":"page","link":"https:\/\/visittossa.com\/fr\/deplacer-dans-tossa\/","title":{"rendered":"Se d\u00e9placer dans Tossa"},"content":{"rendered":"<section class=\"l-section wpb_row height_large innerHd with_img\" id=\"hdMd\"><div class=\"l-section-img\" style=\"background-image: url(https:\/\/visittossa.com\/wp-content\/uploads\/2022\/03\/IMG_6792-scaled.jpg);background-repeat: no-repeat;\" data-img-width=\"2560\" data-img-height=\"1706\"><\/div><div class=\"l-section-h i-cf\"><div class=\"g-cols vc_row type_default valign_top\"><div class=\"vc_col-sm-12 wpb_column vc_column_container\"><div class=\"vc_column-inner\"><div class=\"wpb_wrapper\"><\/div><\/div><\/div><\/div><\/div><\/section><section class=\"l-section wpb_row height_medium\" id=\"introTxt\"><div class=\"l-section-h i-cf\"><div class=\"g-cols vc_row type_default valign_top\"><div class=\"vc_col-sm-12 wpb_column vc_column_container\"><div class=\"vc_column-inner\"><div class=\"wpb_wrapper\"><div class=\"wpb_text_column ttlMd\" ><div class=\"wpb_wrapper\"><h2 style=\"text-align: center;\">Se d\u00e9placer dans Tossa<\/h2>\n<\/div><\/div><div class=\"wpb_text_column txtMd\" ><div class=\"wpb_wrapper\"><p style=\"text-align: center;\">Les dimensions relativement r\u00e9duites de Tossa de Mar permettent de s\u2019y d\u00e9placer principalement \u00e0 pied.<\/p>\n<p style=\"text-align: center;\">Il existe toutefois des options de transport local pour vous d\u00e9placer dans et hors du centre-ville afin de vous rendre \u00e0 certaines plages et criques, lotissements ou h\u00e9bergements situ\u00e9s \u00e0 l\u2019ext\u00e9rieur de la ville.<\/p>\n<p style=\"text-align: center;\">Vous trouverez \u00e9galement des entreprises de location de v\u00e9los et de voitures, ainsi que des parkings disponibles si vous venez avec votre v\u00e9hicule.<\/p>\n<p style=\"text-align: center;\"><a href=\"https:\/\/visittossa.com\/wp-content\/uploads\/2024\/05\/pla\u0300nol-tossa-baixa_actualitzat-27-05-24.pdf\" target=\"_blank\" rel=\"noopener\">T\u00e9l\u00e9chargez le plan de Tossa ici.<\/a><\/p>\n<\/div><\/div><\/div><\/div><\/div><\/div><\/div><\/section><section class=\"l-section wpb_row height_auto\" id=\"srchMd\"><div class=\"l-section-h i-cf\"><div class=\"g-cols vc_row type_default valign_top\"><div class=\"vc_col-sm-12 wpb_column vc_column_container\"><div class=\"vc_column-inner\"><div class=\"wpb_wrapper\"><div class=\"wpb_text_column\" ><div class=\"wpb_wrapper\"><form data-sf-form-id='8816' data-is-rtl='0' data-maintain-state='' data-results-url='https:\/\/visittossa.com\/fr\/deplacer-dans-tossa\/' data-ajax-url='https:\/\/visittossa.com\/fr\/?sfid=8816&amp;sf_action=get_data&amp;sf_data=results' data-ajax-form-url='https:\/\/visittossa.com\/fr\/?sfid=8816&amp;sf_action=get_data&amp;sf_data=form' data-display-result-method='shortcode' data-use-history-api='1' data-template-loaded='0' data-lang-code='fr' data-ajax='1' data-ajax-data-type='json' data-ajax-links-selector='.pagination a' data-ajax-target='#search-filter-results-8816' data-ajax-pagination-type='infinite_scroll' data-show-scroll-loader='1' data-infinite-scroll-trigger='-100' data-update-ajax-url='1' data-only-results-ajax='1' data-scroll-to-pos='0' data-init-paged='1' data-auto-update='' action='https:\/\/visittossa.com\/fr\/deplacer-dans-tossa\/' method='post' class='searchandfilter' id='search-filter-form-8816' autocomplete='off' data-instance-count='1'><ul><li class=\"sf-field-search\" data-sf-field-name=\"search\" data-sf-field-type=\"search\" data-sf-field-input-type=\"\">\t\t<label><input placeholder=\"Trouver comment se d\u00e9placer dans la ville\u2026\" name=\"_sf_search[]\" class=\"sf-input-text\" type=\"text\" value=\"\" title=\"\"><\/label>\t\t<\/li><li class=\"sf-field-taxonomy-categories_moure_s\" data-sf-field-name=\"_sft_categories_moure_s\" data-sf-field-type=\"taxonomy\" data-sf-field-input-type=\"select\">\t\t<label>\n\t\t\t\t<select name=\"_sft_categories_moure_s[]\" class=\"sf-input-select\" title=\"\">\n\t\t\t\n\t\t\t\t\t\t<option class=\"sf-level-0 sf-item-0 sf-option-active\" selected=\"selected\" data-sf-count=\"0\" data-sf-depth=\"0\" value=\"\">Se d\u00e9placer dans la ville\u2026<\/option>\n\t\t\t\t\t\t<option class=\"sf-level-0 sf-item-568\" data-sf-count=\"2\" data-sf-depth=\"0\" value=\"location-de-velos\">Location de v\u00e9los<\/option>\n\t\t\t\t\t\t<option class=\"sf-level-0 sf-item-567\" data-sf-count=\"2\" data-sf-depth=\"0\" value=\"location-de-voitures\">Location de voitures<\/option>\n\t\t\t\t\t\t<option class=\"sf-level-0 sf-item-564\" data-sf-count=\"2\" data-sf-depth=\"0\" value=\"parkings-a-tossa\">Parkings a Tossa<\/option>\n\t\t\t\t\t\t<option class=\"sf-level-0 sf-item-566\" data-sf-count=\"1\" data-sf-depth=\"0\" value=\"transport-local-par-mer-lignes-davril-a-octobre\">Transport local par mer (lignes d\u2019avril \u00e0 octobre)<\/option>\n\t\t\t\t\t\t<option class=\"sf-level-0 sf-item-565\" data-sf-count=\"3\" data-sf-depth=\"0\" value=\"transport-local-par-terre\">Transport local par terre<\/option>\n\t\t\t\t\t<\/select>\n\t\t<\/label>\t\t<\/li><li class=\"sf-field-submit\" data-sf-field-name=\"submit\" data-sf-field-type=\"submit\" data-sf-field-input-type=\"\"><input type=\"submit\" name=\"_sf_submit\" value=\"Filtrer les r\u00e9sultats\"><\/li><\/ul><\/form>\n<\/div><\/div><\/div><\/div><\/div><\/div><\/div><\/section><section class=\"l-section wpb_row height_medium\" id=\"rsltMd\"><div class=\"l-section-h i-cf\"><div class=\"g-cols vc_row type_default valign_top\"><div class=\"vc_col-sm-12 wpb_column vc_column_container\"><div class=\"vc_column-inner\"><div class=\"wpb_wrapper\"><div class=\"wpb_text_column\" ><div class=\"wpb_wrapper\"><div class=\"search-filter-results\" id=\"search-filter-results-8816\">\t\n\t\t\t<div class=\"itemRslt\">\n\t\t\t\t\t\t<h6 class=\"ttlRslt\">Carrilet<\/h6>\n\t\t\t<p><p style=\"text-align: center;\"><strong>(petit train qui fait le tour \u00e0 Tossa)<\/strong><br \/>\nTel. +34 972 340 241<br \/>\n<span class=\"marker\"><a href=\"http:\/\/www.dicotren.com\/\" target=\"_blank\" rel=\"noopener noreferrer\">www.dicotren.com<\/a><\/span><\/p>\n<p style=\"text-align: center;\">Itin\u00e9raire et arr\u00eats : Gare routi\u00e8re &#8211; Promenade de la Mer &#8211; Av. la Palma &#8211; Mar Menuda &#8211; Av. Joan Maragall &#8211; Rbla. Pau Casals &#8211; Gare routi\u00e8re<br \/>\nDur\u00e9e et fr\u00e9quence estim\u00e9es : 45 minutes<\/p>\n<\/p>\n\t\t<\/div>\n\t\t\t\t<div class=\"itemRslt\">\n\t\t\t\t\t\t<h6 class=\"ttlRslt\">Carrilet del far<\/h6>\n\t\t\t<p><p style=\"text-align: center;\"><strong>(petit train jusqu&#8217;au phare)<\/strong><br \/>\nTel. +34 972 340 241<br \/>\n<span class=\"marker\"><a href=\"http:\/\/www.dicotren.com\/\" target=\"_blank\" rel=\"noopener noreferrer\">www.dicotren.com<\/a><br \/>\n(de mars \u00e0 octobre) <\/span><\/p>\n<p style=\"text-align: center;\">Lieu de d\u00e9part : Passeig del Mar<br \/>\nFin de parcours : Phare de Tossa<br \/>\nDur\u00e9e : 5 \/ 10 minutes<br \/>\nFr\u00e9quence estim\u00e9e : tous les 45 minutes<\/p>\n<\/p>\n\t\t<\/div>\n\t\t\t\t<div class=\"itemRslt\">\n\t\t\t\t\t\t<h6 class=\"ttlRslt\">Fondo de Cristal &#038; Subvision<\/h6>\n\t\t\t<p><p style=\"text-align: center;\"><strong>Platja Gran<br \/>\n<\/strong>(Grande plage)<\/p>\n<p style=\"text-align: center;\">Tel. +34 972 342 229 &#8211; +34 686 381 581<br \/>\n<a href=\"http:\/\/www.fondocristal.com\" target=\"_blank\" rel=\"noopener\">www.fondocristal.com<\/a><br \/>\n<a href=\"mailto:fondocristal@hotmail.com\">fondocristal@hotmail.com<\/a><\/p>\n<p style=\"text-align: center;\">D\u00e9parts: environ toutes les heures<br \/>\n(toutes les demi-heures en haute saison)<\/p>\n<\/p>\n\t\t<\/div>\n\t\t\t\t<div class=\"itemRslt\">\n\t\t\t\t\t\t<h6 class=\"ttlRslt\">Jimbo Bikes<\/h6>\n\t\t\t<p><p style=\"text-align: center;\"><strong>Rambla Pau Casals, 12, local 4t<\/strong><\/p>\n<p style=\"text-align: center;\">Tel. +34 972 343 044<br \/>\n<a href=\"mailto:info@jimbobikes.com\">info@jimbobikes.com<\/a><br \/>\n<span class=\"marker\"><a href=\"http:\/\/www.jimbobikes.com\/\" target=\"_blank\" rel=\"noopener noreferrer\">www.jimbobikes.com<\/a><\/span><\/p>\n<\/p>\n\t\t<\/div>\n\t\t\t\t<div class=\"itemRslt\">\n\t\t\t\t\t\t<h6 class=\"ttlRslt\">Parking pour les autocars<\/h6>\n\t\t\t<p><p style=\"text-align: center;\"><strong>Derri\u00e8re la zone de quais<br \/>\n<\/strong><strong>de la gare routi\u00e8re<\/strong><\/p>\n<p style=\"text-align: center;\">Av. de la Vila de Lloret, s\/n<\/p>\n<p>&nbsp;<\/p>\n<p style=\"text-align: center;\"><strong><a href=\"https:\/\/visittossa.com\/wp-content\/uploads\/2022\/03\/Mapa-aparcament-busos.pdf\" target=\"_blank\" rel=\"noopener\">Voir la carte<\/a><\/strong><\/p>\n<\/p>\n\t\t<\/div>\n\t\t\t\t<div class=\"itemRslt\">\n\t\t\t\t\t\t<h6 class=\"ttlRslt\">Parkings pour les voitures<\/h6>\n\t\t\t<p><p style=\"text-align: center;\">Av. del Pelegr\u00ed (1)<\/p>\n<p style=\"text-align: center;\">Av. de la Palma (3)<\/p>\n<p style=\"text-align: center;\">C\/ Mar Menuda (1)<\/p>\n<p style=\"text-align: center;\">C\/ Dr. Fleming (1)<\/p>\n<p style=\"text-align: center;\">C\/ Pintor Joan Serra (2)<\/p>\n<p style=\"text-align: center;\">C\/ Puerto Rico (1)<\/p>\n<p style=\"text-align: center;\">Av. Ferran Agull\u00f3 (2)<\/p>\n<p style=\"text-align: center;\">C\/ Enric Granados (1)<\/p>\n<p style=\"text-align: center;\"><a href=\"https:\/\/visittossa.com\/wp-content\/uploads\/2025\/06\/Aparcaments_Tossa_2025.pdf\" target=\"_blank\" rel=\"noopener\"><strong>Voir la carte<\/strong><\/a><\/p>\n<\/p>\n\t\t<\/div>\n\t\t\t\t<div class=\"itemRslt\">\n\t\t\t\t\t\t<h6 class=\"ttlRslt\">Taxi<\/h6>\n\t\t\t<p><p style=\"text-align: center;\"><strong>Arr\u00eat de taxis<br \/>\n<\/strong><strong>Av. del Pelegr\u00ed, 25\u00a0<\/strong><br \/>\n(devant de l&#8217;Office de Tourisme)<\/p>\n<p style=\"text-align: center;\">Tel.+34 972 340 549<\/p>\n<\/p>\n\t\t<\/div>\n\t\t\t\t<div class=\"itemRslt\">\n\t\t\t\t\t\t<h6 class=\"ttlRslt\">Tossa cycling<\/h6>\n\t\t\t<p><p style=\"text-align: center;\"><strong>C\/ Pintor Rafel Benet, Local 1<\/strong><\/p>\n<p style=\"text-align: center;\">Tel. +34\u00a0<span aria-label=\"Llamar al n\u00famero de tel\u00e9fono 673 69 04 58\">673 69 04 58<\/span><br \/>\n<a href=\"https:\/\/tossacycling.com\/en\/\" target=\"_blank\" rel=\"noopener\">www.tossacycling.com<\/a><\/p>\n<\/p>\n\t\t<\/div>\n\t\t\t\t<div class=\"itemRslt\">\n\t\t\t\t\t\t<h6 class=\"ttlRslt\">Viajes Internacional Tossa<\/h6>\n\t\t\t<p><p style=\"text-align: center;\"><strong>C\/ Peixateries, 1<\/strong><\/p>\n<p style=\"text-align: center;\">Tel. +34 972 340 241<br \/>\n<span class=\"marker\"><a href=\"http:\/\/www.vitviatges.com\/\" target=\"_blank\" rel=\"noopener noreferrer\">www.vitviatges.com<\/a><\/span><br \/>\n<a href=\"mailto:tossa@vitviatges.com\">tossa@vitviatges.com<\/a><br \/>\nLocation de voitures:<br \/>\n(Olimpia Rent a Car)<\/p>\n<\/p>\n\t\t<\/div>\n\t\t\t\t<div class=\"itemRslt\">\n\t\t\t\t\t\t<h6 class=\"ttlRslt\">Viatges Tramontana<\/h6>\n\t\t\t<p><p style=\"text-align: center;\"><strong>Av. Costa Brava, 23<\/strong><\/p>\n<p style=\"text-align: center;\">Tel. +34 972 342 829<br \/>\nTel. +34 972 342 753<br \/>\n<a href=\"mailto:info@viajestramontana.com\" target=\"_blank\" rel=\"noopener\">info@viajestramontana.com<\/a><br \/>\nLocation de voitures:<br \/>\n(Avis, City Point, Olimpia Rent a Car, Sacar et Europcar)<\/p>\n<\/p>\n\t\t<\/div>\n\t\t\t\n\n\t<\/div>\n<\/div><\/div><\/div><\/div><\/div><\/div><\/div><\/section>\n","protected":false},"excerpt":{"rendered":"Av. Costa Brava, 23 Tel. +34 972 342 829 Tel. +34 972 342 753 info@viajestramontana.com Location de voitures: (Avis, City Point, Olimpia Rent a Car, Sacar et Europcar)","protected":false},"author":1,"featured_media":0,"parent":0,"menu_order":0,"comment_status":"closed","ping_status":"closed","template":"","meta":{"_monsterinsights_skip_tracking":false,"_monsterinsights_sitenote_active":false,"_monsterinsights_sitenote_note":"","_monsterinsights_sitenote_category":0,"footnotes":""},"class_list":["post-5238","page","type-page","status-publish","hentry"],"_links":{"self":[{"href":"https:\/\/visittossa.com\/fr\/wp-json\/wp\/v2\/pages\/5238","targetHints":{"allow":["GET"]}}],"collection":[{"href":"https:\/\/visittossa.com\/fr\/wp-json\/wp\/v2\/pages"}],"about":[{"href":"https:\/\/visittossa.com\/fr\/wp-json\/wp\/v2\/types\/page"}],"author":[{"embeddable":true,"href":"https:\/\/visittossa.com\/fr\/wp-json\/wp\/v2\/users\/1"}],"replies":[{"embeddable":true,"href":"https:\/\/visittossa.com\/fr\/wp-json\/wp\/v2\/comments?post=5238"}],"version-history":[{"count":9,"href":"https:\/\/visittossa.com\/fr\/wp-json\/wp\/v2\/pages\/5238\/revisions"}],"predecessor-version":[{"id":14481,"href":"https:\/\/visittossa.com\/fr\/wp-json\/wp\/v2\/pages\/5238\/revisions\/14481"}],"wp:attachment":[{"href":"https:\/\/visittossa.com\/fr\/wp-json\/wp\/v2\/media?parent=5238"}],"curies":[{"name":"wp","href":"https:\/\/api.w.org\/{rel}","templated":true}]}}