{"id":5235,"date":"2021-12-13T10:39:46","date_gmt":"2021-12-13T10:39:46","guid":{"rendered":"https:\/\/visittossa.com\/info-practica\/"},"modified":"2025-07-05T17:36:55","modified_gmt":"2025-07-05T17:36:55","slug":"informations-pratiques","status":"publish","type":"page","link":"https:\/\/visittossa.com\/fr\/informations-pratiques\/","title":{"rendered":"Informations pratiques"},"content":{"rendered":"<section class=\"l-section wpb_row us_custom_88eda6db height_large innerHd\" id=\"hdMd\"><div class=\"l-section-h i-cf\"><div class=\"g-cols vc_row type_default valign_top\"><div class=\"vc_col-sm-12 wpb_column vc_column_container\"><div class=\"vc_column-inner\"><div class=\"wpb_wrapper\"><\/div><\/div><\/div><\/div><\/div><\/section><section class=\"l-section wpb_row height_medium\" id=\"arribarMd\"><div class=\"l-section-h i-cf\"><div class=\"g-cols vc_row type_default valign_top\"><div class=\"vc_col-sm-12 wpb_column vc_column_container\"><div class=\"vc_column-inner\"><div class=\"wpb_wrapper\"><div class=\"w-tabs layout_hor style_default switch_click icon_chevron iconpos_right title_atleft\"><div class=\"w-tabs-list hidden items_3\"><div class=\"w-tabs-list-h\"><a class=\"w-tabs-item active\" aria-controls=\"content-1638528698115-18d434f4-c439\" href=\"javascript:void(0);\"><span class=\"w-tabs-item-title\">Urgences<\/span><\/a><a class=\"w-tabs-item\" aria-controls=\"content-1638528698141-d764aa69-8348\" href=\"javascript:void(0);\"><span class=\"w-tabs-item-title\">Services g\u00e9n\u00e9raux<\/span><\/a><a class=\"w-tabs-item\" aria-controls=\"content-1642615727288-9ad7ee5f-09ce\" href=\"javascript:void(0);\"><span class=\"w-tabs-item-title\">Services sanitaires<\/span><\/a><\/div><\/div><div class=\"w-tabs-sections\"><div class=\"w-tabs-sections-h\"><div class=\"w-tabs-section active\" id=\"1638528698115-18d434f4-c439\"><button class=\"w-tabs-section-header active\" aria-controls=\"content-1638528698115-18d434f4-c439\"><div class=\"w-tabs-section-header-h\"><div class=\"w-tabs-section-title\">Urgences<\/div><div class=\"w-tabs-section-control\"><\/div><\/div><\/button><div class=\"w-tabs-section-content\" id=\"content-1638528698115-18d434f4-c439\" aria-expanded=\"true\"><div class=\"w-tabs-section-content-h i-cf\"><div class=\"wpb_text_column ttlMd\" ><div class=\"wpb_wrapper\"><h2 style=\"text-align: left;\">Urgences<\/h2>\n<\/div><\/div><div class=\"wpb_text_column txtMd\" ><div class=\"wpb_wrapper\"><p style=\"text-align: left;\"><strong>Urgences<\/strong><br \/>\nTel. 112<\/p>\n<p style=\"text-align: left;\"><strong>Police locale<\/strong><br \/>\nAv. del Pelegr\u00ed, 14<br \/>\nTel. +34 972 340 135<\/p>\n<p style=\"text-align: left;\"><strong>Pompiers<\/strong><br \/>\nAv. Catalunya, s\/n<br \/>\nTel. 112<\/p>\n<p style=\"text-align: left;\"><strong>Centre de sant\u00e9 primaire Casa del Mar<\/strong><br \/>\nAv. Catalunya, s\/n<br \/>\nTel. +34 972 341 828<br \/>\n<a href=\"https:\/\/salutms.cat\/\" target=\"_blank\" rel=\"noopener noreferrer\">www.salutms.cat<\/a><\/p>\n<\/div><\/div><\/div><\/div><\/div><div class=\"w-tabs-section\" id=\"1638528698141-d764aa69-8348\"><button class=\"w-tabs-section-header\" aria-controls=\"content-1638528698141-d764aa69-8348\"><div class=\"w-tabs-section-header-h\"><div class=\"w-tabs-section-title\">Services g\u00e9n\u00e9raux<\/div><div class=\"w-tabs-section-control\"><\/div><\/div><\/button><div class=\"w-tabs-section-content\" id=\"content-1638528698141-d764aa69-8348\" aria-expanded=\"false\"><div class=\"w-tabs-section-content-h i-cf\"><div class=\"wpb_text_column ttlMd\" ><div class=\"wpb_wrapper\"><h2 style=\"text-align: left;\">Services g\u00e9n\u00e9raux<\/h2>\n<\/div><\/div><div class=\"wpb_text_column txtMd\" ><div class=\"wpb_wrapper\"><p style=\"text-align: left;\"><strong>Information aux citoyens (Generalitat de Catalunya)<\/strong><br \/>\nTel. 012<br \/>\n<a href=\"https:\/\/web.gencat.cat\/ca\/inici\" target=\"_blank\" rel=\"noopener noreferrer\">www.gencat.cat<\/a><\/p>\n<p style=\"text-align: left;\"><strong>Mairie<\/strong><br \/>\nAv. Pelegr\u00ed, 25 \u00b7 Edifici La Nau<br \/>\nTel. +34 972 340 100<br \/>\n<a href=\"https:\/\/www.tossademar.cat\/ca\/\" target=\"_blank\" rel=\"noopener noreferrer\">www.tossademar.cat<\/a><\/p>\n<p style=\"text-align: left;\"><strong>La Poste<\/strong><br \/>\nC\/ Maria Auxiliadora, 4<br \/>\nTel. +34 972 340 457<br \/>\n<a href=\"https:\/\/www.correos.es\/\" target=\"_blank\" rel=\"noopener noreferrer\">www.correos.es<\/a><\/p>\n<p style=\"text-align: left;\"><strong>Gare routi\u00e8re<\/strong><br \/>\nAv. de la Vila de Lloret, s\/n<br \/>\nTel. +34 972 340 903 (info. Moventis-Sarfa \u00e0 Barcelone, \u00e0 Lloret et \u00e0 la gare ferroviaire de Blanes)<\/p>\n<p><a href=\"https:\/\/compras.moventis.es\/online\/\" target=\"_blank\" rel=\"noopener\"><strong>www.sarfa.com<\/strong><\/a><\/p>\n<p style=\"text-align: left;\"><strong>Taxis<\/strong><br \/>\nAv. del Pelegr\u00ed, 25 &#8211; Pla\u00e7a de les Nacions sense Estat<br \/>\nTel. +34 972 34 05 49<\/p>\n<p style=\"text-align: left;\"><strong>Points de charge pour les v\u00e9hicules \u00e9lectriques<\/strong><br \/>\nPoints signal\u00e9s en vert situ\u00e9s sur le parking juste en face de la Police (Av. del Pelegr\u00ed, 19) et \u00e0 c\u00f4t\u00e9 du parking Porta de Sant Feliu (C\/ Pintor Joan Serra).<\/p>\n<\/div><\/div><\/div><\/div><\/div><div class=\"w-tabs-section\" id=\"1642615727288-9ad7ee5f-09ce\"><button class=\"w-tabs-section-header\" aria-controls=\"content-1642615727288-9ad7ee5f-09ce\"><div class=\"w-tabs-section-header-h\"><div class=\"w-tabs-section-title\">Services sanitaires<\/div><div class=\"w-tabs-section-control\"><\/div><\/div><\/button><div class=\"w-tabs-section-content\" id=\"content-1642615727288-9ad7ee5f-09ce\" aria-expanded=\"false\"><div class=\"w-tabs-section-content-h i-cf\"><div class=\"wpb_text_column ttlMd\" ><div class=\"wpb_wrapper\"><h2>Services sanitaires<\/h2>\n<\/div><\/div><div class=\"wpb_text_column txtMd\" ><div class=\"wpb_wrapper\"><p style=\"text-align: left;\"><strong>Centre de sant\u00e9 primaire Casa del Mar<\/strong><br \/>\nAv. Catalunya, s\/n<br \/>\nTel. +34 972 341 828<br \/>\n<a href=\"http:\/\/www.salutms.cat\" target=\"_blank\" rel=\"noopener noreferrer\">www.salutms.cat<\/a><\/p>\n<p style=\"text-align: left;\"><strong>Centre m\u00e9dical Turissa Salut<\/strong><br \/>\nEnric Granados, 12<br \/>\nTel. +34 972 978 589 \/ +34 722 401 797<br \/>\n<a href=\"https:\/\/www.turissasalut.com\/\" target=\"_blank\" rel=\"noopener noreferrer\">www.turissasalut.com<\/a><\/p>\n<p style=\"text-align: left;\"><strong>Dentiste \u2013 Dr. Josep Llu\u00eds Nadal i Faig<\/strong><br \/>\nAv. Costa Brava, 24, 1\u00ba<br \/>\nTel. +34 972 342 216<\/p>\n<p style=\"text-align: left;\"><strong>Dentiste \u2013 Riure Riera<\/strong><br \/>\nRambla Pau Casals, 12, baixos, local 3<br \/>\nTel. +34 972 342 862 \/ +34 661 28 66 29 (Urgences)<br \/>\n<a href=\"https:\/\/riureriera.com\/\" target=\"_blank\" rel=\"noopener noreferrer\">www.riureriera.com<\/a><\/p>\n<p><strong>Dentiste &#8211; Dental Tossa de Mar S.L.<\/strong><br \/>\nC\/ Maria Auxiliadora, 13<br \/>\nTel. +34\u00a0 681 67 12 11<br \/>\n<a href=\"https:\/\/dentaltossa.com\/\" target=\"_blank\" rel=\"noopener\">www.dentaltossa.com<\/a><\/p>\n<p style=\"text-align: left;\"><strong>Kin\u00e9sith\u00e9rapeute \u2013 Roger Ribas<\/strong><br \/>\nC\/ Enric Granados, 12<br \/>\nTel. +34 972 978 589 \/ +34 722 401 797<\/p>\n<p><strong>Kin\u00e9sith\u00e9rapeute \u2013 Cos Esvelt<br \/>\n<\/strong>C\/ Doctor Trueta, 5<br \/>\nTel. +34 972 340 740<br \/>\n<a href=\"https:\/\/linktr.ee\/cosesvelt.tossa\" target=\"_blank\" rel=\"noopener\">https:\/\/linktr.ee\/cosesvelt.tossa<\/a><\/p>\n<p style=\"text-align: left;\"><strong>H\u00f4pital r\u00e9gional de La Selva<\/strong><br \/>\nAcc\u00e9s de la Cala Sant Francesc, 5 &#8211; 17300 Blanes<br \/>\nTel. +34 972 353 264<br \/>\n<a href=\"https:\/\/www.salutms.cat\" target=\"_blank\" rel=\"noopener noreferrer\">https:\/\/www.salutms.cat<\/a><\/p>\n<p style=\"text-align: left;\"><strong>H\u00f4pital Dr. Josep Trueta de G\u00e9rone (I.C.S.)<\/strong><br \/>\nAv. de Fran\u00e7a, s\/n &#8211; 17007 Girona<br \/>\nTel. +34 972 940 200<br \/>\n<a href=\"http:\/\/ics.gencat.cat\/ca\/inici\" target=\"_blank\" rel=\"noopener noreferrer\">www.gencat.cat\/ics<\/a><\/p>\n<p style=\"text-align: left;\"><strong>H\u00f4pital de St. Jaume de Calella<\/strong><br \/>\nC\/ Sant Jaume, 209 &#8211; 217 &#8211; 08370 Calella<br \/>\nTel. +34 937 690 201<br \/>\n<a href=\"https:\/\/salutms.cat\/\" target=\"_blank\" rel=\"noopener noreferrer\">www.salutms.cat<\/a><\/p>\n<p style=\"text-align: left;\"><strong>Pharmacie Arbuss\u00e9<\/strong><br \/>\nC\/ La Gu\u00e0rdia, 19<br \/>\nTel. +34 972 340 388<br \/>\n<a href=\"https:\/\/www.farmacia-arbusse.cat\/\" target=\"_blank\" rel=\"noopener noreferrer\">www.farmacia-arbusse.cat<\/a><\/p>\n<p style=\"text-align: left;\"><strong>Pharmacie Capell<\/strong><br \/>\nRbla. Pau Casals, 12<br \/>\nTel. +34 972 340 208<\/p>\n<p style=\"text-align: left;\"><strong>Pharmacie Castell\u00f3<\/strong><br \/>\nAv. Ferran Agull\u00f3, 12<br \/>\nTel. +34 972 341 303<br \/>\n<a href=\"http:\/\/www.farmaciaramoncastello.es\/\" target=\"_blank\" rel=\"noopener noreferrer\">www.farmaciaramoncastello.es<\/a><\/p>\n<p style=\"text-align: left;\"><strong>Pharmacie Lores<\/strong><br \/>\nC\/ Enric Granados, 7 &#8211; Local 17<br \/>\nTel. +34 972 341 172<br \/>\n<a href=\"https:\/\/www.ecoceutics.com\/\">www.ecoceutics.com<\/a><\/p>\n<p style=\"text-align: left;\"><strong>Centre v\u00e9t\u00e9rinaire T-Vets<\/strong><br \/>\nC\/ Pola, 3, local 3<br \/>\nTel. +34 659 397 101<br \/>\n<a href=\"https:\/\/www.tvets.es\/\" target=\"_blank\" rel=\"noopener noreferrer\">www.tvets.es<\/a><\/p>\n<p style=\"text-align: left;\"><strong>Centre v\u00e9t\u00e9rinaire Tossa<\/strong><br \/>\nPintor Fortuny, 4<br \/>\nTel. +34 972 340 747 \/ +34 629 35 64 04 (Urgences)<\/p>\n<\/div><\/div><\/div><\/div><\/div><\/div><\/div><\/div><\/div><\/div><\/div><\/div><\/div><\/section>\n","protected":false},"excerpt":{"rendered":"UrgencesServices g\u00e9n\u00e9rauxServices sanitairesUrgencesUrgences Urgences Tel. 112 Police locale Av. del Pelegr\u00ed, 14 Tel. +34 972 340 135 Pompiers Av. Catalunya, s\/n Tel. 112 Centre de sant\u00e9 primaire Casa del Mar Av. Catalunya, s\/n Tel. +34 972 341 828 www.salutms.cat Services g\u00e9n\u00e9rauxServices g\u00e9n\u00e9raux Information aux citoyens (Generalitat de Catalunya) Tel. 012 www.gencat.cat Mairie Av. Pelegr\u00ed, 25...","protected":false},"author":1,"featured_media":0,"parent":0,"menu_order":0,"comment_status":"closed","ping_status":"closed","template":"","meta":{"_monsterinsights_skip_tracking":false,"_monsterinsights_sitenote_active":false,"_monsterinsights_sitenote_note":"","_monsterinsights_sitenote_category":0,"footnotes":""},"class_list":["post-5235","page","type-page","status-publish","hentry"],"_links":{"self":[{"href":"https:\/\/visittossa.com\/fr\/wp-json\/wp\/v2\/pages\/5235","targetHints":{"allow":["GET"]}}],"collection":[{"href":"https:\/\/visittossa.com\/fr\/wp-json\/wp\/v2\/pages"}],"about":[{"href":"https:\/\/visittossa.com\/fr\/wp-json\/wp\/v2\/types\/page"}],"author":[{"embeddable":true,"href":"https:\/\/visittossa.com\/fr\/wp-json\/wp\/v2\/users\/1"}],"replies":[{"embeddable":true,"href":"https:\/\/visittossa.com\/fr\/wp-json\/wp\/v2\/comments?post=5235"}],"version-history":[{"count":21,"href":"https:\/\/visittossa.com\/fr\/wp-json\/wp\/v2\/pages\/5235\/revisions"}],"predecessor-version":[{"id":16979,"href":"https:\/\/visittossa.com\/fr\/wp-json\/wp\/v2\/pages\/5235\/revisions\/16979"}],"wp:attachment":[{"href":"https:\/\/visittossa.com\/fr\/wp-json\/wp\/v2\/media?parent=5235"}],"curies":[{"name":"wp","href":"https:\/\/api.w.org\/{rel}","templated":true}]}}