{"id":5226,"date":"2021-11-09T17:47:11","date_gmt":"2021-11-09T17:47:11","guid":{"rendered":"https:\/\/visittossa.com\/gastronomia\/la-cuina-de-tossa\/"},"modified":"2024-12-13T12:51:48","modified_gmt":"2024-12-13T12:51:48","slug":"la-cuisine-de-tossa","status":"publish","type":"page","link":"https:\/\/visittossa.com\/fr\/gastronomie\/la-cuisine-de-tossa\/","title":{"rendered":"La cuisine de Tossa"},"content":{"rendered":"<section class=\"l-section wpb_row height_large width_full tossaHd with_img\" id=\"hdMd\"><div class=\"l-section-img\" style=\"background-image: url(https:\/\/visittossa.com\/wp-content\/uploads\/2024\/12\/2022_gastronomiatossa_013.jpg);background-position: top right;background-repeat: no-repeat;\" data-img-width=\"2048\" data-img-height=\"1365\"><\/div><div class=\"l-section-h i-cf\"><div class=\"g-cols vc_row type_default valign_middle\"><div class=\"vc_col-sm-12 wpb_column vc_column_container\"><div class=\"vc_column-inner\"><div class=\"wpb_wrapper\"><\/div><\/div><\/div><\/div><\/div><\/section><section class=\"l-section wpb_row height_large\" id=\"dblMd\"><div class=\"l-section-h i-cf\"><div class=\"g-cols vc_row type_default valign_top\"><div class=\"vc_col-sm-6 wpb_column vc_column_container imgCol\"><div class=\"vc_column-inner\"><div class=\"wpb_wrapper\"><div class=\"wpb_text_column tltMd\" ><div class=\"wpb_wrapper\"><h2>La cuisine de Tossa<\/h2>\n<\/div><\/div><div class=\"wpb_text_column txtMd\" ><div class=\"wpb_wrapper\"><p>La cuisine de Tossa est clairement marqu\u00e9e par les caract\u00e9ristiques de son terroir, situ\u00e9 entre mer et montagne, mais ce sont le passage du temps, l\u2019influence de cultures diverses et les conditions de vie de ses habitants qui l\u2019ont maintenue en constante \u00e9volution, forgeant une gastronomie propre \u00e0 Tossa, qui ressemble \u00e0 la cuisine des villages voisins tout en pr\u00e9sentant des diff\u00e9rences appr\u00e9ciables, voire parfois surprenantes.<\/p>\n<p>Les recettes de Tossa se transmettent de m\u00e8res en filles, et ce savoir-faire se perp\u00e9tue aussi des patrons d\u2019embarcations aux jeunes marins et p\u00eacheurs, et des chefs de groupe aux jeunes charbonniers.<\/p>\n<p>La fusion de produits de la mer et de la terre, ainsi que la fa\u00e7on de les pr\u00e9parer de chacun ont permis \u00e0 la cuisine de Tossa de devenir une cuisine \u00e0 base de poisson tout en conservant une forte pr\u00e9sence de fruits, de l\u00e9gumes et de viande, souvent pr\u00e9par\u00e9s au po\u00ealon. Les plats sont g\u00e9n\u00e9ralement agr\u00e9ment\u00e9s par la touche finale des picades (hachis), qui leur conf\u00e8rent leur go\u00fbt si caract\u00e9ristique.<\/p>\n<p>Parmi les particularit\u00e9s locales : les hachis avec du chocolat noir des calamars farcis aux boulettes de viande \u00e0 la mode de Tossa, et le cim i tomba, un plat tr\u00e8s simple pr\u00e9par\u00e9 par les p\u00eacheurs directement dans leur bateau lorsqu\u2019ils devaient passer de longues heures en mer. Ce plat est devenu l\u2019un des plus populaires de la gastronomie de Tossa.<\/p>\n<\/div><\/div><\/div><\/div><\/div><div class=\"vc_col-sm-6 wpb_column vc_column_container infoCol\"><div class=\"vc_column-inner\"><div class=\"wpb_wrapper\"><div class=\"w-image align_none\"><div class=\"w-image-h\"><img loading=\"lazy\" decoding=\"async\" width=\"2048\" height=\"1365\" src=\"https:\/\/visittossa.com\/wp-content\/uploads\/2024\/12\/2022_gastronomiatossa_002.jpg\" class=\"attachment-full size-full\" alt=\"\" srcset=\"https:\/\/visittossa.com\/wp-content\/uploads\/2024\/12\/2022_gastronomiatossa_002.jpg 2048w, https:\/\/visittossa.com\/wp-content\/uploads\/2024\/12\/2022_gastronomiatossa_002-300x200.jpg 300w, https:\/\/visittossa.com\/wp-content\/uploads\/2024\/12\/2022_gastronomiatossa_002-1024x683.jpg 1024w\" sizes=\"auto, (max-width: 2048px) 100vw, 2048px\" \/><\/div><\/div><\/div><\/div><\/div><\/div><\/div><\/section><section class=\"l-section wpb_row height_medium\" id=\"experienciasMd\"><div class=\"l-section-h i-cf\"><div class=\"g-cols vc_row type_default valign_top\"><div class=\"vc_col-sm-12 wpb_column vc_column_container\"><div class=\"vc_column-inner\"><div class=\"wpb_wrapper\"><div class=\"g-cols wpb_row  type_default valign_top vc_inner\"><div class=\"vc_col-sm-4 wpb_column vc_column_container active\"><div class=\"vc_column-inner\"><div class=\"wpb_wrapper\">\n<div id=\"interactive-banner-1-wrap-4429\" class=\"ult-banner-block ult-adjust-bottom-margin ult-bb-box  banner-style01 \"   style=\"\">\n\t<img decoding=\"async\" src=\"https:\/\/visittossa.com\/wp-content\/uploads\/2024\/10\/2022_gastronomiatossa_015.jpg\" alt=\"null\">\n\t<h3  data-ultimate-target='#interactive-banner-1-wrap-4429 .bb-top-title '  data-responsive-json-new='{\"font-size\":\"\",\"line-height\":\"\"}'  class=\"title-center bb-top-title ult-responsive\" style=\"font-weight:normal;background:#242424;color:#ffffff;\">La cuisine de Tossa<\/h3>\n\t<div class=\"mask opaque-background\" style=\"background:rgba(35,35,35,0.41);\">\n\t\t<div  data-ultimate-target='#interactive-banner-1-wrap-4429 .bb-description'  data-responsive-json-new='{\"font-size\":\"\",\"line-height\":\"\"}'  class=\"bb-description ult-responsive\" style=\"font-weight:normal;color:#ffffff;\"><\/div>\n\t<\/div><a class=\"bb-link\" href=\"https:\/\/visittossa.com\/fr\/gastronomie\/la-cuisine-de-tossa\/\" title=\"La cuisine de Tossa\" ><\/a>\n<\/div><\/div><\/div><\/div><div class=\"vc_col-sm-4 wpb_column vc_column_container\"><div class=\"vc_column-inner\"><div class=\"wpb_wrapper\">\n<div id=\"interactive-banner-1-wrap-5779\" class=\"ult-banner-block ult-adjust-bottom-margin ult-bb-box ult-banner-block-custom-height banner-style01 \"   style=\"height:216px;\">\n\t<img decoding=\"async\" src=\"https:\/\/visittossa.com\/wp-content\/uploads\/2024\/10\/327398057_1017183386321935_1885100950319362586_n.jpg\" alt=\"null\">\n\t<h3  data-ultimate-target='#interactive-banner-1-wrap-5779 .bb-top-title '  data-responsive-json-new='{\"font-size\":\"\",\"line-height\":\"\"}'  class=\"title-center bb-top-title ult-responsive\" style=\"font-weight:normal;background:#242424;color:#ffffff;\">Le groupe de cuisine tradtionnelle de Tossa<\/h3>\n\t<div class=\"mask opaque-background\" style=\"background:rgba(35,35,35,0.41);\">\n\t\t<div  data-ultimate-target='#interactive-banner-1-wrap-5779 .bb-description'  data-responsive-json-new='{\"font-size\":\"\",\"line-height\":\"\"}'  class=\"bb-description ult-responsive\" style=\"font-weight:normal;color:#ffffff;\"><\/div>\n\t<\/div><a class=\"bb-link\" href=\"https:\/\/visittossa.com\/fr\/gastronomie\/le-group-de-cuisine-traditionnelle-de-tossa\/\" title=\"Le groupe de Cuisine Tradtionnelle de Tossa\" ><\/a>\n<\/div><\/div><\/div><\/div><div class=\"vc_col-sm-4 wpb_column vc_column_container\"><div class=\"vc_column-inner\"><div class=\"wpb_wrapper\">\n<div id=\"interactive-banner-1-wrap-5379\" class=\"ult-banner-block ult-adjust-bottom-margin ult-bb-box  banner-style01 \"   style=\"\">\n\t<img decoding=\"async\" src=\"https:\/\/visittossa.com\/wp-content\/uploads\/2024\/10\/2022_gastronomiatossa_016.jpg\" alt=\"null\">\n\t<h3  data-ultimate-target='#interactive-banner-1-wrap-5379 .bb-top-title '  data-responsive-json-new='{\"font-size\":\"\",\"line-height\":\"\"}'  class=\"title-center bb-top-title ult-responsive\" style=\"font-weight:normal;background:#242424;color:#ffffff;\">La recette du ``cim i tomba``<\/h3>\n\t<div class=\"mask opaque-background\" style=\"background:rgba(35,35,35,0.41);\">\n\t\t<div  data-ultimate-target='#interactive-banner-1-wrap-5379 .bb-description'  data-responsive-json-new='{\"font-size\":\"\",\"line-height\":\"\"}'  class=\"bb-description ult-responsive\" style=\"font-weight:normal;color:#ffffff;\"><\/div>\n\t<\/div><a class=\"bb-link\" href=\"https:\/\/visittossa.com\/fr\/gastronomie\/la-recette-du-cim-i-tomba\/\" title=\"La recette du &quot;cim i tomba&quot;\" ><\/a>\n<\/div><\/div><\/div><\/div><\/div><\/div><\/div><\/div><\/div><\/div><\/section>\n","protected":false},"excerpt":{"rendered":"La cuisine de Tossa La cuisine de Tossa est clairement marqu\u00e9e par les caract\u00e9ristiques de son terroir, situ\u00e9 entre mer et montagne, mais ce sont le passage du temps, l\u2019influence de cultures diverses et les conditions de vie de ses habitants qui l\u2019ont maintenue en constante \u00e9volution, forgeant une gastronomie propre \u00e0 Tossa, qui ressemble...","protected":false},"author":1,"featured_media":0,"parent":5220,"menu_order":0,"comment_status":"closed","ping_status":"closed","template":"","meta":{"_monsterinsights_skip_tracking":false,"_monsterinsights_sitenote_active":false,"_monsterinsights_sitenote_note":"","_monsterinsights_sitenote_category":0,"footnotes":""},"class_list":["post-5226","page","type-page","status-publish","hentry"],"_links":{"self":[{"href":"https:\/\/visittossa.com\/fr\/wp-json\/wp\/v2\/pages\/5226","targetHints":{"allow":["GET"]}}],"collection":[{"href":"https:\/\/visittossa.com\/fr\/wp-json\/wp\/v2\/pages"}],"about":[{"href":"https:\/\/visittossa.com\/fr\/wp-json\/wp\/v2\/types\/page"}],"author":[{"embeddable":true,"href":"https:\/\/visittossa.com\/fr\/wp-json\/wp\/v2\/users\/1"}],"replies":[{"embeddable":true,"href":"https:\/\/visittossa.com\/fr\/wp-json\/wp\/v2\/comments?post=5226"}],"version-history":[{"count":11,"href":"https:\/\/visittossa.com\/fr\/wp-json\/wp\/v2\/pages\/5226\/revisions"}],"predecessor-version":[{"id":15855,"href":"https:\/\/visittossa.com\/fr\/wp-json\/wp\/v2\/pages\/5226\/revisions\/15855"}],"up":[{"embeddable":true,"href":"https:\/\/visittossa.com\/fr\/wp-json\/wp\/v2\/pages\/5220"}],"wp:attachment":[{"href":"https:\/\/visittossa.com\/fr\/wp-json\/wp\/v2\/media?parent=5226"}],"curies":[{"name":"wp","href":"https:\/\/api.w.org\/{rel}","templated":true}]}}