{"id":5220,"date":"2020-10-20T09:35:42","date_gmt":"2020-10-20T09:35:42","guid":{"rendered":"https:\/\/visittossa.com\/gastronomia\/"},"modified":"2024-12-13T12:21:50","modified_gmt":"2024-12-13T12:21:50","slug":"gastronomie","status":"publish","type":"page","link":"https:\/\/visittossa.com\/fr\/gastronomie\/","title":{"rendered":"Gastronomie"},"content":{"rendered":"<section class=\"l-section wpb_row height_large width_full tossaHd with_img\" id=\"hdMd\"><div class=\"l-section-img\" style=\"background-image: url(https:\/\/visittossa.com\/wp-content\/uploads\/2022\/03\/CAPCALERA_gastronomia.jpg);background-repeat: no-repeat;\" data-img-width=\"1400\" data-img-height=\"270\"><\/div><div class=\"l-section-h i-cf\"><div class=\"g-cols vc_row type_default valign_middle\"><div class=\"vc_col-sm-12 wpb_column vc_column_container\"><div class=\"vc_column-inner\"><div class=\"wpb_wrapper\"><\/div><\/div><\/div><\/div><\/div><\/section><section class=\"l-section wpb_row us_custom_ec9218fc height_medium\" id=\"introTxt\"><div class=\"l-section-h i-cf\"><div class=\"g-cols vc_row type_default valign_top\"><div class=\"vc_col-sm-12 wpb_column vc_column_container\"><div class=\"vc_column-inner\"><div class=\"wpb_wrapper\"><div class=\"wpb_text_column tltMd\" ><div class=\"wpb_wrapper\"><h2 style=\"text-align: center;\">Gastronomie<\/h2>\n<\/div><\/div><div class=\"wpb_text_column txtMd\" ><div class=\"wpb_wrapper\"><p style=\"text-align: center;\">Imaginez vos sens s\u2019\u00e9veiller devant une bonne table, un plat odorant et visuellement attractif qui va combler votre palais : des saveurs typiquement m\u00e9diterran\u00e9ennes, des plats cuisin\u00e9s \u00e0 l\u2019ancienne mode des p\u00eacheurs, lorsqu\u2019ils partaient p\u00eacher et cuisinaient \u00e0 bord de leurs bateaux ; une cuisine traditionnelle et cr\u00e9ative et, surtout, l\u2019harmonie entre les deux.<\/p>\n<\/div><\/div><\/div><\/div><\/div><\/div><\/div><\/section><section class=\"l-section wpb_row us_custom_53135519 height_medium new2021\" id=\"bnrMd\"><div class=\"l-section-h i-cf\"><div class=\"g-cols vc_row type_default valign_top\"><div class=\"vc_col-sm-12 wpb_column vc_column_container\"><div class=\"vc_column-inner\"><div class=\"wpb_wrapper\"><div class=\"g-cols wpb_row  type_default valign_top vc_inner\"><div class=\"vc_col-sm-4 wpb_column vc_column_container\"><div class=\"vc_column-inner\"><div class=\"wpb_wrapper\"><div class=\"w-ibanner animation_melete ratio_3x4 easing_ease\"><div class=\"w-ibanner-h\"><div class=\"w-ibanner-image\" style=\"background-image: url(https:\/\/visittossa.com\/wp-content\/uploads\/2024\/10\/2022_gastronomiatossa_015.jpg)\"><\/div><div class=\"w-ibanner-content\"><div class=\"w-ibanner-content-h\"><h5 class=\"w-ibanner-title\">La cuisine de Tossa<\/h5><div class=\"w-ibanner-desc\"><\/div><\/div><\/div><\/div><a title=\"La cuisine de Tossa\" href=\"https:\/\/visittossa.com\/fr\/gastronomie\/la-cuisine-de-tossa\/\" aria-label=\"La cuisine de Tossa\"><\/a><\/div><\/div><\/div><\/div><div class=\"vc_col-sm-4 wpb_column vc_column_container\"><div class=\"vc_column-inner\"><div class=\"wpb_wrapper\"><div class=\"w-ibanner animation_melete ratio_3x4 easing_ease\"><div class=\"w-ibanner-h\"><div class=\"w-ibanner-image\" style=\"background-image: url(https:\/\/visittossa.com\/wp-content\/uploads\/2022\/02\/Gastronomia_BOMBOLLA.jpg)\"><\/div><div class=\"w-ibanner-content\"><div class=\"w-ibanner-content-h\"><h5 class=\"w-ibanner-title\">L&#8217;Association de Cuisine Traditionnelle de Tossa<\/h5><div class=\"w-ibanner-desc\"><\/div><\/div><\/div><\/div><a title=\"Le groupe de Cuisine Tradtionnelle de Tossa\" href=\"https:\/\/visittossa.com\/fr\/gastronomie\/le-group-de-cuisine-traditionnelle-de-tossa\/\" aria-label=\"L&#8217;Association de Cuisine Traditionnelle de Tossa\"><\/a><\/div><\/div><\/div><\/div><div class=\"vc_col-sm-4 wpb_column vc_column_container\"><div class=\"vc_column-inner\"><div class=\"wpb_wrapper\"><div class=\"w-ibanner animation_melete ratio_3x4 easing_ease\"><div class=\"w-ibanner-h\"><div class=\"w-ibanner-image\" style=\"background-image: url(https:\/\/visittossa.com\/wp-content\/uploads\/2024\/10\/2022_gastronomiatossa_016.jpg)\"><\/div><div class=\"w-ibanner-content\"><div class=\"w-ibanner-content-h\"><h5 class=\"w-ibanner-title\">La recette du &#8220;cim i tomba&#8221;<\/h5><div class=\"w-ibanner-desc\"><\/div><\/div><\/div><\/div><a title=\"La recette du &quot;cim i tomba&quot;\" href=\"https:\/\/visittossa.com\/fr\/gastronomie\/la-recette-du-cim-i-tomba\/\" aria-label=\"La recette du &#8220;cim i tomba&#8221;\"><\/a><\/div><\/div><\/div><\/div><\/div><\/div><\/div><\/div><\/div><\/div><\/section><section class=\"l-section wpb_row height_auto width_full\" id=\"prllxMd\"><div class=\"l-section-h i-cf\"><div class=\"g-cols vc_row type_default valign_middle\"><div class=\"vc_col-sm-12 wpb_column vc_column_container\"><div class=\"vc_column-inner\"><div class=\"wpb_wrapper\"><div class=\"g-cols wpb_row  type_default valign_middle vc_inner\"><div class=\"vc_col-sm-12 wpb_column vc_column_container\"><div class=\"vc_column-inner\"><div class=\"wpb_wrapper\"><div class=\"wpb_text_column ttlMd\" ><div class=\"wpb_wrapper\"><h2 style=\"text-align: center;\">\u00c0 Tossa, vous trouverez toutes les options pour profiter de la meilleure gastronomie.<\/h2>\n<\/div><\/div><div class=\"w-btn-wrapper width_auto align_center\"><a class=\"w-btn us-btn-style_1 btnMd\" title=\"O\u00f9 manger\" href=\"https:\/\/visittossa.com\/fr\/ou-manger\/\"><span class=\"w-btn-label\">Trouvez votre restaurant \u00bb<\/span><\/a><\/div><\/div><\/div><\/div><\/div><\/div><\/div><\/div><\/div><\/div><\/section><!-- Row Backgrounds --><div class=\"upb_bg_img\" data-ultimate-bg=\"url(https:\/\/visittossa.com\/wp-content\/uploads\/2020\/12\/Banner_assaboreix2.3.jpg)\" data-image-id=\"id^2410|url^https:\/\/visittossa.com\/wp-content\/uploads\/2020\/12\/Banner_assaboreix2.3.jpg|caption^null|alt^null|title^Banner_assaboreix2.3|description^null\" data-ultimate-bg-style=\"vcpb-default\" data-bg-img-repeat=\"repeat\" data-bg-img-size=\"cover\" data-bg-img-position=\"\" data-parallx_sense=\"30\" data-bg-override=\"0\" data-bg_img_attach=\"scroll\" data-upb-overlay-color=\"rgba(0,93,149,0.45)\" data-upb-bg-animation=\"\" data-fadeout=\"\" data-bg-animation=\"left-animation\" data-bg-animation-type=\"h\" data-animation-repeat=\"repeat\" data-fadeout-percentage=\"30\" data-parallax-content=\"\" data-parallax-content-sense=\"30\" data-row-effect-mobile-disable=\"true\" data-img-parallax-mobile-disable=\"true\" data-rtl=\"false\"  data-custom-vc-row=\"\"  data-vc=\"6.4.1\"  data-is_old_vc=\"\"  data-theme-support=\"\"   data-overlay=\"true\" data-overlay-color=\"rgba(0,93,149,0.45)\" data-overlay-pattern=\"\" data-overlay-pattern-opacity=\"0.8\" data-overlay-pattern-size=\"\" data-overlay-pattern-attachment=\"scroll\"    ><\/div>\n","protected":false},"excerpt":{"rendered":"Gastronomie Imaginez vos sens s\u2019\u00e9veiller devant une bonne table, un plat odorant et visuellement attractif qui va combler votre palais : des saveurs typiquement m\u00e9diterran\u00e9ennes, des plats cuisin\u00e9s \u00e0 l\u2019ancienne mode des p\u00eacheurs, lorsqu\u2019ils partaient p\u00eacher et cuisinaient \u00e0 bord de leurs bateaux ; une cuisine traditionnelle et cr\u00e9ative et, surtout, l\u2019harmonie entre les deux....","protected":false},"author":1,"featured_media":0,"parent":0,"menu_order":0,"comment_status":"closed","ping_status":"closed","template":"","meta":{"_monsterinsights_skip_tracking":false,"_monsterinsights_sitenote_active":false,"_monsterinsights_sitenote_note":"","_monsterinsights_sitenote_category":0,"footnotes":""},"class_list":["post-5220","page","type-page","status-publish","hentry"],"_links":{"self":[{"href":"https:\/\/visittossa.com\/fr\/wp-json\/wp\/v2\/pages\/5220","targetHints":{"allow":["GET"]}}],"collection":[{"href":"https:\/\/visittossa.com\/fr\/wp-json\/wp\/v2\/pages"}],"about":[{"href":"https:\/\/visittossa.com\/fr\/wp-json\/wp\/v2\/types\/page"}],"author":[{"embeddable":true,"href":"https:\/\/visittossa.com\/fr\/wp-json\/wp\/v2\/users\/1"}],"replies":[{"embeddable":true,"href":"https:\/\/visittossa.com\/fr\/wp-json\/wp\/v2\/comments?post=5220"}],"version-history":[{"count":12,"href":"https:\/\/visittossa.com\/fr\/wp-json\/wp\/v2\/pages\/5220\/revisions"}],"predecessor-version":[{"id":15819,"href":"https:\/\/visittossa.com\/fr\/wp-json\/wp\/v2\/pages\/5220\/revisions\/15819"}],"wp:attachment":[{"href":"https:\/\/visittossa.com\/fr\/wp-json\/wp\/v2\/media?parent=5220"}],"curies":[{"name":"wp","href":"https:\/\/api.w.org\/{rel}","templated":true}]}}