{"id":5217,"date":"2021-12-08T16:57:53","date_gmt":"2021-12-08T16:57:53","guid":{"rendered":"https:\/\/visittossa.com\/estiu\/"},"modified":"2024-08-01T07:46:42","modified_gmt":"2024-08-01T07:46:42","slug":"ete","status":"publish","type":"page","link":"https:\/\/visittossa.com\/fr\/ete\/","title":{"rendered":"\u00c9t\u00e9"},"content":{"rendered":"<section class=\"l-section wpb_row height_large tossaHd with_img\" id=\"hdMd\"><div class=\"l-section-img\" style=\"background-image: url(https:\/\/visittossa.com\/wp-content\/uploads\/2021\/12\/Estiu-hd.jpg);\" data-img-width=\"1398\" data-img-height=\"345\"><\/div><div class=\"l-section-h i-cf\"><div class=\"g-cols vc_row type_default valign_top\"><div class=\"vc_col-sm-12 wpb_column vc_column_container\"><div class=\"vc_column-inner\"><div class=\"wpb_wrapper\"><\/div><\/div><\/div><\/div><\/div><\/section><section class=\"l-section wpb_row height_medium txtArea\"><div class=\"l-section-h i-cf\"><div class=\"g-cols vc_row type_default valign_top\"><div class=\"vc_col-sm-12 wpb_column vc_column_container\"><div class=\"vc_column-inner\"><div class=\"wpb_wrapper\"><div class=\"wpb_text_column\" ><div class=\"wpb_wrapper\"><h3 style=\"text-align: center;\">\u00c9t\u00e9<\/h3>\n<\/div><\/div><div class=\"wpb_text_column txtMd\" ><div class=\"wpb_wrapper\"><p style=\"text-align: center;\">L\u2019\u00e9t\u00e9 est chaleur et f\u00eate, des jours longs qu\u2019invitent \u00e0 faire la vie en plein air, des bains de mer rafra\u00eechissants, du temps et des exp\u00e9riences partag\u00e9s avec la famille et les amis, le moment de se reposer et se d\u00e9tendre\u2026<\/p>\n<\/div><\/div><\/div><\/div><\/div><\/div><\/div><\/section><section class=\"l-section wpb_row height_auto width_full imgMd\"><div class=\"l-section-h i-cf\"><div class=\"g-cols vc_row type_default valign_top\"><div class=\"vc_col-sm-12 wpb_column vc_column_container\"><div class=\"vc_column-inner\"><div class=\"wpb_wrapper\"><div class=\"w-image align_center\"><div class=\"w-image-h\"><img loading=\"lazy\" decoding=\"async\" width=\"1398\" height=\"600\" src=\"https:\/\/visittossa.com\/wp-content\/uploads\/2021\/12\/Estiu-temps-de-gaudir.jpg\" class=\"attachment-full size-full\" alt=\"\" srcset=\"https:\/\/visittossa.com\/wp-content\/uploads\/2021\/12\/Estiu-temps-de-gaudir.jpg 1398w, https:\/\/visittossa.com\/wp-content\/uploads\/2021\/12\/Estiu-temps-de-gaudir-300x129.jpg 300w, https:\/\/visittossa.com\/wp-content\/uploads\/2021\/12\/Estiu-temps-de-gaudir-1024x439.jpg 1024w\" sizes=\"auto, (max-width: 1398px) 100vw, 1398px\" \/><\/div><\/div><\/div><\/div><\/div><\/div><\/div><\/section><section class=\"l-section wpb_row height_medium txtArea\"><div class=\"l-section-h i-cf\"><div class=\"g-cols vc_row type_default valign_top\"><div class=\"vc_col-sm-12 wpb_column vc_column_container\"><div class=\"vc_column-inner\"><div class=\"wpb_wrapper\"><div class=\"wpb_text_column tltMd\" ><div class=\"wpb_wrapper\"><h2 style=\"text-align: center;\">L\u2019\u00e9t\u00e9 est temps pour profiter&#8230;<\/h2>\n<\/div><\/div><div class=\"wpb_text_column txtMd\" ><div class=\"wpb_wrapper\"><p style=\"text-align: center;\">&#8230;des matin\u00e9es actives en mer ou \u00e0 la montagne<\/p>\n<p style=\"text-align: center;\">&#8230;de rester \u00e0 table \u00e0 discuter en soir\u00e9es indolentes, de faire des achats tranquillement ou d\u2019avoir le temps pour explorer le patrimoine culturel et monumental<\/p>\n<p style=\"text-align: center;\">&#8230;d\u2019apr\u00e8s-midi en plein air \u00e0 partager une table sur les terrasses de bars et restaurants ou en faisant des promenades romantiques dans des d\u00e9cors magiques<\/p>\n<p style=\"text-align: center;\">&#8230;des nuits d\u2019\u00e9t\u00e9 amusantes qui invitent \u00e0 jouir de la f\u00eate<\/p>\n<\/div><\/div><\/div><\/div><\/div><\/div><\/div><\/section><section class=\"l-section wpb_row height_auto width_full imgMd\"><div class=\"l-section-h i-cf\"><div class=\"g-cols vc_row type_default valign_top\"><div class=\"vc_col-sm-12 wpb_column vc_column_container\"><div class=\"vc_column-inner\"><div class=\"wpb_wrapper\"><div class=\"w-image align_center\"><div class=\"w-image-h\"><img loading=\"lazy\" decoding=\"async\" width=\"1398\" height=\"600\" src=\"https:\/\/visittossa.com\/wp-content\/uploads\/2021\/12\/Estiu-proposem.jpg\" class=\"attachment-full size-full\" alt=\"\" srcset=\"https:\/\/visittossa.com\/wp-content\/uploads\/2021\/12\/Estiu-proposem.jpg 1398w, https:\/\/visittossa.com\/wp-content\/uploads\/2021\/12\/Estiu-proposem-300x129.jpg 300w, https:\/\/visittossa.com\/wp-content\/uploads\/2021\/12\/Estiu-proposem-1024x439.jpg 1024w\" sizes=\"auto, (max-width: 1398px) 100vw, 1398px\" \/><\/div><\/div><\/div><\/div><\/div><\/div><\/div><\/section><section class=\"l-section wpb_row height_medium txtArea\"><div class=\"l-section-h i-cf\"><div class=\"g-cols vc_row type_default valign_top\"><div class=\"vc_col-sm-12 wpb_column vc_column_container\"><div class=\"vc_column-inner\"><div class=\"wpb_wrapper\"><div class=\"wpb_text_column tltMd\" ><div class=\"wpb_wrapper\"><h2 style=\"text-align: center;\">En \u00e9t\u00e9 on vous propose&#8230;<\/h2>\n<\/div><\/div><div class=\"wpb_text_column txtMd\" ><div class=\"wpb_wrapper\"><p style=\"text-align: center;\">Le festival de Rumba.<\/p>\n<p style=\"text-align: center;\">La f\u00eate patronale de Pierre, le patron des p\u00eacheurs.<\/p>\n<p style=\"text-align: center;\">Les excursions guid\u00e9es pour d\u00e9couvrir les tr\u00e9sors cach\u00e9s dans le massif de Cadiretes.<\/p>\n<p style=\"text-align: center;\">Les visites culturelles guid\u00e9es.<\/p>\n<p style=\"text-align: center;\">La Tossa Shopping Night et le Jour du commerce en plein air.<\/p>\n<p style=\"text-align: center;\">Le Prix International Tossa de Mar de la Peinture Rapide.<\/p>\n<p style=\"text-align: center;\">La campagne gastronomique de La Cuisine du Cim i Tomba, pour d\u00e9couvrir le plat le plus typique de Tossa.<\/p>\n<p style=\"text-align: center;\">Festival de musique <em>Nits a dalt de vila<\/em><\/p>\n<p style=\"text-align: center;\">Le triathlon olympique et le triathlon sprint Tritour Tossa de Mar.<\/p>\n<\/div><\/div><\/div><\/div><\/div><\/div><\/div><\/section><section class=\"l-section wpb_row us_custom_53135519 height_medium with_overlay\" id=\"experienciasMd\"><div class=\"l-section-overlay\" style=\"background: #ffffff\"><\/div><div class=\"l-section-h i-cf\"><div class=\"g-cols vc_row type_default valign_top\"><div class=\"vc_col-sm-12 wpb_column vc_column_container\"><div class=\"vc_column-inner\"><div class=\"wpb_wrapper\"><div class=\"g-cols wpb_row  type_default valign_top vc_inner\"><div class=\"vc_col-sm-3 wpb_column vc_column_container active\"><div class=\"vc_column-inner\"><div class=\"wpb_wrapper\">\n<div id=\"interactive-banner-1-wrap-1068\" class=\"ult-banner-block ult-adjust-bottom-margin ult-bb-box  banner-style01 \"   style=\"\">\n\t<img decoding=\"async\" src=\"https:\/\/visittossa.com\/wp-content\/uploads\/2021\/12\/estiu-thumb.png\" alt=\"null\">\n\t<h3  data-ultimate-target='#interactive-banner-1-wrap-1068 .bb-top-title '  data-responsive-json-new='{\"font-size\":\"\",\"line-height\":\"\"}'  class=\"title-center bb-top-title ult-responsive\" style=\"font-weight:normal;background:#242424;color:#ffffff;\">\u00c9t\u00e9<\/h3>\n\t<div class=\"mask opaque-background\" style=\"background:rgba(35,35,35,0.41);\">\n\t\t<div  data-ultimate-target='#interactive-banner-1-wrap-1068 .bb-description'  data-responsive-json-new='{\"font-size\":\"\",\"line-height\":\"\"}'  class=\"bb-description ult-responsive\" style=\"font-weight:normal;color:#ffffff;\"><\/div>\n\t<\/div><a class=\"bb-link\" href=\"https:\/\/visittossa.com\/fr\/ete\/\" title=\"\u00c9t\u00e9\" ><\/a>\n<\/div><\/div><\/div><\/div><div class=\"vc_col-sm-3 wpb_column vc_column_container\"><div class=\"vc_column-inner\"><div class=\"wpb_wrapper\">\n<div id=\"interactive-banner-1-wrap-4112\" class=\"ult-banner-block ult-adjust-bottom-margin ult-bb-box  banner-style01 \"   style=\"\">\n\t<img decoding=\"async\" src=\"https:\/\/visittossa.com\/wp-content\/uploads\/2021\/02\/tardor.png\" alt=\"Tardor\">\n\t<h3  data-ultimate-target='#interactive-banner-1-wrap-4112 .bb-top-title '  data-responsive-json-new='{\"font-size\":\"\",\"line-height\":\"\"}'  class=\"title-center bb-top-title ult-responsive\" style=\"font-weight:normal;background:#242424;color:#ffffff;\">Automne<\/h3>\n\t<div class=\"mask opaque-background\" style=\"background:rgba(35,35,35,0.41);\">\n\t\t<div  data-ultimate-target='#interactive-banner-1-wrap-4112 .bb-description'  data-responsive-json-new='{\"font-size\":\"\",\"line-height\":\"\"}'  class=\"bb-description ult-responsive\" style=\"font-weight:normal;color:#ffffff;\"><\/div>\n\t<\/div><a class=\"bb-link\" href=\"https:\/\/visittossa.com\/fr\/automne\/\" title=\"Automne\" ><\/a>\n<\/div><\/div><\/div><\/div><div class=\"vc_col-sm-3 wpb_column vc_column_container\"><div class=\"vc_column-inner\"><div class=\"wpb_wrapper\">\n<div id=\"interactive-banner-1-wrap-3229\" class=\"ult-banner-block ult-adjust-bottom-margin ult-bb-box  banner-style01 \"   style=\"\">\n\t<img decoding=\"async\" src=\"https:\/\/visittossa.com\/wp-content\/uploads\/2021\/02\/hivern.png\" alt=\"Hivern\">\n\t<h3  data-ultimate-target='#interactive-banner-1-wrap-3229 .bb-top-title '  data-responsive-json-new='{\"font-size\":\"\",\"line-height\":\"\"}'  class=\"title-center bb-top-title ult-responsive\" style=\"font-weight:normal;background:#242424;color:#ffffff;\">Hiver<\/h3>\n\t<div class=\"mask opaque-background\" style=\"background:rgba(35,35,35,0.41);\">\n\t\t<div  data-ultimate-target='#interactive-banner-1-wrap-3229 .bb-description'  data-responsive-json-new='{\"font-size\":\"\",\"line-height\":\"\"}'  class=\"bb-description ult-responsive\" style=\"font-weight:normal;color:#ffffff;\"><\/div>\n\t<\/div><a class=\"bb-link\" href=\"https:\/\/visittossa.com\/fr\/hiver\/\" title=\"Hiver\" ><\/a>\n<\/div><\/div><\/div><\/div><div class=\"vc_col-sm-3 wpb_column vc_column_container\"><div class=\"vc_column-inner\"><div class=\"wpb_wrapper\">\n<div id=\"interactive-banner-1-wrap-9348\" class=\"ult-banner-block ult-adjust-bottom-margin ult-bb-box  banner-style01 \"   style=\"\">\n\t<img decoding=\"async\" src=\"https:\/\/visittossa.com\/wp-content\/uploads\/2021\/12\/primavera-thumb.png\" alt=\"null\">\n\t<h3  data-ultimate-target='#interactive-banner-1-wrap-9348 .bb-top-title '  data-responsive-json-new='{\"font-size\":\"\",\"line-height\":\"\"}'  class=\"title-center bb-top-title ult-responsive\" style=\"font-weight:normal;background:#242424;color:#ffffff;\">Printemps<\/h3>\n\t<div class=\"mask opaque-background\" style=\"background:rgba(35,35,35,0.41);\">\n\t\t<div  data-ultimate-target='#interactive-banner-1-wrap-9348 .bb-description'  data-responsive-json-new='{\"font-size\":\"\",\"line-height\":\"\"}'  class=\"bb-description ult-responsive\" style=\"font-weight:normal;color:#ffffff;\"><\/div>\n\t<\/div><a class=\"bb-link\" href=\"https:\/\/visittossa.com\/fr\/printemps\/\" title=\"Printemps\" ><\/a>\n<\/div><\/div><\/div><\/div><\/div><\/div><\/div><\/div><\/div><\/div><\/section>\n","protected":false},"excerpt":{"rendered":"\u00c9t\u00e9 L\u2019\u00e9t\u00e9 est chaleur et f\u00eate, des jours longs qu\u2019invitent \u00e0 faire la vie en plein air, des bains de mer rafra\u00eechissants, du temps et des exp\u00e9riences partag\u00e9s avec la famille et les amis, le moment de se reposer et se d\u00e9tendre\u2026 L\u2019\u00e9t\u00e9 est temps pour profiter&#8230; &#8230;des matin\u00e9es actives en mer ou \u00e0 la...","protected":false},"author":1,"featured_media":4577,"parent":0,"menu_order":0,"comment_status":"closed","ping_status":"closed","template":"","meta":{"_monsterinsights_skip_tracking":false,"_monsterinsights_sitenote_active":false,"_monsterinsights_sitenote_note":"","_monsterinsights_sitenote_category":0,"footnotes":""},"class_list":["post-5217","page","type-page","status-publish","has-post-thumbnail","hentry"],"_links":{"self":[{"href":"https:\/\/visittossa.com\/fr\/wp-json\/wp\/v2\/pages\/5217","targetHints":{"allow":["GET"]}}],"collection":[{"href":"https:\/\/visittossa.com\/fr\/wp-json\/wp\/v2\/pages"}],"about":[{"href":"https:\/\/visittossa.com\/fr\/wp-json\/wp\/v2\/types\/page"}],"author":[{"embeddable":true,"href":"https:\/\/visittossa.com\/fr\/wp-json\/wp\/v2\/users\/1"}],"replies":[{"embeddable":true,"href":"https:\/\/visittossa.com\/fr\/wp-json\/wp\/v2\/comments?post=5217"}],"version-history":[{"count":7,"href":"https:\/\/visittossa.com\/fr\/wp-json\/wp\/v2\/pages\/5217\/revisions"}],"predecessor-version":[{"id":14988,"href":"https:\/\/visittossa.com\/fr\/wp-json\/wp\/v2\/pages\/5217\/revisions\/14988"}],"wp:featuredmedia":[{"embeddable":true,"href":"https:\/\/visittossa.com\/fr\/wp-json\/wp\/v2\/media\/4577"}],"wp:attachment":[{"href":"https:\/\/visittossa.com\/fr\/wp-json\/wp\/v2\/media?parent=5217"}],"curies":[{"name":"wp","href":"https:\/\/api.w.org\/{rel}","templated":true}]}}