{"id":5199,"date":"2022-01-25T17:09:14","date_gmt":"2022-01-25T17:09:14","guid":{"rendered":"https:\/\/visittossa.com\/contacte\/oficina-de-turisme\/"},"modified":"2026-04-27T11:23:36","modified_gmt":"2026-04-27T11:23:36","slug":"office-de-turisme","status":"publish","type":"page","link":"https:\/\/visittossa.com\/fr\/contact\/office-de-turisme\/","title":{"rendered":"Office de Tourisme"},"content":{"rendered":"<section class=\"l-section wpb_row height_medium\" id=\"introTxt\"><div class=\"l-section-h i-cf\"><div class=\"g-cols vc_row type_default valign_top\"><div class=\"vc_col-sm-12 wpb_column vc_column_container\"><div class=\"vc_column-inner\"><div class=\"wpb_wrapper\"><div class=\"wpb_text_column ttlMd\" ><div class=\"wpb_wrapper\"><h2 style=\"text-align: center;\">Office de Tourisme de Tossa de Mar<\/h2>\n<\/div><\/div><div class=\"g-cols wpb_row  type_default valign_top vc_inner\"><div class=\"vc_col-sm-4 wpb_column vc_column_container\"><div class=\"vc_column-inner\"><div class=\"wpb_wrapper\"><div class=\"w-image align_none\"><div class=\"w-image-h\"><img loading=\"lazy\" decoding=\"async\" width=\"471\" height=\"353\" src=\"https:\/\/visittossa.com\/wp-content\/uploads\/2022\/03\/Oficina-de-Turisme-de-Tossa-de-Mar.jpg\" class=\"attachment-full size-full\" alt=\"Oficina de Turisme de Tossa de Mar\" srcset=\"https:\/\/visittossa.com\/wp-content\/uploads\/2022\/03\/Oficina-de-Turisme-de-Tossa-de-Mar.jpg 471w, https:\/\/visittossa.com\/wp-content\/uploads\/2022\/03\/Oficina-de-Turisme-de-Tossa-de-Mar-300x225.jpg 300w\" sizes=\"auto, (max-width: 471px) 100vw, 471px\" \/><\/div><\/div><div class=\"w-separator size_small\"><\/div><div class=\"wpb_text_column txtMd\" ><div class=\"wpb_wrapper\"><p><strong>Nous vous attendons \u00e0:<br \/>\n<\/strong>Av. del Pelegr\u00ed, 25 &#8211; Edifici La Nau<br \/>\n17320 Tossa de Mar (G\u00e9rone)<br \/>\nT\u00e9l: + 00 34 972 340 108<br \/>\ninfo@visittossa.com<\/p>\n<\/div><\/div><div class=\"w-socials us_custom_f0608749 color_brand shape_rounded style_colored hover_fade\"><div class=\"w-socials-list\" style=\"margin:-5px;\"><div class=\"w-socials-item facebook\" style=\"padding:5px;\"><a class=\"w-socials-item-link\" rel=\"noopener nofollow\" target=\"_blank\" href=\"https:\/\/www.facebook.com\/tossaturisme\/?ref_type=bookmark\" title=\"Facebook\" aria-label=\"Facebook\"><span class=\"w-socials-item-link-hover\"><\/span><\/a><div class=\"w-socials-item-popup\"><span>Facebook<\/span><\/div><\/div><div class=\"w-socials-item twitter\" style=\"padding:5px;\"><a class=\"w-socials-item-link\" rel=\"noopener nofollow\" target=\"_blank\" href=\"https:\/\/twitter.com\/TossaTurisme\" title=\"Twitter\" aria-label=\"Twitter\"><span class=\"w-socials-item-link-hover\"><\/span><\/a><div class=\"w-socials-item-popup\"><span>Twitter<\/span><\/div><\/div><div class=\"w-socials-item instagram\" style=\"padding:5px;\"><a class=\"w-socials-item-link\" rel=\"noopener nofollow\" target=\"_blank\" href=\"https:\/\/www.instagram.com\/tossaturisme\/\" title=\"Instagram\" aria-label=\"Instagram\"><span class=\"w-socials-item-link-hover\"><\/span><\/a><div class=\"w-socials-item-popup\"><span>Instagram<\/span><\/div><\/div><div class=\"w-socials-item youtube\" style=\"padding:5px;\"><a class=\"w-socials-item-link\" rel=\"noopener nofollow\" target=\"_blank\" href=\"https:\/\/www.youtube.com\/user\/tossaturisme\" title=\"YouTube\" aria-label=\"YouTube\"><span class=\"w-socials-item-link-hover\"><\/span><\/a><div class=\"w-socials-item-popup\"><span>YouTube<\/span><\/div><\/div><div class=\"w-socials-item telegram\" style=\"padding:5px;\"><a class=\"w-socials-item-link\" rel=\"noopener nofollow\" target=\"_blank\" href=\"https:\/\/t.me\/tossaturisme\" title=\"Telegram\" aria-label=\"Telegram\"><span class=\"w-socials-item-link-hover\"><\/span><\/a><div class=\"w-socials-item-popup\"><span>Telegram<\/span><\/div><\/div><\/div><\/div><div class=\"w-separator size_small\"><\/div><\/div><\/div><\/div><div class=\"vc_col-sm-4 wpb_column vc_column_container\"><div class=\"vc_column-inner\"><div class=\"wpb_wrapper\"><div class=\"w-separator size_small\"><\/div><div class=\"wpb_text_column txtMd\" ><div class=\"wpb_wrapper\"><p>L\u2019objectif de l\u2019Office de tourisme de Tossa de Mar est d\u2019informer et de conseiller les visiteurs \u00e0 propos de l\u2019offre touristique de la r\u00e9gion, tout en faisant d\u00e9couvrir les activit\u00e9s li\u00e9es au tourisme r\u00e9alis\u00e9es dans la ville.<\/p>\n<\/div><\/div><div class=\"w-separator size_small\"><\/div><div class=\"wpb_text_column txtMd\" ><div class=\"wpb_wrapper\"><p>Pendant la saison d\u2019\u00e9t\u00e9, nous disposons d\u2019un point d\u2019information suppl\u00e9mentaire \u00e0 Avinguda de La Palma, qui fournit des informations locales.<\/p>\n<\/div><\/div><\/div><\/div><\/div><div class=\"vc_col-sm-4 wpb_column vc_column_container\"><div class=\"vc_column-inner\"><div class=\"wpb_wrapper\"><div class=\"w-image align_none\"><div class=\"w-image-h\"><img loading=\"lazy\" decoding=\"async\" width=\"471\" height=\"628\" src=\"https:\/\/visittossa.com\/wp-content\/uploads\/2022\/03\/Oficina-Turisme-Tossa.jpg\" class=\"attachment-large size-large\" alt=\"Oficina Turisme Tossa\" srcset=\"https:\/\/visittossa.com\/wp-content\/uploads\/2022\/03\/Oficina-Turisme-Tossa.jpg 471w, https:\/\/visittossa.com\/wp-content\/uploads\/2022\/03\/Oficina-Turisme-Tossa-225x300.jpg 225w\" sizes=\"auto, (max-width: 471px) 100vw, 471px\" \/><\/div><\/div><\/div><\/div><\/div><\/div><\/div><\/div><\/div><\/div><\/div><\/section><section class=\"l-section wpb_row height_medium\"><div class=\"l-section-h i-cf\"><div class=\"g-cols vc_row type_default valign_top\"><div class=\"vc_col-sm-12 wpb_column vc_column_container\"><div class=\"vc_column-inner\"><div class=\"wpb_wrapper\"><div class=\"wpb_text_column ttlMd\" ><div class=\"wpb_wrapper\"><h2 style=\"text-align: center;\">Horaires<\/h2>\n<\/div><\/div><div class=\"g-cols wpb_row  type_default valign_top vc_inner\"><div class=\"vc_col-sm-6 wpb_column vc_column_container\"><div class=\"vc_column-inner\"><div class=\"wpb_wrapper\"><div class=\"wpb_text_column txtMd\" ><div class=\"wpb_wrapper\"><p><strong>De novembre \u00e0 f\u00e9vrier<\/strong><\/p>\n<p>Du lundi au samedi, de 9h30 \u00e0 16h. \u00b7 Fermeture : dimanches et jours f\u00e9ri\u00e9s, et <strong>22\/01 (jour feri\u00e9).<\/strong><\/p>\n<p><strong>Mars, avril, mai<\/strong><\/p>\n<p><span style=\"color: #0000ff;\"><strong>(01\/05):\u00a0 \u00a09:30 \u2013 13:30 h et de 16:00 \u2013 19:00 h.<\/strong><\/span><\/p>\n<p>Du lundi au samedi, de 9h30 \u00e0 13h30 et de 16h \u00e0 19h.<br \/>\nDimanches: 10:00 \u2013 14:00 h\u00a0 (\u00c0 partir du 12 d&#8217;avril)<\/p>\n<p><strong>Octobre<\/strong><\/p>\n<p>Du lundi au samedi, de 9h30 \u00e0 13h30 et de 16h \u00e0 18h.<\/p>\n<\/div><\/div><\/div><\/div><\/div><div class=\"vc_col-sm-6 wpb_column vc_column_container\"><div class=\"vc_column-inner\"><div class=\"wpb_wrapper\"><div class=\"wpb_text_column txtMd\" ><div class=\"wpb_wrapper\"><p><strong>De juin \u00e0 septembre<\/strong><\/p>\n<p>Du lundi au samedi, de 9h \u00e0 21h. \u00b7 Dimanches et jours f\u00e9ri\u00e9s : de 10h \u00e0 14h\u00a0 <strong>(29\/06 &#8211; Jour feri\u00e9)<\/strong><\/p>\n<p>Pendant les mois d\u2019\u00e9t\u00e9, vous trouverez un point d\u2019information locale suppl\u00e9mentaire \u00e0 c\u00f4t\u00e9 de la Platja Gran (Av. de la Palma, s\/n). Horaires : de 11h \u00e0 14h et de 16h \u00e0 19h du lundi au dimanche (ferm\u00e9 le lundi apr\u00e8s-midi et mardi).<\/p>\n<p>Si vous avez besoin des informations sur Tossa, contactez-nous directement \u00e0 l&#8217;office de tourisme sur site ou bien par courrier postal, \u00e9lectronique, par t\u00e9l\u00e9phone, ou via nos r\u00e9seaux sociaux.<\/p>\n<\/div><\/div><\/div><\/div><\/div><\/div><\/div><\/div><\/div><\/div><\/div><\/section>\n","protected":false},"excerpt":{"rendered":"Office de Tourisme de Tossa de Mar Nous vous attendons \u00e0: Av. del Pelegr\u00ed, 25 &#8211; Edifici La Nau 17320 Tossa de Mar (G\u00e9rone) T\u00e9l: + 00 34 972 340 108 info@visittossa.com FacebookTwitterInstagramYouTubeTelegramL\u2019objectif de l\u2019Office de tourisme de Tossa de Mar est d\u2019informer et de conseiller les visiteurs \u00e0 propos de l\u2019offre touristique de la...","protected":false},"author":1,"featured_media":0,"parent":5196,"menu_order":0,"comment_status":"closed","ping_status":"closed","template":"","meta":{"_monsterinsights_skip_tracking":false,"_monsterinsights_sitenote_active":false,"_monsterinsights_sitenote_note":"","_monsterinsights_sitenote_category":0,"footnotes":""},"class_list":["post-5199","page","type-page","status-publish","hentry"],"_links":{"self":[{"href":"https:\/\/visittossa.com\/fr\/wp-json\/wp\/v2\/pages\/5199","targetHints":{"allow":["GET"]}}],"collection":[{"href":"https:\/\/visittossa.com\/fr\/wp-json\/wp\/v2\/pages"}],"about":[{"href":"https:\/\/visittossa.com\/fr\/wp-json\/wp\/v2\/types\/page"}],"author":[{"embeddable":true,"href":"https:\/\/visittossa.com\/fr\/wp-json\/wp\/v2\/users\/1"}],"replies":[{"embeddable":true,"href":"https:\/\/visittossa.com\/fr\/wp-json\/wp\/v2\/comments?post=5199"}],"version-history":[{"count":44,"href":"https:\/\/visittossa.com\/fr\/wp-json\/wp\/v2\/pages\/5199\/revisions"}],"predecessor-version":[{"id":18371,"href":"https:\/\/visittossa.com\/fr\/wp-json\/wp\/v2\/pages\/5199\/revisions\/18371"}],"up":[{"embeddable":true,"href":"https:\/\/visittossa.com\/fr\/wp-json\/wp\/v2\/pages\/5196"}],"wp:attachment":[{"href":"https:\/\/visittossa.com\/fr\/wp-json\/wp\/v2\/media?parent=5199"}],"curies":[{"name":"wp","href":"https:\/\/api.w.org\/{rel}","templated":true}]}}