{"id":5193,"date":"2020-10-20T09:41:22","date_gmt":"2020-10-20T09:41:22","guid":{"rendered":"https:\/\/visittossa.com\/com-arribar\/"},"modified":"2022-09-14T11:40:45","modified_gmt":"2022-09-14T11:40:45","slug":"comment-arriver","status":"publish","type":"page","link":"https:\/\/visittossa.com\/fr\/comment-arriver\/","title":{"rendered":"Comment arriver"},"content":{"rendered":"<section class=\"l-section wpb_row height_large width_full tossaHd with_img\" id=\"hdMd\"><div class=\"l-section-img\" style=\"background-image: url(https:\/\/visittossa.com\/wp-content\/uploads\/2022\/04\/MOVENTIS-SARFA-TOSSA-DE-MAR.jpg);background-repeat: no-repeat;\" data-img-width=\"1400\" data-img-height=\"765\"><\/div><div class=\"l-section-h i-cf\"><div class=\"g-cols vc_row type_default valign_middle\"><div class=\"vc_col-sm-12 wpb_column vc_column_container\"><div class=\"vc_column-inner\"><div class=\"wpb_wrapper\"><\/div><\/div><\/div><\/div><\/div><\/section><section class=\"l-section wpb_row height_medium\" id=\"arribarMd\"><div class=\"l-section-h i-cf\"><div class=\"g-cols vc_row type_default valign_top\"><div class=\"vc_col-sm-12 wpb_column vc_column_container\"><div class=\"vc_column-inner\"><div class=\"wpb_wrapper\"><div class=\"w-tabs layout_hor style_default switch_click icon_chevron iconpos_right title_atleft\"><div class=\"w-tabs-list hidden items_2\"><div class=\"w-tabs-list-h\"><a class=\"w-tabs-item active\" aria-controls=\"content-1638528698115-18d434f4-c439\" href=\"javascript:void(0);\"><span class=\"w-tabs-item-title\">Par voie terrestre<\/span><\/a><a class=\"w-tabs-item\" aria-controls=\"content-1638528698141-d764aa69-8348\" href=\"javascript:void(0);\"><span class=\"w-tabs-item-title\">Par voie a\u00e9rienne<\/span><\/a><\/div><\/div><div class=\"w-tabs-sections\"><div class=\"w-tabs-sections-h\"><div class=\"w-tabs-section active\" id=\"1638528698115-18d434f4-c439\"><button class=\"w-tabs-section-header active\" aria-controls=\"content-1638528698115-18d434f4-c439\"><div class=\"w-tabs-section-header-h\"><div class=\"w-tabs-section-title\">Par voie terrestre<\/div><div class=\"w-tabs-section-control\"><\/div><\/div><\/button><div class=\"w-tabs-section-content\" id=\"content-1638528698115-18d434f4-c439\" aria-expanded=\"true\"><div class=\"w-tabs-section-content-h i-cf\"><div class=\"wpb_text_column ttlMd\" ><div class=\"wpb_wrapper\"><h2 style=\"text-align: left;\">Avec votre v\u00e9hicule<\/h2>\n<\/div><\/div><div class=\"wpb_text_column\" ><div class=\"wpb_wrapper\"><p><strong>Si vous venez du nord<\/strong>, acc\u00e8s via l\u2019autoroute AP-7, sortie 9 en direction de Vidreres, Lloret de Mar et Tossa de Mar, ou par la route nationale N-II, sortie Vidreres, Lloret de Mar.<br \/>\nPour arriver \u00e0 Tossa, vous pouvez aller jusqu\u2019\u00e0 Lloret, puis Tossa, ou continuer sur la route qui va vers Sant Feliu et Platja d\u2019Aro et prendre la route qui conduit directement \u00e0 Tossa par l\u2019int\u00e9rieur.<\/p>\n<p><strong>Si vous venez du sud<\/strong>, acc\u00e8s via l\u2019autoroute AP-7, sortie 9 en direction de Vidreres, Lloret de Mar et Tossa de Mar, puis continuez en suivant les instructions pr\u00e9c\u00e9dentes. Vous pouvez aussi emprunter l\u2019autoroute C-32, et sortir \u00e0 Blanes Costa Brava, ou la route nationale N-II et sortir \u00e0 Blanes. Dans ce cas, continuez vers Lloret de Mar et Tossa de Mar.<\/p>\n<\/div><\/div><div class=\"wpb_text_column ttlMd\" ><div class=\"wpb_wrapper\"><h2 style=\"text-align: left;\">\u00c9tat du trafic \u00e0 La Catalogne<\/h2>\n<\/div><\/div><div class=\"wpb_text_column\" ><div class=\"wpb_wrapper\"><p>Information sur l&#8217;\u00e9tat du traffic et les possibles incidents de la circulation sur les routes du r\u00e9seau routier catalan.<br \/>\nTel. 012 (en Catalogne) &#8211; Tel. 902 400 012 (\u00e0 partir du reste de l&#8217;Espagne) &#8211; Tel. +34 902 400 012 (\u00e0 partir de l&#8217;\u00e9tranger.)<br \/>\n<span class=\"marker\"><a href=\"http:\/\/www.gencat.cat\/transit\" target=\"_blank\" rel=\"noopener\">www.gencat.cat\/transit<\/a><\/span><\/p>\n<\/div><\/div><div class=\"wpb_text_column ttlMd\" ><div class=\"wpb_wrapper\"><h2 style=\"text-align: left;\">Transport public en autocar<\/h2>\n<\/div><\/div><div class=\"wpb_text_column\" ><div class=\"wpb_wrapper\"><p><strong>DE BARCELONE<\/strong><\/p>\n<p><span class=\"marker\"><a href=\"https:\/\/compras.moventis.es\/online\/\" target=\"_blank\" rel=\"noopener\">MOVENTIS SARFA<\/a><\/span>\u00a0&#8211;\u00a0<strong>T.\u00a0902 302 025<\/strong><br \/>\nD\u00e9parts de l\u2019a\u00e9roport, T2 et T1, de la Gare du Nord de Barcelone, de la Place d\u2019Ali Bei, 80, et en \u00e9t\u00e9 d\u00e9part \u00e9galement de la Ronda de Sant Pere.<\/p>\n<p>Achat de billets <span class=\"marker\"><a href=\"https:\/\/compras.moventis.es\/online\/\" target=\"_blank\" rel=\"noopener\">ici<\/a><\/span><\/p>\n<p><strong>DE GIRONA<\/strong><\/p>\n<p><span class=\"marker\"><a href=\"https:\/\/compras.moventis.es\/online\/\" target=\"_blank\" rel=\"noopener\">MOVENTIS SARFA<\/a><\/span> (seulement en \u00e9t\u00e9) &#8211; <strong>T. 902 302 025<\/strong><br \/>\nD\u00e9part de la gare routi\u00e8re, Pl. Espanya, s\/n<\/p>\n<p><span class=\"marker\"><a href=\"https:\/\/www.sagales.com\/fr\" target=\"_blank\" rel=\"noopener\">SAGAL\u00c9S<\/a><\/span>, S.L. &#8211;\u00a0<strong>T. +34 902 130 014\u00a0<\/strong><br \/>\nD\u00e9part de la gare routi\u00e8re\u00a0 (Pl. d\u2019Espanya, s\/n) jusqu&#8217;\u00e0 Lloret de Mar et changer d&#8217;autocar \u00e0 Lloret pour arriver \u00e0 Tossa<\/p>\n<p><span class=\"marker\"><a href=\"http:\/\/www.teisa-bus.com\/fr\/index.html\" target=\"_blank\" rel=\"noopener\">TEISA<\/a><\/span> (01\/10 &#8211; 30\/06 de Lundi a Vendred\u00ed) &#8211; <strong>T. +34 972 204 868\u00a0<\/strong><br \/>\nD\u00e9part de la gare routi\u00e8re (Pl. d\u2019Espanya, s\/n) jusqu&#8217;\u00e0 Llagostera. Changer d&#8217;autocar \u00e0 Llagostera et prendre la compagnie SARFA jusqu&#8217;\u00e0 Tossa \u00e0 07.15 h, 14.00 h et 20.45 h.<\/p>\n<p><strong>DE LLORET DE MAR<\/strong><\/p>\n<p><span class=\"marker\"><a href=\"https:\/\/www.autocarspujol.com\/\" target=\"_blank\" rel=\"noopener\">PUJOL\u00a0<\/a><\/span>&#8211;\u00a0<strong>T. +34 972 364 476\u00a0<\/strong><br \/>\nD\u00e9part de la gare routi\u00e8re<\/p>\n<p><strong>DE BLANES<\/strong><\/p>\n<p><span class=\"marker\"><a href=\"https:\/\/www.autocarspujol.com\/\" target=\"_blank\" rel=\"noopener\">PUJOL<\/a><\/span>&#8211;\u00a0<strong>T. +34 972 337 842\u00a0<\/strong><br \/>\nD\u00e9part de la gare routi\u00e8re (C\/ Llu\u00eds Companys, 32) et de la Pla\u00e7a Catalunya jusqu&#8217;\u00e0 Lloret de Mar. Changer d&#8217;autocar \u00e0 la gare routi\u00e8re de Lloret pour continuer jusqu&#8217;\u00e0 Tossa.<\/p>\n<p>Pour les d\u00e9parts depuis la gare ferroviaire de Blanes, demander s&#8217;il faut changer d&#8217;autocar \u00e0 la gare routi\u00e8re de Lloret (quelques autocars vont directement \u00e0 Tossa et d&#8217;autres non).<\/p>\n<\/div><\/div><div class=\"wpb_text_column ttlMd\" ><div class=\"wpb_wrapper\"><h2 style=\"text-align: left;\">En train<\/h2>\n<\/div><\/div><div class=\"wpb_text_column\" ><div class=\"wpb_wrapper\"><p><strong>DE BARCELONE<\/strong><\/p>\n<p>Trains de proximit\u00e9 de <span class=\"marker\"><a href=\"https:\/\/www.renfe.com\/es\/fr\/cercanias\/rodalies-catalunya\" target=\"_blank\" rel=\"noopener\">RENFE<\/a><\/span>, ligne R1, vers Ma\u00e7anet-Massanes ou Blanes. D\u00e9parts de Barcelona-Estaci\u00f3 de Sants, Pla\u00e7a de Catalunya, Arc de Triomf et El Clot-Arag\u00f3. Il faut descendre \u00e0 Blanes et continuer le voyage en autocar (<span class=\"marker\"><a href=\"https:\/\/autocarspujol.com\/\">PUJOL<\/a><\/span>) ou en taxi jusqu&#8217;\u00e0 Tossa.<br \/>\nInformation RENFE &#8211; Tel. +34 91 232 03 20<\/p>\n<p><strong>DE L&#8217;\u00c9TRANGER<\/strong><\/p>\n<p>Trains \u00e0 grande vitesse de la France (Paris, Lyon, Toulouse, Marseille) vers G\u00e9rone et Barcelone.<br \/>\nTrains fran\u00e7ais jusqu\u2019\u00e0 Cerb\u00e8re (France) et continuer le voyage avec les trains espagnols, ligne RG1, \u00e0 Portbou, Figueres, Girona, Ma\u00e7anet (et \u00e0 Blanes avec quelques trains, ou changeant de train \u00e0 Ma\u00e7anet pour arriver \u00e0 Blanes avec la ligne R1). \u00c0 partir d\u2019ici suivez les indications de la section ant\u00e9rieure pour arriver \u00e0 Tossa en autocar.<br \/>\nInformation de <span class=\"marker\"><a href=\"https:\/\/www.renfe.com\/es\/fr\/cercanias\/rodalies-catalunya\" target=\"_blank\" rel=\"noopener\">RENFE\u00a0<\/a><\/span>&#8211; T\u00e9l. +34 91 232 03 20<\/p>\n<p><strong>DE L&#8217;ESPAGNE<\/strong><\/p>\n<p>Chercher des trains \u00e0 grande vitesse ou r\u00e9gionales avec destination Girona ou Barcelona et continuer le voyage en autocar selon les indications de la section ant\u00e9rieure.<br \/>\nInformation de <span class=\"marker\"><a href=\"https:\/\/www.renfe.com\/es\/fr\" target=\"_blank\" rel=\"noopener\">RENFE\u00a0<\/a><\/span>&#8211; T\u00e9l. +34 91 232 03 20<\/p>\n<\/div><\/div><\/div><\/div><\/div><div class=\"w-tabs-section\" id=\"1638528698141-d764aa69-8348\"><button class=\"w-tabs-section-header\" aria-controls=\"content-1638528698141-d764aa69-8348\"><div class=\"w-tabs-section-header-h\"><div class=\"w-tabs-section-title\">Par voie a\u00e9rienne<\/div><div class=\"w-tabs-section-control\"><\/div><\/div><\/button><div class=\"w-tabs-section-content\" id=\"content-1638528698141-d764aa69-8348\" aria-expanded=\"false\"><div class=\"w-tabs-section-content-h i-cf\"><div class=\"wpb_text_column ttlMd\" ><div class=\"wpb_wrapper\"><h2 style=\"text-align: left;\">A\u00e9roport Josep Tarradellas de Barcelone &#8211; El Prat<\/h2>\n<\/div><\/div><div class=\"wpb_text_column\" ><div class=\"wpb_wrapper\"><p><span class=\"marker\"><a href=\"https:\/\/www.aena.es\/en\/josep-tarradellas-barcelona-el-prat.html\" target=\"_blank\" rel=\"noopener\"><strong>A\u00c9ROPORT JOSEP TARRADELLAS BARCELONA &#8211; EL PRAT<\/strong><\/a><\/span><br \/>\nEmplacement : \u00e0 16 km au sud de la ville de Barcelone par la voie rapide de Castelldefels, et \u00e0 107 km de Tossa de Mar.<br \/>\nInformations : +34 913 211 000<\/p>\n<p><strong>LIAISONS AVEC TOSSA DE MAR<br \/>\n<\/strong><span class=\"marker\"><strong>En autocar:<\/strong> Compagnie <a href=\"http:\/\/compras.moventis.es\/online\/\" target=\"_blank\" rel=\"noopener\">MOVENTIS-SARFA<\/a><\/span> MOVENTIS-SARFA destination Lloret et Tossa de Mar. D\u00e9parts de l\u2019a\u00e9roport, T2 et T1, de la Gare du Nord de Barcelone, situ\u00e9e \u00e0 la Place d\u2019Ali Bei, 80, et en \u00e9t\u00e9 d\u00e9part \u00e9galement de la Ronda de Sant Pere.<br \/>\nInformation : +34 902 302 025<\/p>\n<p><strong>En train: <\/strong>de l&#8217;a\u00e9roport jusqu&#8217;\u00e0 la gare de train de Barcelona-Sants et changer de train pour prendre la ligne de banlieue de <span class=\"marker\"><a href=\"https:\/\/www.renfe.com\/es\/fr\/cercanias\/rodalies-catalunya\/horaires\" target=\"_blank\" rel=\"noopener\">RENFE<\/a> vers<\/span> Massanet-Massanes ou Blanes.\u00a0 Descendez \u00e0 Blanes.<br \/>\nUne fois \u00e0 Blanes, prendre l\u2019autocar de la compagnie <span class=\"marker\"><a href=\"https:\/\/autocarspujol.com\" target=\"_blank\" rel=\"noopener\">PUJOL<\/a><\/span> qui va vers Lloret de Mar, fait une halte \u00e0 la gare routi\u00e8re de Lloret et continue jusqu\u2019\u00e0 la gare routi\u00e8re de Tossa. Ou bien prendre un taxi de Blanes \u00e0 Tossa.<\/p>\n<p><strong>LIAISONS AVEC LA VILLE DE BARCELONE<\/strong><br \/>\n<strong>En train<\/strong>: jusqu\u2019\u00e0 la gare de Sants, Pla\u00e7a Catalunya, Arc de Triomf et Clot-Arag\u00f3. Information <span class=\"marker\"><a href=\"https:\/\/www.renfe.com\/es\/fr\/cercanias\/rodalies-catalunya\" target=\"_blank\" rel=\"noopener\">RENFE<\/a><\/span><br \/>\n<strong>Avec<\/strong> l&#8217;<span class=\"marker\"><a href=\"https:\/\/aerobusbarcelona.es\/?lang=fr\" target=\"_blank\" rel=\"noopener\">AEROBUS<\/a>:<\/span> T2 et T1, jusqu\u2019\u00e0 Pla\u00e7a d\u2019Espanya, Gran Via \/ Urgell, Pla\u00e7a Universitat, Pla\u00e7a de Catalunya.<\/p>\n<\/div><\/div><div class=\"wpb_text_column ttlMd\" ><div class=\"wpb_wrapper\"><h2 style=\"text-align: left;\">A\u00e9roport Girona &#8211; Costa Brava<\/h2>\n<\/div><\/div><div class=\"wpb_text_column\" ><div class=\"wpb_wrapper\"><p><span class=\"marker\"><a href=\"http:\/\/www.aena.es\/ca\/aeroport-girona-costa-brava\/index.html\"><strong>A\u00c9ROPORT GIRONA-COSTA BRAVA<\/strong><\/a><\/span><br \/>\nEmplacement : municipalit\u00e9 de Vilob\u00ed d\u2019Onyar, \u00e0 12 km de la ville de G\u00e9rone et \u00e0 38 km de Tossa de Mar.<br \/>\nT\u00e9l. : +34 91 321 10 00<\/p>\n<p>Office de tourisme de l\u2019a\u00e9roport: T\u00e9l. +34 972 942 955<\/p>\n<p><strong>LIAISONS AVEC TOSSA DE MAR ET LA COSTA BRAVA SUD<\/strong><\/p>\n<p><span class=\"marker\"><a href=\"https:\/\/compras.moventis.es\/online\/\" target=\"_blank\" rel=\"noopener\">MOVENTIS SARFA<\/a><\/span><br \/>\nAutocar de l\u2019a\u00e9roport de G\u00e9rone \u00e0 Tossa. Dur\u00e9e : 55 min. environ.<br \/>\nT\u00e9l. : +34 902 30 20 25<\/p>\n<p><strong>LIAISONS AVEC LA VILLE DE G\u00c9RONE<\/strong><\/p>\n<p><span class=\"marker\"><a href=\"https:\/\/www.sagalesairportline.com\/fr\/horaires-et-lignes\/girona\" target=\"_blank\" rel=\"noopener\">SAGAL\u00c9S<\/a><\/span><br \/>\nAutocar de l\u2019a\u00e9roport de G\u00e9rone jusqu\u2019\u00e0 la gare routi\u00e8re de G\u00e9rone (Pl. d\u2019Espanya, s\/n). Dur\u00e9e du trajet : 29 min. environ.<br \/>\nInformations : +34 902 130 014 \/ +34 972 364 072<\/p>\n<\/div><\/div><\/div><\/div><\/div><\/div><\/div><\/div><\/div><\/div><\/div><\/div><\/div><\/section>\n","protected":false},"excerpt":{"rendered":"Par voie terrestrePar voie a\u00e9riennePar voie terrestreAvec votre v\u00e9hicule Si vous venez du nord, acc\u00e8s via l\u2019autoroute AP-7, sortie 9 en direction de Vidreres, Lloret de Mar et Tossa de Mar, ou par la route nationale N-II, sortie Vidreres, Lloret de Mar. Pour arriver \u00e0 Tossa, vous pouvez aller jusqu\u2019\u00e0 Lloret, puis Tossa, ou continuer...","protected":false},"author":1,"featured_media":0,"parent":0,"menu_order":0,"comment_status":"closed","ping_status":"closed","template":"","meta":{"_monsterinsights_skip_tracking":false,"_monsterinsights_sitenote_active":false,"_monsterinsights_sitenote_note":"","_monsterinsights_sitenote_category":0,"footnotes":""},"class_list":["post-5193","page","type-page","status-publish","hentry"],"_links":{"self":[{"href":"https:\/\/visittossa.com\/fr\/wp-json\/wp\/v2\/pages\/5193","targetHints":{"allow":["GET"]}}],"collection":[{"href":"https:\/\/visittossa.com\/fr\/wp-json\/wp\/v2\/pages"}],"about":[{"href":"https:\/\/visittossa.com\/fr\/wp-json\/wp\/v2\/types\/page"}],"author":[{"embeddable":true,"href":"https:\/\/visittossa.com\/fr\/wp-json\/wp\/v2\/users\/1"}],"replies":[{"embeddable":true,"href":"https:\/\/visittossa.com\/fr\/wp-json\/wp\/v2\/comments?post=5193"}],"version-history":[{"count":22,"href":"https:\/\/visittossa.com\/fr\/wp-json\/wp\/v2\/pages\/5193\/revisions"}],"predecessor-version":[{"id":11172,"href":"https:\/\/visittossa.com\/fr\/wp-json\/wp\/v2\/pages\/5193\/revisions\/11172"}],"wp:attachment":[{"href":"https:\/\/visittossa.com\/fr\/wp-json\/wp\/v2\/media?parent=5193"}],"curies":[{"name":"wp","href":"https:\/\/api.w.org\/{rel}","templated":true}]}}