{"id":5179,"date":"2020-10-20T09:40:12","date_gmt":"2020-10-20T09:40:12","guid":{"rendered":"https:\/\/visittossa.com\/?page_id=5179"},"modified":"2024-02-12T13:29:58","modified_gmt":"2024-02-12T13:29:58","slug":"activites-et-loisirs","status":"publish","type":"page","link":"https:\/\/visittossa.com\/fr\/activites-et-loisirs\/","title":{"rendered":"Activit\u00e9s de loisirs"},"content":{"rendered":"<section class=\"l-section wpb_row height_large innerHd with_img\" id=\"hdMd\"><div class=\"l-section-img\" style=\"background-image: url(https:\/\/visittossa.com\/wp-content\/uploads\/2020\/12\/IMPRESCINDIBLES_capcalera.jpg);background-repeat: no-repeat;\" data-img-width=\"1500\" data-img-height=\"370\"><\/div><div class=\"l-section-h i-cf\"><div class=\"g-cols vc_row type_default valign_top\"><div class=\"vc_col-sm-12 wpb_column vc_column_container\"><div class=\"vc_column-inner\"><div class=\"wpb_wrapper\"><\/div><\/div><\/div><\/div><\/div><\/section><section class=\"l-section wpb_row height_medium\" id=\"introTxt\"><div class=\"l-section-h i-cf\"><div class=\"g-cols vc_row type_default valign_top\"><div class=\"vc_col-sm-12 wpb_column vc_column_container\"><div class=\"vc_column-inner\"><div class=\"wpb_wrapper\"><div class=\"wpb_text_column ttlMd\" ><div class=\"wpb_wrapper\"><h2 style=\"text-align: center;\">Activit\u00e9s de loisirs \u00e0 Tossa de Mar<\/h2>\n<\/div><\/div><div class=\"wpb_text_column txtMd\" ><div class=\"wpb_wrapper\"><p style=\"text-align: center;\">Tossa est une ville qui sait divertir et accueillir.<\/p>\n<p style=\"text-align: center;\">D\u00e9couvrez une ville de Tossa active et ludique, dot\u00e9e des installations et des services n\u00e9cessaires pour vous proposer une grande vari\u00e9t\u00e9 d\u2019activit\u00e9s de divertissement en couple, en famille ou entre amis, \u00e0 Tossa m\u00eame ou \u00e0 proximit\u00e9.<\/p>\n<\/div><\/div><\/div><\/div><\/div><\/div><\/div><\/section><section class=\"l-section wpb_row height_auto\" id=\"srchMd\"><div class=\"l-section-h i-cf\"><div class=\"g-cols vc_row type_default valign_top\"><div class=\"vc_col-sm-12 wpb_column vc_column_container\"><div class=\"vc_column-inner\"><div class=\"wpb_wrapper\"><div class=\"wpb_text_column\" ><div class=\"wpb_wrapper\"><form data-sf-form-id='8817' data-is-rtl='0' data-maintain-state='' data-results-url='https:\/\/visittossa.com\/fr\/activites-et-loisirs\/' data-ajax-url='https:\/\/visittossa.com\/fr\/?sfid=8817&amp;sf_action=get_data&amp;sf_data=results' data-ajax-form-url='https:\/\/visittossa.com\/fr\/?sfid=8817&amp;sf_action=get_data&amp;sf_data=form' data-display-result-method='shortcode' data-use-history-api='1' data-template-loaded='0' data-lang-code='fr' data-ajax='1' data-ajax-data-type='json' data-ajax-links-selector='.pagination a' data-ajax-target='#search-filter-results-8817' data-ajax-pagination-type='infinite_scroll' data-show-scroll-loader='1' data-infinite-scroll-trigger='-100' data-update-ajax-url='1' data-only-results-ajax='1' data-scroll-to-pos='0' data-init-paged='1' data-auto-update='' action='https:\/\/visittossa.com\/fr\/activites-et-loisirs\/' method='post' class='searchandfilter' id='search-filter-form-8817' autocomplete='off' data-instance-count='1'><ul><li class=\"sf-field-search\" data-sf-field-name=\"search\" data-sf-field-type=\"search\" data-sf-field-input-type=\"\">\t\t<label><input placeholder=\"Trouver loisirs\u2026\" name=\"_sf_search[]\" class=\"sf-input-text\" type=\"text\" value=\"\" title=\"\"><\/label>\t\t<\/li><li class=\"sf-field-taxonomy-categories_ocio\" data-sf-field-name=\"_sft_categories_ocio\" data-sf-field-type=\"taxonomy\" data-sf-field-input-type=\"select\">\t\t<label>\n\t\t\t\t<select name=\"_sft_categories_ocio[]\" class=\"sf-input-select\" title=\"\">\n\t\t\t\n\t\t\t\t\t\t<option class=\"sf-level-0 sf-item-0 sf-option-active\" selected=\"selected\" data-sf-count=\"0\" data-sf-depth=\"0\" value=\"\">Types de loisirs\u2026<\/option>\n\t\t\t\t\t\t<option class=\"sf-level-0 sf-item-370\" data-sf-count=\"14\" data-sf-depth=\"0\" value=\"amb-nens-fr\">Avec les enfants<\/option>\n\t\t\t\t\t\t<option class=\"sf-level-1 sf-item-409\" data-sf-count=\"3\" data-sf-depth=\"1\" value=\"activitats-al-mar-fr-amb-nens-fr\">&nbsp;&nbsp;&nbsp;Activit\u00e9s \u00e0 la mer<\/option>\n\t\t\t\t\t\t<option class=\"sf-level-1 sf-item-415\" data-sf-count=\"5\" data-sf-depth=\"1\" value=\"gronxadors-fr-amb-nens-fr\">&nbsp;&nbsp;&nbsp;Balan\u00e7oires<\/option>\n\t\t\t\t\t\t<option class=\"sf-level-1 sf-item-412\" data-sf-count=\"1\" data-sf-depth=\"1\" value=\"bitlles-fr\">&nbsp;&nbsp;&nbsp;Bowling<\/option>\n\t\t\t\t\t\t<option class=\"sf-level-1 sf-item-418\" data-sf-count=\"2\" data-sf-depth=\"1\" value=\"lloguer-de-bicicletes-fr-amb-nens-fr\">&nbsp;&nbsp;&nbsp;Location de bicyclettes<\/option>\n\t\t\t\t\t\t<option class=\"sf-level-1 sf-item-421\" data-sf-count=\"1\" data-sf-depth=\"1\" value=\"parcs-infantils-fr-amb-nens-fr\">&nbsp;&nbsp;&nbsp;Parcs infantiles<\/option>\n\t\t\t\t\t\t<option class=\"sf-level-1 sf-item-427\" data-sf-count=\"2\" data-sf-depth=\"1\" value=\"parcs-tematics-a-les-rodalies-fr-amb-nens-fr\">&nbsp;&nbsp;&nbsp;Parcs th\u00e9matiques \u00e0 proximit\u00e9<\/option>\n\t\t\t\t\t\t<option class=\"sf-level-1 sf-item-424\" data-sf-count=\"1\" data-sf-depth=\"1\" value=\"piscina-coberta-i-pistes-de-padel-fr-amb-nens-fr\">&nbsp;&nbsp;&nbsp;Piscine couverte et pistes de paddel<\/option>\n\t\t\t\t\t\t<option class=\"sf-level-0 sf-item-376\" data-sf-count=\"1\" data-sf-depth=\"0\" value=\"cinema-fr\">Cin\u00e9ma<\/option>\n\t\t\t\t\t\t<option class=\"sf-level-0 sf-item-373\" data-sf-count=\"12\" data-sf-depth=\"0\" value=\"excursions-fr\">Excursions<\/option>\n\t\t\t\t\t\t<option class=\"sf-level-1 sf-item-406\" data-sf-count=\"2\" data-sf-depth=\"1\" value=\"excursions-en-barca-altres-embarcacions-fr\">&nbsp;&nbsp;&nbsp;Excursions en bateau dans d&#039;autres embarcations<\/option>\n\t\t\t\t\t\t<option class=\"sf-level-1 sf-item-403\" data-sf-count=\"1\" data-sf-depth=\"1\" value=\"excursions-en-barca-linies-interurbanes-fr\">&nbsp;&nbsp;&nbsp;Excursions en bateau: lignes interurbaines<\/option>\n\t\t\t\t\t\t<option class=\"sf-level-1 sf-item-400\" data-sf-count=\"1\" data-sf-depth=\"1\" value=\"excursions-en-barca-linies-locals-fr\">&nbsp;&nbsp;&nbsp;Excursions en bateau: lignes locales<\/option>\n\t\t\t\t\t\t<option class=\"sf-level-1 sf-item-397\" data-sf-count=\"5\" data-sf-depth=\"1\" value=\"excursions-en-cotxe-per-la-provincia-de-girona-fr\">&nbsp;&nbsp;&nbsp;Excursions en voiture dans la r\u00e9gion de G\u00e9rone<\/option>\n\t\t\t\t\t\t<option class=\"sf-level-1 sf-item-391\" data-sf-count=\"3\" data-sf-depth=\"1\" value=\"visites-guiades-a-tossa-de-mar-fr\">&nbsp;&nbsp;&nbsp;Excursions guid\u00e9es \u00e0 Tossa de Mar<\/option>\n\t\t\t\t\t\t<option class=\"sf-level-1 sf-item-394\" data-sf-count=\"2\" data-sf-depth=\"1\" value=\"excursions-organitzades-fr\">&nbsp;&nbsp;&nbsp;Excursions organis\u00e9es<\/option>\n\t\t\t\t\t\t<option class=\"sf-level-0 sf-item-379\" data-sf-count=\"4\" data-sf-depth=\"0\" value=\"oci-nocturn-fr\">La nuit<\/option>\n\t\t\t\t\t\t<option class=\"sf-level-0 sf-item-367\" data-sf-count=\"13\" data-sf-depth=\"0\" value=\"esbarjo-fr\">Loisirs<\/option>\n\t\t\t\t\t\t<option class=\"sf-level-1 sf-item-430\" data-sf-count=\"1\" data-sf-depth=\"1\" value=\"bowling-fr\">&nbsp;&nbsp;&nbsp;Bowling<\/option>\n\t\t\t\t\t\t<option class=\"sf-level-1 sf-item-436\" data-sf-count=\"3\" data-sf-depth=\"1\" value=\"excursions-en-barca-fr\">&nbsp;&nbsp;&nbsp;Excursions en bateau<\/option>\n\t\t\t\t\t\t<option class=\"sf-level-1 sf-item-439\" data-sf-count=\"4\" data-sf-depth=\"1\" value=\"lloguer-de-boies-i-servei-davaradors-fr\">&nbsp;&nbsp;&nbsp;Location de bou\u00e9es et service d&#039;\u00e9chouage<\/option>\n\t\t\t\t\t\t<option class=\"sf-level-1 sf-item-546\" data-sf-count=\"1\" data-sf-depth=\"1\" value=\"mini-golf-esbarjo-fr\">&nbsp;&nbsp;&nbsp;Mini Golf<\/option>\n\t\t\t\t\t\t<option class=\"sf-level-1 sf-item-547\" data-sf-count=\"2\" data-sf-depth=\"1\" value=\"pedalos-esbarjo-fr\">&nbsp;&nbsp;&nbsp;P\u00e9dalos<\/option>\n\t\t\t\t\t\t<option class=\"sf-level-1 sf-item-451\" data-sf-count=\"1\" data-sf-depth=\"1\" value=\"skatepark-fr\">&nbsp;&nbsp;&nbsp;Skatepark<\/option>\n\t\t\t\t\t\t<option class=\"sf-level-1 sf-item-433\" data-sf-count=\"2\" data-sf-depth=\"1\" value=\"esqui-bob-fr\">&nbsp;&nbsp;&nbsp;Ski-bus<\/option>\n\t\t\t\t\t\t<option class=\"sf-level-1 sf-item-454\" data-sf-count=\"1\" data-sf-depth=\"1\" value=\"snorkel-fr\">&nbsp;&nbsp;&nbsp;Snorkeling<\/option>\n\t\t\t\t\t\t<option class=\"sf-level-1 sf-item-457\" data-sf-count=\"1\" data-sf-depth=\"1\" value=\"tour-4x4-fr\">&nbsp;&nbsp;&nbsp;Tour 4&#215;4<\/option>\n\t\t\t\t\t<\/select>\n\t\t<\/label>\t\t<\/li><li class=\"sf-field-submit\" data-sf-field-name=\"submit\" data-sf-field-type=\"submit\" data-sf-field-input-type=\"\"><input type=\"submit\" name=\"_sf_submit\" value=\"Filtrer les R\u00e9sultats\"><\/li><\/ul><\/form>\n<\/div><\/div><\/div><\/div><\/div><\/div><\/div><\/section><section class=\"l-section wpb_row height_medium\" id=\"rsltMd\"><div class=\"l-section-h i-cf\"><div class=\"g-cols vc_row type_default valign_top\"><div class=\"vc_col-sm-12 wpb_column vc_column_container\"><div class=\"vc_column-inner\"><div class=\"wpb_wrapper\"><div class=\"wpb_text_column\" ><div class=\"wpb_wrapper\"><div class=\"search-filter-results\" id=\"search-filter-results-8817\">\t\n\t\t\t<div class=\"itemRslt\">\n\t\t\t\t\t\t<h6 class=\"ttlRslt\">Atri Cultura i Patrimoni<\/h6>\n\t\t\t<p><p style=\"text-align: center;\"><strong>Comarca de La Selva<\/strong><\/p>\n<p style=\"text-align: center;\">Tel. <a href=\"+34 972 470 735\">+34 972 470 735<\/a><br \/>\n<a href=\"http:\/\/www.experienciesculturals.cat\/visita-cultural-tossa-de-mar-vc13\/\" target=\"_blank\" rel=\"noopener noreferrer\">https:\/\/www.experienciesculturals.cat\/visita-cultural-tossa-de-mar-vc13\/<\/a><\/p>\n<\/p>\n\t\t<\/div>\n\t\t\t\t<div class=\"itemRslt\">\n\t\t\t\t\t\t<h6 class=\"ttlRslt\">Balan\u00e7oires \u00e0 c\u00f4t\u00e9 de la Grande Plage<\/h6>\n\t\t\t<p><p style=\"text-align: center;\"><strong>Av. de la Palma<\/strong><\/p>\n<\/p>\n\t\t<\/div>\n\t\t\t\t<div class=\"itemRslt\">\n\t\t\t\t\t\t<h6 class=\"ttlRslt\">Balan\u00e7oires Gare d&#8217;autocars<\/h6>\n\t\t\t<p><p style=\"text-align: center;\"><strong>Derri\u00e8re Bus Parking<\/strong><\/p>\n<\/p>\n\t\t<\/div>\n\t\t\t\t<div class=\"itemRslt\">\n\t\t\t\t\t\t<h6 class=\"ttlRslt\">Balan\u00e7oires Parc de Sa Riera<\/h6>\n\t\t\t<p><p style=\"text-align: center;\"><strong>Zone sportive Anna Esteve-Llach \/ Parc de Sa Riera<\/strong><\/p>\n<\/p>\n\t\t<\/div>\n\t\t\t\t<div class=\"itemRslt\">\n\t\t\t\t\t\t<h6 class=\"ttlRslt\">Balan\u00e7oires Parc dels Terrassans<\/h6>\n\t\t\t<p><p style=\"text-align: center;\"><strong>C\/ Vinya del Pla<\/strong><\/p>\n<\/p>\n\t\t<\/div>\n\t\t\t\t<div class=\"itemRslt\">\n\t\t\t\t\t\t<h6 class=\"ttlRslt\">Balan\u00e7oires Pla\u00e7a de la Conc\u00f2rdia<\/h6>\n\t\t\t<p><p style=\"text-align: center;\"><strong>C\/ V\u00edctor Catal\u00e0<\/strong><\/p>\n<\/p>\n\t\t<\/div>\n\t\t\t\t<div class=\"itemRslt\">\n\t\t\t\t\t\t<h6 class=\"ttlRslt\">Brava Aventura<\/h6>\n\t\t\t<p><p style=\"text-align: center;\"><strong>Platja de Llorell (Llevant)<\/strong><\/p>\n<p style=\"text-align: center;\">Tel. <a href=\"http:\/\/+34 872 723 924\" target=\"_blank\" rel=\"noopener\">+34 872 723 924<\/a><br \/>\n<a href=\"https:\/\/www.bravaaventura.com\/\" target=\"_blank\" rel=\"noopener noreferrer\">www.bravaaventura.com<\/a><\/p>\n<\/p>\n\t\t<\/div>\n\t\t\t\t<div class=\"itemRslt\">\n\t\t\t\t\t\t<h6 class=\"ttlRslt\">Catamar\u00e1n Cruise<\/h6>\n\t\t\t<p><p style=\"text-align: center;\"><strong>c\/ Barcelona 7<\/strong><\/p>\n<p style=\"text-align: center;\">Tel.\u00a0<a href=\"tel:+34 629 326 427\">+34 629 326 427<\/a><br \/>\n<a href=\"https:\/\/www.catamarancruise.com\/\" target=\"_blank\" rel=\"noopener noreferrer\">www.catamarancruise.com<\/a><br \/>\n<a href=\"mailto:info@catamarancruise.com\" target=\"_blank\" rel=\"noopener noreferrer\">info@catamarancruise.com<\/a><\/p>\n<\/p>\n\t\t<\/div>\n\t\t\t\t<div class=\"itemRslt\">\n\t\t\t\t\t\t<h6 class=\"ttlRslt\">Cin\u00e9ma Montserrat<\/h6>\n\t\t\t<p><p style=\"text-align: center;\"><strong>C\/ Pola, 9<\/strong><\/p>\n<p style=\"text-align: center;\">Tel. <a href=\"http:\/\/+34 972 340 268\" target=\"_blank\" rel=\"noopener\">+34 972 340 268<\/a><\/p>\n<\/p>\n\t\t<\/div>\n\t\t\t\t<div class=\"itemRslt\">\n\t\t\t\t\t\t<h6 class=\"ttlRslt\">Club Aire Libre &#8211; Cala Llevad\u00f3<\/h6>\n\t\t\t<p><p style=\"text-align: center;\"><strong>Ctra. Lloret, km.3<\/strong><\/p>\n<p style=\"text-align: center;\">Tel.\u00a0<a href=\"tel:+34 972 341 670\">+34 972 341 670<\/a><br \/>\n<a href=\"https:\/\/www.clubairelibre.com\/\" target=\"_blank\" rel=\"noopener noreferrer\">www.clubairelibre.com<\/a><br \/>\n<a href=\"mailto:info@clubairelibre.com\" target=\"_blank\" rel=\"noopener noreferrer\">info@clubairelibre.com<\/a><\/p>\n<\/p>\n\t\t<\/div>\n\t\t\t\t<div class=\"itemRslt\">\n\t\t\t\t\t\t<h6 class=\"ttlRslt\">Disco Sivas<\/h6>\n\t\t\t<p><p style=\"text-align: center;\"><strong>c\/ Esgl\u00e9sia, 7<\/strong><\/p>\n<\/p>\n\t\t<\/div>\n\t\t\t\t<div class=\"itemRslt\">\n\t\t\t\t\t\t<h6 class=\"ttlRslt\">Dofi Jet Boats<\/h6>\n\t\t\t<p><p style=\"text-align: center;\"><strong>Tossa de Mar &#8211; Lloret &#8211; Blanes &#8211; Malgrat &#8211; Sta. Susanna &#8211; Pineda &#8211; Calella<\/strong><\/p>\n<p style=\"text-align: center;\">Tel.\u00a0<a href=\"tel:0034628352250\">+34 628 352 250<\/a><br \/>\nTel. <a href=\"tel:0034972352021\">+34 972 352 021<\/a><br \/>\n<a href=\"https:\/\/www.dofijetboats.com\/\" target=\"_blank\" rel=\"noopener noreferrer\">www.dofijetboats.com<\/a><br \/>\n<a href=\"mailto:info@dofijetboats.com\" target=\"_blank\" rel=\"noopener noreferrer\">info@dofijetboats.com<\/a><\/p>\n<\/p>\n\t\t<\/div>\n\t\t\t\t<div class=\"itemRslt\">\n\t\t\t\t\t\t<h6 class=\"ttlRslt\">Fondo de Cristal &#038; Subvision<\/h6>\n\t\t\t<p><p style=\"text-align: center;\"><strong>Platja Gran &#8211; Cala Giverola<\/strong><\/p>\n<p style=\"text-align: center;\">Tel.\u00a0<a href=\"tel:0034972342229\">+34 972 342 229<\/a><br \/>\nTel. <a href=\"tel:0034686381581\">+34 686 381 581<\/a><br \/>\n<a href=\"https:\/\/www.fondocristal.com\/\" target=\"_blank\" rel=\"noopener noreferrer\">www.fondocristal.com<\/a><br \/>\n<a href=\"mailto:fondocristal@hotmail.com\" target=\"_blank\" rel=\"noopener noreferrer\">fondocristaltossa@gmail.com<\/a><\/p>\n<\/p>\n\t\t<\/div>\n\t\t\t\t<div class=\"itemRslt\">\n\t\t\t\t\t\t<h6 class=\"ttlRslt\">Gabriel N\u00e0utic Mar<\/h6>\n\t\t\t<p><p style=\"text-align: center;\"><strong>Platja de la Mar Menuda<\/strong><\/p>\n<p style=\"text-align: center;\">Tel.\u00a0<a href=\"tel:+34 609 022 804\">+34 609 022 804<\/a><br \/>\n<a href=\"http:\/\/www.gabrielnauticmar.cat\/\" target=\"_blank\" rel=\"noopener noreferrer\">http:\/\/www.gabrielnauticmar.cat\/<\/a><br \/>\n<a href=\"mailto:gabrielnadal@hotmail.com\" target=\"_blank\" rel=\"noopener noreferrer\">gabrielnadal@hotmail.com<\/a><\/p>\n<\/p>\n\t\t<\/div>\n\t\t\t\t<div class=\"itemRslt\">\n\t\t\t\t\t\t<h6 class=\"ttlRslt\">Get Active<\/h6>\n\t\t\t<p><p style=\"text-align: center;\"><strong>Platja de Llorell \u2013 Garb\u00ed<\/strong><\/p>\n<p style=\"text-align: center;\">Tel.\u00a0+34 634 554 500<br \/>\n<a href=\"http:\/\/getactivetossa.com\/ca\/\" target=\"_blank\" rel=\"noopener noreferrer\">http:\/\/getactivetossa.com\/<\/a><br \/>\n<a href=\"mailto:gruposorganizados@gruposorganizados.com\" target=\"_blank\" rel=\"noopener\">gruposorganizados@gruposorganizados.com<\/a><\/p>\n<\/p>\n\t\t<\/div>\n\t\t\t\t<div class=\"itemRslt\">\n\t\t\t\t\t\t<h6 class=\"ttlRslt\">Girona<\/h6>\n\t\t\t<p><p style=\"text-align: center;\"><strong>Quartier m\u00e9di\u00e9val juif, centre monumental, mus\u00e9es et shopping<\/strong><\/p>\n<p style=\"text-align: center;\"><a href=\"http:\/\/www.girona.cat\/turisme\/\">http:\/\/www.girona.cat\/turisme\/<\/a><\/p>\n<\/p>\n\t\t<\/div>\n\t\t\t\t<div class=\"itemRslt\">\n\t\t\t\t\t\t<h6 class=\"ttlRslt\">Jardins botaniques \u00e0 Lloret et Blanes<\/h6>\n\t\t\t<p><p style=\"text-align: center;\"><strong>Santa Clotilde <\/strong>(Lloret de Mar)<\/p>\n<p style=\"text-align: center;\"><a href=\"https:\/\/patrimoni.lloret.cat\/fr\/moll-musee-ouvert-de-lloret\/jardins-santa-clotilde\" target=\"_blank\" rel=\"noopener\">www.patrimoni.lloret.cat<\/a><\/p>\n<p style=\"text-align: center;\"><strong>Mar i Murtra + Pinya de Rosa <\/strong>(Blanes)<\/p>\n<p style=\"text-align: center;\"><a href=\"https:\/\/marimurtra.cat\/fr\/\" target=\"_blank\" rel=\"noopener\">www.marimurtra.cat<\/a><\/p>\n<p style=\"text-align: center;\"><a href=\"https:\/\/www.blanescostabrava.cat\/fr\/oci\/jardin-tropical-pinya-de-rosa\/\" target=\"_blank\" rel=\"noopener\">www.blanescostabrava.cat<\/a><\/p>\n<p>&nbsp;<\/p>\n<\/p>\n\t\t<\/div>\n\t\t\t\t<div class=\"itemRslt\">\n\t\t\t\t\t\t<h6 class=\"ttlRslt\">Jimbo Bikes<\/h6>\n\t\t\t<p><p style=\"text-align: center;\"><strong>Rambla Pau Casals, 12, local 4<\/strong><\/p>\n<p style=\"text-align: center;\">Tel. <a href=\"http:\/\/+34 972 343 044\" target=\"_blank\" rel=\"noopener\">+34 972 343 044<\/a><br \/>\n<a href=\"https:\/\/www.jimbobikes.com\/\" target=\"_blank\" rel=\"noopener noreferrer\">www.jimbobikes.com<\/a><br \/>\n<a href=\"mailto:info@jimbobikes.com\" target=\"_blank\" rel=\"noopener noreferrer\">info@jimbobikes.com<\/a><\/p>\n<\/p>\n\t\t<\/div>\n\t\t\t\t<div class=\"itemRslt\">\n\t\t\t\t\t\t<h6 class=\"ttlRslt\">Kayaks Nicolau<\/h6>\n\t\t\t<p><p style=\"text-align: center;\"><strong>Platja de la Mar Menuda<\/strong><\/p>\n<p style=\"text-align: center;\">Tel.\u00a0<a href=\"tel:0034972342646\">+34 972 342 646<\/a><br \/>\nTel.\u00a0<a href=\"tel:0034608802485\">+34 608 802 485<\/a><br \/>\n<a href=\"http:\/\/www.kayaksnicolau.cat\/\" target=\"_blank\" rel=\"noopener noreferrer\">http:\/\/www.kayaksnicolau.cat\/<\/a><br \/>\n<a href=\"mailto:gabrielnadal@hotmail.com\" target=\"_blank\" rel=\"noopener noreferrer\">gabrielnadal@hotmail.com<\/a><\/p>\n<\/p>\n\t\t<\/div>\n\t\t\t\t<div class=\"itemRslt\">\n\t\t\t\t\t\t<h6 class=\"ttlRslt\">La Bolera<\/h6>\n\t\t\t<p><p style=\"text-align: center;\"><strong>Francesc Mas i Ros \/ Av. Costa Brava<\/strong><\/p>\n<p style=\"text-align: center;\">Tel.\u00a0<a href=\"tel:+34 972 342 762\">+34 972 342 762<\/a><\/p>\n<\/p>\n\t\t<\/div>\n\t\t\t\t<div class=\"itemRslt\">\n\t\t\t\t\t\t<h6 class=\"ttlRslt\">Mar i Cel<\/h6>\n\t\t\t<p><p style=\"text-align: center;\"><strong>C\/ Estolt, 4<\/strong><\/p>\n<p style=\"text-align: center;\">Tel. <a href=\"http:\/\/+34 655 834 350\" target=\"_blank\" rel=\"noopener\">+34 655 834 350<\/a><\/p>\n<\/p>\n\t\t<\/div>\n\t\t\t\t<div class=\"itemRslt\">\n\t\t\t\t\t\t<h6 class=\"ttlRslt\">March\u00e9s hebdomadaires les plus proches<\/h6>\n\t\t\t<p><p class=\"noDpl\" style=\"text-align: center;\"><strong>LUN :<\/strong> Blanes &#8211; <strong>MAR :<\/strong> Lloret &#8211; <strong>MER :<\/strong> Cass\u00e0 de la Selva &#8211; <strong>JEU :<\/strong> TOSSA DE MAR &#8211; <strong>VEN :<\/strong> Platja d&#8217;Aro + La Bisbal &#8211; <strong>SAM :<\/strong> Girona &#8211; <strong>DIM :<\/strong> Tordera + St. Feliu de Gu\u00edxols<\/p>\n<\/p>\n\t\t<\/div>\n\t\t\t\t<div class=\"itemRslt\">\n\t\t\t\t\t\t<h6 class=\"ttlRslt\">Marineland<\/h6>\n\t\t\t<p><p style=\"text-align: center;\"><strong>Route de Palafolls \u00e0 Malgrat<\/strong><\/p>\n<p style=\"text-align: center;\">Palafolls<\/p>\n<p style=\"text-align: center;\">Tel. <a href=\"http:\/\/+34 937 654 802\" target=\"_blank\" rel=\"noopener\">+34 937 654 802<\/a><br \/>\n<a href=\"https:\/\/www.marineland.es\/\" target=\"_blank\" rel=\"noopener noreferrer\">www.marineland.es<\/a><\/p>\n<\/p>\n\t\t<\/div>\n\t\t\t\t<div class=\"itemRslt\">\n\t\t\t\t\t\t<h6 class=\"ttlRslt\">N\u00e0utica Tossa<\/h6>\n\t\t\t<p><p style=\"text-align: center;\"><strong>Avda. Ferran Agull\u00f3, 30<\/strong><\/p>\n<p style=\"text-align: center;\">Tel.\u00a0<a href=\"tel:+34 972 342 250\">+34 972 342 250<\/a><br \/>\n<a href=\"https:\/\/www.nauticatossa.com\/\" target=\"_blank\" rel=\"noopener noreferrer\">www.nauticatossa.com<\/a><br \/>\n<a href=\"mailto:info@nauticatossa.com\" target=\"_blank\" rel=\"noopener noreferrer\">info@nauticatossa.com<\/a><\/p>\n<\/p>\n\t\t<\/div>\n\t\t\t\t<div class=\"itemRslt\">\n\t\t\t\t\t\t<h6 class=\"ttlRslt\">P\u00e2tisserie Abell\u00e1n<\/h6>\n\t\t\t<p><p style=\"text-align: center;\"><strong>Av. Ferran Agull\u00f3, 3<\/strong><\/p>\n<p style=\"text-align: center;\">Tel. <a href=\"http:\/\/+34 972 341 183\" target=\"_blank\" rel=\"noopener\">+34 972 341 183<\/a><\/p>\n<\/p>\n\t\t<\/div>\n\t\t\t\t<div class=\"itemRslt\">\n\t\t\t\t\t\t<h6 class=\"ttlRslt\">Piscine couverte et pistes de padel<\/h6>\n\t\t\t<p><p style=\"text-align: center;\"><strong>Zone sportive Anna Esteve Llach<\/strong><\/p>\n<p style=\"text-align: center;\">Tel.\u00a0<a href=\"http:\/\/+34%20972%20621%20329\/\">+34 972 621 329<\/a><br \/>\nTel.\u00a0<a href=\"http:\/\/+34%20630%20012%20972\/\">+34 630 012 972<\/a><br \/>\n<a href=\"https:\/\/www.instagram.com\/fitsana_sportstossa?igsh=MXN6aDF2dzBmb3BhMg==\" target=\"_blank\" rel=\"noopener noreferrer\">Instagram Fitsana<\/a><\/p>\n<p>&nbsp;<\/p>\n<\/p>\n\t\t<\/div>\n\t\t\t\t<div class=\"itemRslt\">\n\t\t\t\t\t\t<h6 class=\"ttlRslt\">Sant Antoni<\/h6>\n\t\t\t<p><p style=\"text-align: center;\"><strong>c\/ Portal, 9<\/strong><\/p>\n<p style=\"text-align: center;\">Tel. <a href=\"http:\/\/+34 972 343 387\" target=\"_blank\" rel=\"noopener\">+34 972 343 387<\/a><\/p>\n<\/p>\n\t\t<\/div>\n\t\t\t\t<div class=\"itemRslt\">\n\t\t\t\t\t\t<h6 class=\"ttlRslt\">Skatepark<\/h6>\n\t\t\t<p><p style=\"text-align: center;\"><strong>C\/ Llu\u00eds Companys, s\/n<\/strong><\/p>\n<p style=\"text-align: center;\">Tel. <a href=\"http:\/\/+34 608 22 35 55\" target=\"_blank\" rel=\"noopener\">+34 608 22 35 55<\/a><br \/>\n<a href=\"mailto:esports@tossademar.org\" target=\"_blank\" rel=\"noopener noreferrer\">esports@tossademar.org<\/a><\/p>\n<\/p>\n\t\t<\/div>\n\t\t\t\n\n\t<\/div>\n<\/div><\/div><\/div><\/div><\/div><\/div><\/div><\/section>\n","protected":false},"excerpt":{"rendered":"C\/ Llu\u00eds Companys, s\/n Tel. +34 608 22 35 55 esports@tossademar.org","protected":false},"author":4,"featured_media":0,"parent":0,"menu_order":0,"comment_status":"closed","ping_status":"closed","template":"","meta":{"_monsterinsights_skip_tracking":false,"_monsterinsights_sitenote_active":false,"_monsterinsights_sitenote_note":"","_monsterinsights_sitenote_category":0,"footnotes":""},"class_list":["post-5179","page","type-page","status-publish","hentry"],"_links":{"self":[{"href":"https:\/\/visittossa.com\/fr\/wp-json\/wp\/v2\/pages\/5179","targetHints":{"allow":["GET"]}}],"collection":[{"href":"https:\/\/visittossa.com\/fr\/wp-json\/wp\/v2\/pages"}],"about":[{"href":"https:\/\/visittossa.com\/fr\/wp-json\/wp\/v2\/types\/page"}],"author":[{"embeddable":true,"href":"https:\/\/visittossa.com\/fr\/wp-json\/wp\/v2\/users\/4"}],"replies":[{"embeddable":true,"href":"https:\/\/visittossa.com\/fr\/wp-json\/wp\/v2\/comments?post=5179"}],"version-history":[{"count":7,"href":"https:\/\/visittossa.com\/fr\/wp-json\/wp\/v2\/pages\/5179\/revisions"}],"predecessor-version":[{"id":14040,"href":"https:\/\/visittossa.com\/fr\/wp-json\/wp\/v2\/pages\/5179\/revisions\/14040"}],"wp:attachment":[{"href":"https:\/\/visittossa.com\/fr\/wp-json\/wp\/v2\/media?parent=5179"}],"curies":[{"name":"wp","href":"https:\/\/api.w.org\/{rel}","templated":true}]}}