{"id":9812,"date":"2022-08-08T11:50:10","date_gmt":"2022-08-08T11:50:10","guid":{"rendered":"https:\/\/visittossa.com\/?page_id=9812"},"modified":"2024-06-11T10:17:39","modified_gmt":"2024-06-11T10:17:39","slug":"donde-comprar","status":"publish","type":"page","link":"https:\/\/visittossa.com\/es\/donde-comprar\/","title":{"rendered":"D\u00f3nde comprar"},"content":{"rendered":"<section class=\"l-section wpb_row height_large innerHd with_img\" id=\"hdMd\"><div class=\"l-section-img\" style=\"background-image: url(https:\/\/visittossa.com\/wp-content\/uploads\/2021\/12\/Estiu-proposem.jpg);background-repeat: no-repeat;\" data-img-width=\"1398\" data-img-height=\"600\"><\/div><div class=\"l-section-h i-cf\"><div class=\"g-cols vc_row type_default valign_top\"><div class=\"vc_col-sm-12 wpb_column vc_column_container\"><div class=\"vc_column-inner\"><div class=\"wpb_wrapper\"><\/div><\/div><\/div><\/div><\/div><\/section><!-- Row Backgrounds --><section class=\"l-section wpb_row height_medium\" id=\"introTxt\"><div class=\"l-section-h i-cf\"><div class=\"g-cols vc_row type_default valign_top\"><div class=\"vc_col-sm-12 wpb_column vc_column_container\"><div class=\"vc_column-inner\"><div class=\"wpb_wrapper\"><div class=\"wpb_text_column ttlMd\" ><div class=\"wpb_wrapper\"><h2 style=\"text-align: center;\">D\u00f3nde comprar en Tossa de Mar<\/h2>\n<\/div><\/div><div class=\"wpb_text_column txtMd\" ><div class=\"wpb_wrapper\"><p style=\"text-align: center;\">La principal arteria comercial del municipio empieza en las avenidas Ferran Agull\u00f3 y Costa Brava y pasa por las calles Pou de la Vila, Socors, Portal y La Gu\u00e0rdia, situadas en su mayor\u00eda en la zona peatonal del centro de la poblaci\u00f3n.<\/p>\n<p style=\"text-align: center;\">El comercio de Tossa os abre sus puertas y os invita a pasear por las calles de la poblaci\u00f3n y entrar en sus establecimientos, en los que adem\u00e1s de encontrar un buen producto, seguro que encontrar\u00e9is a una persona dispuesta a ayudaros en lo que necesit\u00e9is.<\/p>\n<p style=\"text-align: center;\"><a href=\"https:\/\/www.ubtossa.com\/es\/index\" target=\"_blank\" rel=\"noopener\">Descubre la oferta comercial de Tossa.<\/a><\/p>\n<p style=\"text-align: center;\"><a href=\"https:\/\/visittossa.com\/es\/comercos-tossa\/\" target=\"_blank\" rel=\"noopener\">Otros comercios locales.<\/a><\/p>\n<\/div><\/div><\/div><\/div><\/div><\/div><\/div><\/section>\n","protected":false},"excerpt":{"rendered":"D\u00f3nde comprar en Tossa de Mar La principal arteria comercial del municipio empieza en las avenidas Ferran Agull\u00f3 y Costa Brava y pasa por las calles Pou de la Vila, Socors, Portal y La Gu\u00e0rdia, situadas en su mayor\u00eda en la zona peatonal del centro de la poblaci\u00f3n. El comercio de Tossa os abre sus...","protected":false},"author":4,"featured_media":0,"parent":0,"menu_order":0,"comment_status":"closed","ping_status":"closed","template":"","meta":{"_monsterinsights_skip_tracking":false,"_monsterinsights_sitenote_active":false,"_monsterinsights_sitenote_note":"","_monsterinsights_sitenote_category":0,"footnotes":""},"class_list":["post-9812","page","type-page","status-publish","hentry"],"_links":{"self":[{"href":"https:\/\/visittossa.com\/es\/wp-json\/wp\/v2\/pages\/9812","targetHints":{"allow":["GET"]}}],"collection":[{"href":"https:\/\/visittossa.com\/es\/wp-json\/wp\/v2\/pages"}],"about":[{"href":"https:\/\/visittossa.com\/es\/wp-json\/wp\/v2\/types\/page"}],"author":[{"embeddable":true,"href":"https:\/\/visittossa.com\/es\/wp-json\/wp\/v2\/users\/4"}],"replies":[{"embeddable":true,"href":"https:\/\/visittossa.com\/es\/wp-json\/wp\/v2\/comments?post=9812"}],"version-history":[{"count":5,"href":"https:\/\/visittossa.com\/es\/wp-json\/wp\/v2\/pages\/9812\/revisions"}],"predecessor-version":[{"id":14581,"href":"https:\/\/visittossa.com\/es\/wp-json\/wp\/v2\/pages\/9812\/revisions\/14581"}],"wp:attachment":[{"href":"https:\/\/visittossa.com\/es\/wp-json\/wp\/v2\/media?parent=9812"}],"curies":[{"name":"wp","href":"https:\/\/api.w.org\/{rel}","templated":true}]}}