{"id":5612,"date":"2021-12-10T10:31:48","date_gmt":"2021-12-10T10:31:48","guid":{"rendered":"https:\/\/visittossa.com\/agenda\/agenda-mensual\/"},"modified":"2022-06-08T14:21:49","modified_gmt":"2022-06-08T14:21:49","slug":"agenda-mensual","status":"publish","type":"page","link":"https:\/\/visittossa.com\/es\/agenda\/agenda-mensual\/","title":{"rendered":"Agenda mensual"},"content":{"rendered":"<section class=\"l-section wpb_row height_large width_full tossaHd with_img\" id=\"hdMd\"><div class=\"l-section-img\" style=\"background-image: url(https:\/\/visittossa.com\/wp-content\/uploads\/2022\/03\/AGENDA-TOSSA-DE-MAR.jpg);background-repeat: no-repeat;\" data-img-width=\"1400\" data-img-height=\"800\"><\/div><div class=\"l-section-h i-cf\"><div class=\"g-cols vc_row type_default valign_middle\"><div class=\"vc_col-sm-12 wpb_column vc_column_container\"><div class=\"vc_column-inner\"><div class=\"wpb_wrapper\"><\/div><\/div><\/div><\/div><\/div><\/section><section class=\"l-section wpb_row height_medium\" id=\"introTxt\"><div class=\"l-section-h i-cf\"><div class=\"g-cols vc_row type_default valign_top\"><div class=\"vc_col-sm-12 wpb_column vc_column_container\"><div class=\"vc_column-inner\"><div class=\"wpb_wrapper\"><div class=\"wpb_text_column ttlMd\" ><div class=\"wpb_wrapper\"><h2 style=\"text-align: center;\">Agenda mensual<\/h2>\n<\/div><\/div><\/div><\/div><\/div><\/div><\/div><\/section><section class=\"l-section wpb_row height_medium\" id=\"agendaMd\"><div class=\"l-section-h i-cf\"><div class=\"g-cols vc_row type_default valign_top\"><div class=\"vc_col-sm-12 wpb_column vc_column_container\"><div class=\"vc_column-inner\"><div class=\"wpb_wrapper\"><div class=\"w-grid type_grid layout_1510 with_pagination\" id=\"us_grid_1\" data-grid-filter=\"true\"><style id=\"us_grid_1_css\">#us_grid_1 .w-grid-item:not(:last-child){margin-bottom:1.5rem}#us_grid_1 .g-loadmore{margin-top:1.5rem}<\/style><style>.layout_1510 .w-grid-item-h{}.layout_1510 .usg_post_image_1{width:30%!important;margin-right:5%!important}.layout_1510 .usg_post_title_1{font-weight:600!important;text-transform:uppercase!important;font-size:30px!important;margin-bottom:30px!important}<\/style><div class=\"w-grid-list\" ><article class=\"w-grid-item size_1x1 post-18182 agenda_mensual type-agenda_mensual status-publish has-post-thumbnail hentry categories_agenda-destacados-es\" data-id=\"18182\">\r\n\t<div class=\"w-grid-item-h\">\r\n\t\t\t\t<div class=\"w-hwrapper usg_hwrapper_1 align_left valign_top\"><div class=\"w-post-elm post_image usg_post_image_1 has_width stretched\"><a href=\"https:\/\/visittossa.com\/wp-content\/uploads\/2022\/08\/Vila-Vella-Platja-Gran-Tossa-de-Mar-scaled.jpg\" ref=\"magnificPopup\" aria-label=\"Visita guiada al patrimonio de Tossa\"><img loading=\"lazy\" decoding=\"async\" width=\"2560\" height=\"1920\" src=\"https:\/\/visittossa.com\/wp-content\/uploads\/2022\/08\/Vila-Vella-Platja-Gran-Tossa-de-Mar-scaled.jpg\" class=\"attachment-full size-full wp-post-image\" alt=\"\" srcset=\"https:\/\/visittossa.com\/wp-content\/uploads\/2022\/08\/Vila-Vella-Platja-Gran-Tossa-de-Mar-scaled.jpg 2560w, https:\/\/visittossa.com\/wp-content\/uploads\/2022\/08\/Vila-Vella-Platja-Gran-Tossa-de-Mar-300x225.jpg 300w, https:\/\/visittossa.com\/wp-content\/uploads\/2022\/08\/Vila-Vella-Platja-Gran-Tossa-de-Mar-1024x768.jpg 1024w\" sizes=\"auto, (max-width: 2560px) 100vw, 2560px\" \/><\/a><\/div><div class=\"w-vwrapper usg_vwrapper_1 align_left valign_top\"><h2 class=\"w-post-elm post_title usg_post_title_1 entry-title color_link_inherit\">Visita guiada al patrimonio de Tossa<\/h2><div class=\"w-post-elm post_content usg_post_content_1\"><p>Recorrido a pie para conocer la historia y el patrimonio de la localidad,\u00a0 descubriendo los rincones m\u00e1s emblem\u00e1ticos de Tossa de Mar.<\/p>\n<p>Plazas limitadas. Se utilizar\u00e1n radiogu\u00edas.<\/p>\n<p><strong>Punto de encuentro: <\/strong>Oficina de turismo\u00a0<strong>\u00a0 \u00a0 Precio:<\/strong> 7\u20ac\u00a0 adulto \/ 5\u20ac (7-13 a\u00f1os y jubilados)<\/p>\n<p>&nbsp;<\/p>\n<p><strong>HORA: 10:30 h<\/strong><\/p>\n<p><strong>Fechas:\u00a0 <span style=\"color: #008000;\">16\/05,<\/span><\/strong> 30\/05, 13\/06, 19\/09, 03\/10, 24\/10, 05\/12\u00a0 \u00a0 <strong>(en castellano)<\/strong><\/p>\n<p><strong>Fechas: <\/strong>\u00a0\u00a023\/05, 06\/06, 26\/09, 10\/10, 31\/10\u00a0 (en catal\u00e1n) \u00a0(* Reservar en el enlace de la versi\u00f3n catalana)<\/p>\n<p>&nbsp;<\/p>\n<p><strong>HORA: 18:30 h<\/strong><\/p>\n<p><strong>Fechas:\u00a0 <\/strong>27\/06, 18\/07, 01\/08, 22\/08, 05\/09\u00a0 \u00a0<strong>(en castellano)<\/strong><\/p>\n<p><strong>Fechas: <\/strong>20\/06, 04\/07, 25\/07, 15\/08, 29\/08, 12\/09\u00a0 (en catal\u00e1n) (* Reservar en el enlace de la versi\u00f3n catalana)<\/p>\n<p>&nbsp;<\/p>\n<p>Una vez adquirida la entrada \u00fanicamente se cambiar\u00e1 o devolver\u00e1 el importe si se cancela hasta\u00a0 24 horas antes del inicio de la visita guiada y solo en caso de no poder asistir por causa justificada.<\/p>\n<p>Compra de entradas en <a href=\"https:\/\/www.entrapolis.com\/entradas\/visita-guiada-al-conjunto-historico-de-tossa-de-mar-manana\" target=\"_blank\" rel=\"noopener\"><strong>www.entrapolis.com <\/strong><\/a>( fechas en horario de ma\u00f1ana) o bien en <a href=\"https:\/\/www.entrapolis.com\/entradas\/visita-guiada-al-conjunto-historico-de-tossa-de-mar-tarde-oficina-de-turisme\" target=\"_blank\" rel=\"noopener\"><strong>www.entrapolis.com <\/strong><\/a>(fechas en <strong><span style=\"color: #0000ff;\">horario de tarde<\/span><\/strong>)<\/p>\n<\/div><\/div><\/div>\t<\/div>\r\n<\/article>\r\n<article class=\"w-grid-item size_1x1 post-18254 agenda_mensual type-agenda_mensual status-publish has-post-thumbnail hentry\" data-id=\"18254\">\r\n\t<div class=\"w-grid-item-h\">\r\n\t\t\t\t<div class=\"w-hwrapper usg_hwrapper_1 align_left valign_top\"><div class=\"w-post-elm post_image usg_post_image_1 has_width stretched\"><a href=\"https:\/\/visittossa.com\/wp-content\/uploads\/2025\/04\/Escultura-Ava-Gardner.jpg\" ref=\"magnificPopup\" aria-label=\"Visita guiada &#8220;Una historia de pel\u00edcula&#8221;\"><img loading=\"lazy\" decoding=\"async\" width=\"266\" height=\"222\" src=\"https:\/\/visittossa.com\/wp-content\/uploads\/2025\/04\/Escultura-Ava-Gardner.jpg\" class=\"attachment-full size-full wp-post-image\" alt=\"\" \/><\/a><\/div><div class=\"w-vwrapper usg_vwrapper_1 align_left valign_top\"><h2 class=\"w-post-elm post_title usg_post_title_1 entry-title color_link_inherit\">Visita guiada &#8220;Una historia de pel\u00edcula&#8221;<\/h2><div class=\"w-post-elm post_content usg_post_content_1\"><p>Visita guiada para conmemorar el 75 aniversario del rodaje de la pel\u00edcula \u201cPandora y el holand\u00e9s errante\u201d en la localidad, que os llevar\u00e1 por espacios relacionados con el rodaje y sus protagonistas.<\/p>\n<p>&nbsp;<\/p>\n<p><strong>Punto de encuentro:<\/strong>\u00a0Oficina de turismo (Av. del Pelegr\u00ed, 25)\u00a0 \u00a0\u00a0<strong>Precio:<\/strong>\u00a0\u00a0<strong>8\u20ac<\/strong>\u00a0adultos \/\u00a0<strong>5\u20ac<\/strong>\u00a0 \u00a0(ni\u00f1os de 7- 13 a\u00f1os)<\/p>\n<p><strong>Fechas:\u00a0 <\/strong>06\/06, 20\/06, 04\/07, 10\/10\u00a0\u00a0<strong>(en castellano)<\/strong><\/p>\n<p><strong>Fechas:<\/strong>\u00a0<span style=\"color: #008000;\"><strong>16\/05<\/strong><\/span>, 18\/07, 08\/08, 22\/08, 12\/09\u00a0 \u00a0<strong>(en catal\u00e1n)\u00a0<\/strong><\/p>\n<p>&nbsp;<\/p>\n<p>Compra de entradas para la visita en castellano:\u00a0<a href=\"https:\/\/www.entrapolis.com\/entradas\/visita-guiada-una-historia-de-pelicula-oficina-de-turisme-02052026\" target=\"_blank\" rel=\"noopener\"><strong>www.entrapolis.com<\/strong><\/a><\/p>\n<p>Compra de entradas para la visita en catal\u00e1n:\u00a0<a href=\"https:\/\/www.entrapolis.com\/entradas\/visita-guiada-una-historia-de-pelicula-oficina-de-turisme\" target=\"_blank\" rel=\"noopener\"><strong>www.entrapolis.com<\/strong><\/a><\/p>\n<\/div><\/div><\/div>\t<\/div>\r\n<\/article>\r\n<article class=\"w-grid-item size_1x1 post-18285 agenda_mensual type-agenda_mensual status-publish has-post-thumbnail hentry\" data-id=\"18285\">\r\n\t<div class=\"w-grid-item-h\">\r\n\t\t\t\t<div class=\"w-hwrapper usg_hwrapper_1 align_left valign_top\"><div class=\"w-post-elm post_image usg_post_image_1 has_width stretched\"><a href=\"https:\/\/visittossa.com\/wp-content\/uploads\/2026\/04\/Runfestival-Tossa-de-Mar-2026.png\" ref=\"magnificPopup\" aria-label=\"XVII Run Festival Tossa de Mar\"><img loading=\"lazy\" decoding=\"async\" width=\"1168\" height=\"1676\" src=\"https:\/\/visittossa.com\/wp-content\/uploads\/2026\/04\/Runfestival-Tossa-de-Mar-2026.png\" class=\"attachment-full size-full wp-post-image\" alt=\"Runfestival Tossa de Mar 2026\" srcset=\"https:\/\/visittossa.com\/wp-content\/uploads\/2026\/04\/Runfestival-Tossa-de-Mar-2026.png 1168w, https:\/\/visittossa.com\/wp-content\/uploads\/2026\/04\/Runfestival-Tossa-de-Mar-2026-209x300.png 209w, https:\/\/visittossa.com\/wp-content\/uploads\/2026\/04\/Runfestival-Tossa-de-Mar-2026-714x1024.png 714w\" sizes=\"auto, (max-width: 1168px) 100vw, 1168px\" \/><\/a><\/div><div class=\"w-vwrapper usg_vwrapper_1 align_left valign_top\"><h2 class=\"w-post-elm post_title usg_post_title_1 entry-title color_link_inherit\">XVII Run Festival Tossa de Mar<\/h2><div class=\"w-post-elm post_content usg_post_content_1\"><p><strong>Fecha:\u00a0<\/strong>17\/05\/2026, domingo.<\/p>\n<p>XVII\u00aa Media Marat\u00f3n \u2013 (5K \u2013 10K \u2013 21K) y Trail (8K \u2013 17K)<\/p>\n<p>Informaci\u00f3n e inscripciones\u00a0<span class=\"marker\"><a href=\"https:\/\/runfestivaltossa.com\/\">aqu\u00ed<\/a><\/span><\/p>\n<\/div><\/div><\/div>\t<\/div>\r\n<\/article>\r\n<article class=\"w-grid-item size_1x1 post-18299 agenda_mensual type-agenda_mensual status-publish has-post-thumbnail hentry\" data-id=\"18299\">\r\n\t<div class=\"w-grid-item-h\">\r\n\t\t\t\t<div class=\"w-hwrapper usg_hwrapper_1 align_left valign_top\"><div class=\"w-post-elm post_image usg_post_image_1 has_width stretched\"><a href=\"https:\/\/visittossa.com\/wp-content\/uploads\/2022\/04\/image00004-scaled.jpeg\" ref=\"magnificPopup\" aria-label=\"Sagrava\"><img loading=\"lazy\" decoding=\"async\" width=\"2560\" height=\"1920\" src=\"https:\/\/visittossa.com\/wp-content\/uploads\/2022\/04\/image00004-scaled.jpeg\" class=\"attachment-full size-full wp-post-image\" alt=\"Tossa bicicleta monta\u00f1a\" srcset=\"https:\/\/visittossa.com\/wp-content\/uploads\/2022\/04\/image00004-scaled.jpeg 2560w, https:\/\/visittossa.com\/wp-content\/uploads\/2022\/04\/image00004-300x225.jpeg 300w, https:\/\/visittossa.com\/wp-content\/uploads\/2022\/04\/image00004-1024x768.jpeg 1024w\" sizes=\"auto, (max-width: 2560px) 100vw, 2560px\" \/><\/a><\/div><div class=\"w-vwrapper usg_vwrapper_1 align_left valign_top\"><h2 class=\"w-post-elm post_title usg_post_title_1 entry-title color_link_inherit\">Sagrava<\/h2><div class=\"w-post-elm post_content usg_post_content_1\"><p><strong>Fechas:\u00a0<\/strong>23\/05\/26, s\u00e1bado<\/p>\n<p>Recorridos en bicicleta que transcurren por paisajes con vistas al mar Mediterr\u00e1neo, las Gavarres y las mejores pistas por la comarca de la Selva. Distancias:\u00a0<span class=\"wixui-rich-text__text\"><strong>58 Km<\/strong>\u00a0950+,\u00a0<\/span><span class=\"wixui-rich-text__text\"><span class=\"color_37 wixui-rich-text__text\"><strong>98\u00a0Km<\/strong>\u00a01100+,\u00a0<\/span><\/span><strong>144<\/strong>\u00a0<strong>Km<\/strong>\u00a02700+<\/p>\n<p>Con salida y llegada en Tossa de Mar, se convertir\u00e1 en un referente para todos aquellos que quieran disfrutar de un\u00a0<strong>entorno inigualable.<\/strong><\/p>\n<p>M\u00e1s informaci\u00f3n\u00a0<a href=\"https:\/\/www.sagrava.com\/\" target=\"_blank\" rel=\"noopener\"><strong>aqu\u00ed<\/strong><\/a><\/p>\n<\/div><\/div><\/div>\t<\/div>\r\n<\/article>\r\n<article class=\"w-grid-item size_1x1 post-9869 agenda_mensual type-agenda_mensual status-publish has-post-thumbnail hentry\" data-id=\"9869\">\r\n\t<div class=\"w-grid-item-h\">\r\n\t\t\t\t<div class=\"w-hwrapper usg_hwrapper_1 align_left valign_top\"><div class=\"w-post-elm post_image usg_post_image_1 has_width stretched\"><a href=\"https:\/\/visittossa.com\/wp-content\/uploads\/2022\/08\/Museu-de-la-Dona-de-Tossa-Premsa.jpg\" ref=\"magnificPopup\" aria-label=\"Museo de la Mujer\"><img loading=\"lazy\" decoding=\"async\" width=\"960\" height=\"720\" src=\"https:\/\/visittossa.com\/wp-content\/uploads\/2022\/08\/Museu-de-la-Dona-de-Tossa-Premsa.jpg\" class=\"attachment-full size-full wp-post-image\" alt=\"\" srcset=\"https:\/\/visittossa.com\/wp-content\/uploads\/2022\/08\/Museu-de-la-Dona-de-Tossa-Premsa.jpg 960w, https:\/\/visittossa.com\/wp-content\/uploads\/2022\/08\/Museu-de-la-Dona-de-Tossa-Premsa-300x225.jpg 300w\" sizes=\"auto, (max-width: 960px) 100vw, 960px\" \/><\/a><\/div><div class=\"w-vwrapper usg_vwrapper_1 align_left valign_top\"><h2 class=\"w-post-elm post_title usg_post_title_1 entry-title color_link_inherit\">Museo de la Mujer<\/h2><div class=\"w-post-elm post_content usg_post_content_1\"><p>El Museo de la Mujer se abri\u00f3 el a\u00f1o 2020 con la intenci\u00f3n de recrear y explicar la vida de Tossa antes del inicio del turismo y de su transformaci\u00f3n, siempre desde el lugar que ocup\u00f3 la mujer. El edificio donde se encuentra el museo es un bello ejemplo de casa fortificada del s. XVI.<\/p>\n<p><strong>Ubicaci\u00f3n: <\/strong>C\/ Codolar, 4<\/p>\n<p><strong>Info. horario:<\/strong><\/p>\n<p>VIERNES: 16:00 \u2013 19:00 h<\/p>\n<p>S\u00c1BADOS y DOMINGOS: 10:00 \u2013 14:00 \/ 16:00 \u2013 19:00 h<\/p>\n<p><strong>Telf.<\/strong> +34 972 964 633<br \/>\n<strong>Entrada:<\/strong> 2\u20ac \/ 1\u20ac<\/p>\n<p><a href=\"https:\/\/visittossa.com\/es\/patrimonio-cultural\/arte-y-cultura\/museo-de-la-mujer\/\" target=\"_blank\" rel=\"noopener\"><strong>M\u00e1s informaci\u00f3n<\/strong><\/a><\/p>\n<p>&nbsp;<\/p>\n<p>&nbsp;<\/p>\n<p>&nbsp;<\/p>\n<\/div><\/div><\/div>\t<\/div>\r\n<\/article>\r\n<article class=\"w-grid-item size_1x1 post-9858 agenda_mensual type-agenda_mensual status-publish has-post-thumbnail hentry\" data-id=\"9858\">\r\n\t<div class=\"w-grid-item-h\">\r\n\t\t\t\t<div class=\"w-hwrapper usg_hwrapper_1 align_left valign_top\"><div class=\"w-post-elm post_image usg_post_image_1 has_width stretched\"><a href=\"https:\/\/visittossa.com\/wp-content\/uploads\/2022\/08\/far-tossa2_-Tossa-de-Mar-web-facana-carrer.jpg\" ref=\"magnificPopup\" aria-label=\"Museo del Faro\"><img loading=\"lazy\" decoding=\"async\" width=\"692\" height=\"450\" src=\"https:\/\/visittossa.com\/wp-content\/uploads\/2022\/08\/far-tossa2_-Tossa-de-Mar-web-facana-carrer.jpg\" class=\"attachment-full size-full wp-post-image\" alt=\"\" srcset=\"https:\/\/visittossa.com\/wp-content\/uploads\/2022\/08\/far-tossa2_-Tossa-de-Mar-web-facana-carrer.jpg 692w, https:\/\/visittossa.com\/wp-content\/uploads\/2022\/08\/far-tossa2_-Tossa-de-Mar-web-facana-carrer-300x195.jpg 300w\" sizes=\"auto, (max-width: 692px) 100vw, 692px\" \/><\/a><\/div><div class=\"w-vwrapper usg_vwrapper_1 align_left valign_top\"><h2 class=\"w-post-elm post_title usg_post_title_1 entry-title color_link_inherit\">Museo del Faro<\/h2><div class=\"w-post-elm post_content usg_post_content_1\"><p>Construido en 1917 en la parte m\u00e1s elevada del Cabo de Tossa, es actualmente la sede del nuevo proyecto muse\u00edstico Far de Tossa. Un siglo de se\u00f1ales mar\u00edtimas en la Costa Brava, un espacio de referencia para toda aquella persona interesada en obtener una visi\u00f3n profundizada del mundo de los faros.<\/p>\n<p><strong>Ubicaci\u00f3n:<\/strong> Paseo de Vila Vella<\/p>\n<p><strong>Horario:<\/strong><\/p>\n<p>Lunes y martes: CERRADO<\/p>\n<p>Mi\u00e9rcoles y jueves: 10:00 &#8211; 15:00h<\/p>\n<p>Viernes y s\u00e1bado: 10:00 &#8211; 14:00 h \/ 16:00 &#8211; 18:00 h<\/p>\n<p>Domingo 17: CERRADO<\/p>\n<p><strong>Tel\u00e9fono de contacto:<\/strong> +34 972 343 359<\/p>\n<p><strong>Precio:<\/strong> 3\u20ac \/ 1,50\u20ac<\/p>\n<p><a href=\"https:\/\/visittossa.com\/es\/patrimonio-cultural\/arte-y-cultura\/faro-de-tossa\/\" target=\"_blank\" rel=\"noopener\"><strong>M\u00e1s informaci\u00f3n<\/strong><\/a><\/p>\n<\/div><\/div><\/div>\t<\/div>\r\n<\/article>\r\n<article class=\"w-grid-item size_1x1 post-9864 agenda_mensual type-agenda_mensual status-publish has-post-thumbnail hentry\" data-id=\"9864\">\r\n\t<div class=\"w-grid-item-h\">\r\n\t\t\t\t<div class=\"w-hwrapper usg_hwrapper_1 align_left valign_top\"><div class=\"w-post-elm post_image usg_post_image_1 has_width stretched\"><a href=\"https:\/\/visittossa.com\/wp-content\/uploads\/2022\/08\/Facana-museu-scaled.jpg\" ref=\"magnificPopup\" aria-label=\"Museo Municipal\"><img loading=\"lazy\" decoding=\"async\" width=\"2560\" height=\"1707\" src=\"https:\/\/visittossa.com\/wp-content\/uploads\/2022\/08\/Facana-museu-scaled.jpg\" class=\"attachment-full size-full wp-post-image\" alt=\"\" srcset=\"https:\/\/visittossa.com\/wp-content\/uploads\/2022\/08\/Facana-museu-scaled.jpg 2560w, https:\/\/visittossa.com\/wp-content\/uploads\/2022\/08\/Facana-museu-300x200.jpg 300w, https:\/\/visittossa.com\/wp-content\/uploads\/2022\/08\/Facana-museu-1024x683.jpg 1024w\" sizes=\"auto, (max-width: 2560px) 100vw, 2560px\" \/><\/a><\/div><div class=\"w-vwrapper usg_vwrapper_1 align_left valign_top\"><h2 class=\"w-post-elm post_title usg_post_title_1 entry-title color_link_inherit\">Museo Municipal<\/h2><div class=\"w-post-elm post_content usg_post_content_1\"><p>Ocupa la antigua casa del <em>batlle de sac<\/em>, es decir, del gobernador y custodia una importante colecci\u00f3n de arte y una buena parte de las piezas arqueol\u00f3gicas de la villa romana de els <em>Ametllers<\/em> .<\/p>\n<p><strong>Ubicaci\u00f3n:<\/strong> Pla\u00e7a Roig i Soler, 1 (en el casco antiguo)<\/p>\n<p><strong>Tel<\/strong> +34 972 340 709<\/p>\n<p><strong>Info horario:\u00a0 \u00a0 \u00a0CERRADO temporalmente por obras de mantenimiento.<\/strong><\/p>\n<p><strong>Entrada:<\/strong> 3\u20ac \/ 2\u20ac<\/p>\n<p><a href=\"https:\/\/visittossa.com\/es\/patrimonio-cultural\/arte-y-cultura\/museo-municipal\/\" target=\"_blank\" rel=\"noopener\"><strong>M\u00e1s informaci\u00f3n<\/strong><\/a><\/p>\n<p>&nbsp;<\/p>\n<\/div><\/div><\/div>\t<\/div>\r\n<\/article>\r\n<\/div><div class=\"w-grid-preloader\"><div class=\"g-preloader type_1\">\r\n\t<div><\/div>\r\n<\/div>\r\n<\/div>\t<div class=\"w-grid-json hidden\" onclick='return {&quot;action&quot;:&quot;us_ajax_grid&quot;,&quot;ajax_url&quot;:&quot;https:\\\/\\\/visittossa.com\\\/wp-admin\\\/admin-ajax.php&quot;,&quot;infinite_scroll&quot;:0,&quot;max_num_pages&quot;:1,&quot;pagination&quot;:&quot;regular&quot;,&quot;permalink_url&quot;:&quot;https:\\\/\\\/visittossa.com\\\/es\\\/wp-json\\\/wp\\\/v2\\\/pages\\\/5612\\\/&quot;,&quot;template_vars&quot;:{&quot;columns&quot;:&quot;1&quot;,&quot;exclude_items&quot;:&quot;none&quot;,&quot;img_size&quot;:&quot;default&quot;,&quot;ignore_items_size&quot;:false,&quot;items_layout&quot;:&quot;1510&quot;,&quot;items_offset&quot;:&quot;1&quot;,&quot;overriding_link&quot;:&quot;none&quot;,&quot;post_id&quot;:5612,&quot;query_args&quot;:{&quot;post_type&quot;:[&quot;agenda_mensual&quot;],&quot;post_status&quot;:[&quot;publish&quot;],&quot;orderby&quot;:{&quot;menu_order&quot;:&quot;ASC&quot;},&quot;posts_per_page&quot;:999},&quot;type&quot;:&quot;grid&quot;,&quot;us_grid_ajax_index&quot;:1,&quot;us_grid_filter_params&quot;:null,&quot;us_grid_index&quot;:1,&quot;_us_grid_post_type&quot;:&quot;agenda_mensual&quot;,&quot;lang&quot;:&quot;es&quot;}}'><\/div>\r\n<\/div><\/div><\/div><\/div><\/div><\/div><\/section>\n","protected":false},"excerpt":{"rendered":"Ocupa la antigua casa del batlle de sac, es decir, del gobernador y custodia una importante colecci\u00f3n de arte y una buena parte de las piezas arqueol\u00f3gicas de la villa romana de els Ametllers . Ubicaci\u00f3n: Pla\u00e7a Roig i Soler, 1 (en el casco antiguo) Tel +34 972 340 709 Info horario:\u00a0 \u00a0 \u00a0CERRADO temporalmente...","protected":false},"author":1,"featured_media":0,"parent":5576,"menu_order":0,"comment_status":"closed","ping_status":"closed","template":"","meta":{"_monsterinsights_skip_tracking":false,"_monsterinsights_sitenote_active":false,"_monsterinsights_sitenote_note":"","_monsterinsights_sitenote_category":0,"footnotes":""},"class_list":["post-5612","page","type-page","status-publish","hentry"],"_links":{"self":[{"href":"https:\/\/visittossa.com\/es\/wp-json\/wp\/v2\/pages\/5612","targetHints":{"allow":["GET"]}}],"collection":[{"href":"https:\/\/visittossa.com\/es\/wp-json\/wp\/v2\/pages"}],"about":[{"href":"https:\/\/visittossa.com\/es\/wp-json\/wp\/v2\/types\/page"}],"author":[{"embeddable":true,"href":"https:\/\/visittossa.com\/es\/wp-json\/wp\/v2\/users\/1"}],"replies":[{"embeddable":true,"href":"https:\/\/visittossa.com\/es\/wp-json\/wp\/v2\/comments?post=5612"}],"version-history":[{"count":4,"href":"https:\/\/visittossa.com\/es\/wp-json\/wp\/v2\/pages\/5612\/revisions"}],"predecessor-version":[{"id":9499,"href":"https:\/\/visittossa.com\/es\/wp-json\/wp\/v2\/pages\/5612\/revisions\/9499"}],"up":[{"embeddable":true,"href":"https:\/\/visittossa.com\/es\/wp-json\/wp\/v2\/pages\/5576"}],"wp:attachment":[{"href":"https:\/\/visittossa.com\/es\/wp-json\/wp\/v2\/media?parent=5612"}],"curies":[{"name":"wp","href":"https:\/\/api.w.org\/{rel}","templated":true}]}}