{"id":5530,"date":"2020-10-20T09:32:56","date_gmt":"2020-10-20T09:32:56","guid":{"rendered":"https:\/\/visittossa.com\/rutes-i-natura\/parcs\/"},"modified":"2022-08-24T10:49:31","modified_gmt":"2022-08-24T10:49:31","slug":"parques","status":"publish","type":"page","link":"https:\/\/visittossa.com\/es\/rutas-y-naturaleza\/parques\/","title":{"rendered":"Parques"},"content":{"rendered":"<section class=\"l-section wpb_row height_large width_full tossaHd with_img\" id=\"hdMd\"><div class=\"l-section-img\" style=\"background-image: url(https:\/\/visittossa.com\/wp-content\/uploads\/2021\/10\/parcs-hd.jpg);background-repeat: no-repeat;\" data-img-width=\"1500\" data-img-height=\"370\"><\/div><div class=\"l-section-h i-cf\"><div class=\"g-cols vc_row type_default valign_middle\"><div class=\"vc_col-sm-12 wpb_column vc_column_container\"><div class=\"vc_column-inner\"><div class=\"wpb_wrapper\"><\/div><\/div><\/div><\/div><\/div><\/section><section class=\"l-section wpb_row height_large\" id=\"dblMd\"><div class=\"l-section-h i-cf\"><div class=\"g-cols vc_row type_default valign_top\"><div class=\"vc_col-sm-6 wpb_column vc_column_container imgCol\"><div class=\"vc_column-inner\"><div class=\"wpb_wrapper\"><div class=\"wpb_text_column tltMd\" ><div class=\"wpb_wrapper\"><h2 style=\"text-align: left;\">Parque de Sa Riera<\/h2>\n<\/div><\/div><div class=\"wpb_text_column txtMd\" ><div class=\"wpb_wrapper\"><p>El parque de Sa Riera es un espacio verde p\u00fablico, extenso (de unas 5 hect\u00e1reas) y llano, situado alrededor de la Riera de Tossa, a unos 500 metros del n\u00facleo urbano de la poblaci\u00f3n. Encontramos en el parque varios ambientes configurando un entorno diverso de gran valor natural y paisaj\u00edstico, que ofrecen multitud de posibilidades para el paseo, el descanso o el ocio en familia.<\/p>\n<p>Hay vegetaci\u00f3n t\u00edpica de bosque mediterr\u00e1neo, donde predominan las encinas, los alcornoques y los pinos; vegetaci\u00f3n de ribera con \u00e1rboles de hoja caduca como los alisos o los chopos; la riera como eje vertebrador; e incluso un peque\u00f1o estanque artificial que alberga plantas y animales propios de los ambientes pantanosos. \u00c1rboles monumentales y centenarios como el pino de Can Mart\u00ed o el roble del Buen Retiro incrementan el encanto de este espacio verde.<\/p>\n<p>El parque cuenta con diversas instalaciones y servicios: bancos, papeleras, mesas, fuente, juegos infantiles, pista deportiva, parque urbano de salud, \u00e1rea de recreo para perros, centro de reciclaje de residuos, centro de acogida de animales y se encuentra justo al lado de la zona deportiva municipal, en la que se incluyen un pabell\u00f3n polideportivo, una piscina cubierta, un campo de f\u00fatbol de hierba artificial y dos pistas de p\u00e1del.<\/p>\n<\/div><\/div><\/div><\/div><\/div><div class=\"vc_col-sm-6 wpb_column vc_column_container infoCol\"><div class=\"vc_column-inner\"><div class=\"wpb_wrapper\"><div class=\"w-image align_none\"><div class=\"w-image-h\"><img loading=\"lazy\" decoding=\"async\" width=\"611\" height=\"458\" src=\"https:\/\/visittossa.com\/wp-content\/uploads\/2021\/10\/Parc-de-sa-Riera-img.jpg\" class=\"attachment-full size-full\" alt=\"Parc de Sa Riera\" srcset=\"https:\/\/visittossa.com\/wp-content\/uploads\/2021\/10\/Parc-de-sa-Riera-img.jpg 611w, https:\/\/visittossa.com\/wp-content\/uploads\/2021\/10\/Parc-de-sa-Riera-img-300x225.jpg 300w\" sizes=\"auto, (max-width: 611px) 100vw, 611px\" \/><\/div><\/div><\/div><\/div><\/div><\/div><\/div><\/section><section class=\"l-section wpb_row height_large\" id=\"dblMd\"><div class=\"l-section-h i-cf\"><div class=\"g-cols vc_row type_default valign_top\"><div class=\"vc_col-sm-6 wpb_column vc_column_container imgCol\"><div class=\"vc_column-inner\"><div class=\"wpb_wrapper\"><div class=\"wpb_text_column tltMd\" ><div class=\"wpb_wrapper\"><h2 style=\"text-align: left;\">Parque dels Terrassans<\/h2>\n<\/div><\/div><div class=\"wpb_text_column txtMd\" ><div class=\"wpb_wrapper\"><p>Creado sobre unas antiguas terrazas agr\u00edcolas, el parque \u201cdels Terrassans\u201d es una zona verde situada entre la avenida Puerto Rico y la carretera de Lloret, con una superficie aproximada de una hect\u00e1rea.<\/p>\n<p>El vial pavimentado que cruza el parque define una zona de paseo y descanso. Alrededor de este eje se plantaron encinas, tamariscos y almeces. Estos \u00e1rboles constituyen el atractivo de la parte central del parque. En los m\u00e1rgenes encontramos vegetaci\u00f3n t\u00edpica mediterr\u00e1nea, propia de un bosque mixto de alcornoques y pinos acompa\u00f1ados de arbustos caracter\u00edsticos como el lentisco, el madro\u00f1o o el durillo.<\/p>\n<p>El espacio ofrece una zona de juegos infantiles, una peque\u00f1a charca y un \u00e1rea de recreo para perros.\u00a0 Dispone de una fuente de agua potable.<\/p>\n<\/div><\/div><\/div><\/div><\/div><div class=\"vc_col-sm-6 wpb_column vc_column_container infoCol\"><div class=\"vc_column-inner\"><div class=\"wpb_wrapper\"><div class=\"w-image align_none\"><div class=\"w-image-h\"><img loading=\"lazy\" decoding=\"async\" width=\"611\" height=\"458\" src=\"https:\/\/visittossa.com\/wp-content\/uploads\/2021\/10\/Parc-dels-Terrassans-img.jpg\" class=\"attachment-full size-full\" alt=\"\" srcset=\"https:\/\/visittossa.com\/wp-content\/uploads\/2021\/10\/Parc-dels-Terrassans-img.jpg 611w, https:\/\/visittossa.com\/wp-content\/uploads\/2021\/10\/Parc-dels-Terrassans-img-300x225.jpg 300w\" sizes=\"auto, (max-width: 611px) 100vw, 611px\" \/><\/div><\/div><\/div><\/div><\/div><\/div><\/div><\/section><section class=\"l-section wpb_row height_medium\" id=\"experienciasMd\"><div class=\"l-section-h i-cf\"><div class=\"g-cols vc_row type_default valign_top\"><div class=\"vc_col-sm-12 wpb_column vc_column_container\"><div class=\"vc_column-inner\"><div class=\"wpb_wrapper\"><div class=\"g-cols wpb_row  type_default valign_top vc_inner\"><div class=\"vc_col-sm-3 wpb_column vc_column_container\"><div class=\"vc_column-inner\"><div class=\"wpb_wrapper\">\n<div id=\"interactive-banner-1-wrap-6603\" class=\"ult-banner-block ult-adjust-bottom-margin ult-bb-box  banner-style01 \"   style=\"\">\n\t<img decoding=\"async\" src=\"https:\/\/visittossa.com\/wp-content\/uploads\/2021\/10\/BiosphereThumb.jpg\" alt=\"null\">\n\t<h3  data-ultimate-target='#interactive-banner-1-wrap-6603 .bb-top-title '  data-responsive-json-new='{\"font-size\":\"\",\"line-height\":\"\"}'  class=\"title-center bb-top-title ult-responsive\" style=\"font-weight:normal;background:#242424;color:#ffffff;\">Biosphere<\/h3>\n\t<div class=\"mask opaque-background\" style=\"background:rgba(35,35,35,0.41);\">\n\t\t<div  data-ultimate-target='#interactive-banner-1-wrap-6603 .bb-description'  data-responsive-json-new='{\"font-size\":\"\",\"line-height\":\"\"}'  class=\"bb-description ult-responsive\" style=\"font-weight:normal;color:#ffffff;\"><\/div>\n\t<\/div><a class=\"bb-link\" href=\"https:\/\/visittossa.com\/es\/rutas-y-naturaleza\/biosphere\/\" title=\"Biosphere\" ><\/a>\n<\/div><\/div><\/div><\/div><div class=\"vc_col-sm-3 wpb_column vc_column_container\"><div class=\"vc_column-inner\"><div class=\"wpb_wrapper\">\n<div id=\"interactive-banner-1-wrap-2764\" class=\"ult-banner-block ult-adjust-bottom-margin ult-bb-box  banner-style01 \"   style=\"\">\n\t<img decoding=\"async\" src=\"https:\/\/visittossa.com\/wp-content\/uploads\/2021\/10\/Muntanya-thumb.jpg\" alt=\"null\">\n\t<h3  data-ultimate-target='#interactive-banner-1-wrap-2764 .bb-top-title '  data-responsive-json-new='{\"font-size\":\"\",\"line-height\":\"\"}'  class=\"title-center bb-top-title ult-responsive\" style=\"font-weight:normal;background:#242424;color:#ffffff;\">Descubre la monta\u00f1a<\/h3>\n\t<div class=\"mask opaque-background\" style=\"background:rgba(35,35,35,0.41);\">\n\t\t<div  data-ultimate-target='#interactive-banner-1-wrap-2764 .bb-description'  data-responsive-json-new='{\"font-size\":\"\",\"line-height\":\"\"}'  class=\"bb-description ult-responsive\" style=\"font-weight:normal;color:#ffffff;\"><\/div>\n\t<\/div><a class=\"bb-link\" href=\"https:\/\/visittossa.com\/es\/rutas-y-naturaleza\/descubre-la-montana\/\" title=\"Descubre la monta\u00f1a\" ><\/a>\n<\/div><\/div><\/div><\/div><div class=\"vc_col-sm-3 wpb_column vc_column_container\"><div class=\"vc_column-inner\"><div class=\"wpb_wrapper\">\n<div id=\"interactive-banner-1-wrap-8098\" class=\"ult-banner-block ult-adjust-bottom-margin ult-bb-box  banner-style01 \"   style=\"\">\n\t<img decoding=\"async\" src=\"https:\/\/visittossa.com\/wp-content\/uploads\/2021\/10\/Camins-de-Ronda-thumb.jpg\" alt=\"null\">\n\t<h3  data-ultimate-target='#interactive-banner-1-wrap-8098 .bb-top-title '  data-responsive-json-new='{\"font-size\":\"\",\"line-height\":\"\"}'  class=\"title-center bb-top-title ult-responsive\" style=\"font-weight:normal;background:#242424;color:#ffffff;\">Caminos de ronda<\/h3>\n\t<div class=\"mask opaque-background\" style=\"background:rgba(35,35,35,0.41);\">\n\t\t<div  data-ultimate-target='#interactive-banner-1-wrap-8098 .bb-description'  data-responsive-json-new='{\"font-size\":\"\",\"line-height\":\"\"}'  class=\"bb-description ult-responsive\" style=\"font-weight:normal;color:#ffffff;\"><\/div>\n\t<\/div><a class=\"bb-link\" href=\"https:\/\/visittossa.com\/es\/rutas-y-naturaleza\/caminos-de-ronda\/\" title=\"Caminos de ronda\" ><\/a>\n<\/div><\/div><\/div><\/div><div class=\"vc_col-sm-3 wpb_column vc_column_container active\"><div class=\"vc_column-inner\"><div class=\"wpb_wrapper\">\n<div id=\"interactive-banner-1-wrap-1612\" class=\"ult-banner-block ult-adjust-bottom-margin ult-bb-box  banner-style01 \"   style=\"\">\n\t<img decoding=\"async\" src=\"https:\/\/visittossa.com\/wp-content\/uploads\/2021\/10\/parcs-thumb.jpg\" alt=\"null\">\n\t<h3  data-ultimate-target='#interactive-banner-1-wrap-1612 .bb-top-title '  data-responsive-json-new='{\"font-size\":\"\",\"line-height\":\"\"}'  class=\"title-center bb-top-title ult-responsive\" style=\"font-weight:normal;background:#242424;color:#ffffff;\">Parques<\/h3>\n\t<div class=\"mask opaque-background\" style=\"background:rgba(35,35,35,0.41);\">\n\t\t<div  data-ultimate-target='#interactive-banner-1-wrap-1612 .bb-description'  data-responsive-json-new='{\"font-size\":\"\",\"line-height\":\"\"}'  class=\"bb-description ult-responsive\" style=\"font-weight:normal;color:#ffffff;\"><\/div>\n\t<\/div><a class=\"bb-link\" href=\"https:\/\/visittossa.com\/es\/rutas-y-naturaleza\/parques\/\" title=\"Parques\" ><\/a>\n<\/div><\/div><\/div><\/div><\/div><\/div><\/div><\/div><\/div><\/div><\/section>\n","protected":false},"excerpt":{"rendered":"Parque de Sa Riera El parque de Sa Riera es un espacio verde p\u00fablico, extenso (de unas 5 hect\u00e1reas) y llano, situado alrededor de la Riera de Tossa, a unos 500 metros del n\u00facleo urbano de la poblaci\u00f3n. Encontramos en el parque varios ambientes configurando un entorno diverso de gran valor natural y paisaj\u00edstico, que...","protected":false},"author":1,"featured_media":0,"parent":5489,"menu_order":0,"comment_status":"closed","ping_status":"closed","template":"","meta":{"_monsterinsights_skip_tracking":false,"_monsterinsights_sitenote_active":false,"_monsterinsights_sitenote_note":"","_monsterinsights_sitenote_category":0,"footnotes":""},"class_list":["post-5530","page","type-page","status-publish","hentry"],"_links":{"self":[{"href":"https:\/\/visittossa.com\/es\/wp-json\/wp\/v2\/pages\/5530","targetHints":{"allow":["GET"]}}],"collection":[{"href":"https:\/\/visittossa.com\/es\/wp-json\/wp\/v2\/pages"}],"about":[{"href":"https:\/\/visittossa.com\/es\/wp-json\/wp\/v2\/types\/page"}],"author":[{"embeddable":true,"href":"https:\/\/visittossa.com\/es\/wp-json\/wp\/v2\/users\/1"}],"replies":[{"embeddable":true,"href":"https:\/\/visittossa.com\/es\/wp-json\/wp\/v2\/comments?post=5530"}],"version-history":[{"count":6,"href":"https:\/\/visittossa.com\/es\/wp-json\/wp\/v2\/pages\/5530\/revisions"}],"predecessor-version":[{"id":10270,"href":"https:\/\/visittossa.com\/es\/wp-json\/wp\/v2\/pages\/5530\/revisions\/10270"}],"up":[{"embeddable":true,"href":"https:\/\/visittossa.com\/es\/wp-json\/wp\/v2\/pages\/5489"}],"wp:attachment":[{"href":"https:\/\/visittossa.com\/es\/wp-json\/wp\/v2\/media?parent=5530"}],"curies":[{"name":"wp","href":"https:\/\/api.w.org\/{rel}","templated":true}]}}