{"id":5524,"date":"2021-10-20T09:11:30","date_gmt":"2021-10-20T09:11:30","guid":{"rendered":"https:\/\/visittossa.com\/rutes-i-natura\/descobreix-la-muntanya\/rutes-de-senderisme\/"},"modified":"2022-08-22T12:57:08","modified_gmt":"2022-08-22T12:57:08","slug":"rutas-de-senderismo","status":"publish","type":"page","link":"https:\/\/visittossa.com\/es\/rutas-y-naturaleza\/descubre-la-montana\/rutas-de-senderismo\/","title":{"rendered":"Rutas de senderismo"},"content":{"rendered":"<section class=\"l-section wpb_row height_large width_full tossaHd with_img\" id=\"hdMd\"><div class=\"l-section-img\" style=\"background-image: url(https:\/\/visittossa.com\/wp-content\/uploads\/2021\/10\/senderisme-hd.jpg);background-repeat: no-repeat;\" data-img-width=\"1500\" data-img-height=\"370\"><\/div><div class=\"l-section-h i-cf\"><div class=\"g-cols vc_row type_default valign_middle\"><div class=\"vc_col-sm-12 wpb_column vc_column_container\"><div class=\"vc_column-inner\"><div class=\"wpb_wrapper\"><\/div><\/div><\/div><\/div><\/div><\/section><section class=\"l-section wpb_row height_large\" id=\"dblMd\"><div class=\"l-section-h i-cf\"><div class=\"g-cols vc_row type_default valign_top\"><div class=\"vc_col-sm-6 wpb_column vc_column_container imgCol\"><div class=\"vc_column-inner\"><div class=\"wpb_wrapper\"><div class=\"wpb_text_column tltMd\" ><div class=\"wpb_wrapper\"><h2 style=\"text-align: left;\">Ruta Puig de Cadiretes<\/h2>\n<\/div><\/div><div class=\"wpb_text_column txtMd\" ><div class=\"wpb_wrapper\"><p><strong>Nivel de dificultad:<\/strong> f\u00e1cil<br \/>\n<strong>Distancia del recorrido:<\/strong> 15,1 Km<br \/>\n<strong>Altura m\u00e1xima:<\/strong> 519 m.<br \/>\n<strong>Tiempo estimado:<\/strong> 4 h 10 min.<br \/>\n<strong>Lugar de salida:<\/strong> Oficina de turismo \/ Parque de Sa Riera<\/p>\n<\/div><\/div><div class=\"w-image us_custom_d9d2068f align_none\"><div class=\"w-image-h\"><img loading=\"lazy\" decoding=\"async\" width=\"1149\" height=\"538\" src=\"https:\/\/visittossa.com\/wp-content\/uploads\/2021\/10\/Ruta-Puig-de-Cadiretes-1.png\" class=\"attachment-full size-full\" alt=\"\" srcset=\"https:\/\/visittossa.com\/wp-content\/uploads\/2021\/10\/Ruta-Puig-de-Cadiretes-1.png 1149w, https:\/\/visittossa.com\/wp-content\/uploads\/2021\/10\/Ruta-Puig-de-Cadiretes-1-300x140.png 300w, https:\/\/visittossa.com\/wp-content\/uploads\/2021\/10\/Ruta-Puig-de-Cadiretes-1-1024x479.png 1024w\" sizes=\"auto, (max-width: 1149px) 100vw, 1149px\" \/><\/div><\/div><div class=\"wpb_text_column txtMd\" ><div class=\"wpb_wrapper\"><p>Itinerario circular que rodea la sierra de Montllor y llega hasta el punto m\u00e1s elevado del macizo de Ardenya Cadiretes, situado en el puig de ses Cadiretes (519 m). Desde la cima se contempla una impresionante vista panor\u00e1mica, que incluye una gran masa forestal de bosque t\u00edpicamente mediterr\u00e1neo. Todo el recorrido se realiza por pistas en perfectas condiciones, excepto un corto tramo de sendero que da acceso a la cima, donde hay que superar un \u00faltimo paso de rocas, en el que se debe extremar la precauci\u00f3n. La pendiente es considerable.<\/p>\n<\/div><\/div><\/div><\/div><\/div><div class=\"vc_col-sm-6 wpb_column vc_column_container infoCol\"><div class=\"vc_column-inner\"><div class=\"wpb_wrapper\"><div class=\"w-image align_none\"><a target=\"_blank\" href=\"https:\/\/visittossa.com\/wp-content\/uploads\/2022\/02\/Fulleto_CATALA.pdf\" rel=\"noopener\" aria-label=\"Enlace\" class=\"w-image-h\"><img loading=\"lazy\" decoding=\"async\" width=\"611\" height=\"458\" src=\"https:\/\/visittossa.com\/wp-content\/uploads\/2021\/10\/Ruta-Puig-de-Cadiretes-img.jpg\" class=\"attachment-full size-full\" alt=\"\" srcset=\"https:\/\/visittossa.com\/wp-content\/uploads\/2021\/10\/Ruta-Puig-de-Cadiretes-img.jpg 611w, https:\/\/visittossa.com\/wp-content\/uploads\/2021\/10\/Ruta-Puig-de-Cadiretes-img-300x225.jpg 300w\" sizes=\"auto, (max-width: 611px) 100vw, 611px\" \/><\/a><\/div><\/div><\/div><\/div><\/div><\/div><\/section><section class=\"l-section wpb_row height_large\" id=\"dblMd\"><div class=\"l-section-h i-cf\"><div class=\"g-cols vc_row type_default valign_top\"><div class=\"vc_col-sm-6 wpb_column vc_column_container imgCol\"><div class=\"vc_column-inner\"><div class=\"wpb_wrapper\"><div class=\"wpb_text_column tltMd\" ><div class=\"wpb_wrapper\"><h2 style=\"text-align: left;\">Ruta de Sant Grau<\/h2>\n<\/div><\/div><div class=\"wpb_text_column txtMd\" ><div class=\"wpb_wrapper\"><p><strong>Nivel de dificultad:<\/strong> Baja<br \/>\n<strong>Distancia del recorrido:<\/strong> 15,2 Km<br \/>\n<strong>Altura m\u00e1xima:<\/strong> 400 m.<br \/>\n<strong>Tiempo estimado:<\/strong> 4 h (ida 2 h 15 min y vuelta 1 h 45 min)<br \/>\n<strong>Lugar de salida:<\/strong> Oficina de turismo \/ Parque de Sa Riera<\/p>\n<\/div><\/div><div class=\"w-image us_custom_70facfb4 align_none\"><div class=\"w-image-h\"><img loading=\"lazy\" decoding=\"async\" width=\"1165\" height=\"541\" src=\"https:\/\/visittossa.com\/wp-content\/uploads\/2021\/10\/Ruta-de-St-Grau.png\" class=\"attachment-full size-full\" alt=\"\" srcset=\"https:\/\/visittossa.com\/wp-content\/uploads\/2021\/10\/Ruta-de-St-Grau.png 1165w, https:\/\/visittossa.com\/wp-content\/uploads\/2021\/10\/Ruta-de-St-Grau-300x139.png 300w, https:\/\/visittossa.com\/wp-content\/uploads\/2021\/10\/Ruta-de-St-Grau-1024x476.png 1024w\" sizes=\"auto, (max-width: 1165px) 100vw, 1165px\" \/><\/div><\/div><div class=\"wpb_text_column txtMd\" ><div class=\"wpb_wrapper\"><p>El itinerario atraviesa bosques t\u00edpicamente mediterr\u00e1neos, de vegetaci\u00f3n muy densa y compacta, constituida sobre todo por alcornocales, pero tambi\u00e9n por encinas y pinos, para conducirnos, tras pasar por los restos de la ermita de Mare de D\u00e9u de Gr\u00e0cia, hasta el santuario de Sant Grau, situado en el coraz\u00f3n del macizo de Ardenya Cadiretes. El santuario de Sant Grau constituye un importante legado hist\u00f3rico, de leyendas y de tradici\u00f3n.<\/p>\n<\/div><\/div><\/div><\/div><\/div><div class=\"vc_col-sm-6 wpb_column vc_column_container infoCol\"><div class=\"vc_column-inner\"><div class=\"wpb_wrapper\"><div class=\"w-image align_none\"><div class=\"w-image-h\"><img loading=\"lazy\" decoding=\"async\" width=\"611\" height=\"458\" src=\"https:\/\/visittossa.com\/wp-content\/uploads\/2021\/10\/Ruta-st-Grau-img.jpg\" class=\"attachment-full size-full\" alt=\"\" srcset=\"https:\/\/visittossa.com\/wp-content\/uploads\/2021\/10\/Ruta-st-Grau-img.jpg 611w, https:\/\/visittossa.com\/wp-content\/uploads\/2021\/10\/Ruta-st-Grau-img-300x225.jpg 300w\" sizes=\"auto, (max-width: 611px) 100vw, 611px\" \/><\/div><\/div><\/div><\/div><\/div><\/div><\/div><\/section><section class=\"l-section wpb_row height_large\" id=\"dblMd\"><div class=\"l-section-h i-cf\"><div class=\"g-cols vc_row type_default valign_top\"><div class=\"vc_col-sm-6 wpb_column vc_column_container imgCol\"><div class=\"vc_column-inner\"><div class=\"wpb_wrapper\"><div class=\"wpb_text_column tltMd\" ><div class=\"wpb_wrapper\"><h2 style=\"text-align: left;\">Ruta de Ruixons<\/h2>\n<\/div><\/div><div class=\"wpb_text_column txtMd\" ><div class=\"wpb_wrapper\"><p><strong>Nivel de dificultad:<\/strong> Baja<br \/>\n<strong>Distancia del recorrido:<\/strong> 11 Km<br \/>\n<strong>Altura m\u00e1xima:<\/strong> 303 m.<br \/>\n<strong>Tiempo estimado:<\/strong> 3 h<br \/>\n<strong>Lugar de salida:<\/strong> Oficina de turismo \/ Parque de Sa Riera<\/p>\n<\/div><\/div><div class=\"w-image us_custom_70facfb4 align_none\"><div class=\"w-image-h\"><img loading=\"lazy\" decoding=\"async\" width=\"1156\" height=\"597\" src=\"https:\/\/visittossa.com\/wp-content\/uploads\/2021\/10\/Ruta-Ruixons-1.png\" class=\"attachment-full size-full\" alt=\"\" srcset=\"https:\/\/visittossa.com\/wp-content\/uploads\/2021\/10\/Ruta-Ruixons-1.png 1156w, https:\/\/visittossa.com\/wp-content\/uploads\/2021\/10\/Ruta-Ruixons-1-300x155.png 300w, https:\/\/visittossa.com\/wp-content\/uploads\/2021\/10\/Ruta-Ruixons-1-1024x529.png 1024w\" sizes=\"auto, (max-width: 1156px) 100vw, 1156px\" \/><\/div><\/div><div class=\"wpb_text_column txtMd\" ><div class=\"wpb_wrapper\"><p>Itinerario hasta los torrentes de Ruixons, ejemplo de los numerosos torrentes de r\u00e9gimen t\u00edpicamente mediterr\u00e1neo que surcan las depresiones del macizo de Ardenya Cadiretes. La naturaleza del terreno conlleva que surjan nacientes de agua, dando lugar a toda una serie de manantiales de agua natural no tratada, que manan pr\u00e1cticamente todo el a\u00f1o. El recorrido ofrece tambi\u00e9n unas espl\u00e9ndidas vistas de la costa norte del municipio.<\/p>\n<\/div><\/div><\/div><\/div><\/div><div class=\"vc_col-sm-6 wpb_column vc_column_container infoCol\"><div class=\"vc_column-inner\"><div class=\"wpb_wrapper\"><div class=\"w-image align_none\"><div class=\"w-image-h\"><img loading=\"lazy\" decoding=\"async\" width=\"611\" height=\"458\" src=\"https:\/\/visittossa.com\/wp-content\/uploads\/2021\/10\/Ruta-Ruixons.jpg\" class=\"attachment-full size-full\" alt=\"\" srcset=\"https:\/\/visittossa.com\/wp-content\/uploads\/2021\/10\/Ruta-Ruixons.jpg 611w, https:\/\/visittossa.com\/wp-content\/uploads\/2021\/10\/Ruta-Ruixons-300x225.jpg 300w\" sizes=\"auto, (max-width: 611px) 100vw, 611px\" \/><\/div><\/div><\/div><\/div><\/div><\/div><\/div><\/section><section class=\"l-section wpb_row height_large\" id=\"dblMd\"><div class=\"l-section-h i-cf\"><div class=\"g-cols vc_row type_default valign_top\"><div class=\"vc_col-sm-6 wpb_column vc_column_container imgCol\"><div class=\"vc_column-inner\"><div class=\"wpb_wrapper\"><div class=\"wpb_text_column tltMd\" ><div class=\"wpb_wrapper\"><h2 style=\"text-align: left;\">Ruta Megal\u00edtica<\/h2>\n<\/div><\/div><div class=\"wpb_text_column txtMd\" ><div class=\"wpb_wrapper\"><p><strong>Nivel de dificultad:<\/strong> F\u00e1cil<br \/>\n<strong>Distancia del recorrido:<\/strong> 10,50 km<br \/>\n<strong>Altura m\u00e1xima:<\/strong> 480 m.<br \/>\n<strong>Tiempo estimado:<\/strong> 3 h<br \/>\n<strong>Lugar de salida:<\/strong> Santuario de Sant Grau.<\/p>\n<\/div><\/div><div class=\"wpb_text_column txtMd\" ><div class=\"wpb_wrapper\"><p>Este itinerario circular nos lleva a descubrir la zona elevada que rodea las cumbres de Montagut y Cadiretes partiendo del santuario de Sant Grau, y pasando por entre numerosos monumentos megal\u00edticos conservados en la zona.\u00a0 Entre ellos la joya de la corona de la ruta, la llamada &#8220;Pedra sobre altra&#8221;, literalmente, &#8220;Piedra sobre otra&#8221;. \u00bfOs imagin\u00e1is por qu\u00e9 se llama as\u00ed?<\/p>\n<p>Esta ruta no est\u00e1 se\u00f1alizada sobre el terreno, por lo que recomendamos utilizar la <a href=\"https:\/\/naturalocal.net\/es\/rutas-senderismo-catalunya\/rutas-senderismo-girona\/rutas-senderismo-tossa-de-mar\/ruta-megalitica-por-los-bosques-de-sant-grau\" target=\"_blank\" rel=\"noopener\">App de Natura Local<\/a> para guiarte.<\/p>\n<\/div><\/div><div class=\"w-separator size_small\"><\/div><div class=\"w-btn-wrapper width_auto align_left\"><a class=\"w-btn us-btn-style_1\" title=\"Folleto rutas de senderismo\" target=\"_blank\" href=\"https:\/\/visittossa.com\/wp-content\/uploads\/2022\/04\/rutas_senderismo.pdf\" rel=\"noopener\"><span class=\"w-btn-label\">ITINERARIOS Y RUTAS<\/span><\/a><\/div><\/div><\/div><\/div><div class=\"vc_col-sm-6 wpb_column vc_column_container infoCol\"><div class=\"vc_column-inner\"><div class=\"wpb_wrapper\"><div class=\"w-image align_none\"><div class=\"w-image-h\"><img loading=\"lazy\" decoding=\"async\" width=\"611\" height=\"458\" src=\"https:\/\/visittossa.com\/wp-content\/uploads\/2021\/10\/Ruta-Megalitica.jpg\" class=\"attachment-full size-full\" alt=\"\" srcset=\"https:\/\/visittossa.com\/wp-content\/uploads\/2021\/10\/Ruta-Megalitica.jpg 611w, https:\/\/visittossa.com\/wp-content\/uploads\/2021\/10\/Ruta-Megalitica-300x225.jpg 300w\" sizes=\"auto, (max-width: 611px) 100vw, 611px\" \/><\/div><\/div><\/div><\/div><\/div><\/div><\/div><\/section><section class=\"l-section wpb_row height_medium innerexp with_overlay\" id=\"experienciasMd\"><div class=\"l-section-overlay\" style=\"background: #ffffff\"><\/div><div class=\"l-section-h i-cf\"><div class=\"g-cols vc_row type_default valign_top\"><div class=\"vc_col-sm-12 wpb_column vc_column_container\"><div class=\"vc_column-inner\"><div class=\"wpb_wrapper\"><div class=\"g-cols wpb_row  type_default valign_top vc_inner\"><div class=\"vc_col-sm-1\/5 wpb_column vc_column_container\"><div class=\"vc_column-inner\"><div class=\"wpb_wrapper\"><\/div><\/div><\/div><div class=\"vc_col-sm-1\/5 wpb_column vc_column_container\"><div class=\"vc_column-inner\"><div class=\"wpb_wrapper\">\n<div id=\"interactive-banner-1-wrap-4461\" class=\"ult-banner-block ult-adjust-bottom-margin ult-bb-box  banner-style01 \"   style=\"\">\n\t<img decoding=\"async\" src=\"https:\/\/visittossa.com\/wp-content\/uploads\/2021\/10\/BOMBOLLA-MASSIS-CADIRETES.jpg\" alt=\"null\">\n\t<h3  data-ultimate-target='#interactive-banner-1-wrap-4461 .bb-top-title '  data-responsive-json-new='{\"font-size\":\"\",\"line-height\":\"\"}'  class=\"title-center bb-top-title ult-responsive\" style=\"font-weight:normal;background:#242424;color:#ffffff;\">El Macizo de Cadiretes<\/h3>\n\t<div class=\"mask opaque-background\" style=\"background:rgba(35,35,35,0.41);\">\n\t\t<div  data-ultimate-target='#interactive-banner-1-wrap-4461 .bb-description'  data-responsive-json-new='{\"font-size\":\"\",\"line-height\":\"\"}'  class=\"bb-description ult-responsive\" style=\"font-weight:normal;color:#ffffff;\"><\/div>\n\t<\/div><a class=\"bb-link\" href=\"https:\/\/visittossa.com\/es\/rutas-y-naturaleza\/descubre-la-montana\/el-macizo-de-cadiretes\/\" title=\"El Macizo de Cadiretes\" ><\/a>\n<\/div><\/div><\/div><\/div><div class=\"vc_col-sm-1\/5 wpb_column vc_column_container active\"><div class=\"vc_column-inner\"><div class=\"wpb_wrapper\">\n<div id=\"interactive-banner-1-wrap-2475\" class=\"ult-banner-block ult-adjust-bottom-margin ult-bb-box  banner-style01 \"   style=\"\">\n\t<img decoding=\"async\" src=\"https:\/\/visittossa.com\/wp-content\/uploads\/2021\/10\/BOMBOLLA-RUTES-SENDERISME.jpg\" alt=\"null\">\n\t<h3  data-ultimate-target='#interactive-banner-1-wrap-2475 .bb-top-title '  data-responsive-json-new='{\"font-size\":\"\",\"line-height\":\"\"}'  class=\"title-center bb-top-title ult-responsive\" style=\"font-weight:normal;background:#242424;color:#ffffff;\">Rutas de senderismo<\/h3>\n\t<div class=\"mask opaque-background\" style=\"background:rgba(35,35,35,0.41);\">\n\t\t<div  data-ultimate-target='#interactive-banner-1-wrap-2475 .bb-description'  data-responsive-json-new='{\"font-size\":\"\",\"line-height\":\"\"}'  class=\"bb-description ult-responsive\" style=\"font-weight:normal;color:#ffffff;\"><\/div>\n\t<\/div><a class=\"bb-link\" href=\"https:\/\/visittossa.com\/es\/rutas-y-naturaleza\/descubre-la-montana\/rutas-de-senderismo\/\" title=\"Rutas de senderismo\" ><\/a>\n<\/div><\/div><\/div><\/div><div class=\"vc_col-sm-1\/5 wpb_column vc_column_container\"><div class=\"vc_column-inner\"><div class=\"wpb_wrapper\">\n<div id=\"interactive-banner-1-wrap-7114\" class=\"ult-banner-block ult-adjust-bottom-margin ult-bb-box  banner-style01 \"   style=\"\">\n\t<img decoding=\"async\" src=\"https:\/\/visittossa.com\/wp-content\/uploads\/2021\/10\/Rutes-BTT.png\" alt=\"null\">\n\t<h3  data-ultimate-target='#interactive-banner-1-wrap-7114 .bb-top-title '  data-responsive-json-new='{\"font-size\":\"\",\"line-height\":\"\"}'  class=\"title-center bb-top-title ult-responsive\" style=\"font-weight:normal;background:#242424;color:#ffffff;\">Rutas de BTT<\/h3>\n\t<div class=\"mask opaque-background\" style=\"background:rgba(35,35,35,0.41);\">\n\t\t<div  data-ultimate-target='#interactive-banner-1-wrap-7114 .bb-description'  data-responsive-json-new='{\"font-size\":\"\",\"line-height\":\"\"}'  class=\"bb-description ult-responsive\" style=\"font-weight:normal;color:#ffffff;\"><\/div>\n\t<\/div><a class=\"bb-link\" href=\"https:\/\/visittossa.com\/es\/rutas-y-naturaleza\/descubre-la-montana\/rutas-de-btt\/\" title=\"Rutas de BTT\" ><\/a>\n<\/div><\/div><\/div><\/div><div class=\"vc_col-sm-1\/5 wpb_column vc_column_container\"><div class=\"vc_column-inner\"><div class=\"wpb_wrapper\"><\/div><\/div><\/div><\/div><\/div><\/div><\/div><\/div><\/div><\/section><section class=\"l-section wpb_row height_medium\" id=\"experienciasMd\"><div class=\"l-section-h i-cf\"><div class=\"g-cols vc_row type_default valign_top\"><div class=\"vc_col-sm-12 wpb_column vc_column_container\"><div class=\"vc_column-inner\"><div class=\"wpb_wrapper\"><div class=\"g-cols wpb_row  type_default valign_top vc_inner\"><div class=\"vc_col-sm-3 wpb_column vc_column_container\"><div class=\"vc_column-inner\"><div class=\"wpb_wrapper\">\n<div id=\"interactive-banner-1-wrap-3006\" class=\"ult-banner-block ult-adjust-bottom-margin ult-bb-box  banner-style01 \"   style=\"\">\n\t<img decoding=\"async\" src=\"https:\/\/visittossa.com\/wp-content\/uploads\/2021\/10\/BiosphereThumb.jpg\" alt=\"null\">\n\t<h3  data-ultimate-target='#interactive-banner-1-wrap-3006 .bb-top-title '  data-responsive-json-new='{\"font-size\":\"\",\"line-height\":\"\"}'  class=\"title-center bb-top-title ult-responsive\" style=\"font-weight:normal;background:#242424;color:#ffffff;\">Biosphere<\/h3>\n\t<div class=\"mask opaque-background\" style=\"background:rgba(35,35,35,0.41);\">\n\t\t<div  data-ultimate-target='#interactive-banner-1-wrap-3006 .bb-description'  data-responsive-json-new='{\"font-size\":\"\",\"line-height\":\"\"}'  class=\"bb-description ult-responsive\" style=\"font-weight:normal;color:#ffffff;\"><\/div>\n\t<\/div><a class=\"bb-link\" href=\"https:\/\/visittossa.com\/es\/rutas-y-naturaleza\/biosphere\/\" title=\"Biosphere\" ><\/a>\n<\/div><\/div><\/div><\/div><div class=\"vc_col-sm-3 wpb_column vc_column_container\"><div class=\"vc_column-inner\"><div class=\"wpb_wrapper\">\n<div id=\"interactive-banner-1-wrap-8440\" class=\"ult-banner-block ult-adjust-bottom-margin ult-bb-box  banner-style01 \"   style=\"\">\n\t<img decoding=\"async\" src=\"https:\/\/visittossa.com\/wp-content\/uploads\/2021\/10\/Muntanya-thumb.jpg\" alt=\"null\">\n\t<h3  data-ultimate-target='#interactive-banner-1-wrap-8440 .bb-top-title '  data-responsive-json-new='{\"font-size\":\"\",\"line-height\":\"\"}'  class=\"title-center bb-top-title ult-responsive\" style=\"font-weight:normal;background:#242424;color:#ffffff;\">Descubre la monta\u00f1a<\/h3>\n\t<div class=\"mask opaque-background\" style=\"background:rgba(35,35,35,0.41);\">\n\t\t<div  data-ultimate-target='#interactive-banner-1-wrap-8440 .bb-description'  data-responsive-json-new='{\"font-size\":\"\",\"line-height\":\"\"}'  class=\"bb-description ult-responsive\" style=\"font-weight:normal;color:#ffffff;\"><\/div>\n\t<\/div><a class=\"bb-link\" href=\"https:\/\/visittossa.com\/es\/rutas-y-naturaleza\/descubre-la-montana\/\" title=\"Descubre la monta\u00f1a\" ><\/a>\n<\/div><\/div><\/div><\/div><div class=\"vc_col-sm-3 wpb_column vc_column_container\"><div class=\"vc_column-inner\"><div class=\"wpb_wrapper\">\n<div id=\"interactive-banner-1-wrap-7837\" class=\"ult-banner-block ult-adjust-bottom-margin ult-bb-box  banner-style01 \"   style=\"\">\n\t<img decoding=\"async\" src=\"https:\/\/visittossa.com\/wp-content\/uploads\/2021\/10\/Camins-de-Ronda-thumb.jpg\" alt=\"null\">\n\t<h3  data-ultimate-target='#interactive-banner-1-wrap-7837 .bb-top-title '  data-responsive-json-new='{\"font-size\":\"\",\"line-height\":\"\"}'  class=\"title-center bb-top-title ult-responsive\" style=\"font-weight:normal;background:#242424;color:#ffffff;\">Caminos de ronda<\/h3>\n\t<div class=\"mask opaque-background\" style=\"background:rgba(35,35,35,0.41);\">\n\t\t<div  data-ultimate-target='#interactive-banner-1-wrap-7837 .bb-description'  data-responsive-json-new='{\"font-size\":\"\",\"line-height\":\"\"}'  class=\"bb-description ult-responsive\" style=\"font-weight:normal;color:#ffffff;\"><\/div>\n\t<\/div><a class=\"bb-link\" href=\"https:\/\/visittossa.com\/es\/rutas-y-naturaleza\/caminos-de-ronda\/\" title=\"Caminos de ronda\" ><\/a>\n<\/div><\/div><\/div><\/div><div class=\"vc_col-sm-3 wpb_column vc_column_container\"><div class=\"vc_column-inner\"><div class=\"wpb_wrapper\">\n<div id=\"interactive-banner-1-wrap-6654\" class=\"ult-banner-block ult-adjust-bottom-margin ult-bb-box  banner-style01 \"   style=\"\">\n\t<img decoding=\"async\" src=\"https:\/\/visittossa.com\/wp-content\/uploads\/2021\/10\/parcs-thumb.jpg\" alt=\"null\">\n\t<h3  data-ultimate-target='#interactive-banner-1-wrap-6654 .bb-top-title '  data-responsive-json-new='{\"font-size\":\"\",\"line-height\":\"\"}'  class=\"title-center bb-top-title ult-responsive\" style=\"font-weight:normal;background:#242424;color:#ffffff;\">Parques<\/h3>\n\t<div class=\"mask opaque-background\" style=\"background:rgba(35,35,35,0.41);\">\n\t\t<div  data-ultimate-target='#interactive-banner-1-wrap-6654 .bb-description'  data-responsive-json-new='{\"font-size\":\"\",\"line-height\":\"\"}'  class=\"bb-description ult-responsive\" style=\"font-weight:normal;color:#ffffff;\"><\/div>\n\t<\/div><a class=\"bb-link\" href=\"https:\/\/visittossa.com\/es\/rutas-y-naturaleza\/parques\/\" title=\"Parques\" ><\/a>\n<\/div><\/div><\/div><\/div><\/div><\/div><\/div><\/div><\/div><\/div><\/section>\n","protected":false},"excerpt":{"rendered":"Ruta Puig de Cadiretes Nivel de dificultad: f\u00e1cil Distancia del recorrido: 15,1 Km Altura m\u00e1xima: 519 m. Tiempo estimado: 4 h 10 min. Lugar de salida: Oficina de turismo \/ Parque de Sa Riera Itinerario circular que rodea la sierra de Montllor y llega hasta el punto m\u00e1s elevado del macizo de Ardenya Cadiretes, situado...","protected":false},"author":4,"featured_media":0,"parent":5507,"menu_order":0,"comment_status":"closed","ping_status":"closed","template":"","meta":{"_monsterinsights_skip_tracking":false,"_monsterinsights_sitenote_active":false,"_monsterinsights_sitenote_note":"","_monsterinsights_sitenote_category":0,"footnotes":""},"class_list":["post-5524","page","type-page","status-publish","hentry"],"_links":{"self":[{"href":"https:\/\/visittossa.com\/es\/wp-json\/wp\/v2\/pages\/5524","targetHints":{"allow":["GET"]}}],"collection":[{"href":"https:\/\/visittossa.com\/es\/wp-json\/wp\/v2\/pages"}],"about":[{"href":"https:\/\/visittossa.com\/es\/wp-json\/wp\/v2\/types\/page"}],"author":[{"embeddable":true,"href":"https:\/\/visittossa.com\/es\/wp-json\/wp\/v2\/users\/4"}],"replies":[{"embeddable":true,"href":"https:\/\/visittossa.com\/es\/wp-json\/wp\/v2\/comments?post=5524"}],"version-history":[{"count":9,"href":"https:\/\/visittossa.com\/es\/wp-json\/wp\/v2\/pages\/5524\/revisions"}],"predecessor-version":[{"id":10182,"href":"https:\/\/visittossa.com\/es\/wp-json\/wp\/v2\/pages\/5524\/revisions\/10182"}],"up":[{"embeddable":true,"href":"https:\/\/visittossa.com\/es\/wp-json\/wp\/v2\/pages\/5507"}],"wp:attachment":[{"href":"https:\/\/visittossa.com\/es\/wp-json\/wp\/v2\/media?parent=5524"}],"curies":[{"name":"wp","href":"https:\/\/api.w.org\/{rel}","templated":true}]}}