{"id":5518,"date":"2021-10-21T09:54:37","date_gmt":"2021-10-21T09:54:37","guid":{"rendered":"https:\/\/visittossa.com\/rutes-i-natura\/descobreix-la-muntanya\/rutes-de-btt\/"},"modified":"2022-09-12T10:03:49","modified_gmt":"2022-09-12T10:03:49","slug":"rutas-de-btt","status":"publish","type":"page","link":"https:\/\/visittossa.com\/es\/rutas-y-naturaleza\/descubre-la-montana\/rutas-de-btt\/","title":{"rendered":"Rutas de BTT"},"content":{"rendered":"<section class=\"l-section wpb_row height_large width_full tossaHd with_img\" id=\"hdMd\"><div class=\"l-section-img\" style=\"background-image: url(https:\/\/visittossa.com\/wp-content\/uploads\/2022\/03\/BTT_rutes_tossa_de_mar.jpg);background-repeat: no-repeat;\" data-img-width=\"1400\" data-img-height=\"270\"><\/div><div class=\"l-section-h i-cf\"><div class=\"g-cols vc_row type_default valign_middle\"><div class=\"vc_col-sm-12 wpb_column vc_column_container\"><div class=\"vc_column-inner\"><div class=\"wpb_wrapper\"><\/div><\/div><\/div><\/div><\/div><\/section><section class=\"l-section wpb_row height_large\" id=\"dblMd\"><div class=\"l-section-h i-cf\"><div class=\"g-cols vc_row type_default valign_top\"><div class=\"vc_col-sm-6 wpb_column vc_column_container imgCol\"><div class=\"vc_column-inner\"><div class=\"wpb_wrapper\"><div class=\"wpb_text_column tltMd\" ><div class=\"wpb_wrapper\"><h2 style=\"text-align: left;\">Ruta al Puig de Cadiretes<\/h2>\n<\/div><\/div><div class=\"wpb_text_column txtMd\" ><div class=\"wpb_wrapper\"><p><strong>Lugar de salida:<\/strong> punto de acogida de Tossa de Mar (al lado del pabell\u00f3n de deportes)<br \/>\n<strong>Distancia del recorrido:<\/strong> 10,98 km<br \/>\n<strong>Desnivel:<\/strong> 460 m<br \/>\n<strong>Tiempo estimado:<\/strong> 1 h<br \/>\n<strong>Nivel de dificultad:<\/strong> Muy dif\u00edcil<\/p>\n<\/div><\/div><div class=\"w-image us_custom_fb1528c0 align_none\"><div class=\"w-image-h\"><img loading=\"lazy\" decoding=\"async\" width=\"611\" height=\"178\" src=\"https:\/\/visittossa.com\/wp-content\/uploads\/2021\/10\/Puig-de-Cadiretes.png\" class=\"attachment-full size-full\" alt=\"\" srcset=\"https:\/\/visittossa.com\/wp-content\/uploads\/2021\/10\/Puig-de-Cadiretes.png 611w, https:\/\/visittossa.com\/wp-content\/uploads\/2021\/10\/Puig-de-Cadiretes-300x87.png 300w\" sizes=\"auto, (max-width: 611px) 100vw, 611px\" \/><\/div><\/div><div class=\"wpb_text_column txtMd\" ><div class=\"wpb_wrapper\"><p>Recorrido por un relieve totalmente monta\u00f1oso en pleno macizo de Cadiretes (PEIN), un paisaje dominado por la vegetaci\u00f3n mediterr\u00e1nea que permite disfrutar de incre\u00edbles panor\u00e1micas de la costa y el interior. Merece la pena acercarse al pico de Cadiretes (fuera de itinerario), que ofrece una excelente perspectiva de buena parte de la comarca y los alrededores. Itinerario duro, con fuertes pendientes. Muy recomendable para los m\u00e1s atrevidos. El descenso puede ser peligroso. Comparte parte del recorrido con el itinerario de la ruta de les planes de l\u2019Aromir.<\/p>\n<p><a href=\"https:\/\/www.laselvaturisme.com\/wp-content\/uploads\/2016\/12\/BTT-1-Puig-de-Cadiretes.pdf\" target=\"_blank\" rel=\"noopener\">+ info<\/a><\/p>\n<\/div><\/div><\/div><\/div><\/div><div class=\"vc_col-sm-6 wpb_column vc_column_container infoCol\"><div class=\"vc_column-inner\"><div class=\"wpb_wrapper\"><div class=\"w-image align_none\"><div class=\"w-image-h\"><img loading=\"lazy\" decoding=\"async\" width=\"1596\" height=\"2475\" src=\"https:\/\/visittossa.com\/wp-content\/uploads\/2022\/09\/Rutes_BTT_Tossa-scaled-e1662976044266.jpg\" class=\"attachment-full size-full\" alt=\"Rutes_BTT_Tossa\" \/><\/div><\/div><\/div><\/div><\/div><\/div><\/div><\/section><section class=\"l-section wpb_row height_large\" id=\"dblMd\"><div class=\"l-section-h i-cf\"><div class=\"g-cols vc_row type_default valign_top\"><div class=\"vc_col-sm-6 wpb_column vc_column_container imgCol\"><div class=\"vc_column-inner\"><div class=\"wpb_wrapper\"><div class=\"wpb_text_column tltMd\" ><div class=\"wpb_wrapper\"><h2 style=\"text-align: left;\">Ruta de les Planes de l&#8217;Aromir<\/h2>\n<\/div><\/div><div class=\"wpb_text_column txtMd\" ><div class=\"wpb_wrapper\"><p><strong>Lugar de salida:<\/strong> punto de acogida de Tossa de Mar (al lado del pabell\u00f3n de deportes)<br \/>\n<strong>Distancia del recorrido:<\/strong> 14,86 km<br \/>\n<strong>Desnivel:<\/strong> 200 m<br \/>\n<strong>Tiempo estimado:<\/strong> 1 h<br \/>\n<strong>Nivel de dificultad:<\/strong> Dif\u00edcil<\/p>\n<\/div><\/div><div class=\"w-image us_custom_fb1528c0 align_none\"><div class=\"w-image-h\"><img loading=\"lazy\" decoding=\"async\" width=\"611\" height=\"178\" src=\"https:\/\/visittossa.com\/wp-content\/uploads\/2021\/10\/Planes-de-Aromir.png\" class=\"attachment-full size-full\" alt=\"\" srcset=\"https:\/\/visittossa.com\/wp-content\/uploads\/2021\/10\/Planes-de-Aromir.png 611w, https:\/\/visittossa.com\/wp-content\/uploads\/2021\/10\/Planes-de-Aromir-300x87.png 300w\" sizes=\"auto, (max-width: 611px) 100vw, 611px\" \/><\/div><\/div><div class=\"wpb_text_column txtMd\" ><div class=\"wpb_wrapper\"><p>Como en el caso del itinerario de la ruta de Puig de Cadiretes, con el cual comparte parte del recorrido, la ruta transcurre por el macizo de Cadiretes. Esta, en cambio, es menos exigente y alterna los tramos con ascenso y descensos por fuertes pendientes con tramos pr\u00e1cticamente llanos y de f\u00e1cil pedaleo, que permiten recuperar fuerzas. De vez en cuando, los caminos completamente &#8220;cerrados&#8221; por la vegetaci\u00f3n de las monta\u00f1as litorales dan paso a claros que dejan ver excelentes panor\u00e1micas de la costa.<\/p>\n<p><a href=\"https:\/\/www.laselvaturisme.com\/wp-content\/uploads\/2017\/01\/BTT-2-Les-planes-de-Aromir.pdf\" target=\"_blank\" rel=\"noopener\">+ info<\/a><\/p>\n<\/div><\/div><\/div><\/div><\/div><div class=\"vc_col-sm-6 wpb_column vc_column_container infoCol\"><div class=\"vc_column-inner\"><div class=\"wpb_wrapper\"><div class=\"w-separator size_huge\"><\/div><div class=\"w-image align_none\"><div class=\"w-image-h\"><img loading=\"lazy\" decoding=\"async\" width=\"720\" height=\"481\" src=\"https:\/\/visittossa.com\/wp-content\/uploads\/2022\/04\/FB_IMG_1647526055083.jpg\" class=\"attachment-large size-large\" alt=\"Bicicleta Tossa\" srcset=\"https:\/\/visittossa.com\/wp-content\/uploads\/2022\/04\/FB_IMG_1647526055083.jpg 720w, https:\/\/visittossa.com\/wp-content\/uploads\/2022\/04\/FB_IMG_1647526055083-300x200.jpg 300w\" sizes=\"auto, (max-width: 720px) 100vw, 720px\" \/><\/div><\/div><\/div><\/div><\/div><\/div><\/div><\/section><section class=\"l-section wpb_row height_large\" id=\"dblMd\"><div class=\"l-section-h i-cf\"><div class=\"g-cols vc_row type_default valign_top\"><div class=\"vc_col-sm-6 wpb_column vc_column_container imgCol\"><div class=\"vc_column-inner\"><div class=\"wpb_wrapper\"><div class=\"wpb_text_column tltMd\" ><div class=\"wpb_wrapper\"><h2 style=\"text-align: left;\">Ruta de Aiguafina<\/h2>\n<\/div><\/div><div class=\"wpb_text_column txtMd\" ><div class=\"wpb_wrapper\"><p><strong>Lugar de salida:<\/strong> punto de acogida de Tossa de Mar (al lado del pabell\u00f3n de deportes)<br \/>\n<strong>Distancia del recorrido:<\/strong> 18,41 km<br \/>\n<strong>Desnivel:<\/strong> 185 m<br \/>\n<strong>Tiempo estimado:<\/strong> 1 h\u00a0 15 min<br \/>\n<strong>Nivel de dificultad:<\/strong> Dif\u00edcil<\/p>\n<\/div><\/div><div class=\"w-image us_custom_fb1528c0 align_none\"><div class=\"w-image-h\"><img loading=\"lazy\" decoding=\"async\" width=\"611\" height=\"178\" src=\"https:\/\/visittossa.com\/wp-content\/uploads\/2021\/10\/Aiguafina.png\" class=\"attachment-full size-full\" alt=\"\" srcset=\"https:\/\/visittossa.com\/wp-content\/uploads\/2021\/10\/Aiguafina.png 611w, https:\/\/visittossa.com\/wp-content\/uploads\/2021\/10\/Aiguafina-300x87.png 300w\" sizes=\"auto, (max-width: 611px) 100vw, 611px\" \/><\/div><\/div><div class=\"wpb_text_column txtMd\" ><div class=\"wpb_wrapper\"><p>Recorrido bastante al alcance de cualquier usuario, excepto alg\u00fan paso m\u00e1s complicado. Es el m\u00e1s asequible de Tossa de Mar. El desnivel es poco importante y el paisaje, variado: cultivos, fragmentos de bosque mediterr\u00e1neo, bosques ribere\u00f1os, rieras litorales&#8230;<\/p>\n<p><a href=\"https:\/\/www.laselvaturisme.com\/wp-content\/uploads\/2016\/12\/BTT-3-Aiguafina.pdf\" target=\"_blank\" rel=\"noopener\">+ info<\/a><\/p>\n<\/div><\/div><\/div><\/div><\/div><div class=\"vc_col-sm-6 wpb_column vc_column_container infoCol\"><div class=\"vc_column-inner\"><div class=\"wpb_wrapper\"><div class=\"w-separator size_huge\"><\/div><div class=\"w-image align_none\"><div class=\"w-image-h\"><img loading=\"lazy\" decoding=\"async\" width=\"1024\" height=\"768\" src=\"https:\/\/visittossa.com\/wp-content\/uploads\/2022\/04\/image00004-1024x768.jpeg\" class=\"attachment-large size-large\" alt=\"Tossa bicicleta monta\u00f1a\" srcset=\"https:\/\/visittossa.com\/wp-content\/uploads\/2022\/04\/image00004-1024x768.jpeg 1024w, https:\/\/visittossa.com\/wp-content\/uploads\/2022\/04\/image00004-300x225.jpeg 300w\" sizes=\"auto, (max-width: 1024px) 100vw, 1024px\" \/><\/div><\/div><\/div><\/div><\/div><\/div><\/div><\/section><section class=\"l-section wpb_row height_medium innerexp with_overlay\" id=\"experienciasMd\"><div class=\"l-section-overlay\" style=\"background: #ffffff\"><\/div><div class=\"l-section-h i-cf\"><div class=\"g-cols vc_row type_default valign_top\"><div class=\"vc_col-sm-12 wpb_column vc_column_container\"><div class=\"vc_column-inner\"><div class=\"wpb_wrapper\"><div class=\"g-cols wpb_row  type_default valign_top vc_inner\"><div class=\"vc_col-sm-1\/5 wpb_column vc_column_container\"><div class=\"vc_column-inner\"><div class=\"wpb_wrapper\"><\/div><\/div><\/div><div class=\"vc_col-sm-1\/5 wpb_column vc_column_container\"><div class=\"vc_column-inner\"><div class=\"wpb_wrapper\">\n<div id=\"interactive-banner-1-wrap-4593\" class=\"ult-banner-block ult-adjust-bottom-margin ult-bb-box  banner-style01 \"   style=\"\">\n\t<img decoding=\"async\" src=\"https:\/\/visittossa.com\/wp-content\/uploads\/2021\/10\/BOMBOLLA-MASSIS-CADIRETES.jpg\" alt=\"null\">\n\t<h3  data-ultimate-target='#interactive-banner-1-wrap-4593 .bb-top-title '  data-responsive-json-new='{\"font-size\":\"\",\"line-height\":\"\"}'  class=\"title-center bb-top-title ult-responsive\" style=\"font-weight:normal;background:#242424;color:#ffffff;\">El Macizo de Cadiretes<\/h3>\n\t<div class=\"mask opaque-background\" style=\"background:rgba(35,35,35,0.41);\">\n\t\t<div  data-ultimate-target='#interactive-banner-1-wrap-4593 .bb-description'  data-responsive-json-new='{\"font-size\":\"\",\"line-height\":\"\"}'  class=\"bb-description ult-responsive\" style=\"font-weight:normal;color:#ffffff;\"><\/div>\n\t<\/div><a class=\"bb-link\" href=\"https:\/\/visittossa.com\/es\/rutas-y-naturaleza\/descubre-la-montana\/el-macizo-de-cadiretes\/\" title=\"El Macizo de Cadiretes\" ><\/a>\n<\/div><\/div><\/div><\/div><div class=\"vc_col-sm-1\/5 wpb_column vc_column_container\"><div class=\"vc_column-inner\"><div class=\"wpb_wrapper\">\n<div id=\"interactive-banner-1-wrap-9888\" class=\"ult-banner-block ult-adjust-bottom-margin ult-bb-box  banner-style01 \"   style=\"\">\n\t<img decoding=\"async\" src=\"https:\/\/visittossa.com\/wp-content\/uploads\/2021\/10\/BOMBOLLA-RUTES-SENDERISME.jpg\" alt=\"null\">\n\t<h3  data-ultimate-target='#interactive-banner-1-wrap-9888 .bb-top-title '  data-responsive-json-new='{\"font-size\":\"\",\"line-height\":\"\"}'  class=\"title-center bb-top-title ult-responsive\" style=\"font-weight:normal;background:#242424;color:#ffffff;\">Rutas de senderismo<\/h3>\n\t<div class=\"mask opaque-background\" style=\"background:rgba(35,35,35,0.41);\">\n\t\t<div  data-ultimate-target='#interactive-banner-1-wrap-9888 .bb-description'  data-responsive-json-new='{\"font-size\":\"\",\"line-height\":\"\"}'  class=\"bb-description ult-responsive\" style=\"font-weight:normal;color:#ffffff;\"><\/div>\n\t<\/div><a class=\"bb-link\" href=\"https:\/\/visittossa.com\/es\/rutas-y-naturaleza\/descubre-la-montana\/rutas-de-senderismo\/\" title=\"Rutas de senderismo\" ><\/a>\n<\/div><\/div><\/div><\/div><div class=\"vc_col-sm-1\/5 wpb_column vc_column_container active\"><div class=\"vc_column-inner\"><div class=\"wpb_wrapper\">\n<div id=\"interactive-banner-1-wrap-6175\" class=\"ult-banner-block ult-adjust-bottom-margin ult-bb-box  banner-style01 \"   style=\"\">\n\t<img decoding=\"async\" src=\"https:\/\/visittossa.com\/wp-content\/uploads\/2021\/10\/Rutes-BTT.png\" alt=\"null\">\n\t<h3  data-ultimate-target='#interactive-banner-1-wrap-6175 .bb-top-title '  data-responsive-json-new='{\"font-size\":\"\",\"line-height\":\"\"}'  class=\"title-center bb-top-title ult-responsive\" style=\"font-weight:normal;background:#242424;color:#ffffff;\">Rutas de BTT<\/h3>\n\t<div class=\"mask opaque-background\" style=\"background:rgba(35,35,35,0.41);\">\n\t\t<div  data-ultimate-target='#interactive-banner-1-wrap-6175 .bb-description'  data-responsive-json-new='{\"font-size\":\"\",\"line-height\":\"\"}'  class=\"bb-description ult-responsive\" style=\"font-weight:normal;color:#ffffff;\"><\/div>\n\t<\/div><a class=\"bb-link\" href=\"https:\/\/visittossa.com\/es\/rutas-y-naturaleza\/descubre-la-montana\/rutas-de-btt\/\" title=\"Rutas de BTT\" ><\/a>\n<\/div><\/div><\/div><\/div><div class=\"vc_col-sm-1\/5 wpb_column vc_column_container\"><div class=\"vc_column-inner\"><div class=\"wpb_wrapper\"><\/div><\/div><\/div><\/div><\/div><\/div><\/div><\/div><\/div><\/section><section class=\"l-section wpb_row height_medium\" id=\"experienciasMd\"><div class=\"l-section-h i-cf\"><div class=\"g-cols vc_row type_default valign_top\"><div class=\"vc_col-sm-12 wpb_column vc_column_container\"><div class=\"vc_column-inner\"><div class=\"wpb_wrapper\"><div class=\"g-cols wpb_row  type_default valign_top vc_inner\"><div class=\"vc_col-sm-3 wpb_column vc_column_container\"><div class=\"vc_column-inner\"><div class=\"wpb_wrapper\">\n<div id=\"interactive-banner-1-wrap-3847\" class=\"ult-banner-block ult-adjust-bottom-margin ult-bb-box  banner-style01 \"   style=\"\">\n\t<img decoding=\"async\" src=\"https:\/\/visittossa.com\/wp-content\/uploads\/2021\/10\/BiosphereThumb.jpg\" alt=\"null\">\n\t<h3  data-ultimate-target='#interactive-banner-1-wrap-3847 .bb-top-title '  data-responsive-json-new='{\"font-size\":\"\",\"line-height\":\"\"}'  class=\"title-center bb-top-title ult-responsive\" style=\"font-weight:normal;background:#242424;color:#ffffff;\">Biosphere<\/h3>\n\t<div class=\"mask opaque-background\" style=\"background:rgba(35,35,35,0.41);\">\n\t\t<div  data-ultimate-target='#interactive-banner-1-wrap-3847 .bb-description'  data-responsive-json-new='{\"font-size\":\"\",\"line-height\":\"\"}'  class=\"bb-description ult-responsive\" style=\"font-weight:normal;color:#ffffff;\"><\/div>\n\t<\/div><a class=\"bb-link\" href=\"https:\/\/visittossa.com\/es\/rutas-y-naturaleza\/biosphere\/\" title=\"Biosphere\" ><\/a>\n<\/div><\/div><\/div><\/div><div class=\"vc_col-sm-3 wpb_column vc_column_container\"><div class=\"vc_column-inner\"><div class=\"wpb_wrapper\">\n<div id=\"interactive-banner-1-wrap-7865\" class=\"ult-banner-block ult-adjust-bottom-margin ult-bb-box  banner-style01 \"   style=\"\">\n\t<img decoding=\"async\" src=\"https:\/\/visittossa.com\/wp-content\/uploads\/2021\/10\/Muntanya-thumb.jpg\" alt=\"null\">\n\t<h3  data-ultimate-target='#interactive-banner-1-wrap-7865 .bb-top-title '  data-responsive-json-new='{\"font-size\":\"\",\"line-height\":\"\"}'  class=\"title-center bb-top-title ult-responsive\" style=\"font-weight:normal;background:#242424;color:#ffffff;\">Descubre la monta\u00f1a<\/h3>\n\t<div class=\"mask opaque-background\" style=\"background:rgba(35,35,35,0.41);\">\n\t\t<div  data-ultimate-target='#interactive-banner-1-wrap-7865 .bb-description'  data-responsive-json-new='{\"font-size\":\"\",\"line-height\":\"\"}'  class=\"bb-description ult-responsive\" style=\"font-weight:normal;color:#ffffff;\"><\/div>\n\t<\/div><a class=\"bb-link\" href=\"https:\/\/visittossa.com\/es\/rutas-y-naturaleza\/descubre-la-montana\/\" title=\"Descubre la monta\u00f1a\" ><\/a>\n<\/div><\/div><\/div><\/div><div class=\"vc_col-sm-3 wpb_column vc_column_container\"><div class=\"vc_column-inner\"><div class=\"wpb_wrapper\">\n<div id=\"interactive-banner-1-wrap-4941\" class=\"ult-banner-block ult-adjust-bottom-margin ult-bb-box  banner-style01 \"   style=\"\">\n\t<img decoding=\"async\" src=\"https:\/\/visittossa.com\/wp-content\/uploads\/2021\/10\/Camins-de-Ronda-thumb.jpg\" alt=\"null\">\n\t<h3  data-ultimate-target='#interactive-banner-1-wrap-4941 .bb-top-title '  data-responsive-json-new='{\"font-size\":\"\",\"line-height\":\"\"}'  class=\"title-center bb-top-title ult-responsive\" style=\"font-weight:normal;background:#242424;color:#ffffff;\">Caminos de ronda<\/h3>\n\t<div class=\"mask opaque-background\" style=\"background:rgba(35,35,35,0.41);\">\n\t\t<div  data-ultimate-target='#interactive-banner-1-wrap-4941 .bb-description'  data-responsive-json-new='{\"font-size\":\"\",\"line-height\":\"\"}'  class=\"bb-description ult-responsive\" style=\"font-weight:normal;color:#ffffff;\"><\/div>\n\t<\/div><a class=\"bb-link\" href=\"https:\/\/visittossa.com\/es\/rutas-y-naturaleza\/caminos-de-ronda\/\" title=\"Caminos de ronda\" ><\/a>\n<\/div><\/div><\/div><\/div><div class=\"vc_col-sm-3 wpb_column vc_column_container\"><div class=\"vc_column-inner\"><div class=\"wpb_wrapper\">\n<div id=\"interactive-banner-1-wrap-5220\" class=\"ult-banner-block ult-adjust-bottom-margin ult-bb-box  banner-style01 \"   style=\"\">\n\t<img decoding=\"async\" src=\"https:\/\/visittossa.com\/wp-content\/uploads\/2021\/10\/parcs-thumb.jpg\" alt=\"null\">\n\t<h3  data-ultimate-target='#interactive-banner-1-wrap-5220 .bb-top-title '  data-responsive-json-new='{\"font-size\":\"\",\"line-height\":\"\"}'  class=\"title-center bb-top-title ult-responsive\" style=\"font-weight:normal;background:#242424;color:#ffffff;\">Parques<\/h3>\n\t<div class=\"mask opaque-background\" style=\"background:rgba(35,35,35,0.41);\">\n\t\t<div  data-ultimate-target='#interactive-banner-1-wrap-5220 .bb-description'  data-responsive-json-new='{\"font-size\":\"\",\"line-height\":\"\"}'  class=\"bb-description ult-responsive\" style=\"font-weight:normal;color:#ffffff;\"><\/div>\n\t<\/div><a class=\"bb-link\" href=\"https:\/\/visittossa.com\/es\/rutas-y-naturaleza\/parques\/\" title=\"Parques\" ><\/a>\n<\/div><\/div><\/div><\/div><\/div><\/div><\/div><\/div><\/div><\/div><\/section>\n","protected":false},"excerpt":{"rendered":"Ruta al Puig de Cadiretes Lugar de salida: punto de acogida de Tossa de Mar (al lado del pabell\u00f3n de deportes) Distancia del recorrido: 10,98 km Desnivel: 460 m Tiempo estimado: 1 h Nivel de dificultad: Muy dif\u00edcil Recorrido por un relieve totalmente monta\u00f1oso en pleno macizo de Cadiretes (PEIN), un paisaje dominado por la...","protected":false},"author":1,"featured_media":0,"parent":5507,"menu_order":0,"comment_status":"closed","ping_status":"closed","template":"","meta":{"_monsterinsights_skip_tracking":false,"_monsterinsights_sitenote_active":false,"_monsterinsights_sitenote_note":"","_monsterinsights_sitenote_category":0,"footnotes":""},"class_list":["post-5518","page","type-page","status-publish","hentry"],"_links":{"self":[{"href":"https:\/\/visittossa.com\/es\/wp-json\/wp\/v2\/pages\/5518","targetHints":{"allow":["GET"]}}],"collection":[{"href":"https:\/\/visittossa.com\/es\/wp-json\/wp\/v2\/pages"}],"about":[{"href":"https:\/\/visittossa.com\/es\/wp-json\/wp\/v2\/types\/page"}],"author":[{"embeddable":true,"href":"https:\/\/visittossa.com\/es\/wp-json\/wp\/v2\/users\/1"}],"replies":[{"embeddable":true,"href":"https:\/\/visittossa.com\/es\/wp-json\/wp\/v2\/comments?post=5518"}],"version-history":[{"count":8,"href":"https:\/\/visittossa.com\/es\/wp-json\/wp\/v2\/pages\/5518\/revisions"}],"predecessor-version":[{"id":11087,"href":"https:\/\/visittossa.com\/es\/wp-json\/wp\/v2\/pages\/5518\/revisions\/11087"}],"up":[{"embeddable":true,"href":"https:\/\/visittossa.com\/es\/wp-json\/wp\/v2\/pages\/5507"}],"wp:attachment":[{"href":"https:\/\/visittossa.com\/es\/wp-json\/wp\/v2\/media?parent=5518"}],"curies":[{"name":"wp","href":"https:\/\/api.w.org\/{rel}","templated":true}]}}