{"id":5471,"date":"2021-12-10T09:50:02","date_gmt":"2021-12-10T09:50:02","guid":{"rendered":"https:\/\/visittossa.com\/politica-de-cookies\/"},"modified":"2022-05-24T07:18:24","modified_gmt":"2022-05-24T07:18:24","slug":"politica-de-cookies","status":"publish","type":"page","link":"https:\/\/visittossa.com\/es\/politica-de-cookies\/","title":{"rendered":"Pol\u00edtica de cookies"},"content":{"rendered":"<section class=\"l-section wpb_row height_medium\"><div class=\"l-section-h i-cf\"><div class=\"g-cols vc_row type_default valign_top\"><div class=\"vc_col-sm-12 wpb_column vc_column_container\"><div class=\"vc_column-inner\"><div class=\"wpb_wrapper\"><div class=\"wpb_text_column\" ><div class=\"wpb_wrapper\"><h2>Pol\u00edtica de cookies<\/h2>\n<\/div><\/div><div class=\"wpb_text_column\" ><div class=\"wpb_wrapper\"><p>Utilizamos cookies con el objetivo de prestar un mejor servicio y procurarte una mejor experiencia en tu navegaci\u00f3n. A tal fin, a continuaci\u00f3n te informamos de manera clara y precisa sobre, qu\u00e9 es una cookie, para qu\u00e9 sirve, cu\u00e1l es su finalidad y c\u00f3mo configurarlas o deshabilitarlas si as\u00ed lo deseas.<\/p>\n<h3><strong>1.- \u00bfQU\u00c9 ES UNA COOKIE?<\/strong><\/h3>\n<p>Una Cookie es un archivo que se almacena en el ordenador del usuario, tel\u00e9fono smartphone o cualquier otro dispositivo con informaci\u00f3n sobre la navegaci\u00f3n. El conjunto de Cookies ayuda a mejorar la calidad del website, permitiendo controlar qu\u00e9 p\u00e1ginas son \u00fatiles, cu\u00e1les no y cu\u00e1les son susceptibles de mejora. Las cookies son esenciales para el funcionamiento de internet, aportando innumerables ventajas en la prestaci\u00f3n de servicios interactivos, facilitando la navegaci\u00f3n y usabilidad de nuestra web. En ning\u00fan caso las cookies son da\u00f1inas para los equipos, sino que ayudan, entre otras finalidades, a identificar y resolver los errores.<\/p>\n<h3><strong>2.- \u00bfQU\u00c9 TIPOS DE COOKIES EXISTEN?<\/strong><\/h3>\n<p><strong>Seg\u00fan la entidad que la gestiona:<\/strong><\/p>\n<ul>\n<li><strong>Cookies propias:<\/strong>\u00a0Son aqu\u00e9llas que se env\u00edan al equipo terminal del usuario desde un equipo o dominio propio y desde el que se presta el servicio o facilita la informaci\u00f3n solicitada por el usuario.<\/li>\n<li><strong>Cookies de terceros:<\/strong>\u00a0Son aqu\u00e9llas que se env\u00edan al equipo terminal del usuario desde un equipo o dominio gestionado por otra entidad que trata los datos obtenidos a trav\u00e9s de las cookies (redes sociales, buscadores\u2026). En el caso de que las cookies sean instaladas desde un equipo o dominio propio pero la informaci\u00f3n que se recoja mediante \u00e9stas sea gestionada por un tercero, no pueden ser consideradas como cookies propias.<\/li>\n<\/ul>\n<p><strong>Seg\u00fan el plazo de tiempo que permanecen activadas:<\/strong><\/p>\n<ul>\n<li><strong>Cookies de sesi\u00f3n:<\/strong>\u00a0Son un tipo de cookies dise\u00f1adas para recabar y almacenar datos mientras el usuario accede a una p\u00e1gina web. Se suelen emplear para almacenar informaci\u00f3n que solo interesa conservar para la prestaci\u00f3n del servicio solicitado por el usuario en una sola ocasi\u00f3n. A la larga, permite proporcionar una mejor experiencia para mejorar el contenido y facilitar su uso.<\/li>\n<li><strong>Cookies persistentes:<\/strong>\u00a0Son un tipo de cookies en el que los datos siguen almacenados en el terminal y pueden ser accedidos y tratados durante un periodo definido por el responsable de la cookie.<\/li>\n<\/ul>\n<p><strong>Seg\u00fan su finalidad:<\/strong><\/p>\n<ul>\n<li><strong>Cookies t\u00e9cnicas:<\/strong>\u00a0Son aqu\u00e9llas que permiten al usuario la navegaci\u00f3n a trav\u00e9s de una p\u00e1gina web, plataforma o aplicaci\u00f3n y la utilizaci\u00f3n de las diferentes opciones o servicios que en ella existan como, por ejemplo, controlar el tr\u00e1fico y la comunicaci\u00f3n de datos, identificar la sesi\u00f3n, acceder a partes de acceso restringido.<\/li>\n<li><strong>Cookies de personalizaci\u00f3n:<\/strong>\u00a0Son aqu\u00e9llas que permiten al usuario acceder al servicio con algunas caracter\u00edsticas de car\u00e1cter general predefinidas en funci\u00f3n de una serie de criterios en el terminal del usuario como por ejemplo serian el idioma, el tipo de navegador a trav\u00e9s del cual accede al servicio, la configuraci\u00f3n regional desde donde accede al servicio, etc.<\/li>\n<li><strong>Cookies de an\u00e1lisis:<\/strong>\u00a0Son aqu\u00e9llas que permiten al responsable de las mismas, el seguimiento y an\u00e1lisis del comportamiento de los usuarios de los sitios web a los que est\u00e1n vinculadas. La informaci\u00f3n recogida mediante este tipo de cookies se utiliza en la medici\u00f3n de la actividad de los sitios web, aplicaci\u00f3n o plataforma y para la elaboraci\u00f3n de perfiles de navegaci\u00f3n de los usuarios de dichos sitios, aplicaciones y plataformas, con el fin de introducir mejoras en funci\u00f3n del an\u00e1lisis de los datos de uso que hacen los usuarios del servicio.<\/li>\n<li><strong>Cookies publicitarias:<\/strong>\u00a0Son aqu\u00e9llas que permiten la gesti\u00f3n, de la forma m\u00e1s eficaz posible, de los espacios publicitarios que se hayan incluido en la p\u00e1gina web, aplicaci\u00f3n o plataforma desde la que presta el servicio solicitado en base a criterios como el contenido editado o la frecuencia en la que se muestran los anuncios.<\/li>\n<li><strong>Cookies de publicidad comportamental:<\/strong>\u00a0Son aqu\u00e9llas que permiten la gesti\u00f3n, de la forma m\u00e1s eficaz posible, de los espacios publicitarios que se hayan incluido en una p\u00e1gina web, aplicaci\u00f3n o plataforma desde la que presta el servicio solicitado. Estas cookies almacenan informaci\u00f3n del comportamiento de los usuarios obtenida a trav\u00e9s de la observaci\u00f3n continuada de sus h\u00e1bitos de navegaci\u00f3n, lo que permite desarrollar un perfil espec\u00edfico para mostrar publicidad en funci\u00f3n del mismo.<\/li>\n<\/ul>\n<h3><strong>3.- \u00bfC\u00d3MO PUEDES CONFIGURAR O DESHABILITAR TUS COOKIES?<\/strong><\/h3>\n<p>Puedes permitir, bloquear o eliminar las cookies instaladas en su equipo mediante la configuraci\u00f3n de las opciones de tu navegador de Internet. En caso de que no permitas la instalaci\u00f3n de cookies en tu navegador es posible que no puedas acceder a algunos de los servicios y que tu experiencia en nuestra web pueda resultar menos satisfactoria.<\/p>\n<p>A continuaci\u00f3n detallamos el procedimiento a seguir para configurar o deshabilitar las cookies, seg\u00fan el navegador utilizado:<\/p>\n<ul>\n<li><a href=\"https:\/\/support.microsoft.com\/es-es\/hub\/4338813\/windows-help?os=windows-10\"><strong>Internet Explorer<\/strong><\/a><\/li>\n<li><a href=\"https:\/\/support.mozilla.org\/es\/kb\/cookies-informacion-que-los-sitios-web-guardan-en-\"><strong>Firefox<\/strong><\/a><\/li>\n<li><a href=\"https:\/\/support.google.com\/chrome\/answer\/95647?hl=es\"><strong>Chrome<\/strong><\/a><\/li>\n<li><a href=\"https:\/\/support.apple.com\/es-es\/guide\/safari\/manage-cookies-and-website-data-sfri11471\/mac\"><strong>Safari<\/strong><\/a><\/li>\n<li><a href=\"https:\/\/support.apple.com\/es-es\/HT201265\"><strong>Safari para IOS<\/strong><\/a><\/li>\n<li><a href=\"https:\/\/www.opera.com\/help\/tutorials\/security\/cookies\/\"><strong>Opera<\/strong><\/a><\/li>\n<\/ul>\n<p>Al navegar y continuar en nuestra web nos indicas que est\u00e1s consintiendo el uso de las cookies antes anunciadas, y en las condiciones contenidas en la presente Pol\u00edtica de Cookies.<\/p>\n<\/div><\/div><\/div><\/div><\/div><\/div><\/div><\/section>\n","protected":false},"excerpt":{"rendered":"Pol\u00edtica de cookies Utilizamos cookies con el objetivo de prestar un mejor servicio y procurarte una mejor experiencia en tu navegaci\u00f3n. A tal fin, a continuaci\u00f3n te informamos de manera clara y precisa sobre, qu\u00e9 es una cookie, para qu\u00e9 sirve, cu\u00e1l es su finalidad y c\u00f3mo configurarlas o deshabilitarlas si as\u00ed lo deseas. 1.-...","protected":false},"author":1,"featured_media":0,"parent":0,"menu_order":0,"comment_status":"closed","ping_status":"closed","template":"","meta":{"_monsterinsights_skip_tracking":false,"_monsterinsights_sitenote_active":false,"_monsterinsights_sitenote_note":"","_monsterinsights_sitenote_category":0,"footnotes":""},"class_list":["post-5471","page","type-page","status-publish","hentry"],"_links":{"self":[{"href":"https:\/\/visittossa.com\/es\/wp-json\/wp\/v2\/pages\/5471","targetHints":{"allow":["GET"]}}],"collection":[{"href":"https:\/\/visittossa.com\/es\/wp-json\/wp\/v2\/pages"}],"about":[{"href":"https:\/\/visittossa.com\/es\/wp-json\/wp\/v2\/types\/page"}],"author":[{"embeddable":true,"href":"https:\/\/visittossa.com\/es\/wp-json\/wp\/v2\/users\/1"}],"replies":[{"embeddable":true,"href":"https:\/\/visittossa.com\/es\/wp-json\/wp\/v2\/comments?post=5471"}],"version-history":[{"count":2,"href":"https:\/\/visittossa.com\/es\/wp-json\/wp\/v2\/pages\/5471\/revisions"}],"predecessor-version":[{"id":9214,"href":"https:\/\/visittossa.com\/es\/wp-json\/wp\/v2\/pages\/5471\/revisions\/9214"}],"wp:attachment":[{"href":"https:\/\/visittossa.com\/es\/wp-json\/wp\/v2\/media?parent=5471"}],"curies":[{"name":"wp","href":"https:\/\/api.w.org\/{rel}","templated":true}]}}