{"id":5456,"date":"2020-10-21T17:24:08","date_gmt":"2020-10-21T17:24:08","guid":{"rendered":"https:\/\/visittossa.com\/patrimoni-cultural\/tossa-a-traves-dels-temps\/epoca-romana\/"},"modified":"2022-05-12T12:20:56","modified_gmt":"2022-05-12T12:20:56","slug":"epoca-romana","status":"publish","type":"page","link":"https:\/\/visittossa.com\/es\/patrimonio-cultural\/tossa-a-traves-del-tiempo\/epoca-romana\/","title":{"rendered":"\u00c9poca Romana"},"content":{"rendered":"<section class=\"l-section wpb_row height_large width_full tossaHd with_img\" id=\"hdMd\"><div class=\"l-section-img\" style=\"background-image: url(https:\/\/visittossa.com\/wp-content\/uploads\/2021\/06\/VilaRomanaTossa.jpg);background-repeat: no-repeat;\" data-img-width=\"1400\" data-img-height=\"819\"><\/div><div class=\"l-section-h i-cf\"><div class=\"g-cols vc_row type_default valign_middle\"><div class=\"vc_col-sm-12 wpb_column vc_column_container\"><div class=\"vc_column-inner\"><div class=\"wpb_wrapper\"><\/div><\/div><\/div><\/div><\/div><\/section><section class=\"l-section wpb_row height_large\" id=\"dblMd\"><div class=\"l-section-h i-cf\"><div class=\"g-cols vc_row type_default valign_top\"><div class=\"vc_col-sm-6 wpb_column vc_column_container imgCol\"><div class=\"vc_column-inner\"><div class=\"wpb_wrapper\"><div class=\"wpb_text_column tltMd\" ><div class=\"wpb_wrapper\"><h2 style=\"text-align: left;\">\u00c9poca Romana<\/h2>\n<\/div><\/div><div class=\"wpb_text_column txtMd\" ><div class=\"wpb_wrapper\"><p style=\"text-align: left;\"><strong>Av. del Pelegr\u00ed, 5-13<\/strong><\/p>\n<p style=\"text-align: left;\">Consulte horarios de visita en el mismo centro:<br \/>\n+34 972 340 905 (Casa de Cultura)<\/p>\n<p>De la \u00e9poca romana, adem\u00e1s de otras villas de menor importancia, nos ha quedado la Villa Romana dels Ametllers.<\/p>\n<p>Descubierta en el a\u00f1o 1914 por el Dr. Ignasi Mel\u00e9, la villa romana dels Ametllers (s. I a.C. &#8211; s. V d.C.), es una de las villas m\u00e1s importantes de la antigua provincia de Tarraco. Dedicada especialmente al cultivo de la vid y a la exportaci\u00f3n de vino de gran consumo, es un ejemplo cl\u00e1sico de explotaci\u00f3n agr\u00edcola en el \u00e1mbito mediterr\u00e1neo romano. Desde el punto de vista arquitect\u00f3nico consta de dos \u00e1reas bien diferenciadas: la pars urbana y la pars fructuaria.<\/p>\n<p>La pars urbana o zona noble del conjunto, situada en el nivel superior, constata la magnitud de esta villa, especialmente durante el s.II d.C. Elementos como el magn\u00edfico conjunto termal, los mosaicos, los estucos, el raro comedor de invierno, el ninfeo (fuente), o la piscina con su imponente conjunto escult\u00f3rico de m\u00e1rmol de Carrara, que se conserva en el Museo Municipal, ponen de manifiesto la excepcionalidad de esta construcci\u00f3n.<\/p>\n<p>La pars fructuaria, situada en el nivel inferior, era la zona industrial. All\u00ed se encontraban los almacenes y las salas de procesamiento de los productos agr\u00edcolas, donde se elaboraban el vino, el aceite, las salazones y donde tambi\u00e9n se guardaban los cereales.<\/p>\n<p>Los estilos de hueso y de marfil, las cer\u00e1micas, las monedas o las f\u00edbulas que se encuentran expuestos en el Museo Municipal, son un testimonio fidedigno de la vida cotidiana en este lugar.<\/p>\n<\/div><\/div><\/div><\/div><\/div><div class=\"vc_col-sm-6 wpb_column vc_column_container infoCol\"><div class=\"vc_column-inner\"><div class=\"wpb_wrapper\"><div class=\"w-image align_none\"><div class=\"w-image-h\"><img loading=\"lazy\" decoding=\"async\" width=\"611\" height=\"407\" src=\"https:\/\/visittossa.com\/wp-content\/uploads\/2021\/10\/Epoca-romana-img.jpg\" class=\"attachment-full size-full\" alt=\"\" srcset=\"https:\/\/visittossa.com\/wp-content\/uploads\/2021\/10\/Epoca-romana-img.jpg 611w, https:\/\/visittossa.com\/wp-content\/uploads\/2021\/10\/Epoca-romana-img-300x200.jpg 300w\" sizes=\"auto, (max-width: 611px) 100vw, 611px\" \/><\/div><\/div><\/div><\/div><\/div><\/div><\/div><\/section><section class=\"l-section wpb_row height_medium platjaMd\" id=\"expMd\"><div class=\"l-section-h i-cf\"><div class=\"g-cols vc_row type_default valign_top\"><div class=\"vc_col-sm-12 wpb_column vc_column_container\"><div class=\"vc_column-inner\"><div class=\"wpb_wrapper\"><div class=\"w-grid type_grid layout_323 cols_4\" id=\"us_grid_1\" data-grid-filter=\"false\"><style id=\"us_grid_1_css\">#us_grid_1 .w-grid-item{padding:0.5rem}#us_grid_1 .w-grid-list{margin:-0.5rem}.w-grid + #us_grid_1 .w-grid-list{margin-top:0.5rem}@media (max-width:1199px){#us_grid_1 .w-grid-item{width:33.333333333333%}}@media (max-width:899px){#us_grid_1 .w-grid-item{width:50%}}@media (max-width:599px){#us_grid_1 .w-grid-list{margin:0}#us_grid_1 .w-grid-item{width:100%;padding:0;margin-bottom:0.5rem}}<\/style><style>.layout_323 .w-grid-item-h{}<\/style><div class=\"w-grid-list\" ><article class=\"w-grid-item size_1x1 post-5465 page type-page status-publish has-post-thumbnail hentry\" data-id=\"5465\">\r\n\t<div class=\"w-grid-item-h\">\r\n\t\t\t\t<div class=\"w-post-elm post_image usg_post_image_1 stretched\"><a href=\"https:\/\/visittossa.com\/es\/patrimonio-cultural\/tossa-a-traves-del-tiempo\/prehistoria\/\" aria-label=\"Prehistoria\"><img loading=\"lazy\" decoding=\"async\" width=\"2048\" height=\"1365\" src=\"https:\/\/visittossa.com\/wp-content\/uploads\/2021\/10\/Prehistoria-thumb.jpg\" class=\"attachment-full size-full wp-post-image\" alt=\"\" srcset=\"https:\/\/visittossa.com\/wp-content\/uploads\/2021\/10\/Prehistoria-thumb.jpg 2048w, https:\/\/visittossa.com\/wp-content\/uploads\/2021\/10\/Prehistoria-thumb-300x200.jpg 300w, https:\/\/visittossa.com\/wp-content\/uploads\/2021\/10\/Prehistoria-thumb-1024x683.jpg 1024w\" sizes=\"auto, (max-width: 2048px) 100vw, 2048px\" \/><\/a><\/div><div class=\"w-vwrapper usg_vwrapper_1 align_left valign_top\"><h4 class=\"w-post-elm post_title usg_post_title_1 entry-title color_link_inherit\"><a href=\"https:\/\/visittossa.com\/es\/patrimonio-cultural\/tossa-a-traves-del-tiempo\/prehistoria\/\">Prehistoria<\/a><\/h4><\/div>\t<\/div>\r\n<\/article>\r\n<article class=\"w-grid-item size_1x1 post-5456 page type-page status-publish has-post-thumbnail hentry\" data-id=\"5456\">\r\n\t<div class=\"w-grid-item-h\">\r\n\t\t\t\t<div class=\"w-post-elm post_image usg_post_image_1 stretched\"><a href=\"https:\/\/visittossa.com\/es\/patrimonio-cultural\/tossa-a-traves-del-tiempo\/epoca-romana\/\" aria-label=\"\u00c9poca Romana\"><img loading=\"lazy\" decoding=\"async\" width=\"2048\" height=\"1365\" src=\"https:\/\/visittossa.com\/wp-content\/uploads\/2021\/10\/Epoca-Romana-thumb.jpg\" class=\"attachment-full size-full wp-post-image\" alt=\"\" srcset=\"https:\/\/visittossa.com\/wp-content\/uploads\/2021\/10\/Epoca-Romana-thumb.jpg 2048w, https:\/\/visittossa.com\/wp-content\/uploads\/2021\/10\/Epoca-Romana-thumb-300x200.jpg 300w, https:\/\/visittossa.com\/wp-content\/uploads\/2021\/10\/Epoca-Romana-thumb-1024x683.jpg 1024w\" sizes=\"auto, (max-width: 2048px) 100vw, 2048px\" \/><\/a><\/div><div class=\"w-vwrapper usg_vwrapper_1 align_left valign_top\"><h4 class=\"w-post-elm post_title usg_post_title_1 entry-title color_link_inherit\"><a href=\"https:\/\/visittossa.com\/es\/patrimonio-cultural\/tossa-a-traves-del-tiempo\/epoca-romana\/\">\u00c9poca Romana<\/a><\/h4><\/div>\t<\/div>\r\n<\/article>\r\n<article class=\"w-grid-item size_1x1 post-5453 page type-page status-publish has-post-thumbnail hentry\" data-id=\"5453\">\r\n\t<div class=\"w-grid-item-h\">\r\n\t\t\t\t<div class=\"w-post-elm post_image usg_post_image_1 stretched\"><a href=\"https:\/\/visittossa.com\/es\/patrimonio-cultural\/tossa-a-traves-del-tiempo\/el-recinto-amurallado-de-la-vila-vella\/\" aria-label=\"El recinto amurallado de la Vila Vella\"><img loading=\"lazy\" decoding=\"async\" width=\"2048\" height=\"1365\" src=\"https:\/\/visittossa.com\/wp-content\/uploads\/2021\/10\/recinte-enmurallat-thumb.jpg\" class=\"attachment-full size-full wp-post-image\" alt=\"\" srcset=\"https:\/\/visittossa.com\/wp-content\/uploads\/2021\/10\/recinte-enmurallat-thumb.jpg 2048w, https:\/\/visittossa.com\/wp-content\/uploads\/2021\/10\/recinte-enmurallat-thumb-300x200.jpg 300w, https:\/\/visittossa.com\/wp-content\/uploads\/2021\/10\/recinte-enmurallat-thumb-1024x683.jpg 1024w\" sizes=\"auto, (max-width: 2048px) 100vw, 2048px\" \/><\/a><\/div><div class=\"w-vwrapper usg_vwrapper_1 align_left valign_top\"><h4 class=\"w-post-elm post_title usg_post_title_1 entry-title color_link_inherit\"><a href=\"https:\/\/visittossa.com\/es\/patrimonio-cultural\/tossa-a-traves-del-tiempo\/el-recinto-amurallado-de-la-vila-vella\/\">El recinto amurallado de la Vila Vella<\/a><\/h4><\/div>\t<\/div>\r\n<\/article>\r\n<article class=\"w-grid-item size_1x1 post-5441 page type-page status-publish has-post-thumbnail hentry\" data-id=\"5441\">\r\n\t<div class=\"w-grid-item-h\">\r\n\t\t\t\t<div class=\"w-post-elm post_image usg_post_image_1 stretched\"><a href=\"https:\/\/visittossa.com\/es\/patrimonio-cultural\/tossa-a-traves-del-tiempo\/barrio-de-sa-roqueta\/\" aria-label=\"Barrio de Sa Roqueta\"><img loading=\"lazy\" decoding=\"async\" width=\"2048\" height=\"1365\" src=\"https:\/\/visittossa.com\/wp-content\/uploads\/2021\/10\/Sa-Roqueta-thumb.jpg\" class=\"attachment-full size-full wp-post-image\" alt=\"\" srcset=\"https:\/\/visittossa.com\/wp-content\/uploads\/2021\/10\/Sa-Roqueta-thumb.jpg 2048w, https:\/\/visittossa.com\/wp-content\/uploads\/2021\/10\/Sa-Roqueta-thumb-300x200.jpg 300w, https:\/\/visittossa.com\/wp-content\/uploads\/2021\/10\/Sa-Roqueta-thumb-1024x683.jpg 1024w\" sizes=\"auto, (max-width: 2048px) 100vw, 2048px\" \/><\/a><\/div><div class=\"w-vwrapper usg_vwrapper_1 align_left valign_top\"><h4 class=\"w-post-elm post_title usg_post_title_1 entry-title color_link_inherit\"><a href=\"https:\/\/visittossa.com\/es\/patrimonio-cultural\/tossa-a-traves-del-tiempo\/barrio-de-sa-roqueta\/\">Barrio de Sa Roqueta<\/a><\/h4><\/div>\t<\/div>\r\n<\/article>\r\n<article class=\"w-grid-item size_1x1 post-5444 page type-page status-publish has-post-thumbnail hentry\" data-id=\"5444\">\r\n\t<div class=\"w-grid-item-h\">\r\n\t\t\t\t<div class=\"w-post-elm post_image usg_post_image_1 stretched\"><a href=\"https:\/\/visittossa.com\/es\/patrimonio-cultural\/tossa-a-traves-del-tiempo\/capilla-dels-socors\/\" aria-label=\"Capilla dels Socors\"><img loading=\"lazy\" decoding=\"async\" width=\"2048\" height=\"1365\" src=\"https:\/\/visittossa.com\/wp-content\/uploads\/2021\/10\/Capella-del-Socors-thumb.jpg\" class=\"attachment-full size-full wp-post-image\" alt=\"\" srcset=\"https:\/\/visittossa.com\/wp-content\/uploads\/2021\/10\/Capella-del-Socors-thumb.jpg 2048w, https:\/\/visittossa.com\/wp-content\/uploads\/2021\/10\/Capella-del-Socors-thumb-300x200.jpg 300w, https:\/\/visittossa.com\/wp-content\/uploads\/2021\/10\/Capella-del-Socors-thumb-1024x683.jpg 1024w\" sizes=\"auto, (max-width: 2048px) 100vw, 2048px\" \/><\/a><\/div><div class=\"w-vwrapper usg_vwrapper_1 align_left valign_top\"><h4 class=\"w-post-elm post_title usg_post_title_1 entry-title color_link_inherit\"><a href=\"https:\/\/visittossa.com\/es\/patrimonio-cultural\/tossa-a-traves-del-tiempo\/capilla-dels-socors\/\">Capilla dels Socors<\/a><\/h4><\/div>\t<\/div>\r\n<\/article>\r\n<article class=\"w-grid-item size_1x1 post-5459 page type-page status-publish has-post-thumbnail hentry\" data-id=\"5459\">\r\n\t<div class=\"w-grid-item-h\">\r\n\t\t\t\t<div class=\"w-post-elm post_image usg_post_image_1 stretched\"><a href=\"https:\/\/visittossa.com\/es\/patrimonio-cultural\/tossa-a-traves-del-tiempo\/iglesia-parroquial\/\" aria-label=\"Iglesia Parroquial\"><img loading=\"lazy\" decoding=\"async\" width=\"2048\" height=\"1365\" src=\"https:\/\/visittossa.com\/wp-content\/uploads\/2021\/10\/esglesia-parroquial-thumb.jpg\" class=\"attachment-full size-full wp-post-image\" alt=\"\" srcset=\"https:\/\/visittossa.com\/wp-content\/uploads\/2021\/10\/esglesia-parroquial-thumb.jpg 2048w, https:\/\/visittossa.com\/wp-content\/uploads\/2021\/10\/esglesia-parroquial-thumb-300x200.jpg 300w, https:\/\/visittossa.com\/wp-content\/uploads\/2021\/10\/esglesia-parroquial-thumb-1024x683.jpg 1024w\" sizes=\"auto, (max-width: 2048px) 100vw, 2048px\" \/><\/a><\/div><div class=\"w-vwrapper usg_vwrapper_1 align_left valign_top\"><h4 class=\"w-post-elm post_title usg_post_title_1 entry-title color_link_inherit\"><a href=\"https:\/\/visittossa.com\/es\/patrimonio-cultural\/tossa-a-traves-del-tiempo\/iglesia-parroquial\/\">Iglesia Parroquial<\/a><\/h4><\/div>\t<\/div>\r\n<\/article>\r\n<article class=\"w-grid-item size_1x1 post-5447 page type-page status-publish has-post-thumbnail hentry\" data-id=\"5447\">\r\n\t<div class=\"w-grid-item-h\">\r\n\t\t\t\t<div class=\"w-post-elm post_image usg_post_image_1 stretched\"><a href=\"https:\/\/visittossa.com\/es\/patrimonio-cultural\/tossa-a-traves-del-tiempo\/casa-de-cultura\/\" aria-label=\"Casa de Cultura\"><img loading=\"lazy\" decoding=\"async\" width=\"2048\" height=\"1365\" src=\"https:\/\/visittossa.com\/wp-content\/uploads\/2021\/10\/Casa-Cultura-thumb.jpg\" class=\"attachment-full size-full wp-post-image\" alt=\"Casa de Cultura\" srcset=\"https:\/\/visittossa.com\/wp-content\/uploads\/2021\/10\/Casa-Cultura-thumb.jpg 2048w, https:\/\/visittossa.com\/wp-content\/uploads\/2021\/10\/Casa-Cultura-thumb-300x200.jpg 300w, https:\/\/visittossa.com\/wp-content\/uploads\/2021\/10\/Casa-Cultura-thumb-1024x683.jpg 1024w\" sizes=\"auto, (max-width: 2048px) 100vw, 2048px\" \/><\/a><\/div><div class=\"w-vwrapper usg_vwrapper_1 align_left valign_top\"><h4 class=\"w-post-elm post_title usg_post_title_1 entry-title color_link_inherit\"><a href=\"https:\/\/visittossa.com\/es\/patrimonio-cultural\/tossa-a-traves-del-tiempo\/casa-de-cultura\/\">Casa de Cultura<\/a><\/h4><\/div>\t<\/div>\r\n<\/article>\r\n<article class=\"w-grid-item size_1x1 post-5450 page type-page status-publish has-post-thumbnail hentry\" data-id=\"5450\">\r\n\t<div class=\"w-grid-item-h\">\r\n\t\t\t\t<div class=\"w-post-elm post_image usg_post_image_1 stretched\"><a href=\"https:\/\/visittossa.com\/es\/patrimonio-cultural\/tossa-a-traves-del-tiempo\/casa-sans\/\" aria-label=\"Casa Sans\"><img loading=\"lazy\" decoding=\"async\" width=\"2048\" height=\"1365\" src=\"https:\/\/visittossa.com\/wp-content\/uploads\/2021\/10\/Casa-Sans-thumb.jpg\" class=\"attachment-full size-full wp-post-image\" alt=\"\" srcset=\"https:\/\/visittossa.com\/wp-content\/uploads\/2021\/10\/Casa-Sans-thumb.jpg 2048w, https:\/\/visittossa.com\/wp-content\/uploads\/2021\/10\/Casa-Sans-thumb-300x200.jpg 300w, https:\/\/visittossa.com\/wp-content\/uploads\/2021\/10\/Casa-Sans-thumb-1024x683.jpg 1024w\" sizes=\"auto, (max-width: 2048px) 100vw, 2048px\" \/><\/a><\/div><div class=\"w-vwrapper usg_vwrapper_1 align_left valign_top\"><h4 class=\"w-post-elm post_title usg_post_title_1 entry-title color_link_inherit\"><a href=\"https:\/\/visittossa.com\/es\/patrimonio-cultural\/tossa-a-traves-del-tiempo\/casa-sans\/\">Casa Sans<\/a><\/h4><\/div>\t<\/div>\r\n<\/article>\r\n<article class=\"w-grid-item size_1x1 post-5468 page type-page status-publish has-post-thumbnail hentry\" data-id=\"5468\">\r\n\t<div class=\"w-grid-item-h\">\r\n\t\t\t\t<div class=\"w-post-elm post_image usg_post_image_1 stretched\"><a href=\"https:\/\/visittossa.com\/es\/patrimonio-cultural\/tossa-a-traves-del-tiempo\/santuario-de-sant-grau\/\" aria-label=\"Santuario de Sant Grau\"><img loading=\"lazy\" decoding=\"async\" width=\"2048\" height=\"1365\" src=\"https:\/\/visittossa.com\/wp-content\/uploads\/2021\/10\/santuari-de-Sant-Grau-thumb.jpg\" class=\"attachment-full size-full wp-post-image\" alt=\"\" srcset=\"https:\/\/visittossa.com\/wp-content\/uploads\/2021\/10\/santuari-de-Sant-Grau-thumb.jpg 2048w, https:\/\/visittossa.com\/wp-content\/uploads\/2021\/10\/santuari-de-Sant-Grau-thumb-300x200.jpg 300w, https:\/\/visittossa.com\/wp-content\/uploads\/2021\/10\/santuari-de-Sant-Grau-thumb-1024x683.jpg 1024w\" sizes=\"auto, (max-width: 2048px) 100vw, 2048px\" \/><\/a><\/div><div class=\"w-vwrapper usg_vwrapper_1 align_left valign_top\"><h4 class=\"w-post-elm post_title usg_post_title_1 entry-title color_link_inherit\"><a href=\"https:\/\/visittossa.com\/es\/patrimonio-cultural\/tossa-a-traves-del-tiempo\/santuario-de-sant-grau\/\">Santuario de Sant Grau<\/a><\/h4><\/div>\t<\/div>\r\n<\/article>\r\n<article class=\"w-grid-item size_1x1 post-8789 page type-page status-publish has-post-thumbnail hentry\" data-id=\"8789\">\r\n\t<div class=\"w-grid-item-h\">\r\n\t\t\t\t<div class=\"w-post-elm post_image usg_post_image_1 stretched\"><a href=\"https:\/\/visittossa.com\/es\/patrimonio-cultural\/tossa-a-traves-del-tiempo\/tossa-villa-marinera\/\" aria-label=\"Tossa, villa marinera\"><img loading=\"lazy\" decoding=\"async\" width=\"2560\" height=\"1707\" src=\"https:\/\/visittossa.com\/wp-content\/uploads\/2022\/05\/Diada-des-Peix-a-Terra-040-min-scaled.jpg\" class=\"attachment-full size-full wp-post-image\" alt=\"\" srcset=\"https:\/\/visittossa.com\/wp-content\/uploads\/2022\/05\/Diada-des-Peix-a-Terra-040-min-scaled.jpg 2560w, https:\/\/visittossa.com\/wp-content\/uploads\/2022\/05\/Diada-des-Peix-a-Terra-040-min-300x200.jpg 300w, https:\/\/visittossa.com\/wp-content\/uploads\/2022\/05\/Diada-des-Peix-a-Terra-040-min-1024x683.jpg 1024w\" sizes=\"auto, (max-width: 2560px) 100vw, 2560px\" \/><\/a><\/div><div class=\"w-vwrapper usg_vwrapper_1 align_left valign_top\"><h4 class=\"w-post-elm post_title usg_post_title_1 entry-title color_link_inherit\"><a href=\"https:\/\/visittossa.com\/es\/patrimonio-cultural\/tossa-a-traves-del-tiempo\/tossa-villa-marinera\/\">Tossa, villa marinera<\/a><\/h4><\/div>\t<\/div>\r\n<\/article>\r\n<\/div><div class=\"w-grid-preloader\"><div class=\"g-preloader type_1\">\r\n\t<div><\/div>\r\n<\/div>\r\n<\/div>\t<div class=\"w-grid-json hidden\" onclick='return {&quot;action&quot;:&quot;us_ajax_grid&quot;,&quot;ajax_url&quot;:&quot;https:\\\/\\\/visittossa.com\\\/wp-admin\\\/admin-ajax.php&quot;,&quot;infinite_scroll&quot;:0,&quot;max_num_pages&quot;:1,&quot;pagination&quot;:&quot;none&quot;,&quot;permalink_url&quot;:&quot;https:\\\/\\\/visittossa.com\\\/es\\\/wp-json\\\/wp\\\/v2\\\/pages\\\/5456\\\/&quot;,&quot;template_vars&quot;:{&quot;columns&quot;:&quot;4&quot;,&quot;exclude_items&quot;:&quot;none&quot;,&quot;img_size&quot;:&quot;default&quot;,&quot;ignore_items_size&quot;:false,&quot;items_layout&quot;:&quot;323&quot;,&quot;items_offset&quot;:&quot;1&quot;,&quot;overriding_link&quot;:&quot;none&quot;,&quot;post_id&quot;:5456,&quot;query_args&quot;:{&quot;ignore_sticky_posts&quot;:1,&quot;post_type&quot;:&quot;any&quot;,&quot;post__in&quot;:[&quot;129&quot;,&quot;127&quot;,&quot;895&quot;,&quot;354&quot;,&quot;809&quot;,&quot;811&quot;,&quot;813&quot;,&quot;889&quot;,&quot;815&quot;,&quot;8789&quot;],&quot;orderby&quot;:{&quot;post__in&quot;:&quot;ASC&quot;},&quot;posts_per_page&quot;:999},&quot;type&quot;:&quot;grid&quot;,&quot;us_grid_ajax_index&quot;:1,&quot;us_grid_filter_params&quot;:null,&quot;us_grid_index&quot;:1,&quot;_us_grid_post_type&quot;:&quot;ids&quot;,&quot;lang&quot;:&quot;es&quot;}}'><\/div>\r\n<\/div><\/div><\/div><\/div><\/div><\/div><\/section><section class=\"l-section wpb_row height_medium\" id=\"experienciasMd\"><div class=\"l-section-h i-cf\"><div class=\"g-cols vc_row type_default valign_top\"><div class=\"vc_col-sm-12 wpb_column vc_column_container\"><div class=\"vc_column-inner\"><div class=\"wpb_wrapper\"><div class=\"g-cols wpb_row  type_default valign_top vc_inner\"><div class=\"vc_col-sm-4 wpb_column vc_column_container\"><div class=\"vc_column-inner\"><div class=\"wpb_wrapper\">\n<div id=\"interactive-banner-1-wrap-1429\" class=\"ult-banner-block ult-adjust-bottom-margin ult-bb-box  banner-style01 \"   style=\"\">\n\t<img decoding=\"async\" src=\"https:\/\/visittossa.com\/wp-content\/uploads\/2022\/02\/Tossa-a-traves-dels-temps_BOMBOLLA.jpg\" alt=\"La Torre dels moros\">\n\t<h3  data-ultimate-target='#interactive-banner-1-wrap-1429 .bb-top-title '  data-responsive-json-new='{\"font-size\":\"\",\"line-height\":\"\"}'  class=\"title-center bb-top-title ult-responsive\" style=\"font-weight:normal;background:#242424;color:#ffffff;\">Tossa a trav\u00e9s del tiempo<\/h3>\n\t<div class=\"mask opaque-background\" style=\"background:rgba(35,35,35,0.41);\">\n\t\t<div  data-ultimate-target='#interactive-banner-1-wrap-1429 .bb-description'  data-responsive-json-new='{\"font-size\":\"\",\"line-height\":\"\"}'  class=\"bb-description ult-responsive\" style=\"font-weight:normal;color:#ffffff;\"><\/div>\n\t<\/div><a class=\"bb-link\" href=\"https:\/\/visittossa.com\/es\/patrimonio-cultural\/tossa-a-traves-del-tiempo\/\" title=\"Tossa a trav\u00e9s del tiempo\" ><\/a>\n<\/div><\/div><\/div><\/div><div class=\"vc_col-sm-4 wpb_column vc_column_container\"><div class=\"vc_column-inner\"><div class=\"wpb_wrapper\">\n<div id=\"interactive-banner-1-wrap-1833\" class=\"ult-banner-block ult-adjust-bottom-margin ult-bb-box  banner-style01 \"   style=\"\">\n\t<img decoding=\"async\" src=\"https:\/\/visittossa.com\/wp-content\/uploads\/2022\/02\/art-i-cultura_BOMBOLLA.jpg\" alt=\"art i cultura Tossa\">\n\t<h3  data-ultimate-target='#interactive-banner-1-wrap-1833 .bb-top-title '  data-responsive-json-new='{\"font-size\":\"\",\"line-height\":\"\"}'  class=\"title-center bb-top-title ult-responsive\" style=\"font-weight:normal;background:#242424;color:#ffffff;\">Arte y cultura<\/h3>\n\t<div class=\"mask opaque-background\" style=\"background:rgba(35,35,35,0.41);\">\n\t\t<div  data-ultimate-target='#interactive-banner-1-wrap-1833 .bb-description'  data-responsive-json-new='{\"font-size\":\"\",\"line-height\":\"\"}'  class=\"bb-description ult-responsive\" style=\"font-weight:normal;color:#ffffff;\"><\/div>\n\t<\/div><a class=\"bb-link\" href=\"https:\/\/visittossa.com\/es\/patrimonio-cultural\/arte-y-cultura\/\" title=\"Arte y cultura\" ><\/a>\n<\/div><\/div><\/div><\/div><div class=\"vc_col-sm-4 wpb_column vc_column_container\"><div class=\"vc_column-inner\"><div class=\"wpb_wrapper\">\n<div id=\"interactive-banner-1-wrap-1250\" class=\"ult-banner-block ult-adjust-bottom-margin ult-bb-box  banner-style01 \"   style=\"\">\n\t<img decoding=\"async\" src=\"https:\/\/visittossa.com\/wp-content\/uploads\/2022\/03\/Festes-Tossa-BOMBOLLA.jpg\" alt=\"Festes Tossa de Mar\">\n\t<h3  data-ultimate-target='#interactive-banner-1-wrap-1250 .bb-top-title '  data-responsive-json-new='{\"font-size\":\"\",\"line-height\":\"\"}'  class=\"title-center bb-top-title ult-responsive\" style=\"font-weight:normal;background:#242424;color:#ffffff;\">Fiestas, tradiciones y leyendas<\/h3>\n\t<div class=\"mask opaque-background\" style=\"background:rgba(35,35,35,0.41);\">\n\t\t<div  data-ultimate-target='#interactive-banner-1-wrap-1250 .bb-description'  data-responsive-json-new='{\"font-size\":\"\",\"line-height\":\"\"}'  class=\"bb-description ult-responsive\" style=\"font-weight:normal;color:#ffffff;\"><\/div>\n\t<\/div><a class=\"bb-link\" href=\"https:\/\/visittossa.com\/es\/patrimonio-cultural\/fiestas-tradiciones-y-leyendas\/\" title=\"Fiestas, tradiciones y leyendas\" ><\/a>\n<\/div><\/div><\/div><\/div><\/div><\/div><\/div><\/div><\/div><\/div><\/section>\n","protected":false},"excerpt":{"rendered":"Tossa, villa marinera Las villas marineras son poblaciones del litoral que conservan viva la cultura y la actividad vinculada al mar y han sabido encontrar propuestas atractivas para transmitir su car\u00e1cter marinero a los visitantes. En el caso de Tossa, esta identidad marinera se hace patente a trav\u00e9s de elementos arquitect\u00f3nicos como: el Faro y...","protected":false},"author":1,"featured_media":3245,"parent":5438,"menu_order":0,"comment_status":"closed","ping_status":"closed","template":"","meta":{"_monsterinsights_skip_tracking":false,"_monsterinsights_sitenote_active":false,"_monsterinsights_sitenote_note":"","_monsterinsights_sitenote_category":0,"footnotes":""},"class_list":["post-5456","page","type-page","status-publish","has-post-thumbnail","hentry"],"_links":{"self":[{"href":"https:\/\/visittossa.com\/es\/wp-json\/wp\/v2\/pages\/5456","targetHints":{"allow":["GET"]}}],"collection":[{"href":"https:\/\/visittossa.com\/es\/wp-json\/wp\/v2\/pages"}],"about":[{"href":"https:\/\/visittossa.com\/es\/wp-json\/wp\/v2\/types\/page"}],"author":[{"embeddable":true,"href":"https:\/\/visittossa.com\/es\/wp-json\/wp\/v2\/users\/1"}],"replies":[{"embeddable":true,"href":"https:\/\/visittossa.com\/es\/wp-json\/wp\/v2\/comments?post=5456"}],"version-history":[{"count":8,"href":"https:\/\/visittossa.com\/es\/wp-json\/wp\/v2\/pages\/5456\/revisions"}],"predecessor-version":[{"id":8927,"href":"https:\/\/visittossa.com\/es\/wp-json\/wp\/v2\/pages\/5456\/revisions\/8927"}],"up":[{"embeddable":true,"href":"https:\/\/visittossa.com\/es\/wp-json\/wp\/v2\/pages\/5438"}],"wp:featuredmedia":[{"embeddable":true,"href":"https:\/\/visittossa.com\/es\/wp-json\/wp\/v2\/media\/3245"}],"wp:attachment":[{"href":"https:\/\/visittossa.com\/es\/wp-json\/wp\/v2\/media?parent=5456"}],"curies":[{"name":"wp","href":"https:\/\/api.w.org\/{rel}","templated":true}]}}