{"id":5432,"date":"2021-09-22T15:50:23","date_gmt":"2021-09-22T15:50:23","guid":{"rendered":"https:\/\/visittossa.com\/patrimoni-cultural\/festes-tradicions-i-llegendes\/llegendes-de-tossa\/"},"modified":"2022-04-14T07:17:15","modified_gmt":"2022-04-14T07:17:15","slug":"leyendas-de-tossa","status":"publish","type":"page","link":"https:\/\/visittossa.com\/es\/patrimonio-cultural\/fiestas-tradiciones-y-leyendas\/leyendas-de-tossa\/","title":{"rendered":"Leyendas de Tossa de Mar"},"content":{"rendered":"<section class=\"l-section wpb_row height_large width_full tossaHd with_img\" id=\"hdMd\"><div class=\"l-section-img\" style=\"background-image: url(https:\/\/visittossa.com\/wp-content\/uploads\/2022\/02\/Capella_Socors_CAPCALERA.jpg);background-repeat: no-repeat;\" data-img-width=\"1900\" data-img-height=\"370\"><\/div><div class=\"l-section-h i-cf\"><div class=\"g-cols vc_row type_default valign_middle\"><div class=\"vc_col-sm-12 wpb_column vc_column_container\"><div class=\"vc_column-inner\"><div class=\"wpb_wrapper\"><\/div><\/div><\/div><\/div><\/div><\/section><section class=\"l-section wpb_row height_large\" id=\"dblMd\"><div class=\"l-section-h i-cf\"><div class=\"g-cols vc_row type_default valign_top\"><div class=\"vc_col-sm-6 wpb_column vc_column_container imgCol\"><div class=\"vc_column-inner\"><div class=\"wpb_wrapper\"><div class=\"wpb_text_column tltMd\" ><div class=\"wpb_wrapper\"><h2 style=\"text-align: left;\">Las brujas de la Vila Vella<\/h2>\n<\/div><\/div><div class=\"wpb_text_column txtMd\" ><div class=\"wpb_wrapper\"><p>Una de las leyendas m\u00e1s conocidas de Tossa es la de las brujas de la Vila Vella.<\/p>\n<p>Se explica que en la Vila Vella hab\u00eda un pescador que ten\u00eda una barca muy bonita atracada en la cala de Es Codolar.\u00a0 Estaba muy contento con la barca, iba a pescar cada d\u00eda para ganarse la vida y era feliz.<\/p>\n<p>He aqu\u00ed que un d\u00eda encontr\u00f3 la barca removida, torcida, con los remos tirados por ah\u00ed&#8230; Y pens\u00f3:<\/p>\n<p>&#8211; \u00bfQu\u00e9 ha pasado con esta barca? Quiz\u00e1s hayan sido los ni\u00f1os, no har\u00e9 caso&#8230;<\/p>\n<p>Y as\u00ed durante dos o tres semanas, cada s\u00e1bado por la ma\u00f1ana encontraba la barca removida.<\/p>\n<p>As\u00ed pues, el fin de semana siguiente, cuando se hizo de noche, este hombre menudo decidi\u00f3 esconderse, qued\u00e1ndose muy quieto en el peque\u00f1o armario de proa de la barca.<\/p>\n<p>Cuando el reloj de la Torre de las Horas di\u00f3 las doce, escuch\u00f3 como tres mujeres saltaban dentro de la barca y, agarrando los remos, una de ellas dijo:<\/p>\n<p>&#8211; \u00a1Bota por uno! \u00a1Bota por dos! \u00a1Bota por tres!<\/p>\n<p>Y la barca no se mov\u00eda&#8230; y la m\u00e1s vieja dice:<\/p>\n<p>&#8211; \u00bfAlguna de vosotras espera un hijo?<\/p>\n<p>Y las otras dos, m\u00e1s j\u00f3venes, dijeron:<\/p>\n<p>&#8211; Que nosotras sepamos, no<\/p>\n<p>Y volvieron a probar:<\/p>\n<p>&#8211; \u00a1Bota por uno! \u00a1Bota por dos! \u00a1Bota por tres!&#8230; \u00a1y bota por cuatro!<\/p>\n<p>Y entonces la barca hizo&#8230; \u00a1zas! y se meti\u00f3 en el agua.<\/p>\n<p>Y con cada golpe de remo avanzaban una milla; y as\u00ed, a milla por palada, llegaron a una playa llena de palmeras que deb\u00eda ser Am\u00e9rica. Las mujeres saltaron de la barca y se convirtieron en tres gatos negros.<\/p>\n<p>El hombre segu\u00eda escondido, y pasadas unas horas, los tres gatos negros volvieron y saltaron a la barca convirti\u00e9ndose otra vez en mujeres. Entonces la m\u00e1s vieja dijo:<\/p>\n<p>&#8211; \u00a1Bota por uno! \u00a1Bota por dos! \u00a1Bota por tres! \u00a1Bota por cuatro!<\/p>\n<p>Y \u00a1zas!, la barca al mar.<\/p>\n<p>Cuando empezaba a clarear ya estaban en Tossa. Al saltar de la barca, las mujeres lo dejaron todo muy revuelto y desordenado.<\/p>\n<p>El hombre esper\u00f3 muy quieto hasta que se marcharon, y al cabo de un rato sali\u00f3 y fue a ver al se\u00f1or p\u00e1rroco a quien le explic\u00f3 todo lo que le hab\u00eda pasado.<\/p>\n<p>El se\u00f1or p\u00e1rroco le dijo:<\/p>\n<p>&#8211; Esto lo arreglamos enseguida.<\/p>\n<p>Y el hombre y el se\u00f1or p\u00e1rroco se dirigieron a la playa con un hisopo, agua bendita y un libro santo. El p\u00e1rroco hizo unas cuantas bendiciones, rociando la barca con el agua bendita, y desde entonces las brujas no pudieron acercarse a la barca, as\u00ed que ya no volvieron nunca m\u00e1s.<\/p>\n<p>Desde ese d\u00eda, la barca del hombre permaneci\u00f3 siempre en su sitio.<\/p>\n<p><strong>Texto parcialmente extra\u00eddo del libro <em>Llegendes i tradicions de Tossa contades per Vicen\u00e7 Esteban Darder<\/em>, de Eva Pinyol Ll\u00e9sera y David Mor\u00e9 Aguirre.<\/strong><\/p>\n<\/div><\/div><\/div><\/div><\/div><div class=\"vc_col-sm-6 wpb_column vc_column_container infoCol\"><div class=\"vc_column-inner\"><div class=\"wpb_wrapper\"><div class=\"w-image align_none\"><div class=\"w-image-h\"><img loading=\"lazy\" decoding=\"async\" width=\"611\" height=\"423\" src=\"https:\/\/visittossa.com\/wp-content\/uploads\/2021\/09\/Ses-bruixes.jpg\" class=\"attachment-full size-full\" alt=\"\" srcset=\"https:\/\/visittossa.com\/wp-content\/uploads\/2021\/09\/Ses-bruixes.jpg 611w, https:\/\/visittossa.com\/wp-content\/uploads\/2021\/09\/Ses-bruixes-300x208.jpg 300w\" sizes=\"auto, (max-width: 611px) 100vw, 611px\" \/><\/div><\/div><\/div><\/div><\/div><\/div><\/div><\/section><section class=\"l-section wpb_row height_large\" id=\"dblMd\"><div class=\"l-section-h i-cf\"><div class=\"g-cols vc_row type_default valign_top\"><div class=\"vc_col-sm-6 wpb_column vc_column_container imgCol\"><div class=\"vc_column-inner\"><div class=\"wpb_wrapper\"><div class=\"wpb_text_column tltMd\" ><div class=\"wpb_wrapper\"><h2 style=\"text-align: left;\">En Xixanet i sa Mitja Cana<\/h2>\n<\/div><\/div><div class=\"wpb_text_column txtMd\" ><div class=\"wpb_wrapper\"><p>Hasta hace pocos a\u00f1os, la leyenda de Xixanet era muy conocida por toda la chiquiller\u00eda de la poblaci\u00f3n, porque se la contaban los abuelos. A la gente de Tossa, le parec\u00eda que era una historia tan real, que cuando pasaban por la calle del Socorro, incluso indicaban a los peque\u00f1os cu\u00e1l era la casa del travieso Xixanet. Seg\u00fan dec\u00edan, se encontraba muy cerca de la capilla, en el lado izquierdo. Cuando un muchacho comet\u00eda una travesura, le dec\u00edan:<\/p>\n<p>&#8211; \u00a1Eres como Xixanet!<\/p>\n<p>Sin embargo, hoy muchos ni\u00f1os ya no saben nada de esta leyenda, porque las tradiciones, las costumbres y la historia oral del pueblo, patrimonio de tantas generaciones, van pasando despacio hacia el silencio del olvido.<\/p>\n<p>A pesar de que la hemos podido escuchar narrada en dos versiones, la de Julita Farn\u00e9s y la de Vicen\u00e7 Esteban Darder, os ofrecemos la de Julita Farn\u00e9s Pag\u00e8s. Ambas son las m\u00e1s completas y genuinas de todas las que han sido publicadas hasta ahora y, en su versi\u00f3n original catalana, conservan la frescura del habla popular salado de nuestra poblaci\u00f3n.<\/p>\n<p>Julita Farn\u00e9s lo cuenta as\u00ed:<\/p>\n<p>\u201cXixanet era un chico peque\u00f1o, peque\u00f1o, y muy vivaracho.<\/p>\n<p>Un d\u00eda su madre, que era una pobre viuda, muy pobre, le dijo:<\/p>\n<p>&#8211; Toma, aqu\u00ed tienes la aceitera: vete a buscar aceite. Pero no te pares en la plaza a jugar a las canicas, que los mozos te romper\u00edan la aceitera, y no hay m\u00e1s dinero en la casa que estos seis cuartos.<\/p>\n<p>Xixanet coge la aceitera y los seis cuartos y se va corriendo. A la ida, no se par\u00f3 en la plaza, por m\u00e1s que sus compa\u00f1eros lo llamaran: pero a la vuelta, cuando ya llevaba la aceitera llena, no pudo evitar pararse.\u00a0 As\u00ed que deja la aceitera en el suelo, y se pone a jugar a las canicas.<\/p>\n<p>Jugando, jugando, una canica toca la aceitera y la rompe.<\/p>\n<p>Al llegar a casa, su madre, enfadada de ver que vuelve con las manos vac\u00edas, le grita:<\/p>\n<p>&#8211; \u00a1As\u00ed te fueras al demonio!<\/p>\n<p>El demonio, que lo escuch\u00f3, acudi\u00f3 corriendo y se llev\u00f3 al chico.<\/p>\n<p>Entonces, su madre, que no lo quer\u00eda llevar hasta ese extremo, corre a la capilla y se pone a implorarle a la Virgen del Socorro, agarrando la imagen por las faldas.<\/p>\n<p>&#8211; \u00a1Virgen del Socorro! \u00a1Corred, ayudadme! \u00a1Que el demonio se lleva a mi chiquillo!<\/p>\n<p>Y he aqu\u00ed que la Virgen del Socorro baja corriendo del altar, corriendo tan deprisa que todav\u00eda encontr\u00f3 al demonio a media calle y, con un bast\u00f3n redondo, empieza a pegarle y a pegarle, y tanto le peg\u00f3 que le rompi\u00f3 los cuernos. Entonces el demonio solt\u00f3 a Xixanet, ech\u00f3 a correr, y no par\u00f3 hasta llegar al infierno.<\/p>\n<p>Cuentan que, cuando los otros diablillos lo vieron llegar tan asustado, apaleado y sin cuernos, le preguntaron:<\/p>\n<p>&#8211; \u00bfDe d\u00f3nde vienes?<\/p>\n<p>Y \u00e9l respondi\u00f3:<\/p>\n<p>&#8211; \u00a1De Tossa!\u201d<\/p>\n<p><strong>Texto extra\u00eddo del libro <em>Una devoci\u00f3 mariana: La Mare de D\u00e9u del Socors a Tossa (segles XVI-XX),<\/em> de Mario Zucchitello, de la colecci\u00f3n Quaderns d\u2019Estudis Tossencs 3.<\/strong><\/p>\n<\/div><\/div><\/div><\/div><\/div><div class=\"vc_col-sm-6 wpb_column vc_column_container infoCol\"><div class=\"vc_column-inner\"><div class=\"wpb_wrapper\"><div class=\"w-image align_none\"><div class=\"w-image-h\"><img loading=\"lazy\" decoding=\"async\" width=\"611\" height=\"640\" src=\"https:\/\/visittossa.com\/wp-content\/uploads\/2021\/12\/En-Xixanet.jpg\" class=\"attachment-full size-full\" alt=\"\" srcset=\"https:\/\/visittossa.com\/wp-content\/uploads\/2021\/12\/En-Xixanet.jpg 611w, https:\/\/visittossa.com\/wp-content\/uploads\/2021\/12\/En-Xixanet-286x300.jpg 286w\" sizes=\"auto, (max-width: 611px) 100vw, 611px\" \/><\/div><\/div><\/div><\/div><\/div><\/div><\/div><\/section><section class=\"l-section wpb_row us_custom_887a049b height_medium with_overlay\" id=\"experienciasMd\"><div class=\"l-section-overlay\" style=\"background: #ffffff\"><\/div><div class=\"l-section-h i-cf\"><div class=\"g-cols vc_row type_default valign_top\"><div class=\"vc_col-sm-12 wpb_column vc_column_container\"><div class=\"vc_column-inner\"><div class=\"wpb_wrapper\"><div class=\"g-cols wpb_row  type_default valign_top vc_inner\"><div class=\"vc_col-sm-4 wpb_column vc_column_container\"><div class=\"vc_column-inner\"><div class=\"wpb_wrapper\">\n<div id=\"interactive-banner-1-wrap-2496\" class=\"ult-banner-block ult-adjust-bottom-margin ult-bb-box  banner-style01 \"   style=\"\">\n\t<img decoding=\"async\" src=\"https:\/\/visittossa.com\/wp-content\/uploads\/2022\/02\/festes_BOMBOLLA.jpeg\" alt=\"festes tossa\">\n\t<h3  data-ultimate-target='#interactive-banner-1-wrap-2496 .bb-top-title '  data-responsive-json-new='{\"font-size\":\"\",\"line-height\":\"\"}'  class=\"title-center bb-top-title ult-responsive\" style=\"font-weight:normal;background:#242424;color:#ffffff;\">Fiestas<\/h3>\n\t<div class=\"mask opaque-background\" style=\"background:rgba(35,35,35,0.41);\">\n\t\t<div  data-ultimate-target='#interactive-banner-1-wrap-2496 .bb-description'  data-responsive-json-new='{\"font-size\":\"\",\"line-height\":\"\"}'  class=\"bb-description ult-responsive\" style=\"font-weight:normal;color:#ffffff;\"><\/div>\n\t<\/div><a class=\"bb-link\" href=\"https:\/\/visittossa.com\/es\/patrimonio-cultural\/fiestas-tradiciones-y-leyendas\/fiestas-de-tossa\/\" title=\"Fiestas de Tossa de Mar\" ><\/a>\n<\/div><\/div><\/div><\/div><div class=\"vc_col-sm-4 wpb_column vc_column_container\"><div class=\"vc_column-inner\"><div class=\"wpb_wrapper\">\n<div id=\"interactive-banner-1-wrap-1378\" class=\"ult-banner-block ult-adjust-bottom-margin ult-bb-box  banner-style01 \"   style=\"\">\n\t<img decoding=\"async\" src=\"https:\/\/visittossa.com\/wp-content\/uploads\/2021\/09\/Tradicions-thumb.jpg\" alt=\"null\">\n\t<h3  data-ultimate-target='#interactive-banner-1-wrap-1378 .bb-top-title '  data-responsive-json-new='{\"font-size\":\"\",\"line-height\":\"\"}'  class=\"title-center bb-top-title ult-responsive\" style=\"font-weight:normal;background:#242424;color:#ffffff;\">Tradiciones<\/h3>\n\t<div class=\"mask opaque-background\" style=\"background:rgba(35,35,35,0.41);\">\n\t\t<div  data-ultimate-target='#interactive-banner-1-wrap-1378 .bb-description'  data-responsive-json-new='{\"font-size\":\"\",\"line-height\":\"\"}'  class=\"bb-description ult-responsive\" style=\"font-weight:normal;color:#ffffff;\"><\/div>\n\t<\/div><a class=\"bb-link\" href=\"https:\/\/visittossa.com\/es\/patrimonio-cultural\/fiestas-tradiciones-y-leyendas\/tradiciones-de-tossa\/\" title=\"Tradiciones de Tossa de Mar\" ><\/a>\n<\/div><\/div><\/div><\/div><div class=\"vc_col-sm-4 wpb_column vc_column_container active\"><div class=\"vc_column-inner\"><div class=\"wpb_wrapper\">\n<div id=\"interactive-banner-1-wrap-6046\" class=\"ult-banner-block ult-adjust-bottom-margin ult-bb-box  banner-style01 \"   style=\"\">\n\t<img decoding=\"async\" src=\"https:\/\/visittossa.com\/wp-content\/uploads\/2021\/09\/llegendes-thumb.jpg\" alt=\"null\">\n\t<h3  data-ultimate-target='#interactive-banner-1-wrap-6046 .bb-top-title '  data-responsive-json-new='{\"font-size\":\"\",\"line-height\":\"\"}'  class=\"title-center bb-top-title ult-responsive\" style=\"font-weight:normal;background:#242424;color:#ffffff;\">Leyendas<\/h3>\n\t<div class=\"mask opaque-background\" style=\"background:rgba(35,35,35,0.41);\">\n\t\t<div  data-ultimate-target='#interactive-banner-1-wrap-6046 .bb-description'  data-responsive-json-new='{\"font-size\":\"\",\"line-height\":\"\"}'  class=\"bb-description ult-responsive\" style=\"font-weight:normal;color:#ffffff;\"><\/div>\n\t<\/div><a class=\"bb-link\" href=\"https:\/\/visittossa.com\/es\/patrimonio-cultural\/fiestas-tradiciones-y-leyendas\/leyendas-de-tossa\/\" title=\"Leyendas de Tossa de Mar\" ><\/a>\n<\/div><\/div><\/div><\/div><\/div><\/div><\/div><\/div><\/div><\/div><\/section><section class=\"l-section wpb_row height_medium\" id=\"experienciasMd\"><div class=\"l-section-h i-cf\"><div class=\"g-cols vc_row type_default valign_top\"><div class=\"vc_col-sm-12 wpb_column vc_column_container\"><div class=\"vc_column-inner\"><div class=\"wpb_wrapper\"><div class=\"g-cols wpb_row  type_default valign_top vc_inner\"><div class=\"vc_col-sm-4 wpb_column vc_column_container\"><div class=\"vc_column-inner\"><div class=\"wpb_wrapper\">\n<div id=\"interactive-banner-1-wrap-7854\" class=\"ult-banner-block ult-adjust-bottom-margin ult-bb-box  banner-style01 \"   style=\"\">\n\t<img decoding=\"async\" src=\"https:\/\/visittossa.com\/wp-content\/uploads\/2022\/02\/Tossa-a-traves-dels-temps_BOMBOLLA.jpg\" alt=\"La Torre dels moros\">\n\t<h3  data-ultimate-target='#interactive-banner-1-wrap-7854 .bb-top-title '  data-responsive-json-new='{\"font-size\":\"\",\"line-height\":\"\"}'  class=\"title-center bb-top-title ult-responsive\" style=\"font-weight:normal;background:#242424;color:#ffffff;\">Tossa a trav\u00e9s del tiempo<\/h3>\n\t<div class=\"mask opaque-background\" style=\"background:rgba(35,35,35,0.41);\">\n\t\t<div  data-ultimate-target='#interactive-banner-1-wrap-7854 .bb-description'  data-responsive-json-new='{\"font-size\":\"\",\"line-height\":\"\"}'  class=\"bb-description ult-responsive\" style=\"font-weight:normal;color:#ffffff;\"><\/div>\n\t<\/div><a class=\"bb-link\" href=\"https:\/\/visittossa.com\/es\/patrimonio-cultural\/tossa-a-traves-del-tiempo\/\" title=\"Tossa a trav\u00e9s del tiempo\" ><\/a>\n<\/div><\/div><\/div><\/div><div class=\"vc_col-sm-4 wpb_column vc_column_container\"><div class=\"vc_column-inner\"><div class=\"wpb_wrapper\">\n<div id=\"interactive-banner-1-wrap-4614\" class=\"ult-banner-block ult-adjust-bottom-margin ult-bb-box  banner-style01 \"   style=\"\">\n\t<img decoding=\"async\" src=\"https:\/\/visittossa.com\/wp-content\/uploads\/2022\/02\/art-i-cultura_BOMBOLLA.jpg\" alt=\"art i cultura Tossa\">\n\t<h3  data-ultimate-target='#interactive-banner-1-wrap-4614 .bb-top-title '  data-responsive-json-new='{\"font-size\":\"\",\"line-height\":\"\"}'  class=\"title-center bb-top-title ult-responsive\" style=\"font-weight:normal;background:#242424;color:#ffffff;\">Arte y cultura<\/h3>\n\t<div class=\"mask opaque-background\" style=\"background:rgba(35,35,35,0.41);\">\n\t\t<div  data-ultimate-target='#interactive-banner-1-wrap-4614 .bb-description'  data-responsive-json-new='{\"font-size\":\"\",\"line-height\":\"\"}'  class=\"bb-description ult-responsive\" style=\"font-weight:normal;color:#ffffff;\"><\/div>\n\t<\/div><a class=\"bb-link\" href=\"https:\/\/visittossa.com\/es\/patrimonio-cultural\/arte-y-cultura\/\" title=\"Arte y cultura\" ><\/a>\n<\/div><\/div><\/div><\/div><div class=\"vc_col-sm-4 wpb_column vc_column_container\"><div class=\"vc_column-inner\"><div class=\"wpb_wrapper\">\n<div id=\"interactive-banner-1-wrap-9169\" class=\"ult-banner-block ult-adjust-bottom-margin ult-bb-box  banner-style01 \"   style=\"\">\n\t<img decoding=\"async\" src=\"https:\/\/visittossa.com\/wp-content\/uploads\/2022\/03\/Festes-Tossa-BOMBOLLA.jpg\" alt=\"Festes Tossa de Mar\">\n\t<h3  data-ultimate-target='#interactive-banner-1-wrap-9169 .bb-top-title '  data-responsive-json-new='{\"font-size\":\"\",\"line-height\":\"\"}'  class=\"title-center bb-top-title ult-responsive\" style=\"font-weight:normal;background:#242424;color:#ffffff;\">Fiestas, tradiciones y leyendas<\/h3>\n\t<div class=\"mask opaque-background\" style=\"background:rgba(35,35,35,0.41);\">\n\t\t<div  data-ultimate-target='#interactive-banner-1-wrap-9169 .bb-description'  data-responsive-json-new='{\"font-size\":\"\",\"line-height\":\"\"}'  class=\"bb-description ult-responsive\" style=\"font-weight:normal;color:#ffffff;\"><\/div>\n\t<\/div><a class=\"bb-link\" href=\"https:\/\/visittossa.com\/es\/patrimonio-cultural\/fiestas-tradiciones-y-leyendas\/\" title=\"Fiestas, tradiciones y leyendas\" ><\/a>\n<\/div><\/div><\/div><\/div><\/div><\/div><\/div><\/div><\/div><\/div><\/section>\n","protected":false},"excerpt":{"rendered":"Las brujas de la Vila Vella Una de las leyendas m\u00e1s conocidas de Tossa es la de las brujas de la Vila Vella. Se explica que en la Vila Vella hab\u00eda un pescador que ten\u00eda una barca muy bonita atracada en la cala de Es Codolar.\u00a0 Estaba muy contento con la barca, iba a pescar...","protected":false},"author":1,"featured_media":0,"parent":5426,"menu_order":0,"comment_status":"closed","ping_status":"closed","template":"","meta":{"_monsterinsights_skip_tracking":false,"_monsterinsights_sitenote_active":false,"_monsterinsights_sitenote_note":"","_monsterinsights_sitenote_category":0,"footnotes":""},"class_list":["post-5432","page","type-page","status-publish","hentry"],"_links":{"self":[{"href":"https:\/\/visittossa.com\/es\/wp-json\/wp\/v2\/pages\/5432","targetHints":{"allow":["GET"]}}],"collection":[{"href":"https:\/\/visittossa.com\/es\/wp-json\/wp\/v2\/pages"}],"about":[{"href":"https:\/\/visittossa.com\/es\/wp-json\/wp\/v2\/types\/page"}],"author":[{"embeddable":true,"href":"https:\/\/visittossa.com\/es\/wp-json\/wp\/v2\/users\/1"}],"replies":[{"embeddable":true,"href":"https:\/\/visittossa.com\/es\/wp-json\/wp\/v2\/comments?post=5432"}],"version-history":[{"count":7,"href":"https:\/\/visittossa.com\/es\/wp-json\/wp\/v2\/pages\/5432\/revisions"}],"predecessor-version":[{"id":8017,"href":"https:\/\/visittossa.com\/es\/wp-json\/wp\/v2\/pages\/5432\/revisions\/8017"}],"up":[{"embeddable":true,"href":"https:\/\/visittossa.com\/es\/wp-json\/wp\/v2\/pages\/5426"}],"wp:attachment":[{"href":"https:\/\/visittossa.com\/es\/wp-json\/wp\/v2\/media?parent=5432"}],"curies":[{"name":"wp","href":"https:\/\/api.w.org\/{rel}","templated":true}]}}