{"id":5376,"date":"2020-10-20T09:28:36","date_gmt":"2020-10-20T09:28:36","guid":{"rendered":"https:\/\/visittossa.com\/patrimoni-cultural\/"},"modified":"2024-11-19T07:42:12","modified_gmt":"2024-11-19T07:42:12","slug":"patrimonio-cultural","status":"publish","type":"page","link":"https:\/\/visittossa.com\/es\/patrimonio-cultural\/","title":{"rendered":"Patrimonio cultural"},"content":{"rendered":"<section class=\"l-section wpb_row height_large width_full tossaHd with_img\" id=\"hdMd\"><div class=\"l-section-img\" style=\"background-image: url(https:\/\/visittossa.com\/wp-content\/uploads\/2024\/10\/BancImatges_2021_042-scaled.jpg);background-repeat: no-repeat;\" data-img-width=\"2560\" data-img-height=\"1707\"><\/div><div class=\"l-section-h i-cf\"><div class=\"g-cols vc_row type_default valign_middle\"><div class=\"vc_col-sm-12 wpb_column vc_column_container\"><div class=\"vc_column-inner\"><div class=\"wpb_wrapper\"><\/div><\/div><\/div><\/div><\/div><\/section><section class=\"l-section wpb_row height_medium\" id=\"introTxt\"><div class=\"l-section-h i-cf\"><div class=\"g-cols vc_row type_default valign_top\"><div class=\"vc_col-sm-12 wpb_column vc_column_container\"><div class=\"vc_column-inner\"><div class=\"wpb_wrapper\"><div class=\"wpb_text_column ttlMd\" ><div class=\"wpb_wrapper\"><h2 style=\"text-align: center;\">Patrimonio cultural<\/h2>\n<\/div><\/div><div class=\"wpb_text_column txtMd\" ><div class=\"wpb_wrapper\"><p style=\"text-align: center;\">El patrimonio hist\u00f3rico, cultural y art\u00edstico constituye uno de los mayores tesoros de Tossa.<\/p>\n<p style=\"text-align: center;\">Su larga historia ha dejado una huella indiscutible en el paisaje de esta poblaci\u00f3n, que ha sido el Para\u00edso Azul, la Babel de las Artes y la Flor de Mar de reconocidos pintores, literatos y poetas.<\/p>\n<\/div><\/div><\/div><\/div><\/div><\/div><\/div><\/section><section class=\"l-section wpb_row height_medium new2021\" id=\"bnrMd\"><div class=\"l-section-h i-cf\"><div class=\"g-cols vc_row type_default valign_top\"><div class=\"vc_col-sm-12 wpb_column vc_column_container\"><div class=\"vc_column-inner\"><div class=\"wpb_wrapper\"><div class=\"g-cols wpb_row  type_default valign_top vc_inner\"><div class=\"vc_col-sm-4 wpb_column vc_column_container\"><div class=\"vc_column-inner\"><div class=\"wpb_wrapper\"><div class=\"w-ibanner animation_melete ratio_3x4 easing_ease\"><div class=\"w-ibanner-h\"><div class=\"w-ibanner-image\" style=\"background-image: url(https:\/\/visittossa.com\/wp-content\/uploads\/2024\/10\/day_002_014.jpg)\"><\/div><div class=\"w-ibanner-content\"><div class=\"w-ibanner-content-h\"><h5 class=\"w-ibanner-title\">Tossa a trav\u00e9s del tiempo<\/h5><div class=\"w-ibanner-desc\"><\/div><\/div><\/div><\/div><a title=\"Tossa a trav\u00e9s del tiempo\" href=\"https:\/\/visittossa.com\/es\/patrimonio-cultural\/tossa-a-traves-del-tiempo\/\" aria-label=\"Tossa a trav\u00e9s del tiempo\"><\/a><\/div><\/div><\/div><\/div><div class=\"vc_col-sm-4 wpb_column vc_column_container\"><div class=\"vc_column-inner\"><div class=\"wpb_wrapper\"><div class=\"w-ibanner animation_melete ratio_3x4 easing_ease\"><div class=\"w-ibanner-h\"><div class=\"w-ibanner-image\" style=\"background-image: url(https:\/\/visittossa.com\/wp-content\/uploads\/2022\/02\/art-i-cultura_BOMBOLLA.jpg)\"><\/div><div class=\"w-ibanner-content\"><div class=\"w-ibanner-content-h\"><h5 class=\"w-ibanner-title\">Arte y Cultura<\/h5><div class=\"w-ibanner-desc\"><\/div><\/div><\/div><\/div><a title=\"Arte y Cultura\" href=\"https:\/\/visittossa.com\/es\/patrimonio-cultural\/arte-y-cultura\/\" aria-label=\"Arte y Cultura\"><\/a><\/div><\/div><\/div><\/div><div class=\"vc_col-sm-4 wpb_column vc_column_container\"><div class=\"vc_column-inner\"><div class=\"wpb_wrapper\"><div class=\"w-ibanner animation_melete ratio_3x4 easing_ease\"><div class=\"w-ibanner-h\"><div class=\"w-ibanner-image\" style=\"background-image: url(https:\/\/visittossa.com\/wp-content\/uploads\/2022\/03\/Festes-Tossa-BOMBOLLA.jpg)\"><\/div><div class=\"w-ibanner-content\"><div class=\"w-ibanner-content-h\"><h5 class=\"w-ibanner-title\">Fiestas, tradiciones y leyendas<\/h5><div class=\"w-ibanner-desc\"><\/div><\/div><\/div><\/div><a title=\"Fiestas, tradiciones y leyendas\" href=\"https:\/\/visittossa.com\/es\/patrimonio-cultural\/fiestas-tradiciones-y-leyendas\/\" aria-label=\"Fiestas, tradiciones y leyendas\"><\/a><\/div><\/div><\/div><\/div><\/div><\/div><\/div><\/div><\/div><\/div><\/section>\n","protected":false},"excerpt":{"rendered":"Patrimonio cultural El patrimonio hist\u00f3rico, cultural y art\u00edstico constituye uno de los mayores tesoros de Tossa. Su larga historia ha dejado una huella indiscutible en el paisaje de esta poblaci\u00f3n, que ha sido el Para\u00edso Azul, la Babel de las Artes y la Flor de Mar de reconocidos pintores, literatos y poetas. Tossa a trav\u00e9s...","protected":false},"author":1,"featured_media":0,"parent":0,"menu_order":0,"comment_status":"closed","ping_status":"closed","template":"","meta":{"_monsterinsights_skip_tracking":false,"_monsterinsights_sitenote_active":false,"_monsterinsights_sitenote_note":"","_monsterinsights_sitenote_category":0,"footnotes":""},"class_list":["post-5376","page","type-page","status-publish","hentry"],"_links":{"self":[{"href":"https:\/\/visittossa.com\/es\/wp-json\/wp\/v2\/pages\/5376","targetHints":{"allow":["GET"]}}],"collection":[{"href":"https:\/\/visittossa.com\/es\/wp-json\/wp\/v2\/pages"}],"about":[{"href":"https:\/\/visittossa.com\/es\/wp-json\/wp\/v2\/types\/page"}],"author":[{"embeddable":true,"href":"https:\/\/visittossa.com\/es\/wp-json\/wp\/v2\/users\/1"}],"replies":[{"embeddable":true,"href":"https:\/\/visittossa.com\/es\/wp-json\/wp\/v2\/comments?post=5376"}],"version-history":[{"count":12,"href":"https:\/\/visittossa.com\/es\/wp-json\/wp\/v2\/pages\/5376\/revisions"}],"predecessor-version":[{"id":15577,"href":"https:\/\/visittossa.com\/es\/wp-json\/wp\/v2\/pages\/5376\/revisions\/15577"}],"wp:attachment":[{"href":"https:\/\/visittossa.com\/es\/wp-json\/wp\/v2\/media?parent=5376"}],"curies":[{"name":"wp","href":"https:\/\/api.w.org\/{rel}","templated":true}]}}