{"id":5367,"date":"2020-10-19T10:58:29","date_gmt":"2020-10-19T10:58:29","guid":{"rendered":"https:\/\/visittossa.com\/politica-privacidad\/"},"modified":"2022-05-23T12:47:27","modified_gmt":"2022-05-23T12:47:27","slug":"politica-privacidad","status":"publish","type":"page","link":"https:\/\/visittossa.com\/es\/politica-privacidad\/","title":{"rendered":"Nota legal"},"content":{"rendered":"<section class=\"l-section wpb_row height_medium\"><div class=\"l-section-h i-cf\"><div class=\"g-cols vc_row type_default valign_top\"><div class=\"vc_col-sm-12 wpb_column vc_column_container\"><div class=\"vc_column-inner\"><div class=\"wpb_wrapper\"><div class=\"wpb_text_column\" ><div class=\"wpb_wrapper\"><h2>Nota legal<\/h2>\n<\/div><\/div><div class=\"wpb_text_column\" ><div class=\"wpb_wrapper\"><p>Este sitio web y su dominio corresponden al Ayuntamiento de Tossa de Mar (en adelante, el Ayuntamiento), con CIF P1721500E y domicilio en la Calle de la Iglesia 4 de Tossa de Mar (CP 17320), tel. +34 972 34 01 00 y correo electr\u00f3nico\u00a0<span class=\"marker\">ajuntament@tossademar.org.<\/span><\/p>\n<p>&#8212;<\/p>\n<p>La informaci\u00f3n facilitada por medio de este sitio web no sustituye la que figura en la sede electr\u00f3nica del Ayuntamiento o en los canales y plataformas de sede electr\u00f3nica adoptados por el Ayuntamiento, \u00fanica que tiene plena validez legal.<\/p>\n<p>El Ayuntamiento no se hace responsable del contenido, exactitud y actualizaci\u00f3n de la informaci\u00f3n que proviene de otras personas que figure en el sitio web o en la que se haga remisi\u00f3n mediante enlaces u otros sistemas.<\/p>\n<p>&#8212;<\/p>\n<p>El sitio web y sus contenidos, incluyendo los textos, im\u00e1genes, gr\u00e1ficos, bases de datos y cualquier otro material, se ponen a disposici\u00f3n p\u00fablica con fines de informaci\u00f3n y para ofrecer servicios en el marco de las competencias y funciones propias del Ayuntamiento. Existen derechos de propiedad intelectual sobre algunos de estos contenidos que corresponden o bien al Ayuntamiento o a terceras personas que han autorizado la utilizaci\u00f3n por este medio.<\/p>\n<p>De forma general, y salvo que se indique lo contrario de forma expresa para casos singulares, se puede llevar a cabo la reproducci\u00f3n, distribuci\u00f3n y comunicaci\u00f3n p\u00fablica de los contenidos de este sitio web siempre que quede constancia de la procedencia. Sin embargo, no se podr\u00e1n utilizar los contenidos para usos comerciales, ni hacer obras derivadas, sin autorizaci\u00f3n expresa del Ayuntamiento.<\/p>\n<p>Estas condiciones rigen para los contenidos del sitio web protegidos por derechos de autor y se resumen con la licencia Reconocimiento &#8211; No Comercial &#8211; Compartir Igual (<a href=\"https:\/\/creativecommons.org\/licenses\/by-nc-sa\/4.0\/deed.es\"><span class=\"marker\">CC BY-NC-SA 4.0<\/span><\/a>) de\u00a0<span class=\"marker\"><a href=\"http:\/\/creativecommons.org\/\">Creative Commons.<\/a><\/span><\/p>\n<p>El escudo oficial del Ayuntamiento y los otros dise\u00f1os y logotipos que lo identifican s\u00f3lo pueden ser reproducidos y utilizados con autorizaci\u00f3n previa del Ayuntamiento, o bien cuando se trate de identificar actividades o iniciativas que cuentan con el apoyo expl\u00edcito del Ayuntamiento. El Ayuntamiento autoriza tambi\u00e9n usos no lucrativos con fines educativos, de investigaci\u00f3n, estudio o difusi\u00f3n cultural.<\/p>\n<p>No se autorizan presentaciones de los contenidos de este sitio en una ventana ajena (framing) sin autorizaci\u00f3n expresa y por escrito del Ayuntamiento.<\/p>\n<p>&#8212;<\/p>\n<p>El Ayuntamiento informa que este sitio web utiliza galletas (cookies) que permiten hacer m\u00e1s c\u00f3moda y r\u00e1pida la comunicaci\u00f3n que se establece entre \u00e9l y el sitio web. La vigencia de estas galletas se limita a la necesaria para conseguir estos objetivos. El usuario tiene la posibilidad de configurar su navegador de Internet para obtener un mejor conocimiento y control de las galletas. Usted ha sido informado previamente de su instalaci\u00f3n. Encontrar\u00e1 m\u00e1s informaci\u00f3n sobre la Pol\u00edtica de Cookies en\u00a0<span class=\"marker\"><a href=\"http:\/\/www.infotossa.com\/es\/cookies\">este enlace<\/a><\/span>.<\/p>\n<p>&#8212;<\/p>\n<p>El Ayuntamiento no se hace responsable ante los usuarios de su sitio web de los posibles da\u00f1os o perjuicios que se puedan derivar de interferencias, omisiones, interrupciones, virus inform\u00e1ticos, sobrecarga de las l\u00edneas, aver\u00edas o desconexiones cuando est\u00e9n motivadas por causas que le son ajenas. Tampoco se hace de los da\u00f1os que puedan ser causados \u200b\u200bpor terceras personas mediante intromisiones ileg\u00edtimas fuera del control del Ayuntamiento. Siempre que sea posible advertir\u00e1 previamente de las interrupciones en el funcionamiento de la web y de los servicios.<\/p>\n<\/div><\/div><\/div><\/div><\/div><\/div><\/div><\/section>\n","protected":false},"excerpt":{"rendered":"Nota legal Este sitio web y su dominio corresponden al Ayuntamiento de Tossa de Mar (en adelante, el Ayuntamiento), con CIF P1721500E y domicilio en la Calle de la Iglesia 4 de Tossa de Mar (CP 17320), tel. +34 972 34 01 00 y correo electr\u00f3nico\u00a0ajuntament@tossademar.org. &#8212; La informaci\u00f3n facilitada por medio de este sitio...","protected":false},"author":1,"featured_media":0,"parent":0,"menu_order":0,"comment_status":"closed","ping_status":"open","template":"","meta":{"_monsterinsights_skip_tracking":false,"_monsterinsights_sitenote_active":false,"_monsterinsights_sitenote_note":"","_monsterinsights_sitenote_category":0,"footnotes":""},"class_list":["post-5367","page","type-page","status-publish","hentry"],"_links":{"self":[{"href":"https:\/\/visittossa.com\/es\/wp-json\/wp\/v2\/pages\/5367","targetHints":{"allow":["GET"]}}],"collection":[{"href":"https:\/\/visittossa.com\/es\/wp-json\/wp\/v2\/pages"}],"about":[{"href":"https:\/\/visittossa.com\/es\/wp-json\/wp\/v2\/types\/page"}],"author":[{"embeddable":true,"href":"https:\/\/visittossa.com\/es\/wp-json\/wp\/v2\/users\/1"}],"replies":[{"embeddable":true,"href":"https:\/\/visittossa.com\/es\/wp-json\/wp\/v2\/comments?post=5367"}],"version-history":[{"count":3,"href":"https:\/\/visittossa.com\/es\/wp-json\/wp\/v2\/pages\/5367\/revisions"}],"predecessor-version":[{"id":9197,"href":"https:\/\/visittossa.com\/es\/wp-json\/wp\/v2\/pages\/5367\/revisions\/9197"}],"wp:attachment":[{"href":"https:\/\/visittossa.com\/es\/wp-json\/wp\/v2\/media?parent=5367"}],"curies":[{"name":"wp","href":"https:\/\/api.w.org\/{rel}","templated":true}]}}