{"id":5358,"date":"2021-12-08T17:03:29","date_gmt":"2021-12-08T17:03:29","guid":{"rendered":"https:\/\/visittossa.com\/hivern\/"},"modified":"2022-05-16T10:05:36","modified_gmt":"2022-05-16T10:05:36","slug":"invierno","status":"publish","type":"page","link":"https:\/\/visittossa.com\/es\/invierno\/","title":{"rendered":"Invierno"},"content":{"rendered":"<section class=\"l-section wpb_row height_large tossaHd with_img\" id=\"hdMd\"><div class=\"l-section-img\" style=\"background-image: url(https:\/\/visittossa.com\/wp-content\/uploads\/2022\/03\/Pare_Pelegri.jpg);\" data-img-width=\"1400\" data-img-height=\"270\"><\/div><div class=\"l-section-h i-cf\"><div class=\"g-cols vc_row type_default valign_top\"><div class=\"vc_col-sm-12 wpb_column vc_column_container\"><div class=\"vc_column-inner\"><div class=\"wpb_wrapper\"><\/div><\/div><\/div><\/div><\/div><\/section><section class=\"l-section wpb_row height_medium txtArea\"><div class=\"l-section-h i-cf\"><div class=\"g-cols vc_row type_default valign_top\"><div class=\"vc_col-sm-12 wpb_column vc_column_container\"><div class=\"vc_column-inner\"><div class=\"wpb_wrapper\"><div class=\"wpb_text_column\" ><div class=\"wpb_wrapper\"><h3 style=\"text-align: center;\">Invierno<\/h3>\n<\/div><\/div><div class=\"wpb_text_column txtMd\" ><div class=\"wpb_wrapper\"><p style=\"text-align: center;\">Con el invierno llegan el fr\u00edo, las fiestas navide\u00f1as, los reencuentros familiares y las tradiciones centenarias que m\u00e1s enorgullecen a la localidad\u2026<\/p>\n<\/div><\/div><\/div><\/div><\/div><\/div><\/div><\/section><section class=\"l-section wpb_row height_auto width_full imgMd\"><div class=\"l-section-h i-cf\"><div class=\"g-cols vc_row type_default valign_top\"><div class=\"vc_col-sm-12 wpb_column vc_column_container\"><div class=\"vc_column-inner\"><div class=\"wpb_wrapper\"><div class=\"w-image align_center\"><div class=\"w-image-h\"><img loading=\"lazy\" decoding=\"async\" width=\"1398\" height=\"600\" src=\"https:\/\/visittossa.com\/wp-content\/uploads\/2021\/12\/Hivern-temps-de-gaudir.jpg\" class=\"attachment-full size-full\" alt=\"\" srcset=\"https:\/\/visittossa.com\/wp-content\/uploads\/2021\/12\/Hivern-temps-de-gaudir.jpg 1398w, https:\/\/visittossa.com\/wp-content\/uploads\/2021\/12\/Hivern-temps-de-gaudir-300x129.jpg 300w, https:\/\/visittossa.com\/wp-content\/uploads\/2021\/12\/Hivern-temps-de-gaudir-1024x439.jpg 1024w\" sizes=\"auto, (max-width: 1398px) 100vw, 1398px\" \/><\/div><\/div><\/div><\/div><\/div><\/div><\/div><\/section><section class=\"l-section wpb_row height_medium txtArea\"><div class=\"l-section-h i-cf\"><div class=\"g-cols vc_row type_default valign_top\"><div class=\"vc_col-sm-12 wpb_column vc_column_container\"><div class=\"vc_column-inner\"><div class=\"wpb_wrapper\"><div class=\"wpb_text_column tltMd\" ><div class=\"wpb_wrapper\"><h2 style=\"text-align: center;\">El invierno es el tiempo de disfrutar de&#8230;<\/h2>\n<\/div><\/div><div class=\"wpb_text_column txtMd\" ><div class=\"wpb_wrapper\"><p style=\"text-align: center;\">&#8230;las caminatas vigorizantes hasta los picos m\u00e1s altos del macizo de Cadiretes,<\/p>\n<p style=\"text-align: center;\">&#8230;la familia y los amigos frente a una chimenea,<\/p>\n<p style=\"text-align: center;\">&#8230;paseos tranquilos a lo largo de una playa desierta,<\/p>\n<p style=\"text-align: center;\">&#8230;el esp\u00edritu navide\u00f1o que envuelve la localidad y la llena de un sentimiento de fraternidad y solidaridad<\/p>\n<\/div><\/div><\/div><\/div><\/div><\/div><\/div><\/section><section class=\"l-section wpb_row height_auto width_full imgMd\"><div class=\"l-section-h i-cf\"><div class=\"g-cols vc_row type_default valign_top\"><div class=\"vc_col-sm-12 wpb_column vc_column_container\"><div class=\"vc_column-inner\"><div class=\"wpb_wrapper\"><div class=\"w-image align_center\"><div class=\"w-image-h\"><img loading=\"lazy\" decoding=\"async\" width=\"1398\" height=\"600\" src=\"https:\/\/visittossa.com\/wp-content\/uploads\/2021\/12\/Hivern-proposem.jpg\" class=\"attachment-full size-full\" alt=\"\" srcset=\"https:\/\/visittossa.com\/wp-content\/uploads\/2021\/12\/Hivern-proposem.jpg 1398w, https:\/\/visittossa.com\/wp-content\/uploads\/2021\/12\/Hivern-proposem-300x129.jpg 300w, https:\/\/visittossa.com\/wp-content\/uploads\/2021\/12\/Hivern-proposem-1024x439.jpg 1024w\" sizes=\"auto, (max-width: 1398px) 100vw, 1398px\" \/><\/div><\/div><\/div><\/div><\/div><\/div><\/div><\/section><section class=\"l-section wpb_row height_medium txtArea\"><div class=\"l-section-h i-cf\"><div class=\"g-cols vc_row type_default valign_top\"><div class=\"vc_col-sm-12 wpb_column vc_column_container\"><div class=\"vc_column-inner\"><div class=\"wpb_wrapper\"><div class=\"wpb_text_column tltMd\" ><div class=\"wpb_wrapper\"><h2 style=\"text-align: center;\">En invierno proponemos y celebramos&#8230;<\/h2>\n<\/div><\/div><div class=\"wpb_text_column txtMd\" ><div class=\"wpb_wrapper\"><p style=\"text-align: center;\">La Escenificaci\u00f3n del Bel\u00e9n en el maravilloso entorno medieval de la Vila Vella<\/p>\n<p style=\"text-align: center;\">La tradici\u00f3n catalana del <em>Caga Ti\u00f3<\/em> y el Divertossa, que hacen las delicias de los ni\u00f1os<\/p>\n<p style=\"text-align: center;\">La Fiesta de Fin de A\u00f1o<\/p>\n<p style=\"text-align: center;\">El Concierto de sardanas de A\u00f1o Nuevo<\/p>\n<p style=\"text-align: center;\">El primer ba\u00f1o del a\u00f1o para los m\u00e1s atrevidos<\/p>\n<p style=\"text-align: center;\">La llegada de los Reyes Magos de Oriente<\/p>\n<p style=\"text-align: center;\">El Peregrino de Tossa, nuestra tradici\u00f3n m\u00e1s querida<\/p>\n<p style=\"text-align: center;\">La Fiesta Mayor de San Vicente<\/p>\n<p style=\"text-align: center;\">El Carnaval<\/p>\n<\/div><\/div><\/div><\/div><\/div><\/div><\/div><\/section><section class=\"l-section wpb_row us_custom_53135519 height_medium with_overlay\" id=\"experienciasMd\"><div class=\"l-section-overlay\" style=\"background: #ffffff\"><\/div><div class=\"l-section-h i-cf\"><div class=\"g-cols vc_row type_default valign_top\"><div class=\"vc_col-sm-12 wpb_column vc_column_container\"><div class=\"vc_column-inner\"><div class=\"wpb_wrapper\"><div class=\"g-cols wpb_row  type_default valign_top vc_inner\"><div class=\"vc_col-sm-3 wpb_column vc_column_container\"><div class=\"vc_column-inner\"><div class=\"wpb_wrapper\">\n<div id=\"interactive-banner-1-wrap-5872\" class=\"ult-banner-block ult-adjust-bottom-margin ult-bb-box  banner-style01 \"   style=\"\">\n\t<img decoding=\"async\" src=\"https:\/\/visittossa.com\/wp-content\/uploads\/2021\/12\/estiu-thumb.png\" alt=\"null\">\n\t<h3  data-ultimate-target='#interactive-banner-1-wrap-5872 .bb-top-title '  data-responsive-json-new='{\"font-size\":\"\",\"line-height\":\"\"}'  class=\"title-center bb-top-title ult-responsive\" style=\"font-weight:normal;background:#242424;color:#ffffff;\">Verano<\/h3>\n\t<div class=\"mask opaque-background\" style=\"background:rgba(35,35,35,0.41);\">\n\t\t<div  data-ultimate-target='#interactive-banner-1-wrap-5872 .bb-description'  data-responsive-json-new='{\"font-size\":\"\",\"line-height\":\"\"}'  class=\"bb-description ult-responsive\" style=\"font-weight:normal;color:#ffffff;\"><\/div>\n\t<\/div><a class=\"bb-link\" href=\"https:\/\/visittossa.com\/es\/verano\/\" title=\"Verano\" ><\/a>\n<\/div><\/div><\/div><\/div><div class=\"vc_col-sm-3 wpb_column vc_column_container\"><div class=\"vc_column-inner\"><div class=\"wpb_wrapper\">\n<div id=\"interactive-banner-1-wrap-1506\" class=\"ult-banner-block ult-adjust-bottom-margin ult-bb-box  banner-style01 \"   style=\"\">\n\t<img decoding=\"async\" src=\"https:\/\/visittossa.com\/wp-content\/uploads\/2021\/02\/tardor.png\" alt=\"Tardor\">\n\t<h3  data-ultimate-target='#interactive-banner-1-wrap-1506 .bb-top-title '  data-responsive-json-new='{\"font-size\":\"\",\"line-height\":\"\"}'  class=\"title-center bb-top-title ult-responsive\" style=\"font-weight:normal;background:#242424;color:#ffffff;\">Oto\u00f1o<\/h3>\n\t<div class=\"mask opaque-background\" style=\"background:rgba(35,35,35,0.41);\">\n\t\t<div  data-ultimate-target='#interactive-banner-1-wrap-1506 .bb-description'  data-responsive-json-new='{\"font-size\":\"\",\"line-height\":\"\"}'  class=\"bb-description ult-responsive\" style=\"font-weight:normal;color:#ffffff;\"><\/div>\n\t<\/div><a class=\"bb-link\" href=\"https:\/\/visittossa.com\/es\/otono\/\" title=\"Oto\u00f1o\" ><\/a>\n<\/div><\/div><\/div><\/div><div class=\"vc_col-sm-3 wpb_column vc_column_container active\"><div class=\"vc_column-inner\"><div class=\"wpb_wrapper\">\n<div id=\"interactive-banner-1-wrap-2946\" class=\"ult-banner-block ult-adjust-bottom-margin ult-bb-box  banner-style01 \"   style=\"\">\n\t<img decoding=\"async\" src=\"https:\/\/visittossa.com\/wp-content\/uploads\/2021\/02\/hivern.png\" alt=\"Hivern\">\n\t<h3  data-ultimate-target='#interactive-banner-1-wrap-2946 .bb-top-title '  data-responsive-json-new='{\"font-size\":\"\",\"line-height\":\"\"}'  class=\"title-center bb-top-title ult-responsive\" style=\"font-weight:normal;background:#242424;color:#ffffff;\">Invierno<\/h3>\n\t<div class=\"mask opaque-background\" style=\"background:rgba(35,35,35,0.41);\">\n\t\t<div  data-ultimate-target='#interactive-banner-1-wrap-2946 .bb-description'  data-responsive-json-new='{\"font-size\":\"\",\"line-height\":\"\"}'  class=\"bb-description ult-responsive\" style=\"font-weight:normal;color:#ffffff;\"><\/div>\n\t<\/div><a class=\"bb-link\" href=\"https:\/\/visittossa.com\/es\/invierno\/\" title=\"Invierno\" ><\/a>\n<\/div><\/div><\/div><\/div><div class=\"vc_col-sm-3 wpb_column vc_column_container\"><div class=\"vc_column-inner\"><div class=\"wpb_wrapper\">\n<div id=\"interactive-banner-1-wrap-2527\" class=\"ult-banner-block ult-adjust-bottom-margin ult-bb-box  banner-style01 \"   style=\"\">\n\t<img decoding=\"async\" src=\"https:\/\/visittossa.com\/wp-content\/uploads\/2021\/12\/primavera-thumb.png\" alt=\"null\">\n\t<h3  data-ultimate-target='#interactive-banner-1-wrap-2527 .bb-top-title '  data-responsive-json-new='{\"font-size\":\"\",\"line-height\":\"\"}'  class=\"title-center bb-top-title ult-responsive\" style=\"font-weight:normal;background:#242424;color:#ffffff;\">Primavera<\/h3>\n\t<div class=\"mask opaque-background\" style=\"background:rgba(35,35,35,0.41);\">\n\t\t<div  data-ultimate-target='#interactive-banner-1-wrap-2527 .bb-description'  data-responsive-json-new='{\"font-size\":\"\",\"line-height\":\"\"}'  class=\"bb-description ult-responsive\" style=\"font-weight:normal;color:#ffffff;\"><\/div>\n\t<\/div><a class=\"bb-link\" href=\"https:\/\/visittossa.com\/es\/primavera\/\" title=\"Primavera\" ><\/a>\n<\/div><\/div><\/div><\/div><\/div><\/div><\/div><\/div><\/div><\/div><\/section>\n","protected":false},"excerpt":{"rendered":"Invierno Con el invierno llegan el fr\u00edo, las fiestas navide\u00f1as, los reencuentros familiares y las tradiciones centenarias que m\u00e1s enorgullecen a la localidad\u2026 El invierno es el tiempo de disfrutar de&#8230; &#8230;las caminatas vigorizantes hasta los picos m\u00e1s altos del macizo de Cadiretes, &#8230;la familia y los amigos frente a una chimenea, &#8230;paseos tranquilos a...","protected":false},"author":1,"featured_media":0,"parent":0,"menu_order":0,"comment_status":"closed","ping_status":"closed","template":"","meta":{"_monsterinsights_skip_tracking":false,"_monsterinsights_sitenote_active":false,"_monsterinsights_sitenote_note":"","_monsterinsights_sitenote_category":0,"footnotes":""},"class_list":["post-5358","page","type-page","status-publish","hentry"],"_links":{"self":[{"href":"https:\/\/visittossa.com\/es\/wp-json\/wp\/v2\/pages\/5358","targetHints":{"allow":["GET"]}}],"collection":[{"href":"https:\/\/visittossa.com\/es\/wp-json\/wp\/v2\/pages"}],"about":[{"href":"https:\/\/visittossa.com\/es\/wp-json\/wp\/v2\/types\/page"}],"author":[{"embeddable":true,"href":"https:\/\/visittossa.com\/es\/wp-json\/wp\/v2\/users\/1"}],"replies":[{"embeddable":true,"href":"https:\/\/visittossa.com\/es\/wp-json\/wp\/v2\/comments?post=5358"}],"version-history":[{"count":7,"href":"https:\/\/visittossa.com\/es\/wp-json\/wp\/v2\/pages\/5358\/revisions"}],"predecessor-version":[{"id":9061,"href":"https:\/\/visittossa.com\/es\/wp-json\/wp\/v2\/pages\/5358\/revisions\/9061"}],"wp:attachment":[{"href":"https:\/\/visittossa.com\/es\/wp-json\/wp\/v2\/media?parent=5358"}],"curies":[{"name":"wp","href":"https:\/\/api.w.org\/{rel}","templated":true}]}}