{"id":5352,"date":"2021-11-09T17:47:11","date_gmt":"2021-11-09T17:47:11","guid":{"rendered":"https:\/\/visittossa.com\/gastronomia\/la-cuina-de-tossa\/"},"modified":"2025-05-06T09:04:39","modified_gmt":"2025-05-06T09:04:39","slug":"la-cocina-de-tossa","status":"publish","type":"page","link":"https:\/\/visittossa.com\/es\/gastronomia\/la-cocina-de-tossa\/","title":{"rendered":"La cocina de Tossa"},"content":{"rendered":"<section class=\"l-section wpb_row height_large width_full tossaHd with_img\" id=\"hdMd\"><div class=\"l-section-img\" style=\"background-image: url(https:\/\/visittossa.com\/wp-content\/uploads\/2024\/12\/2022_gastronomiatossa_013.jpg);background-position: top right;background-repeat: no-repeat;\" data-img-width=\"2048\" data-img-height=\"1365\"><\/div><div class=\"l-section-h i-cf\"><div class=\"g-cols vc_row type_default valign_middle\"><div class=\"vc_col-sm-12 wpb_column vc_column_container\"><div class=\"vc_column-inner\"><div class=\"wpb_wrapper\"><\/div><\/div><\/div><\/div><\/div><\/section><section class=\"l-section wpb_row height_large\" id=\"dblMd\"><div class=\"l-section-h i-cf\"><div class=\"g-cols vc_row type_default valign_top\"><div class=\"vc_col-sm-6 wpb_column vc_column_container imgCol\"><div class=\"vc_column-inner\"><div class=\"wpb_wrapper\"><div class=\"wpb_text_column tltMd\" ><div class=\"wpb_wrapper\"><h2>La cocina de Tossa<\/h2>\n<\/div><\/div><div class=\"wpb_text_column txtMd\" ><div class=\"wpb_wrapper\"><p>La cocina de Tossa se ha visto claramente marcada por las caracter\u00edsticas del territorio donde se encuentra, entre el mar y la monta\u00f1a, si bien el paso del tiempo, la influencia de culturas diversas y las condiciones de vida de su gente la han mantenido en constante evoluci\u00f3n, dando forma a una gastronom\u00eda propia de Tossa, similar a la cocina de los pueblos vecinos, pero tambi\u00e9n con marcadas diferencias, algunas de ellas sorprendentes.<\/p>\n<p>El recetario tossense se ha transmitido en los hogares de madres a hijas, pero en el \u00e1mbito de los oficios, este saber tambi\u00e9n se ha transmitido de patrones de pesca a j\u00f3venes marineros y de capataces a j\u00f3venes carboneros.<\/p>\n<p>La mezcla de productos del mar y de la tierra y la manera de elaborarlos por parte de cada uno de estos colectivos han hecho que la cocina de Tossa haya llegado a ser una cocina basada en el pescado, pero con una importante presencia de verduras, frutas, legumbres y carnes, a menudo cocinados en cazuela, y con el toque final de los picadillos, que les confiere su sabor m\u00e1s caracter\u00edstico.<\/p>\n<p>Algunas particularidades locales son los picadillos con chocolate que llevan los calamares rellenos con alb\u00f3ndigas al estilo de Tossa, o el \u201ccim i tomba\u201d, un plato muy sencillo que los pescadores preparaban en sus barcas cuando ten\u00edan que pasar muchas horas en el mar, pero que ahora se ha convertido en uno de los platos m\u00e1s populares de la gastronom\u00eda tossense.<\/p>\n<\/div><\/div><\/div><\/div><\/div><div class=\"vc_col-sm-6 wpb_column vc_column_container infoCol\"><div class=\"vc_column-inner\"><div class=\"wpb_wrapper\"><div class=\"w-image align_none\"><div class=\"w-image-h\"><img loading=\"lazy\" decoding=\"async\" width=\"2048\" height=\"1365\" src=\"https:\/\/visittossa.com\/wp-content\/uploads\/2024\/12\/2022_gastronomiatossa_002.jpg\" class=\"attachment-full size-full\" alt=\"\" srcset=\"https:\/\/visittossa.com\/wp-content\/uploads\/2024\/12\/2022_gastronomiatossa_002.jpg 2048w, https:\/\/visittossa.com\/wp-content\/uploads\/2024\/12\/2022_gastronomiatossa_002-300x200.jpg 300w, https:\/\/visittossa.com\/wp-content\/uploads\/2024\/12\/2022_gastronomiatossa_002-1024x683.jpg 1024w\" sizes=\"auto, (max-width: 2048px) 100vw, 2048px\" \/><\/div><\/div><\/div><\/div><\/div><\/div><\/div><\/section><section class=\"l-section wpb_row height_medium\" id=\"experienciasMd\"><div class=\"l-section-h i-cf\"><div class=\"g-cols vc_row type_default valign_top\"><div class=\"vc_col-sm-12 wpb_column vc_column_container\"><div class=\"vc_column-inner\"><div class=\"wpb_wrapper\"><div class=\"g-cols wpb_row  type_default valign_top vc_inner\"><div class=\"vc_col-sm-4 wpb_column vc_column_container active\"><div class=\"vc_column-inner\"><div class=\"wpb_wrapper\">\n<div id=\"interactive-banner-1-wrap-5299\" class=\"ult-banner-block ult-adjust-bottom-margin ult-bb-box  banner-style01 \"   style=\"\">\n\t<img decoding=\"async\" src=\"https:\/\/visittossa.com\/wp-content\/uploads\/2024\/10\/2022_gastronomiatossa_015.jpg\" alt=\"null\">\n\t<h3  data-ultimate-target='#interactive-banner-1-wrap-5299 .bb-top-title '  data-responsive-json-new='{\"font-size\":\"\",\"line-height\":\"\"}'  class=\"title-center bb-top-title ult-responsive\" style=\"font-weight:normal;background:#242424;color:#ffffff;\">La cocina de Tossa<\/h3>\n\t<div class=\"mask opaque-background\" style=\"background:rgba(35,35,35,0.41);\">\n\t\t<div  data-ultimate-target='#interactive-banner-1-wrap-5299 .bb-description'  data-responsive-json-new='{\"font-size\":\"\",\"line-height\":\"\"}'  class=\"bb-description ult-responsive\" style=\"font-weight:normal;color:#ffffff;\"><\/div>\n\t<\/div><a class=\"bb-link\" href=\"https:\/\/visittossa.com\/es\/gastronomia\/la-cocina-de-tossa\/\" title=\"La cocina de Tossa\" ><\/a>\n<\/div><\/div><\/div><\/div><div class=\"vc_col-sm-4 wpb_column vc_column_container\"><div class=\"vc_column-inner\"><div class=\"wpb_wrapper\">\n<div id=\"interactive-banner-1-wrap-3584\" class=\"ult-banner-block ult-adjust-bottom-margin ult-bb-box ult-banner-block-custom-height banner-style01 \"   style=\"height:216px;\">\n\t<img decoding=\"async\" src=\"https:\/\/visittossa.com\/wp-content\/uploads\/2024\/10\/327398057_1017183386321935_1885100950319362586_n.jpg\" alt=\"null\">\n\t<h3  data-ultimate-target='#interactive-banner-1-wrap-3584 .bb-top-title '  data-responsive-json-new='{\"font-size\":\"\",\"line-height\":\"\"}'  class=\"title-center bb-top-title ult-responsive\" style=\"font-weight:normal;background:#242424;color:#ffffff;\">La Asociaci\u00f3n de Cocina Tradicional Tossense<\/h3>\n\t<div class=\"mask opaque-background\" style=\"background:rgba(35,35,35,0.41);\">\n\t\t<div  data-ultimate-target='#interactive-banner-1-wrap-3584 .bb-description'  data-responsive-json-new='{\"font-size\":\"\",\"line-height\":\"\"}'  class=\"bb-description ult-responsive\" style=\"font-weight:normal;color:#ffffff;\"><\/div>\n\t<\/div><a class=\"bb-link\" href=\"https:\/\/visittossa.com\/es\/gastronomia\/cocina-tradicional-tossense\/\" title=\"El colectivo de Cocina Tradicional Tossense\" ><\/a>\n<\/div><\/div><\/div><\/div><div class=\"vc_col-sm-4 wpb_column vc_column_container\"><div class=\"vc_column-inner\"><div class=\"wpb_wrapper\">\n<div id=\"interactive-banner-1-wrap-4926\" class=\"ult-banner-block ult-adjust-bottom-margin ult-bb-box  banner-style01 \"   style=\"\">\n\t<img decoding=\"async\" src=\"https:\/\/visittossa.com\/wp-content\/uploads\/2024\/10\/2022_gastronomiatossa_016.jpg\" alt=\"null\">\n\t<h3  data-ultimate-target='#interactive-banner-1-wrap-4926 .bb-top-title '  data-responsive-json-new='{\"font-size\":\"\",\"line-height\":\"\"}'  class=\"title-center bb-top-title ult-responsive\" style=\"font-weight:normal;background:#242424;color:#ffffff;\">La receta del \u201ccim i tomba\u201d<\/h3>\n\t<div class=\"mask opaque-background\" style=\"background:rgba(35,35,35,0.41);\">\n\t\t<div  data-ultimate-target='#interactive-banner-1-wrap-4926 .bb-description'  data-responsive-json-new='{\"font-size\":\"\",\"line-height\":\"\"}'  class=\"bb-description ult-responsive\" style=\"font-weight:normal;color:#ffffff;\"><\/div>\n\t<\/div><a class=\"bb-link\" href=\"https:\/\/visittossa.com\/es\/gastronomia\/la-receta-del-cim-i-tomba\/\" title=\"La receta del cim i tomba\" ><\/a>\n<\/div><\/div><\/div><\/div><\/div><\/div><\/div><\/div><\/div><\/div><\/section>\n","protected":false},"excerpt":{"rendered":"La cocina de Tossa La cocina de Tossa se ha visto claramente marcada por las caracter\u00edsticas del territorio donde se encuentra, entre el mar y la monta\u00f1a, si bien el paso del tiempo, la influencia de culturas diversas y las condiciones de vida de su gente la han mantenido en constante evoluci\u00f3n, dando forma a...","protected":false},"author":1,"featured_media":0,"parent":5346,"menu_order":0,"comment_status":"closed","ping_status":"closed","template":"","meta":{"_monsterinsights_skip_tracking":false,"_monsterinsights_sitenote_active":false,"_monsterinsights_sitenote_note":"","_monsterinsights_sitenote_category":0,"footnotes":""},"class_list":["post-5352","page","type-page","status-publish","hentry"],"_links":{"self":[{"href":"https:\/\/visittossa.com\/es\/wp-json\/wp\/v2\/pages\/5352","targetHints":{"allow":["GET"]}}],"collection":[{"href":"https:\/\/visittossa.com\/es\/wp-json\/wp\/v2\/pages"}],"about":[{"href":"https:\/\/visittossa.com\/es\/wp-json\/wp\/v2\/types\/page"}],"author":[{"embeddable":true,"href":"https:\/\/visittossa.com\/es\/wp-json\/wp\/v2\/users\/1"}],"replies":[{"embeddable":true,"href":"https:\/\/visittossa.com\/es\/wp-json\/wp\/v2\/comments?post=5352"}],"version-history":[{"count":12,"href":"https:\/\/visittossa.com\/es\/wp-json\/wp\/v2\/pages\/5352\/revisions"}],"predecessor-version":[{"id":16512,"href":"https:\/\/visittossa.com\/es\/wp-json\/wp\/v2\/pages\/5352\/revisions\/16512"}],"up":[{"embeddable":true,"href":"https:\/\/visittossa.com\/es\/wp-json\/wp\/v2\/pages\/5346"}],"wp:attachment":[{"href":"https:\/\/visittossa.com\/es\/wp-json\/wp\/v2\/media?parent=5352"}],"curies":[{"name":"wp","href":"https:\/\/api.w.org\/{rel}","templated":true}]}}