{"id":5349,"date":"2021-11-09T17:47:23","date_gmt":"2021-11-09T17:47:23","guid":{"rendered":"https:\/\/visittossa.com\/gastronomia\/cuina-tradicional-tossenca\/"},"modified":"2025-05-06T09:03:14","modified_gmt":"2025-05-06T09:03:14","slug":"cocina-tradicional-tossense","status":"publish","type":"page","link":"https:\/\/visittossa.com\/es\/gastronomia\/cocina-tradicional-tossense\/","title":{"rendered":"La Asociaci\u00f3n de Cocina Tradicional Tossense"},"content":{"rendered":"<section class=\"l-section wpb_row height_large width_full tossaHd with_img\" id=\"hdMd\"><div class=\"l-section-img\" style=\"background-image: url(https:\/\/visittossa.com\/wp-content\/uploads\/2024\/10\/327398057_1017183386321935_1885100950319362586_n.jpg);background-repeat: no-repeat;background-size: contain;\" data-img-width=\"1729\" data-img-height=\"711\"><\/div><div class=\"l-section-h i-cf\"><div class=\"g-cols vc_row type_default valign_middle\"><div class=\"vc_col-sm-12 wpb_column vc_column_container\"><div class=\"vc_column-inner\"><div class=\"wpb_wrapper\"><\/div><\/div><\/div><\/div><\/div><\/section><section class=\"l-section wpb_row height_large\" id=\"dblMd\"><div class=\"l-section-h i-cf\"><div class=\"g-cols vc_row type_default valign_top\"><div class=\"vc_col-sm-6 wpb_column vc_column_container imgCol\"><div class=\"vc_column-inner\"><div class=\"wpb_wrapper\"><div class=\"wpb_text_column tltMd\" ><div class=\"wpb_wrapper\"><h2>La Asociaci\u00f3n de Cocina Tradicional Tossense<\/h2>\n<\/div><\/div><div class=\"wpb_text_column txtMd\" ><div class=\"wpb_wrapper\"><p>Este colectivo nace en 2009 como una iniciativa conjunta del Ayuntamiento de Tossa y un grupo de restauradores locales para recuperar, poner en valor y dar a conocer la cocina tossense de toda la vida entre el p\u00fablico en general.<\/p>\n<p>Las cartas de los restaurantes miembros incluyen platos tradicionales del recetario tradicional local, claramente identificados y elaborados con productos de primera calidad.<\/p>\n<p>El colectivo organiza cada a\u00f1o varias acciones gastron\u00f3micas, entre las cuales destacamos las campa\u00f1as gastron\u00f3micas de los Fideos a la Cazuela, y de la Cocina del \u201cCim i tomba\u201d, que se celebran respectivamente durante todo el mes de junio y todo el mes de septiembre.<\/p>\n<p>Los miembros del colectivo de Cocina Tradicional Tossense son los restaurantes Bahia, Can Carlus, Can Gol, Can Pini, Can Simon, Capri, Castell Vell, El Petit, Marina, Mestre d&#8217;Aixa, Minerva, Sa Barca, Sa Muralla, Tursia, Vict\u00f2ria y V\u00edctor, que encontrar\u00e1n incluidos en el listado de <a href=\"https:\/\/visittossa.com\/es\/donde-comer\/?_sft_categories_menjar=cuina-tradicional-tossenca-es\">restaurantes<\/a> bajo la clasificaci\u00f3n de Cocina Tradicional Tossense.<\/p>\n<\/div><\/div><div class=\"w-separator size_small\"><\/div><div class=\"w-btn-wrapper width_auto align_left\"><a class=\"w-btn us-btn-style_1\" title=\"Desc\u00e1rgate la gu\u00eda del Colectivo de Cocina Tradicional Tossense\" target=\"_blank\" href=\"https:\/\/visittossa.com\/wp-content\/uploads\/2022\/08\/Cuina_Tradicional_Tossenca_restaurants.pdf\" rel=\"noopener\"><span class=\"w-btn-label\">DESC\u00c1RGATE LA GU\u00cdA<\/span><\/a><\/div><\/div><\/div><\/div><div class=\"vc_col-sm-6 wpb_column vc_column_container infoCol\"><div class=\"vc_column-inner\"><div class=\"wpb_wrapper\"><div class=\"w-image align_none\"><div class=\"w-image-h\"><img loading=\"lazy\" decoding=\"async\" width=\"2048\" height=\"1366\" src=\"https:\/\/visittossa.com\/wp-content\/uploads\/2024\/10\/2022_gastronomiatossa_001.jpg\" class=\"attachment-full size-full\" alt=\"\" srcset=\"https:\/\/visittossa.com\/wp-content\/uploads\/2024\/10\/2022_gastronomiatossa_001.jpg 2048w, https:\/\/visittossa.com\/wp-content\/uploads\/2024\/10\/2022_gastronomiatossa_001-300x200.jpg 300w, https:\/\/visittossa.com\/wp-content\/uploads\/2024\/10\/2022_gastronomiatossa_001-1024x683.jpg 1024w\" sizes=\"auto, (max-width: 2048px) 100vw, 2048px\" \/><\/div><\/div><\/div><\/div><\/div><\/div><\/div><\/section><section class=\"l-section wpb_row height_medium\" id=\"experienciasMd\"><div class=\"l-section-h i-cf\"><div class=\"g-cols vc_row type_default valign_top\"><div class=\"vc_col-sm-12 wpb_column vc_column_container\"><div class=\"vc_column-inner\"><div class=\"wpb_wrapper\"><div class=\"g-cols wpb_row  type_default valign_top vc_inner\"><div class=\"vc_col-sm-4 wpb_column vc_column_container\"><div class=\"vc_column-inner\"><div class=\"wpb_wrapper\">\n<div id=\"interactive-banner-1-wrap-2398\" class=\"ult-banner-block ult-adjust-bottom-margin ult-bb-box  banner-style01 \"   style=\"\">\n\t<img decoding=\"async\" src=\"https:\/\/visittossa.com\/wp-content\/uploads\/2024\/10\/2022_gastronomiatossa_015.jpg\" alt=\"null\">\n\t<h3  data-ultimate-target='#interactive-banner-1-wrap-2398 .bb-top-title '  data-responsive-json-new='{\"font-size\":\"\",\"line-height\":\"\"}'  class=\"title-center bb-top-title ult-responsive\" style=\"font-weight:normal;background:#242424;color:#ffffff;\">La cocina de Tossa<\/h3>\n\t<div class=\"mask opaque-background\" style=\"background:rgba(35,35,35,0.41);\">\n\t\t<div  data-ultimate-target='#interactive-banner-1-wrap-2398 .bb-description'  data-responsive-json-new='{\"font-size\":\"\",\"line-height\":\"\"}'  class=\"bb-description ult-responsive\" style=\"font-weight:normal;color:#ffffff;\"><\/div>\n\t<\/div><a class=\"bb-link\" href=\"https:\/\/visittossa.com\/es\/gastronomia\/la-cocina-de-tossa\/\" title=\"La cocina de Tossa\" ><\/a>\n<\/div><\/div><\/div><\/div><div class=\"vc_col-sm-4 wpb_column vc_column_container active\"><div class=\"vc_column-inner\"><div class=\"wpb_wrapper\">\n<div id=\"interactive-banner-1-wrap-8094\" class=\"ult-banner-block ult-adjust-bottom-margin ult-bb-box ult-banner-block-custom-height banner-style01 \"   style=\"height:216px;\">\n\t<img decoding=\"async\" src=\"https:\/\/visittossa.com\/wp-content\/uploads\/2024\/10\/327398057_1017183386321935_1885100950319362586_n.jpg\" alt=\"null\">\n\t<h3  data-ultimate-target='#interactive-banner-1-wrap-8094 .bb-top-title '  data-responsive-json-new='{\"font-size\":\"\",\"line-height\":\"\"}'  class=\"title-center bb-top-title ult-responsive\" style=\"font-weight:normal;background:#242424;color:#ffffff;\">La Asociaci\u00f3n de Cocina Tradicional Tossense<\/h3>\n\t<div class=\"mask opaque-background\" style=\"background:rgba(35,35,35,0.41);\">\n\t\t<div  data-ultimate-target='#interactive-banner-1-wrap-8094 .bb-description'  data-responsive-json-new='{\"font-size\":\"\",\"line-height\":\"\"}'  class=\"bb-description ult-responsive\" style=\"font-weight:normal;color:#ffffff;\"><\/div>\n\t<\/div><a class=\"bb-link\" href=\"https:\/\/visittossa.com\/es\/gastronomia\/cocina-tradicional-tossense\/\" title=\"El colectivo de Cocina Tradicional Tossense\" ><\/a>\n<\/div><\/div><\/div><\/div><div class=\"vc_col-sm-4 wpb_column vc_column_container\"><div class=\"vc_column-inner\"><div class=\"wpb_wrapper\">\n<div id=\"interactive-banner-1-wrap-3332\" class=\"ult-banner-block ult-adjust-bottom-margin ult-bb-box  banner-style01 \"   style=\"\">\n\t<img decoding=\"async\" src=\"https:\/\/visittossa.com\/wp-content\/uploads\/2024\/10\/2022_gastronomiatossa_016.jpg\" alt=\"null\">\n\t<h3  data-ultimate-target='#interactive-banner-1-wrap-3332 .bb-top-title '  data-responsive-json-new='{\"font-size\":\"\",\"line-height\":\"\"}'  class=\"title-center bb-top-title ult-responsive\" style=\"font-weight:normal;background:#242424;color:#ffffff;\">La receta del \u201ccim i tomba\u201d<\/h3>\n\t<div class=\"mask opaque-background\" style=\"background:rgba(35,35,35,0.41);\">\n\t\t<div  data-ultimate-target='#interactive-banner-1-wrap-3332 .bb-description'  data-responsive-json-new='{\"font-size\":\"\",\"line-height\":\"\"}'  class=\"bb-description ult-responsive\" style=\"font-weight:normal;color:#ffffff;\"><\/div>\n\t<\/div><a class=\"bb-link\" href=\"https:\/\/visittossa.com\/es\/gastronomia\/la-receta-del-cim-i-tomba\/\" title=\"La receta del cim i tomba\" ><\/a>\n<\/div><\/div><\/div><\/div><\/div><\/div><\/div><\/div><\/div><\/div><\/section>\n","protected":false},"excerpt":{"rendered":"La Asociaci\u00f3n de Cocina Tradicional Tossense Este colectivo nace en 2009 como una iniciativa conjunta del Ayuntamiento de Tossa y un grupo de restauradores locales para recuperar, poner en valor y dar a conocer la cocina tossense de toda la vida entre el p\u00fablico en general. Las cartas de los restaurantes miembros incluyen platos tradicionales...","protected":false},"author":1,"featured_media":0,"parent":5346,"menu_order":0,"comment_status":"closed","ping_status":"closed","template":"","meta":{"_monsterinsights_skip_tracking":false,"_monsterinsights_sitenote_active":false,"_monsterinsights_sitenote_note":"","_monsterinsights_sitenote_category":0,"footnotes":""},"class_list":["post-5349","page","type-page","status-publish","hentry"],"_links":{"self":[{"href":"https:\/\/visittossa.com\/es\/wp-json\/wp\/v2\/pages\/5349","targetHints":{"allow":["GET"]}}],"collection":[{"href":"https:\/\/visittossa.com\/es\/wp-json\/wp\/v2\/pages"}],"about":[{"href":"https:\/\/visittossa.com\/es\/wp-json\/wp\/v2\/types\/page"}],"author":[{"embeddable":true,"href":"https:\/\/visittossa.com\/es\/wp-json\/wp\/v2\/users\/1"}],"replies":[{"embeddable":true,"href":"https:\/\/visittossa.com\/es\/wp-json\/wp\/v2\/comments?post=5349"}],"version-history":[{"count":14,"href":"https:\/\/visittossa.com\/es\/wp-json\/wp\/v2\/pages\/5349\/revisions"}],"predecessor-version":[{"id":16511,"href":"https:\/\/visittossa.com\/es\/wp-json\/wp\/v2\/pages\/5349\/revisions\/16511"}],"up":[{"embeddable":true,"href":"https:\/\/visittossa.com\/es\/wp-json\/wp\/v2\/pages\/5346"}],"wp:attachment":[{"href":"https:\/\/visittossa.com\/es\/wp-json\/wp\/v2\/media?parent=5349"}],"curies":[{"name":"wp","href":"https:\/\/api.w.org\/{rel}","templated":true}]}}