{"id":5346,"date":"2020-10-20T09:35:42","date_gmt":"2020-10-20T09:35:42","guid":{"rendered":"https:\/\/visittossa.com\/gastronomia\/"},"modified":"2024-12-13T12:24:20","modified_gmt":"2024-12-13T12:24:20","slug":"gastronomia","status":"publish","type":"page","link":"https:\/\/visittossa.com\/es\/gastronomia\/","title":{"rendered":"Gastronom\u00eda"},"content":{"rendered":"<section class=\"l-section wpb_row height_large width_full tossaHd with_img\" id=\"hdMd\"><div class=\"l-section-img\" style=\"background-image: url(https:\/\/visittossa.com\/wp-content\/uploads\/2022\/03\/CAPCALERA_gastronomia.jpg);background-repeat: no-repeat;\" data-img-width=\"1400\" data-img-height=\"270\"><\/div><div class=\"l-section-h i-cf\"><div class=\"g-cols vc_row type_default valign_middle\"><div class=\"vc_col-sm-12 wpb_column vc_column_container\"><div class=\"vc_column-inner\"><div class=\"wpb_wrapper\"><\/div><\/div><\/div><\/div><\/div><\/section><section class=\"l-section wpb_row us_custom_ec9218fc height_medium\" id=\"introTxt\"><div class=\"l-section-h i-cf\"><div class=\"g-cols vc_row type_default valign_top\"><div class=\"vc_col-sm-12 wpb_column vc_column_container\"><div class=\"vc_column-inner\"><div class=\"wpb_wrapper\"><div class=\"wpb_text_column tltMd\" ><div class=\"wpb_wrapper\"><h2 style=\"text-align: center;\"><strong>Gastronom\u00eda<\/strong><\/h2>\n<\/div><\/div><div class=\"wpb_text_column txtMd\" ><div class=\"wpb_wrapper\"><p style=\"text-align: center;\">Imagina c\u00f3mo despiertan tus sentidos ante una buena mesa que entra por la vista, embriaga el olfato y despierta la pasi\u00f3n del paladar.\u00a0 Sabores t\u00edpicamente mediterr\u00e1neos, platos elaborados a la antigua manera de los pescadores, cuando sal\u00edan a pescar y cocinaban a bordo de sus barcas, el gusto por la cocina tradicional\u00a0 y\u00a0 la\u00a0 cocina\u00a0 creativa\u00a0 y,\u00a0 por\u00a0 encima\u00a0 de\u00a0 todo,\u00a0 la\u00a0 buena\u00a0 comuni\u00f3n entre ambas sobre la mesa.<\/p>\n<\/div><\/div><\/div><\/div><\/div><\/div><\/div><\/section><section class=\"l-section wpb_row us_custom_53135519 height_medium new2021\" id=\"bnrMd\"><div class=\"l-section-h i-cf\"><div class=\"g-cols vc_row type_default valign_top\"><div class=\"vc_col-sm-12 wpb_column vc_column_container\"><div class=\"vc_column-inner\"><div class=\"wpb_wrapper\"><div class=\"g-cols wpb_row  type_default valign_top vc_inner\"><div class=\"vc_col-sm-4 wpb_column vc_column_container\"><div class=\"vc_column-inner\"><div class=\"wpb_wrapper\"><div class=\"w-ibanner animation_melete ratio_3x4 easing_ease\"><div class=\"w-ibanner-h\"><div class=\"w-ibanner-image\" style=\"background-image: url(https:\/\/visittossa.com\/wp-content\/uploads\/2024\/10\/2022_gastronomiatossa_014.jpg)\"><\/div><div class=\"w-ibanner-content\"><div class=\"w-ibanner-content-h\"><h5 class=\"w-ibanner-title\">La cocina de Tossa<\/h5><div class=\"w-ibanner-desc\"><\/div><\/div><\/div><\/div><a title=\"La cocina de Tossa\" href=\"https:\/\/visittossa.com\/es\/gastronomia\/la-cocina-de-tossa\/\" aria-label=\"La cocina de Tossa\"><\/a><\/div><\/div><\/div><\/div><div class=\"vc_col-sm-4 wpb_column vc_column_container\"><div class=\"vc_column-inner\"><div class=\"wpb_wrapper\"><div class=\"w-ibanner animation_melete ratio_3x4 easing_ease\"><div class=\"w-ibanner-h\"><div class=\"w-ibanner-image\" style=\"background-image: url(https:\/\/visittossa.com\/wp-content\/uploads\/2022\/02\/Gastronomia_BOMBOLLA.jpg)\"><\/div><div class=\"w-ibanner-content\"><div class=\"w-ibanner-content-h\"><h5 class=\"w-ibanner-title\">La Asociaci\u00f3n de Cocina Tradicional Tossense<\/h5><div class=\"w-ibanner-desc\"><\/div><\/div><\/div><\/div><a title=\"El colectivo de Cocina Tradicional Tossense\" href=\"https:\/\/visittossa.com\/es\/gastronomia\/cocina-tradicional-tossense\/\" aria-label=\"La Asociaci\u00f3n de Cocina Tradicional Tossense\"><\/a><\/div><\/div><\/div><\/div><div class=\"vc_col-sm-4 wpb_column vc_column_container\"><div class=\"vc_column-inner\"><div class=\"wpb_wrapper\"><div class=\"w-ibanner animation_melete ratio_3x4 easing_ease\"><div class=\"w-ibanner-h\"><div class=\"w-ibanner-image\" style=\"background-image: url(https:\/\/visittossa.com\/wp-content\/uploads\/2024\/10\/2022_gastronomiatossa_016.jpg)\"><\/div><div class=\"w-ibanner-content\"><div class=\"w-ibanner-content-h\"><h5 class=\"w-ibanner-title\">La receta del \u201ccim i tomba\u201d<\/h5><div class=\"w-ibanner-desc\"><\/div><\/div><\/div><\/div><a title=\"La receta del cim i tomba\" href=\"https:\/\/visittossa.com\/es\/gastronomia\/la-receta-del-cim-i-tomba\/\" aria-label=\"La receta del \u201ccim i tomba\u201d\"><\/a><\/div><\/div><\/div><\/div><\/div><\/div><\/div><\/div><\/div><\/div><\/section><section class=\"l-section wpb_row height_auto width_full\" id=\"prllxMd\"><div class=\"l-section-h i-cf\"><div class=\"g-cols vc_row type_default valign_middle\"><div class=\"vc_col-sm-12 wpb_column vc_column_container\"><div class=\"vc_column-inner\"><div class=\"wpb_wrapper\"><div class=\"g-cols wpb_row  type_default valign_middle vc_inner\"><div class=\"vc_col-sm-12 wpb_column vc_column_container\"><div class=\"vc_column-inner\"><div class=\"wpb_wrapper\"><div class=\"wpb_text_column ttlMd\" ><div class=\"wpb_wrapper\"><h2 style=\"text-align: center;\">En Tossa encontrar\u00e1s todas las opciones para disfrutar de la mejor gastronom\u00eda<\/h2>\n<\/div><\/div><div class=\"w-btn-wrapper width_auto align_center\"><a class=\"w-btn us-btn-style_1 btnMd\" title=\"Donde comer\" href=\"https:\/\/visittossa.com\/es\/donde-comer\/\"><span class=\"w-btn-label\">Busca tu restaurante \u00bb<\/span><\/a><\/div><\/div><\/div><\/div><\/div><\/div><\/div><\/div><\/div><\/div><\/section><!-- Row Backgrounds --><div class=\"upb_bg_img\" data-ultimate-bg=\"url(https:\/\/visittossa.com\/wp-content\/uploads\/2020\/12\/Banner_assaboreix2.3.jpg)\" data-image-id=\"id^2410|url^https:\/\/visittossa.com\/wp-content\/uploads\/2020\/12\/Banner_assaboreix2.3.jpg|caption^null|alt^null|title^Banner_assaboreix2.3|description^null\" data-ultimate-bg-style=\"vcpb-default\" data-bg-img-repeat=\"repeat\" data-bg-img-size=\"cover\" data-bg-img-position=\"\" data-parallx_sense=\"30\" data-bg-override=\"0\" data-bg_img_attach=\"scroll\" data-upb-overlay-color=\"rgba(0,93,149,0.45)\" data-upb-bg-animation=\"\" data-fadeout=\"\" data-bg-animation=\"left-animation\" data-bg-animation-type=\"h\" data-animation-repeat=\"repeat\" data-fadeout-percentage=\"30\" data-parallax-content=\"\" data-parallax-content-sense=\"30\" data-row-effect-mobile-disable=\"true\" data-img-parallax-mobile-disable=\"true\" data-rtl=\"false\"  data-custom-vc-row=\"\"  data-vc=\"6.4.1\"  data-is_old_vc=\"\"  data-theme-support=\"\"   data-overlay=\"true\" data-overlay-color=\"rgba(0,93,149,0.45)\" data-overlay-pattern=\"\" data-overlay-pattern-opacity=\"0.8\" data-overlay-pattern-size=\"\" data-overlay-pattern-attachment=\"scroll\"    ><\/div>\n","protected":false},"excerpt":{"rendered":"Gastronom\u00eda Imagina c\u00f3mo despiertan tus sentidos ante una buena mesa que entra por la vista, embriaga el olfato y despierta la pasi\u00f3n del paladar.\u00a0 Sabores t\u00edpicamente mediterr\u00e1neos, platos elaborados a la antigua manera de los pescadores, cuando sal\u00edan a pescar y cocinaban a bordo de sus barcas, el gusto por la cocina tradicional\u00a0 y\u00a0 la\u00a0...","protected":false},"author":1,"featured_media":0,"parent":0,"menu_order":0,"comment_status":"closed","ping_status":"closed","template":"","meta":{"_monsterinsights_skip_tracking":false,"_monsterinsights_sitenote_active":false,"_monsterinsights_sitenote_note":"","_monsterinsights_sitenote_category":0,"footnotes":""},"class_list":["post-5346","page","type-page","status-publish","hentry"],"_links":{"self":[{"href":"https:\/\/visittossa.com\/es\/wp-json\/wp\/v2\/pages\/5346","targetHints":{"allow":["GET"]}}],"collection":[{"href":"https:\/\/visittossa.com\/es\/wp-json\/wp\/v2\/pages"}],"about":[{"href":"https:\/\/visittossa.com\/es\/wp-json\/wp\/v2\/types\/page"}],"author":[{"embeddable":true,"href":"https:\/\/visittossa.com\/es\/wp-json\/wp\/v2\/users\/1"}],"replies":[{"embeddable":true,"href":"https:\/\/visittossa.com\/es\/wp-json\/wp\/v2\/comments?post=5346"}],"version-history":[{"count":13,"href":"https:\/\/visittossa.com\/es\/wp-json\/wp\/v2\/pages\/5346\/revisions"}],"predecessor-version":[{"id":15820,"href":"https:\/\/visittossa.com\/es\/wp-json\/wp\/v2\/pages\/5346\/revisions\/15820"}],"wp:attachment":[{"href":"https:\/\/visittossa.com\/es\/wp-json\/wp\/v2\/media?parent=5346"}],"curies":[{"name":"wp","href":"https:\/\/api.w.org\/{rel}","templated":true}]}}