{"id":5331,"date":"2020-10-20T09:41:22","date_gmt":"2020-10-20T09:41:22","guid":{"rendered":"https:\/\/visittossa.com\/com-arribar\/"},"modified":"2022-09-14T11:30:53","modified_gmt":"2022-09-14T11:30:53","slug":"como-llegar","status":"publish","type":"page","link":"https:\/\/visittossa.com\/es\/como-llegar\/","title":{"rendered":"C\u00f3mo llegar"},"content":{"rendered":"<section class=\"l-section wpb_row height_large width_full tossaHd with_img\" id=\"hdMd\"><div class=\"l-section-img\" style=\"background-image: url(https:\/\/visittossa.com\/wp-content\/uploads\/2022\/04\/MOVENTIS-SARFA-TOSSA-DE-MAR.jpg);background-repeat: no-repeat;\" data-img-width=\"1400\" data-img-height=\"765\"><\/div><div class=\"l-section-h i-cf\"><div class=\"g-cols vc_row type_default valign_middle\"><div class=\"vc_col-sm-12 wpb_column vc_column_container\"><div class=\"vc_column-inner\"><div class=\"wpb_wrapper\"><\/div><\/div><\/div><\/div><\/div><\/section><section class=\"l-section wpb_row height_medium\" id=\"arribarMd\"><div class=\"l-section-h i-cf\"><div class=\"g-cols vc_row type_default valign_top\"><div class=\"vc_col-sm-12 wpb_column vc_column_container\"><div class=\"vc_column-inner\"><div class=\"wpb_wrapper\"><div class=\"w-tabs layout_hor style_default switch_click icon_chevron iconpos_right title_atleft\"><div class=\"w-tabs-list hidden items_2\"><div class=\"w-tabs-list-h\"><a class=\"w-tabs-item active\" aria-controls=\"content-1638528698115-18d434f4-c439\" href=\"javascript:void(0);\"><span class=\"w-tabs-item-title\">Por tierra<\/span><\/a><a class=\"w-tabs-item\" aria-controls=\"content-1638528698141-d764aa69-8348\" href=\"javascript:void(0);\"><span class=\"w-tabs-item-title\">Por aire<\/span><\/a><\/div><\/div><div class=\"w-tabs-sections\"><div class=\"w-tabs-sections-h\"><div class=\"w-tabs-section active\" id=\"1638528698115-18d434f4-c439\"><button class=\"w-tabs-section-header active\" aria-controls=\"content-1638528698115-18d434f4-c439\"><div class=\"w-tabs-section-header-h\"><div class=\"w-tabs-section-title\">Por tierra<\/div><div class=\"w-tabs-section-control\"><\/div><\/div><\/button><div class=\"w-tabs-section-content\" id=\"content-1638528698115-18d434f4-c439\" aria-expanded=\"true\"><div class=\"w-tabs-section-content-h i-cf\"><div class=\"wpb_text_column ttlMd\" ><div class=\"wpb_wrapper\"><h2 style=\"text-align: left;\">Con veh\u00edculo propio<\/h2>\n<\/div><\/div><div class=\"wpb_text_column\" ><div class=\"wpb_wrapper\"><p><strong>Viniendo del norte<\/strong>, acceso por carretera a trav\u00e9s de la autopista AP-7, tomando la salida 9 en direcci\u00f3n a Vidreres, Lloret de Mar y Tossa de Mar, o por la carretera nacional N-II, tomando la salida hacia Vidreres y Lloret de Mar.<br \/>\nPara llegar a Tossa existe la opci\u00f3n de continuar hasta Lloret y desde aqu\u00ed hasta Tossa o de continuar por la carretera que va hacia Sant Feliu y Platja d&#8217;Aro y tomar el desv\u00edo que se dirige directamente hacia Tossa por el interior.<\/p>\n<p><strong>Viniendo del sur<\/strong>, acceso por carretera a trav\u00e9s de la autopista AP-7, tomando la salida 9 en direcci\u00f3n a Vidreres, Lloret de Mar y Tossa de Mar, y acabar de llegar a Tossa siguiendo las instrucciones del p\u00e1rrafo anterior. O bien por la autopista C-32, tomando la \u00faltima salida Blanes Costa Brava, o por la carretera nacional N-II, saliendo en Blanes. En este caso se debe continuar en direcci\u00f3n a Lloret de Mar y Tossa de Mar.<\/p>\n<\/div><\/div><div class=\"wpb_text_column ttlMd\" ><div class=\"wpb_wrapper\"><h2 style=\"text-align: left;\">Estado de las carreteras en Catalu\u00f1a<\/h2>\n<\/div><\/div><div class=\"wpb_text_column\" ><div class=\"wpb_wrapper\"><p>Estado del tr\u00e1fico en las carreteras de Catalu\u00f1a<br \/>\nTel. 012 (desde Catalu\u00f1a) &#8211; 902 400 012 (desde el resto de Espa\u00f1a) &#8211; 00 34 902 400 012 (desde el extrangero)<br \/>\n<span class=\"marker\"><a href=\"http:\/\/www.gencat.cat\/transit\" target=\"_blank\" rel=\"noopener\">www.gencat.cat\/transit<\/a><\/span><\/p>\n<\/div><\/div><div class=\"wpb_text_column ttlMd\" ><div class=\"wpb_wrapper\"><h2 style=\"text-align: left;\">Transporte p\u00fablico en autob\u00fas<\/h2>\n<\/div><\/div><div class=\"wpb_text_column\" ><div class=\"wpb_wrapper\"><p><strong>DESDE BARCELONA<\/strong><\/p>\n<p><span class=\"marker\"><a href=\"https:\/\/compras.moventis.es\/online\/\" target=\"_blank\" rel=\"noopener\">MOVENTIS SARFA<\/a><\/span>\u00a0&#8211;\u00a0<strong>T.\u00a0902 302 025<\/strong><br \/>\nSalidas desde el Aeropuerto de Barcelona (T1 i T2), desde la Estaci\u00f3n del Nord, en la Pl. Ali Bei, 80 y, en verano, desde la Ronda de Sant Pere<\/p>\n<p><strong>DESDE GIRONA<\/strong><\/p>\n<p><span class=\"marker\"><a href=\"https:\/\/compras.moventis.es\/online\/\" target=\"_blank\" rel=\"noopener\">MOVENTIS SARFA<\/a><\/span> (solo verano) &#8211; <strong>T. 902 302 025<\/strong><br \/>\nSalida desde la Estaci\u00f3n de Autobuses, Pl. Espanya, s\/n<\/p>\n<p><span class=\"marker\"><a href=\"https:\/\/www.sagales.com\/\" target=\"_blank\" rel=\"noopener\">SAGAL\u00c9S<\/a><\/span>, S.L. &#8211;\u00a0<strong>T. +34 902 130 014\u00a0<\/strong><br \/>\nSalida desde la Estaci\u00f3n de Autobuses, Pl. Espanya, s\/n hasta Lloret de Mar. Cambio de autob\u00fas en Lloret de Mar para ir hasta Tossa.<\/p>\n<p><span class=\"marker\"><a href=\"http:\/\/www.teisa-bus.com\/\" target=\"_blank\" rel=\"noopener\">TEISA<\/a><\/span> (desde el 01\/10 hasta el 30\/06 de lunes a viernes) &#8211; <strong>T. +34 972 204 868\u00a0<\/strong><br \/>\nSalida desde la Estaci\u00f3n de Autobuses de Girona (Pl. Espanya, s\/n) hasta Llagostera. En Llagostera\u00a0 hay que cambiar de autob\u00fas y coger el de la compa\u00f1\u00eda SARFA que va hasta Tossa a las 07.15 h, 14 h y 20.45 h.<\/p>\n<p><strong>DESDE LLORET DE MAR<\/strong><\/p>\n<p><span class=\"marker\"><a href=\"https:\/\/www.autocarspujol.com\/\" target=\"_blank\" rel=\"noopener\">PUJOL\u00a0<\/a><\/span>&#8211;\u00a0<strong>T. +34 972 364 476\u00a0<\/strong><br \/>\nSalida desde la Estaci\u00f3n de Autobuses<\/p>\n<p><strong>DESDE BLANES<\/strong><\/p>\n<p><span class=\"marker\"><a href=\"https:\/\/www.autocarspujol.com\/\" target=\"_blank\" rel=\"noopener\">PUJOL<\/a><\/span>&#8211;\u00a0<strong>T. +34 972 337 842\u00a0<\/strong><br \/>\nSalida desde la Estaci\u00f3n de Autobuses (C\/ Llu\u00eds Companys, 32) y desde la Pla\u00e7a Catalunya hasta Lloret de Mar.\u00a0 En la Estaci\u00f3n de Autobuses de Lloret hay que hacer trasbordo a otro autob\u00fas de la misma compa\u00f1\u00eda para llegar a Tossa.<\/p>\n<p>Si la salida es desde la Estaci\u00f3n de Tren de Blanes, es mejor preguntar si hay que hacer trasbordo en la Estaci\u00f3n de Autobuses de Lloret o no, porque algunos autobuses van directos a Tossa y otros no.<\/p>\n<\/div><\/div><div class=\"wpb_text_column ttlMd\" ><div class=\"wpb_wrapper\"><h2 style=\"text-align: left;\">En tren<\/h2>\n<\/div><\/div><div class=\"wpb_text_column\" ><div class=\"wpb_wrapper\"><p><strong>DESDE BARCELONA<\/strong><\/p>\n<p>Tren de cercan\u00edas de <span class=\"marker\"><a href=\"https:\/\/www.renfe.com\/viajeros\/cercanias\/barcelona\/\" target=\"_blank\" rel=\"noopener\">RENFE<\/a><\/span>, l\u00ednea R1, direcci\u00f3n Ma\u00e7anet-Massanes o Blanes. Salidas desde Barcelona-Estaci\u00f3 de Sants, Pla\u00e7a de Catalunya, Arc de Triomf y El Clot-Arag\u00f3. Hay que bajar en la poblaci\u00f3n de Blanes y continuar desde all\u00ed en autob\u00fas (<span class=\"marker\"><a href=\"https:\/\/autocarspujol.com\/\" target=\"_blank\" rel=\"noopener\">PUJOL<\/a><\/span>) o en taxi.<br \/>\nAtenci\u00f3n telef\u00f3nica RENFE: +34 91 232 03 20<\/p>\n<p><strong>DESDE EL EXTRANJERO<\/strong><\/p>\n<p>Trenes de alta velocidad desde Francia (Par\u00eds, Lyon, Toulouse, Marseille)\u00a0 hasta Girona o Barcelona.<br \/>\nTrenes franceses hasta Cerb\u00e8re (Francia) y continuar desde aqu\u00ed con los trenes espa\u00f1oles, l\u00ednea RG1, a Portbou, Figueres, Girona, Ma\u00e7anet (y a Blanes, directo con algunos trenes, o con trasbordo a l\u00ednea R1 en Ma\u00e7anet), desde donde podr\u00e1n conectar con Tossa en autob\u00fas.<br \/>\nInformaci\u00f3n <span class=\"marker\"><a href=\"https:\/\/www.renfe.com\/viajeros\/cercanias\/barcelona\/\" target=\"_blank\" rel=\"noopener\">RENFE\u00a0<\/a><\/span>&#8211; Tel. +34 91 232 03 20<\/p>\n<p><strong>DESDE CUALQUIER CIUDAD DE LA PEN\u00cdNSULA<\/strong><\/p>\n<p>Buscar trenes AVE y regionales que tengan como destino principal o bien Girona o bien Barcelona y continuar desde all\u00ed en autob\u00fas siguiendo las indicaciones del apartado anterior.<br \/>\nInformaci\u00f3n <span class=\"marker\"><a href=\"https:\/\/www.renfe.com\/es\/es?cid=generica&amp;c=sem&amp;fuente=google&amp;campana=generica&amp;fecha=2022&amp;ubicacion=google&amp;formato=link&amp;elemento_clic=link&amp;s_kwcid=AL!11457!3!354608896043!e!!g!!renfe&amp;gclid=CjwKCAjw3qGYBhBSEiwAcnTRLomxlvX41QI2NPfA3-6lbP-VClQXniZEkwtAycFS5k7ucdrybVOjuxoCH9YQAvD_BwE\" target=\"_blank\" rel=\"noopener\">RENFE\u00a0<\/a><\/span>&#8211; Tel. +34 91 232 03 20<\/p>\n<\/div><\/div><\/div><\/div><\/div><div class=\"w-tabs-section\" id=\"1638528698141-d764aa69-8348\"><button class=\"w-tabs-section-header\" aria-controls=\"content-1638528698141-d764aa69-8348\"><div class=\"w-tabs-section-header-h\"><div class=\"w-tabs-section-title\">Por aire<\/div><div class=\"w-tabs-section-control\"><\/div><\/div><\/button><div class=\"w-tabs-section-content\" id=\"content-1638528698141-d764aa69-8348\" aria-expanded=\"false\"><div class=\"w-tabs-section-content-h i-cf\"><div class=\"wpb_text_column ttlMd\" ><div class=\"wpb_wrapper\"><h2 style=\"text-align: left;\">Aeropuerto de Barcelona &#8211; El Prat<\/h2>\n<\/div><\/div><div class=\"wpb_text_column\" ><div class=\"wpb_wrapper\"><p><span class=\"marker\"><a href=\"http:\/\/www.aena.es\/ca\/aeroport-barcelona\/index.html\" target=\"_blank\" rel=\"noopener\"><strong>AEROPORT JOSEP TARRADELLAS BARCELONA &#8211; EL PRAT<\/strong><\/a><\/span><br \/>\nUbicaci\u00f3n: a 16 km al sur de la ciudad de Barcelona por la autov\u00eda de Castelldefels y a 107 km de Tossa de Mar.<br \/>\nInformaci\u00f3n telef\u00f3nica: +34\u00a0913 211 000<\/p>\n<p><strong>ENLACES CON TOSSA DE MAR<br \/>\nEn autob\u00fas:<\/strong> compa\u00f1\u00eda<span class=\"marker\"> <a href=\"https:\/\/compras.moventis.es\/online\/\" target=\"_blank\" rel=\"noopener\">MOVENTIS-SARFA<\/a><\/span> con destino Lloret y Tossa. Salidas desde el mismo aeropuerto, T2 i T1, desde la Estaci\u00f3n del Nord de Barcelona, situada en la Plaza de Ali Bei, 80, y los meses de verano tambi\u00e9n desde la Ronda de Sant Pere.<br \/>\nInformaci\u00f3n telef\u00f3nica: +34 902 302 025<\/p>\n<p><strong>En tren: <\/strong>desde el aeropuerto hasta la estaci\u00f3n de Barcelona-Sants y cambiar de tren para coger la l\u00ednea de cercan\u00edas de <span class=\"marker\"><a href=\"https:\/\/www.renfe.com\/viajeros\/cercanias\/barcelona\/\" target=\"_blank\" rel=\"noopener\">RENFE\u00a0<\/a><\/span>direcci\u00f3n Massanet-Massanes o Blanes. Hay que bajar en la poblaci\u00f3n de Blanes. Al llegar a Blanes, hay que coger el autob\u00fas de la compa\u00f1\u00eda <span class=\"marker\"><a href=\"https:\/\/autocarspujol.com\/ca\/\" target=\"_blank\" rel=\"noopener\">PUJOL<\/a><\/span> que va hasta Lloret de Mar, realiza una breve parada en la estaci\u00f3n de autobuses de esta poblaci\u00f3n y contin\u00faa hasta la estaci\u00f3n de Tossa; o bien un taxi directo hasta Tossa<\/p>\n<p><strong>ENLACES CON LA CIUDAD DE BARCELONA<\/strong><br \/>\n<strong>En tren<\/strong>: hasta la estaci\u00f3n de Sants, Pla\u00e7a Catalunya, Arc de Triomf y Clot-Arag\u00f3. Informaci\u00f3n <span class=\"marker\"><a href=\"https:\/\/www.renfe.com\/viajeros\/cercanias\/barcelona\/\" target=\"_blank\" rel=\"noopener\">RENFE<\/a><\/span><br \/>\n<strong>En<\/strong> <span class=\"marker\"><a href=\"https:\/\/aerobusbarcelona.es\/\" target=\"_blank\" rel=\"noopener\">AEROBUS<\/a>:<\/span> T2 y T1, hasta Pla\u00e7a d\u2019Espanya, Gran Via \/ Urgell, Pla\u00e7a Universitat, Pla\u00e7a de Catalunya.<\/p>\n<\/div><\/div><div class=\"wpb_text_column ttlMd\" ><div class=\"wpb_wrapper\"><h2 style=\"text-align: left;\">Aeropuerto Girona &#8211; Costa Brava<\/h2>\n<\/div><\/div><div class=\"wpb_text_column\" ><div class=\"wpb_wrapper\"><p><span class=\"marker\"><a href=\"http:\/\/www.aena.es\/es\/aeropuerto-girona-costa-brava\/index.html\" target=\"_blank\" rel=\"noopener\"><strong>AEROPUERTO GIRONA &#8211; COSTA BRAVA<\/strong><\/a><\/span><br \/>\nUbicaci\u00f3n: t\u00e9rmino municipal de Vilob\u00ed d&#8217;Onyar, a 12 km. de la ciudad de Girona y a 38 km. de Tossa de Mar.<br \/>\nTel. +34 913 211 000<\/p>\n<p>Oficina de Turismo del Aeropuerto: Tel. +34 972 942 955.<\/p>\n<p><strong>ENLACES CON TOSSA DE MAR Y LA COSTA BRAVA SUR<\/strong><\/p>\n<p><span class=\"marker\"><a href=\"https:\/\/compras.moventis.es\/online\/\" target=\"_blank\" rel=\"noopener\">MOVENTIS &#8211; SARFA<\/a><\/span><br \/>\nAutob\u00fas diario desde el aeropuerto de Girona direcci\u00f3n Tossa. Duraci\u00f3n del trayecto: 55 min. aprox.<br \/>\nTel. +34 902 302 025<\/p>\n<p><strong>ENLACES CON LA CIUDAD DE GIRONA<\/strong><\/p>\n<p><span class=\"marker\"><a href=\"https:\/\/www.sagalesairportline.com\/es\/horarios-y-precios\/girona\" target=\"_blank\" rel=\"noopener\">SAGAL\u00c9S<\/a><\/span><br \/>\nAutob\u00fas desde el aeropuerto de Girona hasta la estaci\u00f3n de autobuses de Girona (Pl. d\u2019Espanya, s\/n). Duraci\u00f3n del trayecto: 29 m. aprox.<br \/>\nInformaci\u00f3n: Tel. +34 902 130 014 \/ +34 972 364 072<\/p>\n<\/div><\/div><\/div><\/div><\/div><\/div><\/div><\/div><\/div><\/div><\/div><\/div><\/div><\/section>\n","protected":false},"excerpt":{"rendered":"Por tierraPor airePor tierraCon veh\u00edculo propio Viniendo del norte, acceso por carretera a trav\u00e9s de la autopista AP-7, tomando la salida 9 en direcci\u00f3n a Vidreres, Lloret de Mar y Tossa de Mar, o por la carretera nacional N-II, tomando la salida hacia Vidreres y Lloret de Mar. Para llegar a Tossa existe la opci\u00f3n...","protected":false},"author":1,"featured_media":0,"parent":0,"menu_order":0,"comment_status":"closed","ping_status":"closed","template":"","meta":{"_monsterinsights_skip_tracking":false,"_monsterinsights_sitenote_active":false,"_monsterinsights_sitenote_note":"","_monsterinsights_sitenote_category":0,"footnotes":""},"class_list":["post-5331","page","type-page","status-publish","hentry"],"_links":{"self":[{"href":"https:\/\/visittossa.com\/es\/wp-json\/wp\/v2\/pages\/5331","targetHints":{"allow":["GET"]}}],"collection":[{"href":"https:\/\/visittossa.com\/es\/wp-json\/wp\/v2\/pages"}],"about":[{"href":"https:\/\/visittossa.com\/es\/wp-json\/wp\/v2\/types\/page"}],"author":[{"embeddable":true,"href":"https:\/\/visittossa.com\/es\/wp-json\/wp\/v2\/users\/1"}],"replies":[{"embeddable":true,"href":"https:\/\/visittossa.com\/es\/wp-json\/wp\/v2\/comments?post=5331"}],"version-history":[{"count":20,"href":"https:\/\/visittossa.com\/es\/wp-json\/wp\/v2\/pages\/5331\/revisions"}],"predecessor-version":[{"id":11171,"href":"https:\/\/visittossa.com\/es\/wp-json\/wp\/v2\/pages\/5331\/revisions\/11171"}],"wp:attachment":[{"href":"https:\/\/visittossa.com\/es\/wp-json\/wp\/v2\/media?parent=5331"}],"curies":[{"name":"wp","href":"https:\/\/api.w.org\/{rel}","templated":true}]}}