{"id":4167,"date":"2022-01-25T17:09:14","date_gmt":"2022-01-25T17:09:14","guid":{"rendered":"https:\/\/visittossa.com\/contacte\/oficina-de-turisme\/"},"modified":"2026-04-01T10:47:40","modified_gmt":"2026-04-01T10:47:40","slug":"oficina-de-turismo","status":"publish","type":"page","link":"https:\/\/visittossa.com\/es\/contacto\/oficina-de-turismo\/","title":{"rendered":"Oficina de Turismo"},"content":{"rendered":"<section class=\"l-section wpb_row height_medium\" id=\"introTxt\"><div class=\"l-section-h i-cf\"><div class=\"g-cols vc_row type_default valign_top\"><div class=\"vc_col-sm-12 wpb_column vc_column_container\"><div class=\"vc_column-inner\"><div class=\"wpb_wrapper\"><div class=\"wpb_text_column ttlMd\" ><div class=\"wpb_wrapper\"><h2 style=\"text-align: center;\">Oficina de Turismo de Tossa de Mar<\/h2>\n<\/div><\/div><div class=\"g-cols wpb_row  type_default valign_top vc_inner\"><div class=\"vc_col-sm-4 wpb_column vc_column_container\"><div class=\"vc_column-inner\"><div class=\"wpb_wrapper\"><div class=\"w-image align_none\"><div class=\"w-image-h\"><img loading=\"lazy\" decoding=\"async\" width=\"471\" height=\"353\" src=\"https:\/\/visittossa.com\/wp-content\/uploads\/2022\/03\/Oficina-de-Turisme-de-Tossa-de-Mar.jpg\" class=\"attachment-full size-full\" alt=\"Oficina de Turisme de Tossa de Mar\" srcset=\"https:\/\/visittossa.com\/wp-content\/uploads\/2022\/03\/Oficina-de-Turisme-de-Tossa-de-Mar.jpg 471w, https:\/\/visittossa.com\/wp-content\/uploads\/2022\/03\/Oficina-de-Turisme-de-Tossa-de-Mar-300x225.jpg 300w\" sizes=\"auto, (max-width: 471px) 100vw, 471px\" \/><\/div><\/div><div class=\"w-separator size_small\"><\/div><div class=\"wpb_text_column txtMd\" ><div class=\"wpb_wrapper\"><p><strong>Te esperamos en:<br \/>\n<\/strong>Av. del Pelegr\u00ed, 25 &#8211; Edificio La Nau<br \/>\n17320 Tossa de Mar (Girona)<br \/>\nTel: + 00 34 972 340 108<br \/>\ninfo@visittossa.com<\/p>\n<\/div><\/div><div class=\"w-socials us_custom_f0608749 color_brand shape_rounded style_colored hover_fade\"><div class=\"w-socials-list\" style=\"margin:-5px;\"><div class=\"w-socials-item facebook\" style=\"padding:5px;\"><a class=\"w-socials-item-link\" rel=\"noopener nofollow\" target=\"_blank\" href=\"https:\/\/www.facebook.com\/tossaturisme\/?ref_type=bookmark\" title=\"Facebook\" aria-label=\"Facebook\"><span class=\"w-socials-item-link-hover\"><\/span><\/a><div class=\"w-socials-item-popup\"><span>Facebook<\/span><\/div><\/div><div class=\"w-socials-item twitter\" style=\"padding:5px;\"><a class=\"w-socials-item-link\" rel=\"noopener nofollow\" target=\"_blank\" href=\"https:\/\/twitter.com\/TossaTurisme\" title=\"Twitter\" aria-label=\"Twitter\"><span class=\"w-socials-item-link-hover\"><\/span><\/a><div class=\"w-socials-item-popup\"><span>Twitter<\/span><\/div><\/div><div class=\"w-socials-item instagram\" style=\"padding:5px;\"><a class=\"w-socials-item-link\" rel=\"noopener nofollow\" target=\"_blank\" href=\"https:\/\/www.instagram.com\/tossaturisme\/\" title=\"Instagram\" aria-label=\"Instagram\"><span class=\"w-socials-item-link-hover\"><\/span><\/a><div class=\"w-socials-item-popup\"><span>Instagram<\/span><\/div><\/div><div class=\"w-socials-item youtube\" style=\"padding:5px;\"><a class=\"w-socials-item-link\" rel=\"noopener nofollow\" target=\"_blank\" href=\"https:\/\/www.youtube.com\/user\/tossaturisme\" title=\"YouTube\" aria-label=\"YouTube\"><span class=\"w-socials-item-link-hover\"><\/span><\/a><div class=\"w-socials-item-popup\"><span>YouTube<\/span><\/div><\/div><div class=\"w-socials-item telegram\" style=\"padding:5px;\"><a class=\"w-socials-item-link\" rel=\"noopener nofollow\" target=\"_blank\" href=\"https:\/\/t.me\/tossaturisme\" title=\"Telegram\" aria-label=\"Telegram\"><span class=\"w-socials-item-link-hover\"><\/span><\/a><div class=\"w-socials-item-popup\"><span>Telegram<\/span><\/div><\/div><\/div><\/div><div class=\"w-separator size_small\"><\/div><\/div><\/div><\/div><div class=\"vc_col-sm-4 wpb_column vc_column_container\"><div class=\"vc_column-inner\"><div class=\"wpb_wrapper\"><div class=\"w-separator size_small\"><\/div><div class=\"wpb_text_column txtMd\" ><div class=\"wpb_wrapper\"><p>El objetivo de la Oficina de Turismo de Tossa de Mar es informar y asesorar a los visitantes sobre la oferta tur\u00edstica de la zona, as\u00ed como dar a conocer el programa de actividades relacionadas con el turismo que se organizan en la poblaci\u00f3n.<\/p>\n<\/div><\/div><div class=\"w-separator size_small\"><\/div><div class=\"wpb_text_column txtMd\" ><div class=\"wpb_wrapper\"><p>En temporada de verano disponemos de un punto de informaci\u00f3n de refuerzo en la Avenida de La Palma, donde se facilita informaci\u00f3n local.<\/p>\n<\/div><\/div><\/div><\/div><\/div><div class=\"vc_col-sm-4 wpb_column vc_column_container\"><div class=\"vc_column-inner\"><div class=\"wpb_wrapper\"><div class=\"w-image align_none\"><div class=\"w-image-h\"><img loading=\"lazy\" decoding=\"async\" width=\"471\" height=\"628\" src=\"https:\/\/visittossa.com\/wp-content\/uploads\/2022\/03\/Oficina-Turisme-Tossa.jpg\" class=\"attachment-large size-large\" alt=\"Oficina Turisme Tossa\" srcset=\"https:\/\/visittossa.com\/wp-content\/uploads\/2022\/03\/Oficina-Turisme-Tossa.jpg 471w, https:\/\/visittossa.com\/wp-content\/uploads\/2022\/03\/Oficina-Turisme-Tossa-225x300.jpg 225w\" sizes=\"auto, (max-width: 471px) 100vw, 471px\" \/><\/div><\/div><\/div><\/div><\/div><\/div><\/div><\/div><\/div><\/div><\/div><\/section><section class=\"l-section wpb_row height_medium\"><div class=\"l-section-h i-cf\"><div class=\"g-cols vc_row type_default valign_top\"><div class=\"vc_col-sm-12 wpb_column vc_column_container\"><div class=\"vc_column-inner\"><div class=\"wpb_wrapper\"><div class=\"wpb_text_column ttlMd\" ><div class=\"wpb_wrapper\"><h2 style=\"text-align: center;\">Horarios<\/h2>\n<\/div><\/div><div class=\"g-cols wpb_row  type_default valign_top vc_inner\"><div class=\"vc_col-sm-6 wpb_column vc_column_container\"><div class=\"vc_column-inner\"><div class=\"wpb_wrapper\"><div class=\"wpb_text_column txtMd\" ><div class=\"wpb_wrapper\"><p><strong>Noviembre a febrero<\/strong><\/p>\n<p>De lunes a s\u00e1bado, de 9:30 a 16:00 h. \u00b7 Cerrado: domingo y festivos,\u00a0 y <strong>22\/01 (Fiesta local).<\/strong><\/p>\n<p><strong>Marzo, abril, mayo y octubre<\/strong><\/p>\n<p><strong><span style=\"color: #0000ff;\">(03\/04 \u2013 06\/04):\u00a0 \u00a09:30 \u2013 13:30 h y de 16:00 \u2013 19:00 h.<\/span><\/strong><\/p>\n<p>De lunes a s\u00e1bado, de 9:30 a 13:30 h y de 16:00 a 19:00 h.<br \/>\nDomingos: 10:00 \u2013 14:00 h\u00a0 \u00a0 (A partir del 12\/04)<\/p>\n<p><strong>Octubre<\/strong><\/p>\n<p>De lunes a s\u00e1bado, de 9:30 a 13:30 h y de 16:00 a 18:00 h.<\/p>\n<\/div><\/div><\/div><\/div><\/div><div class=\"vc_col-sm-6 wpb_column vc_column_container\"><div class=\"vc_column-inner\"><div class=\"wpb_wrapper\"><div class=\"wpb_text_column txtMd\" ><div class=\"wpb_wrapper\"><p><strong>Junio a septiembre<\/strong><\/p>\n<p>De lunes a s\u00e1bado, de 9:00 a 21:00 h \u00b7 Domingo y festivos: de 10:00 a 14:00 h\u00a0 \u00a0<strong>(29\/06 &#8211; Fiesta local)<\/strong><\/p>\n<p>Durante los meses de verano est\u00e1 abierto un punto adicional de informaci\u00f3n local al lado de la Playa Grande (Av. de la Palma, s\/n). Horario: de 11:00 a 14:00 h\u00a0 y de 16:00 a 19:00 h. de jueves a martes. (Lunes tarde y martes cerrado).<\/p>\n<p>Si necesitan informaci\u00f3n de Tossa pueden dirigirse a nuestra oficina de forma presencial, por correo electr\u00f3nico o postal, por tel\u00e9fono y a trav\u00e9s de nuestras redes sociales.<\/p>\n<\/div><\/div><\/div><\/div><\/div><\/div><\/div><\/div><\/div><\/div><\/div><\/section>\n","protected":false},"excerpt":{"rendered":"Oficina de Turismo de Tossa de Mar Te esperamos en: Av. del Pelegr\u00ed, 25 &#8211; Edificio La Nau 17320 Tossa de Mar (Girona) Tel: + 00 34 972 340 108 info@visittossa.com FacebookTwitterInstagramYouTubeTelegramEl objetivo de la Oficina de Turismo de Tossa de Mar es informar y asesorar a los visitantes sobre la oferta tur\u00edstica de la...","protected":false},"author":1,"featured_media":0,"parent":4161,"menu_order":0,"comment_status":"closed","ping_status":"closed","template":"","meta":{"_monsterinsights_skip_tracking":false,"_monsterinsights_sitenote_active":false,"_monsterinsights_sitenote_note":"","_monsterinsights_sitenote_category":0,"footnotes":""},"class_list":["post-4167","page","type-page","status-publish","hentry"],"_links":{"self":[{"href":"https:\/\/visittossa.com\/es\/wp-json\/wp\/v2\/pages\/4167","targetHints":{"allow":["GET"]}}],"collection":[{"href":"https:\/\/visittossa.com\/es\/wp-json\/wp\/v2\/pages"}],"about":[{"href":"https:\/\/visittossa.com\/es\/wp-json\/wp\/v2\/types\/page"}],"author":[{"embeddable":true,"href":"https:\/\/visittossa.com\/es\/wp-json\/wp\/v2\/users\/1"}],"replies":[{"embeddable":true,"href":"https:\/\/visittossa.com\/es\/wp-json\/wp\/v2\/comments?post=4167"}],"version-history":[{"count":38,"href":"https:\/\/visittossa.com\/es\/wp-json\/wp\/v2\/pages\/4167\/revisions"}],"predecessor-version":[{"id":18247,"href":"https:\/\/visittossa.com\/es\/wp-json\/wp\/v2\/pages\/4167\/revisions\/18247"}],"up":[{"embeddable":true,"href":"https:\/\/visittossa.com\/es\/wp-json\/wp\/v2\/pages\/4161"}],"wp:attachment":[{"href":"https:\/\/visittossa.com\/es\/wp-json\/wp\/v2\/media?parent=4167"}],"curies":[{"name":"wp","href":"https:\/\/api.w.org\/{rel}","templated":true}]}}