{"id":4161,"date":"2021-12-11T10:53:18","date_gmt":"2021-12-11T10:53:18","guid":{"rendered":"https:\/\/visittossa.com\/contacte\/"},"modified":"2022-05-25T13:53:59","modified_gmt":"2022-05-25T13:53:59","slug":"contacto","status":"publish","type":"page","link":"https:\/\/visittossa.com\/es\/contacto\/","title":{"rendered":"Contacto"},"content":{"rendered":"<section class=\"l-section wpb_row height_medium\" id=\"contactForm\"><div class=\"l-section-h i-cf\"><div class=\"g-cols vc_row type_default valign_top\"><div class=\"vc_col-sm-12 wpb_column vc_column_container\"><div class=\"vc_column-inner\"><div class=\"wpb_wrapper\"><div class=\"wpb_text_column ttlMd\" ><div class=\"wpb_wrapper\"><h2 style=\"text-align: center;\">Formulario de contacto<\/h2>\n<\/div><\/div>\n<div class=\"wpcf7 no-js\" id=\"wpcf7-f9409-o1\" lang=\"ca\" dir=\"ltr\" data-wpcf7-id=\"9409\">\n<div class=\"screen-reader-response\"><p role=\"status\" aria-live=\"polite\" aria-atomic=\"true\"><\/p> <ul><\/ul><\/div>\n<form action=\"\/es\/wp-json\/wp\/v2\/pages\/4161#wpcf7-f9409-o1\" method=\"post\" class=\"wpcf7-form init\" aria-label=\"Formulari de contacte\" novalidate=\"novalidate\" data-status=\"init\">\n<fieldset class=\"hidden-fields-container\"><input type=\"hidden\" name=\"_wpcf7\" value=\"9409\" \/><input type=\"hidden\" name=\"_wpcf7_version\" value=\"6.1.5\" \/><input type=\"hidden\" name=\"_wpcf7_locale\" value=\"ca\" \/><input type=\"hidden\" name=\"_wpcf7_unit_tag\" value=\"wpcf7-f9409-o1\" \/><input type=\"hidden\" name=\"_wpcf7_container_post\" value=\"0\" \/><input type=\"hidden\" name=\"_wpcf7_posted_data_hash\" value=\"\" \/>\n<\/fieldset>\n<div class=\"half\">\n\t<p><span class=\"wpcf7-form-control-wrap\" data-name=\"your-name\"><input size=\"40\" maxlength=\"400\" class=\"wpcf7-form-control wpcf7-text wpcf7-validates-as-required\" aria-required=\"true\" aria-invalid=\"false\" placeholder=\"Nombre\" value=\"\" type=\"text\" name=\"your-name\" \/><\/span><span class=\"wpcf7-form-control-wrap\" data-name=\"your-surname\"><input size=\"40\" maxlength=\"400\" class=\"wpcf7-form-control wpcf7-text wpcf7-validates-as-required\" aria-required=\"true\" aria-invalid=\"false\" placeholder=\"Apellidos\" value=\"\" type=\"text\" name=\"your-surname\" \/><\/span>\n\t<\/p>\n<\/div>\n<div class=\"one\">\n\t<p><span class=\"wpcf7-form-control-wrap\" data-name=\"your-adress\"><input size=\"40\" maxlength=\"400\" class=\"wpcf7-form-control wpcf7-text wpcf7-validates-as-required\" aria-required=\"true\" aria-invalid=\"false\" placeholder=\"Direcci\u00f3n\" value=\"\" type=\"text\" name=\"your-adress\" \/><\/span>\n\t<\/p>\n<\/div>\n<div class=\"half\">\n\t<p><span class=\"wpcf7-form-control-wrap\" data-name=\"your-town\"><input size=\"40\" maxlength=\"400\" class=\"wpcf7-form-control wpcf7-text wpcf7-validates-as-required\" aria-required=\"true\" aria-invalid=\"false\" placeholder=\"Poblaci\u00f3n\" value=\"\" type=\"text\" name=\"your-town\" \/><\/span><span class=\"wpcf7-form-control-wrap\" data-name=\"your-provincia\"><input size=\"40\" maxlength=\"400\" class=\"wpcf7-form-control wpcf7-text wpcf7-validates-as-required\" aria-required=\"true\" aria-invalid=\"false\" placeholder=\"Provincia\" value=\"\" type=\"text\" name=\"your-provincia\" \/><\/span>\n\t<\/p>\n<\/div>\n<div class=\"one\">\n\t<p><span class=\"wpcf7-form-control-wrap\" data-name=\"your-country\"><input size=\"40\" maxlength=\"400\" class=\"wpcf7-form-control wpcf7-text wpcf7-validates-as-required\" aria-required=\"true\" aria-invalid=\"false\" placeholder=\"Pa\u00eds\" value=\"\" type=\"text\" name=\"your-country\" \/><\/span>\n\t<\/p>\n<\/div>\n<div class=\"third\">\n\t<p><span class=\"wpcf7-form-control-wrap\" data-name=\"your-code\"><input class=\"wpcf7-form-control wpcf7-number wpcf7-validates-as-required wpcf7-validates-as-number\" aria-required=\"true\" aria-invalid=\"false\" placeholder=\"C. Postal\" value=\"\" type=\"number\" name=\"your-code\" \/><\/span><span class=\"wpcf7-form-control-wrap\" data-name=\"your-tel\"><input size=\"40\" maxlength=\"400\" class=\"wpcf7-form-control wpcf7-tel wpcf7-validates-as-required wpcf7-text wpcf7-validates-as-tel\" aria-required=\"true\" aria-invalid=\"false\" placeholder=\"Tel\u00e9fono\" value=\"\" type=\"tel\" name=\"your-tel\" \/><\/span><span class=\"wpcf7-form-control-wrap\" data-name=\"your-email\"><input size=\"40\" maxlength=\"400\" class=\"wpcf7-form-control wpcf7-email wpcf7-validates-as-required wpcf7-text wpcf7-validates-as-email\" aria-required=\"true\" aria-invalid=\"false\" placeholder=\"Email\" value=\"\" type=\"email\" name=\"your-email\" \/><\/span>\n\t<\/p>\n<\/div>\n<div class=\"form-txtarea\">\n\t<p><span class=\"wpcf7-form-control-wrap\" data-name=\"textarea-692\"><textarea cols=\"40\" rows=\"10\" maxlength=\"2000\" class=\"wpcf7-form-control wpcf7-textarea\" aria-invalid=\"false\" placeholder=\"Comentarios\" name=\"textarea-692\"><\/textarea><\/span>\n\t<\/p>\n<\/div>\n<div class=\"legal\">\n\t<p><span class=\"wpcf7-form-control-wrap\" data-name=\"acceptance-648\"><span class=\"wpcf7-form-control wpcf7-acceptance optional\"><span class=\"wpcf7-list-item\"><label><input type=\"checkbox\" name=\"acceptance-648\" value=\"1\" aria-invalid=\"false\" \/><span class=\"wpcf7-list-item-label\">S\u00ed, quiero recibir vuestras notificaciones y he leido <a href=\"https:\/\/visittossa.com\/es\/proteccion-de-datos\/\" target=\"blank\">la protecci\u00f3n de datos.<\/a><\/span><\/label><\/span><\/span><\/span>\n\t<\/p>\n<\/div>\n<div class=\"enviar\">\n\t<p><input class=\"wpcf7-form-control wpcf7-submit has-spinner\" type=\"submit\" value=\"Enviar\" \/>\n\t<\/p>\n<\/div>\n<p style=\"margin:0; padding:0; line-height: 0; Height:0;\"><span id=\"wpcf7-69e08ced2d0fb-wrapper\" class=\"wpcf7-form-control-wrap honeypot-781-wrap\" style=\"display:none !important; visibility:hidden !important;\"><label for=\"hddn-form\" class=\"hp-message\">Deixeu aquest camp buit.<\/label><input id=\"hddn-form\"  class=\"wpcf7-form-control wpcf7-text\" type=\"text\" name=\"honeypot-781\" value=\"\" size=\"40\" tabindex=\"-1\" autocomplete=\"new-password\" \/><\/span>\n<\/p>\n<p class=\"infoLegal\">Le informamos que los datos facilitados en el formulario de esta web ser\u00e1n tratados por el Ayuntamiento de Tossa de Mar para dar respuesta a las consultas o solicitudes de informaci\u00f3n recibidas. Los datos se tratar\u00e1n en base a su consentimiento. En ning\u00fan caso, los datos se comunicar\u00e1n a otras personas. Asimismo, puede ejercer los derechos de acceso, rectificaci\u00f3n, supresi\u00f3n, oposici\u00f3n al tratamiento y solicitud de la limitaci\u00f3n del tratamiento dirigi\u00e9ndose al Ayuntamiento de Tossa de Mar \u00b7 CIF P1721500E \u00b7 Avenida del Peregrino, 25 \u00b7 17320 Tossa de Mar \u00b7 Tel. +34 972 340 100 \u00b7 ajuntament@tossademar.org \u00b7 www.tossademar.cat<br \/>\nPuede consultar toda la informaci\u00f3n adicional y detallada sobre protecci\u00f3n de datos en <a href=\"https:\/\/visittossa.com\/es\/proteccion-de-datos\/\" target=\"blank\">este enlace.<\/a>.<br \/>\nSi desea recibir informaci\u00f3n tur\u00edstica de Tossa de Mar puede indicarlo marcando la casilla correspondiente. En este caso sus datos ser\u00e1n incorporados a nuestra lista de destinatarios. En cualquier momento puede solicitar la baja.\n<\/p><div class=\"wpcf7-response-output\" aria-hidden=\"true\"><\/div>\n<\/form>\n<\/div>\n<\/div><\/div><\/div><\/div><\/div><\/section>\n","protected":false},"excerpt":{"rendered":"Formulario de contacto S\u00ed, quiero recibir vuestras notificaciones y he leido la protecci\u00f3n de datos. Deixeu aquest camp buit. Le informamos que los datos facilitados en el formulario de esta web ser\u00e1n tratados por el Ayuntamiento de Tossa de Mar para dar respuesta a las consultas o solicitudes de informaci\u00f3n recibidas. Los datos se tratar\u00e1n...","protected":false},"author":1,"featured_media":0,"parent":0,"menu_order":0,"comment_status":"closed","ping_status":"closed","template":"","meta":{"_monsterinsights_skip_tracking":false,"_monsterinsights_sitenote_active":false,"_monsterinsights_sitenote_note":"","_monsterinsights_sitenote_category":0,"footnotes":""},"class_list":["post-4161","page","type-page","status-publish","hentry"],"_links":{"self":[{"href":"https:\/\/visittossa.com\/es\/wp-json\/wp\/v2\/pages\/4161","targetHints":{"allow":["GET"]}}],"collection":[{"href":"https:\/\/visittossa.com\/es\/wp-json\/wp\/v2\/pages"}],"about":[{"href":"https:\/\/visittossa.com\/es\/wp-json\/wp\/v2\/types\/page"}],"author":[{"embeddable":true,"href":"https:\/\/visittossa.com\/es\/wp-json\/wp\/v2\/users\/1"}],"replies":[{"embeddable":true,"href":"https:\/\/visittossa.com\/es\/wp-json\/wp\/v2\/comments?post=4161"}],"version-history":[{"count":4,"href":"https:\/\/visittossa.com\/es\/wp-json\/wp\/v2\/pages\/4161\/revisions"}],"predecessor-version":[{"id":9410,"href":"https:\/\/visittossa.com\/es\/wp-json\/wp\/v2\/pages\/4161\/revisions\/9410"}],"wp:attachment":[{"href":"https:\/\/visittossa.com\/es\/wp-json\/wp\/v2\/media?parent=4161"}],"curies":[{"name":"wp","href":"https:\/\/api.w.org\/{rel}","templated":true}]}}