{"id":16907,"date":"2025-04-07T07:24:26","date_gmt":"2025-04-07T07:24:26","guid":{"rendered":"https:\/\/visittossa.com\/tossa-film-office\/"},"modified":"2025-12-04T11:04:26","modified_gmt":"2025-12-04T11:04:26","slug":"tossa-film-office","status":"publish","type":"page","link":"https:\/\/visittossa.com\/es\/tossa-film-office\/","title":{"rendered":"Tossa Film Office"},"content":{"rendered":"<section class=\"l-section wpb_row us_custom_4a81ca7d height_auto width_full imgMd\"><div class=\"l-section-h i-cf\"><div class=\"g-cols vc_row type_default valign_top\"><div class=\"vc_col-sm-12 wpb_column vc_column_container\"><div class=\"vc_column-inner us_custom_bfc0abad\"><div class=\"wpb_wrapper\"><div class=\"w-image us_custom_647fc08e align_center\"><div class=\"w-image-h\"><img loading=\"lazy\" decoding=\"async\" width=\"1900\" height=\"820\" src=\"https:\/\/visittossa.com\/wp-content\/uploads\/2021\/03\/Enamorat_1.jpg\" class=\"attachment-full size-full\" alt=\"\" srcset=\"https:\/\/visittossa.com\/wp-content\/uploads\/2021\/03\/Enamorat_1.jpg 1900w, https:\/\/visittossa.com\/wp-content\/uploads\/2021\/03\/Enamorat_1-300x129.jpg 300w, https:\/\/visittossa.com\/wp-content\/uploads\/2021\/03\/Enamorat_1-1024x442.jpg 1024w\" sizes=\"auto, (max-width: 1900px) 100vw, 1900px\" \/><\/div><\/div><\/div><\/div><\/div><\/div><\/div><\/section><section class=\"l-section wpb_row height_medium\" id=\"introTxt\"><div class=\"l-section-h i-cf\"><div class=\"g-cols vc_row type_default valign_top\"><div class=\"vc_col-sm-12 wpb_column vc_column_container\"><div class=\"vc_column-inner\"><div class=\"wpb_wrapper\"><div class=\"wpb_text_column ttlMd\" ><div class=\"wpb_wrapper\"><h2 style=\"text-align: center;\">Bienvenidos a Tossa Film Office<\/h2>\n<\/div><\/div><div class=\"wpb_text_column txtMd\" ><div class=\"wpb_wrapper\"><p style=\"text-align: center;\">Descubre las localizaciones que ofrece el Para\u00edso Azul de la Costa Brava.<\/p>\n<\/div><\/div><\/div><\/div><\/div><\/div><\/div><\/section><section class=\"l-section wpb_row height_medium width_full\" id=\"expMd\"><div class=\"l-section-h i-cf\"><div class=\"g-cols vc_row type_default valign_top\"><div class=\"vc_col-sm-3 wpb_column vc_column_container\"><div class=\"vc_column-inner\"><div class=\"wpb_wrapper\"><div class=\"w-image has_ratio align_none\"><a title=\"Qu\u00e8 \u00e9s Tossa Film Office?\" href=\"https:\/\/visittossa.com\/es\/tossa-film-office\/que-es-tossa-film-office\" aria-label=\"Enlace\" class=\"w-image-h\"><div style=\"padding-bottom:100.0000%\"><\/div><img loading=\"lazy\" decoding=\"async\" width=\"768\" height=\"1024\" src=\"https:\/\/visittossa.com\/wp-content\/uploads\/2025\/04\/Rodatge_Tossa-768x1024.jpeg\" class=\"attachment-large size-large\" alt=\"Rodatge Tossa\" srcset=\"https:\/\/visittossa.com\/wp-content\/uploads\/2025\/04\/Rodatge_Tossa-768x1024.jpeg 768w, https:\/\/visittossa.com\/wp-content\/uploads\/2025\/04\/Rodatge_Tossa-225x300.jpeg 225w, https:\/\/visittossa.com\/wp-content\/uploads\/2025\/04\/Rodatge_Tossa.jpeg 1500w\" sizes=\"auto, (max-width: 768px) 100vw, 768px\" \/><\/a><\/div><div class=\"w-separator size_small\"><\/div><div class=\"wpb_text_column\" ><div class=\"wpb_wrapper\"><h2 style=\"text-align: center;\"><a href=\"https:\/\/visittossa.com\/es\/tossa-film-office\/\">Qu\u00e9 es Tossa Film Office?<\/a><\/h2>\n<\/div><\/div><\/div><\/div><\/div><div class=\"vc_col-sm-3 wpb_column vc_column_container\"><div class=\"vc_column-inner\"><div class=\"wpb_wrapper\"><div class=\"w-image has_ratio align_none\"><a title=\"Tr\u00e0mits\" href=\"https:\/\/visittossa.com\/es\/tossa-film-office\/tramites\" aria-label=\"Enlace\" class=\"w-image-h\"><div style=\"padding-bottom:100.0000%\"><\/div><img loading=\"lazy\" decoding=\"async\" width=\"1024\" height=\"397\" src=\"https:\/\/visittossa.com\/wp-content\/uploads\/2025\/04\/cropped-shot-female-hands-typing-laptop-keyboard-drinking-coffee-working-cafe-studying-1024x397.jpg\" class=\"attachment-large size-large\" alt=\"Tr\u00e0mits Tossa Film Office\" srcset=\"https:\/\/visittossa.com\/wp-content\/uploads\/2025\/04\/cropped-shot-female-hands-typing-laptop-keyboard-drinking-coffee-working-cafe-studying-1024x397.jpg 1024w, https:\/\/visittossa.com\/wp-content\/uploads\/2025\/04\/cropped-shot-female-hands-typing-laptop-keyboard-drinking-coffee-working-cafe-studying-300x116.jpg 300w\" sizes=\"auto, (max-width: 1024px) 100vw, 1024px\" \/><\/a><\/div><div class=\"w-separator size_small\"><\/div><div class=\"wpb_text_column\" ><div class=\"wpb_wrapper\"><h2 style=\"text-align: center;\"><a href=\"https:\/\/visittossa.com\/es\/tossa-film-office\/tramites\/\">Tr\u00e1mites<\/a><\/h2>\n<\/div><\/div><\/div><\/div><\/div><div class=\"vc_col-sm-3 wpb_column vc_column_container\"><div class=\"vc_column-inner\"><div class=\"wpb_wrapper\"><div class=\"w-image has_ratio align_none\"><a title=\"Localitzacions\" href=\"https:\/\/visittossa.com\/es\/tossa-film-office\/localizaciones\" aria-label=\"Enlace\" class=\"w-image-h\"><div style=\"padding-bottom:100.0000%\"><\/div><img loading=\"lazy\" decoding=\"async\" width=\"1024\" height=\"682\" src=\"https:\/\/visittossa.com\/wp-content\/uploads\/2022\/02\/cales_tossa_low_039-1024x682.jpg\" class=\"attachment-large size-large\" alt=\"\" srcset=\"https:\/\/visittossa.com\/wp-content\/uploads\/2022\/02\/cales_tossa_low_039-1024x682.jpg 1024w, https:\/\/visittossa.com\/wp-content\/uploads\/2022\/02\/cales_tossa_low_039-300x200.jpg 300w, https:\/\/visittossa.com\/wp-content\/uploads\/2022\/02\/cales_tossa_low_039.jpg 2048w\" sizes=\"auto, (max-width: 1024px) 100vw, 1024px\" \/><\/a><\/div><div class=\"w-separator size_small\"><\/div><div class=\"wpb_text_column\" ><div class=\"wpb_wrapper\"><h2 style=\"text-align: center;\"><a href=\"https:\/\/visittossa.com\/es\/tossa-film-office\/localizaciones\/\">Localizaciones<\/a><\/h2>\n<\/div><\/div><\/div><\/div><\/div><div class=\"vc_col-sm-3 wpb_column vc_column_container\"><div class=\"vc_column-inner\"><div class=\"wpb_wrapper\"><div class=\"w-image has_ratio align_none\"><a title=\"Contacte\" href=\"https:\/\/visittossa.com\/es\/tossa-film-office\/contacto-tossa-film-office\/\" aria-label=\"Enlace\" class=\"w-image-h\"><div style=\"padding-bottom:100.0000%\"><\/div><img loading=\"lazy\" decoding=\"async\" width=\"1024\" height=\"384\" src=\"https:\/\/visittossa.com\/wp-content\/uploads\/2025\/04\/Tecla-contacto-01pano-1024x384-1.jpg\" class=\"attachment-large size-large\" alt=\"Contacte Tossa\" srcset=\"https:\/\/visittossa.com\/wp-content\/uploads\/2025\/04\/Tecla-contacto-01pano-1024x384-1.jpg 1024w, https:\/\/visittossa.com\/wp-content\/uploads\/2025\/04\/Tecla-contacto-01pano-1024x384-1-300x113.jpg 300w\" sizes=\"auto, (max-width: 1024px) 100vw, 1024px\" \/><\/a><\/div><div class=\"w-separator size_small\"><\/div><div class=\"wpb_text_column\" ><div class=\"wpb_wrapper\"><h2 style=\"text-align: center;\"><a href=\"https:\/\/visittossa.com\/es\/tossa-film-office\/contacto-tossa-film-office\/\">Contacto<\/a><\/h2>\n<\/div><\/div><\/div><\/div><\/div><\/div><\/div><\/section>\n","protected":false},"excerpt":{"rendered":"Bienvenidos a Tossa Film Office Descubre las localizaciones que ofrece el Para\u00edso Azul de la Costa Brava. Qu\u00e9 es Tossa Film Office? Tr\u00e1mites Localizaciones Contacto","protected":false},"author":4,"featured_media":0,"parent":0,"menu_order":0,"comment_status":"closed","ping_status":"closed","template":"","meta":{"_monsterinsights_skip_tracking":false,"_monsterinsights_sitenote_active":false,"_monsterinsights_sitenote_note":"","_monsterinsights_sitenote_category":0,"footnotes":""},"class_list":["post-16907","page","type-page","status-publish","hentry"],"_links":{"self":[{"href":"https:\/\/visittossa.com\/es\/wp-json\/wp\/v2\/pages\/16907","targetHints":{"allow":["GET"]}}],"collection":[{"href":"https:\/\/visittossa.com\/es\/wp-json\/wp\/v2\/pages"}],"about":[{"href":"https:\/\/visittossa.com\/es\/wp-json\/wp\/v2\/types\/page"}],"author":[{"embeddable":true,"href":"https:\/\/visittossa.com\/es\/wp-json\/wp\/v2\/users\/4"}],"replies":[{"embeddable":true,"href":"https:\/\/visittossa.com\/es\/wp-json\/wp\/v2\/comments?post=16907"}],"version-history":[{"count":6,"href":"https:\/\/visittossa.com\/es\/wp-json\/wp\/v2\/pages\/16907\/revisions"}],"predecessor-version":[{"id":17608,"href":"https:\/\/visittossa.com\/es\/wp-json\/wp\/v2\/pages\/16907\/revisions\/17608"}],"wp:attachment":[{"href":"https:\/\/visittossa.com\/es\/wp-json\/wp\/v2\/media?parent=16907"}],"curies":[{"name":"wp","href":"https:\/\/api.w.org\/{rel}","templated":true}]}}