{"id":16902,"date":"2025-04-07T08:09:24","date_gmt":"2025-04-07T08:09:24","guid":{"rendered":"https:\/\/visittossa.com\/contacte-tossa-film-office\/"},"modified":"2025-06-26T13:00:55","modified_gmt":"2025-06-26T13:00:55","slug":"contacto-tossa-film-office","status":"publish","type":"page","link":"https:\/\/visittossa.com\/es\/tossa-film-office\/contacto-tossa-film-office\/","title":{"rendered":"Contacto Tossa Film Office"},"content":{"rendered":"<section class=\"l-section wpb_row height_medium\" id=\"contactForm\"><div class=\"l-section-h i-cf\"><div class=\"g-cols vc_row type_default valign_top\"><div class=\"vc_col-sm-12 wpb_column vc_column_container\"><div class=\"vc_column-inner\"><div class=\"wpb_wrapper\"><div class=\"wpb_text_column ttlMd\" ><div class=\"wpb_wrapper\"><h2 style=\"text-align: center;\">Formulario de contacto<\/h2>\n<\/div><\/div>\n<div class=\"wpcf7 no-js\" id=\"wpcf7-f1532-o1\" lang=\"ca\" dir=\"ltr\" data-wpcf7-id=\"1532\">\n<div class=\"screen-reader-response\"><p role=\"status\" aria-live=\"polite\" aria-atomic=\"true\"><\/p> <ul><\/ul><\/div>\n<form action=\"\/es\/wp-json\/wp\/v2\/pages\/16902#wpcf7-f1532-o1\" method=\"post\" class=\"wpcf7-form init\" aria-label=\"Formulari de contacte\" novalidate=\"novalidate\" data-status=\"init\">\n<fieldset class=\"hidden-fields-container\"><input type=\"hidden\" name=\"_wpcf7\" value=\"1532\" \/><input type=\"hidden\" name=\"_wpcf7_version\" value=\"6.1.5\" \/><input type=\"hidden\" name=\"_wpcf7_locale\" value=\"ca\" \/><input type=\"hidden\" name=\"_wpcf7_unit_tag\" value=\"wpcf7-f1532-o1\" \/><input type=\"hidden\" name=\"_wpcf7_container_post\" value=\"0\" \/><input type=\"hidden\" name=\"_wpcf7_posted_data_hash\" value=\"\" \/>\n<\/fieldset>\n<div class=\"half\">\n\t<p><span class=\"wpcf7-form-control-wrap\" data-name=\"your-name\"><input size=\"40\" maxlength=\"400\" class=\"wpcf7-form-control wpcf7-text wpcf7-validates-as-required\" aria-required=\"true\" aria-invalid=\"false\" placeholder=\"Nom\" value=\"\" type=\"text\" name=\"your-name\" \/><\/span><span class=\"wpcf7-form-control-wrap\" data-name=\"your-surname\"><input size=\"40\" maxlength=\"400\" class=\"wpcf7-form-control wpcf7-text wpcf7-validates-as-required\" aria-required=\"true\" aria-invalid=\"false\" placeholder=\"Cognoms\" value=\"\" type=\"text\" name=\"your-surname\" \/><\/span>\n\t<\/p>\n<\/div>\n<div class=\"one\">\n\t<p><span class=\"wpcf7-form-control-wrap\" data-name=\"your-adress\"><input size=\"40\" maxlength=\"400\" class=\"wpcf7-form-control wpcf7-text wpcf7-validates-as-required\" aria-required=\"true\" aria-invalid=\"false\" placeholder=\"Adre\u00e7a\" value=\"\" type=\"text\" name=\"your-adress\" \/><\/span>\n\t<\/p>\n<\/div>\n<div class=\"half\">\n\t<p><span class=\"wpcf7-form-control-wrap\" data-name=\"your-town\"><input size=\"40\" maxlength=\"400\" class=\"wpcf7-form-control wpcf7-text wpcf7-validates-as-required\" aria-required=\"true\" aria-invalid=\"false\" placeholder=\"Poblaci\u00f3\" value=\"\" type=\"text\" name=\"your-town\" \/><\/span><span class=\"wpcf7-form-control-wrap\" data-name=\"your-provincia\"><input size=\"40\" maxlength=\"400\" class=\"wpcf7-form-control wpcf7-text wpcf7-validates-as-required\" aria-required=\"true\" aria-invalid=\"false\" placeholder=\"Prov\u00edncia\" value=\"\" type=\"text\" name=\"your-provincia\" \/><\/span>\n\t<\/p>\n<\/div>\n<div class=\"one\">\n\t<p><span class=\"wpcf7-form-control-wrap\" data-name=\"your-country\"><input size=\"40\" maxlength=\"400\" class=\"wpcf7-form-control wpcf7-text wpcf7-validates-as-required\" aria-required=\"true\" aria-invalid=\"false\" placeholder=\"Pais\" value=\"\" type=\"text\" name=\"your-country\" \/><\/span>\n\t<\/p>\n<\/div>\n<div class=\"third\">\n\t<p><span class=\"wpcf7-form-control-wrap\" data-name=\"your-code\"><input class=\"wpcf7-form-control wpcf7-number wpcf7-validates-as-required wpcf7-validates-as-number\" aria-required=\"true\" aria-invalid=\"false\" placeholder=\"C. Postal\" value=\"\" type=\"number\" name=\"your-code\" \/><\/span><span class=\"wpcf7-form-control-wrap\" data-name=\"your-tel\"><input size=\"40\" maxlength=\"400\" class=\"wpcf7-form-control wpcf7-tel wpcf7-validates-as-required wpcf7-text wpcf7-validates-as-tel\" aria-required=\"true\" aria-invalid=\"false\" placeholder=\"Tel\u00e8fon\" value=\"\" type=\"tel\" name=\"your-tel\" \/><\/span><span class=\"wpcf7-form-control-wrap\" data-name=\"your-email\"><input size=\"40\" maxlength=\"400\" class=\"wpcf7-form-control wpcf7-email wpcf7-validates-as-required wpcf7-text wpcf7-validates-as-email\" aria-required=\"true\" aria-invalid=\"false\" placeholder=\"Email\" value=\"\" type=\"email\" name=\"your-email\" \/><\/span>\n\t<\/p>\n<\/div>\n<div class=\"form-txtarea\">\n\t<p><span class=\"wpcf7-form-control-wrap\" data-name=\"textarea-692\"><textarea cols=\"40\" rows=\"10\" maxlength=\"2000\" class=\"wpcf7-form-control wpcf7-textarea\" aria-invalid=\"false\" placeholder=\"Comentaris\" name=\"textarea-692\"><\/textarea><\/span>\n\t<\/p>\n<\/div>\n<div class=\"legal\">\n\t<p><span class=\"wpcf7-form-control-wrap\" data-name=\"acceptance-648\"><span class=\"wpcf7-form-control wpcf7-acceptance optional\"><span class=\"wpcf7-list-item\"><label><input type=\"checkbox\" name=\"acceptance-648\" value=\"1\" aria-invalid=\"false\" \/><span class=\"wpcf7-list-item-label\">S\u00ed, vull rebre les vostres notificacions i he llegit <a href=\"https:\/\/visittossa.com\/proteccio-de-dades\/\" target=\"blank\">la protecci\u00f3 de dades.<\/a><\/span><\/label><\/span><\/span><\/span>\n\t<\/p>\n<\/div>\n<div class=\"enviar\">\n\t<p><input class=\"wpcf7-form-control wpcf7-submit has-spinner\" type=\"submit\" value=\"Enviar\" \/>\n\t<\/p>\n<\/div>\n<p style=\"margin:0; padding:0; line-height: 0; Height:0;\"><span id=\"wpcf7-69e4a7162a272-wrapper\" class=\"wpcf7-form-control-wrap honeypot-781-wrap\" style=\"display:none !important; visibility:hidden !important;\"><label for=\"hddn-form\" class=\"hp-message\">Deixeu aquest camp buit.<\/label><input id=\"hddn-form\"  class=\"wpcf7-form-control wpcf7-text\" type=\"text\" name=\"honeypot-781\" value=\"\" size=\"40\" tabindex=\"-1\" autocomplete=\"new-password\" \/><\/span>\n<\/p>\n<p class=\"infoLegal\">Us informem que les dades facilitades en els formularis d\u2019aquesta web seran tractades per l\u2019Ajuntament de Tossa de Mar per donar resposta a les consultes o sol\u00b7licituds d\u2019informaci\u00f3 rebudes. Les dades es tractaran en base al vostre consentiment. En cap cas, les dades es comunicaran a altres persones. Aix\u00ed mateix, podeu exercir els drets d\u2019acc\u00e9s, rectificaci\u00f3, supressi\u00f3, oposici\u00f3 al tractament i sol\u00b7licitud de la limitaci\u00f3 del tractament adre\u00e7ant-se a l\u2019Ajuntament de Tossa de Mar \u00b7 CIF P1721500E \u00b7 Avinguda del Pelegr\u00ed, 25 \u00b7 17320 Tossa de Mar \u00b7 Tel. +34 972 340 100 \u00b7 ajuntament@tossademar.org \u00b7 www.tossademar.cat<br \/>\nPodeu consultar tota la informaci\u00f3 addicional i detallada sobre protecci\u00f3 de dades a <a href=\"https:\/\/visittossa.com\/proteccio-de-dades\/\" target=\"blank\">aquest enlla\u00e7<\/a>.<br \/>\nSi desitgeu rebre informaci\u00f3 tur\u00edstica de Tossa de Mar podeu indicar-ho marcant la casella corresponent. En aquest cas les vostres dades s\u2019incorporaran a la nostra llista de destinataris. En qualsevol moment podeu sol\u00b7licitar la baixa.\n<\/p><div class=\"wpcf7-response-output\" aria-hidden=\"true\"><\/div>\n<\/form>\n<\/div>\n<\/div><\/div><\/div><\/div><\/div><\/section><section class=\"l-section wpb_row height_medium\"><div class=\"l-section-h i-cf\"><div class=\"g-cols vc_row type_default valign_top\"><div class=\"vc_col-sm-12 wpb_column vc_column_container\"><div class=\"vc_column-inner\"><div class=\"wpb_wrapper\"><div class=\"wpb_text_column\" ><div class=\"wpb_wrapper\"><\/div><\/div><\/div><\/div><\/div><\/div><\/div><\/section><section class=\"l-section wpb_row height_medium\" id=\"experienciasMd\"><div class=\"l-section-h i-cf\"><div class=\"g-cols vc_row type_default valign_top\"><div class=\"vc_col-sm-12 wpb_column vc_column_container\"><div class=\"vc_column-inner\"><div class=\"wpb_wrapper\"><div class=\"g-cols wpb_row  type_default valign_top vc_inner\"><div class=\"vc_col-sm-4 wpb_column vc_column_container\"><div class=\"vc_column-inner\"><div class=\"wpb_wrapper\">\n<div id=\"interactive-banner-1-wrap-4430\" class=\"ult-banner-block ult-adjust-bottom-margin ult-bb-box ult-banner-block-custom-height banner-style01 no-hover-banner\"   style=\"height:409px;\">\n\t<img decoding=\"async\" src=\"https:\/\/visittossa.com\/wp-content\/uploads\/2025\/04\/CAPCALERA-que-es.jpg\" alt=\"Tossa film office\">\n\t<h3  data-ultimate-target='#interactive-banner-1-wrap-4430 .bb-top-title '  data-responsive-json-new='{\"font-size\":\"\",\"line-height\":\"\"}'  class=\"title-center bb-top-title ult-responsive\" style=\"font-weight:normal;background:#242424;color:#ffffff;\">\u00bfQu\u00e9 es Tossa Film Office?<\/h3>\n\t<div class=\"mask opaque-background\" style=\"background:#242424;\">\n\t\t<div  data-ultimate-target='#interactive-banner-1-wrap-4430 .bb-description'  data-responsive-json-new='{\"font-size\":\"\",\"line-height\":\"\"}'  class=\"bb-description ult-responsive\" style=\"font-weight:normal;color:#ffffff;\"><\/div>\n\t<\/div><a class=\"bb-link\" href=\"https:\/\/visittossa.com\/es\/tossa-film-office\/que-es-tossa-film-office\/\" title=\"\u00bfQu\u00e9 es Tossa Film Office?\" ><\/a>\n<\/div><\/div><\/div><\/div><div class=\"vc_col-sm-4 wpb_column vc_column_container\"><div class=\"vc_column-inner\"><div class=\"wpb_wrapper\">\n<div id=\"interactive-banner-1-wrap-6339\" class=\"ult-banner-block ult-adjust-bottom-margin ult-bb-box ult-banner-block-custom-height banner-style01 no-hover-banner\"   style=\"height:409px;\">\n\t<img decoding=\"async\" src=\"https:\/\/visittossa.com\/wp-content\/uploads\/2025\/04\/cropped-shot-female-hands-typing-laptop-keyboard-drinking-coffee-working-cafe-studying-scaled.jpg\" alt=\"Tr\u00e0mits Tossa Film Office\">\n\t<h3  data-ultimate-target='#interactive-banner-1-wrap-6339 .bb-top-title '  data-responsive-json-new='{\"font-size\":\"\",\"line-height\":\"\"}'  class=\"title-center bb-top-title ult-responsive\" style=\"font-weight:normal;background:#242424;color:#ffffff;\">Tr\u00e1mites<\/h3>\n\t<div class=\"mask opaque-background\" style=\"background:#242424;\">\n\t\t<div  data-ultimate-target='#interactive-banner-1-wrap-6339 .bb-description'  data-responsive-json-new='{\"font-size\":\"\",\"line-height\":\"\"}'  class=\"bb-description ult-responsive\" style=\"font-weight:normal;color:#ffffff;\"><\/div>\n\t<\/div><a class=\"bb-link\" href=\"https:\/\/visittossa.com\/es\/tossa-film-office\/tramites\/\" title=\"Tr\u00e1mites Tossa Film Office\" ><\/a>\n<\/div><\/div><\/div><\/div><div class=\"vc_col-sm-4 wpb_column vc_column_container\"><div class=\"vc_column-inner\"><div class=\"wpb_wrapper\">\n<div id=\"interactive-banner-1-wrap-3807\" class=\"ult-banner-block ult-adjust-bottom-margin ult-bb-box ult-banner-block-custom-height banner-style01 \"   style=\"height:409px;\">\n\t<img decoding=\"async\" src=\"https:\/\/visittossa.com\/wp-content\/uploads\/2022\/02\/cales_tossa_low_039.jpg\" alt=\"null\">\n\t<h3  data-ultimate-target='#interactive-banner-1-wrap-3807 .bb-top-title '  data-responsive-json-new='{\"font-size\":\"\",\"line-height\":\"\"}'  class=\"title-center bb-top-title ult-responsive\" style=\"font-weight:normal;background:#242424;color:#ffffff;\">Localizaciones<\/h3>\n\t<div class=\"mask opaque-background\" style=\"background:rgba(35,35,35,0.41);\">\n\t\t<div  data-ultimate-target='#interactive-banner-1-wrap-3807 .bb-description'  data-responsive-json-new='{\"font-size\":\"\",\"line-height\":\"\"}'  class=\"bb-description ult-responsive\" style=\"font-weight:normal;color:#ffffff;\"><\/div>\n\t<\/div><a class=\"bb-link\" href=\"https:\/\/visittossa.com\/es\/tossa-film-office\/localizaciones\/\" title=\"Localizaciones donde rodar a Tossa\" ><\/a>\n<\/div><\/div><\/div><\/div><\/div><\/div><\/div><\/div><\/div><\/div><\/section>\n","protected":false},"excerpt":{"rendered":"Formulario de contacto S\u00ed, vull rebre les vostres notificacions i he llegit la protecci\u00f3 de dades. Deixeu aquest camp buit. Us informem que les dades facilitades en els formularis d\u2019aquesta web seran tractades per l\u2019Ajuntament de Tossa de Mar per donar resposta a les consultes o sol\u00b7licituds d\u2019informaci\u00f3 rebudes. Les dades es tractaran en base...","protected":false},"author":4,"featured_media":0,"parent":16907,"menu_order":0,"comment_status":"closed","ping_status":"closed","template":"","meta":{"_monsterinsights_skip_tracking":false,"_monsterinsights_sitenote_active":false,"_monsterinsights_sitenote_note":"","_monsterinsights_sitenote_category":0,"footnotes":""},"class_list":["post-16902","page","type-page","status-publish","hentry"],"_links":{"self":[{"href":"https:\/\/visittossa.com\/es\/wp-json\/wp\/v2\/pages\/16902","targetHints":{"allow":["GET"]}}],"collection":[{"href":"https:\/\/visittossa.com\/es\/wp-json\/wp\/v2\/pages"}],"about":[{"href":"https:\/\/visittossa.com\/es\/wp-json\/wp\/v2\/types\/page"}],"author":[{"embeddable":true,"href":"https:\/\/visittossa.com\/es\/wp-json\/wp\/v2\/users\/4"}],"replies":[{"embeddable":true,"href":"https:\/\/visittossa.com\/es\/wp-json\/wp\/v2\/comments?post=16902"}],"version-history":[{"count":5,"href":"https:\/\/visittossa.com\/es\/wp-json\/wp\/v2\/pages\/16902\/revisions"}],"predecessor-version":[{"id":16916,"href":"https:\/\/visittossa.com\/es\/wp-json\/wp\/v2\/pages\/16902\/revisions\/16916"}],"up":[{"embeddable":true,"href":"https:\/\/visittossa.com\/es\/wp-json\/wp\/v2\/pages\/16907"}],"wp:attachment":[{"href":"https:\/\/visittossa.com\/es\/wp-json\/wp\/v2\/media?parent=16902"}],"curies":[{"name":"wp","href":"https:\/\/api.w.org\/{rel}","templated":true}]}}