{"id":16897,"date":"2025-04-07T07:46:39","date_gmt":"2025-04-07T07:46:39","guid":{"rendered":"https:\/\/visittossa.com\/tramits\/"},"modified":"2026-02-04T13:51:07","modified_gmt":"2026-02-04T13:51:07","slug":"tramites","status":"publish","type":"page","link":"https:\/\/visittossa.com\/es\/tossa-film-office\/tramites\/","title":{"rendered":"Tr\u00e1mites"},"content":{"rendered":"<section class=\"l-section wpb_row height_large width_full tossaHd with_img\" id=\"hdMd\"><div class=\"l-section-img\" style=\"background-image: url(https:\/\/visittossa.com\/wp-content\/uploads\/2025\/04\/cropped-shot-female-hands-typing-laptop-keyboard-drinking-coffee-working-cafe-studying-scaled.jpg);background-repeat: no-repeat;\" data-img-width=\"2560\" data-img-height=\"993\"><\/div><div class=\"l-section-h i-cf\"><div class=\"g-cols vc_row type_default valign_middle\"><div class=\"vc_col-sm-12 wpb_column vc_column_container\"><div class=\"vc_column-inner\"><div class=\"wpb_wrapper\"><\/div><\/div><\/div><\/div><\/div><\/section><section class=\"l-section wpb_row height_medium\" id=\"arribarMd\"><div class=\"l-section-h i-cf\"><div class=\"g-cols vc_row type_default valign_top\"><div class=\"vc_col-sm-12 wpb_column vc_column_container\"><div class=\"vc_column-inner\"><div class=\"wpb_wrapper\"><div class=\"w-tabs layout_hor style_default switch_click icon_chevron iconpos_right title_atleft\"><div class=\"w-tabs-list hidden items_2\"><div class=\"w-tabs-list-h\"><a class=\"w-tabs-item active\" aria-controls=\"content-1744886738481-824f65f2-b0a1\" href=\"javascript:void(0);\"><span class=\"w-tabs-item-title\">C\u00f3mo rodar a Tossa<\/span><\/a><a class=\"w-tabs-item\" aria-controls=\"content-1744886738491-406c2b20-d24c\" href=\"javascript:void(0);\"><span class=\"w-tabs-item-title\">Ordenanzas municipales<\/span><\/a><\/div><\/div><div class=\"w-tabs-sections\"><div class=\"w-tabs-sections-h\"><div class=\"w-tabs-section active\" id=\"1744886738481-824f65f2-b0a1\"><button class=\"w-tabs-section-header active\" aria-controls=\"content-1744886738481-824f65f2-b0a1\"><div class=\"w-tabs-section-header-h\"><div class=\"w-tabs-section-title\">C\u00f3mo rodar a Tossa<\/div><div class=\"w-tabs-section-control\"><\/div><\/div><\/button><div class=\"w-tabs-section-content\" id=\"content-1744886738481-824f65f2-b0a1\" aria-expanded=\"true\"><div class=\"w-tabs-section-content-h i-cf\"><div class=\"wpb_text_column\" ><div class=\"wpb_wrapper\"><p><strong data-start=\"51\" data-end=\"86\">\u00b7 Ponte en contacto con nosotros:<\/strong><br data-start=\"86\" data-end=\"89\" \/>\u00a0 \u00a0 \u00a0 \u00a0 \u00a0\u00b7 Por correo electr\u00f3nico: <a class=\"cursor-pointer\" rel=\"noopener\" data-start=\"113\" data-end=\"143\">tossafilmoffice@tossademar.org<\/a><br data-start=\"143\" data-end=\"146\" \/>\u00a0 \u00a0 \u00a0 \u00a0 \u00a0\u00b7 Telef\u00f3nicamente: 608 895 943<br data-start=\"174\" data-end=\"177\" \/><strong>\u00b7 Presenta tu solicitud a trav\u00e9s de la Sede Electr\u00f3nica del Ayuntamiento de Tossa de Mar<\/strong> (aportando la m\u00e1xima informaci\u00f3n posible: tipo de rodaje, fecha, horario, equipo humano, localizaciones, seguro de responsabilidad civil, otras necesidades y cualquier otra documentaci\u00f3n complementaria seg\u00fan los requisitos del rodaje \u2014memoria, planos de ubicaci\u00f3n, etc.):<\/p>\n<p style=\"text-align: center;\" data-start=\"537\" data-end=\"617\"><a href=\"https:\/\/tossademar.eadministracio.cat\/catalog\/t\/8254c665-8dba-4d05-a719-59a8d34f56ba\" target=\"_blank\" rel=\"noopener\">Haz clic aqu\u00ed para acceder a la solicitud de rodajes y sesiones fotogr\u00e1ficas<\/a><\/p>\n<p data-start=\"619\" data-end=\"792\"><strong>\u00b7 Calculamos los gastos seg\u00fan las ordenanzas fiscales y generamos un presupuesto personalizado seg\u00fan tus necesidades.<\/strong><br data-start=\"734\" data-end=\"737\" \/><strong data-start=\"737\" data-end=\"745\">\u00b7 Pago<\/strong><br data-start=\"745\" data-end=\"748\" \/><strong data-start=\"748\" data-end=\"792\">\u00b7 Env\u00edo de la autorizaci\u00f3n correspondiente<\/strong><\/p>\n<\/div><\/div><\/div><\/div><\/div><div class=\"w-tabs-section\" id=\"1744886738491-406c2b20-d24c\"><button class=\"w-tabs-section-header\" aria-controls=\"content-1744886738491-406c2b20-d24c\"><div class=\"w-tabs-section-header-h\"><div class=\"w-tabs-section-title\">Ordenanzas municipales<\/div><div class=\"w-tabs-section-control\"><\/div><\/div><\/button><div class=\"w-tabs-section-content\" id=\"content-1744886738491-406c2b20-d24c\" aria-expanded=\"false\"><div class=\"w-tabs-section-content-h i-cf\"><div class=\"wpb_text_column\" ><div class=\"wpb_wrapper\"><ul>\n<li><strong data-start=\"58\" data-end=\"96\">Ordenanzas fiscales N\u00ba: 7, 14 y 15<\/strong><br data-start=\"96\" data-end=\"99\" \/><a class=\"\" href=\"https:\/\/tossademar.eadministracio.cat\/preview-document\/6577e80b-32ab-499d-8563-4a2e109f1ed0\/\" target=\"_blank\" rel=\"noopener\" data-start=\"99\" data-end=\"217\">https:\/\/tossademar.eadministracio.cat\/preview-document\/6577e80b-32ab-499d-8563-4a2e109f1ed0\/<\/a><\/li>\n<li data-start=\"219\" data-end=\"408\"><strong data-start=\"219\" data-end=\"287\">Ordenanza reguladora del uso de aeronaves no tripuladas (Drones)<\/strong><br data-start=\"287\" data-end=\"290\" \/><a class=\"\" href=\"https:\/\/tossademar.eadministracio.cat\/preview-document\/536eb86e-d55f-48bd-81f4-677c54fc2abc\" rel=\"noopener\" data-start=\"290\" data-end=\"408\">https:\/\/tossademar.eadministracio.cat\/preview-document\/536eb86e-d55f-48bd-81f4-677c54fc2abc<\/a><\/li>\n<\/ul>\n<\/div><\/div><\/div><\/div><\/div><\/div><\/div><\/div><\/div><\/div><\/div><\/div><\/div><\/section><div class=\"vc_col-sm-3 wpb_column vc_column_container\"><div class=\"vc_column-inner\"><div class=\"wpb_wrapper\"><\/div><\/div><\/div><section class=\"l-section wpb_row height_medium\" id=\"experienciasMd\"><div class=\"l-section-h i-cf\"><div class=\"g-cols vc_row type_default valign_top\"><div class=\"vc_col-sm-12 wpb_column vc_column_container\"><div class=\"vc_column-inner\"><div class=\"wpb_wrapper\"><div class=\"g-cols wpb_row  type_default valign_top vc_inner\"><div class=\"vc_col-sm-4 wpb_column vc_column_container active\"><div class=\"vc_column-inner\"><div class=\"wpb_wrapper\">\n<div id=\"interactive-banner-1-wrap-2466\" class=\"ult-banner-block ult-adjust-bottom-margin ult-bb-box ult-banner-block-custom-height banner-style01 \"   style=\"height:409px;\">\n\t<img decoding=\"async\" src=\"https:\/\/visittossa.com\/wp-content\/uploads\/2025\/04\/CAPCALERA-que-es.jpg\" alt=\"Tossa film office\">\n\t<h3  data-ultimate-target='#interactive-banner-1-wrap-2466 .bb-top-title '  data-responsive-json-new='{\"font-size\":\"\",\"line-height\":\"\"}'  class=\"title-center bb-top-title ult-responsive\" style=\"font-weight:normal;background:#242424;color:#ffffff;\">\u00bfQu\u00e9 es Tossa Film Office?<\/h3>\n\t<div class=\"mask opaque-background\" style=\"background:rgba(35,35,35,0.41);\">\n\t\t<div  data-ultimate-target='#interactive-banner-1-wrap-2466 .bb-description'  data-responsive-json-new='{\"font-size\":\"\",\"line-height\":\"\"}'  class=\"bb-description ult-responsive\" style=\"font-weight:normal;color:#ffffff;\"><\/div>\n\t<\/div><a class=\"bb-link\" href=\"https:\/\/visittossa.com\/es\/tossa-film-office\/que-es-tossa-film-office\/\" title=\"\u00bfQu\u00e9 es Tossa Film Office?\" ><\/a>\n<\/div><\/div><\/div><\/div><div class=\"vc_col-sm-4 wpb_column vc_column_container\"><div class=\"vc_column-inner\"><div class=\"wpb_wrapper\">\n<div id=\"interactive-banner-1-wrap-2888\" class=\"ult-banner-block ult-adjust-bottom-margin ult-bb-box ult-banner-block-custom-height banner-style01 \"   style=\"height:409px;\">\n\t<img decoding=\"async\" src=\"https:\/\/visittossa.com\/wp-content\/uploads\/2022\/02\/cales_tossa_low_039.jpg\" alt=\"null\">\n\t<h3  data-ultimate-target='#interactive-banner-1-wrap-2888 .bb-top-title '  data-responsive-json-new='{\"font-size\":\"\",\"line-height\":\"\"}'  class=\"title-center bb-top-title ult-responsive\" style=\"font-weight:normal;background:#242424;color:#ffffff;\">Localizaciones<\/h3>\n\t<div class=\"mask opaque-background\" style=\"background:rgba(35,35,35,0.41);\">\n\t\t<div  data-ultimate-target='#interactive-banner-1-wrap-2888 .bb-description'  data-responsive-json-new='{\"font-size\":\"\",\"line-height\":\"\"}'  class=\"bb-description ult-responsive\" style=\"font-weight:normal;color:#ffffff;\"><\/div>\n\t<\/div><a class=\"bb-link\" href=\"https:\/\/visittossa.com\/es\/tossa-film-office\/localizaciones\/\" title=\"Localizaciones donde rodar a Tossa\" ><\/a>\n<\/div><\/div><\/div><\/div><div class=\"vc_col-sm-4 wpb_column vc_column_container\"><div class=\"vc_column-inner\"><div class=\"wpb_wrapper\">\n<div id=\"interactive-banner-1-wrap-5608\" class=\"ult-banner-block ult-adjust-bottom-margin ult-bb-box ult-banner-block-custom-height banner-style01 \"   style=\"height:409px;\">\n\t<img decoding=\"async\" src=\"https:\/\/visittossa.com\/wp-content\/uploads\/2025\/04\/Tecla-contacto-01pano-1024x384-1.jpg\" alt=\"Contacte Tossa\">\n\t<h3  data-ultimate-target='#interactive-banner-1-wrap-5608 .bb-top-title '  data-responsive-json-new='{\"font-size\":\"\",\"line-height\":\"\"}'  class=\"title-center bb-top-title ult-responsive\" style=\"font-weight:normal;background:#242424;color:#ffffff;\">Contacto<\/h3>\n\t<div class=\"mask opaque-background\" style=\"background:rgba(35,35,35,0.41);\">\n\t\t<div  data-ultimate-target='#interactive-banner-1-wrap-5608 .bb-description'  data-responsive-json-new='{\"font-size\":\"\",\"line-height\":\"\"}'  class=\"bb-description ult-responsive\" style=\"font-weight:normal;color:#ffffff;\"><\/div>\n\t<\/div><a class=\"bb-link\" href=\"https:\/\/visittossa.com\/es\/tossa-film-office\/contacto-tossa-film-office\/\" title=\"Contacto Tossa Film Office\" ><\/a>\n<\/div><\/div><\/div><\/div><\/div><\/div><\/div><\/div><\/div><\/div><\/section>\n","protected":false},"excerpt":{"rendered":"C\u00f3mo rodar a TossaOrdenanzas municipalesC\u00f3mo rodar a Tossa\u00b7 Ponte en contacto con nosotros:\u00a0 \u00a0 \u00a0 \u00a0 \u00a0\u00b7 Por correo electr\u00f3nico: tossafilmoffice@tossademar.org\u00a0 \u00a0 \u00a0 \u00a0 \u00a0\u00b7 Telef\u00f3nicamente: 608 895 943\u00b7 Presenta tu solicitud a trav\u00e9s de la Sede Electr\u00f3nica del Ayuntamiento de Tossa de Mar (aportando la m\u00e1xima informaci\u00f3n posible: tipo de rodaje, fecha, horario, equipo...","protected":false},"author":4,"featured_media":0,"parent":16907,"menu_order":0,"comment_status":"closed","ping_status":"closed","template":"","meta":{"_monsterinsights_skip_tracking":false,"_monsterinsights_sitenote_active":false,"_monsterinsights_sitenote_note":"","_monsterinsights_sitenote_category":0,"footnotes":""},"class_list":["post-16897","page","type-page","status-publish","hentry"],"_links":{"self":[{"href":"https:\/\/visittossa.com\/es\/wp-json\/wp\/v2\/pages\/16897","targetHints":{"allow":["GET"]}}],"collection":[{"href":"https:\/\/visittossa.com\/es\/wp-json\/wp\/v2\/pages"}],"about":[{"href":"https:\/\/visittossa.com\/es\/wp-json\/wp\/v2\/types\/page"}],"author":[{"embeddable":true,"href":"https:\/\/visittossa.com\/es\/wp-json\/wp\/v2\/users\/4"}],"replies":[{"embeddable":true,"href":"https:\/\/visittossa.com\/es\/wp-json\/wp\/v2\/comments?post=16897"}],"version-history":[{"count":8,"href":"https:\/\/visittossa.com\/es\/wp-json\/wp\/v2\/pages\/16897\/revisions"}],"predecessor-version":[{"id":18063,"href":"https:\/\/visittossa.com\/es\/wp-json\/wp\/v2\/pages\/16897\/revisions\/18063"}],"up":[{"embeddable":true,"href":"https:\/\/visittossa.com\/es\/wp-json\/wp\/v2\/pages\/16907"}],"wp:attachment":[{"href":"https:\/\/visittossa.com\/es\/wp-json\/wp\/v2\/media?parent=16897"}],"curies":[{"name":"wp","href":"https:\/\/api.w.org\/{rel}","templated":true}]}}