{"id":5718,"date":"2021-09-22T15:50:23","date_gmt":"2021-09-22T15:50:23","guid":{"rendered":"https:\/\/visittossa.com\/llegendes-de-tossa\/"},"modified":"2022-05-26T08:32:56","modified_gmt":"2022-05-26T08:32:56","slug":"legends","status":"publish","type":"page","link":"https:\/\/visittossa.com\/en\/cultural-heritage\/festivals-traditions-and-legends\/legends\/","title":{"rendered":"Legends"},"content":{"rendered":"<section class=\"l-section wpb_row height_large width_full tossaHd with_img\" id=\"hdMd\"><div class=\"l-section-img\" style=\"background-image: url(https:\/\/visittossa.com\/wp-content\/uploads\/2022\/02\/Capella_Socors_CAPCALERA.jpg);background-repeat: no-repeat;\" data-img-width=\"1900\" data-img-height=\"370\"><\/div><div class=\"l-section-h i-cf\"><div class=\"g-cols vc_row type_default valign_middle\"><div class=\"vc_col-sm-12 wpb_column vc_column_container\"><div class=\"vc_column-inner\"><div class=\"wpb_wrapper\"><\/div><\/div><\/div><\/div><\/div><\/section><section class=\"l-section wpb_row height_large\" id=\"dblMd\"><div class=\"l-section-h i-cf\"><div class=\"g-cols vc_row type_default valign_top\"><div class=\"vc_col-sm-6 wpb_column vc_column_container imgCol\"><div class=\"vc_column-inner\"><div class=\"wpb_wrapper\"><div class=\"wpb_text_column tltMd\" ><div class=\"wpb_wrapper\"><h2 style=\"text-align: left;\">The witches of Vila Vella<\/h2>\n<\/div><\/div><div class=\"wpb_text_column txtMd\" ><div class=\"wpb_wrapper\"><p>One of the most popular legends of Tossa is the one called the Witches of the Old Town.<\/p>\n<p>Once upon a time there was a fisherman who had a beautiful rowboat docked at the Codolar cove, just behind the Old Town. He was a happy man with his life and used to go fishing every day to earn his daily bread.<\/p>\n<p>But one day he found his rowboat all untidy and crooked, the oars in a mess\u2026 and he thought:<\/p>\n<p>What\u2019s happened here? Maybe the children have been playing around\u2026 I\u2018ll let it be for this time\u2026<\/p>\n<p>But this went on for two or three more weeks and during this time, every Saturday morning he found his boat in a different position than how he had left it.<\/p>\n<p>At dusk of the following weekend, this tiny man decided to hide in the cupboard of the boat\u2019s prow, where he remained very still and quiet.<\/p>\n<p>When the clock of the Clock Tower struck midnight, he heard three women jumping into the boat, grabbing the oars, and one of them saying:<\/p>\n<p>&#8211; Row for one! Row for two! Row for three!<\/p>\n<p>But the boat didn\u2019t move, so the eldest one asked:<\/p>\n<p>&#8211; Is anyone of you expecting a child?<\/p>\n<p>And the others, much younger, answered:<\/p>\n<p>&#8211; Not that we know.<\/p>\n<p>Just in case she tried again adding one more:<\/p>\n<p>&#8211; Row for one! Row for two! Row for three! Row for four!<\/p>\n<p>And then the boat splashed while it went right into the water!<\/p>\n<p>With each rowing stroke they moved a mile forward until they arrived to a beach with plenty of palm trees that must have been America. Those women jumped off the boat and turned into three black cats.<\/p>\n<p>The fisherman remained hidden, and some hours later, the three black cats came back and jumped into the boat turning again into women. Then, the eldest one said:<\/p>\n<p>&#8211; Row for one! Row for two! Row for three! Row for four! And the boat splashed again while it went right into the water!<\/p>\n<p>At dawn they were back in Tossa. When the women jumped off the boat they left everything behind in a mess.<\/p>\n<p>The fisherman waited quietly until they left, and after a while he came out of his hiding place and headed for the rectory to explain the priest all that had happened.<\/p>\n<p>The priest said to him:<\/p>\n<p>&#8211; Don\u2019t worry! We will sort this<\/p>\n<p>And both men went to the beach carrying an aspergillum, some holy water and the Book. The priest said some blessings, sprinkled some holy water on the boat, and from that day on the witches couldn\u2018t use the boat anymore so they never came back again.<\/p>\n<p>At last the fisherman got his rowboat in order forever.<\/p>\n<p><strong>This text has been partially extracted and translated from the book <em>Llegendes i tradicions de Tossa<\/em> <em>contades per Vicen\u00e7 Esteban Darder<\/em>, by Eva Pinyol Ll\u00e9sera and David Mor\u00e9 Aquirre.<\/strong><\/p>\n<\/div><\/div><\/div><\/div><\/div><div class=\"vc_col-sm-6 wpb_column vc_column_container infoCol\"><div class=\"vc_column-inner\"><div class=\"wpb_wrapper\"><div class=\"w-image align_none\"><div class=\"w-image-h\"><img loading=\"lazy\" decoding=\"async\" width=\"611\" height=\"423\" src=\"https:\/\/visittossa.com\/wp-content\/uploads\/2021\/09\/Ses-bruixes.jpg\" class=\"attachment-full size-full\" alt=\"\" srcset=\"https:\/\/visittossa.com\/wp-content\/uploads\/2021\/09\/Ses-bruixes.jpg 611w, https:\/\/visittossa.com\/wp-content\/uploads\/2021\/09\/Ses-bruixes-300x208.jpg 300w\" sizes=\"auto, (max-width: 611px) 100vw, 611px\" \/><\/div><\/div><\/div><\/div><\/div><\/div><\/div><\/section><section class=\"l-section wpb_row height_large\" id=\"dblMd\"><div class=\"l-section-h i-cf\"><div class=\"g-cols vc_row type_default valign_top\"><div class=\"vc_col-sm-6 wpb_column vc_column_container imgCol\"><div class=\"vc_column-inner\"><div class=\"wpb_wrapper\"><div class=\"wpb_text_column tltMd\" ><div class=\"wpb_wrapper\"><h2 style=\"text-align: left;\">Xixanet and the half-cane<\/h2>\n<\/div><\/div><div class=\"wpb_text_column txtMd\" ><div class=\"wpb_wrapper\"><p>Not long ago, the legend of Xixanet was well-known by all the children in town, as their grandfathers had told them. For the locals, it seemed to them that it was such a real story, that when they passed by the Socors street, they even indicated to the little ones which was the house of naughty Xixanet. Tradition points out to a house quite close to the chapel, on the left hand side. Every time a child did some mischief, they yelled him:<\/p>\n<p>&#8211; You are like Xixanet!<\/p>\n<p>Nowadays a lot of people know nothing about this since traditions, customs, oral town history and the heritage of so many generations are gradually moving towards the silence of oblivion.<\/p>\n<p>Even though we have heard the legend in two versions, the one told by Julita Farn\u00e9s and the other one by Vicen\u00e7 Esteban Darder, we offer you the one told by Julita Farn\u00e9s Pag\u00e8s. Both are the most complete and genuine of those that have been published so far and, in the original Catalan version, they maintain the freshness of the popular salty language (tongue) of our town.<\/p>\n<p>Julita Farn\u00e9s tells:<\/p>\n<p>\u201cXixanet was a very small boy but very smart. Once, his mother, who was a very poor widow, told him:<\/p>\n<p>&#8211; Here you are, take the oil bottle and go to the shop to refill it but don\u2019t stop playing marbles at the square because the children will break it and we don\u2019t have any more money left.<\/p>\n<p>Xixanet took the oil bottle and the money, and left. He didn\u2019t stop at the square as he was going to the shop, even when his friends called him, but on his way back, when he already had the oil bottle full, he just couldn\u2019t avoid it. So he left it on the floor and started playing marbles.<\/p>\n<p>While he was playing, a marble hit against the oil bottle and broke it.<\/p>\n<p>As he arrived home, his mother saw his empty hands and she yelled him out:<\/p>\n<p>&#8211; May the devil take you away!<\/p>\n<p>As soon as the devil heard it, he run to them and took Xixanet forcibly away. When his mother realised what she had caused, she run into the nearby chapel, grabbed the skirt of the virgin statue and implored her:<\/p>\n<p>&#8211; Our Lady of Bon Secours, hurry up and help me! The devil is taking my son away!<\/p>\n<p>As soon as the virgin heard it, she got down the altar so fast that she still found the devil running away down the street. With the cane she was holding in her hands, she started hitting the devil repeatedly until she broke his horns. As the boy was happily set free, the devil run away as fast as he could and didn\u2019t stop until he reached hell.<\/p>\n<p>When the other little devils saw him arrive completely injured and without horns they asked:<\/p>\n<p>&#8211; Where are you coming from?<\/p>\n<p>And the devil answered ashamed:<\/p>\n<p>&#8211; From Tossa!\u201d<\/p>\n<p><strong>This text has been extracted and translated from the book <em>Una devoci\u00f3 mariana: La Mare de D\u00e9u del Socors a Tossa (segles XVI-XX),<\/em> by Mario Zucchitello, from the Quaderns d\u2019Estudis Tossencs collection number 3.<\/strong><\/p>\n<\/div><\/div><\/div><\/div><\/div><div class=\"vc_col-sm-6 wpb_column vc_column_container infoCol\"><div class=\"vc_column-inner\"><div class=\"wpb_wrapper\"><div class=\"w-image align_none\"><div class=\"w-image-h\"><img loading=\"lazy\" decoding=\"async\" width=\"611\" height=\"640\" src=\"https:\/\/visittossa.com\/wp-content\/uploads\/2021\/12\/En-Xixanet.jpg\" class=\"attachment-full size-full\" alt=\"\" srcset=\"https:\/\/visittossa.com\/wp-content\/uploads\/2021\/12\/En-Xixanet.jpg 611w, https:\/\/visittossa.com\/wp-content\/uploads\/2021\/12\/En-Xixanet-286x300.jpg 286w\" sizes=\"auto, (max-width: 611px) 100vw, 611px\" \/><\/div><\/div><\/div><\/div><\/div><\/div><\/div><\/section><section class=\"l-section wpb_row us_custom_887a049b height_medium with_overlay\" id=\"experienciasMd\"><div class=\"l-section-overlay\" style=\"background: #ffffff\"><\/div><div class=\"l-section-h i-cf\"><div class=\"g-cols vc_row type_default valign_top\"><div class=\"vc_col-sm-12 wpb_column vc_column_container\"><div class=\"vc_column-inner\"><div class=\"wpb_wrapper\"><div class=\"g-cols wpb_row  type_default valign_top vc_inner\"><div class=\"vc_col-sm-4 wpb_column vc_column_container\"><div class=\"vc_column-inner\"><div class=\"wpb_wrapper\">\n<div id=\"interactive-banner-1-wrap-1932\" class=\"ult-banner-block ult-adjust-bottom-margin ult-bb-box  banner-style01 \"   style=\"\">\n\t<img decoding=\"async\" src=\"https:\/\/visittossa.com\/wp-content\/uploads\/2022\/02\/festes_BOMBOLLA.jpeg\" alt=\"festes tossa\">\n\t<h3  data-ultimate-target='#interactive-banner-1-wrap-1932 .bb-top-title '  data-responsive-json-new='{\"font-size\":\"\",\"line-height\":\"\"}'  class=\"title-center bb-top-title ult-responsive\" style=\"font-weight:normal;background:#242424;color:#ffffff;\">Festivals<\/h3>\n\t<div class=\"mask opaque-background\" style=\"background:rgba(35,35,35,0.41);\">\n\t\t<div  data-ultimate-target='#interactive-banner-1-wrap-1932 .bb-description'  data-responsive-json-new='{\"font-size\":\"\",\"line-height\":\"\"}'  class=\"bb-description ult-responsive\" style=\"font-weight:normal;color:#ffffff;\"><\/div>\n\t<\/div><a class=\"bb-link\" href=\"https:\/\/visittossa.com\/en\/cultural-heritage\/festivals-traditions-and-legends\/festivals\/\" title=\"Festivals of Tossa\" ><\/a>\n<\/div><\/div><\/div><\/div><div class=\"vc_col-sm-4 wpb_column vc_column_container\"><div class=\"vc_column-inner\"><div class=\"wpb_wrapper\">\n<div id=\"interactive-banner-1-wrap-5610\" class=\"ult-banner-block ult-adjust-bottom-margin ult-bb-box  banner-style01 \"   style=\"\">\n\t<img decoding=\"async\" src=\"https:\/\/visittossa.com\/wp-content\/uploads\/2021\/09\/Tradicions-thumb.jpg\" alt=\"null\">\n\t<h3  data-ultimate-target='#interactive-banner-1-wrap-5610 .bb-top-title '  data-responsive-json-new='{\"font-size\":\"\",\"line-height\":\"\"}'  class=\"title-center bb-top-title ult-responsive\" style=\"font-weight:normal;background:#242424;color:#ffffff;\">Traditions<\/h3>\n\t<div class=\"mask opaque-background\" style=\"background:rgba(35,35,35,0.41);\">\n\t\t<div  data-ultimate-target='#interactive-banner-1-wrap-5610 .bb-description'  data-responsive-json-new='{\"font-size\":\"\",\"line-height\":\"\"}'  class=\"bb-description ult-responsive\" style=\"font-weight:normal;color:#ffffff;\"><\/div>\n\t<\/div><a class=\"bb-link\" href=\"https:\/\/visittossa.com\/en\/cultural-heritage\/festivals-traditions-and-legends\/traditions\/\" title=\"Traditions of Tossa\" ><\/a>\n<\/div><\/div><\/div><\/div><div class=\"vc_col-sm-4 wpb_column vc_column_container active\"><div class=\"vc_column-inner\"><div class=\"wpb_wrapper\">\n<div id=\"interactive-banner-1-wrap-7650\" class=\"ult-banner-block ult-adjust-bottom-margin ult-bb-box  banner-style01 \"   style=\"\">\n\t<img decoding=\"async\" src=\"https:\/\/visittossa.com\/wp-content\/uploads\/2021\/09\/llegendes-thumb.jpg\" alt=\"null\">\n\t<h3  data-ultimate-target='#interactive-banner-1-wrap-7650 .bb-top-title '  data-responsive-json-new='{\"font-size\":\"\",\"line-height\":\"\"}'  class=\"title-center bb-top-title ult-responsive\" style=\"font-weight:normal;background:#242424;color:#ffffff;\">Legends<\/h3>\n\t<div class=\"mask opaque-background\" style=\"background:rgba(35,35,35,0.41);\">\n\t\t<div  data-ultimate-target='#interactive-banner-1-wrap-7650 .bb-description'  data-responsive-json-new='{\"font-size\":\"\",\"line-height\":\"\"}'  class=\"bb-description ult-responsive\" style=\"font-weight:normal;color:#ffffff;\"><\/div>\n\t<\/div><a class=\"bb-link\" href=\"https:\/\/visittossa.com\/en\/cultural-heritage\/festivals-traditions-and-legends\/legends\/\" title=\"Legends of Tossa\" ><\/a>\n<\/div><\/div><\/div><\/div><\/div><\/div><\/div><\/div><\/div><\/div><\/section><section class=\"l-section wpb_row height_medium\" id=\"experienciasMd\"><div class=\"l-section-h i-cf\"><div class=\"g-cols vc_row type_default valign_top\"><div class=\"vc_col-sm-12 wpb_column vc_column_container\"><div class=\"vc_column-inner\"><div class=\"wpb_wrapper\"><div class=\"g-cols wpb_row  type_default valign_top vc_inner\"><div class=\"vc_col-sm-4 wpb_column vc_column_container\"><div class=\"vc_column-inner\"><div class=\"wpb_wrapper\">\n<div id=\"interactive-banner-1-wrap-2552\" class=\"ult-banner-block ult-adjust-bottom-margin ult-bb-box  banner-style01 \"   style=\"\">\n\t<img decoding=\"async\" src=\"https:\/\/visittossa.com\/wp-content\/uploads\/2022\/02\/Tossa-a-traves-dels-temps_BOMBOLLA.jpg\" alt=\"La Torre dels moros\">\n\t<h3  data-ultimate-target='#interactive-banner-1-wrap-2552 .bb-top-title '  data-responsive-json-new='{\"font-size\":\"\",\"line-height\":\"\"}'  class=\"title-center bb-top-title ult-responsive\" style=\"font-weight:normal;background:#242424;color:#ffffff;\">Tossa throughout time<\/h3>\n\t<div class=\"mask opaque-background\" style=\"background:rgba(35,35,35,0.41);\">\n\t\t<div  data-ultimate-target='#interactive-banner-1-wrap-2552 .bb-description'  data-responsive-json-new='{\"font-size\":\"\",\"line-height\":\"\"}'  class=\"bb-description ult-responsive\" style=\"font-weight:normal;color:#ffffff;\"><\/div>\n\t<\/div><a class=\"bb-link\" href=\"https:\/\/visittossa.com\/en\/cultural-heritage\/tossa-throughout-time\/\" title=\"Tossa throughout time\" ><\/a>\n<\/div><\/div><\/div><\/div><div class=\"vc_col-sm-4 wpb_column vc_column_container\"><div class=\"vc_column-inner\"><div class=\"wpb_wrapper\">\n<div id=\"interactive-banner-1-wrap-8166\" class=\"ult-banner-block ult-adjust-bottom-margin ult-bb-box  banner-style01 \"   style=\"\">\n\t<img decoding=\"async\" src=\"https:\/\/visittossa.com\/wp-content\/uploads\/2022\/02\/art-i-cultura_BOMBOLLA.jpg\" alt=\"art i cultura Tossa\">\n\t<h3  data-ultimate-target='#interactive-banner-1-wrap-8166 .bb-top-title '  data-responsive-json-new='{\"font-size\":\"\",\"line-height\":\"\"}'  class=\"title-center bb-top-title ult-responsive\" style=\"font-weight:normal;background:#242424;color:#ffffff;\">Art and culture<\/h3>\n\t<div class=\"mask opaque-background\" style=\"background:rgba(35,35,35,0.41);\">\n\t\t<div  data-ultimate-target='#interactive-banner-1-wrap-8166 .bb-description'  data-responsive-json-new='{\"font-size\":\"\",\"line-height\":\"\"}'  class=\"bb-description ult-responsive\" style=\"font-weight:normal;color:#ffffff;\"><\/div>\n\t<\/div><a class=\"bb-link\" href=\"https:\/\/visittossa.com\/en\/cultural-heritage\/art-and-culture\/\" title=\"Art and culture\" ><\/a>\n<\/div><\/div><\/div><\/div><div class=\"vc_col-sm-4 wpb_column vc_column_container\"><div class=\"vc_column-inner\"><div class=\"wpb_wrapper\">\n<div id=\"interactive-banner-1-wrap-5778\" class=\"ult-banner-block ult-adjust-bottom-margin ult-bb-box  banner-style01 \"   style=\"\">\n\t<img decoding=\"async\" src=\"https:\/\/visittossa.com\/wp-content\/uploads\/2022\/03\/Festes-Tossa-BOMBOLLA.jpg\" alt=\"Festes Tossa de Mar\">\n\t<h3  data-ultimate-target='#interactive-banner-1-wrap-5778 .bb-top-title '  data-responsive-json-new='{\"font-size\":\"\",\"line-height\":\"\"}'  class=\"title-center bb-top-title ult-responsive\" style=\"font-weight:normal;background:#242424;color:#ffffff;\">Festivals, traditions and legends<\/h3>\n\t<div class=\"mask opaque-background\" style=\"background:rgba(35,35,35,0.41);\">\n\t\t<div  data-ultimate-target='#interactive-banner-1-wrap-5778 .bb-description'  data-responsive-json-new='{\"font-size\":\"\",\"line-height\":\"\"}'  class=\"bb-description ult-responsive\" style=\"font-weight:normal;color:#ffffff;\"><\/div>\n\t<\/div><a class=\"bb-link\" href=\"https:\/\/visittossa.com\/en\/cultural-heritage\/festivals-traditions-and-legends\/\" title=\"Festivals and traditions\" ><\/a>\n<\/div><\/div><\/div><\/div><\/div><\/div><\/div><\/div><\/div><\/div><\/section>\n","protected":false},"excerpt":{"rendered":"The witches of Vila Vella One of the most popular legends of Tossa is the one called the Witches of the Old Town. Once upon a time there was a fisherman who had a beautiful rowboat docked at the Codolar cove, just behind the Old Town. He was a happy man with his life and...","protected":false},"author":1,"featured_media":0,"parent":5720,"menu_order":0,"comment_status":"closed","ping_status":"closed","template":"","meta":{"_monsterinsights_skip_tracking":false,"_monsterinsights_sitenote_active":false,"_monsterinsights_sitenote_note":"","_monsterinsights_sitenote_category":0,"footnotes":""},"class_list":["post-5718","page","type-page","status-publish","hentry"],"_links":{"self":[{"href":"https:\/\/visittossa.com\/en\/wp-json\/wp\/v2\/pages\/5718","targetHints":{"allow":["GET"]}}],"collection":[{"href":"https:\/\/visittossa.com\/en\/wp-json\/wp\/v2\/pages"}],"about":[{"href":"https:\/\/visittossa.com\/en\/wp-json\/wp\/v2\/types\/page"}],"author":[{"embeddable":true,"href":"https:\/\/visittossa.com\/en\/wp-json\/wp\/v2\/users\/1"}],"replies":[{"embeddable":true,"href":"https:\/\/visittossa.com\/en\/wp-json\/wp\/v2\/comments?post=5718"}],"version-history":[{"count":8,"href":"https:\/\/visittossa.com\/en\/wp-json\/wp\/v2\/pages\/5718\/revisions"}],"predecessor-version":[{"id":9428,"href":"https:\/\/visittossa.com\/en\/wp-json\/wp\/v2\/pages\/5718\/revisions\/9428"}],"up":[{"embeddable":true,"href":"https:\/\/visittossa.com\/en\/wp-json\/wp\/v2\/pages\/5720"}],"wp:attachment":[{"href":"https:\/\/visittossa.com\/en\/wp-json\/wp\/v2\/media?parent=5718"}],"curies":[{"name":"wp","href":"https:\/\/api.w.org\/{rel}","templated":true}]}}