{"id":5587,"date":"2020-10-20T09:41:22","date_gmt":"2020-10-20T09:41:22","guid":{"rendered":"https:\/\/visittossa.com\/com-arribar\/"},"modified":"2022-09-14T11:27:51","modified_gmt":"2022-09-14T11:27:51","slug":"how-to-get-there","status":"publish","type":"page","link":"https:\/\/visittossa.com\/en\/how-to-get-there\/","title":{"rendered":"How to get there"},"content":{"rendered":"<section class=\"l-section wpb_row height_large width_full tossaHd with_img\" id=\"hdMd\"><div class=\"l-section-img\" style=\"background-image: url(https:\/\/visittossa.com\/wp-content\/uploads\/2022\/04\/MOVENTIS-SARFA-TOSSA-DE-MAR.jpg);background-repeat: no-repeat;\" data-img-width=\"1400\" data-img-height=\"765\"><\/div><div class=\"l-section-h i-cf\"><div class=\"g-cols vc_row type_default valign_middle\"><div class=\"vc_col-sm-12 wpb_column vc_column_container\"><div class=\"vc_column-inner\"><div class=\"wpb_wrapper\"><\/div><\/div><\/div><\/div><\/div><\/section><section class=\"l-section wpb_row height_medium\" id=\"arribarMd\"><div class=\"l-section-h i-cf\"><div class=\"g-cols vc_row type_default valign_top\"><div class=\"vc_col-sm-12 wpb_column vc_column_container\"><div class=\"vc_column-inner\"><div class=\"wpb_wrapper\"><div class=\"w-tabs layout_hor style_default switch_click icon_chevron iconpos_right title_atleft\"><div class=\"w-tabs-list hidden items_2\"><div class=\"w-tabs-list-h\"><a class=\"w-tabs-item active\" aria-controls=\"content-1638528698115-18d434f4-c439\" href=\"javascript:void(0);\"><span class=\"w-tabs-item-title\">By land<\/span><\/a><a class=\"w-tabs-item\" aria-controls=\"content-1638528698141-d764aa69-8348\" href=\"javascript:void(0);\"><span class=\"w-tabs-item-title\">By aeroplane<\/span><\/a><\/div><\/div><div class=\"w-tabs-sections\"><div class=\"w-tabs-sections-h\"><div class=\"w-tabs-section active\" id=\"1638528698115-18d434f4-c439\"><button class=\"w-tabs-section-header active\" aria-controls=\"content-1638528698115-18d434f4-c439\"><div class=\"w-tabs-section-header-h\"><div class=\"w-tabs-section-title\">By land<\/div><div class=\"w-tabs-section-control\"><\/div><\/div><\/button><div class=\"w-tabs-section-content\" id=\"content-1638528698115-18d434f4-c439\" aria-expanded=\"true\"><div class=\"w-tabs-section-content-h i-cf\"><div class=\"wpb_text_column ttlMd\" ><div class=\"wpb_wrapper\"><h2 style=\"text-align: left;\"><strong>With your own vehicle<\/strong><\/h2>\n<\/div><\/div><div class=\"wpb_text_column\" ><div class=\"wpb_wrapper\"><p><strong>Coming from the north<\/strong>, exit the AP-7 motorway at the junction 9 to Vidreres, Lloret de Mar and Tossa de Mar or by the N-II national road, exiting in Vidreres, Lloret de Mar.<\/p>\n<p>Then, to get to Tossa, there is the option to continue towards Lloret de Mar and further on to Tossa, or to continue on the road to Sant Feliu de Gu\u00edxols and Platja d\u2019Aro and take the exit to Tossa.<\/p>\n<p><strong>Coming from the south<\/strong>, exit the AP-7 motorway at the junction 9 to Vidreres, Lloret de Mar and Tossa de Mar or by the N-II national road, exit in Vidreres, Lloret de Mar. If you are using the C-32 motorway take the last junction to Blanes Costa Brava. Or if you&#8217;re on the N-II national road, exit in Blanes and then follow the signs to Lloret de Mar and Tossa de Mar.<\/p>\n<\/div><\/div><div class=\"wpb_text_column ttlMd\" ><div class=\"wpb_wrapper\"><h2 style=\"text-align: left;\">Traffic information in Catalonia<\/h2>\n<\/div><\/div><div class=\"wpb_text_column\" ><div class=\"wpb_wrapper\"><p>Tel. 012 (in Catalonia) &#8211; 902 400 012 (from the rest of Spain) &#8211; + 34 902 400 012 (from abroad)<br \/>\n<span class=\"marker\"><a href=\"http:\/\/www.gencat.cat\/transit\" target=\"_blank\" rel=\"noopener\">www.gencat.cat\/transit<\/a><\/span><\/p>\n<\/div><\/div><div class=\"wpb_text_column ttlMd\" ><div class=\"wpb_wrapper\"><h2 style=\"text-align: left;\">Public transport by bus<\/h2>\n<\/div><\/div><div class=\"wpb_text_column\" ><div class=\"wpb_wrapper\"><p><strong>FROM BARCELONA<\/strong><\/p>\n<p><span class=\"marker\"><a href=\"https:\/\/compras.moventis.es\/online\/\" target=\"_blank\" rel=\"noopener\">MOVENTIS SARFA<\/a><\/span>\u00a0&#8211;\u00a0<strong>T.\u00a0902 302 025<\/strong><\/p>\n<p>Departures from Barcelona airport (T1 &amp; T2), from Estaci\u00f3 del Nord (Pl. Ali Bei, 80) and from Ronda St. Pere in summer.<\/p>\n<p><strong>FROM GIRONA<\/strong><\/p>\n<p><span class=\"marker\"><a href=\"https:\/\/compras.moventis.es\/online\/\" target=\"_blank\" rel=\"noopener\">MOVENTIS SARFA<\/a><\/span> (only summer) &#8211; <strong>T. 902 302 025<\/strong><br \/>\nDepartures from bus station, Pl. Espanya, s\/n<\/p>\n<p><span class=\"marker\"><a href=\"https:\/\/www.sagales.com\/en\" target=\"_blank\" rel=\"noopener\">SAGAL\u00c9S<\/a><\/span>, S.L. &#8211;\u00a0<strong>T. +34 902 130 014\u00a0<\/strong><br \/>\nDepartures from Girona bus station, Pl. Espanya, s\/n to Lloret de Mar. Change bus in Lloret de Mar to continue journey to Tossa.<\/p>\n<p><span class=\"marker\"><a href=\"http:\/\/www.teisa-bus.com\/en\/index.html\" target=\"_blank\" rel=\"noopener\">TEISA<\/a><\/span> (from 01\/10 to 30\/06, monday to thursday) &#8211; <strong>T. +34 972 204 868\u00a0<\/strong><br \/>\nDepart from Girona bus station, Pl. Espanya, s\/n to Llagostera. In Llagostera you change into a SARFA bus that continues to Tossa at 07.10 h, 03.35 p.m. &amp; 06.30 p.m.<\/p>\n<p><strong>FROM LLORET DE MAR<\/strong><\/p>\n<p><span class=\"marker\"><a href=\"https:\/\/www.autocarspujol.com\/\" target=\"_blank\" rel=\"noopener\">PUJOL\u00a0<\/a><\/span>&#8211;\u00a0<strong>T. +34 972 364 476\u00a0<\/strong><br \/>\nDepartures from bus station<\/p>\n<p><strong>FROM BLANES<\/strong><\/p>\n<p><span class=\"marker\"><a href=\"https:\/\/www.autocarspujol.com\/\" target=\"_blank\" rel=\"noopener\">PUJOL<\/a><\/span>&#8211;\u00a0<strong>T. +34 972 337 842\u00a0<\/strong><br \/>\nDepartures from bus station (C\/ Llu\u00eds Companys, 32) and from Pla\u00e7a Catalunya to Lloret de Mar.\u00a0 In Lloret de Mar bus station, change into another bus of the same company to arrive to Tossa.<\/p>\n<p>In case of departures from the railway station in Blanes, ask the driver if it is necessary to change bus at Lloret bus station, because some buses continue directly to Tossa but others don&#8217;t.<\/p>\n<\/div><\/div><div class=\"wpb_text_column ttlMd\" ><div class=\"wpb_wrapper\"><h2 style=\"text-align: left;\">By train<\/h2>\n<\/div><\/div><div class=\"wpb_text_column\" ><div class=\"wpb_wrapper\"><p><strong>FROM BARCELONA<\/strong><\/p>\n<p>Take the <span class=\"marker\"><a href=\"https:\/\/www.renfe.com\/es\/en\/suburban\/rodalies-catalunya\" target=\"_blank\" rel=\"noopener\">RENFE\u00a0<\/a> commuter <\/span>train, Line R1, towards Ma\u00e7anet-Massanes or Blanes. Departures from Barcelona Sants Station, Pla\u00e7a de Catalunya, Arc de Triomf and El Clot-Arag\u00f3. You must get off in Blanes and from there continue to Tossa either by bus (<span class=\"marker\"><a href=\"https:\/\/autocarspujol.com\/\" target=\"_blank\" rel=\"noopener\">PUJOL<\/a><\/span>) or taxi.<br \/>\nRENFE information: +34 91 232 03 20<\/p>\n<p><strong>FROM OTHER COUNTRIES<\/strong><\/p>\n<p>High speed trains from France (Paris, Lyon, Toulouse, Marseille) to Girona and Barcelona.<br \/>\nFrench trains until Cerb\u00e8re (France) and from there continue with the Spanish trains, line RG1, to Portbou, Figueres, Girona, Ma\u00e7anet (&amp; direct into Blanes with some trains or changing in Ma\u00e7anet for line R1 to Blanes).\u00a0 Once in Blanes follow instructions of the previous section to get to Tossa by bus.<br \/>\n<span class=\"marker\"><a href=\"https:\/\/www.renfe.com\/es\/en\/suburban\/rodalies-catalunya\" target=\"_blank\" rel=\"noopener\">RENFE <\/a>\u00a0information <\/span>&#8211; Tel. +34 91 232 03 20<\/p>\n<p><strong>FROM ANY CITY IN SPAIN<\/strong><\/p>\n<p>Look for high speed and regional trains having as main destination either Girona or Barcelona and continue from there by bus following the instructions from the previous section.<br \/>\n<span class=\"marker\"><a href=\"https:\/\/www.renfe.com\/es\/en\" target=\"_blank\" rel=\"noopener\">RENFE <\/a>\u00a0information <\/span>&#8211; Tel. +34 91 232 03 20<\/p>\n<\/div><\/div><\/div><\/div><\/div><div class=\"w-tabs-section\" id=\"1638528698141-d764aa69-8348\"><button class=\"w-tabs-section-header\" aria-controls=\"content-1638528698141-d764aa69-8348\"><div class=\"w-tabs-section-header-h\"><div class=\"w-tabs-section-title\">By aeroplane<\/div><div class=\"w-tabs-section-control\"><\/div><\/div><\/button><div class=\"w-tabs-section-content\" id=\"content-1638528698141-d764aa69-8348\" aria-expanded=\"false\"><div class=\"w-tabs-section-content-h i-cf\"><div class=\"wpb_text_column ttlMd\" ><div class=\"wpb_wrapper\"><h2 style=\"text-align: left;\">Josep Tarradellas Barcelona &#8211; El Prat Airport<\/h2>\n<\/div><\/div><div class=\"wpb_text_column\" ><div class=\"wpb_wrapper\"><p><span class=\"marker\"><a href=\"https:\/\/www.aena.es\/en\/josep-tarradellas-barcelona-el-prat.html\" target=\"_blank\" rel=\"noopener\"><strong>JOSEP TARRADELLAS BARCELONA &#8211; EL PRAT AIRPORT<\/strong><\/a><\/span><\/p>\n<p>Location: 16 km. South from Barcelona city on the motorway to Castelldefels and at 107 km. from Tossa de Mar.<br \/>\nInformation: +34 913 211 000<\/p>\n<p><strong>CONNECTIONS WITH TOSSA DE MAR<br \/>\n<\/strong><span class=\"marker\"><b>By bus:<\/b> with\u00a0<a href=\"https:\/\/compras.moventis.es\/online\/\" target=\"_blank\" rel=\"noopener\">MOVENTIS-SARFA<\/a><\/span> company, destination Lloret &amp; Tossa. Departures from the airport, T2 &amp; T1, from the \u201cEstaci\u00f3 del Nord\u201d Barcelona Bus Station, located at Pla\u00e7a d&#8217;Ali Bei, 80, and during the summer, also from\u00a0 Ronda de Sant Pere.<br \/>\nInformation: Tel. +34 902 302 025<\/p>\n<p><strong>By train: <\/strong>from the airport into the railway station of Barcelona-Sants and change train to take the <a href=\"https:\/\/www.renfe.com\/es\/en\/suburban\/rodalies-catalunya\" target=\"_blank\" rel=\"noopener\">RENFE<\/a> commuter line towards Massanet-Massanes or Blanes. Get off the train in Blanes.<br \/>\nOnce you get to Blanes, you have to take either the <span class=\"marker\"><a href=\"https:\/\/autocarspujol.com\/\" target=\"_blank\" rel=\"noopener\">PUJOL<\/a><\/span> bus company going to Lloret de Mar and Tossa de Mar, that stops shortly in Lloret and continues until Tossa de Mar bus station; or a taxi directly into Tossa.<\/p>\n<p><strong>CONNECTIONS WITH BARCELONA CITY<\/strong><br \/>\n<strong>By train<\/strong>: into the stations of Sants, Pla\u00e7a Catalunya, Arc de Triomf and Clot Arag\u00f3.\u00a0 <span class=\"marker\"><a href=\"https:\/\/www.renfe.com\/es\/en\/suburban\/rodalies-catalunya\" target=\"_blank\" rel=\"noopener\">RENFE<\/a> \u00a0information.<\/span><br \/>\n<span class=\"marker\"><a href=\"https:\/\/aerobusbarcelona.es\/?lang=en\" target=\"_blank\" rel=\"noopener\">AEROBUS<\/a><\/span><strong><span class=\"marker\"> bus line:<\/span><\/strong> T2 &amp; T1, into Pla\u00e7a d\u2019Espanya, Gran Via \/ Urgell, Pla\u00e7a Universitat, Pla\u00e7a de Catalunya.<\/p>\n<\/div><\/div><div class=\"wpb_text_column ttlMd\" ><div class=\"wpb_wrapper\"><h2 style=\"text-align: left;\">Girona &#8211; Costa Brava Airport<\/h2>\n<\/div><\/div><div class=\"wpb_text_column\" ><div class=\"wpb_wrapper\"><p><span class=\"marker\"><a href=\"https:\/\/www.aena.es\/en\/girona-costa-brava.html\" target=\"_blank\" rel=\"noopener\"><strong>GIRONA-COSTA BRAVA AIRPORT<\/strong><\/a><strong> \u00a0<\/strong><\/span><\/p>\n<p>Location: near Vilob\u00ed d\u2019Onyar, at 12 km. from Girona city and 38 km. from Tossa de Mar.<br \/>\nTel. +34\u00a091 321 10 00<\/p>\n<p>Airport Tourist Office: Tel. +34 972 942 955<\/p>\n<p><strong>CONNECTIONS WITH TOSSA DE MAR AND SOUTHERN COSTA BRAVA<\/strong><\/p>\n<p><span class=\"marker\"><a href=\"https:\/\/compras.moventis.es\/online\/\" target=\"_blank\" rel=\"noopener\">MOVENTIS SARFA<\/a><\/span><br \/>\nDaily bus from Girona airport to Tossa. Journey time: about 55 min.<br \/>\nInformation: Tel. +34 902 30 20 25<\/p>\n<p><strong>CONNECTIONS WITH GIRONA CITY<\/strong><\/p>\n<p><span class=\"marker\"><a href=\"https:\/\/www.sagalesairportline.com\/en\/timetables-and-lines\/girona\" target=\"_blank\" rel=\"noopener\">SAGAL\u00c9S<\/a><\/span><br \/>\nBus from Girona airport to Girona bus station (Pl. d\u2019Espanya, s\/n).\u00a0 Journey time: about 29 min<br \/>\nInformation: Tel. +34 902 130 014 \/ +34 972 364 072<\/p>\n<\/div><\/div><\/div><\/div><\/div><\/div><\/div><\/div><\/div><\/div><\/div><\/div><\/div><\/section>\n","protected":false},"excerpt":{"rendered":"By landBy aeroplaneBy landWith your own vehicle Coming from the north, exit the AP-7 motorway at the junction 9 to Vidreres, Lloret de Mar and Tossa de Mar or by the N-II national road, exiting in Vidreres, Lloret de Mar. Then, to get to Tossa, there is the option to continue towards Lloret de Mar...","protected":false},"author":1,"featured_media":0,"parent":0,"menu_order":0,"comment_status":"closed","ping_status":"closed","template":"","meta":{"_monsterinsights_skip_tracking":false,"_monsterinsights_sitenote_active":false,"_monsterinsights_sitenote_note":"","_monsterinsights_sitenote_category":0,"footnotes":""},"class_list":["post-5587","page","type-page","status-publish","hentry"],"_links":{"self":[{"href":"https:\/\/visittossa.com\/en\/wp-json\/wp\/v2\/pages\/5587","targetHints":{"allow":["GET"]}}],"collection":[{"href":"https:\/\/visittossa.com\/en\/wp-json\/wp\/v2\/pages"}],"about":[{"href":"https:\/\/visittossa.com\/en\/wp-json\/wp\/v2\/types\/page"}],"author":[{"embeddable":true,"href":"https:\/\/visittossa.com\/en\/wp-json\/wp\/v2\/users\/1"}],"replies":[{"embeddable":true,"href":"https:\/\/visittossa.com\/en\/wp-json\/wp\/v2\/comments?post=5587"}],"version-history":[{"count":20,"href":"https:\/\/visittossa.com\/en\/wp-json\/wp\/v2\/pages\/5587\/revisions"}],"predecessor-version":[{"id":11169,"href":"https:\/\/visittossa.com\/en\/wp-json\/wp\/v2\/pages\/5587\/revisions\/11169"}],"wp:attachment":[{"href":"https:\/\/visittossa.com\/en\/wp-json\/wp\/v2\/media?parent=5587"}],"curies":[{"name":"wp","href":"https:\/\/api.w.org\/{rel}","templated":true}]}}