{"id":4170,"date":"2020-10-20T09:40:12","date_gmt":"2020-10-20T09:40:12","guid":{"rendered":"https:\/\/visittossa.com\/activitats-i-oci\/"},"modified":"2024-02-12T13:29:38","modified_gmt":"2024-02-12T13:29:38","slug":"activities-and-leisure","status":"publish","type":"page","link":"https:\/\/visittossa.com\/en\/activities-and-leisure\/","title":{"rendered":"Leisure activities"},"content":{"rendered":"<section class=\"l-section wpb_row height_large innerHd with_img\" id=\"hdMd\"><div class=\"l-section-img\" style=\"background-image: url(https:\/\/visittossa.com\/wp-content\/uploads\/2020\/12\/IMPRESCINDIBLES_capcalera.jpg);background-repeat: no-repeat;\" data-img-width=\"1500\" data-img-height=\"370\"><\/div><div class=\"l-section-h i-cf\"><div class=\"g-cols vc_row type_default valign_top\"><div class=\"vc_col-sm-12 wpb_column vc_column_container\"><div class=\"vc_column-inner\"><div class=\"wpb_wrapper\"><\/div><\/div><\/div><\/div><\/div><\/section><section class=\"l-section wpb_row height_medium\" id=\"introTxt\"><div class=\"l-section-h i-cf\"><div class=\"g-cols vc_row type_default valign_top\"><div class=\"vc_col-sm-12 wpb_column vc_column_container\"><div class=\"vc_column-inner\"><div class=\"wpb_wrapper\"><div class=\"wpb_text_column ttlMd\" ><div class=\"wpb_wrapper\"><h2 style=\"text-align: center;\">Leisure activities in Tossa de Mar<\/h2>\n<\/div><\/div><div class=\"wpb_text_column txtMd\" ><div class=\"wpb_wrapper\"><p style=\"text-align: center;\">Tossa is a town that knows how to entertain and welcome.<\/p>\n<p style=\"text-align: center;\">We present an active and recreational Tossa which offers you the necessary facilities and services to enjoy a wide range of entertainment activities either on your own, with your partner, friends or family, right here or nearby.<\/p>\n<\/div><\/div><\/div><\/div><\/div><\/div><\/div><\/section><section class=\"l-section wpb_row height_auto\" id=\"srchMd\"><div class=\"l-section-h i-cf\"><div class=\"g-cols vc_row type_default valign_top\"><div class=\"vc_col-sm-12 wpb_column vc_column_container\"><div class=\"vc_column-inner\"><div class=\"wpb_wrapper\"><div class=\"wpb_text_column\" ><div class=\"wpb_wrapper\"><form data-sf-form-id='8802' data-is-rtl='0' data-maintain-state='' data-results-url='https:\/\/visittossa.com\/en\/activities-and-leisure\/' data-ajax-url='https:\/\/visittossa.com\/en\/?sfid=8802&amp;sf_action=get_data&amp;sf_data=results' data-ajax-form-url='https:\/\/visittossa.com\/en\/?sfid=8802&amp;sf_action=get_data&amp;sf_data=form' data-display-result-method='shortcode' data-use-history-api='1' data-template-loaded='0' data-lang-code='en' data-ajax='1' data-ajax-data-type='json' data-ajax-links-selector='.pagination a' data-ajax-target='#search-filter-results-8802' data-ajax-pagination-type='infinite_scroll' data-show-scroll-loader='1' data-infinite-scroll-trigger='-100' data-update-ajax-url='1' data-only-results-ajax='1' data-scroll-to-pos='0' data-init-paged='1' data-auto-update='' action='https:\/\/visittossa.com\/en\/activities-and-leisure\/' method='post' class='searchandfilter' id='search-filter-form-8802' autocomplete='off' data-instance-count='1'><ul><li class=\"sf-field-search\" data-sf-field-name=\"search\" data-sf-field-type=\"search\" data-sf-field-input-type=\"\">\t\t<label><input placeholder=\"Search entertainment\u2026\" name=\"_sf_search[]\" class=\"sf-input-text\" type=\"text\" value=\"\" title=\"\"><\/label>\t\t<\/li><li class=\"sf-field-taxonomy-categories_ocio\" data-sf-field-name=\"_sft_categories_ocio\" data-sf-field-type=\"taxonomy\" data-sf-field-input-type=\"select\">\t\t<label>\n\t\t\t\t<select name=\"_sft_categories_ocio[]\" class=\"sf-input-select\" title=\"\">\n\t\t\t\n\t\t\t\t\t\t<option class=\"sf-level-0 sf-item-0 sf-option-active\" selected=\"selected\" data-sf-count=\"0\" data-sf-depth=\"0\" value=\"\">Kind of entertainment\u2026<\/option>\n\t\t\t\t\t\t<option class=\"sf-level-0 sf-item-375\" data-sf-count=\"1\" data-sf-depth=\"0\" value=\"cinema-en\">Cinema<\/option>\n\t\t\t\t\t\t<option class=\"sf-level-0 sf-item-366\" data-sf-count=\"13\" data-sf-depth=\"0\" value=\"esbarjo-en\">Entertainment<\/option>\n\t\t\t\t\t\t<option class=\"sf-level-1 sf-item-435\" data-sf-count=\"3\" data-sf-depth=\"1\" value=\"excursions-en-barca-en\">&nbsp;&nbsp;&nbsp;Boat excursions<\/option>\n\t\t\t\t\t\t<option class=\"sf-level-1 sf-item-429\" data-sf-count=\"1\" data-sf-depth=\"1\" value=\"bowling-en\">&nbsp;&nbsp;&nbsp;Bowling<\/option>\n\t\t\t\t\t\t<option class=\"sf-level-1 sf-item-438\" data-sf-count=\"4\" data-sf-depth=\"1\" value=\"lloguer-de-boies-i-servei-davaradors-en\">&nbsp;&nbsp;&nbsp;Buoy rental and launching service<\/option>\n\t\t\t\t\t\t<option class=\"sf-level-1 sf-item-545\" data-sf-count=\"1\" data-sf-depth=\"1\" value=\"mini-golf-esbarjo-en\">&nbsp;&nbsp;&nbsp;Mini Golf<\/option>\n\t\t\t\t\t\t<option class=\"sf-level-1 sf-item-539\" data-sf-count=\"2\" data-sf-depth=\"1\" value=\"pedalos\">&nbsp;&nbsp;&nbsp;Pedalos<\/option>\n\t\t\t\t\t\t<option class=\"sf-level-1 sf-item-450\" data-sf-count=\"1\" data-sf-depth=\"1\" value=\"skatepark-en\">&nbsp;&nbsp;&nbsp;Skatepark<\/option>\n\t\t\t\t\t\t<option class=\"sf-level-1 sf-item-432\" data-sf-count=\"2\" data-sf-depth=\"1\" value=\"esqui-bob-en\">&nbsp;&nbsp;&nbsp;Ski-bus<\/option>\n\t\t\t\t\t\t<option class=\"sf-level-1 sf-item-453\" data-sf-count=\"1\" data-sf-depth=\"1\" value=\"snorkel-en\">&nbsp;&nbsp;&nbsp;Snorkeling<\/option>\n\t\t\t\t\t\t<option class=\"sf-level-1 sf-item-456\" data-sf-count=\"1\" data-sf-depth=\"1\" value=\"tour-4x4-en\">&nbsp;&nbsp;&nbsp;Tour 4&#215;4<\/option>\n\t\t\t\t\t\t<option class=\"sf-level-0 sf-item-372\" data-sf-count=\"12\" data-sf-depth=\"0\" value=\"excursions-en\">Excursions<\/option>\n\t\t\t\t\t\t<option class=\"sf-level-1 sf-item-405\" data-sf-count=\"2\" data-sf-depth=\"1\" value=\"excursions-en-barca-altres-embarcacions-en\">&nbsp;&nbsp;&nbsp;Boat excursions in other sorts of boats<\/option>\n\t\t\t\t\t\t<option class=\"sf-level-1 sf-item-402\" data-sf-count=\"1\" data-sf-depth=\"1\" value=\"excursions-en-barca-linies-interurbanes-en\">&nbsp;&nbsp;&nbsp;Boat excursions: intercity lines<\/option>\n\t\t\t\t\t\t<option class=\"sf-level-1 sf-item-399\" data-sf-count=\"1\" data-sf-depth=\"1\" value=\"excursions-en-barca-linies-locals-en\">&nbsp;&nbsp;&nbsp;Boat excursions: local lines<\/option>\n\t\t\t\t\t\t<option class=\"sf-level-1 sf-item-396\" data-sf-count=\"5\" data-sf-depth=\"1\" value=\"excursions-en-cotxe-per-la-provincia-de-girona-en\">&nbsp;&nbsp;&nbsp;Excursions by car in the Girona area<\/option>\n\t\t\t\t\t\t<option class=\"sf-level-1 sf-item-390\" data-sf-count=\"3\" data-sf-depth=\"1\" value=\"visites-guiades-a-tossa-de-mar-en\">&nbsp;&nbsp;&nbsp;Guided excursions in Tossa de Mar<\/option>\n\t\t\t\t\t\t<option class=\"sf-level-1 sf-item-393\" data-sf-count=\"2\" data-sf-depth=\"1\" value=\"excursions-organitzades-en\">&nbsp;&nbsp;&nbsp;Organized excursions<\/option>\n\t\t\t\t\t\t<option class=\"sf-level-0 sf-item-378\" data-sf-count=\"4\" data-sf-depth=\"0\" value=\"oci-nocturn-en\">The night<\/option>\n\t\t\t\t\t\t<option class=\"sf-level-0 sf-item-369\" data-sf-count=\"14\" data-sf-depth=\"0\" value=\"amb-nens-en\">With children<\/option>\n\t\t\t\t\t\t<option class=\"sf-level-1 sf-item-408\" data-sf-count=\"3\" data-sf-depth=\"1\" value=\"activitats-al-mar-en-amb-nens-en\">&nbsp;&nbsp;&nbsp;Activities at sea<\/option>\n\t\t\t\t\t\t<option class=\"sf-level-1 sf-item-417\" data-sf-count=\"2\" data-sf-depth=\"1\" value=\"lloguer-de-bicicletes-en-amb-nens-en\">&nbsp;&nbsp;&nbsp;Bicycle rental<\/option>\n\t\t\t\t\t\t<option class=\"sf-level-1 sf-item-411\" data-sf-count=\"1\" data-sf-depth=\"1\" value=\"bitlles-en\">&nbsp;&nbsp;&nbsp;Bowling<\/option>\n\t\t\t\t\t\t<option class=\"sf-level-1 sf-item-420\" data-sf-count=\"1\" data-sf-depth=\"1\" value=\"parcs-infantils-en-amb-nens-en\">&nbsp;&nbsp;&nbsp;Children playgrounds<\/option>\n\t\t\t\t\t\t<option class=\"sf-level-1 sf-item-423\" data-sf-count=\"1\" data-sf-depth=\"1\" value=\"piscina-coberta-i-pistes-de-padel-en\">&nbsp;&nbsp;&nbsp;Indoor swimming pool and paddle courts<\/option>\n\t\t\t\t\t\t<option class=\"sf-level-1 sf-item-426\" data-sf-count=\"2\" data-sf-depth=\"1\" value=\"parcs-tematics-a-les-rodalies-en-amb-nens-en\">&nbsp;&nbsp;&nbsp;Nearby theme parks<\/option>\n\t\t\t\t\t\t<option class=\"sf-level-1 sf-item-414\" data-sf-count=\"5\" data-sf-depth=\"1\" value=\"gronxadors-en-amb-nens-en\">&nbsp;&nbsp;&nbsp;Swings<\/option>\n\t\t\t\t\t<\/select>\n\t\t<\/label>\t\t<\/li><li class=\"sf-field-submit\" data-sf-field-name=\"submit\" data-sf-field-type=\"submit\" data-sf-field-input-type=\"\"><input type=\"submit\" name=\"_sf_submit\" value=\"Filter results\"><\/li><\/ul><\/form>\n<\/div><\/div><\/div><\/div><\/div><\/div><\/div><\/section><section class=\"l-section wpb_row height_medium\" id=\"rsltMd\"><div class=\"l-section-h i-cf\"><div class=\"g-cols vc_row type_default valign_top\"><div class=\"vc_col-sm-12 wpb_column vc_column_container\"><div class=\"vc_column-inner\"><div class=\"wpb_wrapper\"><div class=\"wpb_text_column\" ><div class=\"wpb_wrapper\"><div class=\"search-filter-results\" id=\"search-filter-results-8802\">\t\n\t\t\t<div class=\"itemRslt\">\n\t\t\t\t\t\t<h6 class=\"ttlRslt\">Abell\u00e1n pastry shop<\/h6>\n\t\t\t<p><p style=\"text-align: center;\"><strong>Av. Ferran Agull\u00f3, 3<\/strong><\/p>\n<p style=\"text-align: center;\">Tel. <a href=\"http:\/\/+34 972 341 183\" target=\"_blank\" rel=\"noopener\">+34 972 341 183<\/a><\/p>\n<\/p>\n\t\t<\/div>\n\t\t\t\t<div class=\"itemRslt\">\n\t\t\t\t\t\t<h6 class=\"ttlRslt\">Atri Cultura i Patrimoni<\/h6>\n\t\t\t<p><p style=\"text-align: center;\"><strong>Comarca de La Selva<\/strong><\/p>\n<p style=\"text-align: center;\">Tel. <a href=\"+34 972 470 735\">+34 972 470 735<\/a><br \/>\n<a href=\"http:\/\/www.experienciesculturals.cat\/visita-cultural-tossa-de-mar-vc13\/\" target=\"_blank\" rel=\"noopener noreferrer\">https:\/\/www.experienciesculturals.cat\/visita-cultural-tossa-de-mar-vc13\/<\/a><\/p>\n<\/p>\n\t\t<\/div>\n\t\t\t\t<div class=\"itemRslt\">\n\t\t\t\t\t\t<h6 class=\"ttlRslt\">Botanical gardens in Lloret and Blanes<\/h6>\n\t\t\t<p><p style=\"text-align: center;\"><strong>Santa Clotilde <\/strong>(Lloret de Mar)<\/p>\n<p style=\"text-align: center;\"><a href=\"https:\/\/patrimoni.lloret.cat\/en\/moll-open-museum-of-lloret\/santa-clotilde-gardens\" target=\"_blank\" rel=\"noopener\">www.patrimoni.lloret.cat<\/a><\/p>\n<p style=\"text-align: center;\"><strong>Mar i Murtra + Pinya de Rosa <\/strong>(Blanes)<\/p>\n<p style=\"text-align: center;\"><a href=\"https:\/\/marimurtra.cat\/en\/\" target=\"_blank\" rel=\"noopener\">www.marimurtra.cat<\/a><\/p>\n<p style=\"text-align: center;\"><a href=\"https:\/\/www.blanescostabrava.cat\/en\/oci\/pinya-de-rosa-tropical-botanical-garden\/\" target=\"_blank\" rel=\"noopener\">www.blanescostabrava.cat<\/a><\/p>\n<\/p>\n\t\t<\/div>\n\t\t\t\t<div class=\"itemRslt\">\n\t\t\t\t\t\t<h6 class=\"ttlRslt\">Brava Aventura<\/h6>\n\t\t\t<p><p style=\"text-align: center;\"><strong>Platja de Llorell (Llevant)<\/strong><\/p>\n<p style=\"text-align: center;\">Tel. <a href=\"http:\/\/+34 872 723 924\" target=\"_blank\" rel=\"noopener\">+34 872 723 924<\/a><br \/>\n<a href=\"https:\/\/www.bravaaventura.com\/\" target=\"_blank\" rel=\"noopener noreferrer\">www.bravaaventura.com<\/a><\/p>\n<\/p>\n\t\t<\/div>\n\t\t\t\t<div class=\"itemRslt\">\n\t\t\t\t\t\t<h6 class=\"ttlRslt\">Catamar\u00e1n Cruise<\/h6>\n\t\t\t<p><p style=\"text-align: center;\"><strong>c\/ Barcelona 7<\/strong><\/p>\n<p style=\"text-align: center;\">Tel.\u00a0<a href=\"tel:+34 629 326 427\">+34 629 326 427<\/a><br \/>\n<a href=\"https:\/\/www.catamarancruise.com\/\" target=\"_blank\" rel=\"noopener noreferrer\">www.catamarancruise.com<\/a><br \/>\n<a href=\"mailto:info@catamarancruise.com\" target=\"_blank\" rel=\"noopener noreferrer\">info@catamarancruise.com<\/a><\/p>\n<\/p>\n\t\t<\/div>\n\t\t\t\t<div class=\"itemRslt\">\n\t\t\t\t\t\t<h6 class=\"ttlRslt\">Club Aire Libre &#8211; Cala Llevad\u00f3<\/h6>\n\t\t\t<p><p style=\"text-align: center;\"><strong>Ctra. Lloret, km.3<\/strong><\/p>\n<p style=\"text-align: center;\">Tel.\u00a0<a href=\"tel:+34 972 341 670\">+34 972 341 670<\/a><br \/>\n<a href=\"https:\/\/www.clubairelibre.com\/\" target=\"_blank\" rel=\"noopener noreferrer\">www.clubairelibre.com<\/a><br \/>\n<a href=\"mailto:info@clubairelibre.com\" target=\"_blank\" rel=\"noopener noreferrer\">info@clubairelibre.com<\/a><\/p>\n<\/p>\n\t\t<\/div>\n\t\t\t\t<div class=\"itemRslt\">\n\t\t\t\t\t\t<h6 class=\"ttlRslt\">Dal\u00ed Triangle<\/h6>\n\t\t\t<p><p style=\"text-align: center;\"><strong>Dal\u00ed Theatre Museum (Figueres), Salvador Dal\u00ed House Portlligat (Cadaqu\u00e9s), Gala Dal\u00ed Castle (P\u00fabol)<\/strong><\/p>\n<p style=\"text-align: center;\"><a href=\"http:\/\/www.salvador-dali.org\">http:\/\/www.salvador-dali.org<\/a><\/p>\n<\/p>\n\t\t<\/div>\n\t\t\t\t<div class=\"itemRslt\">\n\t\t\t\t\t\t<h6 class=\"ttlRslt\">Disco Sivas<\/h6>\n\t\t\t<p><p style=\"text-align: center;\"><strong>c\/ Esgl\u00e9sia, 7<\/strong><\/p>\n<\/p>\n\t\t<\/div>\n\t\t\t\t<div class=\"itemRslt\">\n\t\t\t\t\t\t<h6 class=\"ttlRslt\">Dofi Jet Boats<\/h6>\n\t\t\t<p><p style=\"text-align: center;\"><strong>Tossa de Mar &#8211; Lloret &#8211; Blanes &#8211; Malgrat &#8211; Sta. Susanna &#8211; Pineda &#8211; Calella<\/strong><\/p>\n<p style=\"text-align: center;\">Tel.\u00a0<a href=\"tel:0034628352250\">+34 628 352 250<\/a><br \/>\nTel. <a href=\"tel:0034972352021\">+34 972 352 021<\/a><br \/>\n<a href=\"https:\/\/www.dofijetboats.com\/\" target=\"_blank\" rel=\"noopener noreferrer\">www.dofijetboats.com<\/a><br \/>\n<a href=\"mailto:info@dofijetboats.com\" target=\"_blank\" rel=\"noopener noreferrer\">info@dofijetboats.com<\/a><\/p>\n<\/p>\n\t\t<\/div>\n\t\t\t\t<div class=\"itemRslt\">\n\t\t\t\t\t\t<h6 class=\"ttlRslt\">Fondo de Cristal &#038; Subvision<\/h6>\n\t\t\t<p><p style=\"text-align: center;\"><strong>Platja Gran &#8211; Cala Giverola<\/strong><\/p>\n<p style=\"text-align: center;\">Tel.\u00a0<a href=\"tel:0034972342229\">+34 972 342 229<\/a><br \/>\nTel. <a href=\"tel:0034686381581\">+34 686 381 581<\/a><br \/>\n<a href=\"https:\/\/www.fondocristal.com\/\" target=\"_blank\" rel=\"noopener noreferrer\">www.fondocristal.com<\/a><br \/>\n<a href=\"mailto:fondocristal@hotmail.com\" target=\"_blank\" rel=\"noopener noreferrer\">fondocristaltossa@gmail.com<\/a><\/p>\n<\/p>\n\t\t<\/div>\n\t\t\t\t<div class=\"itemRslt\">\n\t\t\t\t\t\t<h6 class=\"ttlRslt\">Gabriel N\u00e0utic Mar<\/h6>\n\t\t\t<p><p style=\"text-align: center;\"><strong>Platja de la Mar Menuda<\/strong><\/p>\n<p style=\"text-align: center;\">Tel.\u00a0<a href=\"tel:+34 609 022 804\">+34 609 022 804<\/a><br \/>\n<a href=\"http:\/\/www.gabrielnauticmar.cat\/\" target=\"_blank\" rel=\"noopener noreferrer\">http:\/\/www.gabrielnauticmar.cat\/<\/a><br \/>\n<a href=\"mailto:gabrielnadal@hotmail.com\" target=\"_blank\" rel=\"noopener noreferrer\">gabrielnadal@hotmail.com<\/a><\/p>\n<\/p>\n\t\t<\/div>\n\t\t\t\t<div class=\"itemRslt\">\n\t\t\t\t\t\t<h6 class=\"ttlRslt\">Get Active<\/h6>\n\t\t\t<p><p style=\"text-align: center;\"><strong>Platja de Llorell \u2013 Garb\u00ed<\/strong><\/p>\n<p style=\"text-align: center;\">Tel. +34 634 884 500<br \/>\n<a href=\"http:\/\/getactivetossa.com\/ca\/\" target=\"_blank\" rel=\"noopener noreferrer\">http:\/\/getactivetossa.com\/<\/a><br \/>\n<a href=\"mailto:gruposorganizados@gruposorganizados.com\" target=\"_blank\" rel=\"noopener\">gruposorganizados@gruposorganizados.com<\/a><\/p>\n<\/p>\n\t\t<\/div>\n\t\t\t\t<div class=\"itemRslt\">\n\t\t\t\t\t\t<h6 class=\"ttlRslt\">Girona<\/h6>\n\t\t\t<p><p style=\"text-align: center;\"><strong>Jewish medieval quarter, monumental town centre, museums &amp; shopping<\/strong><\/p>\n<p style=\"text-align: center;\"><a href=\"http:\/\/www.girona.cat\/turisme\/\">http:\/\/www.girona.cat\/turisme\/<\/a><\/p>\n<\/p>\n\t\t<\/div>\n\t\t\t\t<div class=\"itemRslt\">\n\t\t\t\t\t\t<h6 class=\"ttlRslt\">Indoor swimming pool &#038; padel courts<\/h6>\n\t\t\t<p><p style=\"text-align: center;\"><strong>Zona esportiva Anna Esteve Llach<\/strong><\/p>\n<p style=\"text-align: center;\">Tel.\u00a0<a href=\"http:\/\/+34%20972%20621%20329\/\">+34 972 621 329<\/a><br \/>\nTel.\u00a0<a href=\"http:\/\/+34%20630%20012%20972\/\">+34 630 012 972<\/a><br \/>\n<a href=\"https:\/\/www.instagram.com\/fitsana_sportstossa?igsh=MXN6aDF2dzBmb3BhMg==\" target=\"_blank\" rel=\"noopener noreferrer\">Instagram Fitsana<\/a><\/p>\n<p>&nbsp;<\/p>\n<\/p>\n\t\t<\/div>\n\t\t\t\t<div class=\"itemRslt\">\n\t\t\t\t\t\t<h6 class=\"ttlRslt\">Jimbo Bikes<\/h6>\n\t\t\t<p><p style=\"text-align: center;\"><strong>Rambla Pau Casals, 12, local 4<\/strong><\/p>\n<p style=\"text-align: center;\">Tel.\u00a0<a href=\"tel:972 343 044\">972 343 044<\/a><br \/>\n<a href=\"https:\/\/www.jimbobikes.com\/\" target=\"_blank\" rel=\"noopener noreferrer\">www.jimbobikes.com<\/a><br \/>\n<a href=\"mailto:info@jimbobikes.com\" target=\"_blank\" rel=\"noopener noreferrer\">info@jimbobikes.com<\/a><\/p>\n<\/p>\n\t\t<\/div>\n\t\t\t\t<div class=\"itemRslt\">\n\t\t\t\t\t\t<h6 class=\"ttlRslt\">Kayaks Nicolau<\/h6>\n\t\t\t<p><p style=\"text-align: center;\"><strong>Platja de la Mar Menuda<\/strong><\/p>\n<p style=\"text-align: center;\">Tel.\u00a0<a href=\"tel:0034972342646\">+34 972 342 646<\/a><br \/>\nTel.\u00a0<a href=\"tel:0034608802485\">+34 608 802 485<\/a><br \/>\n<a href=\"http:\/\/www.kayaksnicolau.cat\/\" target=\"_blank\" rel=\"noopener noreferrer\">http:\/\/www.kayaksnicolau.cat\/<\/a><br \/>\n<a href=\"mailto:gabrielnadal@hotmail.com\" target=\"_blank\" rel=\"noopener noreferrer\">gabrielnadal@hotmail.com<\/a><\/p>\n<\/p>\n\t\t<\/div>\n\t\t\t\t<div class=\"itemRslt\">\n\t\t\t\t\t\t<h6 class=\"ttlRslt\">La Bolera<\/h6>\n\t\t\t<p><p style=\"text-align: center;\"><strong>Francesc Mas i Ros \/ Av. Costa Brava<\/strong><\/p>\n<p style=\"text-align: center;\">Tel.\u00a0<a href=\"tel:+34 972 342 762\">+34 972 342 762<\/a><\/p>\n<\/p>\n\t\t<\/div>\n\t\t\t\t<div class=\"itemRslt\">\n\t\t\t\t\t\t<h6 class=\"ttlRslt\">Mar i Cel<\/h6>\n\t\t\t<p><p style=\"text-align: center;\"><strong>C\/ Estolt, 4<\/strong><\/p>\n<p style=\"text-align: center;\">Tel. <a href=\"http:\/\/+34 655 834 350\" target=\"_blank\" rel=\"noopener\">+34 655 834 350<\/a><\/p>\n<\/p>\n\t\t<\/div>\n\t\t\t\t<div class=\"itemRslt\">\n\t\t\t\t\t\t<h6 class=\"ttlRslt\">Marineland<\/h6>\n\t\t\t<p><p style=\"text-align: center;\"><strong>Road from Palafolls to Malgrat<\/strong><\/p>\n<p style=\"text-align: center;\">Palafolls<\/p>\n<p style=\"text-align: center;\">Tel. <a href=\"http:\/\/+34 937 654 802\">+34 937 654 802<\/a><br \/>\n<a href=\"https:\/\/www.marineland.es\/\" target=\"_blank\" rel=\"noopener noreferrer\">www.marineland.es<\/a><\/p>\n<\/p>\n\t\t<\/div>\n\t\t\t\t<div class=\"itemRslt\">\n\t\t\t\t\t\t<h6 class=\"ttlRslt\">Montserrat Cinema<\/h6>\n\t\t\t<p><p style=\"text-align: center;\"><strong>C\/ Pola, 9<\/strong><\/p>\n<p style=\"text-align: center;\">Tel. <a href=\"http:\/\/+34 972 340 268\" target=\"_blank\" rel=\"noopener\">+34 972 340 268<\/a><\/p>\n<\/p>\n\t\t<\/div>\n\t\t\t\t<div class=\"itemRslt\">\n\t\t\t\t\t\t<h6 class=\"ttlRslt\">N\u00e0utica Tossa<\/h6>\n\t\t\t<p><p style=\"text-align: center;\"><strong>Avda. Ferran Agull\u00f3, 30<\/strong><\/p>\n<p style=\"text-align: center;\">Tel.\u00a0<a href=\"tel:+34 972 342 250\">+34 972 342 250<\/a><br \/>\n<a href=\"https:\/\/www.nauticatossa.com\/\" target=\"_blank\" rel=\"noopener noreferrer\">www.nauticatossa.com<\/a><br \/>\n<a href=\"mailto:info@nauticatossa.com\" target=\"_blank\" rel=\"noopener noreferrer\">info@nauticatossa.com<\/a><\/p>\n<\/p>\n\t\t<\/div>\n\t\t\t\t<div class=\"itemRslt\">\n\t\t\t\t\t\t<h6 class=\"ttlRslt\">Nearest weekly markets<\/h6>\n\t\t\t<p><p class=\"noDpl\" style=\"text-align: center;\"><strong>MON:<\/strong> Blanes \/ <strong>TUE:<\/strong> Lloret \/ <strong>WED:<\/strong> Cass\u00e0 de la Selva \/ <strong>THU:<\/strong> TOSSA DE MAR \/ <strong>FRI:<\/strong> Platja d&#8217;Aro + La Bisbal \/ <strong>SAT:<\/strong> Girona \/ <strong>SUN:<\/strong> Tordera + St. Feliu de Gu\u00edxols<\/p>\n<\/p>\n\t\t<\/div>\n\t\t\t\t<div class=\"itemRslt\">\n\t\t\t\t\t\t<h6 class=\"ttlRslt\">Sant Antoni<\/h6>\n\t\t\t<p><p style=\"text-align: center;\"><strong>C\/ Portal, 9<\/strong><\/p>\n<p style=\"text-align: center;\">Tel. <a href=\"http:\/\/+34 972 343 387\" target=\"_blank\" rel=\"noopener\">+34 972 343 387<\/a><\/p>\n<\/p>\n\t\t<\/div>\n\t\t\t\t<div class=\"itemRslt\">\n\t\t\t\t\t\t<h6 class=\"ttlRslt\">Skatepark<\/h6>\n\t\t\t<p><p style=\"text-align: center;\"><strong>C\/ Llu\u00eds Companys, s\/n<\/strong><\/p>\n<p style=\"text-align: center;\">Tel. <a href=\"http:\/\/+34 608 22 35 55\" target=\"_blank\" rel=\"noopener\">+34 608 22 35 55<\/a><br \/>\n<a href=\"mailto:esports@tossademar.org\" target=\"_blank\" rel=\"noopener noreferrer\">esports@tossademar.org<\/a><\/p>\n<\/p>\n\t\t<\/div>\n\t\t\t\t<div class=\"itemRslt\">\n\t\t\t\t\t\t<h6 class=\"ttlRslt\">Splash Ocean Adventures<\/h6>\n\t\t\t<p><p style=\"text-align: center;\"><strong>Platja Gran<\/strong><\/p>\n<p style=\"text-align: center;\">Tel. 603 772 360<br \/>\n<a href=\"mailto:splashadventures@yahoo.com\" target=\"_blank\" rel=\"noopener noreferrer\">splashadventures@yahoo.com<\/a><\/p>\n<\/p>\n\t\t<\/div>\n\t\t\t\t<div class=\"itemRslt\">\n\t\t\t\t\t\t<h6 class=\"ttlRslt\">Swings Bus station<\/h6>\n\t\t\t<p><p style=\"text-align: center;\"><strong>Behind Bus Parking<\/strong><\/p>\n<\/p>\n\t\t<\/div>\n\t\t\t\t<div class=\"itemRslt\">\n\t\t\t\t\t\t<h6 class=\"ttlRslt\">Swings next to the Main Beach<\/h6>\n\t\t\t<p><p style=\"text-align: center;\"><strong>Av. de la Palma<\/strong><\/p>\n<\/p>\n\t\t<\/div>\n\t\t\t\t<div class=\"itemRslt\">\n\t\t\t\t\t\t<h6 class=\"ttlRslt\">Swings Place de la Conc\u00f2rdia<\/h6>\n\t\t\t<p><p style=\"text-align: center;\"><strong>C\/ V\u00edctor Catal\u00e0<\/strong><\/p>\n<\/p>\n\t\t<\/div>\n\t\t\t\n\n\t<\/div>\n<\/div><\/div><\/div><\/div><\/div><\/div><\/div><\/section>\n","protected":false},"excerpt":{"rendered":"C\/ V\u00edctor Catal\u00e0","protected":false},"author":1,"featured_media":0,"parent":0,"menu_order":0,"comment_status":"closed","ping_status":"closed","template":"","meta":{"_monsterinsights_skip_tracking":false,"_monsterinsights_sitenote_active":false,"_monsterinsights_sitenote_note":"","_monsterinsights_sitenote_category":0,"footnotes":""},"class_list":["post-4170","page","type-page","status-publish","hentry"],"_links":{"self":[{"href":"https:\/\/visittossa.com\/en\/wp-json\/wp\/v2\/pages\/4170","targetHints":{"allow":["GET"]}}],"collection":[{"href":"https:\/\/visittossa.com\/en\/wp-json\/wp\/v2\/pages"}],"about":[{"href":"https:\/\/visittossa.com\/en\/wp-json\/wp\/v2\/types\/page"}],"author":[{"embeddable":true,"href":"https:\/\/visittossa.com\/en\/wp-json\/wp\/v2\/users\/1"}],"replies":[{"embeddable":true,"href":"https:\/\/visittossa.com\/en\/wp-json\/wp\/v2\/comments?post=4170"}],"version-history":[{"count":10,"href":"https:\/\/visittossa.com\/en\/wp-json\/wp\/v2\/pages\/4170\/revisions"}],"predecessor-version":[{"id":14039,"href":"https:\/\/visittossa.com\/en\/wp-json\/wp\/v2\/pages\/4170\/revisions\/14039"}],"wp:attachment":[{"href":"https:\/\/visittossa.com\/en\/wp-json\/wp\/v2\/media?parent=4170"}],"curies":[{"name":"wp","href":"https:\/\/api.w.org\/{rel}","templated":true}]}}